{"id":65,"date":"2025-07-02T11:50:03","date_gmt":"2025-07-02T09:50:03","guid":{"rendered":"https:\/\/marinabadalona.cat\/activitats\/?page_id=65"},"modified":"2025-10-29T13:28:21","modified_gmt":"2025-10-29T12:28:21","slug":"quetx","status":"publish","type":"page","link":"https:\/\/marinabadalona.cat\/activitats\/es\/","title":{"rendered":"Quetx"},"content":{"rendered":"<div class=\"wpb-content-wrapper\"><p>[vc_row top_padding=\u00bb100&#8243; bottom_padding=\u00bb80&#8243; bg_position=\u00bbleft top\u00bb][vc_column width=\u00bb1\/1&#8243;]<h1 class=\"headline font-special fontsize-xxl fontweight-500 lh-inherit align-center transform-inherit \" style=\"margin: 0 0 20px 0;\"><b>QUETX CIUTAT BADALONA EXPERIENCIAS \u00daNICAS <\/b><br \/>\n<strong>A BORDO DE UNA EMBARCACI\u00d3N CENTENARIA<\/strong><\/h1><div class=\"headline font-special fontsize-l fontweight-400 lh-inherit align-center transform-inherit no-trasnform\" style=\"margin: 0 0 15px 0;\">NAVEGA POR LA MA\u00d1ANA Y DESCUBRE LA CIUDAD DESDE EL MAR, EMB\u00c1RCATE AL ATARDECER, VIVE UNA AVENTURA PIRATA O ELIGE CONOCER LAS AVES MARINAS. SIEMPRE ACERTAR\u00c1S.<\/div>[\/vc_column][\/vc_row][vc_row top_padding=\u00bb40&#8243; bottom_padding=\u00bb40&#8243;][vc_column width=\u00bb1\/2&#8243;][\/vc_column][vc_column width=\u00bb1\/2&#8243;][\/vc_column][\/vc_row][vc_row bg_color=\u00bb#1cbac8&#8243; text_color=\u00bblight\u00bb top_padding=\u00bb100&#8243; bottom_padding=\u00bb100&#8243; bg_position=\u00bbleft top\u00bb][vc_column width=\u00bb1\/3&#8243;]<div class=\"iconbox  wpb_content_element iconbox-style-2 icon-color-greyscale color-dark clearfix\"><div class=\"iconbox-icon\"><i class=\"fa sl-tag boxicon\" style=\"\"><\/i><\/div><div class=\"iconbox-content\"><h3>DESCUENTOS DE 10%<\/h3><p>10% de descuento sobre el precio final para las personas socias de la Asociaci\u00f3n de Amigos del Quetx Ciudad Badalona<\/p><\/div><\/div>[\/vc_column][vc_column width=\u00bb1\/3&#8243;]<div class=\"iconbox  wpb_content_element iconbox-style-2 icon-color-greyscale color-dark clearfix\"><div class=\"iconbox-icon\"><i class=\"fa sl-wallet boxicon\" style=\"\"><\/i><\/div><div class=\"iconbox-content\"><h3>DESCUENTOS CARNE JOVE<\/h3><p>10% de descuento sobre el precio final a los titulares del Carnet Jovn de Badalona<\/p><\/div><\/div>[\/vc_column][vc_column width=\u00bb1\/3&#8243;]<div class=\"iconbox  wpb_content_element iconbox-style-2 icon-color-greyscale color-dark clearfix\"><div class=\"iconbox-icon\"><i class=\"fa sl-bag boxicon\" style=\"\"><\/i><\/div><div class=\"iconbox-content\"><h3>DESCUENTOS 10% HOSTAJES<\/h3><p>10% de descuento sobre el precio final para personas alojadas en el hotel Marina Sall\u00e8s<\/p><\/div><\/div>[\/vc_column][\/vc_row][vc_row top_padding=\u00bb100&#8243; bottom_padding=\u00bb80&#8243;][vc_column width=\u00bb1\/1&#8243;]<h1 class=\"headline font-special fontsize-xxl fontweight-500 lh-inherit align-center transform-inherit no-transform\" style=\"margin: 0 0 20px 0; color: #222222;\">QUETX CIUDAD BADALONA<\/h1><div class=\"headline font-special fontsize-l fontweight-400 lh-inherit align-center transform-inherit no-transform\" style=\"margin: 0 15%;\">LA EMBARCACI\u00d3N CL\u00c1SICA DE 1929 FUNCIONA COMO ESCUELA DE NAVEGACI\u00d3N TRADICIONAL Y ES S\u00cdMBOLO DE LA CIUDAD<\/div>[\/vc_column][\/vc_row][vc_row type=\u00bbfull_width_section\u00bb][vc_column width=\u00bb1\/1&#8243;]<div class=\"divider divider1\" style='margin:0 !important;'><\/div>[\/vc_column][\/vc_row][vc_row type=\u00bbfull_width_section\u00bb][vc_column bg_color=\u00bb#f9f9f9&#8243; column_padding=\u00bbpadding-7&#8243; width=\u00bb1\/2&#8243;]<h1 class=\"headline font-special fontsize-m fontweight-500 lh-inherit align-left transform-uppercase \" style=\"margin: 0 0 0 0;\">NAVEGA POR LA COSTA DE BARCELONA<\/h1><div class=\"divider divider5\" style='margin:10px 0 25px 0 !important;'><\/div>[vc_column_text]<\/p>\n<p style=\"text-align: justify;\">La embarcaci\u00f3n Ciudad Badalona es un\u00a0quetx\u00a0cl\u00e1sico construido en 1929 en los astilleros de Dinamarca que inicia su trayectoria con actividades de comercio local de minerales, grano y otros productos de primera necesidad. Buque de comercio y cabotaje originario del B\u00e1ltico, en la d\u00e9cada de los 70, despu\u00e9s de estar algunos a\u00f1os en seco, inicia su traves\u00eda hacia las Antillas. Uno de los secretos de su larga vida es que fue construido con la mejor madera y con buenos materiales, contrariamente a lo que se podr\u00eda imaginar dado su a\u00f1o de nacimiento, en una \u00e9poca de recesi\u00f3n.<\/p>\n<p style=\"text-align: justify;\">El a\u00f1o 2006 fue adquirido por Marina de Badalona con el objetivo de recuperarlo como s\u00edmbolo de la ciudad all\u00e1 donde vaya. La primera gesti\u00f3n consisti\u00f3 en cambiarle el nombre (el \u00faltimo nombre) de\u00a0Johanne\u00a0Regina por el de Ciudad Badalona. El proceso de recuperaci\u00f3n fue integral y complejo, y en septiembre de 2011 ya estaba a punto para izar velas.<\/p>\n<p>[\/vc_column_text][\/vc_column][vc_column bg_image=\u00bb76&#8243; column_padding=\u00bbpadding-5&#8243; column_center=\u00bbtrue\u00bb width=\u00bb1\/2&#8243;]<div class=\"spacer\" style=\"height: 250px;\"><\/div>[\/vc_column][\/vc_row][vc_row type=\u00bbfull_width_section\u00bb bg_color=\u00bb#f8f8f8&#8243;][vc_column bg_image=\u00bb77&#8243; column_padding=\u00bbpadding-5&#8243; column_center=\u00bbtrue\u00bb width=\u00bb1\/2&#8243;]<div class=\"spacer\" style=\"height: 250px;\"><\/div>[\/vc_column][vc_column bg_color=\u00bb#5e5e5e\u00bb column_padding=\u00bbpadding-7&#8243; text_color=\u00bblight\u00bb width=\u00bb1\/2&#8243;][vc_column_text]<\/p>\n<p style=\"text-align: justify;\">La embarcaci\u00f3n est\u00e1 destinada a ser un s\u00edmbolo de la ciudad en los puertos en los que se desplace y ser n\u00facleo de m\u00faltiples actividades deportivas, l\u00fadicas y culturales. De entre los proyectos que se est\u00e1n dise\u00f1ando est\u00e1 el de crear una escuela de vela tradicional, con el dinamismo de una embarcaci\u00f3n totalmente renovada y la recuperaci\u00f3n de los valores del trabajo en equipo, la cooperaci\u00f3n y tambi\u00e9n el reto personal de este tipo de navegaci\u00f3n.<\/p>\n<p style=\"text-align: justify;\">Tambi\u00e9n en\u00a0ofertar\u00a0salidas l\u00fadicas naturalistas como la observaci\u00f3n de aves, la observaci\u00f3n de la migraci\u00f3n de ballenas\u2026 Y tambi\u00e9n culturales, como la observaci\u00f3n del skyline de la costa de esta parte del litoral y especialmente el de la ciudad, las rutas comerciales, las incursiones piratas y la creaci\u00f3n de la ciudad\u2026 Las visitas de escolares tambi\u00e9n est\u00e1n planificadas. Y, sin duda, es un lugar excelente para celebraciones, por\u00a0realizar\u00a0ch\u00e1rters de fin de semana o de larga estancia, puede participar en regatas de cl\u00e1sicos\u2026 Hay muchas posibilidades.<\/p>\n<p style=\"text-align: justify;\">Marina de Badalona no podr\u00eda poner al servicio de su ciudad la embarcaci\u00f3n sin la complicidad y la coordinaci\u00f3n con la Asociaci\u00f3n de Amigos del Quetx Ciudad Badalona, clave en la aportaci\u00f3n de tripulaci\u00f3n voluntaria para realizar las traves\u00edas, con el liderazgo de Marcel\u00a0Mongay, y encargada del mantenimiento y asesoramiento t\u00e9cnico.<\/p>\n<p>[\/vc_column_text][\/vc_column][\/vc_row][vc_row type=\u00bbfull_width_section\u00bb bg_color=\u00bb#f8f8f8&#8243;][vc_column bg_color=\u00bb#f9f9f9&#8243; column_padding=\u00bbpadding-7&#8243; width=\u00bb1\/2&#8243;][vc_column_text]<\/p>\n<p style=\"text-align: justify;\">El Ciudad Badalona vuelve a navegar para representar a una ciudad marinera que recoge el testigo de la tradici\u00f3n mirando con garant\u00eda al futuro desde su puerto urbano, punto desde el que aglutinar a todas las personas con trayectoria marina y base desde la que acercar a nuevos navegantes. Y las salidas programadas en esta nueva trayectoria son:<\/p>\n<p style=\"text-align: justify;\"><strong>Informaci\u00f3n sobre la Asociaci\u00f3n de los Amigos del\u00a0Quetx\u00a0Ciudad Badalona<br \/>\n<\/strong>Un grupo de personas de Badalona aficionadas a la n\u00e1utica y en particular a la navegaci\u00f3n a vela, impulsados y asesorados por Marcel Mongay, se ha propuesto la tarea de promover la recuperaci\u00f3n, conservaci\u00f3n y puesta al servicio para toda la ciudad de la utilizaci\u00f3n de la nave, patrimonio de Badalona, tanto para finalidades culturales como deportivas.<\/p>\n<p style=\"text-align: left;\">Si quiere m\u00e1s informaci\u00f3n sobre esta Asociaci\u00f3n, contacto con <a href=\"http:\/\/www.amicsquetxciutatbadalona.cat\/\">www.amicsquetxciutatbadalona.cat<\/a> Y pueden formalizar su afiliaci\u00f3n con la Asociaci\u00f3n antes de adquirir las entradas y as\u00ed empezar a\u00a0aplicar\u00a0los descuentos.<\/p>\n<p>[\/vc_column_text]<div class=\"single_image wpb_content_element align-left    \" data-animation=\"none\" data-delay=\"0\"><\/div>[\/vc_column][vc_column bg_image=\u00bb78&#8243; column_padding=\u00bbpadding-5&#8243; column_center=\u00bbtrue\u00bb width=\u00bb1\/2&#8243;]<div class=\"spacer\" style=\"height: 250px;\"><\/div>[\/vc_column][\/vc_row][vc_row type=\u00bbfull_width_section\u00bb][vc_column width=\u00bb1\/3&#8243;]<div class=\"single_image wpb_content_element align-left    \" data-animation=\"none\" data-delay=\"0\"><a href=\"https:\/\/marinabadalona.cat\/activitats\/wp-content\/uploads\/2025\/07\/Marina-badalona-quetx-barco-tradicional-dortoka.jpg\" class=\"prettyPhoto\" rel=\"prettyPhoto[image]\"><\/a><\/div>[\/vc_column][vc_column width=\u00bb1\/3&#8243;]<div class=\"single_image wpb_content_element align-left    \" data-animation=\"none\" data-delay=\"0\"><a href=\"https:\/\/marinabadalona.cat\/activitats\/wp-content\/uploads\/2025\/07\/quetx-marinabadalona-amics-dortoka.jpg\" class=\"prettyPhoto\" rel=\"prettyPhoto[image]\"><\/a><\/div>[\/vc_column][vc_column width=\u00bb1\/3&#8243;]<div class=\"single_image wpb_content_element align-left    \" data-animation=\"none\" data-delay=\"0\"><a href=\"https:\/\/marinabadalona.cat\/activitats\/wp-content\/uploads\/2025\/07\/Marina-badalona-quetx-barco-tradicional-detalle-dortoka.jpg\" class=\"prettyPhoto\" rel=\"prettyPhoto[image]\"><\/a><\/div>[\/vc_column][\/vc_row]<\/p>\n<\/div>","protected":false},"excerpt":{"rendered":"<p>[vc_row top_padding=\u00bb100&#8243; bottom_padding=\u00bb80&#8243; bg_position=\u00bbleft top\u00bb][vc_column width=\u00bb1\/1&#8243;][\/vc_column][\/vc_row][vc_row top_padding=\u00bb40&#8243; bottom_padding=\u00bb40&#8243;][vc_column width=\u00bb1\/2&#8243;][\/vc_column][vc_column width=\u00bb1\/2&#8243;][\/vc_column][\/vc_row][vc_row bg_color=\u00bb#1cbac8&#8243; text_color=\u00bblight\u00bb top_padding=\u00bb100&#8243; bottom_padding=\u00bb100&#8243; bg_position=\u00bbleft top\u00bb][vc_column width=\u00bb1\/3&#8243;][\/vc_column][vc_column width=\u00bb1\/3&#8243;][\/vc_column][vc_column width=\u00bb1\/3&#8243;][\/vc_column][\/vc_row][vc_row top_padding=\u00bb100&#8243; bottom_padding=\u00bb80&#8243;][vc_column width=\u00bb1\/1&#8243;][\/vc_column][\/vc_row][vc_row type=\u00bbfull_width_section\u00bb][vc_column width=\u00bb1\/1&#8243;][\/vc_column][\/vc_row][vc_row type=\u00bbfull_width_section\u00bb][vc_column bg_color=\u00bb#f9f9f9&#8243; column_padding=\u00bbpadding-7&#8243; width=\u00bb1\/2&#8243;][vc_column_text] La embarcaci\u00f3n Ciudad Badalona es un\u00a0quetx\u00a0cl\u00e1sico construido en 1929 en los astilleros de Dinamarca que inicia su trayectoria con actividades de comercio local de minerales, grano y otros productos de primera necesidad. Buque de comercio y cabotaje originario del B\u00e1ltico, en la d\u00e9cada de los 70, despu\u00e9s de estar algunos a\u00f1os en seco, inicia su traves\u00eda hacia las Antillas. Uno de los secretos de su larga vida es que fue construido con la mejor madera y con buenos materiales, contrariamente a lo que se podr\u00eda imaginar dado su a\u00f1o de nacimiento, en una \u00e9poca de recesi\u00f3n. El a\u00f1o 2006 fue adquirido por Marina de Badalona con el objetivo de recuperarlo como s\u00edmbolo de la ciudad all\u00e1 donde vaya. La primera gesti\u00f3n consisti\u00f3 en cambiarle el nombre (el \u00faltimo nombre) de\u00a0Johanne\u00a0Regina por el de Ciudad Badalona. El proceso de recuperaci\u00f3n fue integral y complejo, y en septiembre de 2011 ya estaba a punto para izar velas. [\/vc_column_text][\/vc_column][vc_column bg_image=\u00bb76&#8243; column_padding=\u00bbpadding-5&#8243; column_center=\u00bbtrue\u00bb width=\u00bb1\/2&#8243;][\/vc_column][\/vc_row][vc_row type=\u00bbfull_width_section\u00bb bg_color=\u00bb#f8f8f8&#8243;][vc_column bg_image=\u00bb77&#8243; column_padding=\u00bbpadding-5&#8243; column_center=\u00bbtrue\u00bb width=\u00bb1\/2&#8243;][\/vc_column][vc_column bg_color=\u00bb#5e5e5e\u00bb column_padding=\u00bbpadding-7&#8243; text_color=\u00bblight\u00bb width=\u00bb1\/2&#8243;][vc_column_text] La embarcaci\u00f3n [&hellip;]<\/p>\n","protected":false},"author":1,"featured_media":0,"parent":0,"menu_order":0,"comment_status":"closed","ping_status":"closed","template":"","meta":{"footnotes":""},"class_list":["post-65","page","type-page","status-publish","hentry"],"jetpack_sharing_enabled":true,"_links":{"self":[{"href":"https:\/\/marinabadalona.cat\/activitats\/wp-json\/wp\/v2\/pages\/65","targetHints":{"allow":["GET"]}}],"collection":[{"href":"https:\/\/marinabadalona.cat\/activitats\/wp-json\/wp\/v2\/pages"}],"about":[{"href":"https:\/\/marinabadalona.cat\/activitats\/wp-json\/wp\/v2\/types\/page"}],"author":[{"embeddable":true,"href":"https:\/\/marinabadalona.cat\/activitats\/wp-json\/wp\/v2\/users\/1"}],"replies":[{"embeddable":true,"href":"https:\/\/marinabadalona.cat\/activitats\/wp-json\/wp\/v2\/comments?post=65"}],"version-history":[{"count":27,"href":"https:\/\/marinabadalona.cat\/activitats\/wp-json\/wp\/v2\/pages\/65\/revisions"}],"predecessor-version":[{"id":222,"href":"https:\/\/marinabadalona.cat\/activitats\/wp-json\/wp\/v2\/pages\/65\/revisions\/222"}],"wp:attachment":[{"href":"https:\/\/marinabadalona.cat\/activitats\/wp-json\/wp\/v2\/media?parent=65"}],"curies":[{"name":"wp","href":"https:\/\/api.w.org\/{rel}","templated":true}]}}