{"id":85,"date":"2025-07-02T12:27:38","date_gmt":"2025-07-02T10:27:38","guid":{"rendered":"https:\/\/marinabadalona.cat\/activitats\/quetx-catala\/"},"modified":"2025-10-29T13:27:28","modified_gmt":"2025-10-29T12:27:28","slug":"quetx-catala","status":"publish","type":"page","link":"https:\/\/marinabadalona.cat\/activitats\/ca\/","title":{"rendered":"Quetx &#8211; Catal\u00e0"},"content":{"rendered":"<div class=\"wpb-content-wrapper\"><p>[vc_row top_padding=\u00bb100&#8243; bottom_padding=\u00bb80&#8243; bg_position=\u00bbleft top\u00bb][vc_column width=\u00bb1\/1&#8243;]<h1 class=\"headline font-special fontsize-xxl fontweight-500 lh-inherit align-center transform-inherit \" style=\"margin: 0 0 20px 0;\"><b>QUETX CIUTAT BADALONA EXPERI\u00c8NCIES \u00daNIQUES <\/b><br \/>\n<strong>A BORD D&#8217;UNA EMBARCACI\u00d3 CENTEN\u00c0RIA<\/strong> <\/h1><div class=\"headline font-special fontsize-l fontweight-400 lh-inherit align-center transform-inherit no-trasnform\" style=\"margin: 0 0 15px 0;\">NAVEGA AL MAT\u00cd I DESCOBREIX LA CIUTAT DES DEL MAR, EMBARCA&#8217;T A LA POSTA DE SOL, VIU UNA AVENTURA PIRATA O TRIA CON\u00c8IXER LES AUS MARINES. SEMPRE ENCERTAR\u00c0S.<\/div>[\/vc_column][\/vc_row][vc_row top_padding=\u00bb40&#8243; bottom_padding=\u00bb40&#8243;][vc_column width=\u00bb1\/2&#8243;][\/vc_column][vc_column width=\u00bb1\/2&#8243;][\/vc_column][\/vc_row][vc_row bg_color=\u00bb#1cbac8&#8243; text_color=\u00bblight\u00bb top_padding=\u00bb100&#8243; bottom_padding=\u00bb100&#8243; bg_position=\u00bbleft top\u00bb][vc_column width=\u00bb1\/3&#8243;]<div class=\"iconbox  wpb_content_element iconbox-style-2 icon-color-greyscale color-dark clearfix\"><div class=\"iconbox-icon\"><i class=\"fa sl-tag boxicon\" style=\"\"><\/i><\/div><div class=\"iconbox-content\"><h3>DESCOMPTES DE 10%<\/h3><p>10% preu final a les persones socies de l\u2019Associaci\u00f3 d\u2019Amics del Quetx Ciutat Badalona<\/p><\/div><\/div>[\/vc_column][vc_column width=\u00bb1\/3&#8243;]<div class=\"iconbox  wpb_content_element iconbox-style-2 icon-color-greyscale color-dark clearfix\"><div class=\"iconbox-icon\"><i class=\"fa sl-wallet boxicon\" style=\"\"><\/i><\/div><div class=\"iconbox-content\"><h3>DESCOMPTES CARNE JOVE<\/h3><p>10% preu final als titulars del Carnet Jove de Badalona<\/p><\/div><\/div>[\/vc_column][vc_column width=\u00bb1\/3&#8243;]<div class=\"iconbox  wpb_content_element iconbox-style-2 icon-color-greyscale color-dark clearfix\"><div class=\"iconbox-icon\"><i class=\"fa sl-bag boxicon\" style=\"\"><\/i><\/div><div class=\"iconbox-content\"><h3>DESCOMPTES 10% HOSTATJES<\/h3><p>10% preu final persones hostatjades en l\u2019hotel Marina Sall\u00e8s<\/p><\/div><\/div>[\/vc_column][\/vc_row][vc_row top_padding=\u00bb100&#8243; bottom_padding=\u00bb80&#8243;][vc_column width=\u00bb1\/1&#8243;]<h1 class=\"headline font-special fontsize-xxl fontweight-500 lh-inherit align-center transform-inherit no-transform\" style=\"margin: 0 0 20px 0; color: #222222;\">QUETX CIUTAT BADALONA<\/h1><div class=\"headline font-special fontsize-l fontweight-400 lh-inherit align-center transform-inherit no-transform\" style=\"margin: 0 15%;\">L\u2019EMBARCACI\u00d3 CL\u00c0SSICA DE 1929 FUNCIONA COM A ESCOLA DE NAVEGACI\u00d3 TRADICIONAL I \u00c9S S\u00cdMBOL DE LA CIUTAT<\/div>[\/vc_column][\/vc_row][vc_row type=\u00bbfull_width_section\u00bb][vc_column width=\u00bb1\/1&#8243;]<div class=\"divider divider1\" style='margin:0 !important;'><\/div>[\/vc_column][\/vc_row][vc_row type=\u00bbfull_width_section\u00bb][vc_column bg_color=\u00bb#f9f9f9&#8243; column_padding=\u00bbpadding-7&#8243; width=\u00bb1\/2&#8243;]<h1 class=\"headline font-special fontsize-m fontweight-500 lh-inherit align-left transform-uppercase \" style=\"margin: 0 0 0 0;\">NAVEGA PER LA COSTA DE BARCELONA<\/h1><div class=\"divider divider5\" style='margin:10px 0 25px 0 !important;'><\/div>[vc_column_text]<\/p>\n<p style=\"text-align: justify;\">L&#8217;embarcaci\u00f3\u00a0Ciutat Badalona\u00a0\u00e9s un quetx cl\u00e0ssic bastit l&#8217;any 1929 en les drassanes de Dinamarca que inicia la seva traject\u00f2ria amb activitats de comer\u00e7 local de minerals, gra i altres productes de primera necessitat. Buc de comer\u00e7 i cabotatge originari del B\u00e0ltic, en la d\u00e8cada dels 70, despr\u00e9s d&#8217;estar alguns anys en sec, inicia la seva travessa cap a les Antilles. Un dels secrets de la seva llarga vida \u00e9s que va ser constru\u00eft amb la millor fusta i amb bons materials, contr\u00e0riament al que es podria desprendre del seu any de neixement, en una \u00e8poca de recessi\u00f3.<\/p>\n<p style=\"text-align: justify;\">L&#8217;any 2006 va ser adquirit per Marina de Badalona amb l&#8217;objectiu de recuperar-lo com s\u00edmbol de la ciutat arreu on hi vagi. La primera gesti\u00f3 va consistir en canviar-li el nom (el darrer nom) de Johanne Regina pel de\u00a0Ciutat Badalona. El proc\u00e9s de recuperaci\u00f3 ha estat integral i complex, i al setembre de 2011 ja est\u00e0 a punt per a hissar veles.<\/p>\n<p>[\/vc_column_text][\/vc_column][vc_column bg_image=\u00bb76&#8243; column_padding=\u00bbpadding-5&#8243; column_center=\u00bbtrue\u00bb width=\u00bb1\/2&#8243;]<div class=\"spacer\" style=\"height: 250px;\"><\/div>[\/vc_column][\/vc_row][vc_row type=\u00bbfull_width_section\u00bb bg_color=\u00bb#f8f8f8&#8243;][vc_column bg_image=\u00bb77&#8243; column_padding=\u00bbpadding-5&#8243; column_center=\u00bbtrue\u00bb width=\u00bb1\/2&#8243;]<div class=\"spacer\" style=\"height: 250px;\"><\/div>[\/vc_column][vc_column bg_color=\u00bb#5e5e5e\u00bb column_padding=\u00bbpadding-7&#8243; text_color=\u00bblight\u00bb width=\u00bb1\/2&#8243;][vc_column_text]<\/p>\n<p style=\"text-align: justify;\">L&#8217;embarcaci\u00f3 est\u00e0 cridada a esdevenir un s\u00edmbol de la ciutat en els ports en els que es desplaci i \u00e9sser nucli de m\u00faltiples activitats esportives, l\u00fadiques i culturals. D&#8217;entre els projectes que s&#8217;estan dissenyant est\u00e0 el de crear una\u00a0escola de vela tradicional, amb el dinamisme d&#8217;una embarcaci\u00f3 totalment renovada i la recuperaci\u00f3 dels valors de la feina en equip, la cooperaci\u00f3 i tamb\u00e9 el repte personal d&#8217;aquest tipus de navegaci\u00f3.<\/p>\n<p style=\"text-align: justify;\">Tamb\u00e9 en ofertar sortides l\u00fadiques naturalistes\u00a0com\u00a0l&#8217;observaci\u00f3 d&#8217;aus,\u00a0l&#8217;observaci\u00f3 de la migraci\u00f3 de balenes&#8230; I tamb\u00e9 culturals, com\u00a0l&#8217;observaci\u00f3 de l&#8217;sky line de la costa d&#8217;aquesta part del litoral i especialment el de la ciutat, les\u00a0rutes comercials, les incursions pirates i la creaci\u00f3 de la ciutat\u00a0, \u2026 Les\u00a0visites d&#8217;escolars\u00a0tamb\u00e9 estan planificades. I, sens dubte, \u00e9s un lloc excel.lent per a\u00a0celebracions, per ofertar\u00a0x\u00e0rters de cap de setmana\u00a0o de m\u00e9s llarga estada, pot participar de\u00a0regates de cl\u00e0ssics,\u2026 Hi ha moltes possibilitats.<\/p>\n<p style=\"text-align: justify;\">Marina de Badalona no podria posar al servei de la seva ciutat l\u2019embarcaci\u00f3 sense la complicitat i la coordinaci\u00f3 amb\u00a0l\u2019Associaci\u00f3 d\u2019Amics del Quetx Ciutat Badalona, clau en l\u2019aportaci\u00f3 de tripulaci\u00f3 volunt\u00e0ria per realitzar les travessies, amb el lideratge de\u00a0Marcel Mongay, i encarregada del manteniment i assessorament t\u00e8cnic.<\/p>\n<p>[\/vc_column_text][\/vc_column][\/vc_row][vc_row type=\u00bbfull_width_section\u00bb bg_color=\u00bb#f8f8f8&#8243;][vc_column bg_color=\u00bb#f9f9f9&#8243; column_padding=\u00bbpadding-7&#8243; width=\u00bb1\/2&#8243;][vc_column_text]<\/p>\n<p style=\"text-align: justify;\">Ciutat Badalona\u00a0torna a navegar per representar a una ciutat marinera que recull el testimoni de la tradici\u00f3 tot mirant amb garantia al futur des del seu port urb\u00e0, punt des del que aglutinar a totes les persones amb traject\u00f2ria marina i base des de la que apropar a nous navegants. I les sortides programades en aquesta nova traject\u00f2ria s\u00f3n:<\/p>\n<p style=\"text-align: justify;\"><strong>Informaci\u00f3 sobre l\u2019Associaci\u00f3 dels Amics del Quetx Ciutat Badalona<br \/>\n<\/strong>Un grup de persones de Badalona afeccionades a la n\u00e1utica i en particular a la navegaci\u00f3 a vela, impulsats i assessorats per Marcel Mongay, s\u2019ha proposat la tasca de promoure la recuperaci\u00f3, conservaci\u00f3 i posada al servei per a tota la ciutat de la utilitzaci\u00f3 de la nau, patrimoni de Badalona, tant per a finalitats culturals com esportives.<\/p>\n<p>Si vol m\u00e9s informaci\u00f3 sobre aquesta Associaci\u00f3, contacti amb\u00a0<a href=\"http:\/\/www.amicsquetxciutatbadalona.cat\/\">www.amicsquetxciutatbadalona.cat<\/a><br \/>\nI poden formalitzar la seva afiliaci\u00f3 amb l\u2019Associaci\u00f3 abans d\u2019adquirir les entrades i aix\u00ed comen\u00e7ar a plicar els descomptes.<\/p>\n<div><\/div>\n<p>[\/vc_column_text]<div class=\"single_image wpb_content_element align-left    \" data-animation=\"none\" data-delay=\"0\"><\/div>[\/vc_column][vc_column bg_image=\u00bb78&#8243; column_padding=\u00bbpadding-5&#8243; column_center=\u00bbtrue\u00bb width=\u00bb1\/2&#8243;]<div class=\"spacer\" style=\"height: 250px;\"><\/div>[\/vc_column][\/vc_row][vc_row type=\u00bbfull_width_section\u00bb][vc_column width=\u00bb1\/3&#8243;]<div class=\"single_image wpb_content_element align-left    \" data-animation=\"none\" data-delay=\"0\"><a href=\"https:\/\/marinabadalona.cat\/activitats\/wp-content\/uploads\/2025\/07\/Marina-badalona-quetx-barco-tradicional-dortoka.jpg\" class=\"prettyPhoto\" rel=\"prettyPhoto[image]\"><\/a><\/div>[\/vc_column][vc_column width=\u00bb1\/3&#8243;]<div class=\"single_image wpb_content_element align-left    \" data-animation=\"none\" data-delay=\"0\"><a href=\"https:\/\/marinabadalona.cat\/activitats\/wp-content\/uploads\/2025\/07\/quetx-marinabadalona-amics-dortoka.jpg\" class=\"prettyPhoto\" rel=\"prettyPhoto[image]\"><\/a><\/div>[\/vc_column][vc_column width=\u00bb1\/3&#8243;]<div class=\"single_image wpb_content_element align-left    \" data-animation=\"none\" data-delay=\"0\"><a href=\"https:\/\/marinabadalona.cat\/activitats\/wp-content\/uploads\/2025\/07\/Marina-badalona-quetx-barco-tradicional-detalle-dortoka.jpg\" class=\"prettyPhoto\" rel=\"prettyPhoto[image]\"><\/a><\/div>[\/vc_column][\/vc_row][vc_row top_padding=\u00bb80&#8243; bottom_padding=\u00bb40&#8243;][vc_column width=\u00bb1\/1&#8243;]<h1 class=\"headline font-special fontsize-xxl fontweight-500 lh-inherit align-center transform-inherit \" style=\"margin: 0 0 20px 0;\">Calendari Quetx<\/h1>[vc_column_text]<span class=\"pun\"><span class=\"\">[wbc-calendar cat=\u00bbQUETX\u00bb] <\/span><\/span>[\/vc_column_text][\/vc_column][\/vc_row]<\/p>\n<\/div>","protected":false},"excerpt":{"rendered":"<p>[vc_row top_padding=\u00bb100&#8243; bottom_padding=\u00bb80&#8243; bg_position=\u00bbleft top\u00bb][vc_column width=\u00bb1\/1&#8243;][\/vc_column][\/vc_row][vc_row top_padding=\u00bb40&#8243; bottom_padding=\u00bb40&#8243;][vc_column width=\u00bb1\/2&#8243;][\/vc_column][vc_column width=\u00bb1\/2&#8243;][\/vc_column][\/vc_row][vc_row bg_color=\u00bb#1cbac8&#8243; text_color=\u00bblight\u00bb top_padding=\u00bb100&#8243; bottom_padding=\u00bb100&#8243; bg_position=\u00bbleft top\u00bb][vc_column width=\u00bb1\/3&#8243;][\/vc_column][vc_column width=\u00bb1\/3&#8243;][\/vc_column][vc_column width=\u00bb1\/3&#8243;][\/vc_column][\/vc_row][vc_row top_padding=\u00bb100&#8243; bottom_padding=\u00bb80&#8243;][vc_column width=\u00bb1\/1&#8243;][\/vc_column][\/vc_row][vc_row type=\u00bbfull_width_section\u00bb][vc_column width=\u00bb1\/1&#8243;][\/vc_column][\/vc_row][vc_row type=\u00bbfull_width_section\u00bb][vc_column bg_color=\u00bb#f9f9f9&#8243; column_padding=\u00bbpadding-7&#8243; width=\u00bb1\/2&#8243;][vc_column_text] L&#8217;embarcaci\u00f3\u00a0Ciutat Badalona\u00a0\u00e9s un quetx cl\u00e0ssic bastit l&#8217;any 1929 en les drassanes de Dinamarca que inicia la seva traject\u00f2ria amb activitats de comer\u00e7 local de minerals, gra i altres productes de primera necessitat. Buc de comer\u00e7 i cabotatge originari del B\u00e0ltic, en la d\u00e8cada dels 70, despr\u00e9s d&#8217;estar alguns anys en sec, inicia la seva travessa cap a les Antilles. Un dels secrets de la seva llarga vida \u00e9s que va ser constru\u00eft amb la millor fusta i amb bons materials, contr\u00e0riament al que es podria desprendre del seu any de neixement, en una \u00e8poca de recessi\u00f3. L&#8217;any 2006 va ser adquirit per Marina de Badalona amb l&#8217;objectiu de recuperar-lo com s\u00edmbol de la ciutat arreu on hi vagi. La primera gesti\u00f3 va consistir en canviar-li el nom (el darrer nom) de Johanne Regina pel de\u00a0Ciutat Badalona. El proc\u00e9s de recuperaci\u00f3 ha estat integral i complex, i al setembre de 2011 ja est\u00e0 a punt per a hissar veles. [\/vc_column_text][\/vc_column][vc_column bg_image=\u00bb76&#8243; column_padding=\u00bbpadding-5&#8243; column_center=\u00bbtrue\u00bb width=\u00bb1\/2&#8243;][\/vc_column][\/vc_row][vc_row type=\u00bbfull_width_section\u00bb bg_color=\u00bb#f8f8f8&#8243;][vc_column bg_image=\u00bb77&#8243; column_padding=\u00bbpadding-5&#8243; column_center=\u00bbtrue\u00bb width=\u00bb1\/2&#8243;][\/vc_column][vc_column bg_color=\u00bb#5e5e5e\u00bb column_padding=\u00bbpadding-7&#8243; text_color=\u00bblight\u00bb [&hellip;]<\/p>\n","protected":false},"author":1,"featured_media":0,"parent":0,"menu_order":0,"comment_status":"closed","ping_status":"closed","template":"","meta":{"footnotes":""},"class_list":["post-85","page","type-page","status-publish","hentry"],"jetpack_sharing_enabled":true,"_links":{"self":[{"href":"https:\/\/marinabadalona.cat\/activitats\/wp-json\/wp\/v2\/pages\/85","targetHints":{"allow":["GET"]}}],"collection":[{"href":"https:\/\/marinabadalona.cat\/activitats\/wp-json\/wp\/v2\/pages"}],"about":[{"href":"https:\/\/marinabadalona.cat\/activitats\/wp-json\/wp\/v2\/types\/page"}],"author":[{"embeddable":true,"href":"https:\/\/marinabadalona.cat\/activitats\/wp-json\/wp\/v2\/users\/1"}],"replies":[{"embeddable":true,"href":"https:\/\/marinabadalona.cat\/activitats\/wp-json\/wp\/v2\/comments?post=85"}],"version-history":[{"count":22,"href":"https:\/\/marinabadalona.cat\/activitats\/wp-json\/wp\/v2\/pages\/85\/revisions"}],"predecessor-version":[{"id":221,"href":"https:\/\/marinabadalona.cat\/activitats\/wp-json\/wp\/v2\/pages\/85\/revisions\/221"}],"wp:attachment":[{"href":"https:\/\/marinabadalona.cat\/activitats\/wp-json\/wp\/v2\/media?parent=85"}],"curies":[{"name":"wp","href":"https:\/\/api.w.org\/{rel}","templated":true}]}}