
{"id":18718,"date":"2021-10-08T12:00:52","date_gmt":"2021-10-08T12:00:52","guid":{"rendered":"https:\/\/novaweb.marinabadalona.cat\/en\/salo-nautic\/"},"modified":"2021-10-14T07:07:48","modified_gmt":"2021-10-14T07:07:48","slug":"boat-show","status":"publish","type":"page","link":"https:\/\/marinabadalona.cat\/en\/boat-show\/","title":{"rendered":"SAL\u00d3 N\u00c0UTIC"},"content":{"rendered":"<div class=\"wpb-content-wrapper\"><p>[vc_row top_padding=&#8221;40&#8243; bottom_padding=&#8221;20&#8243;][vc_column width=&#8221;1\/1&#8243;]<h1 class=\"headline font-special fontsize-xxxl fontweight-500 lh-inherit align-center transform-inherit no-transform\" style=\"margin: 0 0 20px 0; color: #222222;\">BADALONA MARINA AT<br \/>\nTHE BARCELONA BOAT SHOW<\/h1><div class=\"headline font-special fontsize-l fontweight-400 lh-inherit align-center transform-inherit no-transform\" style=\"margin: 0 15%;\">YOU\u2019LL FIND US THERE FROM 12-17 OCTOBER ON THE PORTS<br \/>\nOF CATALONIA STAND (ACPET. PAVILION 2, ROW D. STAND 481)<\/div>[\/vc_column][\/vc_row][vc_row][vc_column width=&#8221;1\/1&#8243;]<div class=\"divider divider1\" style='margin:0 !important;'><\/div>[\/vc_column][\/vc_row][vc_row top_padding=&#8221;40&#8243; bottom_padding=&#8221;40&#8243;][vc_column width=&#8221;1\/1&#8243;][vc_column_text]The seafaring community comes together from 12-17 October at its popular show. You\u2019ll find us on the Ports of Catalonia stand (ACPET. Pavilion 2. Row D. Stand 481) with ideas and promotions valid until 14 November 2021, which we will manage in our offices. Fill in the form for each promotion you\u2019re interested in and we\u2019ll contact you. Have a good event![\/vc_column_text][\/vc_column][\/vc_row][vc_row type=&#8221;full_width_section&#8221; top_padding=&#8221;20&#8243;][vc_column bg_color=&#8221;#f9f9f9&#8243; column_padding=&#8221;padding-7&#8243; width=&#8221;1\/2&#8243;]<div class=\"headline font-special fontsize-xs fontweight-700 lh-inherit align-left transform-uppercase ls-1\" style=\"margin: 0 0 -10px 0; color: #999999;\">Boat Show<\/div><h2 class=\"headline font-special fontsize-xxxl fontweight-700 lh-inherit align-left transform-uppercase \" style=\"margin: 0 0 0 0;\">PREBOOKING CANAL MOORINGS<\/h2><div class=\"divider divider5\" style='margin:10px 0 25px 0 !important;'><\/div>[vc_column_text]<strong>Take the chance to prebook one of the moorings in the Rambla-Badalona Marina Canal, the urban port of a city with a great seagoing tradition<\/strong><\/p>\n<div>\n<p><a href=\"https:\/\/novaweb.marinabadalona.cat\/prereserva-amarradors-canal\/\" target=\"_blank\" rel=\"noopener\"><strong>Click and fill in the form<\/strong><\/a><br \/>\n<strong>Promotion valid 12\/10 to 14\/11<\/strong><br \/>\n<a href=\"https:\/\/novaweb.marinabadalona.cat\/wp-content\/uploads\/2021\/10\/SaloNautic_MdB_2021_DipticA4_final.pdf\" target=\"_blank\" rel=\"noopener\"><b>See more<\/b><\/a><\/p>\n<\/div>\n<p>[\/vc_column_text][\/vc_column][vc_column bg_image=&#8221;18417&#8243; column_padding=&#8221;padding-5&#8243; column_center=&#8221;true&#8221; width=&#8221;1\/2&#8243;]<div class=\"spacer\" style=\"height: 250px;\"><\/div>[\/vc_column][\/vc_row][vc_row type=&#8221;full_width_section&#8221;][vc_column bg_image=&#8221;18438&#8243; column_padding=&#8221;padding-5&#8243; column_center=&#8221;true&#8221; width=&#8221;1\/2&#8243;]<div class=\"spacer\" style=\"height: 250px;\"><\/div>[\/vc_column][vc_column bg_color=&#8221;#222222&#8243; column_padding=&#8221;padding-7&#8243; text_color=&#8221;light&#8221; width=&#8221;1\/2&#8243;]<div class=\"headline font-special fontsize-xs fontweight-700 lh-inherit align-left transform-uppercase ls-1\" style=\"margin: 0 0 -10px 0; color: #999999;\">Boat Show<\/div><h2 class=\"headline font-special fontsize-xxxl fontweight-700 lh-inherit align-left transform-uppercase \" style=\"margin: 0 0 0 0;\">OFFER ON 8 x 3M AND 10 x 3.5M MOORINGS<\/h2><div class=\"divider divider5\" style='margin:10px 0 25px 0 !important;'><\/div>[vc_column_text]<strong>Enjoy an 8 x 3m or 10 x 3.5m mooring at Badalona Marina. Book it between 12 October and 14 November 2021 and we\u2019ll give you free parking for the time you book (valid for six months or a year).<\/strong><\/p>\n<p><strong>MOORING + PARKING OFFER<br \/>\n<\/strong><strong><a href=\"https:\/\/novaweb.marinabadalona.cat\/oferta-en-amarradors\/\">Click and fill the form<\/a><\/strong><br \/>\n<strong><a href=\"https:\/\/novaweb.marinabadalona.cat\/wp-content\/uploads\/2021\/10\/SaloNautic_MdB_2021_FlyerPromoA5_Canal-Amarradors.pdf\" target=\"_blank\" rel=\"noopener\">See more<\/a><\/strong>[\/vc_column_text][\/vc_column][\/vc_row][vc_row type=&#8221;full_width_section&#8221;][vc_column bg_color=&#8221;#f9f9f9&#8243; column_padding=&#8221;padding-7&#8243; width=&#8221;1\/2&#8243;]<div class=\"headline font-special fontsize-xs fontweight-700 lh-inherit align-left transform-uppercase ls-1\" style=\"margin: 0 0 -10px 0; color: #999999;\">Boat Show<\/div><h2 class=\"headline font-special fontsize-xxxl fontweight-700 lh-inherit align-left transform-uppercase \" style=\"margin: 0 0 0 0;\">SPACE C ON MOLL DE CAPITANIA<\/h2><div class=\"divider divider5\" style='margin:10px 0 25px 0 !important;'><\/div>[vc_column_text]<\/p>\n<h4><strong>New commercial space for boating use with premises and 10 new moorings on Moll de Capitania with the possibility of displaying boats on the attached terrace<\/strong><\/h4>\n<p><strong>INFORMATION ON THE NEW COMMERCIAL SPACE<br \/>\n<\/strong><b><a href=\"https:\/\/novaweb.marinabadalona.cat\/espai-c-del-moll-de-capitania\/\">Click and fill the form<\/a><br \/>\n<a href=\"https:\/\/novaweb.marinabadalona.cat\/wp-content\/uploads\/2021\/10\/SaloNautic_MdB_2021_FlyerPromoA5_Varador-EspaiC_final.pdf\" target=\"_blank\" rel=\"noopener\">See more<\/a><\/b>[\/vc_column_text][\/vc_column][vc_column bg_image=&#8221;18457&#8243; column_padding=&#8221;padding-5&#8243; column_center=&#8221;true&#8221; width=&#8221;1\/2&#8243;]<div class=\"spacer\" style=\"height: 250px;\"><\/div>[\/vc_column][\/vc_row][vc_row type=&#8221;full_width_section&#8221;][vc_column bg_image=&#8221;18447&#8243; column_padding=&#8221;padding-5&#8243; column_center=&#8221;true&#8221; width=&#8221;1\/2&#8243;]<div class=\"spacer\" style=\"height: 250px;\"><\/div>[\/vc_column][vc_column bg_color=&#8221;#222222&#8243; column_padding=&#8221;padding-7&#8243; text_color=&#8221;light&#8221; width=&#8221;1\/2&#8243;]<div class=\"headline font-special fontsize-xs fontweight-700 lh-inherit align-left transform-uppercase ls-1\" style=\"margin: 0 0 -10px 0; color: #999999;\">Boat Show<\/div><h2 class=\"headline font-special fontsize-xxxl fontweight-700 lh-inherit align-left transform-uppercase \" style=\"margin: 0 0 0 0;\">BADALONA BOATYARD<\/h2><div class=\"divider divider5\" style='margin:10px 0 25px 0 !important;'><\/div>[vc_column_text]<strong>Nowhere will look after your boat better. Leading area for full maintenance (refit and repair) of boats, for facilities and for top professionals working there.\u00a0<\/strong><\/p>\n<p><a href=\"https:\/\/novaweb.marinabadalona.cat\/varador-badalona\/\"><strong>Ask for a quote<\/strong><\/a><strong><br \/>\n<a href=\"https:\/\/novaweb.marinabadalona.cat\/wp-content\/uploads\/2021\/10\/SaloNautic_MdB_2021_FlyerPromoA5_Varador-EspaiC_final.pdf\" target=\"_blank\" rel=\"noopener\">See more<\/a><\/strong>[\/vc_column_text][\/vc_column][\/vc_row][vc_row type=&#8221;full_width_section&#8221;][vc_column bg_color=&#8221;#f9f9f9&#8243; column_padding=&#8221;padding-7&#8243; width=&#8221;1\/2&#8243;]<div class=\"headline font-special fontsize-xs fontweight-700 lh-inherit align-left transform-uppercase ls-1\" style=\"margin: 0 0 -10px 0; color: #999999;\">Boat Show<\/div><h2 class=\"headline font-special fontsize-xxxl fontweight-700 lh-inherit align-left transform-uppercase \" style=\"margin: 0 0 0 0;\">MARITIME HERITAGE PAVILION<\/h2><div class=\"divider divider5\" style='margin:10px 0 25px 0 !important;'><\/div>[vc_column_text]<strong>Visita el Pavell\u00f3 de Patrimoni Mar\u00edtim en el Sal\u00f3 N\u00e0utic i deixa\u2019t seduir per la navegaci\u00f3 tradicional amb el quetx Ciutat Badalona. <\/strong><strong>Dona\u2019ns un cop de m\u00e0 perqu\u00e8 sigui declarada Patrimoni de la Humanitat.\u00a0<\/strong>[\/vc_column_text][\/vc_column][vc_column bg_image=&#8221;18506&#8243; column_padding=&#8221;padding-5&#8243; column_center=&#8221;true&#8221; width=&#8221;1\/2&#8243;]<div class=\"spacer\" style=\"height: 250px;\"><\/div>[\/vc_column][\/vc_row][vc_row type=&#8221;full_width_section&#8221;][vc_column bg_image=&#8221;18448&#8243; column_padding=&#8221;padding-5&#8243; column_center=&#8221;true&#8221; width=&#8221;1\/2&#8243;]<div class=\"spacer\" style=\"height: 250px;\"><\/div>[\/vc_column][vc_column bg_color=&#8221;#222222&#8243; column_padding=&#8221;padding-7&#8243; text_color=&#8221;light&#8221; width=&#8221;1\/2&#8243;]<div class=\"headline font-special fontsize-xs fontweight-700 lh-inherit align-left transform-uppercase ls-1\" style=\"margin: 0 0 -10px 0; color: #999999;\">Boat Show<\/div><h2 class=\"headline font-special fontsize-xxxl fontweight-700 lh-inherit align-left transform-uppercase \" style=\"margin: 0 0 0 0;\">P\u00c0DEL RACE FROM PORT VELL TO BADALONA MARINA<\/h2><div class=\"divider divider5\" style='margin:10px 0 25px 0 !important;'><\/div>[vc_column_text]<strong>Canoeing and the Barcelona coastline make the perfect combination in P\u00e0del Race 2021, from a spectacular start at the Boat Show itself to a hotly disputed finish in Badalona. The competition, bringing together about 50 international canoeists includes the Catalan Canoeing Cup.<\/strong><\/p>\n<p><a href=\"http:\/\/www.barcelonacaiac.com\/es\/inicio\" target=\"_blank\" rel=\"noopener\"><strong>See more<\/strong><\/a>[\/vc_column_text][\/vc_column][\/vc_row][vc_row type=&#8221;full_width_section&#8221;][vc_column bg_color=&#8221;#f9f9f9&#8243; column_padding=&#8221;padding-7&#8243; width=&#8221;1\/2&#8243;]<div class=\"headline font-special fontsize-xs fontweight-700 lh-inherit align-left transform-uppercase ls-1\" style=\"margin: 0 0 -10px 0; color: #999999;\">Boat Show<\/div><h2 class=\"headline font-special fontsize-xxxl fontweight-700 lh-inherit align-left transform-uppercase \" style=\"margin: 0 0 0 0;\">SUMMER WATERSPORTS BASE<\/h2><div class=\"divider divider5\" style='margin:10px 0 25px 0 !important;'><\/div>[vc_column_text]<\/p>\n<h4><strong>Learn more about the culture of the sea and its values doing watersports. Try new open-air experiences at the port\u2019s Watersports Base in contact with the water and wind environment following the methods of the Catalan Sailing Federation and inspired by the enthusiasm and expertise of our team. <\/strong><\/h4>\n<p>[\/vc_column_text][\/vc_column][vc_column bg_image=&#8221;18450&#8243; column_padding=&#8221;padding-5&#8243; column_center=&#8221;true&#8221; width=&#8221;1\/2&#8243;]<div class=\"spacer\" style=\"height: 250px;\"><\/div>[\/vc_column][\/vc_row][vc_row top_padding=&#8221;100&#8243; bottom_padding=&#8221;80&#8243;][vc_column width=&#8221;1\/1&#8243;]<h3 class=\"headline font-special fontsize-xxl fontweight-400 lh-inherit align-center transform-inherit no-transform\" style=\"margin: 0 0 20px 0; color: #222222;\">ENJOY THE BOAT SHOW<\/h3>[vc_column_text]<\/p>\n<h3 style=\"text-align: center;\">Request more inrformation<br \/>\n<strong><a href=\"https:\/\/registration.firabarcelona.com\/#\/tickets\/selection-list\" target=\"_blank\" rel=\"noopener\">https:\/\/registration.firabarcelona.com\/#\/tickets\/selection-list<\/a><\/strong><\/h3>\n<p>[\/vc_column_text][\/vc_column][\/vc_row]<\/p>\n<\/div>","protected":false},"excerpt":{"rendered":"<p>[vc_row top_padding=&#8221;40&#8243; bottom_padding=&#8221;20&#8243;][vc_column width=&#8221;1\/1&#8243;][\/vc_column][\/vc_row][vc_row][vc_column width=&#8221;1\/1&#8243;][\/vc_column][\/vc_row][vc_row top_padding=&#8221;40&#8243; bottom_padding=&#8221;40&#8243;][vc_column width=&#8221;1\/1&#8243;][vc_column_text]The seafaring community comes together from 12-17 October at its popular show. You\u2019ll find us on the Ports of Catalonia stand (ACPET. Pavilion 2. Row D. Stand 481) with ideas and promotions valid until 14 November 2021, which we will manage in our offices. Fill in the form for each promotion you\u2019re interested in and we\u2019ll contact you. Have a good event![\/vc_column_text][\/vc_column][\/vc_row][vc_row type=&#8221;full_width_section&#8221; top_padding=&#8221;20&#8243;][vc_column bg_color=&#8221;#f9f9f9&#8243; column_padding=&#8221;padding-7&#8243; width=&#8221;1\/2&#8243;][vc_column_text]Take the chance to prebook one of the moorings in the Rambla-Badalona Marina Canal, the urban port of a city with a great seagoing tradition Click and fill in the form Promotion valid 12\/10 to 14\/11 See more [\/vc_column_text][\/vc_column][vc_column bg_image=&#8221;18417&#8243; column_padding=&#8221;padding-5&#8243; column_center=&#8221;true&#8221; width=&#8221;1\/2&#8243;][\/vc_column][\/vc_row][vc_row type=&#8221;full_width_section&#8221;][vc_column bg_image=&#8221;18438&#8243; column_padding=&#8221;padding-5&#8243; column_center=&#8221;true&#8221; width=&#8221;1\/2&#8243;][\/vc_column][vc_column bg_color=&#8221;#222222&#8243; column_padding=&#8221;padding-7&#8243; text_color=&#8221;light&#8221; width=&#8221;1\/2&#8243;][vc_column_text]Enjoy an 8 x 3m or 10 x 3.5m mooring at Badalona Marina. Book it between 12 October and 14 November 2021 and we\u2019ll give you free parking for the time you book (valid for six months or a year). MOORING + PARKING OFFER Click and fill the form See more[\/vc_column_text][\/vc_column][\/vc_row][vc_row type=&#8221;full_width_section&#8221;][vc_column bg_color=&#8221;#f9f9f9&#8243; column_padding=&#8221;padding-7&#8243; width=&#8221;1\/2&#8243;][vc_column_text] New commercial space for boating use with premises and 10 new moorings on Moll de Capitania with the possibility of displaying [&hellip;]<\/p>\n","protected":false},"author":1,"featured_media":0,"parent":0,"menu_order":0,"comment_status":"closed","ping_status":"closed","template":"","meta":{"footnotes":""},"class_list":["post-18718","page","type-page","status-publish","hentry"],"_links":{"self":[{"href":"https:\/\/marinabadalona.cat\/en\/wp-json\/wp\/v2\/pages\/18718","targetHints":{"allow":["GET"]}}],"collection":[{"href":"https:\/\/marinabadalona.cat\/en\/wp-json\/wp\/v2\/pages"}],"about":[{"href":"https:\/\/marinabadalona.cat\/en\/wp-json\/wp\/v2\/types\/page"}],"author":[{"embeddable":true,"href":"https:\/\/marinabadalona.cat\/en\/wp-json\/wp\/v2\/users\/1"}],"replies":[{"embeddable":true,"href":"https:\/\/marinabadalona.cat\/en\/wp-json\/wp\/v2\/comments?post=18718"}],"version-history":[{"count":0,"href":"https:\/\/marinabadalona.cat\/en\/wp-json\/wp\/v2\/pages\/18718\/revisions"}],"wp:attachment":[{"href":"https:\/\/marinabadalona.cat\/en\/wp-json\/wp\/v2\/media?parent=18718"}],"curies":[{"name":"wp","href":"https:\/\/api.w.org\/{rel}","templated":true}]}}