
{"id":21909,"date":"2021-09-17T09:51:35","date_gmt":"2021-09-17T09:51:35","guid":{"rendered":"https:\/\/novaweb.marinabadalona.cat\/en\/borsa-de-treball\/"},"modified":"2025-09-19T08:52:53","modified_gmt":"2025-09-19T06:52:53","slug":"job","status":"publish","type":"page","link":"https:\/\/marinabadalona.cat\/en\/job\/","title":{"rendered":"Job"},"content":{"rendered":"<div class=\"wpb-content-wrapper\"><p>[vc_row type=&#8221;full_width_section&#8221;][vc_column width=&#8221;1\/1&#8243;][rev_slider_vc alias=&#8221;slide-home&#8221;][\/vc_column][\/vc_row][vc_row top_padding=&#8221;100&#8243; bottom_padding=&#8221;40&#8243;][vc_column width=&#8221;1\/1&#8243;]<h1 class=\"headline font-special fontsize-xxl fontweight-500 lh-inherit align-center transform-uppercase \" style=\"margin: 0 0 20px 0;\">WORK WITH US<\/p>\n<\/h1><div class=\"headline font-special fontsize-l fontweight-400 lh-inherit align-center transform-inherit \" style=\"margin: 0 0 20px 0; color: #999999;\">FIND OUT THE KIND OF PEOPLE WE WANT TO JOIN OUR TEAM<\/div><div class=\"divider divider1\" style='margin:0px 0 0px 0 !important;'><\/div>[\/vc_column][\/vc_row][vc_row top_padding=&#8221;0&#8243; bottom_padding=&#8221;100&#8243; bg_position=&#8221;left top&#8221;][vc_column width=&#8221;1\/1&#8243;][vc_column_text]<\/p>\n<p style=\"text-align: justify;\">All workers are important to us and we work hard to make our shared experience positive, regardless of how long you form part of the team. If you\u2019re interested in finding out about our organisation and contributing your hard work and knowledge, don\u2019t hesitate to fill in this form. You will join our pool of possible job candidates for 24 months. If in that time you are a good match for any vacancy, we will contact you.<\/p>\n<p>[\/vc_column_text][vc_tta_accordion style=&#8221;flat&#8221; shape=&#8221;square&#8221; color=&#8221;peacoc&#8221; spacing=&#8221;3&#8243; gap=&#8221;3&#8243; c_icon=&#8221;&#8221; active_section=&#8221;1&#8243; no_fill=&#8221;true&#8221;][vc_tta_section title=&#8221;Work offers:&#8221; tab_id=&#8221;1633615750421-f1298cbb-4392&#8243;][\/vc_tta_section][\/vc_tta_accordion][\/vc_column][\/vc_row][vc_row top_padding=&#8221;40&#8243; bottom_padding=&#8221;40&#8243;][vc_column width=&#8221;1\/1&#8243;]<h1 class=\"headline font-special fontsize-xxl fontweight-500 lh-inherit align-center transform-uppercase \" style=\"margin: 0 0 20px 0;\">SEND YOUR CV<\/h1><div class=\"headline font-special fontsize-l fontweight-400 lh-inherit align-center transform-inherit \" style=\"margin: 0 0 20px 0; color: #999999;\">EVERY PERSON IS IMPORTANT TO US AND WE WANT YOU TO HAVE A POSITIVE EXPERIENCE AT THE ORGANISATION, HOWEVER LONG YOUR CONTRACT IS<\/div><div class=\"divider divider1\" style='margin:0px 0 0px 0 !important;'><\/div>[\/vc_column][\/vc_row][vc_row top_padding=&#8221;0&#8243; bottom_padding=&#8221;100&#8243; bg_position=&#8221;left top&#8221;][vc_column width=&#8221;1\/1&#8243;][vc_column_text]<\/p>\n<p style=\"text-align: justify;\">Send your CV to Marina Badalona\u2019s recruitment pool and it will give you the chance to join our organisation if we have any specific needs we can\u2019t meet with the public procedures that govern our contracting.<\/p>\n<p>[\/vc_column_text][\/vc_column][\/vc_row][vc_row bg_color=&#8221;#e8e8e8&#8243; top_padding=&#8221;40&#8243; bottom_padding=&#8221;40&#8243;][vc_column width=&#8221;1\/6&#8243;][\/vc_column][vc_column width=&#8221;2\/3&#8243;]\n<div class=\"wpcf7 no-js\" id=\"wpcf7-f17876-o1\" lang=\"ca\" dir=\"ltr\" data-wpcf7-id=\"17876\">\n<div class=\"screen-reader-response\"><p role=\"status\" aria-live=\"polite\" aria-atomic=\"true\"><\/p> <ul><\/ul><\/div>\n<form action=\"\/en\/wp-json\/wp\/v2\/pages\/21909#wpcf7-f17876-o1\" method=\"post\" class=\"wpcf7-form init\" aria-label=\"Formulari de contacte\" enctype=\"multipart\/form-data\" novalidate=\"novalidate\" data-status=\"init\">\n<fieldset class=\"hidden-fields-container\"><input type=\"hidden\" name=\"_wpcf7\" value=\"17876\" \/><input type=\"hidden\" name=\"_wpcf7_version\" value=\"6.1.5\" \/><input type=\"hidden\" name=\"_wpcf7_locale\" value=\"ca\" \/><input type=\"hidden\" name=\"_wpcf7_unit_tag\" value=\"wpcf7-f17876-o1\" \/><input type=\"hidden\" name=\"_wpcf7_container_post\" value=\"0\" \/><input type=\"hidden\" name=\"_wpcf7_posted_data_hash\" value=\"\" \/><input type=\"hidden\" name=\"_wpcf7_recaptcha_response\" value=\"\" \/>\n<\/fieldset>\n<h1 style=\"font-family:'Montserrat',Arial,Helvetica,sans-serif;\">Borsa de Treball\n<\/h1>\n<table id=\"cv\">\n\t<h2 style=\"font-family:'Montserrat',Arial,Helvetica,sans-serif; font-weight:normal;\">Personal data\n\t<\/h2>\n\t<tr>\n\t\t<td style=\"padding:5px;\">\n\t\t\t<p><label style=\"font-family:'Montserrat',Arial,Helvetica,sans-serif;\">Name & surnames:<br \/>\n<input style=\"width:100%; border-with:2px;\" type=\"text\" name=\"nomcognom\" placeholder=\"Ej: Marina Badalona\" maxlength=\"50\" required \/><\/label>\n\t\t\t<\/p>\n\t\t<\/td>\n\t\t<td style=\"padding:5px;\">\n\t\t\t<p>Date of birth: <input style=\"padding:9px;\" type=\"date\" name=\"fechanacimiento\" required \/>\n\t\t\t<\/p>\n\t\t<\/td>\n\t<\/tr>\n\t<tr>\n\t\t<td style=\"padding:5px;\">\n\t\t\t<p><label style=\"font-family:'Montserrat',Arial,Helvetica,sans-serif;\">Phone number:<br \/>\n<input style=\"width:100%; border-with:2px;\" type=\"text\" name=\"telefono\" placeholder=\"Ej: 930000000\" maxlength=\"12\" required \/><\/label>\n\t\t\t<\/p>\n\t\t<\/td>\n\t\t<td style=\"padding:5px;\">\n\t\t\t<p><label style=\"font-family:'Montserrat',Arial,Helvetica,sans-serif;\">Email:<br \/>\n<input style=\"width:100%; display:inline-block; border-with:2px;\" type=\"email\" name=\"correo\" placeholder=\"Ej: correo@marinabadalona.com\" maxlength=\"30\" required \/><\/label>\n\t\t\t<\/p>\n\t\t<\/td>\n\t<\/tr>\n\t<tr>\n\t\t<td style=\"padding:5px;\">\n\t\t\t<p><label style=\"font-family:'Montserrat',Arial,Helvetica,sans-serif;\">Dades de formaci\u00f3 i perfil profesional:<br \/>\n<input style=\"width:100%; display:inline-block; border-with:2px;\" type=\"text\" name=\"formacion\" required \/><\/label>\n\t\t\t<\/p>\n\t\t<\/td>\n\t\t<td style=\"padding:5px;\">\n\t\t\t<p><label style=\"font-family:'Montserrat',Arial,Helvetica,sans-serif;\">Nivel d'estudis: <select style=\"padding:10px;\" name=\"estudios\"><option><\/option><option>Educaci\u00f3 Prim\u00e0ria<\/option><option>Educaci\u00f3 Secundaria<\/option><option>Batxillerat \/ COU<\/option><option>Formaci\u00f3 Profesional<\/option><option>Grau \/ Diplomatura<\/option><option>Master \/ Llicenciatura \/ Enginyeria<\/option><option>Doctorat<\/option><\/select><\/label>\n\t\t\t<\/p>\n\t\t<\/td>\n\t<\/tr>\n\t<tr>\n\t\t<td style=\"padding:5px;\">\n\t\t\t<p><label style=\"font-family:'Montserrat',Arial,Helvetica,sans-serif;\">\u00c0mbit de treball Selecci\u00f3 Marinera Administraci\u00f3: <input style=\"width:100%; border-with:2px;\" type=\"text\" name=\"ambito\" required \/><\/label>\n\t\t\t<\/p>\n\t\t<\/td>\n\t\t<td style=\"padding:5px;\">\n\t\t\t<p><label style=\"font-family:'Montserrat',Arial,Helvetica,sans-serif;\">Per qu\u00e8 vull formar part de l'equip del Port de Badalona?<br \/>\n<textarea style=\"resize:vertical; min-height: 46px !important;\" name=\"textarea\" rows=\"1\" cols=\"50\"><\/textarea><br \/>\n<\/label>\n\t\t\t<\/p>\n\t\t<\/td>\n\t<\/tr>\n\t<tr>\n\t\t<td colspan=\"2\" style=\"padding:5px;\">\n\t\t\t<p><label style=\"margin-bottom: 20px; font-family:'Montserrat',Arial,Helvetica,sans-serif;\">Puja el teu Curriculum: <span class=\"wpcf7-form-control-wrap\" data-name=\"archivo\"><input size=\"40\" class=\"wpcf7-form-control wpcf7-file wpcf7-validates-as-required\" id=\"archivoform\" accept=\"audio\/*,video\/*,image\/*\" aria-required=\"true\" aria-invalid=\"false\" type=\"file\" name=\"archivo\" \/><\/span><\/label>\n\t\t\t<\/p>\n\t\t<\/td>\n\t<\/tr>\n\t<td colspan=\"2\" style=\"padding: 5px;\">\n\t\t<p><label class=\"formnews\" style=\"font-size:15px; font-family:'Montserrat',Arial,Helvetica,sans-serif;\"> ReCAPTCHA: <\/label>\n\t\t<span class=\"wpcf7-form-control-wrap recaptcha\" data-name=\"recaptcha\"><span data-sitekey=\"6LcC_nggAAAAAPVZb3x0uK-hYq7RCFqHK7HYubIG\" class=\"wpcf7-form-control wpcf7-recaptcha g-recaptcha\"><\/span>\r\n<noscript>\r\n\t<div class=\"grecaptcha-noscript\">\r\n\t\t<iframe loading=\"lazy\" src=\"https:\/\/www.google.com\/recaptcha\/api\/fallback?k=6LcC_nggAAAAAPVZb3x0uK-hYq7RCFqHK7HYubIG\" frameborder=\"0\" scrolling=\"no\" width=\"310\" height=\"430\">\r\n\t\t<\/iframe>\r\n\t\t<textarea name=\"g-recaptcha-response\" rows=\"3\" cols=\"40\" placeholder=\"reCaptcha Response Here\">\r\n\t\t<\/textarea>\r\n\t<\/div>\r\n<\/noscript>\r\n<\/span>\n\t\t<\/p>\n\t<\/td>\n<\/table>\n<div>\n\t<p id=\"polpriv\" class=\"formnews\" style=\"width:50%; float:left; font-weight: normal; font-family:'Montserrat',Arial,Helvetica,sans-serif; font-size:13px;\"><input type=\"checkbox\" id=\"politica\" name=\"politica\" checked \/>Mitjan\u00e7ant l'enviament del formulari accepto la <a href=\"http:\/\/novaweb.marinabadalona.cat\/es\/politica-de-privacidad\/\">Pol\u00edtica de Privacitat<\/a> i l'\u00fas de les dades personals amb la finalitat de gestionar la meva candidatura.\n\t<\/p>\n\t<p><input id=\"enviarbutton\" style=\"float:right; font-family:'Montserrat',Arial,Helvetica,sans-serif; width:20%; padding:15px 20px; border-radius:25px; background-color:black; color:white; font-weight:bold; border:1px solid black; margin-top:10px;\" type=\"submit\" value=\"ENVIAR\" \/>\n\t<\/p>\n<\/div><input type='hidden' class='wpcf7-pum' value='{\"closepopup\":false,\"closedelay\":0,\"openpopup\":false,\"openpopup_id\":0}' \/><div class=\"wpcf7-response-output\" aria-hidden=\"true\"><\/div>\n<\/form>\n<\/div>\n[\/vc_column][vc_column width=&#8221;1\/6&#8243;][\/vc_column][\/vc_row]<\/p>\n<\/div>","protected":false},"excerpt":{"rendered":"<p>[vc_row type=&#8221;full_width_section&#8221;][vc_column width=&#8221;1\/1&#8243;][rev_slider_vc alias=&#8221;slide-home&#8221;][\/vc_column][\/vc_row][vc_row top_padding=&#8221;100&#8243; bottom_padding=&#8221;40&#8243;][vc_column width=&#8221;1\/1&#8243;][\/vc_column][\/vc_row][vc_row top_padding=&#8221;0&#8243; bottom_padding=&#8221;100&#8243; bg_position=&#8221;left top&#8221;][vc_column width=&#8221;1\/1&#8243;][vc_column_text] All workers are important to us and we work hard to make our shared experience positive, regardless of how long you form part of the team. If you\u2019re interested in finding out about our organisation and contributing your hard work and knowledge, don\u2019t hesitate to fill in this form. You will join our pool of possible job candidates for 24 months. If in that time you are a good match for any vacancy, we will contact you. [\/vc_column_text][vc_tta_accordion style=&#8221;flat&#8221; shape=&#8221;square&#8221; color=&#8221;peacoc&#8221; spacing=&#8221;3&#8243; gap=&#8221;3&#8243; c_icon=&#8221;&#8221; active_section=&#8221;1&#8243; no_fill=&#8221;true&#8221;][vc_tta_section title=&#8221;Work offers:&#8221; tab_id=&#8221;1633615750421-f1298cbb-4392&#8243;][\/vc_tta_section][\/vc_tta_accordion][\/vc_column][\/vc_row][vc_row top_padding=&#8221;40&#8243; bottom_padding=&#8221;40&#8243;][vc_column width=&#8221;1\/1&#8243;][\/vc_column][\/vc_row][vc_row top_padding=&#8221;0&#8243; bottom_padding=&#8221;100&#8243; bg_position=&#8221;left top&#8221;][vc_column width=&#8221;1\/1&#8243;][vc_column_text] Send your CV to Marina Badalona\u2019s recruitment pool and it will give you the chance to join our organisation if we have any specific needs we can\u2019t meet with the public procedures that govern our contracting. [\/vc_column_text][\/vc_column][\/vc_row][vc_row bg_color=&#8221;#e8e8e8&#8243; top_padding=&#8221;40&#8243; bottom_padding=&#8221;40&#8243;][vc_column width=&#8221;1\/6&#8243;][\/vc_column][vc_column width=&#8221;2\/3&#8243;][\/vc_column][vc_column width=&#8221;1\/6&#8243;][\/vc_column][\/vc_row]<\/p>\n","protected":false},"author":3,"featured_media":0,"parent":0,"menu_order":0,"comment_status":"open","ping_status":"closed","template":"","meta":{"footnotes":""},"class_list":["post-21909","page","type-page","status-publish","hentry"],"_links":{"self":[{"href":"https:\/\/marinabadalona.cat\/en\/wp-json\/wp\/v2\/pages\/21909","targetHints":{"allow":["GET"]}}],"collection":[{"href":"https:\/\/marinabadalona.cat\/en\/wp-json\/wp\/v2\/pages"}],"about":[{"href":"https:\/\/marinabadalona.cat\/en\/wp-json\/wp\/v2\/types\/page"}],"author":[{"embeddable":true,"href":"https:\/\/marinabadalona.cat\/en\/wp-json\/wp\/v2\/users\/3"}],"replies":[{"embeddable":true,"href":"https:\/\/marinabadalona.cat\/en\/wp-json\/wp\/v2\/comments?post=21909"}],"version-history":[{"count":18,"href":"https:\/\/marinabadalona.cat\/en\/wp-json\/wp\/v2\/pages\/21909\/revisions"}],"predecessor-version":[{"id":38988,"href":"https:\/\/marinabadalona.cat\/en\/wp-json\/wp\/v2\/pages\/21909\/revisions\/38988"}],"wp:attachment":[{"href":"https:\/\/marinabadalona.cat\/en\/wp-json\/wp\/v2\/media?parent=21909"}],"curies":[{"name":"wp","href":"https:\/\/api.w.org\/{rel}","templated":true}]}}