
{"id":15629,"date":"2021-06-18T12:19:47","date_gmt":"2021-06-18T12:19:47","guid":{"rendered":"http:\/\/novaweb.marinabadalona.cat\/?page_id=15629"},"modified":"2024-03-18T12:06:48","modified_gmt":"2024-03-18T11:06:48","slug":"aviso-legal","status":"publish","type":"page","link":"https:\/\/marinabadalona.cat\/es\/aviso-legal\/","title":{"rendered":"AVISO LEGAL"},"content":{"rendered":"<div class=\"wpb-content-wrapper\"><p>[vc_row][vc_column width=\u00bb1\/1&#8243;][vc_column_text]<\/p>\n<h1 class=\"marinaTitleContainer\"><span id=\"dnn_ctr1882_dnnTITLE_lblTitle\" class=\"marinaTitle\">AVISO LEGAL<\/span><\/h1>\n<div><\/div>\n<div id=\"dnn_ctr1882_ContentPane\" class=\"marinaContainerContent\">\n<div id=\"dnn_ctr1882_ModuleContent\" class=\"DCC_MultilanguageContentContent\">\n<div class=\"Normal\">\n<p>&nbsp;<\/p>\n<p><strong>DATOS IDENTIFICATIVOS<\/strong><\/p>\n<p>En cumplimiento con el deber de informaci\u00f3n recogido en el art\u00edculo 10 de la Ley 34\/2002, de 11 de julio, de Servicios de la Sociedad de la Informaci\u00f3n y del Comercio Electr\u00f3nico, a continuaci\u00f3n, se reflejan los siguientes datos:<\/p>\n<p>El titular de esta website es \u201cMarina de Badalona S.A.\u201d, con domicilio en Av. d\u2019Eduard Maristany, Edifici de Capitania Port Esportiu i Pesquer de Badalona, s\/n, 08912 Badalona, Barcelona, con n\u00famero de NIF: A-62288154, inscrita en el Registro Mercantil de Barcelona Tomo 42236, Folio 62, Secci\u00f3n 8, Hoja B 217561, I\/A 1. Correo electr\u00f3nico de contacto port@marinabadalona.cat.<\/p>\n<p>La informaci\u00f3n contenida en www.marinabadalona.cat constituye un servicio de informaci\u00f3n de los diversos servicios que ofrece \u201cMarina de Badalona S.A.\u201d (en adelante Marina de Badalona) dentro del \u00e1mbito de la gesti\u00f3n integral del proceso de remodelaci\u00f3n y desarrollo urban\u00edstico y econ\u00f3mico de la fachada mar\u00edtima de Badalona, incluyendo la construcci\u00f3n, explotaci\u00f3n y gesti\u00f3n del Puerto Deportivo y Pesquero de la ciudad.<\/p>\n<p>&nbsp;<\/p>\n<p><strong>ACEPTACI\u00d3N DE LAS CONDICIONES DE USO<\/strong><\/p>\n<p>El acceso a la Web www.marinabadalona.cat exige la aceptaci\u00f3n de las condiciones de uso que en cada momento se encuentren vigentes en esta Web.<\/p>\n<p>&nbsp;<\/p>\n<p><strong>PROPIEDAD INTELECTUAL<\/strong><\/p>\n<p>El c\u00f3digo fuente, los dise\u00f1os gr\u00e1ficos, las im\u00e1genes, las fotograf\u00edas, las animaciones, el software, los textos, as\u00ed como la informaci\u00f3n y los contenidos que se recogen en www.marinabadalona.cat est\u00e1n protegidos por la legislaci\u00f3n espa\u00f1ola sobre los derechos de propiedad intelectual e industrial a favor de Marina de Badalona, y no se permite, la reproducci\u00f3n total o parcial de \u00e9sta Web, ni su tratamiento inform\u00e1tico, comunicaci\u00f3n p\u00fablica, distribuci\u00f3n, difusi\u00f3n, modificaci\u00f3n, transformaci\u00f3n o descompilaci\u00f3n, sin el permiso previo y por escrito de su titular, Marina de Badalona de conformidad con lo dispuesto en los art\u00edculos 8 y 32 p\u00e1rrafo segundo de la Ley de Propiedad Intelectual.<\/p>\n<p>El usuario, \u00fanica y exclusivamente podr\u00e1 utilizar el material que aparezca en esta Web para su uso personal y privado, quedando prohibida su utilizaci\u00f3n con fines comerciales o para incurrir en actividades il\u00edcitas. Todos los derechos derivados de la propiedad intelectual est\u00e1n expresamente reservados por Marina de Badalona.<\/p>\n<p>Marina de Badalona velar\u00e1 por el cumplimiento de las anteriores condiciones y para la debida utilizaci\u00f3n de los contenidos presentados en su portal, ejercitando todas las acciones civiles y penales que le correspondan en el caso de infracci\u00f3n o incumplimiento de estos derechos por parte del usuario.<\/p>\n<p>&nbsp;<\/p>\n<p><strong>PROTECCI\u00d3N DE DATOS DE CAR\u00c1CTER PERSONAL<\/strong><\/p>\n<p>El acceso a la p\u00e1gina Web o su uso no implica una recogida de datos personales del usuario por parte de Marina de Badalona. No obstante, se comunica que, en el caso de que Marina de Badalona solicite datos personales, se informar\u00e1 debidamente al usuario conforme a lo establecido en el Reglamento General de Protecci\u00f3n de Datos y dem\u00e1s normativa que resulte de aplicaci\u00f3n relativa a la protecci\u00f3n de datos.<\/p>\n<p>Los Datos Personales que recoge Marina de Badalona en los distintos tipos de formularios ser\u00e1n tratados con la finalidad de dar respuesta a la solicitud realizada por el interesado, as\u00ed como para el mantenimiento de la relaci\u00f3n que en su caso se establezca, y la gesti\u00f3n, administraci\u00f3n, informaci\u00f3n, prestaci\u00f3n y mejora de los servicios que decida contratar.<\/p>\n<p>Para una informaci\u00f3n m\u00e1s detallada en lo relativo a la Protecci\u00f3n de Datos, deber\u00e1 acceder a nuestra \u201cPol\u00edtica de Privacidad\u201d.<\/p>\n<p>Marina de Badalona ha tomado las medidas de \u00edndole t\u00e9cnica y organizativa necesarias para garantizar la seguridad de los datos y evitar su alteraci\u00f3n, p\u00e9rdida, tratamiento o acceso no autorizado, teniendo en cuenta el estado de la tecnolog\u00eda, la naturaleza de los datos almacenados y los riesgos a que se encuentran expuestos, ya provengan de la acci\u00f3n humana o del medio f\u00edsico o natural.<\/p>\n<p>&nbsp;<\/p>\n<p><strong>REGISTRO Y CONTRASE\u00d1AS DE ACCESO<\/strong><\/p>\n<p>Marina de Badalona proporciona de forma confidencial a cada uno de sus clientes un nombre de usuario y una contrase\u00f1a de acceso, la cual es \u00fanica, personal e intransferible, siendo condici\u00f3n necesaria para acceder a determinados servicios incluidos en la Web.<\/p>\n<p>El usuario se compromete a preservar la confidencialidad de su contrase\u00f1a, pudiendo solicitar su modificaci\u00f3n en caso de p\u00e9rdida, conocimiento por otras personas o cualquier otra circunstancia que impida o dificulte el normal funcionamiento de su acceso.<\/p>\n<p>Marina de Badalona se reserva el derecho a anular discrecionalmente el acceso de alg\u00fan usuario cuando concurran circunstancias de las que se presuman utilizaciones il\u00edcitas.<\/p>\n<p>El usuario asume la plena responsabilidad y, por tanto, todas las obligaciones que se deriven del uso de los diferentes servicios y productos a los que se accede con clave de acceso o por la utilizaci\u00f3n que de ellos realicen terceras personas accediendo con la contrase\u00f1a del usuario.<\/p>\n<p>&nbsp;<\/p>\n<p><strong>DATOS EN REDES SOCIALES<\/strong><\/p>\n<p>Marina de Badalona dispone de perfiles en diferentes redes sociales, por lo que hemos de advertir al usuario que todos los datos que publique en estos perfiles ser\u00e1n conocidos por todos aquellos usuarios que tambi\u00e9n interact\u00faen en ese perfil o que simplemente lo consulten, tengan \u00e9stos o no su propio perfil en la red social, ya que todos los perfiles de Marina de Badalona son p\u00fablicos. En consecuencia, toda la informaci\u00f3n y contenidos publicados por el usuario en los perfiles de Marina de Badalona ser\u00e1 objeto de comunicaci\u00f3n al resto de los usuarios por la propia naturaleza del servicio. Le recomendamos que consulte las Pol\u00edticas de Privacidad de las redes sociales antes de utilizar dichos servicios.<\/p>\n<p>En el caso de que el usuario env\u00ede informaci\u00f3n de cualquier tipo a Marina de Badalona, sobre todo en el caso de datos de terceros, a trav\u00e9s de las redes sociales, \u00e9ste declara y garantiza que est\u00e1 legitimado a enviar dicha informaci\u00f3n y que no infringe ning\u00fan derecho de propiedad intelectual, de marca, de patente, secreto comercial, o cualquier otro derecho de tercero, que la informaci\u00f3n no tiene car\u00e1cter confidencial y que no da\u00f1a u ofende a terceros.<\/p>\n<p>Marina de Badalona s\u00f3lo es responsable y garantiza la confidencialidad, seguridad y tratamiento de los datos conforme a la legislaci\u00f3n vigente, respecto a los datos que recoja directamente del usuario, no teniendo ning\u00fan tipo de responsabilidad respecto de los tratamientos y posteriores usos que la red social pudiera efectuar.<\/p>\n<p>&nbsp;<\/p>\n<p><strong>LIMITACI\u00d3N DE LA RESPONSABILIDAD<\/strong><\/p>\n<p>Marina de Badalona no se responsabiliza de los posibles da\u00f1os o perjuicios que puedan suceder como consecuencia del uso de los contenidos de la Web, siendo de exclusiva responsabilidad del usuario que acceda a los mismos.<\/p>\n<p>En el mismo sentido, Marina de Badalona no se responsabiliza de los posibles perjuicios que se puedan derivar del uso de una versi\u00f3n no actualizada o defectuosa del navegador, de interrupciones en la conexi\u00f3n que se produzcan durante la transmisi\u00f3n de datos, virus inform\u00e1ticos, aver\u00edas o desconexiones en el funcionamiento del sistema telem\u00e1tico, de bloqueos causados por deficiencias o sobrecargas de las l\u00edneas telef\u00f3nicas, as\u00ed como de da\u00f1os provocados por terceras personas mediante intromisiones no autorizadas.<\/p>\n<p>La Web de Marina de Badalona contiene enlaces a otras p\u00e1ginas Web que pueden resultar de inter\u00e9s para los usuarios. Marina de Badalona no asume ninguna responsabilidad sobre estos enlaces, no pudi\u00e9ndose garantizar el cumplimiento de Pol\u00edticas de Privacidad adecuadas, motivo por el cual el usuario accede al contenido de las referidas p\u00e1ginas Web en las condiciones de uso que se fijen en las mismas y bajo su exclusiva responsabilidad.<\/p>\n<p>Marina de Badalona no se hace responsable del incumplimiento de cualquier norma aplicable en que pueda incurrir el usuario en su acceso a la Web www.marinabadalona.cat y\/o en el uso de las informaciones contenidas en ella.<\/p>\n<p>Marina de Badalona se reserva el derecho a interrumpir o denegar discrecionalmente, en cualquier momento y sin necesidad de previo aviso, el acceso de cualquier usuario a los contenidos de acceso restringido, cuando concurran alguna de les circunstancias descritas.<\/p>\n<p>&nbsp;<\/p>\n<p><strong>ENLACES<\/strong><\/p>\n<p>Todos los enlaces o links, hipertextual, framing o cualquier otro tipo de conexi\u00f3n virtual a trav\u00e9s de redes de telecomunicaci\u00f3n desde cualquier sitio Web a nuestra p\u00e1gina Web, deber\u00e1 ser solicitado y autorizado previamente y por escrito por Marina de Badalona, y en su defecto los enlaces que se establezcan a esta Web, deber\u00e1n hacerse a su p\u00e1gina de inicio.<\/p>\n<p>Los enlaces que se realicen a p\u00e1ginas Web de terceros tienen \u00fanicamente una finalidad orientativa, siendo su objeto el poner a disposici\u00f3n del usuario otras fuentes de informaci\u00f3n que pudieran ser de su inter\u00e9s.<\/p>\n<p>Marina de Badalona procura revisar peri\u00f3dicamente el contenido de sus enlaces. No obstante, es imposible conocer en todo momento el contenido concreto de los enlaces propuestos. Derivado de ello, solicitamos la colaboraci\u00f3n de cualquier usuario que acceda a los referidos contenidos en el supuesto que sus contenidos pudieren ser contrarios a la legalidad vigente, moral u orden p\u00fablico, poni\u00e9ndolo en conocimiento a trav\u00e9s del siguiente correo electr\u00f3nico port@marinabadalona.cat.<\/p>\n<p>&nbsp;<\/p>\n<p><strong>RESPONSABILIDAD<\/strong><\/p>\n<p>En definitiva, el usuario es el \u00fanico responsable del uso que realice de los servicios, contenidos, enlaces (links) e hipertextos incluidos en la Web www.marinabadalona.cat.<\/p>\n<p>&nbsp;<\/p>\n<p><strong>POLITICA DE PRIVACIDAD<\/strong><\/p>\n<p>Los datos de car\u00e1cter personal obtenidas mediante los diferentes formularios de registro est\u00e1n sujetos a los t\u00e9rminos recogidos en nuestra Pol\u00edtica de Privacidad.<\/p>\n<p>&nbsp;<\/p>\n<p><strong>RESERVA<\/strong><\/p>\n<p>Marina de Badalona se reserva la facultad en todo momento, sin necesidad de previo aviso, de efectuar modificaciones y actualizaciones de la informaci\u00f3n contenida en su Web o en su configuraci\u00f3n y presentaci\u00f3n. Asimismo, se reserva el derecho a suspender temporalmente, y sin que sea necesario previo aviso, la accesibilidad a la Web por razones de eventual necesidad y para efectuar operaciones de mantenimiento, reparaci\u00f3n o mejora.<\/p>\n<p>Marina de Badalona se reserva el derecho a incluir o retirar total o parcialmente de la Web, cualquier informaci\u00f3n a su exclusiva discreci\u00f3n.<\/p>\n<p>&nbsp;<\/p>\n<p><strong>LEY APLICABLE Y JURISDICCI\u00d3N<\/strong><\/p>\n<p>Para todas aquellas cuestiones que se puedan suscitar con motivo de interpretaci\u00f3n, ejecuci\u00f3n o eventual incumplimiento de las presentes condiciones de utilizaci\u00f3n, los usuarios, con renuncia a su propio fuero, y con independencia del lugar donde se suscite cualquier disputa, se someter\u00e1n expresamente a la competencia y jurisdicci\u00f3n de los juzgados y tribunales de Badalona.<\/p>\n<p>Las presentes condiciones se regir\u00e1n, en todo caso, por la legislaci\u00f3n espa\u00f1ola.<\/p>\n<p>&nbsp;<\/p>\n<p>\u201cMarina de Badalona S.A.\u201d\u00a9 Todos los derechos reservados<\/p>\n<\/div>\n<\/div>\n<\/div>\n<p>[\/vc_column_text][\/vc_column][\/vc_row]<\/p>\n<\/div>","protected":false},"excerpt":{"rendered":"<p>[vc_row][vc_column width=\u00bb1\/1&#8243;][vc_column_text] AVISO LEGAL &nbsp; DATOS IDENTIFICATIVOS En cumplimiento con el deber de informaci\u00f3n recogido en el art\u00edculo 10 de la Ley 34\/2002, de 11 de julio, de Servicios de la Sociedad de la Informaci\u00f3n y del Comercio Electr\u00f3nico, a continuaci\u00f3n, se reflejan los siguientes datos: El titular de esta website es \u201cMarina de Badalona S.A.\u201d, con domicilio en Av. d\u2019Eduard Maristany, Edifici de Capitania Port Esportiu i Pesquer de Badalona, s\/n, 08912 Badalona, Barcelona, con n\u00famero de NIF: A-62288154, inscrita en el Registro Mercantil de Barcelona Tomo 42236, Folio 62, Secci\u00f3n 8, Hoja B 217561, I\/A 1. Correo electr\u00f3nico de contacto port@marinabadalona.cat. La informaci\u00f3n contenida en www.marinabadalona.cat constituye un servicio de informaci\u00f3n de los diversos servicios que ofrece \u201cMarina de Badalona S.A.\u201d (en adelante Marina de Badalona) dentro del \u00e1mbito de la gesti\u00f3n integral del proceso de remodelaci\u00f3n y desarrollo urban\u00edstico y econ\u00f3mico de la fachada mar\u00edtima de Badalona, incluyendo la construcci\u00f3n, explotaci\u00f3n y gesti\u00f3n del Puerto Deportivo y Pesquero de la ciudad. &nbsp; ACEPTACI\u00d3N DE LAS CONDICIONES DE USO El acceso a la Web www.marinabadalona.cat exige la aceptaci\u00f3n de las condiciones de uso que en cada momento se encuentren vigentes en esta Web. &nbsp; PROPIEDAD INTELECTUAL El c\u00f3digo [&hellip;]<\/p>\n","protected":false},"author":1,"featured_media":0,"parent":0,"menu_order":0,"comment_status":"closed","ping_status":"closed","template":"","meta":{"footnotes":""},"class_list":["post-15629","page","type-page","status-publish","hentry"],"_links":{"self":[{"href":"https:\/\/marinabadalona.cat\/es\/wp-json\/wp\/v2\/pages\/15629","targetHints":{"allow":["GET"]}}],"collection":[{"href":"https:\/\/marinabadalona.cat\/es\/wp-json\/wp\/v2\/pages"}],"about":[{"href":"https:\/\/marinabadalona.cat\/es\/wp-json\/wp\/v2\/types\/page"}],"author":[{"embeddable":true,"href":"https:\/\/marinabadalona.cat\/es\/wp-json\/wp\/v2\/users\/1"}],"replies":[{"embeddable":true,"href":"https:\/\/marinabadalona.cat\/es\/wp-json\/wp\/v2\/comments?post=15629"}],"version-history":[{"count":1,"href":"https:\/\/marinabadalona.cat\/es\/wp-json\/wp\/v2\/pages\/15629\/revisions"}],"predecessor-version":[{"id":38004,"href":"https:\/\/marinabadalona.cat\/es\/wp-json\/wp\/v2\/pages\/15629\/revisions\/38004"}],"wp:attachment":[{"href":"https:\/\/marinabadalona.cat\/es\/wp-json\/wp\/v2\/media?parent=15629"}],"curies":[{"name":"wp","href":"https:\/\/api.w.org\/{rel}","templated":true}]}}