
{"id":16156,"date":"2021-09-08T13:56:25","date_gmt":"2021-09-08T13:56:25","guid":{"rendered":"http:\/\/novaweb.marinabadalona.cat\/?page_id=16156"},"modified":"2022-11-08T17:50:10","modified_gmt":"2022-11-08T16:50:10","slug":"buenas-practicas","status":"publish","type":"page","link":"https:\/\/marinabadalona.cat\/es\/buenas-practicas\/","title":{"rendered":"BUENAS PR\u00c1CTICAS"},"content":{"rendered":"<div class=\"wpb-content-wrapper\"><p>[vc_row type=\u00bbfull_width_section\u00bb][vc_column width=\u00bb1\/1&#8243;][rev_slider_vc alias=\u00bbslide-home\u00bb][\/vc_column][\/vc_row][vc_row top_padding=\u00bb100&#8243; bottom_padding=\u00bb100&#8243;][vc_column width=\u00bb1\/1&#8243;]<h1 class=\"headline font-special fontsize-xxl fontweight-400 lh-inherit align-center transform-uppercase \" style=\"margin: 0 0 20px 0;\">C\u00d3DIGO DE CONDUCTA DE BUENAS PR\u00c1CTICAS AMBIENTALES<\/h1><div class=\"headline font-special fontsize-m fontweight-500 lh-inherit align-center transform-inherit \" style=\"margin: 0 0 20px 0; color: #999999;\">Los invitamos a seguir estas buenas pr\u00e1cticas de forma que a partir de estas pautas de comportamiento por parte de los usuarios y usuarias del Puerto y de su equipo nos comprometemos a mantener una conducta para preservar el medio.<\/div><div class=\"divider divider1\" style='margin:0px 0 0px 0 !important;'><\/div>[\/vc_column][\/vc_row][vc_row][vc_column width=\u00bb1\/1&#8243;]<h3 class=\"headline font-special fontsize-s fontweight-500 lh-inherit align-left transform-inherit \" style=\"margin: 0 0 20px 0; color: #000000;\">El agua es un recurso natural indispensable y escaso, hay que hacer un uso racional.<\/h3>[\/vc_column][\/vc_row][vc_row bottom_padding=\u00bb80&#8243;][vc_column width=\u00bb1\/1&#8243;]<div class=\"minti_list wpb_content_element color-accent line show_separator\" style=\"\">\n<ul>\n<li>Conecte primero la manguera a la torreta y cierre el grifo antes de desconectarla.<\/li>\n<li>No deje el grifo abiertos mientra baldea la cubierta.<\/li>\n<li>Use difusores de rayo interrumpido.<\/li>\n<li>Tome conciencia del uso del agua en los servicios y en la ducha<\/li>\n<li>Avise el personal\u00a0 de Mariner\u00eda si detecta alg\u00fan escape de agua.<\/li>\n<\/ul>\n<\/div>[\/vc_column][\/vc_row][vc_row][vc_column width=\u00bb1\/1&#8243;]<h3 class=\"headline font-special fontsize-s fontweight-500 lh-inherit align-left transform-inherit \" style=\"margin: 0 0 20px 0; color: #000000;\">Reducimos al m\u00e1ximo el consumo de energ\u00eda.<\/h3>[\/vc_column][\/vc_row][vc_row bottom_padding=\u00bb80&#8243;][vc_column width=\u00bb1\/1&#8243;]<div class=\"minti_list wpb_content_element color-accent line show_separator\" style=\"\">\n<ul>\n<li>Aproveche al m\u00e1ximo la luz natural y use preferentemente l\u00e1mparas de bajo consumo.<\/li>\n<li>Apague las luces siempre que no hagan falta. No sea excesivo con la iluminaci\u00f3n, porque tambi\u00e9n es una fuente de contaminaci\u00f3n y un elemento que puede molestar la convivencia en el Puerto.<\/li>\n<li>Conecte en primer lugar el cable a la presa de corriente de la embarcaci\u00f3n y despu\u00e9s a la presa de la torreta de servicio.<\/li>\n<li>Regule el termostato climatol\u00f3gico de manera racional.<\/li>\n<li>No manipule las torretas de suministro, avise a Mariner\u00eda en caso de que detecte alg\u00fan problema en su funcionamiento.<\/li>\n<li>Una vez cargadas las bater\u00edas desconecte primero la presa de la torreta de servicio y despu\u00e9s la presa de la embarcaci\u00f3n.<\/li>\n<\/ul>\n<\/div>[\/vc_column][\/vc_row][vc_row bottom_padding=\u00bb80&#8243;][vc_column width=\u00bb1\/1&#8243;]<h3 class=\"headline font-special fontsize-s fontweight-500 lh-inherit align-left transform-inherit \" style=\"margin: 0 0 20px 0; color: #000000;\">Los vertidos producen un efecto contaminante grave.<\/h3><div class=\"minti_list wpb_content_element color-accent line show_separator\" style=\"\">\n<ul>\n<li style=\"text-align: justify;\">Vac\u00ede las aguas grises, negras y de sentina en el espacio correspondiente, situado en la gasolinera del Puerto.<\/li>\n<li style=\"text-align: justify;\">Evite utilizar los\u00a0 sanitarios y las duchas de las embarcaciones mientras est\u00e1n amarradas al Puerto, \u00a0disponen de este servicio a nuestras instalaciones, al alcance de cada pantal\u00e1n.<\/li>\n<li style=\"text-align: justify;\">En la hora de baldear las embarcaciones use jabones y detergentes biodegradables.<\/li>\n<li style=\"text-align: justify;\">Realice un mantenimiento peri\u00f3dico de los motores y de la embarcaci\u00f3n para evitar escapes.<\/li>\n<li style=\"text-align: justify;\">En caso de derrame accidental o si detecta malas pr\u00e1cticas por parte otros agentes, avise Mariner\u00eda.<\/li>\n<li style=\"text-align: justify;\">En el momento de cargar combustible, aseg\u00farese que la cantidad pedida se ajusta a la capacidad del dep\u00f3sito y a la necesidad de carburante en aquel momento.<\/li>\n<li style=\"text-align: justify;\">No derrame ninguna sustancia peligrosa al alcantarillado.<\/li>\n<li style=\"text-align: justify;\">Si tiene que hacer alguna tarea de mantenimiento en el barco, tome el m\u00e1ximo de precauci\u00f3n en cuanto a la disposici\u00f3n del material empleado en cubetos y valore si tiene que usar elementos de protecci\u00f3n personal y si hace falta, utilice el \u00e1rea de trabajo del varadero para trabajos de pavos, siempre con maquinaria con aspiraci\u00f3n de polvo.<\/li>\n<li style=\"text-align: justify;\">Avise el personal de Mariner\u00eda si detecta alg\u00fan derrame accidental y pida material absorbente si lo considera oportuno.<\/li>\n<\/ul>\n<\/div>[\/vc_column][\/vc_row][vc_row][vc_column width=\u00bb1\/1&#8243;]<h3 class=\"headline font-special fontsize-s fontweight-500 lh-inherit align-left transform-inherit \" style=\"margin: 0 0 20px 0; color: #000000;\">La segregaci\u00f3n de residuos y el uso del Punto Limpio<\/h3>[\/vc_column][\/vc_row][vc_row bottom_padding=\u00bb80&#8243;][vc_column width=\u00bb1\/1&#8243;]<div class=\"minti_list wpb_content_element color-accent line show_separator\" style=\"\">\n<ul>\n<li>Separe los residuos urbanos generados y depos\u00edtelos a los contenedores espec\u00edficos (papel, materia org\u00e1nica, pl\u00e1sticos y pilas) situados en la puerta del pantal\u00e1n. El vidrio se sit\u00faa en el Punt Limpio y en otros contenedores distribuidos por el Puerto.<\/li>\n<li>Depositar los residuos especiales (aceites, grasas, bater\u00edas, restos de pintura, fluorescentes y otros) en su punto Verd. \u00a0No deje las bengalas caducadas en los contenedores, ni en el Punt Verd ni cabe otro dep\u00f3sito del recinto. Se tienen que devolver al productor.<\/li>\n<li>No abandone ning\u00fan tipo de residuos en ning\u00fan punto del Puerto, ni los aboqu\u00e9is al alcantarillado. Si tiene cualquier consulta sobre su tratamiento, p\u00f3ngase en contacto con el personal de \u00a0Mariner\u00eda.<\/li>\n<\/ul>\n<\/div>[\/vc_column][\/vc_row][vc_row][vc_column width=\u00bb1\/1&#8243;]<h3 class=\"headline font-special fontsize-s fontweight-500 lh-inherit align-left transform-inherit \" style=\"margin: 0 0 20px 0; color: #000000;\">Emisiones atmosf\u00e9ricas y contaminaci\u00f3n ac\u00fastica.<\/h3>[\/vc_column][\/vc_row][vc_row bottom_padding=\u00bb80&#8243;][vc_column width=\u00bb1\/1&#8243;]<div class=\"minti_list wpb_content_element color-accent line show_separator\" style=\"\">\n<ul>\n<li>Respete el l\u00edmite de velocidad fijado en el recinto portuario, tanto en cuanto a veh\u00edculos rodados como en cuanto a las embarcaciones. Promueva su desplazamientos con veh\u00edculos limpios, fomentando una mejor calidad del medio y mejoras en su salud. El recinto portuario dispone de aparcamientos de bicicletas al alcance de cada pantal\u00e1n.<\/li>\n<li>Mantenga en buen estado los motores de las embarcaciones para tener una buena combusti\u00f3n y evitar la emisi\u00f3n de part\u00edculas contaminantes a la atm\u00f3sfera. Mant\u00e9ngalos en marcha tambi\u00e9n el m\u00ednimo posible por no generar ruidos innecesarios, especialmente en horas nocturnas.<\/li>\n<li>En cuanto a la contaminaci\u00f3n ac\u00fastica, no deje que las drisses golpeen el palo, puesto que son una fuente de ruido habitual en el puerto que se puede evitar.<\/li>\n<li>Consulte con el personal de Capitan\u00eda cualquier actividad extraordinaria que quiera organizar, a fin de establecer plegados las m\u00ednimas normas para una buena convivencia.<\/li>\n<\/ul>\n<\/div>[\/vc_column][\/vc_row][vc_row][vc_column width=\u00bb1\/1&#8243;]<h3 class=\"headline font-special fontsize-s fontweight-500 lh-inherit align-left transform-inherit \" style=\"margin: 0 0 20px 0; color: #000000;\">Navegaci\u00f3n responsable y sensible con el medio.<\/h3>[\/vc_column][\/vc_row][vc_row bottom_padding=\u00bb80&#8243;][vc_column width=\u00bb1\/1&#8243;]<div class=\"minti_list wpb_content_element color-accent line show_separator\" style=\"\">\n<ul>\n<li>Respete las \u00e1reas sensibles a la navegaci\u00f3n de su entorno, como las prader\u00edas de Posidonia y cumpla el requisito de navegaci\u00f3n respetuosa con los itinerarios de animales. Como los canones del Maresme <a href=\"http:\/\/www.canyonsdelmaresme.cat\/els-canyons-submarins\/\">www.canyonsdelmaresme.cat\/els-canyons-submarins\/<\/a><\/li>\n<li>No aboque desechos ni ninguna sustancia como \u00f3leos, pinturas, disolventes ni ning\u00fan residuo s\u00f3lido en el mar, ni siquiera restos org\u00e1nicos ni\u00a0 colillas.<\/li>\n<li>Evite derrames de combustible al agua.<\/li>\n<li>Evite el ruido y la velocidad excesiva en la navegaci\u00f3n.<\/li>\n<li>Respete el silencio de la natura y disfrute de la navegaci\u00f3n.<\/div>[\/vc_column][\/vc_row][vc_row][vc_column width=\u00bb5\/6&#8243;]<h3 class=\"headline font-special fontsize-s fontweight-500 lh-inherit align-left transform-inherit \" style=\"margin: 0 0 20px 0;\">Declaraci\u00f3n de pol\u00edtica ambiental del Port de Badalona<br \/>\n<\/h3><div class=\"divider divider1\" style='margin:10px 0 40px 0 !important;'><\/div>[\/vc_column][vc_column width=\u00bb1\/6&#8243;]<a href=\"https:\/\/marinabadalona.cat\/wp-content\/uploads\/2022\/11\/20221108_Declaracio-Politica-Ambiental.pdf\" target=\"_blank\" class=\"button color-3 small \" style=\"border-radius: 2px;\">PDF<\/a>[\/vc_column][\/vc_row][vc_row][vc_column width=\u00bb1\/1&#8243;][\/vc_column][\/vc_row][vc_row][vc_column][vc_column_text]<\/li>\n<\/ul>\n<p>[\/vc_column_text][\/vc_column][\/vc_row]<\/p>\n<\/div>","protected":false},"excerpt":{"rendered":"<p>[vc_row type=\u00bbfull_width_section\u00bb][vc_column width=\u00bb1\/1&#8243;][rev_slider_vc alias=\u00bbslide-home\u00bb][\/vc_column][\/vc_row][vc_row top_padding=\u00bb100&#8243; bottom_padding=\u00bb100&#8243;][vc_column width=\u00bb1\/1&#8243;][\/vc_column][\/vc_row][vc_row][vc_column width=\u00bb1\/1&#8243;][\/vc_column][\/vc_row][vc_row bottom_padding=\u00bb80&#8243;][vc_column width=\u00bb1\/1&#8243;][\/vc_column][\/vc_row][vc_row][vc_column width=\u00bb1\/1&#8243;][\/vc_column][\/vc_row][vc_row bottom_padding=\u00bb80&#8243;][vc_column width=\u00bb1\/1&#8243;][\/vc_column][\/vc_row][vc_row bottom_padding=\u00bb80&#8243;][vc_column width=\u00bb1\/1&#8243;][\/vc_column][\/vc_row][vc_row][vc_column width=\u00bb1\/1&#8243;][\/vc_column][\/vc_row][vc_row bottom_padding=\u00bb80&#8243;][vc_column width=\u00bb1\/1&#8243;][\/vc_column][\/vc_row][vc_row][vc_column width=\u00bb1\/1&#8243;][\/vc_column][\/vc_row][vc_row bottom_padding=\u00bb80&#8243;][vc_column width=\u00bb1\/1&#8243;][\/vc_column][\/vc_row][vc_row][vc_column width=\u00bb1\/1&#8243;][\/vc_column][\/vc_row][vc_row bottom_padding=\u00bb80&#8243;][vc_column width=\u00bb1\/1&#8243;][\/vc_column][\/vc_row][vc_row][vc_column width=\u00bb5\/6&#8243;][\/vc_column][vc_column width=\u00bb1\/6&#8243;][\/vc_column][\/vc_row][vc_row][vc_column width=\u00bb1\/1&#8243;][\/vc_column][\/vc_row][vc_row][vc_column][vc_column_text] [\/vc_column_text][\/vc_column][\/vc_row]<\/p>\n","protected":false},"author":1,"featured_media":0,"parent":0,"menu_order":0,"comment_status":"open","ping_status":"closed","template":"","meta":{"footnotes":""},"class_list":["post-16156","page","type-page","status-publish","hentry"],"_links":{"self":[{"href":"https:\/\/marinabadalona.cat\/es\/wp-json\/wp\/v2\/pages\/16156","targetHints":{"allow":["GET"]}}],"collection":[{"href":"https:\/\/marinabadalona.cat\/es\/wp-json\/wp\/v2\/pages"}],"about":[{"href":"https:\/\/marinabadalona.cat\/es\/wp-json\/wp\/v2\/types\/page"}],"author":[{"embeddable":true,"href":"https:\/\/marinabadalona.cat\/es\/wp-json\/wp\/v2\/users\/1"}],"replies":[{"embeddable":true,"href":"https:\/\/marinabadalona.cat\/es\/wp-json\/wp\/v2\/comments?post=16156"}],"version-history":[{"count":0,"href":"https:\/\/marinabadalona.cat\/es\/wp-json\/wp\/v2\/pages\/16156\/revisions"}],"wp:attachment":[{"href":"https:\/\/marinabadalona.cat\/es\/wp-json\/wp\/v2\/media?parent=16156"}],"curies":[{"name":"wp","href":"https:\/\/api.w.org\/{rel}","templated":true}]}}