
{"id":18335,"date":"2021-10-08T10:41:46","date_gmt":"2021-10-08T10:41:46","guid":{"rendered":"https:\/\/novaweb.marinabadalona.cat\/?page_id=18335"},"modified":"2025-07-14T13:16:11","modified_gmt":"2025-07-14T11:16:11","slug":"quienes-somos","status":"publish","type":"page","link":"https:\/\/marinabadalona.cat\/es\/quienes-somos\/","title":{"rendered":"QUI\u00c9NES SOMOS"},"content":{"rendered":"<div class=\"wpb-content-wrapper\"><p>[vc_row type=\u00bbfull_width_section\u00bb][vc_column width=\u00bb1\/1&#8243;][rev_slider_vc alias=\u00bbslide-home\u00bb][\/vc_column][\/vc_row][vc_row top_padding=\u00bb100&#8243; bottom_padding=\u00bb40&#8243;][vc_column width=\u00bb1\/1&#8243;]<h1 class=\"headline font-special fontsize-xxl fontweight-500 lh-inherit align-center transform-uppercase \" style=\"margin: 0 0 20px 0;\">OBJETO DE LA SOCIEDAD<\/h1><div class=\"headline font-special fontsize-l fontweight-400 lh-inherit align-center transform-inherit \" style=\"margin: 0 0 20px 0; color: #999999;\">\u00bfQU\u00c9 NOS MUEVE? LIDERAR LA REGENERACI\u00d3N URBAN\u00cdSTICA DEL LITORAL PARA ACERCAR A TODO EL MUNDO LA CULTURA Y LOS VALORES DE MAR<br \/>\nA TRAV\u00c9S DE LA PASI\u00d3N POR LA N\u00c1UTICA<\/div><div class=\"divider divider1\" style='margin:0px 0 0px 0 !important;'><\/div>[\/vc_column][\/vc_row][vc_row top_padding=\u00bb0&#8243; bottom_padding=\u00bb100&#8243; bg_position=\u00bbleft top\u00bb][vc_column width=\u00bb1\/2&#8243;][vc_column_text]<\/p>\n<p style=\"text-align: justify;\">Marina de Badalona, SA, es una sociedad mercantil, inicialmente de capital p\u00fablico, constituida el 23 de mayo del 2000 por tiempo indefinido, que tiene como objeto social: La gesti\u00f3n integral del proceso de remodelaci\u00f3n y desarrollo urban\u00edstico y econ\u00f3mico del sector de la fachada mar\u00edtima de Badalona, en el marco del proceso de renovaci\u00f3n de la ciudad ordenado por el Ayuntamiento y con la ensambladura de la misma en el conjunto del crecimiento de la comarca, y la construcci\u00f3n, gesti\u00f3n y explotaci\u00f3n del Puerto Deportivo y Pesquero de Badalona.<\/p>\n<p>[\/vc_column_text][\/vc_column][vc_column width=\u00bb1\/2&#8243;][vc_column_text]<\/p>\n<p style=\"text-align: justify;\">La sociedad est\u00e1 participada en un 50% por el Ayuntamiento de Badalona y en un 50% por la Generalitat de Catalu\u00f1a. Marina de Badalona es la concesionaria de la gesti\u00f3n y explotaci\u00f3n del Puerto -concesi\u00f3n que obtuvo del Consejo Ejecutivo de la Generalitat de Catalu\u00f1a el 22 de enero de 2002- y es por acuerdo del Pleno del Ayuntamiento, Administraci\u00f3n urban\u00edstica actuante por el proceso de cooperaci\u00f3n para la gesti\u00f3n del Plan Especial del Puerto de\u00a0Badalona.<\/p>\n<p>[\/vc_column_text][\/vc_column][\/vc_row][vc_row top_padding=\u00bb0&#8243; bottom_padding=\u00bb40&#8243; bg_position=\u00bbleft top\u00bb][vc_column width=\u00bb1\/3&#8243;]<div class=\"iconbox  wpb_content_element iconbox-style-2 icon-color-accent color-dark clearfix\"><div class=\"iconbox-icon\"><i class=\"fa sl-flag boxicon\" style=\"\"><\/i><\/div><div class=\"iconbox-content\"><h3>MISI\u00d3N<\/h3><p>Ofrecer soluciones n\u00e1uticas de alto valor a nuestros clientes y acercar la ciudad de Badalona al mar.<\/p><\/div><\/div>[\/vc_column][vc_column width=\u00bb1\/3&#8243;]<div class=\"iconbox  wpb_content_element iconbox-style-2 icon-color-accent color-dark clearfix\"><div class=\"iconbox-icon\"><i class=\"fa sl-eye boxicon\" style=\"\"><\/i><\/div><div class=\"iconbox-content\"><h3>VISI\u00d3N<\/h3><p>Ser el puerto deportivo y urbano de referencia al servicio de la ciudadan\u00eda y ser espacio de desarrollo econ\u00f3mico en el \u00c1rea Metropolitana de Barcelona.<\/p><\/div><\/div>[\/vc_column][vc_column width=\u00bb1\/3&#8243;]<div class=\"iconbox  wpb_content_element iconbox-style-2 icon-color-accent color-dark clearfix\"><div class=\"iconbox-icon\"><i class=\"fa sl-badge boxicon\" style=\"\"><\/i><\/div><div class=\"iconbox-content\"><h3>VALORES<\/h3><p>Excelencia en nuestros servicios.<br \/>\nEficiencia y transparencia en nuestra actividad.<br \/>\nCompromiso con los clientes.<br \/>\nRespeto y confianza en las personas.<br \/>\nResponsabilidad social y medioambiental.<\/p><\/div><\/div>[\/vc_column][\/vc_row][vc_row bottom_padding=\u00bb20&#8243;][vc_column width=\u00bb1\/1&#8243;]<div class=\"divider divider1\" style='margin:00px 0 00px 0 !important;'><\/div>[\/vc_column][\/vc_row][vc_row][vc_column width=\u00bb5\/6&#8243;]<h3 class=\"headline font-special fontsize-inherit fontweight-500 lh-inherit align-left transform-inherit \" style=\"margin: 0 0 20px 0;\">POL\u00cdTICA DE CALIDAD, MEDIO AMBIENTE Y PREVENCI\u00d3N DE RIESGOS LABORALES<\/h3>[\/vc_column][vc_column width=\u00bb1\/6&#8243;]<a href=\"https:\/\/marinabadalona.cat\/wp-content\/uploads\/2025\/07\/MSIG-AN01.v1-ESP-Politica-SIG-Marina-de-Badalona.pdf\" target=\"_blank\" class=\"button color-3 small \" style=\"border-radius: 2px;\">PDF<\/a>[\/vc_column][\/vc_row][vc_row bottom_padding=\u00bb20&#8243;][vc_column width=\u00bb1\/1&#8243;]<div class=\"divider divider1\" style='margin:00px 0 00px 0 !important;'><\/div>[\/vc_column][\/vc_row][vc_row][vc_column width=\u00bb5\/6&#8243;]<h3 class=\"headline font-special fontsize-inherit fontweight-500 lh-inherit align-left transform-inherit \" style=\"margin: 0 0 20px 0;\">L\u00cdNEAS ESTRAT\u00c9GICAS<\/h3>[\/vc_column][vc_column width=\u00bb1\/6&#8243;]<a href=\"https:\/\/marinabadalona.cat\/wp-content\/uploads\/2022\/03\/Lineas-Estrategicas_web_ES.pdf\" target=\"_blank\" class=\"button color-3 small \" style=\"border-radius: 2px;\">PDF<\/a>[\/vc_column][\/vc_row][vc_row bottom_padding=\u00bb20&#8243;][vc_column width=\u00bb1\/1&#8243;]<div class=\"divider divider1\" style='margin:00px 0 00px 0 !important;'><\/div>[\/vc_column][\/vc_row][vc_row type=\u00bbfull_width_section\u00bb][vc_column width=\u00bb1\/3&#8243;]<div class=\"single_image wpb_content_element align-left    \" data-animation=\"none\" data-delay=\"0\"><img loading=\"lazy\" decoding=\"async\" width=\"1000\" height=\"1000\" src=\"https:\/\/marinabadalona.cat\/wp-content\/uploads\/2021\/10\/qui-som-objecte-de-la-societat-marinabadalona-dortoka.jpg\" class=\"attachment-full\" alt=\"\" title=\"qui-som-objecte-de-la-societat-marinabadalona-dortoka\" srcset=\"https:\/\/marinabadalona.cat\/wp-content\/uploads\/2021\/10\/qui-som-objecte-de-la-societat-marinabadalona-dortoka.jpg 1000w, https:\/\/marinabadalona.cat\/wp-content\/uploads\/2021\/10\/qui-som-objecte-de-la-societat-marinabadalona-dortoka-300x300.jpg 300w, https:\/\/marinabadalona.cat\/wp-content\/uploads\/2021\/10\/qui-som-objecte-de-la-societat-marinabadalona-dortoka-150x150.jpg 150w, https:\/\/marinabadalona.cat\/wp-content\/uploads\/2021\/10\/qui-som-objecte-de-la-societat-marinabadalona-dortoka-768x768.jpg 768w, https:\/\/marinabadalona.cat\/wp-content\/uploads\/2021\/10\/qui-som-objecte-de-la-societat-marinabadalona-dortoka-80x80.jpg 80w, https:\/\/marinabadalona.cat\/wp-content\/uploads\/2021\/10\/qui-som-objecte-de-la-societat-marinabadalona-dortoka-500x500.jpg 500w, https:\/\/marinabadalona.cat\/wp-content\/uploads\/2021\/10\/qui-som-objecte-de-la-societat-marinabadalona-dortoka-600x600.jpg 600w, https:\/\/marinabadalona.cat\/wp-content\/uploads\/2021\/10\/qui-som-objecte-de-la-societat-marinabadalona-dortoka-100x100.jpg 100w\" sizes=\"auto, (max-width: 1000px) 100vw, 1000px\" \/><\/div>[\/vc_column][vc_column width=\u00bb1\/3&#8243;]<div class=\"single_image wpb_content_element align-left    \" data-animation=\"none\" data-delay=\"0\"><img loading=\"lazy\" decoding=\"async\" width=\"1000\" height=\"1000\" src=\"https:\/\/marinabadalona.cat\/wp-content\/uploads\/2021\/10\/qui-som-objecte-de-la-societat-facana-marinabadalona-dortoka.jpg\" class=\"attachment-full\" alt=\"\" title=\"qui-som-objecte-de-la-societat-fa\u00e7ana-marinabadalona-dortoka\" srcset=\"https:\/\/marinabadalona.cat\/wp-content\/uploads\/2021\/10\/qui-som-objecte-de-la-societat-facana-marinabadalona-dortoka.jpg 1000w, https:\/\/marinabadalona.cat\/wp-content\/uploads\/2021\/10\/qui-som-objecte-de-la-societat-facana-marinabadalona-dortoka-300x300.jpg 300w, https:\/\/marinabadalona.cat\/wp-content\/uploads\/2021\/10\/qui-som-objecte-de-la-societat-facana-marinabadalona-dortoka-150x150.jpg 150w, https:\/\/marinabadalona.cat\/wp-content\/uploads\/2021\/10\/qui-som-objecte-de-la-societat-facana-marinabadalona-dortoka-768x768.jpg 768w, https:\/\/marinabadalona.cat\/wp-content\/uploads\/2021\/10\/qui-som-objecte-de-la-societat-facana-marinabadalona-dortoka-80x80.jpg 80w, https:\/\/marinabadalona.cat\/wp-content\/uploads\/2021\/10\/qui-som-objecte-de-la-societat-facana-marinabadalona-dortoka-500x500.jpg 500w, https:\/\/marinabadalona.cat\/wp-content\/uploads\/2021\/10\/qui-som-objecte-de-la-societat-facana-marinabadalona-dortoka-600x600.jpg 600w, https:\/\/marinabadalona.cat\/wp-content\/uploads\/2021\/10\/qui-som-objecte-de-la-societat-facana-marinabadalona-dortoka-100x100.jpg 100w\" sizes=\"auto, (max-width: 1000px) 100vw, 1000px\" \/><\/div>[\/vc_column][vc_column width=\u00bb1\/3&#8243;]<div class=\"single_image wpb_content_element align-left    \" data-animation=\"none\" data-delay=\"0\"><img loading=\"lazy\" decoding=\"async\" width=\"1000\" height=\"1000\" src=\"https:\/\/marinabadalona.cat\/wp-content\/uploads\/2021\/10\/qui-som-objecte-de-la-societat-varadero-marinabadalona-dortoka.jpg\" class=\"attachment-full\" alt=\"\" title=\"qui-som-objecte-de-la-societat-varadero-marinabadalona-dortoka\" srcset=\"https:\/\/marinabadalona.cat\/wp-content\/uploads\/2021\/10\/qui-som-objecte-de-la-societat-varadero-marinabadalona-dortoka.jpg 1000w, https:\/\/marinabadalona.cat\/wp-content\/uploads\/2021\/10\/qui-som-objecte-de-la-societat-varadero-marinabadalona-dortoka-300x300.jpg 300w, https:\/\/marinabadalona.cat\/wp-content\/uploads\/2021\/10\/qui-som-objecte-de-la-societat-varadero-marinabadalona-dortoka-150x150.jpg 150w, https:\/\/marinabadalona.cat\/wp-content\/uploads\/2021\/10\/qui-som-objecte-de-la-societat-varadero-marinabadalona-dortoka-768x768.jpg 768w, https:\/\/marinabadalona.cat\/wp-content\/uploads\/2021\/10\/qui-som-objecte-de-la-societat-varadero-marinabadalona-dortoka-80x80.jpg 80w, https:\/\/marinabadalona.cat\/wp-content\/uploads\/2021\/10\/qui-som-objecte-de-la-societat-varadero-marinabadalona-dortoka-500x500.jpg 500w, https:\/\/marinabadalona.cat\/wp-content\/uploads\/2021\/10\/qui-som-objecte-de-la-societat-varadero-marinabadalona-dortoka-600x600.jpg 600w, https:\/\/marinabadalona.cat\/wp-content\/uploads\/2021\/10\/qui-som-objecte-de-la-societat-varadero-marinabadalona-dortoka-100x100.jpg 100w\" sizes=\"auto, (max-width: 1000px) 100vw, 1000px\" \/><\/div>[\/vc_column][\/vc_row]<\/p>\n<\/div>","protected":false},"excerpt":{"rendered":"<p>[vc_row type=\u00bbfull_width_section\u00bb][vc_column width=\u00bb1\/1&#8243;][rev_slider_vc alias=\u00bbslide-home\u00bb][\/vc_column][\/vc_row][vc_row top_padding=\u00bb100&#8243; bottom_padding=\u00bb40&#8243;][vc_column width=\u00bb1\/1&#8243;][\/vc_column][\/vc_row][vc_row top_padding=\u00bb0&#8243; bottom_padding=\u00bb100&#8243; bg_position=\u00bbleft top\u00bb][vc_column width=\u00bb1\/2&#8243;][vc_column_text] Marina de Badalona, SA, es una sociedad mercantil, inicialmente de capital p\u00fablico, constituida el 23 de mayo del 2000 por tiempo indefinido, que tiene como objeto social: La gesti\u00f3n integral del proceso de remodelaci\u00f3n y desarrollo urban\u00edstico y econ\u00f3mico del sector de la fachada mar\u00edtima de Badalona, en el marco del proceso de renovaci\u00f3n de la ciudad ordenado por el Ayuntamiento y con la ensambladura de la misma en el conjunto del crecimiento de la comarca, y la construcci\u00f3n, gesti\u00f3n y explotaci\u00f3n del Puerto Deportivo y Pesquero de Badalona. [\/vc_column_text][\/vc_column][vc_column width=\u00bb1\/2&#8243;][vc_column_text] La sociedad est\u00e1 participada en un 50% por el Ayuntamiento de Badalona y en un 50% por la Generalitat de Catalu\u00f1a. Marina de Badalona es la concesionaria de la gesti\u00f3n y explotaci\u00f3n del Puerto -concesi\u00f3n que obtuvo del Consejo Ejecutivo de la Generalitat de Catalu\u00f1a el 22 de enero de 2002- y es por acuerdo del Pleno del Ayuntamiento, Administraci\u00f3n urban\u00edstica actuante por el proceso de cooperaci\u00f3n para la gesti\u00f3n del Plan Especial del Puerto de\u00a0Badalona. [\/vc_column_text][\/vc_column][\/vc_row][vc_row top_padding=\u00bb0&#8243; bottom_padding=\u00bb40&#8243; bg_position=\u00bbleft top\u00bb][vc_column width=\u00bb1\/3&#8243;][\/vc_column][vc_column width=\u00bb1\/3&#8243;][\/vc_column][vc_column width=\u00bb1\/3&#8243;][\/vc_column][\/vc_row][vc_row bottom_padding=\u00bb20&#8243;][vc_column width=\u00bb1\/1&#8243;][\/vc_column][\/vc_row][vc_row][vc_column width=\u00bb5\/6&#8243;][\/vc_column][vc_column width=\u00bb1\/6&#8243;][\/vc_column][\/vc_row][vc_row bottom_padding=\u00bb20&#8243;][vc_column width=\u00bb1\/1&#8243;][\/vc_column][\/vc_row][vc_row][vc_column width=\u00bb5\/6&#8243;][\/vc_column][vc_column width=\u00bb1\/6&#8243;][\/vc_column][\/vc_row][vc_row bottom_padding=\u00bb20&#8243;][vc_column width=\u00bb1\/1&#8243;][\/vc_column][\/vc_row][vc_row type=\u00bbfull_width_section\u00bb][vc_column width=\u00bb1\/3&#8243;][\/vc_column][vc_column width=\u00bb1\/3&#8243;][\/vc_column][vc_column [&hellip;]<\/p>\n","protected":false},"author":1784,"featured_media":0,"parent":0,"menu_order":0,"comment_status":"open","ping_status":"closed","template":"","meta":{"footnotes":""},"class_list":["post-18335","page","type-page","status-publish","hentry"],"_links":{"self":[{"href":"https:\/\/marinabadalona.cat\/es\/wp-json\/wp\/v2\/pages\/18335","targetHints":{"allow":["GET"]}}],"collection":[{"href":"https:\/\/marinabadalona.cat\/es\/wp-json\/wp\/v2\/pages"}],"about":[{"href":"https:\/\/marinabadalona.cat\/es\/wp-json\/wp\/v2\/types\/page"}],"author":[{"embeddable":true,"href":"https:\/\/marinabadalona.cat\/es\/wp-json\/wp\/v2\/users\/1784"}],"replies":[{"embeddable":true,"href":"https:\/\/marinabadalona.cat\/es\/wp-json\/wp\/v2\/comments?post=18335"}],"version-history":[{"count":2,"href":"https:\/\/marinabadalona.cat\/es\/wp-json\/wp\/v2\/pages\/18335\/revisions"}],"predecessor-version":[{"id":38925,"href":"https:\/\/marinabadalona.cat\/es\/wp-json\/wp\/v2\/pages\/18335\/revisions\/38925"}],"wp:attachment":[{"href":"https:\/\/marinabadalona.cat\/es\/wp-json\/wp\/v2\/media?parent=18335"}],"curies":[{"name":"wp","href":"https:\/\/api.w.org\/{rel}","templated":true}]}}