
{"id":18347,"date":"2021-10-07T08:01:30","date_gmt":"2021-10-07T08:01:30","guid":{"rendered":"https:\/\/novaweb.marinabadalona.cat\/es\/organs-de-govern\/"},"modified":"2023-11-16T09:28:33","modified_gmt":"2023-11-16T08:28:33","slug":"organos-de-gobierno","status":"publish","type":"page","link":"https:\/\/marinabadalona.cat\/es\/organos-de-gobierno\/","title":{"rendered":"\u00d3RGANOS DE GOBIERNO"},"content":{"rendered":"<div class=\"wpb-content-wrapper\"><p>[vc_row type=\u00bbfull_width_section\u00bb][vc_column width=\u00bb1\/1&#8243;][rev_slider_vc alias=\u00bbslide-home\u00bb][\/vc_column][\/vc_row][vc_row top_padding=\u00bb100&#8243; bottom_padding=\u00bb40&#8243;][vc_column width=\u00bb1\/1&#8243;]<h1 class=\"headline font-special fontsize-xxl fontweight-500 lh-inherit align-center transform-uppercase \" style=\"margin: 0 0 20px 0;\">\u00d3RGANOS DE GOBIERNO<\/h1><div class=\"headline font-special fontsize-l fontweight-400 lh-inherit align-center transform-inherit \" style=\"margin: 0 0 20px 0; color: #999999;\">Los \u00f3rganos de gobierno y de gesti\u00f3n de la sociedad son la Junta General, el Consejo de Administraci\u00f3n y la Gerencia.<\/div><div class=\"divider divider1\" style='margin:0px 0 0px 0 !important;'><\/div>[\/vc_column][\/vc_row][vc_row top_padding=\u00bb0&#8243; bottom_padding=\u00bb40&#8243; bg_position=\u00bbleft top\u00bb][vc_column width=\u00bb1\/1&#8243;][vc_column_text]Los \u00f3rganos de gobierno y de gesti\u00f3n de la sociedad son:<\/p>\n<ul>\n<li>La Junta General. Integrada por los dos socios al 50%, que son el Ayuntamiento de Badalona y la Administraci\u00f3n de la Generalitat de Catalu\u00f1a. Est\u00e1 presidida por el alcalde\/ese de la ciudad.<\/li>\n<li>El Consejo de Administraci\u00f3n. Integrado por 14 personas (7 en representaci\u00f3n del Ayuntamiento y 7 en representaci\u00f3n de la Generalitat). Presidido por el alcalde\/ese de la ciudad.<br \/>\nSe designa una vicepresidencia 1.\u00aa (Generalitat) y una vicepresidencia 2.\u00aa (Ayuntamiento). El consejo puede optar por nombrar de entre sus miembros uno o m\u00e1s consejeros delegados (responsabilidad por 5 a\u00f1os, renovable una o m\u00e1s veces por un periodo de igual duraci\u00f3n). Actualmente esta figura no existe y la gesti\u00f3n recae en la gerencia.<\/li>\n<li>La Gerencia. <a href=\"https:\/\/marinabadalona.cat\/wp-content\/uploads\/2023\/11\/CV-Imanol-Sanz-Martinez.pdf\" target=\"_blank\" rel=\"noopener\">Imanol Sanz Mart\u00ednez<\/a> es gerente de Marina Badalona desde el 1 de febrero de 2013.<\/li>\n<\/ul>\n<p>[\/vc_column_text][\/vc_column][\/vc_row][vc_row bottom_padding=\u00bb20&#8243;][vc_column width=\u00bb1\/1&#8243;][vc_column_text]\n<table id=\"tablepress-152\" class=\"tablepress tablepress-id-152\">\n<tbody class=\"row-striping row-hover\">\n<tr class=\"row-1\">\n\t<td class=\"column-1\">Presidencia<\/td><td class=\"column-2\"><a href=\"https:\/\/www.seu-e.cat\/ca\/web\/badalona\/govern-obert-i-transparencia\/informacio-institucional-i-organitzativa\/organitzacio-politica-i-retribucions\/carrecs-electes\/-\/grupPolitic\/veureCarrec\/6401?p_auth=p9HYUKJ5o\" rel=\"noopener\" target=\"_blank\">Xavier Garc\u00eda Albiol<\/a><\/td>\n<\/tr>\n<tr class=\"row-2\">\n\t<td class=\"column-1\">Vicepresidencia Primera <\/td><td class=\"column-2\"><a href=\"https:\/\/www.seu-e.cat\/ca\/web\/badalona\/govern-obert-i-transparencia\/informacio-institucional-i-organitzativa\/organitzacio-politica-i-retribucions\/carrecs-electes\/-\/grupPolitic\/veureCarrec\/12299?p_auth=p9HYUKJ5\" rel=\"noopener\" target=\"_blank\">Fernando Carrera Lopez<\/a> <\/td>\n<\/tr>\n<tr class=\"row-3\">\n\t<td class=\"column-1\">Vicepresidencia Segunda<\/td><td class=\"column-2\"><a href=\"https:\/\/www.diba.cat\/es\/web\/ladiputacio\/ramon-riera-macia\" rel=\"noopener\" target=\"_blank\">Ram\u00f3n Riera Macia <\/a><\/td>\n<\/tr>\n<tr class=\"row-4\">\n\t<td class=\"column-1\">Consejeros\/as Por el Ayuntamiento<\/td><td class=\"column-2\"><a href=\"https:\/\/www.seu-e.cat\/ca\/web\/badalona\/govern-obert-i-transparencia\/informacio-institucional-i-organitzativa\/organitzacio-politica-i-retribucions\/carrecs-electes\/-\/grupPolitic\/veureCarrec\/6409?p_auth=p9HYUKJ5\" rel=\"noopener\" target=\"_blank\">Rosa del Amo Hern\u00e1ndez<\/a><br \/>\n<a href=\"https:\/\/www.seu-e.cat\/ca\/web\/badalona\/govern-obert-i-transparencia\/informacio-institucional-i-organitzativa\/organitzacio-politica-i-retribucions\/carrecs-electes\/-\/grupPolitic\/veureCarrec\/12292?p_auth=p9HYUKJ5\" rel=\"noopener\" target=\"_blank\">Sonia Egea P\u00e9rez<\/a><br \/>\n<a href=\"https:\/\/www.seu-e.cat\/ca\/web\/badalona\/govern-obert-i-transparencia\/informacio-institucional-i-organitzativa\/organitzacio-politica-i-retribucions\/carrecs-electes\/-\/grupPolitic\/veureCarrec\/6410?p_auth=p9HYUKJ5\" target=\"_blank\" rel=\"noopener\">Florencia Bad\u00eda Avi\u00f1o<\/a>  <br \/>\n<a href=\"https:\/\/www.seu-e.cat\/ca\/web\/badalona\/govern-obert-i-transparencia\/informacio-institucional-i-organitzativa\/organitzacio-politica-i-retribucions\/carrecs-electes\/-\/grupPolitic\/veureCarrec\/6404?p_auth=p9HYUKJ5\" rel=\"noopener\" target=\"_blank\">Daniel Gracia \u00c1lvarez<\/a>  <br \/>\n<a href=\"https:\/\/www.seu-e.cat\/ca\/web\/badalona\/govern-obert-i-transparencia\/informacio-institucional-i-organitzativa\/organitzacio-politica-i-retribucions\/carrecs-electes\/-\/grupPolitic\/veureCarrec\/12291?p_auth=p9HYUKJ5\" rel=\"noopener\" target=\"_blank\">David Mej\u00eda Ayra<\/a><\/td>\n<\/tr>\n<tr class=\"row-5\">\n\t<td class=\"column-1\">Consejeros\/as Por la Generalitat<\/td><td class=\"column-2\"><a href=\"https:\/\/www.accio.gencat.cat\/web\/.content\/05_ACCIO\/Agencia\/Normativa-legal-i-transparencia\/Transparencia\/doc\/1-organitzacio\/perfils\/1.2.1.2_Fitxa_Perfil-i-trajectoria-professional_Jaume-Baro-Torres.pdf\" rel=\"noopener\" target=\"_blank\">Jaume Bar\u00f3 Torres<\/a> <br \/>\n<a href=\"https:\/\/marinabadalona.cat\/wp-content\/uploads\/2025\/01\/Antoni-Espanya-Forcadell.pdf\" rel=\"noopener\" target=\"_blank\">Antoni Espanya Forcadell<\/a><br \/>\n<a href=\"https:\/\/marinabadalona.cat\/wp-content\/uploads\/2025\/01\/Jonatan-Ferreras-Roman.pdf\" rel=\"noopener\" target=\"_blank\">Jonatan Ferreras Rom\u00e1n<\/a><br \/>\n<a href=\"https:\/\/marinabadalona.cat\/wp-content\/uploads\/2025\/01\/Maria-Jesus-Lopez-Lopez.pdf\" rel=\"noopener\" target=\"_blank\">Mar\u00eda Jes\u00fas L\u00f3pez L\u00f3pez<\/a><br \/>\n<a href=\"https:\/\/marinabadalona.cat\/wp-content\/uploads\/2025\/01\/Manel-Nadal-i-Farreras.pdf\" rel=\"noopener\" target=\"_blank\">Manel Nadal i Farreras<\/a> <br \/>\n<a href=\"https:\/\/marinabadalona.cat\/wp-content\/uploads\/2025\/01\/David-Prat-Soto.pdf\" rel=\"noopener\" target=\"_blank\">David Prat Soto <\/a><\/td>\n<\/tr>\n<\/tbody>\n<\/table>\n<!-- #tablepress-152 from cache -->[\/vc_column_text][\/vc_column][\/vc_row]<\/p>\n<\/div>","protected":false},"excerpt":{"rendered":"<p>[vc_row type=\u00bbfull_width_section\u00bb][vc_column width=\u00bb1\/1&#8243;][rev_slider_vc alias=\u00bbslide-home\u00bb][\/vc_column][\/vc_row][vc_row top_padding=\u00bb100&#8243; bottom_padding=\u00bb40&#8243;][vc_column width=\u00bb1\/1&#8243;][\/vc_column][\/vc_row][vc_row top_padding=\u00bb0&#8243; bottom_padding=\u00bb40&#8243; bg_position=\u00bbleft top\u00bb][vc_column width=\u00bb1\/1&#8243;][vc_column_text]Los \u00f3rganos de gobierno y de gesti\u00f3n de la sociedad son: La Junta General. Integrada por los dos socios al 50%, que son el Ayuntamiento de Badalona y la Administraci\u00f3n de la Generalitat de Catalu\u00f1a. Est\u00e1 presidida por el alcalde\/ese de la ciudad. El Consejo de Administraci\u00f3n. Integrado por 14 personas (7 en representaci\u00f3n del Ayuntamiento y 7 en representaci\u00f3n de la Generalitat). Presidido por el alcalde\/ese de la ciudad. Se designa una vicepresidencia 1.\u00aa (Generalitat) y una vicepresidencia 2.\u00aa (Ayuntamiento). El consejo puede optar por nombrar de entre sus miembros uno o m\u00e1s consejeros delegados (responsabilidad por 5 a\u00f1os, renovable una o m\u00e1s veces por un periodo de igual duraci\u00f3n). Actualmente esta figura no existe y la gesti\u00f3n recae en la gerencia. La Gerencia. Imanol Sanz Mart\u00ednez es gerente de Marina Badalona desde el 1 de febrero de 2013. [\/vc_column_text][\/vc_column][\/vc_row][vc_row bottom_padding=\u00bb20&#8243;][vc_column width=\u00bb1\/1&#8243;][vc_column_text][\/vc_column_text][\/vc_column][\/vc_row]<\/p>\n","protected":false},"author":1,"featured_media":0,"parent":0,"menu_order":0,"comment_status":"open","ping_status":"closed","template":"","meta":{"footnotes":""},"class_list":["post-18347","page","type-page","status-publish","hentry"],"_links":{"self":[{"href":"https:\/\/marinabadalona.cat\/es\/wp-json\/wp\/v2\/pages\/18347","targetHints":{"allow":["GET"]}}],"collection":[{"href":"https:\/\/marinabadalona.cat\/es\/wp-json\/wp\/v2\/pages"}],"about":[{"href":"https:\/\/marinabadalona.cat\/es\/wp-json\/wp\/v2\/types\/page"}],"author":[{"embeddable":true,"href":"https:\/\/marinabadalona.cat\/es\/wp-json\/wp\/v2\/users\/1"}],"replies":[{"embeddable":true,"href":"https:\/\/marinabadalona.cat\/es\/wp-json\/wp\/v2\/comments?post=18347"}],"version-history":[{"count":2,"href":"https:\/\/marinabadalona.cat\/es\/wp-json\/wp\/v2\/pages\/18347\/revisions"}],"predecessor-version":[{"id":37518,"href":"https:\/\/marinabadalona.cat\/es\/wp-json\/wp\/v2\/pages\/18347\/revisions\/37518"}],"wp:attachment":[{"href":"https:\/\/marinabadalona.cat\/es\/wp-json\/wp\/v2\/media?parent=18347"}],"curies":[{"name":"wp","href":"https:\/\/api.w.org\/{rel}","templated":true}]}}