
{"id":18355,"date":"2021-09-16T14:11:49","date_gmt":"2021-09-16T14:11:49","guid":{"rendered":"https:\/\/novaweb.marinabadalona.cat\/es\/etica-i-compliment\/"},"modified":"2022-03-24T10:20:56","modified_gmt":"2022-03-24T10:20:56","slug":"etica-y-cumplimiento","status":"publish","type":"page","link":"https:\/\/marinabadalona.cat\/es\/etica-y-cumplimiento\/","title":{"rendered":"\u00c9TICA Y CUMPLIMIENTO"},"content":{"rendered":"<div class=\"wpb-content-wrapper\"><p>[vc_row type=\u00bbfull_width_section\u00bb][vc_column width=\u00bb1\/1&#8243;][rev_slider_vc alias=\u00bbslide-home\u00bb][\/vc_column][\/vc_row][vc_row top_padding=\u00bb100&#8243; bottom_padding=\u00bb40&#8243;][vc_column width=\u00bb1\/1&#8243;]<h1 class=\"headline font-special fontsize-xxl fontweight-500 lh-inherit align-center transform-uppercase \" style=\"margin: 0 0 20px 0;\">\u00c9TICA Y CUMPLIMIENTO<\/h1><div class=\"headline font-special fontsize-l fontweight-400 lh-inherit align-center transform-inherit \" style=\"margin: 0 0 20px 0; color: #999999;\">La Sociedad aplica un modelo de prevenci\u00f3n de riesgos penales<br \/>\ndesde diciembre de 2019<\/div><div class=\"divider divider1\" style='margin:0px 0 0px 0 !important;'><\/div>[\/vc_column][\/vc_row][vc_row top_padding=\u00bb0&#8243; bottom_padding=\u00bb100&#8243; bg_position=\u00bbleft top\u00bb][vc_column width=\u00bb1\/2&#8243;][vc_column_text]<\/p>\n<p style=\"text-align: justify;\">Marina de Badalona SA da un paso adelante en el compromiso con la sociedad, con nuestro equipo de profesionales, con las personas colaboradoras: clientas, proveedoras y especialmente con nuestros usuarios y usuarias. Es la nuestra\u00a0obligaci\u00f3n, y no puede ser de otro modo en una organizaci\u00f3n que gu\u00eda sus actividades bajo los principios de cumplimiento de los Derechos Humanos y las libertades p\u00fablicas con el m\u00e1ximo respeto por el principio de legalidad, los derechos de terceros y el resto de\u00a0derechos, en particular los de igualdad.<\/p>\n<p>[\/vc_column_text][\/vc_column][vc_column width=\u00bb1\/2&#8243;][vc_column_text]<\/p>\n<p style=\"text-align: justify;\">Entre nuestros valores esenciales se tiene que destacar el cumplimiento normativo, la honestidad y la transparencia, as\u00ed como la promoci\u00f3n personal y profesional de todos los empleados garantizando la igualdad de oportunidades y la no discriminaci\u00f3n por cualquier circunstancia.\u00a0 Por este motivo, el Consejo de Administraci\u00f3n aprob\u00f3 el Sistema de Gesti\u00f3n del\u00a0Compliance\u00a0Penal (adapt\u00e1ndose a la\u00a0UNE\u00a019601) implementando en la sociedad el modelo de prevenci\u00f3n de riesgos penales.<\/p>\n<p>[\/vc_column_text][\/vc_column][\/vc_row][vc_row][vc_column width=\u00bb5\/6&#8243;]<h3 class=\"headline font-special fontsize-s fontweight-500 lh-inherit align-left transform-inherit \" style=\"margin: 0 0 20px 0;\">C\u00f3digo \u00e9tico de Marina de Badalona SA, aprobado por unanimidad en el Consejo de Administraci\u00f3n del 19 de diciembre de 2019<\/h3><div class=\"divider divider1\" style='margin:10px 0 40px 0 !important;'><\/div>[\/vc_column][vc_column width=\u00bb1\/6&#8243;]<a href=\"https:\/\/marinabadalona.cat\/wp-content\/uploads\/2022\/01\/00-01-CODI-ETIC-MBSA_ES.pdf\" target=\"_blank\" class=\"button color-3 small \" style=\"border-radius: 2px;\">VER M\u00c1S<\/a>[\/vc_column][\/vc_row][vc_row][vc_column width=\u00bb5\/6&#8243;]<h3 class=\"headline font-special fontsize-s fontweight-500 lh-inherit align-left transform-inherit \" style=\"margin: 0 0 20px 0;\">Canal \u00e9tico<br \/>\n<\/h3><div class=\"divider divider1\" style='margin:10px 0 40px 0 !important;'><\/div>[\/vc_column][vc_column width=\u00bb1\/6&#8243;]<a href=\"https:\/\/box.viadenuncia.net\/4633160835?lang=es\" target=\"_blank\" class=\"button color-3 small \" style=\"border-radius: 2px;\">VER M\u00c1S<\/a>[\/vc_column][\/vc_row][vc_row][vc_column width=\u00bb1\/1&#8243;][\/vc_column][\/vc_row]<\/p>\n<\/div>","protected":false},"excerpt":{"rendered":"<p>[vc_row type=\u00bbfull_width_section\u00bb][vc_column width=\u00bb1\/1&#8243;][rev_slider_vc alias=\u00bbslide-home\u00bb][\/vc_column][\/vc_row][vc_row top_padding=\u00bb100&#8243; bottom_padding=\u00bb40&#8243;][vc_column width=\u00bb1\/1&#8243;][\/vc_column][\/vc_row][vc_row top_padding=\u00bb0&#8243; bottom_padding=\u00bb100&#8243; bg_position=\u00bbleft top\u00bb][vc_column width=\u00bb1\/2&#8243;][vc_column_text] Marina de Badalona SA da un paso adelante en el compromiso con la sociedad, con nuestro equipo de profesionales, con las personas colaboradoras: clientas, proveedoras y especialmente con nuestros usuarios y usuarias. Es la nuestra\u00a0obligaci\u00f3n, y no puede ser de otro modo en una organizaci\u00f3n que gu\u00eda sus actividades bajo los principios de cumplimiento de los Derechos Humanos y las libertades p\u00fablicas con el m\u00e1ximo respeto por el principio de legalidad, los derechos de terceros y el resto de\u00a0derechos, en particular los de igualdad. [\/vc_column_text][\/vc_column][vc_column width=\u00bb1\/2&#8243;][vc_column_text] Entre nuestros valores esenciales se tiene que destacar el cumplimiento normativo, la honestidad y la transparencia, as\u00ed como la promoci\u00f3n personal y profesional de todos los empleados garantizando la igualdad de oportunidades y la no discriminaci\u00f3n por cualquier circunstancia.\u00a0 Por este motivo, el Consejo de Administraci\u00f3n aprob\u00f3 el Sistema de Gesti\u00f3n del\u00a0Compliance\u00a0Penal (adapt\u00e1ndose a la\u00a0UNE\u00a019601) implementando en la sociedad el modelo de prevenci\u00f3n de riesgos penales. [\/vc_column_text][\/vc_column][\/vc_row][vc_row][vc_column width=\u00bb5\/6&#8243;][\/vc_column][vc_column width=\u00bb1\/6&#8243;][\/vc_column][\/vc_row][vc_row][vc_column width=\u00bb5\/6&#8243;][\/vc_column][vc_column width=\u00bb1\/6&#8243;][\/vc_column][\/vc_row][vc_row][vc_column width=\u00bb1\/1&#8243;][\/vc_column][\/vc_row]<\/p>\n","protected":false},"author":1,"featured_media":0,"parent":0,"menu_order":0,"comment_status":"open","ping_status":"closed","template":"","meta":{"footnotes":""},"class_list":["post-18355","page","type-page","status-publish","hentry"],"_links":{"self":[{"href":"https:\/\/marinabadalona.cat\/es\/wp-json\/wp\/v2\/pages\/18355","targetHints":{"allow":["GET"]}}],"collection":[{"href":"https:\/\/marinabadalona.cat\/es\/wp-json\/wp\/v2\/pages"}],"about":[{"href":"https:\/\/marinabadalona.cat\/es\/wp-json\/wp\/v2\/types\/page"}],"author":[{"embeddable":true,"href":"https:\/\/marinabadalona.cat\/es\/wp-json\/wp\/v2\/users\/1"}],"replies":[{"embeddable":true,"href":"https:\/\/marinabadalona.cat\/es\/wp-json\/wp\/v2\/comments?post=18355"}],"version-history":[{"count":0,"href":"https:\/\/marinabadalona.cat\/es\/wp-json\/wp\/v2\/pages\/18355\/revisions"}],"wp:attachment":[{"href":"https:\/\/marinabadalona.cat\/es\/wp-json\/wp\/v2\/media?parent=18355"}],"curies":[{"name":"wp","href":"https:\/\/api.w.org\/{rel}","templated":true}]}}