
{"id":18371,"date":"2021-09-17T09:51:35","date_gmt":"2021-09-17T09:51:35","guid":{"rendered":"https:\/\/novaweb.marinabadalona.cat\/es\/bossa-de-treball\/"},"modified":"2026-03-20T14:08:11","modified_gmt":"2026-03-20T13:08:11","slug":"bolsa-de-trabajo","status":"publish","type":"page","link":"https:\/\/marinabadalona.cat\/es\/bolsa-de-trabajo\/","title":{"rendered":"BOLSA DE TRABAJO"},"content":{"rendered":"<div class=\"wpb-content-wrapper\"><p>[vc_row type=\u00bbfull_width_section\u00bb][vc_column width=\u00bb1\/1&#8243;][rev_slider_vc alias=\u00bbslide-home\u00bb][\/vc_column][\/vc_row][vc_row top_padding=\u00bb100&#8243; bottom_padding=\u00bb40&#8243;][vc_column width=\u00bb1\/1&#8243;]<h1 class=\"headline font-special fontsize-xxl fontweight-500 lh-inherit align-center transform-uppercase \" style=\"margin: 0 0 20px 0;\">TRABAJA CON NOSOTROS<\/h1><div class=\"headline font-special fontsize-l fontweight-400 lh-inherit align-center transform-inherit \" style=\"margin: 0 0 20px 0; color: #999999;\">Consulta los perfiles profesionales para formar parte de nuestro equipo<\/div><div class=\"divider divider1\" style='margin:0px 0 0px 0 !important;'><\/div>[\/vc_column][\/vc_row][vc_row top_padding=\u00bb0&#8243; bottom_padding=\u00bb100&#8243; bg_position=\u00bbleft top\u00bb][vc_column width=\u00bb1\/1&#8243;][vc_column_text]<\/p>\n<p style=\"text-align: justify;\">Para nosotros, todos y todas las trabajadoras sois importantes y nos esforzamos para que vuestra experiencia compartida sea positiva independientemente del tiempo que form\u00e1is parte del equipo. Si est\u00e1s interesada en querer conocer nuestra organizaci\u00f3n aportando tu esfuerzo y conocimiento, no lo dudes, rellena este formulario y formar\u00e1s parte de la bolsa durante 24 meses y, en caso de que haya cualquier vacante que se ajuste a tu perfil, nos pondremos en contacto contigo.<\/p>\n<p>[\/vc_column_text][\/vc_column][\/vc_row][vc_row bottom_padding=\u00bb80&#8243;][vc_column width=\u00bb1\/1&#8243;][vc_tta_accordion style=\u00bbmodern\u00bb shape=\u00bbsquare\u00bb color=\u00bbpeacoc\u00bb spacing=\u00bb2&#8243; gap=\u00bb2&#8243; autoplay=\u00bb3&#8243; c_icon=\u00bbchevron\u00bb active_section=\u00bb1&#8243; collapsible_all=\u00bbtrue\u00bb][vc_tta_section title=\u00bbOfertas de trabajo\u00bb tab_id=\u00bb1631870581475-9ae7f307-0cfd\u00bb]<a href=\"https:\/\/marinabadalona.cat\/wp-content\/uploads\/2026\/03\/2026_03-Placa-oberta-Director-Area-Finances_260311.pdf\" target=\"_self\" class=\"button color-1 large \" style=\"border-radius: 2px;\">Plaza de Director\/a de \u00c1rea de Administraci\u00f3n y Finanzas<\/a>[\/vc_tta_section][\/vc_tta_accordion][\/vc_column][\/vc_row][vc_row top_padding=\u00bb40&#8243; bottom_padding=\u00bb40&#8243;][vc_column width=\u00bb1\/1&#8243;]<h1 class=\"headline font-special fontsize-xxl fontweight-500 lh-inherit align-center transform-uppercase \" style=\"margin: 0 0 20px 0;\">ENV\u00cdA TU CV<\/h1><div class=\"headline font-special fontsize-l fontweight-400 lh-inherit align-center transform-inherit \" style=\"margin: 0 0 20px 0; color: #999999;\">PARA NOSOTROS CADA PERSONA ES IMPORTANTE Y QUEREMOS QUE TENGAS UNA EXPERIENCIA POSITIVA EN LA ORGANIZACI\u00d3N, INDEPENDIENTEMENTE DE LA DURACI\u00d3N DE TU CONTRATO LABORAL<\/div><div class=\"divider divider1\" style='margin:0px 0 0px 0 !important;'><\/div>[\/vc_column][\/vc_row][vc_row top_padding=\u00bb0&#8243; bottom_padding=\u00bb100&#8243; bg_position=\u00bbleft top\u00bb][vc_column width=\u00bb1\/1&#8243;][vc_column_text]Enviar tu curr\u00edculum a la bolsa de empleo de Marina Badalona te dar\u00e1 la posibilidad de poder acceder a nuestra organizaci\u00f3n en caso de necesidades puntuales que podamos tener y que no se pueden cubrir mediante los procedimientos p\u00fablicos que rigen nuestras contrataciones.[\/vc_column_text][\/vc_column][\/vc_row][vc_row bg_color=\u00bb#e8e8e8&#8243; top_padding=\u00bb40&#8243; bottom_padding=\u00bb40&#8243;][vc_column width=\u00bb1\/6&#8243;][\/vc_column][vc_column width=\u00bb2\/3&#8243;]\n<div class=\"wpcf7 no-js\" id=\"wpcf7-f17215-o1\" lang=\"ca\" dir=\"ltr\" data-wpcf7-id=\"17215\">\n<div class=\"screen-reader-response\"><p role=\"status\" aria-live=\"polite\" aria-atomic=\"true\"><\/p> <ul><\/ul><\/div>\n<form action=\"\/es\/wp-json\/wp\/v2\/pages\/18371#wpcf7-f17215-o1\" method=\"post\" class=\"wpcf7-form init\" aria-label=\"Formulari de contacte\" enctype=\"multipart\/form-data\" novalidate=\"novalidate\" data-status=\"init\">\n<fieldset class=\"hidden-fields-container\"><input type=\"hidden\" name=\"_wpcf7\" value=\"17215\" \/><input type=\"hidden\" name=\"_wpcf7_version\" value=\"6.1.5\" \/><input type=\"hidden\" name=\"_wpcf7_locale\" value=\"ca\" \/><input type=\"hidden\" name=\"_wpcf7_unit_tag\" value=\"wpcf7-f17215-o1\" \/><input type=\"hidden\" name=\"_wpcf7_container_post\" value=\"0\" \/><input type=\"hidden\" name=\"_wpcf7_posted_data_hash\" value=\"\" \/><input type=\"hidden\" name=\"_wpcf7_recaptcha_response\" value=\"\" \/>\n<\/fieldset>\n<div class=\"wpcf7-response-output\" aria-hidden=\"true\"><\/div>\n<h1 class=\"formnews\" style=\"font-size:20px; font-family:'Montserrat',Arial,Helvetica,sans-serif;\">BOLSA DE TRABAJO\n<\/h1>\n<table id=\"cv\">\n\t<h2 class=\"formnews\" style=\"font-size:20px; font-family:'Montserrat',Arial,Helvetica,sans-serif; font-weight:normal;\">Datos personales y de contacto\n\t<\/h2>\n\t<tr>\n\t\t<td style=\"padding:5px;\">\n\t\t\t<p><label class=\"formnews\" style=\"font-size:15px; font-family:'Montserrat',Arial,Helvetica,sans-serif;\">Nombre y apellidos:<br \/>\n<span class=\"wpcf7-form-control-wrap\" data-name=\"nomcognom\"><input size=\"40\" maxlength=\"400\" class=\"wpcf7-form-control wpcf7-text wpcf7-validates-as-required inputForm\" aria-required=\"true\" aria-invalid=\"false\" value=\"\" type=\"text\" name=\"nomcognom\" \/><\/span><\/label>\n\t\t\t<\/p>\n\t\t<\/td>\n\t\t<td style=\"padding:5px;\">\n\t\t\t<p><label class=\"formnews\" style=\"font-size:15px; font-family:'Montserrat',Arial,Helvetica,sans-serif;\">Fecha de nacimiento: <span class=\"wpcf7-form-control-wrap\" data-name=\"fechanacimiento\"><input class=\"wpcf7-form-control wpcf7-date wpcf7-validates-as-required wpcf7-validates-as-date inputForm\" aria-required=\"true\" aria-invalid=\"false\" value=\"\" type=\"date\" name=\"fechanacimiento\" \/><\/span><\/label>\n\t\t\t<\/p>\n\t\t<\/td>\n\t<\/tr>\n\t<tr>\n\t\t<td style=\"padding:5px;\">\n\t\t\t<p><label class=\"formnews\" style=\"font-size:15px; font-family:'Montserrat',Arial,Helvetica,sans-serif;\">Tel\u00e9fono:<br \/>\n<span class=\"wpcf7-form-control-wrap\" data-name=\"telefono\"><input size=\"40\" maxlength=\"400\" class=\"wpcf7-form-control wpcf7-text wpcf7-validates-as-required inputForm\" aria-required=\"true\" aria-invalid=\"false\" value=\"\" type=\"text\" name=\"telefono\" \/><\/span><\/label>\n\t\t\t<\/p>\n\t\t<\/td>\n\t\t<td style=\"padding:5px;\">\n\t\t\t<p><label class=\"formnews\" style=\"font-size:15px; font-family:'Montserrat',Arial,Helvetica,sans-serif;\">Email:<br \/>\n<span class=\"wpcf7-form-control-wrap\" data-name=\"correo\"><input size=\"40\" maxlength=\"400\" class=\"wpcf7-form-control wpcf7-email wpcf7-validates-as-required wpcf7-text wpcf7-validates-as-email inputForm\" aria-required=\"true\" aria-invalid=\"false\" value=\"\" type=\"email\" name=\"correo\" \/><\/span><\/label>\n\t\t\t<\/p>\n\t\t<\/td>\n\t<\/tr>\n\t<tr>\n\t\t<td style=\"padding:5px;\">\n\t\t\t<p><label style=\"font-family:'Montserrat',Arial,Helvetica,sans-serif;\">Nivel de estudios: <span class=\"wpcf7-form-control-wrap\" data-name=\"estudios\"><select class=\"wpcf7-form-control wpcf7-select wpcf7-validates-as-required\" aria-required=\"true\" aria-invalid=\"false\" name=\"estudios\"><option value=\"Educaci\u00f3n Primaria\">Educaci\u00f3n Primaria<\/option><option value=\"Educaci\u00f3n Secundaria\">Educaci\u00f3n Secundaria<\/option><option value=\"Bachillerato \/ COU\">Bachillerato \/ COU<\/option><option value=\"Formaci\u00f3n Profesional\">Formaci\u00f3n Profesional<\/option><option value=\"Grau \/ Diplomatura\">Grau \/ Diplomatura<\/option><option value=\"Master \/ Licenciatura \/ Ingenier\u00eda\">Master \/ Licenciatura \/ Ingenier\u00eda<\/option><option value=\"Doctorado\">Doctorado<\/option><\/select><\/span><\/label>\n\t\t\t<\/p>\n\t\t<\/td>\n\t\t<td style=\"padding:5px;\">\n\t\t\t<p><label class=\"formnews\" style=\"font-size:15px; font-family:'Montserrat',Arial,Helvetica,sans-serif;\">\u00c1mbito de trabajo: <span class=\"wpcf7-form-control-wrap\" data-name=\"ambit\"><select class=\"wpcf7-form-control wpcf7-select wpcf7-validates-as-required\" aria-required=\"true\" aria-invalid=\"false\" name=\"ambit\"><option value=\"Marineria\">Marineria<\/option><option value=\"Administraci\u00f3n\">Administraci\u00f3n<\/option><\/select><\/span><\/label>\n\t\t\t<\/p>\n\t\t<\/td>\n\t<\/tr>\n\t<tr>\n\t\t<td colspan=\"2\" style=\"padding:5px;\">\n\t\t\t<p><label class=\"formnews\" style=\"font-size:15px; font-family:'Montserrat',Arial,Helvetica,sans-serif;\">\u00bfPor qu\u00e9 quiero formar parte del equipo del Port de Badalona?<br \/>\n<textarea style=\"resize:vertical; min-height: 46px !important;\" name=\"textarea\" rows=\"1\" cols=\"50\"><\/textarea><br \/>\n<\/label>\n\t\t\t<\/p>\n\t\t<\/td>\n\t<\/tr>\n\t<tr>\n\t\t<td colspan=\"2\" style=\"padding:5px;\">\n\t\t\t<p><label class=\"formnews\" style=\"font-size:15px; font-family:'Montserrat',Arial,Helvetica,sans-serif; margin-bottom: 20px;\">Sube tu Curriculum: <span class=\"wpcf7-form-control-wrap\" data-name=\"archivo\"><input size=\"40\" class=\"wpcf7-form-control wpcf7-file wpcf7-validates-as-required\" id=\"archivoform\" accept=\"audio\/*,video\/*,image\/*\" aria-required=\"true\" aria-invalid=\"false\" type=\"file\" name=\"archivo\" \/><\/span><\/label>\n\t\t\t<\/p>\n\t\t<\/td>\n\t<\/tr>\n\t<td colspan=\"2\" style=\"padding: 5px;\">\n\t\t<p><label class=\"formnews\" style=\"font-size:15px; font-family:'Montserrat',Arial,Helvetica,sans-serif;\"> ReCAPTCHA:\n\t\t\t<span class=\"wpcf7-form-control-wrap recaptcha\" data-name=\"recaptcha\"><span data-sitekey=\"6LcC_nggAAAAAPVZb3x0uK-hYq7RCFqHK7HYubIG\" class=\"wpcf7-form-control wpcf7-recaptcha g-recaptcha\"><\/span>\r\n<noscript>\r\n\t<div class=\"grecaptcha-noscript\">\r\n\t\t<iframe loading=\"lazy\" src=\"https:\/\/www.google.com\/recaptcha\/api\/fallback?k=6LcC_nggAAAAAPVZb3x0uK-hYq7RCFqHK7HYubIG\" frameborder=\"0\" scrolling=\"no\" width=\"310\" height=\"430\">\r\n\t\t<\/iframe>\r\n\t\t<textarea name=\"g-recaptcha-response\" rows=\"3\" cols=\"40\" placeholder=\"reCaptcha Response Here\">\r\n\t\t<\/textarea>\r\n\t<\/div>\r\n<\/noscript>\r\n<\/span><\/label>\n\t\t<\/p>\n\t<\/td>\n<\/table>\n<div>\n\t<p id=\"polpriv\" class=\"formnews\" style=\"width:70%; float:left; font-weight: normal; font-family:'Montserrat',Arial,Helvetica,sans-serif; font-size:13px;\"><input type=\"checkbox\" id=\"politica\" name=\"politica\" checked \/> Mediante el env\u00edo del formulario acepto la <a href=\"http:\/\/novaweb.marinabadalona.cat\/es\/politica-de-privacidad\/\">Pol\u00edtica de Privacidad<\/a> y el uso de los datos personales con el fin de gestionar mi candidatura.\n\t<\/p>\n\t<p><input id=\"enviarbutton\" style=\"float:right; font-family:'Montserrat',Arial,Helvetica,sans-serif; width:20%; padding:15px 20px; border-radius:25px; background-color:black; color:white; font-weight:bold; border:1px solid black; margin-top:10px;\" type=\"submit\" value=\"ENVIAR\" \/>\n\t<\/p>\n<\/div>\n<style>\n.inputForm{\nwidth:100%; \nborder-with:2px;\n}\n<\/style><input type='hidden' class='wpcf7-pum' value='{\"closepopup\":false,\"closedelay\":0,\"openpopup\":false,\"openpopup_id\":0}' \/>\n<\/form>\n<\/div>\n[\/vc_column][vc_column width=\u00bb1\/6&#8243;][\/vc_column][\/vc_row]<\/p>\n<\/div>","protected":false},"excerpt":{"rendered":"<p>[vc_row type=\u00bbfull_width_section\u00bb][vc_column width=\u00bb1\/1&#8243;][rev_slider_vc alias=\u00bbslide-home\u00bb][\/vc_column][\/vc_row][vc_row top_padding=\u00bb100&#8243; bottom_padding=\u00bb40&#8243;][vc_column width=\u00bb1\/1&#8243;][\/vc_column][\/vc_row][vc_row top_padding=\u00bb0&#8243; bottom_padding=\u00bb100&#8243; bg_position=\u00bbleft top\u00bb][vc_column width=\u00bb1\/1&#8243;][vc_column_text] Para nosotros, todos y todas las trabajadoras sois importantes y nos esforzamos para que vuestra experiencia compartida sea positiva independientemente del tiempo que form\u00e1is parte del equipo. Si est\u00e1s interesada en querer conocer nuestra organizaci\u00f3n aportando tu esfuerzo y conocimiento, no lo dudes, rellena este formulario y formar\u00e1s parte de la bolsa durante 24 meses y, en caso de que haya cualquier vacante que se ajuste a tu perfil, nos pondremos en contacto contigo. [\/vc_column_text][\/vc_column][\/vc_row][vc_row bottom_padding=\u00bb80&#8243;][vc_column width=\u00bb1\/1&#8243;][vc_tta_accordion style=\u00bbmodern\u00bb shape=\u00bbsquare\u00bb color=\u00bbpeacoc\u00bb spacing=\u00bb2&#8243; gap=\u00bb2&#8243; autoplay=\u00bb3&#8243; c_icon=\u00bbchevron\u00bb active_section=\u00bb1&#8243; collapsible_all=\u00bbtrue\u00bb][vc_tta_section title=\u00bbOfertas de trabajo\u00bb tab_id=\u00bb1631870581475-9ae7f307-0cfd\u00bb][\/vc_tta_section][\/vc_tta_accordion][\/vc_column][\/vc_row][vc_row top_padding=\u00bb40&#8243; bottom_padding=\u00bb40&#8243;][vc_column width=\u00bb1\/1&#8243;][\/vc_column][\/vc_row][vc_row top_padding=\u00bb0&#8243; bottom_padding=\u00bb100&#8243; bg_position=\u00bbleft top\u00bb][vc_column width=\u00bb1\/1&#8243;][vc_column_text]Enviar tu curr\u00edculum a la bolsa de empleo de Marina Badalona te dar\u00e1 la posibilidad de poder acceder a nuestra organizaci\u00f3n en caso de necesidades puntuales que podamos tener y que no se pueden cubrir mediante los procedimientos p\u00fablicos que rigen nuestras contrataciones.[\/vc_column_text][\/vc_column][\/vc_row][vc_row bg_color=\u00bb#e8e8e8&#8243; top_padding=\u00bb40&#8243; bottom_padding=\u00bb40&#8243;][vc_column width=\u00bb1\/6&#8243;][\/vc_column][vc_column width=\u00bb2\/3&#8243;][\/vc_column][vc_column width=\u00bb1\/6&#8243;][\/vc_column][\/vc_row]<\/p>\n","protected":false},"author":3,"featured_media":0,"parent":0,"menu_order":0,"comment_status":"open","ping_status":"closed","template":"","meta":{"footnotes":""},"class_list":["post-18371","page","type-page","status-publish","hentry"],"_links":{"self":[{"href":"https:\/\/marinabadalona.cat\/es\/wp-json\/wp\/v2\/pages\/18371","targetHints":{"allow":["GET"]}}],"collection":[{"href":"https:\/\/marinabadalona.cat\/es\/wp-json\/wp\/v2\/pages"}],"about":[{"href":"https:\/\/marinabadalona.cat\/es\/wp-json\/wp\/v2\/types\/page"}],"author":[{"embeddable":true,"href":"https:\/\/marinabadalona.cat\/es\/wp-json\/wp\/v2\/users\/3"}],"replies":[{"embeddable":true,"href":"https:\/\/marinabadalona.cat\/es\/wp-json\/wp\/v2\/comments?post=18371"}],"version-history":[{"count":49,"href":"https:\/\/marinabadalona.cat\/es\/wp-json\/wp\/v2\/pages\/18371\/revisions"}],"predecessor-version":[{"id":39104,"href":"https:\/\/marinabadalona.cat\/es\/wp-json\/wp\/v2\/pages\/18371\/revisions\/39104"}],"wp:attachment":[{"href":"https:\/\/marinabadalona.cat\/es\/wp-json\/wp\/v2\/media?parent=18371"}],"curies":[{"name":"wp","href":"https:\/\/api.w.org\/{rel}","templated":true}]}}