
{"id":18514,"date":"2021-10-11T11:11:00","date_gmt":"2021-10-11T11:11:00","guid":{"rendered":"https:\/\/novaweb.marinabadalona.cat\/es\/varador-badalona\/"},"modified":"2021-10-14T10:13:21","modified_gmt":"2021-10-14T10:13:21","slug":"varador-badalona","status":"publish","type":"page","link":"https:\/\/marinabadalona.cat\/es\/varador-badalona\/","title":{"rendered":"VARADOR BADALONA"},"content":{"rendered":"<div class=\"wpb-content-wrapper\"><p>[vc_row type=\u00bbfull_width_section\u00bb][vc_column width=\u00bb1\/1&#8243;][rev_slider_vc alias=\u00bbhome-slider-1&#8243;][\/vc_column][\/vc_row][vc_row top_padding=\u00bb100&#8243; bottom_padding=\u00bb40&#8243;][vc_column width=\u00bb1\/1&#8243;]<h1 class=\"headline font-special fontsize-xxl fontweight-500 lh-inherit align-center transform-uppercase \" style=\"margin: 0 0 20px 0;\">VARADOR BADALONA<\/h1><div class=\"headline font-special fontsize-l fontweight-400 lh-inherit align-center transform-inherit \" style=\"margin: 0 0 20px 0; color: #999999;\">En vez tendr\u00e1n m\u00e1s cuidado de tu embarcaci\u00f3n. Espacio de referencia para el mantenimiento integral (Refit &amp; Repair) de las embarcaciones, por las instalaciones y por los profesionales que lo operan.<\/div><div class=\"divider divider1\" style='margin:0px 0 0px 0 !important;'><\/div>[\/vc_column][\/vc_row][vc_row bottom_padding=\u00bb60&#8243;][vc_column width=\u00bb1\/1&#8243;]\n<div class=\"wpcf7 no-js\" id=\"wpcf7-f18328-o1\" lang=\"es-ES\" dir=\"ltr\" data-wpcf7-id=\"18328\">\n<div class=\"screen-reader-response\"><p role=\"status\" aria-live=\"polite\" aria-atomic=\"true\"><\/p> <ul><\/ul><\/div>\n<form action=\"\/es\/wp-json\/wp\/v2\/pages\/18514#wpcf7-f18328-o1\" method=\"post\" class=\"wpcf7-form init\" aria-label=\"Formulario de contacto\" novalidate=\"novalidate\" data-status=\"init\">\n<fieldset class=\"hidden-fields-container\"><input type=\"hidden\" name=\"_wpcf7\" value=\"18328\" \/><input type=\"hidden\" name=\"_wpcf7_version\" value=\"6.1.5\" \/><input type=\"hidden\" name=\"_wpcf7_locale\" value=\"es_ES\" \/><input type=\"hidden\" name=\"_wpcf7_unit_tag\" value=\"wpcf7-f18328-o1\" \/><input type=\"hidden\" name=\"_wpcf7_container_post\" value=\"0\" \/><input type=\"hidden\" name=\"_wpcf7_posted_data_hash\" value=\"\" \/><input type=\"hidden\" name=\"_wpcf7_recaptcha_response\" value=\"\" \/>\n<\/fieldset>\n<h1 class=\"formnews\" style=\"font-size:20px; font-family:'Montserrat',Arial,Helvetica,sans-serif;\">PIDE PRESUPUESTO\n<\/h1>\n<table style=\"width:100%;\">\n\t<tr>\n\t\t<td style=\"padding: 5px;\">\n\t\t\t<p><label class=\"formnews\" style=\"font-size:15px; font-family:'Montserrat',Arial,Helvetica,sans-serif;\"> Nombre*: <\/label><span class=\"wpcf7-form-control-wrap\" data-name=\"nombre\"><input size=\"40\" maxlength=\"400\" class=\"wpcf7-form-control wpcf7-text wpcf7-validates-as-required inputFormulario\" aria-required=\"true\" aria-invalid=\"false\" value=\"\" type=\"text\" name=\"nombre\" \/><\/span>\n\t\t\t<\/p>\n\t\t<\/td>\n\t\t<td style=\"padding: 5px;\">\n\t\t\t<p><label class=\"formnews\" style=\"font-size:15px; font-family:'Montserrat',Arial,Helvetica,sans-serif;\"> Apellido*: <\/label><span class=\"wpcf7-form-control-wrap\" data-name=\"apellido\"><input size=\"40\" maxlength=\"400\" class=\"wpcf7-form-control wpcf7-text wpcf7-validates-as-required inputFormulario\" aria-required=\"true\" aria-invalid=\"false\" value=\"\" type=\"text\" name=\"apellido\" \/><\/span>\n\t\t\t<\/p>\n\t\t<\/td>\n\t<\/tr>\n\t<tr>\n\t\t<td style=\"padding: 5px;\">\n\t\t\t<p><label class=\"formnews\" style=\"font-size:15px; font-family:'Montserrat',Arial,Helvetica,sans-serif;\"> Tel\u00e9fono: <\/label><span class=\"wpcf7-form-control-wrap\" data-name=\"telefono\"><input size=\"40\" maxlength=\"400\" class=\"wpcf7-form-control wpcf7-text wpcf7-validates-as-required inputFormulario\" aria-required=\"true\" aria-invalid=\"false\" value=\"\" type=\"text\" name=\"telefono\" \/><\/span>\n\t\t\t<\/p>\n\t\t<\/td>\n\t\t<td style=\"padding: 5px;\">\n\t\t\t<p><label class=\"formnews\" style=\"font-size:15px; font-family:'Montserrat',Arial,Helvetica,sans-serif;\"> Email* <\/label><span class=\"wpcf7-form-control-wrap\" data-name=\"correo\"><input size=\"40\" maxlength=\"400\" class=\"wpcf7-form-control wpcf7-email wpcf7-validates-as-required wpcf7-text wpcf7-validates-as-email inputFormulario\" aria-required=\"true\" aria-invalid=\"false\" value=\"\" type=\"email\" name=\"correo\" \/><\/span>\n\t\t\t<\/p>\n\t\t<\/td>\n\t<\/tr>\n\t<tr>\n\t\t<td colspan=\"2\" style=\"padding: 5px;\">\n\t\t\t<p><label class=\"formnews\" style=\"font-size:15px; font-family:'Montserrat',Arial,Helvetica,sans-serif;\"> Mensaje: <\/label><textarea style=\"resize:vertical; min-height: 46px !important;\" name=\"textarea\" rows=\"1\" cols=\"50\"><\/textarea>\n\t\t\t<\/p>\n\t\t<\/td>\n\t<\/tr>\n\t<td colspan=\"2\" style=\"padding: 5px;\">\n\t\t<p><label class=\"formnews\" style=\"font-size:15px; font-family:'Montserrat',Arial,Helvetica,sans-serif;\"> ReCAPTCHA: <\/label>\n\t\t<span class=\"wpcf7-form-control-wrap recaptcha\" data-name=\"recaptcha\"><span data-sitekey=\"6LcC_nggAAAAAPVZb3x0uK-hYq7RCFqHK7HYubIG\" class=\"wpcf7-form-control wpcf7-recaptcha g-recaptcha\"><\/span>\r\n<noscript>\r\n\t<div class=\"grecaptcha-noscript\">\r\n\t\t<iframe loading=\"lazy\" src=\"https:\/\/www.google.com\/recaptcha\/api\/fallback?k=6LcC_nggAAAAAPVZb3x0uK-hYq7RCFqHK7HYubIG\" frameborder=\"0\" scrolling=\"no\" width=\"310\" height=\"430\">\r\n\t\t<\/iframe>\r\n\t\t<textarea name=\"g-recaptcha-response\" rows=\"3\" cols=\"40\" placeholder=\"Aqu\u00ed la respuesta de reCAPTCHA\">\r\n\t\t<\/textarea>\r\n\t<\/div>\r\n<\/noscript>\r\n<\/span>\n\t\t<\/p>\n\t<\/td>\n\n\n[honeypot honeypot-564]\n<\/table>\n<p class=\"formnews\" style=\"font-weight: normal; font-family:'Montserrat',Arial,Helvetica,sans-serif; font-size:13px;\"><input type=\"checkbox\" id=\"politica\" name=\"politica\" \/> He podido leer y entiendo la informaci\u00f3n sobre el uso de mis datos personales explicada en la <a href=\"http:\/\/novaweb.marinabadalona.cat\/es\/politica-de-privacidad\/\">Pol\u00edtica de Privacidad<\/a> y acepto recibir noticias de Marina Badalona.\n<\/p>\n<p id=\"alinear\" style=\"text-align:center;\"><input style=\"width:90%; font-family:'Montserrat',Arial,Helvetica,sans-serif; padding:15px 20px; border-radius:25px; background-color:black; color:white; font-weight:bold; border:1px solid black;\" type=\"submit\" value=\"\u00a1Enviar!\" \/>\n<\/p>\n<style>\n.inputFormulario{\nborder-width:2px; \nmargin-bottom: 5px;\n}\n<\/style><input type='hidden' class='wpcf7-pum' value='{\"closepopup\":false,\"closedelay\":0,\"openpopup\":false,\"openpopup_id\":0}' \/><div class=\"wpcf7-response-output\" aria-hidden=\"true\"><\/div>\n<\/form>\n<\/div>\n[\/vc_column][\/vc_row]<\/p>\n<\/div>","protected":false},"excerpt":{"rendered":"<p>[vc_row type=\u00bbfull_width_section\u00bb][vc_column width=\u00bb1\/1&#8243;][rev_slider_vc alias=\u00bbhome-slider-1&#8243;][\/vc_column][\/vc_row][vc_row top_padding=\u00bb100&#8243; bottom_padding=\u00bb40&#8243;][vc_column width=\u00bb1\/1&#8243;][\/vc_column][\/vc_row][vc_row bottom_padding=\u00bb60&#8243;][vc_column width=\u00bb1\/1&#8243;][\/vc_column][\/vc_row]<\/p>\n","protected":false},"author":1,"featured_media":0,"parent":0,"menu_order":0,"comment_status":"open","ping_status":"closed","template":"","meta":{"footnotes":""},"class_list":["post-18514","page","type-page","status-publish","hentry"],"_links":{"self":[{"href":"https:\/\/marinabadalona.cat\/es\/wp-json\/wp\/v2\/pages\/18514","targetHints":{"allow":["GET"]}}],"collection":[{"href":"https:\/\/marinabadalona.cat\/es\/wp-json\/wp\/v2\/pages"}],"about":[{"href":"https:\/\/marinabadalona.cat\/es\/wp-json\/wp\/v2\/types\/page"}],"author":[{"embeddable":true,"href":"https:\/\/marinabadalona.cat\/es\/wp-json\/wp\/v2\/users\/1"}],"replies":[{"embeddable":true,"href":"https:\/\/marinabadalona.cat\/es\/wp-json\/wp\/v2\/comments?post=18514"}],"version-history":[{"count":0,"href":"https:\/\/marinabadalona.cat\/es\/wp-json\/wp\/v2\/pages\/18514\/revisions"}],"wp:attachment":[{"href":"https:\/\/marinabadalona.cat\/es\/wp-json\/wp\/v2\/media?parent=18514"}],"curies":[{"name":"wp","href":"https:\/\/api.w.org\/{rel}","templated":true}]}}