
{"id":18532,"date":"2021-10-08T12:00:52","date_gmt":"2021-10-08T12:00:52","guid":{"rendered":"https:\/\/novaweb.marinabadalona.cat\/es\/salo-nautic\/"},"modified":"2021-10-13T09:12:00","modified_gmt":"2021-10-13T09:12:00","slug":"salon-nautico","status":"publish","type":"page","link":"https:\/\/marinabadalona.cat\/es\/salon-nautico\/","title":{"rendered":"SAL\u00d3N N\u00c1UTICO"},"content":{"rendered":"<div class=\"wpb-content-wrapper\"><p>[vc_row top_padding=\u00bb40&#8243; bottom_padding=\u00bb20&#8243;][vc_column width=\u00bb1\/1&#8243;]<h1 class=\"headline font-special fontsize-xxxl fontweight-500 lh-inherit align-center transform-inherit no-transform\" style=\"margin: 0 0 20px 0; color: #222222;\">EL PORT DE BADALONA EN EL SAL\u00d3N<br \/>\nN\u00c1UTICO DE BARCELONA<\/h1><div class=\"headline font-special fontsize-l fontweight-400 lh-inherit align-center transform-inherit no-transform\" style=\"margin: 0 15%;\">NOS ENCONTRAR\u00c9IS DEL 12 AL 17 DE OCTUBRE EN EL STAND DE PORTS DE CATALUNYA (ACPET. PABELL\u00d3N 2. CALLE D. STAND 481)<\/div>[\/vc_column][\/vc_row][vc_row][vc_column width=\u00bb1\/1&#8243;]<div class=\"divider divider1\" style='margin:0 !important;'><\/div>[\/vc_column][\/vc_row][vc_row top_padding=\u00bb40&#8243; bottom_padding=\u00bb40&#8243;][vc_column width=\u00bb1\/1&#8243;][vc_column_text]La comunidad del mar se encontrar\u00e1 del d\u00eda 12 al 17 de octubre en su sal\u00f3n de referencia. Nos encontrar\u00e9is en el stand de Ports de Catalunya (ACPET. Pabell\u00f3n 2. Calle D. Stand 481) con las propuestas y promociones que ser\u00e1n v\u00e1lidas hasta el 14 de noviembre de 2021, y que gestionaremos en las oficinas. Sobre todo, de cada promoci\u00f3n que os interese, rellenar el formulario y nos pondremos en contacto con vosotros. Buena Fira[\/vc_column_text][\/vc_column][\/vc_row][vc_row type=\u00bbfull_width_section\u00bb top_padding=\u00bb20&#8243;][vc_column bg_color=\u00bb#f9f9f9&#8243; column_padding=\u00bbpadding-7&#8243; width=\u00bb1\/2&#8243;]<div class=\"headline font-special fontsize-xs fontweight-700 lh-inherit align-left transform-uppercase ls-1\" style=\"margin: 0 0 -10px 0; color: #999999;\">Sal\u00f3n N\u00e1utico<\/div><h2 class=\"headline font-special fontsize-xxxl fontweight-700 lh-14 align-left transform-uppercase \" style=\"margin: 0 0 0 0;\">PRERESERVA AMARRES CANAL<\/h2><div class=\"divider divider5\" style='margin:10px 0 25px 0 !important;'><\/div>[vc_column_text]<\/p>\n<h4><strong>Aprovecha la oportunidad de prereservar uno de los amarres de la Rambla-Canal del Puerto de Badalona, el puerto urbano de una ciudad de gran tradici\u00f3n marinera.<\/strong><\/h4>\n<p><strong>OFERTA AMARRES CANAL<\/strong><br \/>\n<a href=\"https:\/\/novaweb.marinabadalona.cat\/es\/prereserva-amarradores-canal\/\"><strong>Haz Click y rellena el formulario<\/strong><\/a><br \/>\n<b><\/b><\/p>\n<p><b>Promoci\u00f3n v\u00e1lida\u00a0 12\/10 al 14\/11<\/b><br \/>\n<a href=\"https:\/\/novaweb.marinabadalona.cat\/wp-content\/uploads\/2021\/10\/SaloNautic_MdB_2021_DipticA4_final.pdf\" target=\"_blank\" rel=\"noopener\"><b>Ver m\u00e1s<\/b><\/a>[\/vc_column_text][\/vc_column][vc_column bg_image=\u00bb18417&#8243; column_padding=\u00bbpadding-5&#8243; column_center=\u00bbtrue\u00bb width=\u00bb1\/2&#8243;]<div class=\"spacer\" style=\"height: 250px;\"><\/div>[\/vc_column][\/vc_row][vc_row type=\u00bbfull_width_section\u00bb][vc_column bg_image=\u00bb18438&#8243; column_padding=\u00bbpadding-5&#8243; column_center=\u00bbtrue\u00bb width=\u00bb1\/2&#8243;]<div class=\"spacer\" style=\"height: 250px;\"><\/div>[\/vc_column][vc_column bg_color=\u00bb#222222&#8243; column_padding=\u00bbpadding-7&#8243; text_color=\u00bblight\u00bb width=\u00bb1\/2&#8243;]<div class=\"headline font-special fontsize-xs fontweight-700 lh-inherit align-left transform-uppercase ls-1\" style=\"margin: 0 0 -10px 0; color: #999999;\">Sal\u00f3n N\u00e1utico<\/div><h2 class=\"headline font-special fontsize-xxxl fontweight-700 lh-14 align-left transform-uppercase \" style=\"margin: 0 0 0 0;\">OFERTA EN AMARRES DE 8X3M Y DE 10X3,5M<\/h2><div class=\"divider divider5\" style='margin:10px 0 25px 0 !important;'><\/div>[vc_column_text]<strong>Disfruta de un amarre de 8x3m y de 10&#215;3,5m en el Puerto de Badalona. Res\u00e9rvalo entre el 12 de octubre y el 14 de noviembre de 2021 y te bonificaremos con el servicio de aparcamiento gratuito el tiempo contractado (v\u00e1lido para seis meses y un a\u00f1o)<\/strong><\/p>\n<p><strong>OFERTA AMARRE+ APARCAMIENTO<\/strong><br \/>\n<strong><a href=\"https:\/\/novaweb.marinabadalona.cat\/es\/oferta-en-amarradores\/\">Haz click y rellena el formulario<\/a><br \/>\n<\/strong><strong><a href=\"https:\/\/novaweb.marinabadalona.cat\/wp-content\/uploads\/2021\/10\/SaloNautic_MdB_2021_FlyerPromoA5_Canal-Amarradors.pdf\" target=\"_blank\" rel=\"noopener\">Ver m\u00e1s<\/a><\/strong><\/p>\n<p><strong>Promoci\u00f3n v\u00e1lida 12\/10 al 14\/11<\/strong>[\/vc_column_text][\/vc_column][\/vc_row][vc_row type=\u00bbfull_width_section\u00bb][vc_column bg_color=\u00bb#f9f9f9&#8243; column_padding=\u00bbpadding-7&#8243; width=\u00bb1\/2&#8243;]<div class=\"headline font-special fontsize-xs fontweight-700 lh-inherit align-left transform-uppercase ls-1\" style=\"margin: 0 0 -10px 0; color: #999999;\">Sal\u00f3n N\u00e1utico<\/div><h2 class=\"headline font-special fontsize-xxxl fontweight-700 lh-14 align-left transform-uppercase \" style=\"margin: 0 0 0 0;\">ESPACIO C DEL MUELLE DE CAPITAN\u00cdA<\/h2><div class=\"divider divider5\" style='margin:10px 0 25px 0 !important;'><\/div>[vc_column_text]<strong><span style=\"color: #000000;\">Nuevo espacio comercial para usos n\u00e1uticos con locales y 10 amarres de nueva creaci\u00f3n en el Muelle de Capitan\u00eda, con posibilidad de exposici\u00f3n de embarcaciones de la terraza adjunta.<\/span><\/strong><\/p>\n<p><strong>INFORMACI\u00d3N NUEVO ESPACIO COMERCIAL<\/strong><br \/>\n<strong><a href=\"https:\/\/novaweb.marinabadalona.cat\/es\/espaicio-c-del-muelle-de-capitania\/\">Haz click y rellena el formulario<\/a><\/strong><br \/>\n<strong>Ver m\u00e1s<\/strong>[\/vc_column_text][\/vc_column][vc_column bg_image=\u00bb18457&#8243; column_padding=\u00bbpadding-5&#8243; column_center=\u00bbtrue\u00bb width=\u00bb1\/2&#8243;]<div class=\"spacer\" style=\"height: 250px;\"><\/div>[\/vc_column][\/vc_row][vc_row type=\u00bbfull_width_section\u00bb][vc_column bg_image=\u00bb18447&#8243; column_padding=\u00bbpadding-5&#8243; column_center=\u00bbtrue\u00bb width=\u00bb1\/2&#8243;]<div class=\"spacer\" style=\"height: 250px;\"><\/div>[\/vc_column][vc_column bg_color=\u00bb#222222&#8243; column_padding=\u00bbpadding-7&#8243; text_color=\u00bblight\u00bb width=\u00bb1\/2&#8243;]<div class=\"headline font-special fontsize-xs fontweight-700 lh-inherit align-left transform-uppercase ls-1\" style=\"margin: 0 0 -10px 0; color: #999999;\">Sal\u00f3n N\u00e1utico<\/div><h2 class=\"headline font-special fontsize-xxxl fontweight-700 lh-14 align-left transform-uppercase \" style=\"margin: 0 0 0 0;\">VARADERO BADALONA<\/h2><div class=\"divider divider5\" style='margin:10px 0 25px 0 !important;'><\/div>[vc_column_text]<strong>En ning\u00fan otro sitio cuidar\u00e1n tanto de tu embarcaci\u00f3n. Espacio de referencia para el mantenimiento integral (Refit&amp;Repair) de las embarcaciones, por las instalaciones y por los profesionales que operan.<\/strong><\/p>\n<p><strong><a href=\"https:\/\/novaweb.marinabadalona.cat\/es\/varador-badalona\/\">Pide presupuesto<\/a><br \/>\n<a href=\"https:\/\/novaweb.marinabadalona.cat\/wp-content\/uploads\/2021\/10\/SaloNautic_MdB_2021_FlyerPromoA5_Varador-EspaiC_final.pdf\" target=\"_blank\" rel=\"noopener\">Ver m\u00e1s<\/a><\/strong>[\/vc_column_text][\/vc_column][\/vc_row][vc_row type=\u00bbfull_width_section\u00bb][vc_column bg_color=\u00bb#f9f9f9&#8243; column_padding=\u00bbpadding-7&#8243; width=\u00bb1\/2&#8243;]<div class=\"headline font-special fontsize-xs fontweight-700 lh-inherit align-left transform-uppercase ls-1\" style=\"margin: 0 0 -10px 0; color: #999999;\">Sal\u00f3n N\u00e1utico<\/div><h2 class=\"headline font-special fontsize-xxxl fontweight-700 lh-14 align-left transform-uppercase \" style=\"margin: 0 0 0 0;\">PABELL\u00d3N DE PATRIMONIO MAR\u00cdTIMO<\/h2><div class=\"divider divider5\" style='margin:10px 0 25px 0 !important;'><\/div>[vc_column_text]<strong>Visita el Pabell\u00f3n de Patrimonio Mar\u00edtimo en el Sal\u00f3n N\u00e1utico y d\u00e9jate seducir por la navegaci\u00f3n tradicional con el Quetx Ciutat Badalona. Ay\u00fadanos para que sea declarada Patrimonio de la Humanidad.<\/strong>[\/vc_column_text][\/vc_column][vc_column bg_image=\u00bb18506&#8243; column_padding=\u00bbpadding-5&#8243; column_center=\u00bbtrue\u00bb width=\u00bb1\/2&#8243;]<div class=\"spacer\" style=\"height: 250px;\"><\/div>[\/vc_column][\/vc_row][vc_row type=\u00bbfull_width_section\u00bb][vc_column bg_image=\u00bb18448&#8243; column_padding=\u00bbpadding-5&#8243; column_center=\u00bbtrue\u00bb width=\u00bb1\/2&#8243;]<div class=\"spacer\" style=\"height: 250px;\"><\/div>[\/vc_column][vc_column bg_color=\u00bb#222222&#8243; column_padding=\u00bbpadding-7&#8243; text_color=\u00bblight\u00bb width=\u00bb1\/2&#8243;]<div class=\"headline font-special fontsize-xs fontweight-700 lh-inherit align-left transform-uppercase ls-1\" style=\"margin: 0 0 -10px 0; color: #999999;\">Sal\u00f3n N\u00e1utico<\/div><h2 class=\"headline font-special fontsize-xxxl fontweight-700 lh-14 align-left transform-uppercase \" style=\"margin: 0 0 0 0;\">PADEL RACE DEL PORT VELL AL PORT DE BADALONA<\/h2><div class=\"divider divider5\" style='margin:10px 0 25px 0 !important;'><\/div>[vc_column_text]<b>La P\u00e1del Race es la combinaci\u00f3n perfecta de deporte y paisajismo que ofrece la pr\u00e1ctica del pirag\u00fcismo por la costa de Barcelona con una salida espectacular desde el mismo Sal\u00f3n hasta una final re\u00f1ida en Badalona. Competici\u00f3n que concentra unos cincuenta palista de todo el mundo y que incluye la Copa Catalana de Pirag\u00fcismo.<\/b><\/p>\n<p><a href=\"http:\/\/www.barcelonacaiac.com\/es\/inicio\" target=\"_blank\" rel=\"noopener\"><strong>Ver m\u00e1s <\/strong><\/a>[\/vc_column_text][\/vc_column][\/vc_row][vc_row type=\u00bbfull_width_section\u00bb][vc_column bg_color=\u00bb#f9f9f9&#8243; column_padding=\u00bbpadding-7&#8243; width=\u00bb1\/2&#8243;]<div class=\"headline font-special fontsize-xs fontweight-700 lh-inherit align-left transform-uppercase ls-1\" style=\"margin: 0 0 -10px 0; color: #999999;\">Sal\u00f3n N\u00e1utico<\/div><h2 class=\"headline font-special fontsize-xxxl fontweight-700 lh-14 align-left transform-uppercase \" style=\"margin: 0 0 0 0;\">BASE N\u00c1UTICA (ESCUELA DE VELA)<\/h2><div class=\"divider divider5\" style='margin:10px 0 25px 0 !important;'><\/div>[vc_column_text]<strong>Ac\u00e9rcate a la cultura del mar y a sus valores practicando deportes n\u00e1uticos. In\u00edciate con la Base N\u00e1utica del Puerto a las experiencias al aire libre, en contacto con el medio agua y el medio viento, con la metodolog\u00eda de la Federaci\u00f3 Catalana de vela y el entusiasmo y la experiencia de nuestra equipo<\/strong>[\/vc_column_text][\/vc_column][vc_column bg_image=\u00bb18450&#8243; column_padding=\u00bbpadding-5&#8243; column_center=\u00bbtrue\u00bb width=\u00bb1\/2&#8243;]<div class=\"spacer\" style=\"height: 250px;\"><\/div>[\/vc_column][\/vc_row][vc_row top_padding=\u00bb100&#8243; bottom_padding=\u00bb80&#8243;][vc_column width=\u00bb1\/1&#8243;]<h3 class=\"headline font-special fontsize-xxl fontweight-400 lh-inherit align-center transform-inherit no-transform\" style=\"margin: 0 0 20px 0; color: #222222;\">DISFRUTA DEL SAL\u00d3N N\u00c1UTICO<\/h3>[vc_column_text]<\/p>\n<h3 style=\"text-align: center;\">Solicita m\u00e1s informaci\u00f3n<br \/>\n<strong><a href=\"https:\/\/registration.firabarcelona.com\/#\/tickets\/selection-list\" target=\"_blank\" rel=\"noopener\">https:\/\/registration.firabarcelona.com\/#\/tickets\/selection-list<\/a><\/strong><\/h3>\n<p>[\/vc_column_text][\/vc_column][\/vc_row]<\/p>\n<\/div>","protected":false},"excerpt":{"rendered":"<p>[vc_row top_padding=\u00bb40&#8243; bottom_padding=\u00bb20&#8243;][vc_column width=\u00bb1\/1&#8243;][\/vc_column][\/vc_row][vc_row][vc_column width=\u00bb1\/1&#8243;][\/vc_column][\/vc_row][vc_row top_padding=\u00bb40&#8243; bottom_padding=\u00bb40&#8243;][vc_column width=\u00bb1\/1&#8243;][vc_column_text]La comunidad del mar se encontrar\u00e1 del d\u00eda 12 al 17 de octubre en su sal\u00f3n de referencia. Nos encontrar\u00e9is en el stand de Ports de Catalunya (ACPET. Pabell\u00f3n 2. Calle D. Stand 481) con las propuestas y promociones que ser\u00e1n v\u00e1lidas hasta el 14 de noviembre de 2021, y que gestionaremos en las oficinas. Sobre todo, de cada promoci\u00f3n que os interese, rellenar el formulario y nos pondremos en contacto con vosotros. Buena Fira[\/vc_column_text][\/vc_column][\/vc_row][vc_row type=\u00bbfull_width_section\u00bb top_padding=\u00bb20&#8243;][vc_column bg_color=\u00bb#f9f9f9&#8243; column_padding=\u00bbpadding-7&#8243; width=\u00bb1\/2&#8243;][vc_column_text] Aprovecha la oportunidad de prereservar uno de los amarres de la Rambla-Canal del Puerto de Badalona, el puerto urbano de una ciudad de gran tradici\u00f3n marinera. OFERTA AMARRES CANAL Haz Click y rellena el formulario Promoci\u00f3n v\u00e1lida\u00a0 12\/10 al 14\/11 Ver m\u00e1s[\/vc_column_text][\/vc_column][vc_column bg_image=\u00bb18417&#8243; column_padding=\u00bbpadding-5&#8243; column_center=\u00bbtrue\u00bb width=\u00bb1\/2&#8243;][\/vc_column][\/vc_row][vc_row type=\u00bbfull_width_section\u00bb][vc_column bg_image=\u00bb18438&#8243; column_padding=\u00bbpadding-5&#8243; column_center=\u00bbtrue\u00bb width=\u00bb1\/2&#8243;][\/vc_column][vc_column bg_color=\u00bb#222222&#8243; column_padding=\u00bbpadding-7&#8243; text_color=\u00bblight\u00bb width=\u00bb1\/2&#8243;][vc_column_text]Disfruta de un amarre de 8x3m y de 10&#215;3,5m en el Puerto de Badalona. Res\u00e9rvalo entre el 12 de octubre y el 14 de noviembre de 2021 y te bonificaremos con el servicio de aparcamiento gratuito el tiempo contractado (v\u00e1lido para seis meses y un a\u00f1o) OFERTA AMARRE+ APARCAMIENTO Haz click y rellena el formulario Ver m\u00e1s Promoci\u00f3n v\u00e1lida [&hellip;]<\/p>\n","protected":false},"author":1,"featured_media":0,"parent":0,"menu_order":0,"comment_status":"closed","ping_status":"closed","template":"","meta":{"footnotes":""},"class_list":["post-18532","page","type-page","status-publish","hentry"],"_links":{"self":[{"href":"https:\/\/marinabadalona.cat\/es\/wp-json\/wp\/v2\/pages\/18532","targetHints":{"allow":["GET"]}}],"collection":[{"href":"https:\/\/marinabadalona.cat\/es\/wp-json\/wp\/v2\/pages"}],"about":[{"href":"https:\/\/marinabadalona.cat\/es\/wp-json\/wp\/v2\/types\/page"}],"author":[{"embeddable":true,"href":"https:\/\/marinabadalona.cat\/es\/wp-json\/wp\/v2\/users\/1"}],"replies":[{"embeddable":true,"href":"https:\/\/marinabadalona.cat\/es\/wp-json\/wp\/v2\/comments?post=18532"}],"version-history":[{"count":0,"href":"https:\/\/marinabadalona.cat\/es\/wp-json\/wp\/v2\/pages\/18532\/revisions"}],"wp:attachment":[{"href":"https:\/\/marinabadalona.cat\/es\/wp-json\/wp\/v2\/media?parent=18532"}],"curies":[{"name":"wp","href":"https:\/\/api.w.org\/{rel}","templated":true}]}}