
{"id":20197,"date":"2021-11-05T10:47:51","date_gmt":"2021-11-05T10:47:51","guid":{"rendered":"https:\/\/novaweb.marinabadalona.cat\/es\/estatuts\/"},"modified":"2022-03-23T09:06:23","modified_gmt":"2022-03-23T09:06:23","slug":"estatutos","status":"publish","type":"page","link":"https:\/\/marinabadalona.cat\/es\/estatutos\/","title":{"rendered":"ESTATUTOS"},"content":{"rendered":"<div class=\"wpb-content-wrapper\"><p>[vc_row type=\u00bbfull_width_section\u00bb][vc_column width=\u00bb1\/1&#8243;][rev_slider_vc alias=\u00bbslide-home\u00bb][\/vc_column][\/vc_row][vc_row top_padding=\u00bb100&#8243; bottom_padding=\u00bb40&#8243;][vc_column width=\u00bb1\/1&#8243;]<h1 class=\"headline font-special fontsize-xxl fontweight-500 lh-inherit align-center transform-uppercase \" style=\"margin: 0 0 20px 0;\">ESTATUTOS MARINA BADALONA<\/h1><div class=\"headline font-special fontsize-l fontweight-400 lh-inherit align-center transform-inherit \" style=\"margin: 0 0 20px 0; color: #000000;\">\u00bfQU\u00c9 NOS MUEVE? LIDERAR LA REGENERACI\u00d3N URBAN\u00cdSTICA DEL LITORAL PARA ACERCAR A TODO EL MUNDO LA CULTURA Y LOS VALORES DE MAR A trav\u00e9s DE LA PASI\u00d3N POR LA N\u00c1UTICA<\/div><div class=\"divider divider1\" style='margin:0px 0 0px 0 !important;'><\/div>[\/vc_column][\/vc_row][vc_row bottom_padding=\u00bb10&#8243;][vc_column width=\u00bb5\/6&#8243;]<h3 class=\"headline font-special fontsize-s fontweight-500 lh-inherit align-left transform-inherit \" style=\"margin: 0 0 20px 0;\">ESTATUTOS DE MARINA DE BADALONA,S.A<\/h3>[\/vc_column][vc_column width=\u00bb1\/6&#8243;]<a href=\"https:\/\/marinabadalona.cat\/wp-content\/uploads\/2022\/03\/Estatuts-Marina_badalona_cat.pdf\" target=\"_blank\" class=\"button color-3 small \" style=\"border-radius: 2px;\">PDF<\/a>[\/vc_column][\/vc_row][vc_row top_padding=\u00bb0&#8243; bottom_padding=\u00bb20&#8243;][vc_column width=\u00bb1\/1&#8243;]<div class=\"divider divider1\" style='margin:0px 0 0px 0 !important;'><\/div>[\/vc_column][\/vc_row][vc_row type=\u00bbfull_width_section\u00bb][vc_column width=\u00bb1\/3&#8243;]<div class=\"single_image wpb_content_element align-left    \" data-animation=\"none\" data-delay=\"0\"><img loading=\"lazy\" decoding=\"async\" width=\"1000\" height=\"1000\" src=\"https:\/\/marinabadalona.cat\/wp-content\/uploads\/2022\/01\/Estatuts-marinabadalona-01.png\" class=\"attachment-full\" alt=\"\" title=\"Estatuts-marinabadalona-01\" srcset=\"https:\/\/marinabadalona.cat\/wp-content\/uploads\/2022\/01\/Estatuts-marinabadalona-01.png 1000w, https:\/\/marinabadalona.cat\/wp-content\/uploads\/2022\/01\/Estatuts-marinabadalona-01-300x300.png 300w, https:\/\/marinabadalona.cat\/wp-content\/uploads\/2022\/01\/Estatuts-marinabadalona-01-150x150.png 150w, https:\/\/marinabadalona.cat\/wp-content\/uploads\/2022\/01\/Estatuts-marinabadalona-01-768x768.png 768w, https:\/\/marinabadalona.cat\/wp-content\/uploads\/2022\/01\/Estatuts-marinabadalona-01-80x80.png 80w, https:\/\/marinabadalona.cat\/wp-content\/uploads\/2022\/01\/Estatuts-marinabadalona-01-500x500.png 500w, https:\/\/marinabadalona.cat\/wp-content\/uploads\/2022\/01\/Estatuts-marinabadalona-01-600x600.png 600w, https:\/\/marinabadalona.cat\/wp-content\/uploads\/2022\/01\/Estatuts-marinabadalona-01-100x100.png 100w\" sizes=\"auto, (max-width: 1000px) 100vw, 1000px\" \/><\/div>[\/vc_column][vc_column width=\u00bb1\/3&#8243;]<div class=\"single_image wpb_content_element align-left    \" data-animation=\"none\" data-delay=\"0\"><img loading=\"lazy\" decoding=\"async\" width=\"1000\" height=\"1000\" src=\"https:\/\/marinabadalona.cat\/wp-content\/uploads\/2022\/01\/Estatuts-marinabadalona-01.png\" class=\"attachment-full\" alt=\"\" title=\"Estatuts-marinabadalona-01\" srcset=\"https:\/\/marinabadalona.cat\/wp-content\/uploads\/2022\/01\/Estatuts-marinabadalona-01.png 1000w, https:\/\/marinabadalona.cat\/wp-content\/uploads\/2022\/01\/Estatuts-marinabadalona-01-300x300.png 300w, https:\/\/marinabadalona.cat\/wp-content\/uploads\/2022\/01\/Estatuts-marinabadalona-01-150x150.png 150w, https:\/\/marinabadalona.cat\/wp-content\/uploads\/2022\/01\/Estatuts-marinabadalona-01-768x768.png 768w, https:\/\/marinabadalona.cat\/wp-content\/uploads\/2022\/01\/Estatuts-marinabadalona-01-80x80.png 80w, https:\/\/marinabadalona.cat\/wp-content\/uploads\/2022\/01\/Estatuts-marinabadalona-01-500x500.png 500w, https:\/\/marinabadalona.cat\/wp-content\/uploads\/2022\/01\/Estatuts-marinabadalona-01-600x600.png 600w, https:\/\/marinabadalona.cat\/wp-content\/uploads\/2022\/01\/Estatuts-marinabadalona-01-100x100.png 100w\" sizes=\"auto, (max-width: 1000px) 100vw, 1000px\" \/><\/div>[\/vc_column][vc_column width=\u00bb1\/3&#8243;]<div class=\"single_image wpb_content_element align-left    \" data-animation=\"none\" data-delay=\"0\"><img loading=\"lazy\" decoding=\"async\" width=\"1000\" height=\"1000\" src=\"https:\/\/marinabadalona.cat\/wp-content\/uploads\/2022\/01\/Estatuts-marinabadalona-03.png\" class=\"attachment-full\" alt=\"\" title=\"Estatuts-marinabadalona-03\" srcset=\"https:\/\/marinabadalona.cat\/wp-content\/uploads\/2022\/01\/Estatuts-marinabadalona-03.png 1000w, https:\/\/marinabadalona.cat\/wp-content\/uploads\/2022\/01\/Estatuts-marinabadalona-03-300x300.png 300w, https:\/\/marinabadalona.cat\/wp-content\/uploads\/2022\/01\/Estatuts-marinabadalona-03-150x150.png 150w, https:\/\/marinabadalona.cat\/wp-content\/uploads\/2022\/01\/Estatuts-marinabadalona-03-768x768.png 768w, https:\/\/marinabadalona.cat\/wp-content\/uploads\/2022\/01\/Estatuts-marinabadalona-03-80x80.png 80w, https:\/\/marinabadalona.cat\/wp-content\/uploads\/2022\/01\/Estatuts-marinabadalona-03-500x500.png 500w, https:\/\/marinabadalona.cat\/wp-content\/uploads\/2022\/01\/Estatuts-marinabadalona-03-600x600.png 600w, https:\/\/marinabadalona.cat\/wp-content\/uploads\/2022\/01\/Estatuts-marinabadalona-03-100x100.png 100w\" sizes=\"auto, (max-width: 1000px) 100vw, 1000px\" \/><\/div>[\/vc_column][\/vc_row]<\/p>\n<\/div>","protected":false},"excerpt":{"rendered":"<p>[vc_row type=\u00bbfull_width_section\u00bb][vc_column width=\u00bb1\/1&#8243;][rev_slider_vc alias=\u00bbslide-home\u00bb][\/vc_column][\/vc_row][vc_row top_padding=\u00bb100&#8243; bottom_padding=\u00bb40&#8243;][vc_column width=\u00bb1\/1&#8243;][\/vc_column][\/vc_row][vc_row bottom_padding=\u00bb10&#8243;][vc_column width=\u00bb5\/6&#8243;][\/vc_column][vc_column width=\u00bb1\/6&#8243;][\/vc_column][\/vc_row][vc_row top_padding=\u00bb0&#8243; bottom_padding=\u00bb20&#8243;][vc_column width=\u00bb1\/1&#8243;][\/vc_column][\/vc_row][vc_row type=\u00bbfull_width_section\u00bb][vc_column width=\u00bb1\/3&#8243;][\/vc_column][vc_column width=\u00bb1\/3&#8243;][\/vc_column][vc_column width=\u00bb1\/3&#8243;][\/vc_column][\/vc_row]<\/p>\n","protected":false},"author":1,"featured_media":0,"parent":0,"menu_order":0,"comment_status":"open","ping_status":"closed","template":"","meta":{"footnotes":""},"class_list":["post-20197","page","type-page","status-publish","hentry"],"_links":{"self":[{"href":"https:\/\/marinabadalona.cat\/es\/wp-json\/wp\/v2\/pages\/20197","targetHints":{"allow":["GET"]}}],"collection":[{"href":"https:\/\/marinabadalona.cat\/es\/wp-json\/wp\/v2\/pages"}],"about":[{"href":"https:\/\/marinabadalona.cat\/es\/wp-json\/wp\/v2\/types\/page"}],"author":[{"embeddable":true,"href":"https:\/\/marinabadalona.cat\/es\/wp-json\/wp\/v2\/users\/1"}],"replies":[{"embeddable":true,"href":"https:\/\/marinabadalona.cat\/es\/wp-json\/wp\/v2\/comments?post=20197"}],"version-history":[{"count":0,"href":"https:\/\/marinabadalona.cat\/es\/wp-json\/wp\/v2\/pages\/20197\/revisions"}],"wp:attachment":[{"href":"https:\/\/marinabadalona.cat\/es\/wp-json\/wp\/v2\/media?parent=20197"}],"curies":[{"name":"wp","href":"https:\/\/api.w.org\/{rel}","templated":true}]}}