
{"id":20219,"date":"2021-10-21T10:20:56","date_gmt":"2021-10-21T10:20:56","guid":{"rendered":"https:\/\/novaweb.marinabadalona.cat\/es\/el-port-2\/"},"modified":"2024-03-18T08:39:18","modified_gmt":"2024-03-18T07:39:18","slug":"el-puerto","status":"publish","type":"page","link":"https:\/\/marinabadalona.cat\/es\/el-puerto\/","title":{"rendered":"EL PUERTO"},"content":{"rendered":"<div class=\"wpb-content-wrapper\"><p>[vc_row top_padding=\u00bb100&#8243; bottom_padding=\u00bb40&#8243;][vc_column width=\u00bb1\/1&#8243;]<h1 class=\"headline font-special fontsize-xxl fontweight-500 lh-inherit align-center transform-uppercase \" style=\"margin: 0 0 20px 0;\">EL PUERTO DE BADALONA<\/h1><div class=\"headline font-special fontsize-l fontweight-400 lh-inherit align-center transform-inherit \" style=\"margin: 0 0 20px 0; color: #999999;\">UNO DE LOS COMPLEJOS PORTUARIOS DEPORTIVOS M\u00c1S MODERNOS DE CATALU\u00d1A. INAUGURADO EL 2005, ES MOTOR DE REACTIVACI\u00d3N ECON\u00d3MICA Y DE DESARROLLO, DE PRESENTE Y FUTURO, De UNA CIUDAD CON GRAN TRADICI\u00d3N MARINERA<\/div><div class=\"divider divider1\" style='margin:0px 0 0px 0 !important;'><\/div>[\/vc_column][\/vc_row][vc_row type=\u00bbfull_width_section\u00bb][vc_column width=\u00bb1\/1&#8243;]<div class=\"minti_masonrygrid  clearfix\"><div class=\"grid-sizer\"><\/div><div class=\"minti_masonrygrid_item masonry_image masonry_rl\"><a href=\"https:\/\/marinabadalona.cat\/es\/directorio-el-puerto\/\" target=\"_blank\"><div class=\"minti_masonrygrid_item_wrap\"><div class=\"minti_masonrygrid_item_inner\" style=\"background-image: url(https:\/\/marinabadalona.cat\/wp-content\/uploads\/2021\/10\/port-marina-badalona-dortoka-1000x500.jpg);\"><div class=\"minti_masonrygrid_item_cell minti_masonrygrid_item_overlay font-special\">DIRECTORIO DEL PUERTO<\/div><\/div><\/div><\/a><\/div><div class=\"minti_masonrygrid_item masonry_image masonry_rl\"><a href=\"https:\/\/marinabadalona.cat\/es\/servicios\/\" target=\"_blank\"><div class=\"minti_masonrygrid_item_wrap\"><div class=\"minti_masonrygrid_item_inner\" style=\"background-image: url(https:\/\/marinabadalona.cat\/wp-content\/uploads\/2021\/10\/port-marina-badalona-amarradors-dortoka-1-1000x500.jpg);\"><div class=\"minti_masonrygrid_item_cell minti_masonrygrid_item_overlay font-special\">SERVICIOS<\/div><\/div><\/div><\/a><\/div><div class=\"minti_masonrygrid_item masonry_image masonry_rl\"><a href=\"https:\/\/marinabadalona.cat\/es\/base-de-pesca\/\" target=\"_blank\"><div class=\"minti_masonrygrid_item_wrap\"><div class=\"minti_masonrygrid_item_inner\" style=\"background-image: url(https:\/\/marinabadalona.cat\/wp-content\/uploads\/2021\/10\/Base-de-pesca-marina-badalona-dortoka-1000x500.jpg);\"><div class=\"minti_masonrygrid_item_cell minti_masonrygrid_item_overlay font-special\">BASE DE PESCA ARTESANAL<\/div><\/div><\/div><\/a><\/div><div class=\"minti_masonrygrid_item masonry_image masonry_rl\"><a href=\"https:\/\/marinabadalona.cat\/es\/gestion-ambiental\/\" target=\"_blank\"><div class=\"minti_masonrygrid_item_wrap\"><div class=\"minti_masonrygrid_item_inner\" style=\"background-image: url(https:\/\/marinabadalona.cat\/wp-content\/uploads\/2021\/10\/port-marina-badalona-gestioambiental-dortoka-1000x500.jpg);\"><div class=\"minti_masonrygrid_item_cell minti_masonrygrid_item_overlay font-special\">GESTI\u00d3N AMBIENTAL<\/div><\/div><\/div><\/a><\/div><\/div>[\/vc_column][\/vc_row]<\/p>\n<\/div>","protected":false},"excerpt":{"rendered":"<p>[vc_row top_padding=\u00bb100&#8243; bottom_padding=\u00bb40&#8243;][vc_column width=\u00bb1\/1&#8243;][\/vc_column][\/vc_row][vc_row type=\u00bbfull_width_section\u00bb][vc_column width=\u00bb1\/1&#8243;][\/vc_column][\/vc_row]<\/p>\n","protected":false},"author":1,"featured_media":0,"parent":0,"menu_order":0,"comment_status":"open","ping_status":"closed","template":"","meta":{"footnotes":""},"class_list":["post-20219","page","type-page","status-publish","hentry"],"_links":{"self":[{"href":"https:\/\/marinabadalona.cat\/es\/wp-json\/wp\/v2\/pages\/20219","targetHints":{"allow":["GET"]}}],"collection":[{"href":"https:\/\/marinabadalona.cat\/es\/wp-json\/wp\/v2\/pages"}],"about":[{"href":"https:\/\/marinabadalona.cat\/es\/wp-json\/wp\/v2\/types\/page"}],"author":[{"embeddable":true,"href":"https:\/\/marinabadalona.cat\/es\/wp-json\/wp\/v2\/users\/1"}],"replies":[{"embeddable":true,"href":"https:\/\/marinabadalona.cat\/es\/wp-json\/wp\/v2\/comments?post=20219"}],"version-history":[{"count":1,"href":"https:\/\/marinabadalona.cat\/es\/wp-json\/wp\/v2\/pages\/20219\/revisions"}],"predecessor-version":[{"id":37985,"href":"https:\/\/marinabadalona.cat\/es\/wp-json\/wp\/v2\/pages\/20219\/revisions\/37985"}],"wp:attachment":[{"href":"https:\/\/marinabadalona.cat\/es\/wp-json\/wp\/v2\/media?parent=20219"}],"curies":[{"name":"wp","href":"https:\/\/api.w.org\/{rel}","templated":true}]}}