
{"id":20247,"date":"2021-10-29T10:03:48","date_gmt":"2021-10-29T10:03:48","guid":{"rendered":"https:\/\/novaweb.marinabadalona.cat\/es\/base-de-pesca\/"},"modified":"2023-07-03T12:06:48","modified_gmt":"2023-07-03T10:06:48","slug":"base-de-pesca","status":"publish","type":"page","link":"https:\/\/marinabadalona.cat\/es\/base-de-pesca\/","title":{"rendered":"BASE DE PESCA ARTESANAL DE BADALONA"},"content":{"rendered":"<div class=\"wpb-content-wrapper\"><p>[vc_row type=\u00bbfull_width_section\u00bb][vc_column width=\u00bb1\/1&#8243;][rev_slider_vc alias=\u00bbslide-home\u00bb][\/vc_column][\/vc_row][vc_row top_padding=\u00bb100&#8243; bottom_padding=\u00bb80&#8243;][vc_column width=\u00bb1\/1&#8243;]<h1 class=\"headline font-special fontsize-xxxl fontweight-500 lh-inherit align-center transform-uppercase \" style=\"margin: 0 0 00px 0;\">BASE DE PESCA ARTESANAL<\/h1><div class=\"headline font-special fontsize-l fontweight-400 lh-inherit align-center transform-inherit \" style=\"margin: 0 0 00px 0; color: #999999;\">MODERNA, ABIERTA A LA CIUDAD Y ADECUADA A LA REALIDAD DEL SECTOR<\/div>[\/vc_column][\/vc_row][vc_row bg_color=\u00bb#f9f9f9&#8243; top_padding=\u00bb100&#8243; bottom_padding=\u00bb80&#8243;][vc_column width=\u00bb1\/2&#8243;]<h3 class=\"headline font-special fontsize-l fontweight-700 lh-inherit align-left transform-uppercase \" style=\"margin: 0 0 20px 0;\">DESCUBRE LA TRADICI\u00d3N<\/h3>[vc_column_text]<\/p>\n<p style=\"text-align: justify;\">La Base de Pesca Artesanal de Badalona (BPAB)\u00a0del Puerto de Badalona es una instalaci\u00f3n situada en el Moll de\u00a0Quimet\u00a0Costa, adecuada a la realidad del sector para responder a las necesidades operativas del colectivo de pescadores de la ciudad, dotada de la tecnolog\u00eda y los controles que garantizan el consumo directo.<\/p>\n<p style=\"text-align: justify;\">La entrada en servicio de este proyecto \u2013desde noviembre de 2010 es suyo de la Cofrad\u00eda y el 17 de enero de 2011 se retoma la actividad de la subasta p\u00fablica y presencial-ha resuelto una demanda historia del colectivo de pescadores de la ciudad, demanda hecha realidad despu\u00e9s de un proceso participativo y negociador entre el Ayuntamiento de Badalona, la sociedad Marina de Badalona, la Direcci\u00f3n General de Pesca y el colectivo de pescadores de Badalona, que ahora desarrolla su actividad econ\u00f3mica con total dignidad. La actividad de la Base se desarrolla en dos espacios claves.<\/p>\n<p>[\/vc_column_text][\/vc_column][vc_column width=\u00bb1\/2&#8243;]<div class=\"single_image wpb_content_element align-center    \" data-animation=\"none\" data-delay=\"0\"><img loading=\"lazy\" decoding=\"async\" width=\"1000\" height=\"1000\" src=\"https:\/\/marinabadalona.cat\/wp-content\/uploads\/2021\/10\/Base-de-pesca-marina-badalona-barco-dortoka.jpg\" class=\"attachment-full\" alt=\"\" title=\"Base-de-pesca-marina-badalona-barco-dortoka\" srcset=\"https:\/\/marinabadalona.cat\/wp-content\/uploads\/2021\/10\/Base-de-pesca-marina-badalona-barco-dortoka.jpg 1000w, https:\/\/marinabadalona.cat\/wp-content\/uploads\/2021\/10\/Base-de-pesca-marina-badalona-barco-dortoka-300x300.jpg 300w, https:\/\/marinabadalona.cat\/wp-content\/uploads\/2021\/10\/Base-de-pesca-marina-badalona-barco-dortoka-150x150.jpg 150w, https:\/\/marinabadalona.cat\/wp-content\/uploads\/2021\/10\/Base-de-pesca-marina-badalona-barco-dortoka-768x768.jpg 768w, https:\/\/marinabadalona.cat\/wp-content\/uploads\/2021\/10\/Base-de-pesca-marina-badalona-barco-dortoka-80x80.jpg 80w, https:\/\/marinabadalona.cat\/wp-content\/uploads\/2021\/10\/Base-de-pesca-marina-badalona-barco-dortoka-500x500.jpg 500w, https:\/\/marinabadalona.cat\/wp-content\/uploads\/2021\/10\/Base-de-pesca-marina-badalona-barco-dortoka-600x600.jpg 600w, https:\/\/marinabadalona.cat\/wp-content\/uploads\/2021\/10\/Base-de-pesca-marina-badalona-barco-dortoka-100x100.jpg 100w\" sizes=\"auto, (max-width: 1000px) 100vw, 1000px\" \/><\/div>[\/vc_column][\/vc_row][vc_row bg_color=\u00bb#f4f4f4&#8243; top_padding=\u00bb80&#8243; bottom_padding=\u00bb80&#8243;][vc_column bg_color=\u00bb#f4f4f4&#8243; width=\u00bb1\/2&#8243;][vc_column_text]<strong>LONJA DE PESCADORES<\/strong><\/p>\n<hr \/>\n<ul>\n<li>Sede de la Cofrad\u00eda de Pescadores, con 610 m\u00b2 en una planta15 casetas de para uso de almac\u00e9n de cada patr\u00f3n<\/li>\n<li>Sala central de 200m2, que acoge la tradicional subasta p\u00fablica del pez.<br \/>\n<strong>La adquisici\u00f3n de pez es para restauradores y pescadores.<\/strong><\/li>\n<li>M\u00e1quina de hielo \u2013 C\u00e1mara frigor\u00edfica<\/li>\n<li>B\u00e1scula de Pesada \u2013 Laboratorio de an\u00e1lisis de control de las capturas<\/li>\n<\/ul>\n<p>[\/vc_column_text][\/vc_column][vc_column width=\u00bb1\/2&#8243;][vc_column_text]<strong>MUELLE DE PESCA<\/strong><\/p>\n<hr \/>\n<ul>\n<li>17 amarraderos en un muelle de 70 metros de largo<\/li>\n<li>Espacio para la descarga y para situar las artes de pesca<\/li>\n<li>Iluminaci\u00f3n y servicio de agua<\/li>\n<\/ul>\n<p><strong>Contacto con la Cofrad\u00eda de Pescadores de Badalona<\/strong><br \/>\n<strong>Tel\u00e9fono:<\/strong> 93 384 35 06<br \/>\n<strong>Email:<\/strong> <a href=\"mailto:confrariabadalona@gmail.com\">confrariabadalona@gmail.com<\/a>[\/vc_column_text][\/vc_column][\/vc_row][vc_row type=\u00bbfull_width_section\u00bb][vc_column width=\u00bb1\/3&#8243;]<div class=\"single_image wpb_content_element align-left    \" data-animation=\"none\" data-delay=\"0\"><img loading=\"lazy\" decoding=\"async\" width=\"1000\" height=\"1000\" src=\"https:\/\/marinabadalona.cat\/wp-content\/uploads\/2021\/10\/Base-de-pesca-marina-badalona-dortoka.jpg\" class=\"attachment-full\" alt=\"\" title=\"Base-de-pesca-marina-badalona-dortoka\" srcset=\"https:\/\/marinabadalona.cat\/wp-content\/uploads\/2021\/10\/Base-de-pesca-marina-badalona-dortoka.jpg 1000w, https:\/\/marinabadalona.cat\/wp-content\/uploads\/2021\/10\/Base-de-pesca-marina-badalona-dortoka-300x300.jpg 300w, https:\/\/marinabadalona.cat\/wp-content\/uploads\/2021\/10\/Base-de-pesca-marina-badalona-dortoka-150x150.jpg 150w, https:\/\/marinabadalona.cat\/wp-content\/uploads\/2021\/10\/Base-de-pesca-marina-badalona-dortoka-768x768.jpg 768w, https:\/\/marinabadalona.cat\/wp-content\/uploads\/2021\/10\/Base-de-pesca-marina-badalona-dortoka-80x80.jpg 80w, https:\/\/marinabadalona.cat\/wp-content\/uploads\/2021\/10\/Base-de-pesca-marina-badalona-dortoka-500x500.jpg 500w, https:\/\/marinabadalona.cat\/wp-content\/uploads\/2021\/10\/Base-de-pesca-marina-badalona-dortoka-600x600.jpg 600w, https:\/\/marinabadalona.cat\/wp-content\/uploads\/2021\/10\/Base-de-pesca-marina-badalona-dortoka-100x100.jpg 100w\" sizes=\"auto, (max-width: 1000px) 100vw, 1000px\" \/><\/div>[\/vc_column][vc_column width=\u00bb1\/3&#8243;]<div class=\"single_image wpb_content_element align-left    \" data-animation=\"none\" data-delay=\"0\"><img loading=\"lazy\" decoding=\"async\" width=\"1000\" height=\"1000\" src=\"https:\/\/marinabadalona.cat\/wp-content\/uploads\/2021\/10\/Base-de-pesca-marina-badalona-pescadores-dortoka.jpg\" class=\"attachment-full\" alt=\"\" title=\"Base-de-pesca-marina-badalona-pescadores-dortoka\" srcset=\"https:\/\/marinabadalona.cat\/wp-content\/uploads\/2021\/10\/Base-de-pesca-marina-badalona-pescadores-dortoka.jpg 1000w, https:\/\/marinabadalona.cat\/wp-content\/uploads\/2021\/10\/Base-de-pesca-marina-badalona-pescadores-dortoka-300x300.jpg 300w, https:\/\/marinabadalona.cat\/wp-content\/uploads\/2021\/10\/Base-de-pesca-marina-badalona-pescadores-dortoka-150x150.jpg 150w, https:\/\/marinabadalona.cat\/wp-content\/uploads\/2021\/10\/Base-de-pesca-marina-badalona-pescadores-dortoka-768x768.jpg 768w, https:\/\/marinabadalona.cat\/wp-content\/uploads\/2021\/10\/Base-de-pesca-marina-badalona-pescadores-dortoka-80x80.jpg 80w, https:\/\/marinabadalona.cat\/wp-content\/uploads\/2021\/10\/Base-de-pesca-marina-badalona-pescadores-dortoka-500x500.jpg 500w, https:\/\/marinabadalona.cat\/wp-content\/uploads\/2021\/10\/Base-de-pesca-marina-badalona-pescadores-dortoka-600x600.jpg 600w, https:\/\/marinabadalona.cat\/wp-content\/uploads\/2021\/10\/Base-de-pesca-marina-badalona-pescadores-dortoka-100x100.jpg 100w\" sizes=\"auto, (max-width: 1000px) 100vw, 1000px\" \/><\/div>[\/vc_column][vc_column width=\u00bb1\/3&#8243;]<div class=\"single_image wpb_content_element align-left    \" data-animation=\"none\" data-delay=\"0\"><img loading=\"lazy\" decoding=\"async\" width=\"1000\" height=\"1000\" src=\"https:\/\/marinabadalona.cat\/wp-content\/uploads\/2021\/10\/Base-de-pesca-marina-badalona-peces-dortoka.jpg\" class=\"attachment-full\" alt=\"\" title=\"Base-de-pesca-marina-badalona-peces-dortoka\" srcset=\"https:\/\/marinabadalona.cat\/wp-content\/uploads\/2021\/10\/Base-de-pesca-marina-badalona-peces-dortoka.jpg 1000w, https:\/\/marinabadalona.cat\/wp-content\/uploads\/2021\/10\/Base-de-pesca-marina-badalona-peces-dortoka-300x300.jpg 300w, https:\/\/marinabadalona.cat\/wp-content\/uploads\/2021\/10\/Base-de-pesca-marina-badalona-peces-dortoka-150x150.jpg 150w, https:\/\/marinabadalona.cat\/wp-content\/uploads\/2021\/10\/Base-de-pesca-marina-badalona-peces-dortoka-768x768.jpg 768w, https:\/\/marinabadalona.cat\/wp-content\/uploads\/2021\/10\/Base-de-pesca-marina-badalona-peces-dortoka-80x80.jpg 80w, https:\/\/marinabadalona.cat\/wp-content\/uploads\/2021\/10\/Base-de-pesca-marina-badalona-peces-dortoka-500x500.jpg 500w, https:\/\/marinabadalona.cat\/wp-content\/uploads\/2021\/10\/Base-de-pesca-marina-badalona-peces-dortoka-600x600.jpg 600w, https:\/\/marinabadalona.cat\/wp-content\/uploads\/2021\/10\/Base-de-pesca-marina-badalona-peces-dortoka-100x100.jpg 100w\" sizes=\"auto, (max-width: 1000px) 100vw, 1000px\" \/><\/div>[\/vc_column][\/vc_row][vc_row bg_color=\u00bb#00a7e0&#8243; text_color=\u00bblight\u00bb top_padding=\u00bb80&#8243; bottom_padding=\u00bb80&#8243;][vc_column bg_color=\u00bb#00a7e0&#8243; width=\u00bb1\/1&#8243;]<h1 class=\"headline font-special fontsize-xxxl fontweight-500 lh-inherit align-center transform-uppercase \" style=\"margin: 0 0 20px 0;\">Marina Badalona<br \/>\n\u00bfTe ayudamos?<br \/>\n<\/h1>[vc_column_text el_class=\u00bbpopmake-17508&#8243;]<\/p>\n<p style=\"text-align: center;\"><a href=\"https:\/\/marinabadalona.cat\/es\/contacto\/\" target=\"_self\" class=\"button color-8 medium \" style=\"border-radius: 2px;\"><i class='fa fa-phone'><\/i>\u00a1Contactanos!<\/a>\n<p>[\/vc_column_text][\/vc_column][\/vc_row][vc_row bg_color=\u00bb#f4f4f4&#8243; top_padding=\u00bb30&#8243;][vc_column width=\u00bb1\/1&#8243;][vc_raw_html]JTNDZGl2JTNFJTBBJTIwJTIwJTIwJTIwJTIwJTIwJTNDZGl2JTNFJTBBJTIwJTIwJTIwJTIwJTIwJTIwJTIwJTIwJTNDaDElMjBzdHlsZSUzRCUyMmZvbnQtZmFtaWx5JTNBJTI3TW9udHNlcnJhdCUyNyUyQ0FyaWFsJTJDSGVsdmV0aWNhJTJDc2Fucy1zZXJpZiUzQiUyMHRleHQtYWxpZ24lM0FjZW50ZXIlM0IlMjBjb2xvciUzQWJsYWNrJTNCJTIyJTNFJUMzJTlBTkVURSUyMEElMjBOVUVTVFJBJTIwTkVXU0xFVFRFUiUzQyUyRmgxJTNFJTBBJTIwJTIwJTIwJTIwJTIwJTIwJTIwJTIwJTNDcCUyMHN0eWxlJTNEJTIyZm9udC1mYW1pbHklM0ElMjdNb250c2VycmF0JTI3JTJDQXJpYWwlMkNIZWx2ZXRpY2ElMkNzYW5zLXNlcmlmJTNCJTIwdGV4dC1hbGlnbiUzQWNlbnRlciUzQiUyMGNvbG9yJTNBYmxhY2slM0IlMjIlM0VDb25vY2UlMjBsYXMlMjBub3ZlZGFkZXMlMjBhbnRlcyUyMHF1ZSUyMG5hZGllJTJDJTIwZW50JUMzJUE5cmF0ZSUyMGRlJTIwbnVldm9zJTIwZXZlbnRvcyUyMHklMjBkZSUyMG11Y2hvJTIwbSVDMyVBMXMlM0MlMkZwJTNFJTBBJTIwJTIwJTIwJTIwJTIwJTIwJTNDJTJGZGl2JTNFJTBBJTIwJTIwJTIwJTIwJTNDJTJGZGl2JTNF[\/vc_raw_html][\/vc_column][\/vc_row][vc_row bg_color=\u00bb#f4f4f4&#8243; bottom_padding=\u00bb15&#8243;][vc_column width=\u00bb1\/1&#8243;][vc_raw_html el_class=\u00bbpopmake-20395&#8243;]JTNDZGl2JTNFJTBBJTIwJTIwJTIwJTIwJTIwJTIwJTIwJTIwJTNDZGl2JTIwc3R5bGUlM0QlMjJtYXJnaW4tdG9wJTNBMjBweCUzQiUyMHRleHQtYWxpZ24lM0FjZW50ZXIlM0IlMjIlM0UlMEElMjAlMjAlMjAlMjAlMjAlMjAlMjAlMjAlMjAlMjAlM0NidXR0b24lMjBzdHlsZSUzRCUyMndpZHRoJTNBNTAlMjUlM0IlMjBwYWRkaW5nJTNBMTVweCUyMDIwcHglM0IlMjBib3JkZXItcmFkaXVzJTNBMjVweCUzQiUyMGJhY2tncm91bmQtY29sb3IlM0FibGFjayUzQiUyMGNvbG9yJTNBJTIzZjRmNGY0JTNCJTIwZm9udC13ZWlnaHQlM0Fib2xkJTNCJTIwYm9yZGVyJTNBMXB4JTIwc29saWQlMjB3aGl0ZSUzQiUyMiUyMHR5cGUlM0QlMjJidXR0b24lMjIlM0VTVVNDUiVDMyU4REJFVEUlM0MlMkZidXR0b24lM0UlMEElMjAlMjAlMjAlMjAlMjAlMjAlMjAlMjAlM0MlMkZkaXYlM0UlMEElMjAlMjAlMjAlMjAlMjAlMjAlM0MlMkZkaXYlM0U=[\/vc_raw_html][\/vc_column][\/vc_row]<\/p>\n<\/div>","protected":false},"excerpt":{"rendered":"<p>[vc_row type=\u00bbfull_width_section\u00bb][vc_column width=\u00bb1\/1&#8243;][rev_slider_vc alias=\u00bbslide-home\u00bb][\/vc_column][\/vc_row][vc_row top_padding=\u00bb100&#8243; bottom_padding=\u00bb80&#8243;][vc_column width=\u00bb1\/1&#8243;][\/vc_column][\/vc_row][vc_row bg_color=\u00bb#f9f9f9&#8243; top_padding=\u00bb100&#8243; bottom_padding=\u00bb80&#8243;][vc_column width=\u00bb1\/2&#8243;][vc_column_text] La Base de Pesca Artesanal de Badalona (BPAB)\u00a0del Puerto de Badalona es una instalaci\u00f3n situada en el Moll de\u00a0Quimet\u00a0Costa, adecuada a la realidad del sector para responder a las necesidades operativas del colectivo de pescadores de la ciudad, dotada de la tecnolog\u00eda y los controles que garantizan el consumo directo. La entrada en servicio de este proyecto \u2013desde noviembre de 2010 es suyo de la Cofrad\u00eda y el 17 de enero de 2011 se retoma la actividad de la subasta p\u00fablica y presencial-ha resuelto una demanda historia del colectivo de pescadores de la ciudad, demanda hecha realidad despu\u00e9s de un proceso participativo y negociador entre el Ayuntamiento de Badalona, la sociedad Marina de Badalona, la Direcci\u00f3n General de Pesca y el colectivo de pescadores de Badalona, que ahora desarrolla su actividad econ\u00f3mica con total dignidad. La actividad de la Base se desarrolla en dos espacios claves. [\/vc_column_text][\/vc_column][vc_column width=\u00bb1\/2&#8243;][\/vc_column][\/vc_row][vc_row bg_color=\u00bb#f4f4f4&#8243; top_padding=\u00bb80&#8243; bottom_padding=\u00bb80&#8243;][vc_column bg_color=\u00bb#f4f4f4&#8243; width=\u00bb1\/2&#8243;][vc_column_text]LONJA DE PESCADORES Sede de la Cofrad\u00eda de Pescadores, con 610 m\u00b2 en una planta15 casetas de para uso de almac\u00e9n de cada patr\u00f3n Sala central de 200m2, que acoge la tradicional subasta p\u00fablica del pez. La [&hellip;]<\/p>\n","protected":false},"author":1,"featured_media":0,"parent":0,"menu_order":0,"comment_status":"open","ping_status":"closed","template":"","meta":{"footnotes":""},"class_list":["post-20247","page","type-page","status-publish","hentry"],"_links":{"self":[{"href":"https:\/\/marinabadalona.cat\/es\/wp-json\/wp\/v2\/pages\/20247","targetHints":{"allow":["GET"]}}],"collection":[{"href":"https:\/\/marinabadalona.cat\/es\/wp-json\/wp\/v2\/pages"}],"about":[{"href":"https:\/\/marinabadalona.cat\/es\/wp-json\/wp\/v2\/types\/page"}],"author":[{"embeddable":true,"href":"https:\/\/marinabadalona.cat\/es\/wp-json\/wp\/v2\/users\/1"}],"replies":[{"embeddable":true,"href":"https:\/\/marinabadalona.cat\/es\/wp-json\/wp\/v2\/comments?post=20247"}],"version-history":[{"count":2,"href":"https:\/\/marinabadalona.cat\/es\/wp-json\/wp\/v2\/pages\/20247\/revisions"}],"predecessor-version":[{"id":35949,"href":"https:\/\/marinabadalona.cat\/es\/wp-json\/wp\/v2\/pages\/20247\/revisions\/35949"}],"wp:attachment":[{"href":"https:\/\/marinabadalona.cat\/es\/wp-json\/wp\/v2\/media?parent=20247"}],"curies":[{"name":"wp","href":"https:\/\/api.w.org\/{rel}","templated":true}]}}