
{"id":20977,"date":"2021-10-20T13:26:34","date_gmt":"2021-10-20T13:26:34","guid":{"rendered":"https:\/\/novaweb.marinabadalona.cat\/es\/bugaderia\/"},"modified":"2024-12-03T16:52:44","modified_gmt":"2024-12-03T15:52:44","slug":"lavanderia","status":"publish","type":"page","link":"https:\/\/marinabadalona.cat\/es\/lavanderia\/","title":{"rendered":"LAVANDER\u00cdA"},"content":{"rendered":"<div class=\"wpb-content-wrapper\"><p>[vc_row type=\u00bbfull_width_section\u00bb][vc_column width=\u00bb1\/1&#8243;][rev_slider_vc alias=\u00bbslide-home\u00bb][\/vc_column][\/vc_row][vc_row top_padding=\u00bb100&#8243; bottom_padding=\u00bb80&#8243;][vc_column width=\u00bb1\/1&#8243;]<h1 class=\"headline font-special fontsize-xxxl fontweight-500 lh-inherit align-center transform-uppercase \" style=\"margin: 0 0 00px 0;\">LAVANDER\u00cdA<\/h1><div class=\"headline font-special fontsize-l fontweight-400 lh-inherit align-center transform-inherit \" style=\"margin: 0 0 00px 0; color: #999999;\">UN SERVICIO EFICIENTE Y C\u00d3MODO<\/div>[\/vc_column][\/vc_row][vc_row bg_color=\u00bb#f9f9f9&#8243; top_padding=\u00bb100&#8243; bottom_padding=\u00bb80&#8243;][vc_column width=\u00bb1\/2&#8243;]<h3 class=\"headline font-special fontsize-l fontweight-700 lh-inherit align-left transform-uppercase \" style=\"margin: 0 0 20px 0;\">SERVICIO DE LAVANDER\u00cdA 24\/7 EN EL PUERTO DE BADALONA<\/h3>[vc_column_text]<\/p>\n<p style=\"text-align: justify;\">En el Puerto de Badalona sabemos lo importante que es contar con servicios pr\u00e1cticos y accesibles durante tu estancia. Por eso, nuestra lavander\u00eda est\u00e1 abierta las <strong>24 horas del d\u00eda, los 365 d\u00edas del a\u00f1o<\/strong>, para ofrecerte la m\u00e1xima flexibilidad y comodidad, sin importar el momento que elijas.<\/p>\n<p style=\"text-align: justify;\">El espacio est\u00e1 equipado con <strong>tres lavadoras<\/strong>: una de gran capacidad de <strong>15 kg<\/strong>, perfecta para prendas voluminosas, y dos de <strong>10 kg<\/strong>, ideales para cargas m\u00e1s peque\u00f1as. Adem\u00e1s, disponemos de <strong>dos secadoras de 15 kg<\/strong>, que garantizan un secado r\u00e1pido y eficaz, ahorr\u00e1ndote tiempo y esfuerzo.<\/p>\n<p style=\"text-align: justify;\">Dise\u00f1ada para facilitar la vida tanto a nuestros visitantes como a los usuarios habituales del puerto, nuestra lavander\u00eda combina funcionalidad y comodidad en un entorno limpio y bien mantenido. Ya sea que est\u00e9s disfrutando de un d\u00eda de navegaci\u00f3n, trabajando en tu embarcaci\u00f3n o simplemente visitando el puerto, tendr\u00e1s siempre a tu disposici\u00f3n un servicio pr\u00e1ctico y eficiente<\/p>\n<p>[\/vc_column_text][\/vc_column][vc_column width=\u00bb1\/2&#8243;]<div class=\"single_image wpb_content_element align-center    \" data-animation=\"none\" data-delay=\"0\"><img loading=\"lazy\" decoding=\"async\" width=\"1920\" height=\"2560\" src=\"https:\/\/marinabadalona.cat\/wp-content\/uploads\/2024\/12\/IMG_5680-min-scaled.jpg\" class=\"attachment-full\" alt=\"\" title=\"IMG_5680-min\" srcset=\"https:\/\/marinabadalona.cat\/wp-content\/uploads\/2024\/12\/IMG_5680-min-scaled.jpg 1920w, https:\/\/marinabadalona.cat\/wp-content\/uploads\/2024\/12\/IMG_5680-min-225x300.jpg 225w, https:\/\/marinabadalona.cat\/wp-content\/uploads\/2024\/12\/IMG_5680-min-768x1024.jpg 768w, https:\/\/marinabadalona.cat\/wp-content\/uploads\/2024\/12\/IMG_5680-min-300x400.jpg 300w, https:\/\/marinabadalona.cat\/wp-content\/uploads\/2024\/12\/IMG_5680-min-1152x1536.jpg 1152w, https:\/\/marinabadalona.cat\/wp-content\/uploads\/2024\/12\/IMG_5680-min-1536x2048.jpg 1536w, https:\/\/marinabadalona.cat\/wp-content\/uploads\/2024\/12\/IMG_5680-min-600x800.jpg 600w\" sizes=\"auto, (max-width: 1920px) 100vw, 1920px\" \/><\/div>[\/vc_column][\/vc_row][vc_row type=\u00bbfull_width_section\u00bb][vc_column width=\u00bb1\/2&#8243;]<div class=\"single_image wpb_content_element align-left    \" data-animation=\"none\" data-delay=\"0\"><img loading=\"lazy\" decoding=\"async\" width=\"2560\" height=\"1920\" src=\"https:\/\/marinabadalona.cat\/wp-content\/uploads\/2024\/12\/IMG_5688-min-scaled.jpg\" class=\"attachment-full\" alt=\"\" title=\"IMG_5688-min\" srcset=\"https:\/\/marinabadalona.cat\/wp-content\/uploads\/2024\/12\/IMG_5688-min-scaled.jpg 2560w, https:\/\/marinabadalona.cat\/wp-content\/uploads\/2024\/12\/IMG_5688-min-300x225.jpg 300w, https:\/\/marinabadalona.cat\/wp-content\/uploads\/2024\/12\/IMG_5688-min-1024x768.jpg 1024w, https:\/\/marinabadalona.cat\/wp-content\/uploads\/2024\/12\/IMG_5688-min-768x576.jpg 768w, https:\/\/marinabadalona.cat\/wp-content\/uploads\/2024\/12\/IMG_5688-min-1536x1152.jpg 1536w, https:\/\/marinabadalona.cat\/wp-content\/uploads\/2024\/12\/IMG_5688-min-2048x1536.jpg 2048w, https:\/\/marinabadalona.cat\/wp-content\/uploads\/2024\/12\/IMG_5688-min-600x450.jpg 600w\" sizes=\"auto, (max-width: 2560px) 100vw, 2560px\" \/><\/div>[\/vc_column][vc_column width=\u00bb1\/2&#8243;]<div class=\"single_image wpb_content_element align-left    \" data-animation=\"none\" data-delay=\"0\"><img loading=\"lazy\" decoding=\"async\" width=\"2560\" height=\"1920\" src=\"https:\/\/marinabadalona.cat\/wp-content\/uploads\/2024\/12\/IMG_5682-min-scaled.jpg\" class=\"attachment-full\" alt=\"\" title=\"IMG_5682-min\" srcset=\"https:\/\/marinabadalona.cat\/wp-content\/uploads\/2024\/12\/IMG_5682-min-scaled.jpg 2560w, https:\/\/marinabadalona.cat\/wp-content\/uploads\/2024\/12\/IMG_5682-min-300x225.jpg 300w, https:\/\/marinabadalona.cat\/wp-content\/uploads\/2024\/12\/IMG_5682-min-1024x768.jpg 1024w, https:\/\/marinabadalona.cat\/wp-content\/uploads\/2024\/12\/IMG_5682-min-768x576.jpg 768w, https:\/\/marinabadalona.cat\/wp-content\/uploads\/2024\/12\/IMG_5682-min-1536x1152.jpg 1536w, https:\/\/marinabadalona.cat\/wp-content\/uploads\/2024\/12\/IMG_5682-min-2048x1536.jpg 2048w, https:\/\/marinabadalona.cat\/wp-content\/uploads\/2024\/12\/IMG_5682-min-600x450.jpg 600w\" sizes=\"auto, (max-width: 2560px) 100vw, 2560px\" \/><\/div>[\/vc_column][\/vc_row][vc_row bg_color=\u00bb#00a7e0&#8243; text_color=\u00bblight\u00bb top_padding=\u00bb80&#8243; bottom_padding=\u00bb80&#8243;][vc_column bg_color=\u00bb#00a7e0&#8243; width=\u00bb1\/1&#8243;]<h1 class=\"headline font-special fontsize-xxxl fontweight-400 lh-inherit align-center transform-uppercase \" style=\"margin: 0 0 20px 0;\">Marina Badalona<br \/>\n\u00bfTe ayudamos?<br \/>\n<\/h1>[vc_column_text el_class=\u00bbpopmake-17508&#8243;]<\/p>\n<p style=\"text-align: center;\"><a href=\"https:\/\/marinabadalona.cat\/es\/contacto\/\" target=\"_self\" class=\"button color-8 medium \" style=\"border-radius: 2px;\"><i class='fa fa-phone'><\/i>\u00a1Cont\u00e1ctanos!<\/a>\n<p>[\/vc_column_text][\/vc_column][\/vc_row][vc_row bg_color=\u00bb#f4f4f4&#8243; top_padding=\u00bb30&#8243;][vc_column width=\u00bb1\/1&#8243;][vc_raw_html]JTNDZGl2JTNFJTBBJTIwJTIwJTIwJTIwJTIwJTIwJTNDZGl2JTNFJTBBJTIwJTIwJTIwJTIwJTIwJTIwJTIwJTIwJTNDaDElMjBzdHlsZSUzRCUyMmZvbnQtZmFtaWx5JTNBJTI3TW9udHNlcnJhdCUyNyUyQ0FyaWFsJTJDSGVsdmV0aWNhJTJDc2Fucy1zZXJpZiUzQiUyMHRleHQtYWxpZ24lM0FjZW50ZXIlM0IlMjBjb2xvciUzQWJsYWNrJTNCJTIyJTNFJUMzJTlBTkVURSUyMEElMjBOVUVTVFJBJTIwTkVXU0xFVFRFUiUzQyUyRmgxJTNFJTBBJTIwJTIwJTIwJTIwJTIwJTIwJTIwJTIwJTNDcCUyMHN0eWxlJTNEJTIyZm9udC1mYW1pbHklM0ElMjdNb250c2VycmF0JTI3JTJDQXJpYWwlMkNIZWx2ZXRpY2ElMkNzYW5zLXNlcmlmJTNCJTIwdGV4dC1hbGlnbiUzQWNlbnRlciUzQiUyMGNvbG9yJTNBYmxhY2slM0IlMjIlM0VDb25vY2UlMjBsYXMlMjBub3ZlZGFkZXMlMjBhbnRlcyUyMHF1ZSUyMG5hZGllJTJDJTIwZW50JUMzJUE5cmF0ZSUyMGRlJTIwbnVldm9zJTIwZXZlbnRvcyUyMHklMjBkZSUyMG11Y2hvJTIwbSVDMyVBMXMlM0MlMkZwJTNFJTBBJTIwJTIwJTIwJTIwJTIwJTIwJTNDJTJGZGl2JTNFJTBBJTIwJTIwJTIwJTIwJTNDJTJGZGl2JTNF[\/vc_raw_html][\/vc_column][\/vc_row][vc_row bg_color=\u00bb#f4f4f4&#8243; bottom_padding=\u00bb15&#8243;][vc_column width=\u00bb1\/1&#8243;][vc_raw_html el_class=\u00bbpopmake-20395&#8243;]JTNDZGl2JTNFJTBBJTIwJTIwJTIwJTIwJTIwJTIwJTIwJTIwJTNDZGl2JTIwc3R5bGUlM0QlMjJtYXJnaW4tdG9wJTNBMjBweCUzQiUyMHRleHQtYWxpZ24lM0FjZW50ZXIlM0IlMjIlM0UlMEElMjAlMjAlMjAlMjAlMjAlMjAlMjAlMjAlMjAlMjAlM0NidXR0b24lMjBzdHlsZSUzRCUyMndpZHRoJTNBNTAlMjUlM0IlMjBwYWRkaW5nJTNBMTVweCUyMDIwcHglM0IlMjBib3JkZXItcmFkaXVzJTNBMjVweCUzQiUyMGJhY2tncm91bmQtY29sb3IlM0FibGFjayUzQiUyMGNvbG9yJTNBJTIzZjRmNGY0JTNCJTIwZm9udC13ZWlnaHQlM0Fib2xkJTNCJTIwYm9yZGVyJTNBMXB4JTIwc29saWQlMjBibGFjayUzQiUyMiUyMHR5cGUlM0QlMjJidXR0b24lMjIlM0VTVVNDUiVDMyU4REJFVEUlM0MlMkZidXR0b24lM0UlMEElMjAlMjAlMjAlMjAlMjAlMjAlMjAlMjAlM0MlMkZkaXYlM0UlMEElMjAlMjAlMjAlMjAlMjAlMjAlM0MlMkZkaXYlM0U=[\/vc_raw_html][\/vc_column][\/vc_row]<\/p>\n<\/div>","protected":false},"excerpt":{"rendered":"<p>[vc_row type=\u00bbfull_width_section\u00bb][vc_column width=\u00bb1\/1&#8243;][rev_slider_vc alias=\u00bbslide-home\u00bb][\/vc_column][\/vc_row][vc_row top_padding=\u00bb100&#8243; bottom_padding=\u00bb80&#8243;][vc_column width=\u00bb1\/1&#8243;][\/vc_column][\/vc_row][vc_row bg_color=\u00bb#f9f9f9&#8243; top_padding=\u00bb100&#8243; bottom_padding=\u00bb80&#8243;][vc_column width=\u00bb1\/2&#8243;][vc_column_text] En el Puerto de Badalona sabemos lo importante que es contar con servicios pr\u00e1cticos y accesibles durante tu estancia. Por eso, nuestra lavander\u00eda est\u00e1 abierta las 24 horas del d\u00eda, los 365 d\u00edas del a\u00f1o, para ofrecerte la m\u00e1xima flexibilidad y comodidad, sin importar el momento que elijas. El espacio est\u00e1 equipado con tres lavadoras: una de gran capacidad de 15 kg, perfecta para prendas voluminosas, y dos de 10 kg, ideales para cargas m\u00e1s peque\u00f1as. Adem\u00e1s, disponemos de dos secadoras de 15 kg, que garantizan un secado r\u00e1pido y eficaz, ahorr\u00e1ndote tiempo y esfuerzo. Dise\u00f1ada para facilitar la vida tanto a nuestros visitantes como a los usuarios habituales del puerto, nuestra lavander\u00eda combina funcionalidad y comodidad en un entorno limpio y bien mantenido. Ya sea que est\u00e9s disfrutando de un d\u00eda de navegaci\u00f3n, trabajando en tu embarcaci\u00f3n o simplemente visitando el puerto, tendr\u00e1s siempre a tu disposici\u00f3n un servicio pr\u00e1ctico y eficiente [\/vc_column_text][\/vc_column][vc_column width=\u00bb1\/2&#8243;][\/vc_column][\/vc_row][vc_row type=\u00bbfull_width_section\u00bb][vc_column width=\u00bb1\/2&#8243;][\/vc_column][vc_column width=\u00bb1\/2&#8243;][\/vc_column][\/vc_row][vc_row bg_color=\u00bb#00a7e0&#8243; text_color=\u00bblight\u00bb top_padding=\u00bb80&#8243; bottom_padding=\u00bb80&#8243;][vc_column bg_color=\u00bb#00a7e0&#8243; width=\u00bb1\/1&#8243;][vc_column_text el_class=\u00bbpopmake-17508&#8243;] [\/vc_column_text][\/vc_column][\/vc_row][vc_row bg_color=\u00bb#f4f4f4&#8243; top_padding=\u00bb30&#8243;][vc_column width=\u00bb1\/1&#8243;][vc_raw_html]JTNDZGl2JTNFJTBBJTIwJTIwJTIwJTIwJTIwJTIwJTNDZGl2JTNFJTBBJTIwJTIwJTIwJTIwJTIwJTIwJTIwJTIwJTNDaDElMjBzdHlsZSUzRCUyMmZvbnQtZmFtaWx5JTNBJTI3TW9udHNlcnJhdCUyNyUyQ0FyaWFsJTJDSGVsdmV0aWNhJTJDc2Fucy1zZXJpZiUzQiUyMHRleHQtYWxpZ24lM0FjZW50ZXIlM0IlMjBjb2xvciUzQWJsYWNrJTNCJTIyJTNFJUMzJTlBTkVURSUyMEElMjBOVUVTVFJBJTIwTkVXU0xFVFRFUiUzQyUyRmgxJTNFJTBBJTIwJTIwJTIwJTIwJTIwJTIwJTIwJTIwJTNDcCUyMHN0eWxlJTNEJTIyZm9udC1mYW1pbHklM0ElMjdNb250c2VycmF0JTI3JTJDQXJpYWwlMkNIZWx2ZXRpY2ElMkNzYW5zLXNlcmlmJTNCJTIwdGV4dC1hbGlnbiUzQWNlbnRlciUzQiUyMGNvbG9yJTNBYmxhY2slM0IlMjIlM0VDb25vY2UlMjBsYXMlMjBub3ZlZGFkZXMlMjBhbnRlcyUyMHF1ZSUyMG5hZGllJTJDJTIwZW50JUMzJUE5cmF0ZSUyMGRlJTIwbnVldm9zJTIwZXZlbnRvcyUyMHklMjBkZSUyMG11Y2hvJTIwbSVDMyVBMXMlM0MlMkZwJTNFJTBBJTIwJTIwJTIwJTIwJTIwJTIwJTNDJTJGZGl2JTNFJTBBJTIwJTIwJTIwJTIwJTNDJTJGZGl2JTNF[\/vc_raw_html][\/vc_column][\/vc_row][vc_row bg_color=\u00bb#f4f4f4&#8243; bottom_padding=\u00bb15&#8243;][vc_column width=\u00bb1\/1&#8243;][vc_raw_html el_class=\u00bbpopmake-20395&#8243;]JTNDZGl2JTNFJTBBJTIwJTIwJTIwJTIwJTIwJTIwJTIwJTIwJTNDZGl2JTIwc3R5bGUlM0QlMjJtYXJnaW4tdG9wJTNBMjBweCUzQiUyMHRleHQtYWxpZ24lM0FjZW50ZXIlM0IlMjIlM0UlMEElMjAlMjAlMjAlMjAlMjAlMjAlMjAlMjAlMjAlMjAlM0NidXR0b24lMjBzdHlsZSUzRCUyMndpZHRoJTNBNTAlMjUlM0IlMjBwYWRkaW5nJTNBMTVweCUyMDIwcHglM0IlMjBib3JkZXItcmFkaXVzJTNBMjVweCUzQiUyMGJhY2tncm91bmQtY29sb3IlM0FibGFjayUzQiUyMGNvbG9yJTNBJTIzZjRmNGY0JTNCJTIwZm9udC13ZWlnaHQlM0Fib2xkJTNCJTIwYm9yZGVyJTNBMXB4JTIwc29saWQlMjBibGFjayUzQiUyMiUyMHR5cGUlM0QlMjJidXR0b24lMjIlM0VTVVNDUiVDMyU4REJFVEUlM0MlMkZidXR0b24lM0UlMEElMjAlMjAlMjAlMjAlMjAlMjAlMjAlMjAlM0MlMkZkaXYlM0UlMEElMjAlMjAlMjAlMjAlMjAlMjAlM0MlMkZkaXYlM0U=[\/vc_raw_html][\/vc_column][\/vc_row]<\/p>\n","protected":false},"author":1,"featured_media":0,"parent":0,"menu_order":0,"comment_status":"open","ping_status":"closed","template":"","meta":{"footnotes":""},"class_list":["post-20977","page","type-page","status-publish","hentry"],"_links":{"self":[{"href":"https:\/\/marinabadalona.cat\/es\/wp-json\/wp\/v2\/pages\/20977","targetHints":{"allow":["GET"]}}],"collection":[{"href":"https:\/\/marinabadalona.cat\/es\/wp-json\/wp\/v2\/pages"}],"about":[{"href":"https:\/\/marinabadalona.cat\/es\/wp-json\/wp\/v2\/types\/page"}],"author":[{"embeddable":true,"href":"https:\/\/marinabadalona.cat\/es\/wp-json\/wp\/v2\/users\/1"}],"replies":[{"embeddable":true,"href":"https:\/\/marinabadalona.cat\/es\/wp-json\/wp\/v2\/comments?post=20977"}],"version-history":[{"count":6,"href":"https:\/\/marinabadalona.cat\/es\/wp-json\/wp\/v2\/pages\/20977\/revisions"}],"predecessor-version":[{"id":38558,"href":"https:\/\/marinabadalona.cat\/es\/wp-json\/wp\/v2\/pages\/20977\/revisions\/38558"}],"wp:attachment":[{"href":"https:\/\/marinabadalona.cat\/es\/wp-json\/wp\/v2\/media?parent=20977"}],"curies":[{"name":"wp","href":"https:\/\/api.w.org\/{rel}","templated":true}]}}