
{"id":20996,"date":"2021-09-22T08:22:58","date_gmt":"2021-09-22T08:22:58","guid":{"rendered":"https:\/\/novaweb.marinabadalona.cat\/es\/bandera-blava\/"},"modified":"2022-01-28T13:01:40","modified_gmt":"2022-01-28T13:01:40","slug":"bandera-azul","status":"publish","type":"page","link":"https:\/\/marinabadalona.cat\/es\/bandera-azul\/","title":{"rendered":"BANDERA AZUL"},"content":{"rendered":"<div class=\"wpb-content-wrapper\"><p>[vc_row type=\u00bbfull_width_section\u00bb][vc_column width=\u00bb1\/1&#8243;][rev_slider_vc alias=\u00bbbandera-blava\u00bb][\/vc_column][\/vc_row][vc_row top_padding=\u00bb100&#8243; bottom_padding=\u00bb40&#8243;][vc_column width=\u00bb1\/1&#8243;]<h1 class=\"headline font-special fontsize-xxl fontweight-500 lh-inherit align-center transform-uppercase \" style=\"margin: 0 0 20px 0;\">BANDERA AZUL<\/h1><div class=\"headline font-special fontsize-l fontweight-400 lh-inherit align-center transform-inherit \" style=\"margin: 0 0 20px 0; color: #999999;\">DESDE El A\u00d1O 2013, PRIMER EJERCICIO EN EL QUE SE SOLICIT\u00d3 EL GALARD\u00d3N AMBIENTAL, SE HA CONCEDIDO ANUALMENTE LA BANDERA AZUL, QUE PREMIA El ESFUERZO PERMANENTE POR LA SOSTENIBILIDAD<\/div><div class=\"divider divider1\" style='margin:0px 0 0px 0 !important;'><\/div>[\/vc_column][\/vc_row][vc_row][vc_column width=\u00bb1\/1&#8243;][vc_column_text]<\/p>\n<p style=\"text-align: justify;\">La Bandera Azul es un galard\u00f3n a la calidad ambiental, que se concede a los puertos que desarrollan un esfuerzo especial para la buena gesti\u00f3n ambiental, la promoci\u00f3n de campa\u00f1as de informaci\u00f3n, sensibilizaci\u00f3n y respecto de los espacios sensibles del entorno, y que facilita a los usuarios informaci\u00f3n sobre las pr\u00e1cticas que hay que seguir en aspectos relacionados con la gesti\u00f3n eficaz del agua, el consumo energ\u00e9tico y el comportamiento sobre vertidos y residuos y la navegaci\u00f3n responsable. Para obtener la Bandera Azul el Puerto tiene que cumplir una serie de requisitos que hacen referencia a educaci\u00f3n e informaci\u00f3n ambiental, gesti\u00f3n ambiental, servicios y seguridad y calidad del agua.<\/p>\n<p style=\"text-align: justify;\">La Bandera Azul es un galard\u00f3n concedido por la Fundaci\u00f3n de Educaci\u00f3n Ambiental (FEE), una Organizaci\u00f3n No Gubernamental de car\u00e1cter ambiental, representada en casi cincuenta estados de los cinco continentes. Se concede en las playas y puertos deportivos por una sola temporada y el galard\u00f3n es v\u00e1lido mientras se sigan reuniendo los requisitos. En el momento que se detecta un incumplimiento, las autoridades responsables hacen arriar la Bandera Azul. Cada organizaci\u00f3n nacional de la\u00a0FEE\u00a0inspecciona los lugares Bandera Azul durante la temporada.<\/p>\n<p>Necesitamos de su colaboraci\u00f3n para mantener izada la Bandera Azul, como mejor s\u00edntoma que entre todos contribuimos activamente a la protecci\u00f3n del medio desde nuestro rol. La mejor manera de comprometerse es seguir las indicaciones del C\u00f3digo de Conducta Ambiental.[\/vc_column_text][\/vc_column][\/vc_row][vc_row top_padding=\u00bb100&#8243; bottom_padding=\u00bb40&#8243;][vc_column width=\u00bb1\/1&#8243;]<h1 class=\"headline font-special fontsize-xxl fontweight-500 lh-inherit align-center transform-uppercase \" style=\"margin: 0 0 20px 0;\">REQUISITOS BANDERA AZUL<br \/>\n<\/h1><div class=\"headline font-special fontsize-l fontweight-400 lh-inherit align-center transform-inherit \" style=\"margin: 0 0 20px 0; color: #999999;\">LOS REQUISITOS PREVIOS DE UN PUERTO QUE QUIERE TENER LA BANDERA AZUL SON TENER PANTALANES DEPORTIVOS, \u00c1REA DE BOTADURA, RECOGIDA SELECTIVA, ELEMENTOS PREVENTIVOS DE SEGURIDAD Y PANEL Y MAPA INFORMATIVO DEL PUERTO<\/div><div class=\"divider divider1\" style='margin:0px 0 0px 0 !important;'><\/div>[\/vc_column][\/vc_row][vc_row bottom_padding=\u00bb50&#8243;][vc_column width=\u00bb1\/2&#8243;][vc_column_text]<\/p>\n<p style=\"text-align: justify;\">La\u00a0FEE\u00a0anualmente concede galardones Bandera Azul a aquellos puertos deportivos que cumplen unos criterios, cada vez m\u00e1s exigentes desde el a\u00f1o 2000, de legalidad, sanidad, limpieza, seguridad e informaci\u00f3n y gesti\u00f3n ambiental. Los requisitos previos para pedir el galard\u00f3n consisten en ser un puerto con pantalanes destinados a embarcaciones de recreo, ya sea mar\u00edtimo o fluvial, y disponer de \u00e1rea de botadura y reparaciones, recogida de residuos, contenedores de recogida selectiva,<\/p>\n<p>[\/vc_column_text][\/vc_column][vc_column width=\u00bb1\/2&#8243;][vc_column_text]elementos preventivos de seguridad y carteles asociados, equipaci\u00f3n de socorrismo y primeros auxilios, equipaci\u00f3n de extinci\u00f3n de incendio y un panel y mapa informativo del Puerto. Tambi\u00e9n tiene que designar una persona responsable para impulsar la campa\u00f1a y actuaciones vinculadas a la Bandera Azul y estar dispuesta a que la\u00a0FEE\u00a0realice las inspecciones correspondientes para validar que los requisitos se cumplen.[\/vc_column_text][\/vc_column][\/vc_row][vc_row top_padding=\u00bb40&#8243; bottom_padding=\u00bb40&#8243;][vc_column width=\u00bb1\/3&#8243;]<div class=\"iconbox  wpb_content_element iconbox-style-3 icon-color-accent color-dark\"><img src='https:\/\/marinabadalona.cat\/wp-content\/uploads\/2021\/11\/Equipament_contra_incendis.png' class='iconimg' alt='Equipaci\u00f3n contraincendios. Plan de emergencia' \/><h3>Equipaci\u00f3n contraincendios. Plan de emergencia<\/h3><p><\/p><\/div>[\/vc_column][vc_column width=\u00bb1\/3&#8243;]<div class=\"iconbox  wpb_content_element iconbox-style-3 icon-color-accent color-dark\"><img src='https:\/\/marinabadalona.cat\/wp-content\/uploads\/2021\/11\/Codi_conducta_ambiental.png' class='iconimg' alt='C\u00f3digo de Conducta Ambiental expuesto en el Puerto' \/><h3>C\u00f3digo de Conducta Ambiental expuesto en el Puerto<\/h3><p><\/p><\/div>[\/vc_column][vc_column width=\u00bb1\/3&#8243;]<div class=\"iconbox  wpb_content_element iconbox-style-3 icon-color-accent color-dark\"><img src='https:\/\/marinabadalona.cat\/wp-content\/uploads\/2021\/11\/Informacio_Bandera_blava.png' class='iconimg' alt='Informaci\u00f3n sobre la Bandera Azul y los criterios de concesi\u00f3n' \/><h3>Informaci\u00f3n sobre la Bandera Azul y los criterios de concesi\u00f3n<\/h3><p><\/p><\/div>[\/vc_column][\/vc_row][vc_row bottom_padding=\u00bb40&#8243;][vc_column width=\u00bb1\/3&#8243;]<div class=\"iconbox  wpb_content_element iconbox-style-3 icon-color-accent color-dark\"><img src='https:\/\/marinabadalona.cat\/wp-content\/uploads\/2021\/11\/Activitats_educacio_ambiental.png' class='iconimg' alt='Actividades de educaci\u00f3n ambiental' \/><h3>Actividades de educaci\u00f3n ambiental<\/h3><p><\/p><\/div>[\/vc_column][vc_column width=\u00bb1\/3&#8243;]<div class=\"iconbox  wpb_content_element iconbox-style-3 icon-color-accent color-dark\"><img src='https:\/\/marinabadalona.cat\/wp-content\/uploads\/2021\/11\/Oferir_Bandera_blava.png' class='iconimg' alt='Ofrecer la Bandera Azul a las embarcaciones' \/><h3>Ofrecer la Bandera Azul a las embarcaciones<\/h3><p><\/p><\/div>[\/vc_column][vc_column width=\u00bb1\/3&#8243;]<div class=\"iconbox  wpb_content_element iconbox-style-3 icon-color-accent color-dark\"><img src='https:\/\/marinabadalona.cat\/wp-content\/uploads\/2021\/11\/Aigues_netes.png' class='iconimg' alt='Aguas limpias y sin vertidos.' \/><h3>Aguas limpias y sin vertidos.<\/h3><p><\/p><\/div>[\/vc_column][\/vc_row][vc_row bottom_padding=\u00bb40&#8243;][vc_column width=\u00bb1\/3&#8243;]<div class=\"iconbox  wpb_content_element iconbox-style-3 icon-color-accent color-dark\"><img src='https:\/\/marinabadalona.cat\/wp-content\/uploads\/2021\/11\/Recollida_selectiva_escombraries.png' class='iconimg' alt='Recogida selectiva de basura' \/><h3>Recogida selectiva de basura<\/h3><p><\/p><\/div>[\/vc_column][vc_column width=\u00bb1\/3&#8243;]<div class=\"iconbox  wpb_content_element iconbox-style-3 icon-color-accent color-dark\"><img src='https:\/\/marinabadalona.cat\/wp-content\/uploads\/2021\/11\/Recollida_residus_especials.png' class='iconimg' alt='Recogida selectiva de residuos especiales. Sistema de recogida en el varadero' \/><h3>Recogida selectiva de residuos especiales. Sistema de recogida en el varadero<\/h3><p><\/p><\/div>[\/vc_column][vc_column width=\u00bb1\/3&#8243;]<div class=\"iconbox  wpb_content_element iconbox-style-3 icon-color-accent color-dark\"><img src='https:\/\/marinabadalona.cat\/wp-content\/uploads\/2021\/11\/Accesibilitat_facil.png' class='iconimg' alt='Accesibilidad f\u00e1cil y segura' \/><h3>Accesibilidad f\u00e1cil y segura<\/h3><p><\/p><\/div>[\/vc_column][\/vc_row][vc_row bottom_padding=\u00bb40&#8243;][vc_column width=\u00bb1\/3&#8243;]<div class=\"iconbox  wpb_content_element iconbox-style-3 icon-color-accent color-dark\"><img src='https:\/\/marinabadalona.cat\/wp-content\/uploads\/2021\/11\/Salvament_primers_auxilis.png' class='iconimg' alt='Salvamento y primeros auxilios' \/><h3>Salvamento y primeros auxilios<\/h3><p><\/p><\/div>[\/vc_column][vc_column width=\u00bb1\/3&#8243;]<div class=\"iconbox  wpb_content_element iconbox-style-3 icon-color-accent color-dark\"><img src='https:\/\/marinabadalona.cat\/wp-content\/uploads\/2021\/11\/Oferta_electricitat_combustible.png' class='iconimg' alt='Oferta de electricidad y combustible seg\u00fan normativa' \/><h3>Oferta de electricidad y combustible seg\u00fan normativa<\/h3><p><\/p><\/div>[\/vc_column][vc_column width=\u00bb1\/3&#8243;]<div class=\"iconbox  wpb_content_element iconbox-style-3 icon-color-accent color-dark\"><img src='https:\/\/marinabadalona.cat\/wp-content\/uploads\/2021\/11\/Subministrament_aigua_potable.png' class='iconimg' alt='Suministro de agua potable. Dispositivos de bombeo de aguas negras y grises. Duchas y WC. Lavander\u00eda.' \/><h3>Suministro de agua potable. Dispositivos de bombeo de aguas negras y grises. Duchas y WC. Lavander\u00eda.<\/h3><p><\/p><\/div>[\/vc_column][\/vc_row][vc_row bottom_padding=\u00bb40&#8243;][vc_column width=\u00bb1\/3&#8243;]<div class=\"iconbox  wpb_content_element iconbox-style-3 icon-color-accent color-dark\"><img src='https:\/\/marinabadalona.cat\/wp-content\/uploads\/2021\/11\/Rampa_grua.png' class='iconimg' alt='Rampa y gr\u00faa.' \/><h3>Rampa y gr\u00faa.<\/h3><p><\/p><\/div>[\/vc_column][vc_column width=\u00bb1\/3&#8243;][\/vc_column][\/vc_row][vc_row type=\u00bbfull_width_section\u00bb][vc_column width=\u00bb1\/3&#8243;]<div class=\"single_image wpb_content_element align-left    \" data-animation=\"none\" data-delay=\"0\"><img loading=\"lazy\" decoding=\"async\" width=\"1000\" height=\"1000\" src=\"https:\/\/marinabadalona.cat\/wp-content\/uploads\/2021\/10\/Bandera-blava-detalle-marina-pontpetroli-badalona-dortoka.jpg\" class=\"attachment-full\" alt=\"\" title=\"Bandera-blava-detalle-marina-pontpetroli--badalona-dortoka\" srcset=\"https:\/\/marinabadalona.cat\/wp-content\/uploads\/2021\/10\/Bandera-blava-detalle-marina-pontpetroli-badalona-dortoka.jpg 1000w, https:\/\/marinabadalona.cat\/wp-content\/uploads\/2021\/10\/Bandera-blava-detalle-marina-pontpetroli-badalona-dortoka-300x300.jpg 300w, https:\/\/marinabadalona.cat\/wp-content\/uploads\/2021\/10\/Bandera-blava-detalle-marina-pontpetroli-badalona-dortoka-150x150.jpg 150w, https:\/\/marinabadalona.cat\/wp-content\/uploads\/2021\/10\/Bandera-blava-detalle-marina-pontpetroli-badalona-dortoka-768x768.jpg 768w, https:\/\/marinabadalona.cat\/wp-content\/uploads\/2021\/10\/Bandera-blava-detalle-marina-pontpetroli-badalona-dortoka-80x80.jpg 80w, https:\/\/marinabadalona.cat\/wp-content\/uploads\/2021\/10\/Bandera-blava-detalle-marina-pontpetroli-badalona-dortoka-500x500.jpg 500w, https:\/\/marinabadalona.cat\/wp-content\/uploads\/2021\/10\/Bandera-blava-detalle-marina-pontpetroli-badalona-dortoka-600x600.jpg 600w, https:\/\/marinabadalona.cat\/wp-content\/uploads\/2021\/10\/Bandera-blava-detalle-marina-pontpetroli-badalona-dortoka-100x100.jpg 100w\" sizes=\"auto, (max-width: 1000px) 100vw, 1000px\" \/><\/div>[\/vc_column][vc_column width=\u00bb1\/3&#8243;]<div class=\"single_image wpb_content_element align-left    \" data-animation=\"none\" data-delay=\"0\"><img loading=\"lazy\" decoding=\"async\" width=\"1000\" height=\"1000\" src=\"https:\/\/marinabadalona.cat\/wp-content\/uploads\/2021\/10\/Bandera-blava-detalle-marina-espigon-badalona-dortoka.jpg\" class=\"attachment-full\" alt=\"\" title=\"Bandera-blava-detalle-marina-espigon-badalona-dortoka\" srcset=\"https:\/\/marinabadalona.cat\/wp-content\/uploads\/2021\/10\/Bandera-blava-detalle-marina-espigon-badalona-dortoka.jpg 1000w, https:\/\/marinabadalona.cat\/wp-content\/uploads\/2021\/10\/Bandera-blava-detalle-marina-espigon-badalona-dortoka-300x300.jpg 300w, https:\/\/marinabadalona.cat\/wp-content\/uploads\/2021\/10\/Bandera-blava-detalle-marina-espigon-badalona-dortoka-150x150.jpg 150w, https:\/\/marinabadalona.cat\/wp-content\/uploads\/2021\/10\/Bandera-blava-detalle-marina-espigon-badalona-dortoka-768x768.jpg 768w, https:\/\/marinabadalona.cat\/wp-content\/uploads\/2021\/10\/Bandera-blava-detalle-marina-espigon-badalona-dortoka-80x80.jpg 80w, https:\/\/marinabadalona.cat\/wp-content\/uploads\/2021\/10\/Bandera-blava-detalle-marina-espigon-badalona-dortoka-500x500.jpg 500w, https:\/\/marinabadalona.cat\/wp-content\/uploads\/2021\/10\/Bandera-blava-detalle-marina-espigon-badalona-dortoka-600x600.jpg 600w, https:\/\/marinabadalona.cat\/wp-content\/uploads\/2021\/10\/Bandera-blava-detalle-marina-espigon-badalona-dortoka-100x100.jpg 100w\" sizes=\"auto, (max-width: 1000px) 100vw, 1000px\" \/><\/div>[\/vc_column][vc_column width=\u00bb1\/3&#8243;]<div class=\"single_image wpb_content_element align-left    \" data-animation=\"none\" data-delay=\"0\"><img loading=\"lazy\" decoding=\"async\" width=\"1000\" height=\"1000\" src=\"https:\/\/marinabadalona.cat\/wp-content\/uploads\/2021\/10\/Bandera-blava-detalle-marina-badalona-dortoka.jpg\" class=\"attachment-full\" alt=\"\" title=\"Bandera-blava-detalle-marina-badalona-dortoka\" srcset=\"https:\/\/marinabadalona.cat\/wp-content\/uploads\/2021\/10\/Bandera-blava-detalle-marina-badalona-dortoka.jpg 1000w, https:\/\/marinabadalona.cat\/wp-content\/uploads\/2021\/10\/Bandera-blava-detalle-marina-badalona-dortoka-300x300.jpg 300w, https:\/\/marinabadalona.cat\/wp-content\/uploads\/2021\/10\/Bandera-blava-detalle-marina-badalona-dortoka-150x150.jpg 150w, https:\/\/marinabadalona.cat\/wp-content\/uploads\/2021\/10\/Bandera-blava-detalle-marina-badalona-dortoka-768x768.jpg 768w, https:\/\/marinabadalona.cat\/wp-content\/uploads\/2021\/10\/Bandera-blava-detalle-marina-badalona-dortoka-80x80.jpg 80w, https:\/\/marinabadalona.cat\/wp-content\/uploads\/2021\/10\/Bandera-blava-detalle-marina-badalona-dortoka-500x500.jpg 500w, https:\/\/marinabadalona.cat\/wp-content\/uploads\/2021\/10\/Bandera-blava-detalle-marina-badalona-dortoka-600x600.jpg 600w, https:\/\/marinabadalona.cat\/wp-content\/uploads\/2021\/10\/Bandera-blava-detalle-marina-badalona-dortoka-100x100.jpg 100w\" sizes=\"auto, (max-width: 1000px) 100vw, 1000px\" \/><\/div>[\/vc_column][\/vc_row][vc_row top_padding=\u00bb60&#8243; bottom_padding=\u00bb20&#8243;][vc_column width=\u00bb1\/1&#8243;]<h1 class=\"headline font-special fontsize-xxl fontweight-500 lh-inherit align-center transform-uppercase \" style=\"margin: 0 0 20px 0;\">BANDERA AZUL EMBARCACIONES<\/h1><div class=\"divider divider1\" style='margin:0px 0 0px 0 !important;'><\/div>[\/vc_column][\/vc_row][vc_row][vc_column width=\u00bb1\/1&#8243;][vc_column_text]La Bandera Azul para embarcaciones en forma de diploma, junto con una peque\u00f1a Bandera Azul, se otorga a los propietarios\/arias y\/o usuarios\/arias de embarcaciones de recreo como reconocimiento de su comportamiento responsable y el compromiso de respetar, difundir y hacer respetar el c\u00f3digo de conducta ambiental Bandera Azul en el mar y en el puerto.<\/p>\n<p>A continuaci\u00f3n os exponemos el contenido del diploma Bandera Azul para embarcaciones. Si est\u00e1is dispuestos a comprometeros con el comportamiento que incluye, dirig\u00edos a Capitan\u00eda para formalizar la entrega del diploma y para hacer llegar vuestros datos a\u00a0FEE, que d\u00e9 fe del acuerdo y os incluya en su directorio:[\/vc_column_text][\/vc_column][\/vc_row][vc_row][vc_column width=\u00bb1\/1&#8243;][vc_column_text]Como propietario\/aria y usuario\/aria de la embarcaci\u00f3n, que respeta el mar, utilizo sus recursos y quiero contribuir a su protecci\u00f3n, quiero participar en la Campa\u00f1a Bandera Azul, dirigida a Embarcaciones y Puertos. Conozco y comparto los objetivos y me comprometo a trav\u00e9s de mi firma al siguiente compromiso personal:<\/p>\n<p><strong>ME ESFORZAR\u00c9 EN CUMPLIR LA LEGISLACI\u00d3N MAR\u00cdTIMA, A ACTUAR DE MANERA RESPONSABLE, SIN CAUSAR PERJUICIOS A LOS ECOSISTEMAS MARINOS Y A LOS DERECHOS DE LOS OTROS USUARIOS DEL MAR AS\u00cd COMO A RESPETAR Y DIFUNDIR EL C\u00d3DIGO DE BANDERA AZUL DE CONDUCTA EN EL MAR:<\/strong>[\/vc_column_text][\/vc_column][\/vc_row][vc_row][vc_column width=\u00bb1\/1&#8243;]<div class=\"minti_list wpb_content_element color-accent checkbox show_separator\" style=\"\">\n<ul>\n<li style=\"text-align: justify;\">Har\u00e9\u00a0un uso responsable de los instrumentos de radio y navegaci\u00f3n, no poniendo en riesgo la seguridad de las personas y\/o las embarcaciones, avisando, si se tercia, de objetos flotantes o peligrosos y ejerciendo de manera solidaria el deber de auxilio en el mar.<\/li>\n<li style=\"text-align: justify;\">Procurar\u00e9 informarme e informar sobre la localizaci\u00f3n y caracter\u00edsticas de las \u00e1reas sensibles y de importancia cient\u00edfica, as\u00ed como de las reservas naturales y los ecosistemas protegidos, para evitar que se causen da\u00f1os de manera accidental.<\/li>\n<li style=\"text-align: justify;\">Defender\u00e9 activamente la conservaci\u00f3n de la vida en el mar. Respetar\u00e9 los espacios protegidos, los mam\u00edferos marinos y otras especies protegidas y no perturbar\u00e9 las \u00e1reas de nidificaci\u00f3n de aves. No utilizar\u00e9 artes de pesca o de recogida de marisco prohibido, respetar\u00e9 los periodos de veda y no capturar\u00e9 ni consumir\u00e9 ejemplares juveniles o inmaduros.<\/li>\n<li style=\"text-align: justify;\">No echar\u00e9 a perder los fondos marinos fondeando en zonas sensibles o all\u00e1 donde pueda interferir con las actividades o equipaciones de los pescadores y mariscadores. Respetar\u00e9 las reglamentaciones relativas al buceo y a la pesca submarina.<\/li>\n<li style=\"text-align: justify;\">No comprar\u00e9 ni har\u00e9 uso de objetos hechos con especies protegidas (coral, carey, etc.) o procedentes de naufragios y de yacimientos arqueol\u00f3gicos submarinos (especialmente de barcos hundidos hace d\u00e9cadas) o restos arqueol\u00f3gicos submarinos el origen o la legalidad de los cuales no sea demostrable.<\/li>\n<li style=\"text-align: justify;\">Mantendr\u00e9 el mar, la playa y el puerto limpios:\n<ul>\n<li>No tirar\u00e9 ning\u00fan material pl\u00e1stico ni ning\u00fan otro tipo de basura en el mar o en la playa.<\/li>\n<li>No vertir\u00e9 ni soltar\u00e9 l\u00edquidos nocivos o t\u00f3xicos, ni cualquier otra sustancia perjudicial dentro del mar.<\/li>\n<li>Promover\u00e9 y utilizar\u00e9 la recogida selectiva\/el reciclaje de residuos s\u00f3lidos en el puerto.<\/li>\n<\/ul>\n<\/li>\n<li style=\"text-align: justify;\">Usar\u00e9, siempre que sea posible, productos ecol\u00f3gicos no agresivos contra el medio ambiente en las tareas de mantenimiento de la embarcaci\u00f3n, como por ejemplo las pinturas, barnices,\u00a0antifoulings, decapantes, disolventes, detergentes, etc. Depositar\u00e9 los restos de pinturas, barnices y aceites del barco en los recipientes adecuados del puerto para residuos contaminantes, favoreciendo su reciclado o tratamiento especial de forma diferenciada al resto de la basura o aguas residuales. Utilizar\u00e9 las instalaciones en el puerto para la extracci\u00f3n del agua de sentinas y, si procede, de WC estancos.<\/li>\n<li style=\"text-align: justify;\">Denunciar\u00e9 ante las autoridades competentes cualquier atentado a la legislaci\u00f3n marina del que tenga conocimiento, especialmente, de los accidentes y contaminaci\u00f3n por hidrocarburos u otras sustancias qu\u00edmicas de origen terrestre o procedente de vertidos o escapes, as\u00ed como del uso de artes de pesca ilegales.<\/li>\n<li style=\"text-align: justify;\">Contribuir\u00e9 a una gesti\u00f3n ambientalmente responsable de mi puerto, habitual u ocasional, en relaci\u00f3n con los criterios Bandera Azul, en cumplimiento de la legislaci\u00f3n litoral y ambiental, de ahorro de agua y de energ\u00eda, recogida selectiva de basura, informaci\u00f3n, educaci\u00f3n y formaci\u00f3n ambiental del personal t\u00e9cnico y de los usuarios del puerto, implantaci\u00f3n de sistemas de gesti\u00f3n ambiental, etc..<\/li>\n<li style=\"text-align: justify;\">Procurar\u00e9 extrapolar este comportamiento de respeto ambiental en el mundo marino a mi vida cotidiana, en casa, en el trabajo y promover\u00e9 que la comunidad social con la que me relaciono sea responsable ambientalmente, y participar\u00e9 en iniciativas sociales o institucionales que promuevan la investigaci\u00f3n, conservaci\u00f3n y desarrollo sostenible del litoral.<\/li>\n<\/ul>\n<\/div>[\/vc_column][\/vc_row][vc_row top_padding=\u00bb30&#8243; bottom_padding=\u00bb50&#8243;][vc_column width=\u00bb1\/1&#8243;][vc_column_text]<\/p>\n<p style=\"text-align: justify;\"><strong>ENARBOLAR ESTA BANDERA AZUL EN UNA EMBARCACI\u00d3N ACREDITA EL COMPORTAMIENTO DE SU PATR\u00d3N COMO DEFENSOR DE LA VIDA EN EL MAR Y EST\u00cdMULO DE BUENAS PR\u00c1CTICAS AMBIENTALES A BORDO, EN SU PUERTO Y EN OTROS USUARIOS.<\/strong><\/p>\n<p style=\"text-align: justify;\">Badalona, a &#8230;.. de&#8230;.. de 20&#8230;<\/p>\n<p style=\"text-align: justify;\">Por ADEAC, responsable de la Campa\u00f1a Bandera Azul en Espa\u00f1a.<br \/>\nPor el Puerto de Badalona<br \/>\nPor el patr\u00f3n\/na\u00a0usuario\/aria de la embarcaci\u00f3n<\/p>\n<p>[\/vc_column_text][\/vc_column][\/vc_row][vc_row top_padding=\u00bb40&#8243; bottom_padding=\u00bb20&#8243;][vc_column width=\u00bb1\/1&#8243;]<h1 class=\"headline font-special fontsize-xxl fontweight-500 lh-inherit align-center transform-uppercase \" style=\"margin: 0 0 20px 0;\">DOCUMENTOS DE INTER\u00c9S BANDERA AZUL<\/h1><div class=\"divider divider1\" style='margin:0px 0 0px 0 !important;'><\/div>[\/vc_column][\/vc_row][vc_row bottom_padding=\u00bb40&#8243;][vc_column width=\u00bb5\/6&#8243;]<h3 class=\"headline font-special fontsize-s fontweight-500 lh-inherit align-left transform-inherit \" style=\"margin: 0 0 20px 0;\">PLANO PUERTO DE BADALONA<\/h3><div class=\"divider divider1\" style='margin:0px 0 0px 0 !important;'><\/div>[\/vc_column][vc_column width=\u00bb1\/6&#8243;]<a href=\"https:\/\/novaweb.marinabadalona.cat\/wp-content\/uploads\/2021\/10\/Orig_Plano_PortBadalona.pdf\" target=\"_blank\" class=\"button color-3 small \" style=\"border-radius: 2px;\">PDF<\/a>[\/vc_column][\/vc_row][vc_row bottom_padding=\u00bb40&#8243;][vc_column width=\u00bb5\/6&#8243;]<h3 class=\"headline font-special fontsize-s fontweight-500 lh-inherit align-left transform-inherit \" style=\"margin: 0 0 20px 0;\">DIPLOMA BANDERA AZUL<\/h3><div class=\"divider divider1\" style='margin:0px 0 0px 0 !important;'><\/div>[\/vc_column][vc_column width=\u00bb1\/6&#8243;]<a href=\"https:\/\/novaweb.marinabadalona.cat\/wp-content\/uploads\/2021\/10\/diploma-catala.pdf\" target=\"_blank\" class=\"button color-3 small \" style=\"border-radius: 2px;\">PDF<\/a>[\/vc_column][\/vc_row]<\/p>\n<\/div>","protected":false},"excerpt":{"rendered":"<p>[vc_row type=\u00bbfull_width_section\u00bb][vc_column width=\u00bb1\/1&#8243;][rev_slider_vc alias=\u00bbbandera-blava\u00bb][\/vc_column][\/vc_row][vc_row top_padding=\u00bb100&#8243; bottom_padding=\u00bb40&#8243;][vc_column width=\u00bb1\/1&#8243;][\/vc_column][\/vc_row][vc_row][vc_column width=\u00bb1\/1&#8243;][vc_column_text] La Bandera Azul es un galard\u00f3n a la calidad ambiental, que se concede a los puertos que desarrollan un esfuerzo especial para la buena gesti\u00f3n ambiental, la promoci\u00f3n de campa\u00f1as de informaci\u00f3n, sensibilizaci\u00f3n y respecto de los espacios sensibles del entorno, y que facilita a los usuarios informaci\u00f3n sobre las pr\u00e1cticas que hay que seguir en aspectos relacionados con la gesti\u00f3n eficaz del agua, el consumo energ\u00e9tico y el comportamiento sobre vertidos y residuos y la navegaci\u00f3n responsable. Para obtener la Bandera Azul el Puerto tiene que cumplir una serie de requisitos que hacen referencia a educaci\u00f3n e informaci\u00f3n ambiental, gesti\u00f3n ambiental, servicios y seguridad y calidad del agua. La Bandera Azul es un galard\u00f3n concedido por la Fundaci\u00f3n de Educaci\u00f3n Ambiental (FEE), una Organizaci\u00f3n No Gubernamental de car\u00e1cter ambiental, representada en casi cincuenta estados de los cinco continentes. Se concede en las playas y puertos deportivos por una sola temporada y el galard\u00f3n es v\u00e1lido mientras se sigan reuniendo los requisitos. En el momento que se detecta un incumplimiento, las autoridades responsables hacen arriar la Bandera Azul. Cada organizaci\u00f3n nacional de la\u00a0FEE\u00a0inspecciona los lugares Bandera Azul durante la temporada. Necesitamos de [&hellip;]<\/p>\n","protected":false},"author":1,"featured_media":0,"parent":0,"menu_order":0,"comment_status":"open","ping_status":"closed","template":"","meta":{"footnotes":""},"class_list":["post-20996","page","type-page","status-publish","hentry"],"_links":{"self":[{"href":"https:\/\/marinabadalona.cat\/es\/wp-json\/wp\/v2\/pages\/20996","targetHints":{"allow":["GET"]}}],"collection":[{"href":"https:\/\/marinabadalona.cat\/es\/wp-json\/wp\/v2\/pages"}],"about":[{"href":"https:\/\/marinabadalona.cat\/es\/wp-json\/wp\/v2\/types\/page"}],"author":[{"embeddable":true,"href":"https:\/\/marinabadalona.cat\/es\/wp-json\/wp\/v2\/users\/1"}],"replies":[{"embeddable":true,"href":"https:\/\/marinabadalona.cat\/es\/wp-json\/wp\/v2\/comments?post=20996"}],"version-history":[{"count":0,"href":"https:\/\/marinabadalona.cat\/es\/wp-json\/wp\/v2\/pages\/20996\/revisions"}],"wp:attachment":[{"href":"https:\/\/marinabadalona.cat\/es\/wp-json\/wp\/v2\/media?parent=20996"}],"curies":[{"name":"wp","href":"https:\/\/api.w.org\/{rel}","templated":true}]}}