
{"id":21000,"date":"2021-10-13T15:10:41","date_gmt":"2021-10-13T15:10:41","guid":{"rendered":"https:\/\/novaweb.marinabadalona.cat\/es\/campanyes\/"},"modified":"2024-03-18T08:41:25","modified_gmt":"2024-03-18T07:41:25","slug":"campanas-ambientales","status":"publish","type":"page","link":"https:\/\/marinabadalona.cat\/es\/campanas-ambientales\/","title":{"rendered":"CAMPA\u00d1AS AMBIENTALES"},"content":{"rendered":"<div class=\"wpb-content-wrapper\"><p>[vc_row type=\u00bbfull_width_section\u00bb][vc_column width=\u00bb1\/1&#8243;]\n\t\t\t<!-- START SLIDE HOME REVOLUTION SLIDER 6.7.34 --><p class=\"rs-p-wp-fix\"><\/p>\n\t\t\t<rs-module-wrap id=\"rev_slider_19_1_wrapper\" data-source=\"gallery\" style=\"visibility:hidden;background:#f0f0f0;padding:0;margin:0px auto;margin-top:0;margin-bottom:0;\">\n\t\t\t\t<rs-module id=\"rev_slider_19_1\" style=\"\" data-version=\"6.7.34\">\n\t\t\t\t\t<rs-slides style=\"overflow: hidden; position: absolute;\">\n\t\t\t\t\t\t<rs-slide style=\"position: absolute;\" data-key=\"rs-69\" data-title=\"El puerto que estas buscando\" data-thumb=\"\/\/marinabadalona.cat\/wp-content\/uploads\/2021\/10\/slide-home-vela-esports-marina-badalona-dortoka-100x50.jpg\" data-anim=\"adpr:false;\" data-in=\"o:0;\" data-out=\"a:false;\">\n\t\t\t\t\t\t\t<img decoding=\"async\" src=\"\/\/marinabadalona.cat\/wp-content\/plugins\/revslider\/sr6\/assets\/assets\/dummy.png\" alt=\"\" title=\"slide-home-vela-esports-marina-badalona-dortoka\" width=\"1920\" height=\"1080\" class=\"rev-slidebg tp-rs-img rs-lazyload\" data-lazyload=\"\/\/marinabadalona.cat\/wp-content\/uploads\/2021\/10\/slide-home-vela-esports-marina-badalona-dortoka.jpg\" data-no-retina>\n<!--\n\t\t\t\t\t\t\t--><rs-layer\n\t\t\t\t\t\t\t\tid=\"slider-19-slide-69-layer-1\" \n\t\t\t\t\t\t\t\tclass=\"mintibolddark\"\n\t\t\t\t\t\t\t\tdata-type=\"text\"\n\t\t\t\t\t\t\t\tdata-tsh=\"c:rgba(12,12,12,0.37);h:5px;v:5px;b:5px;\"\n\t\t\t\t\t\t\t\tdata-rsp_ch=\"on\"\n\t\t\t\t\t\t\t\tdata-xy=\"x:c;y:m;yo:-88px;\"\n\t\t\t\t\t\t\t\tdata-text=\"s:60,60,36,24;fw:700;a:center;\"\n\t\t\t\t\t\t\t\tdata-dim=\"w:auto,auto,666px,auto;\"\n\t\t\t\t\t\t\t\tdata-frame_1=\"e:power3.out;st:300;sR:300;\"\n\t\t\t\t\t\t\t\tdata-frame_999=\"st:w;sR:8400;auto:true;\"\n\t\t\t\t\t\t\t\tstyle=\"z-index:6;font-family:'Montserrat';\"\n\t\t\t\t\t\t\t>EL PUERTO QUE EST\u00c1S BUSCANDO \n\t\t\t\t\t\t\t<\/rs-layer><!--\n\n\t\t\t\t\t\t\t--><rs-layer\n\t\t\t\t\t\t\t\tid=\"slider-19-slide-69-layer-2\" \n\t\t\t\t\t\t\t\tclass=\"mintitextthingreynotcentered\"\n\t\t\t\t\t\t\t\tdata-type=\"text\"\n\t\t\t\t\t\t\t\tdata-tsh=\"c:rgba(12,12,12,0.37);h:5px;v:5px;b:5px;\"\n\t\t\t\t\t\t\t\tdata-rsp_ch=\"on\"\n\t\t\t\t\t\t\t\tdata-xy=\"x:c;xo:-5px,-5px,-5px,7px;y:m;yo:-11px,-11px,-11px,-33px;\"\n\t\t\t\t\t\t\t\tdata-text=\"s:24,24,24,20;l:38,38,38,32;a:center;\"\n\t\t\t\t\t\t\t\tdata-frame_1=\"e:power3.out;st:500;sR:500;\"\n\t\t\t\t\t\t\t\tdata-frame_999=\"st:w;sR:8200;auto:true;\"\n\t\t\t\t\t\t\t\tstyle=\"z-index:7;font-family:'Open Sans';\"\n\t\t\t\t\t\t\t>Accesible, Abierto y Competente \n\t\t\t\t\t\t\t<\/rs-layer><!--\n\n\t\t\t\t\t\t\t--><rs-layer\n\t\t\t\t\t\t\t\tid=\"slider-19-slide-69-layer-4\" \n\t\t\t\t\t\t\t\tclass=\"mintitextthingreynotcentered\"\n\t\t\t\t\t\t\t\tdata-type=\"text\"\n\t\t\t\t\t\t\t\tdata-color=\"#ff3a2d\"\n\t\t\t\t\t\t\t\tdata-tsh=\"c:rgba(12,12,12,0.37);h:5px;v:5px;b:5px;\"\n\t\t\t\t\t\t\t\tdata-rsp_ch=\"on\"\n\t\t\t\t\t\t\t\tdata-xy=\"x:c;xo:-7px;y:m;yo:79px;\"\n\t\t\t\t\t\t\t\tdata-text=\"s:28,28,28,18;l:44,44,44,28;a:center;\"\n\t\t\t\t\t\t\t\tdata-frame_1=\"e:power3.out;st:500;sR:500;\"\n\t\t\t\t\t\t\t\tdata-frame_999=\"st:w;sR:8200;auto:true;\"\n\t\t\t\t\t\t\t\tstyle=\"z-index:7;font-family:'Open Sans';\"\n\t\t\t\t\t\t\t> \n\t\t\t\t\t\t\t<\/rs-layer><!--\n-->\t\t\t\t\t<\/rs-slide>\n\t\t\t\t\t\t<rs-slide style=\"position: absolute;\" data-key=\"rs-70\" data-title=\"Y tu \u00bfen que navegar\u00e1s\" data-thumb=\"\/\/marinabadalona.cat\/wp-content\/uploads\/2021\/10\/slide-home-vela-marina-badalona-dortoka-100x50.jpg\" data-anim=\"adpr:false;\" data-in=\"o:0;\" data-out=\"a:false;\">\n\t\t\t\t\t\t\t<img decoding=\"async\" src=\"\/\/marinabadalona.cat\/wp-content\/plugins\/revslider\/sr6\/assets\/assets\/dummy.png\" alt=\"\" title=\"slide-home-vela-marina-badalona-dortoka\" width=\"1920\" height=\"1080\" class=\"rev-slidebg tp-rs-img rs-lazyload\" data-lazyload=\"\/\/marinabadalona.cat\/wp-content\/uploads\/2021\/10\/slide-home-vela-marina-badalona-dortoka.jpg\" data-no-retina>\n<!--\n\t\t\t\t\t\t\t--><rs-layer\n\t\t\t\t\t\t\t\tid=\"slider-19-slide-70-layer-1\" \n\t\t\t\t\t\t\t\tclass=\"mintibolddark\"\n\t\t\t\t\t\t\t\tdata-type=\"text\"\n\t\t\t\t\t\t\t\tdata-tsh=\"c:rgba(12,12,12,0.37);h:5px;v:5px;b:5px;\"\n\t\t\t\t\t\t\t\tdata-rsp_ch=\"on\"\n\t\t\t\t\t\t\t\tdata-xy=\"x:c;xo:2px,2px,2px,4px;y:m;yo:-69px,-69px,-69px,-77px;\"\n\t\t\t\t\t\t\t\tdata-text=\"s:60,60,49,28;l:70,70,57,32;fw:700;a:center;\"\n\t\t\t\t\t\t\t\tdata-dim=\"w:auto,auto,auto,393px;\"\n\t\t\t\t\t\t\t\tdata-frame_1=\"e:power3.out;st:300;sR:300;\"\n\t\t\t\t\t\t\t\tdata-frame_999=\"st:w;sR:8400;auto:true;\"\n\t\t\t\t\t\t\t\tstyle=\"z-index:8;font-family:'Montserrat';\"\n\t\t\t\t\t\t\t>Y T\u00da, \u00bfEN QUE NAVEGAR\u00c1S<br>ESTA TEMPORADA? \n\t\t\t\t\t\t\t<\/rs-layer><!--\n\n\t\t\t\t\t\t\t--><rs-layer\n\t\t\t\t\t\t\t\tid=\"slider-19-slide-70-layer-2\" \n\t\t\t\t\t\t\t\tclass=\"mintitextthingreynotcentered\"\n\t\t\t\t\t\t\t\tdata-type=\"text\"\n\t\t\t\t\t\t\t\tdata-tsh=\"c:rgba(12,12,12,0.37);h:5px;v:5px;b:5px;\"\n\t\t\t\t\t\t\t\tdata-rsp_ch=\"on\"\n\t\t\t\t\t\t\t\tdata-xy=\"x:c;xo:3px,3px,3px,4px;y:m;yo:22px,22px,22px,27px;\"\n\t\t\t\t\t\t\t\tdata-text=\"s:30;l:38;a:center;\"\n\t\t\t\t\t\t\t\tdata-frame_1=\"e:power3.out;st:500;sR:500;\"\n\t\t\t\t\t\t\t\tdata-frame_999=\"st:w;sR:8200;auto:true;\"\n\t\t\t\t\t\t\t\tstyle=\"z-index:10;font-family:'Open Sans';\"\n\t\t\t\t\t\t\t>El mar te espera \n\t\t\t\t\t\t\t<\/rs-layer><!--\n-->\t\t\t\t\t<\/rs-slide>\n\t\t\t\t\t\t<rs-slide style=\"position: absolute;\" data-key=\"rs-71\" data-title=\"Tu puerto en la costa\" data-thumb=\"\/\/marinabadalona.cat\/wp-content\/uploads\/2021\/10\/slide-home-vela-esports-detall-marina-badalona-dortoka-100x50.jpg\" data-anim=\"adpr:false;\" data-in=\"o:0;\" data-out=\"a:false;\">\n\t\t\t\t\t\t\t<img decoding=\"async\" src=\"\/\/marinabadalona.cat\/wp-content\/plugins\/revslider\/sr6\/assets\/assets\/dummy.png\" alt=\"\" title=\"slide-home-vela-esports-detall-marina-badalona-dortoka\" width=\"1920\" height=\"1080\" class=\"rev-slidebg tp-rs-img rs-lazyload\" data-lazyload=\"\/\/marinabadalona.cat\/wp-content\/uploads\/2021\/10\/slide-home-vela-esports-detall-marina-badalona-dortoka.jpg\" data-no-retina>\n<!--\n\t\t\t\t\t\t\t--><rs-layer\n\t\t\t\t\t\t\t\tid=\"slider-19-slide-71-layer-1\" \n\t\t\t\t\t\t\t\tclass=\"mintibolddark\"\n\t\t\t\t\t\t\t\tdata-type=\"text\"\n\t\t\t\t\t\t\t\tdata-tsh=\"c:rgba(12,12,12,0.37);h:5px;v:5px;b:5px;\"\n\t\t\t\t\t\t\t\tdata-rsp_ch=\"on\"\n\t\t\t\t\t\t\t\tdata-xy=\"x:c;xo:1px,1px,1px,-4px;y:m;yo:-84px,-84px,-84px,-101px;\"\n\t\t\t\t\t\t\t\tdata-text=\"s:60,60,56,28;l:68,68,63,32;fw:700;a:center;\"\n\t\t\t\t\t\t\t\tdata-dim=\"w:auto,auto,auto,364px;\"\n\t\t\t\t\t\t\t\tdata-frame_1=\"e:power3.out;st:300;sR:300;\"\n\t\t\t\t\t\t\t\tdata-frame_999=\"st:w;sR:8400;auto:true;\"\n\t\t\t\t\t\t\t\tstyle=\"z-index:6;font-family:'Montserrat';\"\n\t\t\t\t\t\t\t>TU PUERTO EN LA COSTA \n<br>DE BARCELONA \n\t\t\t\t\t\t\t<\/rs-layer><!--\n\n\t\t\t\t\t\t\t--><rs-layer\n\t\t\t\t\t\t\t\tid=\"slider-19-slide-71-layer-2\" \n\t\t\t\t\t\t\t\tclass=\"mintitextthingreynotcentered\"\n\t\t\t\t\t\t\t\tdata-type=\"text\"\n\t\t\t\t\t\t\t\tdata-tsh=\"c:rgba(12,12,12,0.37);h:5px;v:5px;b:5px;\"\n\t\t\t\t\t\t\t\tdata-rsp_ch=\"on\"\n\t\t\t\t\t\t\t\tdata-xy=\"x:c;xo:-8px,-8px,-8px,-2px;y:m;yo:6px,6px,6px,-22px;\"\n\t\t\t\t\t\t\t\tdata-text=\"s:30,30,30,17;l:38,38,38,22;a:center;\"\n\t\t\t\t\t\t\t\tdata-frame_1=\"e:power3.out;st:500;sR:500;\"\n\t\t\t\t\t\t\t\tdata-frame_999=\"st:w;sR:8200;auto:true;\"\n\t\t\t\t\t\t\t\tstyle=\"z-index:7;font-family:'Open Sans';\"\n\t\t\t\t\t\t\t>Centralidad y dinamismo \n\t\t\t\t\t\t\t<\/rs-layer><!--\n-->\t\t\t\t\t<\/rs-slide>\n\t\t\t\t\t\t<rs-slide style=\"position: absolute;\" data-key=\"rs-72\" data-title=\"En ninguna parte tendran\" data-thumb=\"\/\/marinabadalona.cat\/wp-content\/uploads\/2021\/11\/slide-home-mar-marina-badalona-varadero-port-dortoka_2-100x50.jpg\" data-anim=\"adpr:false;\" data-in=\"o:0;col:400;\" data-out=\"a:false;\">\n\t\t\t\t\t\t\t<img decoding=\"async\" src=\"\/\/marinabadalona.cat\/wp-content\/plugins\/revslider\/sr6\/assets\/assets\/dummy.png\" alt=\"\" title=\"slide-home-mar-marina-badalona-varadero-port-dortoka_2\" width=\"1920\" height=\"1080\" class=\"rev-slidebg tp-rs-img rs-lazyload\" data-lazyload=\"\/\/marinabadalona.cat\/wp-content\/uploads\/2021\/11\/slide-home-mar-marina-badalona-varadero-port-dortoka_2.jpg\" data-no-retina>\n<!--\n\t\t\t\t\t\t\t--><rs-layer\n\t\t\t\t\t\t\t\tid=\"slider-19-slide-72-layer-1\" \n\t\t\t\t\t\t\t\tclass=\"mintibolddark\"\n\t\t\t\t\t\t\t\tdata-type=\"text\"\n\t\t\t\t\t\t\t\tdata-tsh=\"c:rgba(12,12,12,0.37);h:5px;v:5px;b:5px;\"\n\t\t\t\t\t\t\t\tdata-rsp_ch=\"on\"\n\t\t\t\t\t\t\t\tdata-xy=\"x:c;xo:3px;y:m;yo:-86px,-86px,-86px,-111px;\"\n\t\t\t\t\t\t\t\tdata-text=\"s:60,60,36,23;l:70,70,43,27;fw:700;a:center;\"\n\t\t\t\t\t\t\t\tdata-dim=\"w:auto,auto,730px,458px;\"\n\t\t\t\t\t\t\t\tdata-frame_1=\"e:power3.out;st:300;sR:300;\"\n\t\t\t\t\t\t\t\tdata-frame_999=\"st:w;sR:8400;auto:true;\"\n\t\t\t\t\t\t\t\tstyle=\"z-index:6;font-family:'Montserrat';\"\n\t\t\t\t\t\t\t>EN NINGUNA PARTE TENDR\u00c1N TANTO<br> CUIDADO CON TU EMBARCACI\u00d3N \n\t\t\t\t\t\t\t<\/rs-layer><!--\n\n\t\t\t\t\t\t\t--><rs-layer\n\t\t\t\t\t\t\t\tid=\"slider-19-slide-72-layer-2\" \n\t\t\t\t\t\t\t\tclass=\"mintitextthingreynotcentered\"\n\t\t\t\t\t\t\t\tdata-type=\"text\"\n\t\t\t\t\t\t\t\tdata-tsh=\"c:rgba(12,12,12,0.37);h:5px;v:5px;b:5px;\"\n\t\t\t\t\t\t\t\tdata-rsp_ch=\"on\"\n\t\t\t\t\t\t\t\tdata-xy=\"x:c;xo:0,0,0,-5px;y:m;yo:24px,24px,24px,-49px;\"\n\t\t\t\t\t\t\t\tdata-text=\"s:30,30,28,20;l:38,38,35,26;a:center;\"\n\t\t\t\t\t\t\t\tdata-frame_1=\"e:power3.out;st:500;sR:500;\"\n\t\t\t\t\t\t\t\tdata-frame_999=\"st:w;sR:8200;auto:true;\"\n\t\t\t\t\t\t\t\tstyle=\"z-index:7;font-family:'Open Sans';\"\n\t\t\t\t\t\t\t>Por las instalaciones y los profesionales \n\t\t\t\t\t\t\t<\/rs-layer><!--\n-->\t\t\t\t\t<\/rs-slide>\n\t\t\t\t\t\t<rs-slide style=\"position: absolute;\" data-key=\"rs-73\" data-title=\"Mucho m\u00e1s que un puerto\" data-thumb=\"\/\/marinabadalona.cat\/wp-content\/uploads\/2021\/11\/slide-home-port-aerea-marina-badalona-dortoka-100x50.jpg\" data-anim=\"adpr:false;\" data-in=\"o:0;col:400;\" data-out=\"a:false;\">\n\t\t\t\t\t\t\t<img decoding=\"async\" src=\"\/\/marinabadalona.cat\/wp-content\/plugins\/revslider\/sr6\/assets\/assets\/dummy.png\" alt=\"\" title=\"slide-home-port-aerea-marina-badalona-dortoka\" width=\"1920\" height=\"1080\" class=\"rev-slidebg tp-rs-img rs-lazyload\" data-lazyload=\"\/\/marinabadalona.cat\/wp-content\/uploads\/2021\/11\/slide-home-port-aerea-marina-badalona-dortoka.jpg\" data-no-retina>\n<!--\n\t\t\t\t\t\t\t--><rs-layer\n\t\t\t\t\t\t\t\tid=\"slider-19-slide-73-layer-1\" \n\t\t\t\t\t\t\t\tclass=\"mintibolddark\"\n\t\t\t\t\t\t\t\tdata-type=\"text\"\n\t\t\t\t\t\t\t\tdata-tsh=\"c:rgba(12,12,12,0.37);h:5px;v:5px;b:5px;\"\n\t\t\t\t\t\t\t\tdata-rsp_ch=\"on\"\n\t\t\t\t\t\t\t\tdata-xy=\"x:c;y:m;yo:-88px,-88px,-88px,-97px;\"\n\t\t\t\t\t\t\t\tdata-text=\"s:60,60,47,27;l:70,70,55,32;fw:700;a:center;\"\n\t\t\t\t\t\t\t\tdata-dim=\"w:auto,auto,auto,431px;\"\n\t\t\t\t\t\t\t\tdata-frame_1=\"e:power3.out;st:300;sR:300;\"\n\t\t\t\t\t\t\t\tdata-frame_999=\"st:w;sR:8400;auto:true;\"\n\t\t\t\t\t\t\t\tstyle=\"z-index:6;font-family:'Montserrat';\"\n\t\t\t\t\t\t\t>MUCHO M\u00c1S QUE UN PUERTO, <br>UN PROYECTO DE CIUDAD \n\t\t\t\t\t\t\t<\/rs-layer><!--\n\n\t\t\t\t\t\t\t--><rs-layer\n\t\t\t\t\t\t\t\tid=\"slider-19-slide-73-layer-2\" \n\t\t\t\t\t\t\t\tclass=\"mintitextthingreynotcentered\"\n\t\t\t\t\t\t\t\tdata-type=\"text\"\n\t\t\t\t\t\t\t\tdata-tsh=\"c:rgba(12,12,12,0.37);h:5px;v:5px;b:5px;\"\n\t\t\t\t\t\t\t\tdata-rsp_ch=\"on\"\n\t\t\t\t\t\t\t\tdata-xy=\"x:c;xo:-3px,-3px,-3px,-2px;y:m;yo:19px,19px,19px,-23px;\"\n\t\t\t\t\t\t\t\tdata-text=\"s:30,30,29,21;l:38,38,36,27;a:center;\"\n\t\t\t\t\t\t\t\tdata-frame_1=\"e:power3.out;st:500;sR:500;\"\n\t\t\t\t\t\t\t\tdata-frame_999=\"st:w;sR:8200;auto:true;\"\n\t\t\t\t\t\t\t\tstyle=\"z-index:7;font-family:'Open Sans';\"\n\t\t\t\t\t\t\t>Motor de la transformaci\u00f3n litoral \n\t\t\t\t\t\t\t<\/rs-layer><!--\n-->\t\t\t\t\t<\/rs-slide>\n\t\t\t\t\t<\/rs-slides>\n\t\t\t\t<\/rs-module>\n\t\t\t\t<script>\n\t\t\t\t\tsetREVStartSize({c: 'rev_slider_19_1',rl:[1240,1240,778,480],el:[890,890,960,720],gw:[1160,1160,778,480],gh:[890,890,960,720],type:'standard',justify:'',layout:'fullwidth',mh:\"890\"});if (window.RS_MODULES!==undefined && window.RS_MODULES.modules!==undefined && window.RS_MODULES.modules[\"revslider191\"]!==undefined) {window.RS_MODULES.modules[\"revslider191\"].once = false;window.revapi19 = undefined;if (window.RS_MODULES.checkMinimal!==undefined) window.RS_MODULES.checkMinimal()}\n\t\t\t\t<\/script>\n\t\t\t<\/rs-module-wrap>\n\t\t\t<!-- END REVOLUTION SLIDER -->\n[\/vc_column][\/vc_row][vc_row top_padding=\u00bb100&#8243; bottom_padding=\u00bb80&#8243;][vc_column width=\u00bb1\/1&#8243;]<h1 class=\"headline font-special fontsize-xxl fontweight-500 lh-inherit align-center transform-inherit no-transform\" style=\"margin: 0 0 20px 0; color: #222222;\">CAMPA\u00d1AS AMBIENTALES<\/h1><div class=\"headline font-special fontsize-l fontweight-400 lh-inherit align-center transform-inherit no-transform\" style=\"margin: 0 15%;\">\u00bfY YO QU\u00c9 PUEDO HACER?<\/div>[\/vc_column][\/vc_row][vc_row type=\u00bbfull_width_section\u00bb][vc_column width=\u00bb1\/1&#8243;]<div class=\"divider divider1\" style='margin:0 !important;'><\/div>[\/vc_column][\/vc_row][vc_row type=\u00bbfull_width_section\u00bb][vc_column bg_color=\u00bb#f9f9f9&#8243; column_padding=\u00bbpadding-7&#8243; width=\u00bb1\/2&#8243;]<div class=\"headline font-special fontsize-xs fontweight-700 lh-inherit align-left transform-uppercase ls-1\" style=\"margin: 0 0 10px 0; color: #999999;\">CAMPA\u00d1AS<\/div><h2 class=\"headline font-special fontsize-xxxl fontweight-700 lh-12 align-left transform-uppercase \" style=\"margin: 0 0 0 0;\">UN ESPACIO SENSIBLE DEL MEDITERR\u00c1NEO A PRESERVAR<\/h2><div class=\"divider divider5\" style='margin:10px 0 25px 0 !important;'><\/div>[vc_column_text]<\/p>\n<p style=\"text-align: justify;\">En el litoral de las comarcas del Barcelon\u00e9s, el Maresme y la Selva encontramos aguas muy frecuentadas por navegantes. En esta \u00e1rea se encuentran Los Ca\u00f1ones del Maresme, zona ZEPIM (Zona Especialmente Protegida de Importancia para el Mediterr\u00e1neo) de gran profundidad rica en nutrientes que atrae la diversidad de mam\u00edferos como el delf\u00edn listado; el delf\u00edn gris, el delf\u00edn mular o el \u00a0rorcual com\u00fan (especies incluidas en el cat\u00e1logo nacional de especies amenazadas).Para proteger este espacio, como las Praderas de Posidonia (planta singular, end\u00e9mica del Mediterr\u00e1neo, de gran importancia ecol\u00f3gica) que se mantienen en aguas de Matar\u00f3, el Puerto de Badalona recomienda seguir el protocolo de buenas pr\u00e1cticas del avistamiento responsable de especies y de fondeo, de pesca y de buceo, indicaciones incluidas en el C\u00f3digo de Conducta Ambiental.<\/p>\n<p style=\"text-align: justify;\">Pod\u00e9is aprovechar:<\/p>\n<p><a href=\"http:\/\/www.submon.org\/\">www.submon.org<\/a><br \/>\n<a href=\"http:\/\/www.posimed.org\/\">www.posimed.org<\/a><\/p>\n<div><\/div>\n<p>[\/vc_column_text][\/vc_column][vc_column bg_image=\u00bb37986&#8243; column_padding=\u00bbpadding-5&#8243; column_center=\u00bbtrue\u00bb width=\u00bb1\/2&#8243;]<div class=\"spacer\" style=\"height: 250px;\"><\/div>[\/vc_column][\/vc_row][vc_row type=\u00bbfull_width_section\u00bb][vc_column bg_image=\u00bb18726&#8243; column_padding=\u00bbpadding-5&#8243; column_center=\u00bbtrue\u00bb width=\u00bb1\/2&#8243;]<div class=\"spacer\" style=\"height: 250px;\"><\/div>[\/vc_column][vc_column bg_color=\u00bb#222222&#8243; column_padding=\u00bbpadding-7&#8243; text_color=\u00bblight\u00bb width=\u00bb1\/2&#8243;]<div class=\"headline font-special fontsize-xs fontweight-700 lh-inherit align-left transform-uppercase ls-1\" style=\"margin: 0 0 10px 0; color: #999999;\">CAMPA\u00d1AS<\/div><h2 class=\"headline font-special fontsize-xxxl fontweight-700 lh-12 align-left transform-uppercase \" style=\"margin: 0 0 0 0;\">HAGAMOS UNA NAVEGACI\u00d3N RESPONSABLE<br \/>\n<\/h2><div class=\"divider divider5\" style='margin:10px 0 25px 0 !important;'><\/div>[vc_column_text]<\/p>\n<p style=\"text-align: justify;\">Las faner\u00f3gamas marinas son unas plantas protegidas que encontramos en todos los mares, pero la\u00a0Posidonia\u00a0oce\u00e1nica\u00a0es la \u00fanica solo se encuentra en el Mediterr\u00e1neo. Su preservaci\u00f3n es clave para minimizar los efectos del cambio clim\u00e1tico y favorecer la conservaci\u00f3n de especies y ecosistemas. Para navegar de una manera segura y conservar los ecosistemas marinos tenemos que tener presentes los siguientes consejos:<\/p>\n<p>[\/vc_column_text]<div class=\"minti_list wpb_content_element color-grey line\" style=\"\">\n<ul>\n<li style=\"text-align: justify;\">Respeta las zonas y limitaciones establecidas por los servicios de temporada autorizados y la normativa a las zonas protegidas.<\/li>\n<li style=\"text-align: justify;\">Busca una zona de boyas de fondeo para amarrar la embarcaci\u00f3n.<\/li>\n<li style=\"text-align: justify;\">Si no puedes acceder en una zona de boyas, procura buscar un fondo arenoso, o un claro\u00a0suficientemente lejos de la pradera de faner\u00f3gamas.<\/li>\n<li style=\"text-align: justify;\">Recuerda que anclar sobre praderas de faner\u00f3gamas marinas es ineficaz, se encalla y destruye los organismos que forman parte de la comunidad.<\/li>\n<\/ul>\n<\/div>[vc_column_text]<\/p>\n<p style=\"text-align: justify;\"><span lang=\"ES\">La Generalitat de Catalu\u00f1a ha puesto en marcha una nueva herramienta para tener la mejor informaci\u00f3n disponible sobre el fondo marino. La app FanCat te permite saber en todo momento, mientras navegas, donde hay plantas a preservar. Hagamos entre todos una navegaci\u00f3n m\u00e1s responsable. Obt\u00e9n toda la informaci\u00f3n\u00a0<a href=\"http:\/\/agricultura.gencat.cat\/ca\/ambits\/pesca\/proteccio-recursos-litoral\/mar-som-responsables\/nautica-esbarjo-afectacio-habitats\/fondeig-respectuos-app-fancat\/\" target=\"_blank\" rel=\"noopener\">AQU\u00cd<\/a>.<\/span><\/p>\n<p>[\/vc_column_text][\/vc_column][\/vc_row][vc_row type=\u00bbfull_width_section\u00bb][vc_column bg_color=\u00bb#f9f9f9&#8243; column_padding=\u00bbpadding-7&#8243; width=\u00bb1\/2&#8243;]<div class=\"headline font-special fontsize-xs fontweight-700 lh-inherit align-left transform-uppercase ls-1\" style=\"margin: 0 0 10px 0; color: #999999;\">CAMPA\u00d1AS<\/div><h2 class=\"headline font-special fontsize-xxxl fontweight-700 lh-12 align-left transform-uppercase \" style=\"margin: 0 0 0 0;\">PREMIOS SALVAMENTO MAR\u00cdTIMO ODS14<\/h2><div class=\"divider divider5\" style='margin:10px 0 25px 0 !important;'><\/div>[vc_column_text]<\/p>\n<p style=\"text-align: justify;\">Siguiendo el programa\u00a0ODS\u00a014 de Naciones Unidas para el desarrollo sostenible de los oc\u00e9anos, mares y recursos marinos, Salvamento Mar\u00edtimo ha convocado la quinta edici\u00f3n de sus Premios\u00a0ODS\u00a0con el objetivo de impulsar y difundir iniciativas que contribuyan en este programa. Si tienes un proyecto que contribuya a la conservaci\u00f3n del medio ambiente marino, participa en una de las 2 categor\u00edas de este concurso (Mayor contribuci\u00f3n y Mejor iniciativa de sensibilizaci\u00f3n de conservaci\u00f3n marina).<br \/>\nLos ganadores recibir\u00e1n un premio honor\u00edfico (no comporta dotaci\u00f3n econ\u00f3mica).<\/p>\n<p style=\"text-align: justify;\">Pod\u00e9is consultar la informaci\u00f3n del concurso <a href=\"http:\/\/www.salvamentomaritimo.es\/sala-de-comunicacion\/premios-salvamento-maritimo-ods14\" target=\"_blank\" rel=\"noopener\">AQU\u00cd.<\/a><\/p>\n<div><\/div>\n<p>[\/vc_column_text][\/vc_column][vc_column bg_image=\u00bb18710&#8243; column_padding=\u00bbpadding-5&#8243; column_center=\u00bbtrue\u00bb width=\u00bb1\/2&#8243;]<div class=\"spacer\" style=\"height: 250px;\"><\/div>[\/vc_column][\/vc_row][vc_row type=\u00bbfull_width_section\u00bb][vc_column bg_image=\u00bb18728&#8243; column_padding=\u00bbpadding-5&#8243; column_center=\u00bbtrue\u00bb width=\u00bb1\/2&#8243;]<div class=\"spacer\" style=\"height: 250px;\"><\/div>[\/vc_column][vc_column bg_color=\u00bb#222222&#8243; column_padding=\u00bbpadding-7&#8243; text_color=\u00bblight\u00bb width=\u00bb1\/2&#8243;]<div class=\"headline font-special fontsize-xs fontweight-700 lh-inherit align-left transform-uppercase ls-1\" style=\"margin: 0 0 10px 0; color: #999999;\">CAMPA\u00d1AS<\/div><h2 class=\"headline font-special fontsize-xxxl fontweight-700 lh-12 align-left transform-uppercase \" style=\"margin: 0 0 0 0;\">DISFRUTA RESPONSABLE<br \/>\n<\/h2><div class=\"divider divider5\" style='margin:10px 0 25px 0 !important;'><\/div>[vc_column_text]<\/p>\n<p style=\"text-align: justify;\">Campa\u00f1a de\u00a0ANEN\u00a0para concienciar sobre la navegaci\u00f3n responsable y segura de jets ski.<br \/>\nDesde\u00a0ANEN, Asociaci\u00f3n Nacional de Empresas N\u00e1uticas, han lanzado la campa\u00f1a \u201cDisfruta Responsable\u201d dado el incremento del turismo n\u00e1utico y el aumento de usuarios que han encontrado en este sector, y especialmente en el mundo de los jets ski, una alternativa de ocio segura.<\/p>\n<p style=\"text-align: justify;\">Pilotar en horas de luz diurna, consultar la informaci\u00f3n del tiempo antes de salir a navegar (y conocer la terminolog\u00eda), respetar las otras embarcaciones\u2026 estos son algunos de los consejos y pautas que han elaborado porque, todo y el incremento de usuarios, se pueda continuar disfrutando de la n\u00e1utica.<\/p>\n<p style=\"text-align: justify;\">Pod\u00e9is consultar esta campa\u00f1a haciendo clic <a href=\"https:\/\/twitter.com\/DisfrutaRespon\" target=\"_blank\" rel=\"noopener\">AQU\u00cd.<\/a><\/p>\n<p>[\/vc_column_text][\/vc_column][\/vc_row]<\/p>\n<\/div>","protected":false},"excerpt":{"rendered":"<p>[vc_row type=\u00bbfull_width_section\u00bb][vc_column width=\u00bb1\/1&#8243;][\/vc_column][\/vc_row][vc_row top_padding=\u00bb100&#8243; bottom_padding=\u00bb80&#8243;][vc_column width=\u00bb1\/1&#8243;][\/vc_column][\/vc_row][vc_row type=\u00bbfull_width_section\u00bb][vc_column width=\u00bb1\/1&#8243;][\/vc_column][\/vc_row][vc_row type=\u00bbfull_width_section\u00bb][vc_column bg_color=\u00bb#f9f9f9&#8243; column_padding=\u00bbpadding-7&#8243; width=\u00bb1\/2&#8243;][vc_column_text] En el litoral de las comarcas del Barcelon\u00e9s, el Maresme y la Selva encontramos aguas muy frecuentadas por navegantes. En esta \u00e1rea se encuentran Los Ca\u00f1ones del Maresme, zona ZEPIM (Zona Especialmente Protegida de Importancia para el Mediterr\u00e1neo) de gran profundidad rica en nutrientes que atrae la diversidad de mam\u00edferos como el delf\u00edn listado; el delf\u00edn gris, el delf\u00edn mular o el \u00a0rorcual com\u00fan (especies incluidas en el cat\u00e1logo nacional de especies amenazadas).Para proteger este espacio, como las Praderas de Posidonia (planta singular, end\u00e9mica del Mediterr\u00e1neo, de gran importancia ecol\u00f3gica) que se mantienen en aguas de Matar\u00f3, el Puerto de Badalona recomienda seguir el protocolo de buenas pr\u00e1cticas del avistamiento responsable de especies y de fondeo, de pesca y de buceo, indicaciones incluidas en el C\u00f3digo de Conducta Ambiental. Pod\u00e9is aprovechar: www.submon.org www.posimed.org [\/vc_column_text][\/vc_column][vc_column bg_image=\u00bb37986&#8243; column_padding=\u00bbpadding-5&#8243; column_center=\u00bbtrue\u00bb width=\u00bb1\/2&#8243;][\/vc_column][\/vc_row][vc_row type=\u00bbfull_width_section\u00bb][vc_column bg_image=\u00bb18726&#8243; column_padding=\u00bbpadding-5&#8243; column_center=\u00bbtrue\u00bb width=\u00bb1\/2&#8243;][\/vc_column][vc_column bg_color=\u00bb#222222&#8243; column_padding=\u00bbpadding-7&#8243; text_color=\u00bblight\u00bb width=\u00bb1\/2&#8243;][vc_column_text] Las faner\u00f3gamas marinas son unas plantas protegidas que encontramos en todos los mares, pero la\u00a0Posidonia\u00a0oce\u00e1nica\u00a0es la \u00fanica solo se encuentra en el Mediterr\u00e1neo. Su preservaci\u00f3n es clave para minimizar los efectos del cambio clim\u00e1tico y favorecer la conservaci\u00f3n de especies y [&hellip;]<\/p>\n","protected":false},"author":1,"featured_media":0,"parent":0,"menu_order":0,"comment_status":"closed","ping_status":"closed","template":"","meta":{"footnotes":""},"class_list":["post-21000","page","type-page","status-publish","hentry"],"_links":{"self":[{"href":"https:\/\/marinabadalona.cat\/es\/wp-json\/wp\/v2\/pages\/21000","targetHints":{"allow":["GET"]}}],"collection":[{"href":"https:\/\/marinabadalona.cat\/es\/wp-json\/wp\/v2\/pages"}],"about":[{"href":"https:\/\/marinabadalona.cat\/es\/wp-json\/wp\/v2\/types\/page"}],"author":[{"embeddable":true,"href":"https:\/\/marinabadalona.cat\/es\/wp-json\/wp\/v2\/users\/1"}],"replies":[{"embeddable":true,"href":"https:\/\/marinabadalona.cat\/es\/wp-json\/wp\/v2\/comments?post=21000"}],"version-history":[{"count":1,"href":"https:\/\/marinabadalona.cat\/es\/wp-json\/wp\/v2\/pages\/21000\/revisions"}],"predecessor-version":[{"id":37990,"href":"https:\/\/marinabadalona.cat\/es\/wp-json\/wp\/v2\/pages\/21000\/revisions\/37990"}],"wp:attachment":[{"href":"https:\/\/marinabadalona.cat\/es\/wp-json\/wp\/v2\/media?parent=21000"}],"curies":[{"name":"wp","href":"https:\/\/api.w.org\/{rel}","templated":true}]}}