
{"id":21122,"date":"2021-12-22T10:47:36","date_gmt":"2021-12-22T10:47:36","guid":{"rendered":"https:\/\/novaweb.marinabadalona.cat\/es\/moll-ribera-2\/"},"modified":"2022-03-23T15:29:43","modified_gmt":"2022-03-23T15:29:43","slug":"muelle-de-ribera","status":"publish","type":"page","link":"https:\/\/marinabadalona.cat\/es\/muelle-de-ribera\/","title":{"rendered":"MUELLE DE RIBERA"},"content":{"rendered":"<div class=\"wpb-content-wrapper\"><p>[vc_row type=\u00bbfull_width_section\u00bb][vc_column width=\u00bb1\/1&#8243;][rev_slider_vc alias=\u00bbslide-home\u00bb][\/vc_column][\/vc_row][vc_row top_padding=\u00bb100&#8243; bottom_padding=\u00bb80&#8243;][vc_column width=\u00bb1\/1&#8243;]<h1 class=\"headline font-special fontsize-xxxl fontweight-500 lh-inherit align-center transform-uppercase \" style=\"margin: 0 0 00px 0;\">EL MEJOR LUGAR PARA TU NEGOCIO<\/h1><div class=\"headline font-special fontsize-l fontweight-400 lh-inherit align-center transform-inherit \" style=\"margin: 0 0 00px 0; color: #999999;\">T\u00da TIENES LA IDEA Y NOSOTROS El ESPACIO PARA LLEVARLA A CABO.<br \/>\nDESCUBRE TODAS LAS OPCIONES.<br \/>\n<\/div>[\/vc_column][\/vc_row][vc_row bg_color=\u00bb#f9f9f9&#8243; top_padding=\u00bb100&#8243; bottom_padding=\u00bb80&#8243;][vc_column width=\u00bb1\/2&#8243;]<h3 class=\"headline font-special fontsize-l fontweight-700 lh-inherit align-left transform-uppercase \" style=\"margin: 0 0 20px 0;\">AL MOLL DE RIBERA<\/h3>[vc_column_text]<\/p>\n<p style=\"text-align: justify;\">La buena comunicaci\u00f3n del Puerto de Badalona y el hecho de ser un puerto urbano de una ciudad que ejerce la capitalidad en el Barcelon\u00e9s Norte y en el Bajo Maresme nutre las posibilidades de negocio en el recinto. El nuevo plan de usos, que estar\u00e1 terminado a lo largo del 2022, actualiza la reserva de los espacios, aumentando y flexibilizando los usos destinados a servicios n\u00e1uticos, de formaci\u00f3n y tur\u00edstico-deportivo. El enclave del Puerto en un espacio de renovaci\u00f3n y centralidad conectado a la trama urbana y a viales interurbanos ampl\u00eda el p\u00fablico n\u00e1utico a clientes de Badalona y a ciudadanos y ciudadanas del \u00e1rea de influencia metropolitana, e internacional. Es decir, que la oferta comercial del Puerto est\u00e1 orientada a dar servicio a los\u00a0amarristas\u00a0y tambi\u00e9n a todo el mundo que lo adopte como espacio de trabajo, desde la perspectiva de la Econom\u00eda Azul, con m\u00faltiples posibilidades.<\/p>\n<p>[\/vc_column_text][\/vc_column][vc_column width=\u00bb1\/2&#8243;]<div class=\"single_image wpb_content_element align-center    \" data-animation=\"none\" data-delay=\"0\"><img loading=\"lazy\" decoding=\"async\" width=\"1000\" height=\"1000\" src=\"https:\/\/marinabadalona.cat\/wp-content\/uploads\/2022\/01\/moll-ribera-marinabadalona.jpg\" class=\"attachment-full\" alt=\"\" title=\"moll-ribera-marinabadalona\" srcset=\"https:\/\/marinabadalona.cat\/wp-content\/uploads\/2022\/01\/moll-ribera-marinabadalona.jpg 1000w, https:\/\/marinabadalona.cat\/wp-content\/uploads\/2022\/01\/moll-ribera-marinabadalona-300x300.jpg 300w, https:\/\/marinabadalona.cat\/wp-content\/uploads\/2022\/01\/moll-ribera-marinabadalona-150x150.jpg 150w, https:\/\/marinabadalona.cat\/wp-content\/uploads\/2022\/01\/moll-ribera-marinabadalona-768x768.jpg 768w, https:\/\/marinabadalona.cat\/wp-content\/uploads\/2022\/01\/moll-ribera-marinabadalona-80x80.jpg 80w, https:\/\/marinabadalona.cat\/wp-content\/uploads\/2022\/01\/moll-ribera-marinabadalona-500x500.jpg 500w, https:\/\/marinabadalona.cat\/wp-content\/uploads\/2022\/01\/moll-ribera-marinabadalona-600x600.jpg 600w, https:\/\/marinabadalona.cat\/wp-content\/uploads\/2022\/01\/moll-ribera-marinabadalona-100x100.jpg 100w\" sizes=\"auto, (max-width: 1000px) 100vw, 1000px\" \/><\/div>[\/vc_column][\/vc_row][vc_row top_padding=\u00bb100&#8243; bottom_padding=\u00bb80&#8243;][vc_column width=\u00bb1\/1&#8243;]<h1 class=\"headline font-special fontsize-xxxl fontweight-500 lh-inherit align-center transform-uppercase \" style=\"margin: 0 0 00px 0;\">El EJE COMERCIAL N\u00c1UTICO DE<br \/>\nEDUARD MARISTANY<\/h1><div class=\"headline font-special fontsize-l fontweight-400 lh-inherit align-center transform-inherit \" style=\"margin: 0 0 00px 0; color: #999999;\">EL BULEVAR DE LA ECONOM\u00cdA AZUL<\/div>[\/vc_column][\/vc_row][vc_row section_arrow=\u00bbfalse\u00bb top_padding=\u00bb0&#8243; bottom_padding=\u00bb100&#8243; bg_position=\u00bbleft top\u00bb][vc_column width=\u00bb1\/3&#8243;]<div class=\"iconbox  wpb_content_element iconbox-style-2 icon-color-accent color-dark clearfix\"><div class=\"iconbox-icon\"><img src='https:\/\/marinabadalona.cat\/wp-content\/uploads\/2021\/12\/ubicacion-1.png' class='iconimg' alt='Ubicaci\u00f3n' \/><\/div><div class=\"iconbox-content\"><h3>Ubicaci\u00f3n<\/h3><p>El espacio inicial para dar servicio y\u00a0ofertar\u00a0actividades y servicios n\u00e1uticos est\u00e1 concentrado en los locales comerciales del Moll de Ribera, siguiendo la traza de la calle de Eduard\u00a0Maristany, paralelo a la v\u00eda del tren.<\/p><\/div><\/div><div class=\"spacer\" style=\"height: 10px;\"><\/div><div class=\"iconbox  wpb_content_element iconbox-style-2 icon-color-accent color-dark clearfix\"><div class=\"iconbox-icon\"><i class=\"fa sl-bag boxicon\" style=\"\"><\/i><\/div><div class=\"iconbox-content\"><h3>Locales libre<\/h3><p>Disponibilidad. Consulta que espacios te pueden ofrecer en esta ubicaci\u00f3n.<\/p><\/div><\/div>[\/vc_column][vc_column width=\u00bb1\/3&#8243;]<div class=\"iconbox  wpb_content_element iconbox-style-2 icon-color-accent color-dark clearfix\"><div class=\"iconbox-icon\"><img src='https:\/\/marinabadalona.cat\/wp-content\/uploads\/2021\/12\/superficie.png' class='iconimg' alt='Superficie' \/><\/div><div class=\"iconbox-content\"><h3>Superficie<\/h3><p>Son\u00a0750m2\u00a0de superficie distribuidos en 28 unidades modulares de 26,88 m\u00b2 cada cual, que se comercializan en alquiler mensual con un m\u00ednimo de dos m\u00f3dulos por un contrato de cesi\u00f3n de 10 a\u00f1os.<\/p><\/div><\/div><div class=\"spacer\" style=\"height: 10px;\"><\/div><div class=\"iconbox  wpb_content_element iconbox-style-2 icon-color-accent color-dark clearfix\"><div class=\"iconbox-icon\"><img src='https:\/\/marinabadalona.cat\/wp-content\/uploads\/2021\/12\/Formulari-1.png' class='iconimg' alt='Formulario de Contacto' \/><\/div><div class=\"iconbox-content\"><h3>Formulario de Contacto<\/h3><p>Quiero informaci\u00f3n sobre la disponibilidad de espacios en el Muelle de Ribera.<\/p><\/div><\/div>[\/vc_column][vc_column width=\u00bb1\/3&#8243;]<div class=\"iconbox  wpb_content_element iconbox-style-2 icon-color-accent color-dark clearfix\"><div class=\"iconbox-icon\"><img src='https:\/\/marinabadalona.cat\/wp-content\/uploads\/2021\/12\/ancla2.png' class='iconimg' alt='N\u00e1utica' \/><\/div><div class=\"iconbox-content\"><h3>N\u00e1utica<\/h3><p>Es el espacio adecuado para las academias de navegaci\u00f3n, la oferta de ch\u00e1rters y alquiler y venta de embarcaciones, las tiendas de suministro n\u00e1uticos, el servicio de lavander\u00eda, las empresas de limpieza de embarcaciones.<\/p><\/div><\/div><div class=\"spacer\" style=\"height: 10px;\"><\/div>[\/vc_column][\/vc_row][vc_row type=\u00bbfull_width_section\u00bb][vc_column width=\u00bb1\/3&#8243;]<div class=\"single_image wpb_content_element align-left    \" data-animation=\"none\" data-delay=\"0\"><img loading=\"lazy\" decoding=\"async\" width=\"1000\" height=\"1000\" src=\"https:\/\/marinabadalona.cat\/wp-content\/uploads\/2021\/10\/marina-seca-barcos-foso-marina-badalona-dortoka.jpg\" class=\"attachment-full\" alt=\"\" title=\"marina-seca-barcos-foso-marina-badalona-dortoka\" srcset=\"https:\/\/marinabadalona.cat\/wp-content\/uploads\/2021\/10\/marina-seca-barcos-foso-marina-badalona-dortoka.jpg 1000w, https:\/\/marinabadalona.cat\/wp-content\/uploads\/2021\/10\/marina-seca-barcos-foso-marina-badalona-dortoka-300x300.jpg 300w, https:\/\/marinabadalona.cat\/wp-content\/uploads\/2021\/10\/marina-seca-barcos-foso-marina-badalona-dortoka-150x150.jpg 150w, https:\/\/marinabadalona.cat\/wp-content\/uploads\/2021\/10\/marina-seca-barcos-foso-marina-badalona-dortoka-768x768.jpg 768w, https:\/\/marinabadalona.cat\/wp-content\/uploads\/2021\/10\/marina-seca-barcos-foso-marina-badalona-dortoka-80x80.jpg 80w, https:\/\/marinabadalona.cat\/wp-content\/uploads\/2021\/10\/marina-seca-barcos-foso-marina-badalona-dortoka-500x500.jpg 500w, https:\/\/marinabadalona.cat\/wp-content\/uploads\/2021\/10\/marina-seca-barcos-foso-marina-badalona-dortoka-600x600.jpg 600w, https:\/\/marinabadalona.cat\/wp-content\/uploads\/2021\/10\/marina-seca-barcos-foso-marina-badalona-dortoka-100x100.jpg 100w\" sizes=\"auto, (max-width: 1000px) 100vw, 1000px\" \/><\/div>[\/vc_column][vc_column width=\u00bb1\/3&#8243;]<div class=\"single_image wpb_content_element align-left    \" data-animation=\"none\" data-delay=\"0\"><img loading=\"lazy\" decoding=\"async\" width=\"1000\" height=\"1000\" src=\"https:\/\/marinabadalona.cat\/wp-content\/uploads\/2021\/10\/marina-seca-barcos-marina-badalona-dortoka.jpg\" class=\"attachment-full\" alt=\"\" title=\"marina-seca-barcos-marina-badalona-dortoka\" srcset=\"https:\/\/marinabadalona.cat\/wp-content\/uploads\/2021\/10\/marina-seca-barcos-marina-badalona-dortoka.jpg 1000w, https:\/\/marinabadalona.cat\/wp-content\/uploads\/2021\/10\/marina-seca-barcos-marina-badalona-dortoka-300x300.jpg 300w, https:\/\/marinabadalona.cat\/wp-content\/uploads\/2021\/10\/marina-seca-barcos-marina-badalona-dortoka-150x150.jpg 150w, https:\/\/marinabadalona.cat\/wp-content\/uploads\/2021\/10\/marina-seca-barcos-marina-badalona-dortoka-768x768.jpg 768w, https:\/\/marinabadalona.cat\/wp-content\/uploads\/2021\/10\/marina-seca-barcos-marina-badalona-dortoka-80x80.jpg 80w, https:\/\/marinabadalona.cat\/wp-content\/uploads\/2021\/10\/marina-seca-barcos-marina-badalona-dortoka-500x500.jpg 500w, https:\/\/marinabadalona.cat\/wp-content\/uploads\/2021\/10\/marina-seca-barcos-marina-badalona-dortoka-600x600.jpg 600w, https:\/\/marinabadalona.cat\/wp-content\/uploads\/2021\/10\/marina-seca-barcos-marina-badalona-dortoka-100x100.jpg 100w\" sizes=\"auto, (max-width: 1000px) 100vw, 1000px\" \/><\/div>[\/vc_column][vc_column width=\u00bb1\/3&#8243;]<div class=\"single_image wpb_content_element align-left    \" data-animation=\"none\" data-delay=\"0\"><img decoding=\"async\" class=\"\" src=\"https:\/\/marinabadalona.cat\/wp-content\/uploads\/2021\/11\/P1658306-1000x1000.jpg\" width=\"1000\" height=\"1000\" alt=\"P1658306\" title=\"P1658306\" loading=\"lazy\" \/><\/div>[\/vc_column][\/vc_row][vc_row bg_color=\u00bb#f4f4f4&#8243; top_padding=\u00bb80&#8243; bottom_padding=\u00bb80&#8243;][vc_column bg_color=\u00bb#f4f4f4&#8243; width=\u00bb1\/1&#8243;]<h1 class=\"headline font-special fontsize-xxxl fontweight-400 lh-inherit align-center transform-uppercase \" style=\"margin: 0 0 20px 0;\">Marina Badalona<br \/>\n\u00bfTe ayudamos?<br \/>\n<\/h1>[vc_column_text el_class=\u00bbpopmake-17508&#8243;]<\/p>\n<p style=\"text-align: center;\"><a href=\"http:\/\/novaweb.marinabadalona.cat\/pages\/contacto\/\" target=\"_self\" class=\"button color-1 medium \" style=\"border-radius: 2px;\"><i class='fa fa-phone'><\/i>\u00a1Cont\u00e1ctanos!<\/a>\n<p>[\/vc_column_text][\/vc_column][\/vc_row][vc_row bg_color=\u00bb#00a7e0&#8243; top_padding=\u00bb30&#8243;][vc_column width=\u00bb1\/1&#8243;][vc_raw_html]JTNDZGl2JTNFJTBBJTIwJTIwJTIwJTIwJTIwJTIwJTNDZGl2JTNFJTBBJTIwJTIwJTIwJTIwJTIwJTIwJTIwJTIwJTNDaDElMjBzdHlsZSUzRCUyMmZvbnQtZmFtaWx5JTNBJTI3TW9udHNlcnJhdCUyNyUyQ0FyaWFsJTJDSGVsdmV0aWNhJTJDc2Fucy1zZXJpZiUzQiUyMHRleHQtYWxpZ24lM0FjZW50ZXIlM0IlMjBjb2xvciUzQXdoaXRlJTNCJTIyJTNFJUMzJTlBTkVURSUyMEElMjBOVUVTVFJBJTIwTkVXU0xFVFRFUiUzQyUyRmgxJTNFJTBBJTIwJTIwJTIwJTIwJTIwJTIwJTIwJTIwJTNDcCUyMHN0eWxlJTNEJTIyZm9udC1mYW1pbHklM0ElMjdNb250c2VycmF0JTI3JTJDQXJpYWwlMkNIZWx2ZXRpY2ElMkNzYW5zLXNlcmlmJTNCJTIwdGV4dC1hbGlnbiUzQWNlbnRlciUzQiUyMGNvbG9yJTNBd2hpdGUlM0IlMjIlM0VDb25vY2UlMjBsYXMlMjBub3ZlZGFkZXMlMjBhbnRlcyUyMHF1ZSUyMG5hZGllJTJDJTIwZW50JUMzJUE5cmF0ZSUyMGRlJTIwbnVldm9zJTIwZXZlbnRvcyUyMHklMjBkZSUyMG11Y2hvJTIwbSVDMyVBMXMlM0MlMkZwJTNFJTBBJTIwJTIwJTIwJTIwJTIwJTIwJTNDJTJGZGl2JTNFJTBBJTIwJTIwJTIwJTIwJTNDJTJGZGl2JTNF[\/vc_raw_html][\/vc_column][\/vc_row][vc_row bg_color=\u00bb#00a7e0&#8243; bottom_padding=\u00bb15&#8243;][vc_column width=\u00bb1\/1&#8243;][vc_raw_html el_class=\u00bbpopmake-20395&#8243;]JTNDZGl2JTNFJTBBJTIwJTIwJTIwJTIwJTIwJTIwJTIwJTIwJTNDZGl2JTIwc3R5bGUlM0QlMjJtYXJnaW4tdG9wJTNBMjBweCUzQiUyMHRleHQtYWxpZ24lM0FjZW50ZXIlM0IlMjIlM0UlMEElMjAlMjAlMjAlMjAlMjAlMjAlMjAlMjAlMjAlMjAlM0NidXR0b24lMjBzdHlsZSUzRCUyMndpZHRoJTNBNTAlMjUlM0IlMjBwYWRkaW5nJTNBMTVweCUyMDIwcHglM0IlMjBib3JkZXItcmFkaXVzJTNBMjVweCUzQiUyMGJhY2tncm91bmQtY29sb3IlM0F3aGl0ZSUzQiUyMGNvbG9yJTNBJTIzMDBhN2UwJTNCJTIwZm9udC13ZWlnaHQlM0Fib2xkJTNCJTIwYm9yZGVyJTNBMXB4JTIwc29saWQlMjB3aGl0ZSUzQiUyMiUyMHR5cGUlM0QlMjJidXR0b24lMjIlM0VTVVNDUiVDMyU4REJFVEUlM0MlMkZidXR0b24lM0UlMEElMjAlMjAlMjAlMjAlMjAlMjAlMjAlMjAlM0MlMkZkaXYlM0UlMEElMjAlMjAlMjAlMjAlMjAlMjAlM0MlMkZkaXYlM0U=[\/vc_raw_html][\/vc_column][\/vc_row]<\/p>\n<\/div>","protected":false},"excerpt":{"rendered":"<p>[vc_row type=\u00bbfull_width_section\u00bb][vc_column width=\u00bb1\/1&#8243;][rev_slider_vc alias=\u00bbslide-home\u00bb][\/vc_column][\/vc_row][vc_row top_padding=\u00bb100&#8243; bottom_padding=\u00bb80&#8243;][vc_column width=\u00bb1\/1&#8243;][\/vc_column][\/vc_row][vc_row bg_color=\u00bb#f9f9f9&#8243; top_padding=\u00bb100&#8243; bottom_padding=\u00bb80&#8243;][vc_column width=\u00bb1\/2&#8243;][vc_column_text] La buena comunicaci\u00f3n del Puerto de Badalona y el hecho de ser un puerto urbano de una ciudad que ejerce la capitalidad en el Barcelon\u00e9s Norte y en el Bajo Maresme nutre las posibilidades de negocio en el recinto. El nuevo plan de usos, que estar\u00e1 terminado a lo largo del 2022, actualiza la reserva de los espacios, aumentando y flexibilizando los usos destinados a servicios n\u00e1uticos, de formaci\u00f3n y tur\u00edstico-deportivo. El enclave del Puerto en un espacio de renovaci\u00f3n y centralidad conectado a la trama urbana y a viales interurbanos ampl\u00eda el p\u00fablico n\u00e1utico a clientes de Badalona y a ciudadanos y ciudadanas del \u00e1rea de influencia metropolitana, e internacional. Es decir, que la oferta comercial del Puerto est\u00e1 orientada a dar servicio a los\u00a0amarristas\u00a0y tambi\u00e9n a todo el mundo que lo adopte como espacio de trabajo, desde la perspectiva de la Econom\u00eda Azul, con m\u00faltiples posibilidades. [\/vc_column_text][\/vc_column][vc_column width=\u00bb1\/2&#8243;][\/vc_column][\/vc_row][vc_row top_padding=\u00bb100&#8243; bottom_padding=\u00bb80&#8243;][vc_column width=\u00bb1\/1&#8243;][\/vc_column][\/vc_row][vc_row section_arrow=\u00bbfalse\u00bb top_padding=\u00bb0&#8243; bottom_padding=\u00bb100&#8243; bg_position=\u00bbleft top\u00bb][vc_column width=\u00bb1\/3&#8243;][\/vc_column][vc_column width=\u00bb1\/3&#8243;][\/vc_column][vc_column width=\u00bb1\/3&#8243;][\/vc_column][\/vc_row][vc_row type=\u00bbfull_width_section\u00bb][vc_column width=\u00bb1\/3&#8243;][\/vc_column][vc_column width=\u00bb1\/3&#8243;][\/vc_column][vc_column width=\u00bb1\/3&#8243;][\/vc_column][\/vc_row][vc_row bg_color=\u00bb#f4f4f4&#8243; top_padding=\u00bb80&#8243; bottom_padding=\u00bb80&#8243;][vc_column bg_color=\u00bb#f4f4f4&#8243; width=\u00bb1\/1&#8243;][vc_column_text el_class=\u00bbpopmake-17508&#8243;] [\/vc_column_text][\/vc_column][\/vc_row][vc_row bg_color=\u00bb#00a7e0&#8243; top_padding=\u00bb30&#8243;][vc_column width=\u00bb1\/1&#8243;][vc_raw_html]JTNDZGl2JTNFJTBBJTIwJTIwJTIwJTIwJTIwJTIwJTNDZGl2JTNFJTBBJTIwJTIwJTIwJTIwJTIwJTIwJTIwJTIwJTNDaDElMjBzdHlsZSUzRCUyMmZvbnQtZmFtaWx5JTNBJTI3TW9udHNlcnJhdCUyNyUyQ0FyaWFsJTJDSGVsdmV0aWNhJTJDc2Fucy1zZXJpZiUzQiUyMHRleHQtYWxpZ24lM0FjZW50ZXIlM0IlMjBjb2xvciUzQXdoaXRlJTNCJTIyJTNFJUMzJTlBTkVURSUyMEElMjBOVUVTVFJBJTIwTkVXU0xFVFRFUiUzQyUyRmgxJTNFJTBBJTIwJTIwJTIwJTIwJTIwJTIwJTIwJTIwJTNDcCUyMHN0eWxlJTNEJTIyZm9udC1mYW1pbHklM0ElMjdNb250c2VycmF0JTI3JTJDQXJpYWwlMkNIZWx2ZXRpY2ElMkNzYW5zLXNlcmlmJTNCJTIwdGV4dC1hbGlnbiUzQWNlbnRlciUzQiUyMGNvbG9yJTNBd2hpdGUlM0IlMjIlM0VDb25vY2UlMjBsYXMlMjBub3ZlZGFkZXMlMjBhbnRlcyUyMHF1ZSUyMG5hZGllJTJDJTIwZW50JUMzJUE5cmF0ZSUyMGRlJTIwbnVldm9zJTIwZXZlbnRvcyUyMHklMjBkZSUyMG11Y2hvJTIwbSVDMyVBMXMlM0MlMkZwJTNFJTBBJTIwJTIwJTIwJTIwJTIwJTIwJTNDJTJGZGl2JTNFJTBBJTIwJTIwJTIwJTIwJTNDJTJGZGl2JTNF[\/vc_raw_html][\/vc_column][\/vc_row][vc_row bg_color=\u00bb#00a7e0&#8243; bottom_padding=\u00bb15&#8243;][vc_column width=\u00bb1\/1&#8243;][vc_raw_html el_class=\u00bbpopmake-20395&#8243;]JTNDZGl2JTNFJTBBJTIwJTIwJTIwJTIwJTIwJTIwJTIwJTIwJTNDZGl2JTIwc3R5bGUlM0QlMjJtYXJnaW4tdG9wJTNBMjBweCUzQiUyMHRleHQtYWxpZ24lM0FjZW50ZXIlM0IlMjIlM0UlMEElMjAlMjAlMjAlMjAlMjAlMjAlMjAlMjAlMjAlMjAlM0NidXR0b24lMjBzdHlsZSUzRCUyMndpZHRoJTNBNTAlMjUlM0IlMjBwYWRkaW5nJTNBMTVweCUyMDIwcHglM0IlMjBib3JkZXItcmFkaXVzJTNBMjVweCUzQiUyMGJhY2tncm91bmQtY29sb3IlM0F3aGl0ZSUzQiUyMGNvbG9yJTNBJTIzMDBhN2UwJTNCJTIwZm9udC13ZWlnaHQlM0Fib2xkJTNCJTIwYm9yZGVyJTNBMXB4JTIwc29saWQlMjB3aGl0ZSUzQiUyMiUyMHR5cGUlM0QlMjJidXR0b24lMjIlM0VTVVNDUiVDMyU4REJFVEUlM0MlMkZidXR0b24lM0UlMEElMjAlMjAlMjAlMjAlMjAlMjAlMjAlMjAlM0MlMkZkaXYlM0UlMEElMjAlMjAlMjAlMjAlMjAlMjAlM0MlMkZkaXYlM0U=[\/vc_raw_html][\/vc_column][\/vc_row]<\/p>\n","protected":false},"author":1,"featured_media":0,"parent":0,"menu_order":0,"comment_status":"open","ping_status":"closed","template":"","meta":{"footnotes":""},"class_list":["post-21122","page","type-page","status-publish","hentry"],"_links":{"self":[{"href":"https:\/\/marinabadalona.cat\/es\/wp-json\/wp\/v2\/pages\/21122","targetHints":{"allow":["GET"]}}],"collection":[{"href":"https:\/\/marinabadalona.cat\/es\/wp-json\/wp\/v2\/pages"}],"about":[{"href":"https:\/\/marinabadalona.cat\/es\/wp-json\/wp\/v2\/types\/page"}],"author":[{"embeddable":true,"href":"https:\/\/marinabadalona.cat\/es\/wp-json\/wp\/v2\/users\/1"}],"replies":[{"embeddable":true,"href":"https:\/\/marinabadalona.cat\/es\/wp-json\/wp\/v2\/comments?post=21122"}],"version-history":[{"count":0,"href":"https:\/\/marinabadalona.cat\/es\/wp-json\/wp\/v2\/pages\/21122\/revisions"}],"wp:attachment":[{"href":"https:\/\/marinabadalona.cat\/es\/wp-json\/wp\/v2\/media?parent=21122"}],"curies":[{"name":"wp","href":"https:\/\/api.w.org\/{rel}","templated":true}]}}