
{"id":21127,"date":"2021-12-22T10:48:36","date_gmt":"2021-12-22T10:48:36","guid":{"rendered":"https:\/\/novaweb.marinabadalona.cat\/es\/nou-espai-c-al-moll-capitania\/"},"modified":"2023-07-03T12:23:37","modified_gmt":"2023-07-03T10:23:37","slug":"espacio-c-moll-de-capitania","status":"publish","type":"page","link":"https:\/\/marinabadalona.cat\/es\/espacio-c-moll-de-capitania\/","title":{"rendered":"ESPACIO C MOLL DE CAPITAN\u00cdA"},"content":{"rendered":"<div class=\"wpb-content-wrapper\"><p>[vc_row type=\u00bbfull_width_section\u00bb][vc_column width=\u00bb1\/1&#8243;][rev_slider_vc alias=\u00bbslide-home\u00bb][\/vc_column][\/vc_row][vc_row top_padding=\u00bb100&#8243; bottom_padding=\u00bb80&#8243;][vc_column width=\u00bb1\/1&#8243;]<h1 class=\"headline font-special fontsize-xxxl fontweight-500 lh-inherit align-center transform-uppercase \" style=\"margin: 0 0 00px 0;\">EL MEJOR LUGAR PARA TU NEGOCIO<\/h1><div class=\"headline font-special fontsize-l fontweight-400 lh-inherit align-center transform-inherit \" style=\"margin: 0 0 00px 0; color: #999999;\">T\u00da TIENES LA IDEA Y NOSOTROS EL ESPACIO PARA LLEVARLA A CABO.<br \/>\nDESCUBRE TODAS LAS OPCIONES.<\/div>[\/vc_column][\/vc_row][vc_row bg_color=\u00bb#f9f9f9&#8243; top_padding=\u00bb100&#8243; bottom_padding=\u00bb80&#8243;][vc_column width=\u00bb1\/2&#8243;]<h3 class=\"headline font-special fontsize-l fontweight-700 lh-inherit align-left transform-uppercase \" style=\"margin: 0 0 20px 0;\">ESPACIO C MOLL DE CAPITANIA<\/h3>[vc_column_text]<\/p>\n<p style=\"text-align: justify;\">El Espacio C del Muelle de Capitan\u00eda responde a la necesidad de ampliar los espacios destinados a usos vinculados con la n\u00e1utica. Se trata de un m\u00f3dulo de 475 m\u00b2 en planta, estructurado en 2 espacios diferenciados de\u00a0226m2\u00a0y de\u00a0187m2\u00a0que dispondr\u00e1n tambi\u00e9n de 10 amarres de nueva creaci\u00f3n en el Muelle de Capitan\u00eda y a la exposici\u00f3n de embarcaciones en la terraza adjunta. Se completa con un espacio de\u00a060m2\u00a0destinado a la restauraci\u00f3n para dotar de oferta\u00a0gastron\u00f3mica\u00a0este Muelle.<\/p>\n<p style=\"text-align: justify;\">El Espacio C del Moll de Capitan\u00eda tiene una ubicaci\u00f3n privilegiada, de m\u00e1xima exposici\u00f3n: en el itinerario de tr\u00e1fico de las personas usuarias al Edificio de Capitan\u00eda, de gran visibilizaci\u00f3n en el canal de acceso a la rampa y en el \u00e1rea t\u00e9cnica y varadero y, evidentemente, identificable desde la\u00a0bocana\u00a0del Puerto.<\/p>\n<p>[\/vc_column_text][\/vc_column][vc_column width=\u00bb1\/2&#8243;]<div class=\"single_image wpb_content_element align-center    \" data-animation=\"none\" data-delay=\"0\"><img loading=\"lazy\" decoding=\"async\" width=\"1000\" height=\"1000\" src=\"https:\/\/marinabadalona.cat\/wp-content\/uploads\/2022\/01\/espai-c-moll-de-capitania.jpg\" class=\"attachment-full\" alt=\"\" title=\"espai-c-moll-de-capitania\" srcset=\"https:\/\/marinabadalona.cat\/wp-content\/uploads\/2022\/01\/espai-c-moll-de-capitania.jpg 1000w, https:\/\/marinabadalona.cat\/wp-content\/uploads\/2022\/01\/espai-c-moll-de-capitania-300x300.jpg 300w, https:\/\/marinabadalona.cat\/wp-content\/uploads\/2022\/01\/espai-c-moll-de-capitania-150x150.jpg 150w, https:\/\/marinabadalona.cat\/wp-content\/uploads\/2022\/01\/espai-c-moll-de-capitania-768x768.jpg 768w, https:\/\/marinabadalona.cat\/wp-content\/uploads\/2022\/01\/espai-c-moll-de-capitania-80x80.jpg 80w, https:\/\/marinabadalona.cat\/wp-content\/uploads\/2022\/01\/espai-c-moll-de-capitania-500x500.jpg 500w, https:\/\/marinabadalona.cat\/wp-content\/uploads\/2022\/01\/espai-c-moll-de-capitania-600x600.jpg 600w, https:\/\/marinabadalona.cat\/wp-content\/uploads\/2022\/01\/espai-c-moll-de-capitania-100x100.jpg 100w\" sizes=\"auto, (max-width: 1000px) 100vw, 1000px\" \/><\/div>[\/vc_column][\/vc_row][vc_row top_padding=\u00bb100&#8243; bottom_padding=\u00bb80&#8243;][vc_column width=\u00bb1\/1&#8243;]<h1 class=\"headline font-special fontsize-xxxl fontweight-500 lh-inherit align-center transform-uppercase \" style=\"margin: 0 0 00px 0;\">M\u00c1S ESPACIOS N\u00c1UTICOS, M\u00c1S ECONOM\u00cdA AZUL<\/h1><div class=\"headline font-special fontsize-l fontweight-400 lh-inherit align-center transform-inherit \" style=\"margin: 0 0 00px 0; color: #999999;\">SUMAMOS ESPACIOS VINCULADOS A AMARRES<\/div>[\/vc_column][\/vc_row][vc_row section_arrow=\u00bbfalse\u00bb top_padding=\u00bb0&#8243; bottom_padding=\u00bb100&#8243; bg_position=\u00bbleft top\u00bb][vc_column width=\u00bb1\/3&#8243;]<div class=\"iconbox  wpb_content_element iconbox-style-2 icon-color-accent color-dark clearfix\"><div class=\"iconbox-icon\"><img src='https:\/\/marinabadalona.cat\/wp-content\/uploads\/2021\/12\/ubicacion-1.png' class='iconimg' alt='UBICACI\u00d3N' \/><\/div><div class=\"iconbox-content\"><h3>UBICACI\u00d3N<\/h3><p>El Espacio C del Muelle de Capitan\u00eda responde a la necesidad de ampliar los espacios destinados a usos vinculados con la n\u00e1utica situados inicialmente en el Muelle de Ribera.<\/p><\/div><\/div><div class=\"spacer\" style=\"height: 10px;\"><\/div><div class=\"iconbox  wpb_content_element iconbox-style-2 icon-color-accent color-dark clearfix\"><div class=\"iconbox-icon\"><img src='https:\/\/marinabadalona.cat\/wp-content\/uploads\/2021\/12\/visibilitzar.png' class='iconimg' alt='VISIBILIZACI\u00d3N' \/><\/div><div class=\"iconbox-content\"><h3>VISIBILIZACI\u00d3N<\/h3><p>El Espacio C del Muelle de Capitan\u00eda tiene una ubicaci\u00f3n privilegiada, de m\u00e1xima exposici\u00f3n: en el itinerario de tr\u00e1fico de las personas usuarias en el Edificio de Capitan\u00eda, de gran visibilizaci\u00f3n en el canal de acceso a la rampa y en el \u00e1rea t\u00e9cnica y, evidentemente, perceptible desde la\u00a0bocana\u00a0del Puerto.<\/p><\/div><\/div>[\/vc_column][vc_column width=\u00bb1\/3&#8243;]<div class=\"iconbox  wpb_content_element iconbox-style-2 icon-color-accent color-dark clearfix\"><div class=\"iconbox-icon\"><img src='https:\/\/marinabadalona.cat\/wp-content\/uploads\/2021\/12\/superficie.png' class='iconimg' alt='SUPERFICIE' \/><\/div><div class=\"iconbox-content\"><h3>SUPERFICIE<\/h3><p>Se trata de un m\u00f3dulo de 475 m\u00b2 en planta, estructurado en 2 espacios diferenciados de\u00a0226m2\u00a0y de\u00a0187m2\u00a0vinculados a 10 amarres de nueva creaci\u00f3n en el Muelle de Capitan\u00eda y a la exposici\u00f3n de embarcaciones en la terraza adjunta.<\/p><\/div><\/div><div class=\"spacer\" style=\"height: 10px;\"><\/div><div class=\"iconbox  wpb_content_element iconbox-style-2 icon-color-accent color-dark clearfix\"><div class=\"iconbox-icon\"><i class=\"fa sl-bag boxicon\" style=\"\"><\/i><\/div><div class=\"iconbox-content\"><h3>LOCALES LIBRES<\/h3><div class=\"iconbox wpb_content_element iconbox-style-2 icon-color-accent color-dark clearfix\">\n<div class=\"iconbox-content\">\n<p>Disponibilidad. Consulta que espacios te puede ofrecer esta ubicaci\u00f3n.<\/p>\n<\/div>\n<\/div><\/div><\/div>[\/vc_column][vc_column width=\u00bb1\/3&#8243;]<div class=\"iconbox  wpb_content_element iconbox-style-2 icon-color-accent color-dark clearfix\"><div class=\"iconbox-icon\"><img src='https:\/\/marinabadalona.cat\/wp-content\/uploads\/2021\/12\/restauracio.png' class='iconimg' alt='RESTAURACI\u00d3N' \/><\/div><div class=\"iconbox-content\"><h3>RESTAURACI\u00d3N<\/h3><p>Se completa con un espacio de\u00a060m2\u00a0destinado a la restauraci\u00f3n para dotar de oferta gastron\u00f3mica este Muelle.<\/p><\/div><\/div><div class=\"spacer\" style=\"height: 10px;\"><\/div>[\/vc_column][\/vc_row][vc_row type=\u00bbfull_width_section\u00bb][vc_column width=\u00bb1\/3&#8243;]<div class=\"single_image wpb_content_element align-left    \" data-animation=\"none\" data-delay=\"0\"><img loading=\"lazy\" decoding=\"async\" width=\"1000\" height=\"1000\" src=\"https:\/\/marinabadalona.cat\/wp-content\/uploads\/2021\/12\/moll-c-capitania-marina-badalona-2.jpg\" class=\"attachment-full\" alt=\"\" title=\"moll-c-capitania-marina-badalona-2\" srcset=\"https:\/\/marinabadalona.cat\/wp-content\/uploads\/2021\/12\/moll-c-capitania-marina-badalona-2.jpg 1000w, https:\/\/marinabadalona.cat\/wp-content\/uploads\/2021\/12\/moll-c-capitania-marina-badalona-2-300x300.jpg 300w, https:\/\/marinabadalona.cat\/wp-content\/uploads\/2021\/12\/moll-c-capitania-marina-badalona-2-150x150.jpg 150w, https:\/\/marinabadalona.cat\/wp-content\/uploads\/2021\/12\/moll-c-capitania-marina-badalona-2-768x768.jpg 768w, https:\/\/marinabadalona.cat\/wp-content\/uploads\/2021\/12\/moll-c-capitania-marina-badalona-2-80x80.jpg 80w, https:\/\/marinabadalona.cat\/wp-content\/uploads\/2021\/12\/moll-c-capitania-marina-badalona-2-500x500.jpg 500w, https:\/\/marinabadalona.cat\/wp-content\/uploads\/2021\/12\/moll-c-capitania-marina-badalona-2-600x600.jpg 600w, https:\/\/marinabadalona.cat\/wp-content\/uploads\/2021\/12\/moll-c-capitania-marina-badalona-2-100x100.jpg 100w\" sizes=\"auto, (max-width: 1000px) 100vw, 1000px\" \/><\/div>[\/vc_column][vc_column width=\u00bb1\/3&#8243;]<div class=\"single_image wpb_content_element align-left    \" data-animation=\"none\" data-delay=\"0\"><img loading=\"lazy\" decoding=\"async\" width=\"1000\" height=\"1000\" src=\"https:\/\/marinabadalona.cat\/wp-content\/uploads\/2021\/12\/moll-c-capitania-marina-badalona-4.jpg\" class=\"attachment-full\" alt=\"\" title=\"moll-c-capitania-marina-badalona-4\" srcset=\"https:\/\/marinabadalona.cat\/wp-content\/uploads\/2021\/12\/moll-c-capitania-marina-badalona-4.jpg 1000w, https:\/\/marinabadalona.cat\/wp-content\/uploads\/2021\/12\/moll-c-capitania-marina-badalona-4-300x300.jpg 300w, https:\/\/marinabadalona.cat\/wp-content\/uploads\/2021\/12\/moll-c-capitania-marina-badalona-4-150x150.jpg 150w, https:\/\/marinabadalona.cat\/wp-content\/uploads\/2021\/12\/moll-c-capitania-marina-badalona-4-768x768.jpg 768w, https:\/\/marinabadalona.cat\/wp-content\/uploads\/2021\/12\/moll-c-capitania-marina-badalona-4-80x80.jpg 80w, https:\/\/marinabadalona.cat\/wp-content\/uploads\/2021\/12\/moll-c-capitania-marina-badalona-4-500x500.jpg 500w, https:\/\/marinabadalona.cat\/wp-content\/uploads\/2021\/12\/moll-c-capitania-marina-badalona-4-600x600.jpg 600w, https:\/\/marinabadalona.cat\/wp-content\/uploads\/2021\/12\/moll-c-capitania-marina-badalona-4-100x100.jpg 100w\" sizes=\"auto, (max-width: 1000px) 100vw, 1000px\" \/><\/div>[\/vc_column][vc_column width=\u00bb1\/3&#8243;]<div class=\"single_image wpb_content_element align-left    \" data-animation=\"none\" data-delay=\"0\"><img decoding=\"async\" class=\"\" src=\"https:\/\/marinabadalona.cat\/wp-content\/uploads\/2021\/12\/moll-c-capitania-marina-badalona-5.jpg\" width=\"1000\" height=\"1000\" alt=\"moll-c-capitania-marina-badalona-5\" title=\"moll-c-capitania-marina-badalona-5\" loading=\"lazy\" \/><\/div>[\/vc_column][\/vc_row][vc_row bg_color=\u00bb#00a7e0&#8243; text_color=\u00bblight\u00bb top_padding=\u00bb80&#8243; bottom_padding=\u00bb80&#8243;][vc_column bg_color=\u00bb#00a7e0&#8243; width=\u00bb1\/1&#8243;]<h1 class=\"headline font-special fontsize-xxxl fontweight-400 lh-inherit align-center transform-uppercase \" style=\"margin: 0 0 20px 0;\">Marina Badalona<br \/>\n\u00bfTe ayudamos?<\/p>\n<\/h1>[vc_column_text el_class=\u00bbpopmake-17508&#8243;]<\/p>\n<p style=\"text-align: center;\"><a href=\"https:\/\/marinabadalona.cat\/es\/contacto\/\" target=\"_self\" class=\"button color-8 medium \" style=\"border-radius: 2px;\"><i class='fa fa-phone'><\/i>\u00a1Cont\u00e1ctanos!<\/a>\n<p>[\/vc_column_text][\/vc_column][\/vc_row][vc_row bg_color=\u00bb#f4f4f4&#8243; top_padding=\u00bb30&#8243;][vc_column width=\u00bb1\/1&#8243;][vc_raw_html]JTNDZGl2JTNFJTBBJTIwJTIwJTIwJTIwJTIwJTIwJTNDZGl2JTNFJTBBJTIwJTIwJTIwJTIwJTIwJTIwJTIwJTIwJTNDaDElMjBzdHlsZSUzRCUyMmZvbnQtZmFtaWx5JTNBJTI3TW9udHNlcnJhdCUyNyUyQ0FyaWFsJTJDSGVsdmV0aWNhJTJDc2Fucy1zZXJpZiUzQiUyMHRleHQtYWxpZ24lM0FjZW50ZXIlM0IlMjBjb2xvciUzQWJsYWNrJTNCJTIyJTNFJUMzJTlBTkVURSUyMEElMjBOVUVTVFJBJTIwTkVXU0xFVFRFUiUzQyUyRmgxJTNFJTBBJTIwJTIwJTIwJTIwJTIwJTIwJTIwJTIwJTNDcCUyMHN0eWxlJTNEJTIyZm9udC1mYW1pbHklM0ElMjdNb250c2VycmF0JTI3JTJDQXJpYWwlMkNIZWx2ZXRpY2ElMkNzYW5zLXNlcmlmJTNCJTIwdGV4dC1hbGlnbiUzQWNlbnRlciUzQiUyMGNvbG9yJTNBYmxhY2slM0IlMjIlM0VDb25vY2UlMjBsYXMlMjBub3ZlZGFkZXMlMjBhbnRlcyUyMHF1ZSUyMG5hZGllJTJDJTIwZW50JUMzJUE5cmF0ZSUyMGRlJTIwbnVldm9zJTIwZXZlbnRvcyUyMHklMjBkZSUyMG11Y2hvJTIwbSVDMyVBMXMlM0MlMkZwJTNFJTBBJTIwJTIwJTIwJTIwJTIwJTIwJTNDJTJGZGl2JTNFJTBBJTIwJTIwJTIwJTIwJTNDJTJGZGl2JTNF[\/vc_raw_html][\/vc_column][\/vc_row][vc_row bg_color=\u00bb#f4f4f4&#8243; bottom_padding=\u00bb15&#8243;][vc_column width=\u00bb1\/1&#8243;][vc_raw_html el_class=\u00bbpopmake-20395&#8243;]JTNDZGl2JTNFJTBBJTIwJTIwJTIwJTIwJTIwJTIwJTIwJTIwJTNDZGl2JTIwc3R5bGUlM0QlMjJtYXJnaW4tdG9wJTNBMjBweCUzQiUyMHRleHQtYWxpZ24lM0FjZW50ZXIlM0IlMjIlM0UlMEElMjAlMjAlMjAlMjAlMjAlMjAlMjAlMjAlMjAlMjAlM0NidXR0b24lMjBzdHlsZSUzRCUyMndpZHRoJTNBNTAlMjUlM0IlMjBwYWRkaW5nJTNBMTVweCUyMDIwcHglM0IlMjBib3JkZXItcmFkaXVzJTNBMjVweCUzQiUyMGJhY2tncm91bmQtY29sb3IlM0FibGFjayUzQiUyMGNvbG9yJTNBJTIzZjRmNGY0JTNCJTIwZm9udC13ZWlnaHQlM0Fib2xkJTNCJTIwYm9yZGVyJTNBMXB4JTIwc29saWQlMjBibGFjayUzQiUyMiUyMHR5cGUlM0QlMjJidXR0b24lMjIlM0VTVVNDUiVDMyU4REJFVEUlM0MlMkZidXR0b24lM0UlMEElMjAlMjAlMjAlMjAlMjAlMjAlMjAlMjAlM0MlMkZkaXYlM0UlMEElMjAlMjAlMjAlMjAlMjAlMjAlM0MlMkZkaXYlM0U=[\/vc_raw_html][\/vc_column][\/vc_row]<\/p>\n<\/div>","protected":false},"excerpt":{"rendered":"<p>[vc_row type=\u00bbfull_width_section\u00bb][vc_column width=\u00bb1\/1&#8243;][rev_slider_vc alias=\u00bbslide-home\u00bb][\/vc_column][\/vc_row][vc_row top_padding=\u00bb100&#8243; bottom_padding=\u00bb80&#8243;][vc_column width=\u00bb1\/1&#8243;][\/vc_column][\/vc_row][vc_row bg_color=\u00bb#f9f9f9&#8243; top_padding=\u00bb100&#8243; bottom_padding=\u00bb80&#8243;][vc_column width=\u00bb1\/2&#8243;][vc_column_text] El Espacio C del Muelle de Capitan\u00eda responde a la necesidad de ampliar los espacios destinados a usos vinculados con la n\u00e1utica. Se trata de un m\u00f3dulo de 475 m\u00b2 en planta, estructurado en 2 espacios diferenciados de\u00a0226m2\u00a0y de\u00a0187m2\u00a0que dispondr\u00e1n tambi\u00e9n de 10 amarres de nueva creaci\u00f3n en el Muelle de Capitan\u00eda y a la exposici\u00f3n de embarcaciones en la terraza adjunta. Se completa con un espacio de\u00a060m2\u00a0destinado a la restauraci\u00f3n para dotar de oferta\u00a0gastron\u00f3mica\u00a0este Muelle. El Espacio C del Moll de Capitan\u00eda tiene una ubicaci\u00f3n privilegiada, de m\u00e1xima exposici\u00f3n: en el itinerario de tr\u00e1fico de las personas usuarias al Edificio de Capitan\u00eda, de gran visibilizaci\u00f3n en el canal de acceso a la rampa y en el \u00e1rea t\u00e9cnica y varadero y, evidentemente, identificable desde la\u00a0bocana\u00a0del Puerto. [\/vc_column_text][\/vc_column][vc_column width=\u00bb1\/2&#8243;][\/vc_column][\/vc_row][vc_row top_padding=\u00bb100&#8243; bottom_padding=\u00bb80&#8243;][vc_column width=\u00bb1\/1&#8243;][\/vc_column][\/vc_row][vc_row section_arrow=\u00bbfalse\u00bb top_padding=\u00bb0&#8243; bottom_padding=\u00bb100&#8243; bg_position=\u00bbleft top\u00bb][vc_column width=\u00bb1\/3&#8243;][\/vc_column][vc_column width=\u00bb1\/3&#8243;][\/vc_column][vc_column width=\u00bb1\/3&#8243;][\/vc_column][\/vc_row][vc_row type=\u00bbfull_width_section\u00bb][vc_column width=\u00bb1\/3&#8243;][\/vc_column][vc_column width=\u00bb1\/3&#8243;][\/vc_column][vc_column width=\u00bb1\/3&#8243;][\/vc_column][\/vc_row][vc_row bg_color=\u00bb#00a7e0&#8243; text_color=\u00bblight\u00bb top_padding=\u00bb80&#8243; bottom_padding=\u00bb80&#8243;][vc_column bg_color=\u00bb#00a7e0&#8243; width=\u00bb1\/1&#8243;][vc_column_text el_class=\u00bbpopmake-17508&#8243;] [\/vc_column_text][\/vc_column][\/vc_row][vc_row bg_color=\u00bb#f4f4f4&#8243; top_padding=\u00bb30&#8243;][vc_column width=\u00bb1\/1&#8243;][vc_raw_html]JTNDZGl2JTNFJTBBJTIwJTIwJTIwJTIwJTIwJTIwJTNDZGl2JTNFJTBBJTIwJTIwJTIwJTIwJTIwJTIwJTIwJTIwJTNDaDElMjBzdHlsZSUzRCUyMmZvbnQtZmFtaWx5JTNBJTI3TW9udHNlcnJhdCUyNyUyQ0FyaWFsJTJDSGVsdmV0aWNhJTJDc2Fucy1zZXJpZiUzQiUyMHRleHQtYWxpZ24lM0FjZW50ZXIlM0IlMjBjb2xvciUzQWJsYWNrJTNCJTIyJTNFJUMzJTlBTkVURSUyMEElMjBOVUVTVFJBJTIwTkVXU0xFVFRFUiUzQyUyRmgxJTNFJTBBJTIwJTIwJTIwJTIwJTIwJTIwJTIwJTIwJTNDcCUyMHN0eWxlJTNEJTIyZm9udC1mYW1pbHklM0ElMjdNb250c2VycmF0JTI3JTJDQXJpYWwlMkNIZWx2ZXRpY2ElMkNzYW5zLXNlcmlmJTNCJTIwdGV4dC1hbGlnbiUzQWNlbnRlciUzQiUyMGNvbG9yJTNBYmxhY2slM0IlMjIlM0VDb25vY2UlMjBsYXMlMjBub3ZlZGFkZXMlMjBhbnRlcyUyMHF1ZSUyMG5hZGllJTJDJTIwZW50JUMzJUE5cmF0ZSUyMGRlJTIwbnVldm9zJTIwZXZlbnRvcyUyMHklMjBkZSUyMG11Y2hvJTIwbSVDMyVBMXMlM0MlMkZwJTNFJTBBJTIwJTIwJTIwJTIwJTIwJTIwJTNDJTJGZGl2JTNFJTBBJTIwJTIwJTIwJTIwJTNDJTJGZGl2JTNF[\/vc_raw_html][\/vc_column][\/vc_row][vc_row bg_color=\u00bb#f4f4f4&#8243; bottom_padding=\u00bb15&#8243;][vc_column width=\u00bb1\/1&#8243;][vc_raw_html el_class=\u00bbpopmake-20395&#8243;]JTNDZGl2JTNFJTBBJTIwJTIwJTIwJTIwJTIwJTIwJTIwJTIwJTNDZGl2JTIwc3R5bGUlM0QlMjJtYXJnaW4tdG9wJTNBMjBweCUzQiUyMHRleHQtYWxpZ24lM0FjZW50ZXIlM0IlMjIlM0UlMEElMjAlMjAlMjAlMjAlMjAlMjAlMjAlMjAlMjAlMjAlM0NidXR0b24lMjBzdHlsZSUzRCUyMndpZHRoJTNBNTAlMjUlM0IlMjBwYWRkaW5nJTNBMTVweCUyMDIwcHglM0IlMjBib3JkZXItcmFkaXVzJTNBMjVweCUzQiUyMGJhY2tncm91bmQtY29sb3IlM0FibGFjayUzQiUyMGNvbG9yJTNBJTIzZjRmNGY0JTNCJTIwZm9udC13ZWlnaHQlM0Fib2xkJTNCJTIwYm9yZGVyJTNBMXB4JTIwc29saWQlMjBibGFjayUzQiUyMiUyMHR5cGUlM0QlMjJidXR0b24lMjIlM0VTVVNDUiVDMyU4REJFVEUlM0MlMkZidXR0b24lM0UlMEElMjAlMjAlMjAlMjAlMjAlMjAlMjAlMjAlM0MlMkZkaXYlM0UlMEElMjAlMjAlMjAlMjAlMjAlMjAlM0MlMkZkaXYlM0U=[\/vc_raw_html][\/vc_column][\/vc_row]<\/p>\n","protected":false},"author":1,"featured_media":0,"parent":0,"menu_order":0,"comment_status":"open","ping_status":"closed","template":"","meta":{"footnotes":""},"class_list":["post-21127","page","type-page","status-publish","hentry"],"_links":{"self":[{"href":"https:\/\/marinabadalona.cat\/es\/wp-json\/wp\/v2\/pages\/21127","targetHints":{"allow":["GET"]}}],"collection":[{"href":"https:\/\/marinabadalona.cat\/es\/wp-json\/wp\/v2\/pages"}],"about":[{"href":"https:\/\/marinabadalona.cat\/es\/wp-json\/wp\/v2\/types\/page"}],"author":[{"embeddable":true,"href":"https:\/\/marinabadalona.cat\/es\/wp-json\/wp\/v2\/users\/1"}],"replies":[{"embeddable":true,"href":"https:\/\/marinabadalona.cat\/es\/wp-json\/wp\/v2\/comments?post=21127"}],"version-history":[{"count":1,"href":"https:\/\/marinabadalona.cat\/es\/wp-json\/wp\/v2\/pages\/21127\/revisions"}],"predecessor-version":[{"id":35957,"href":"https:\/\/marinabadalona.cat\/es\/wp-json\/wp\/v2\/pages\/21127\/revisions\/35957"}],"wp:attachment":[{"href":"https:\/\/marinabadalona.cat\/es\/wp-json\/wp\/v2\/media?parent=21127"}],"curies":[{"name":"wp","href":"https:\/\/api.w.org\/{rel}","templated":true}]}}