
{"id":21157,"date":"2021-12-22T10:52:43","date_gmt":"2021-12-22T10:52:43","guid":{"rendered":"https:\/\/novaweb.marinabadalona.cat\/es\/espais-esdeveniments-rodatges\/"},"modified":"2024-03-15T13:33:14","modified_gmt":"2024-03-15T12:33:14","slug":"espacios-para-eventos-y-rodajes-publicitarios","status":"publish","type":"page","link":"https:\/\/marinabadalona.cat\/es\/espacios-para-eventos-y-rodajes-publicitarios\/","title":{"rendered":"ESPACIOS PARA EVENTOS Y RODAJES PUBLICITARIOS"},"content":{"rendered":"<div class=\"wpb-content-wrapper\"><p>[vc_row type=\u00bbfull_width_section\u00bb][vc_column width=\u00bb1\/1&#8243;][rev_slider_vc alias=\u00bbslide-home\u00bb][\/vc_column][\/vc_row][vc_row top_padding=\u00bb100&#8243; bottom_padding=\u00bb80&#8243;][vc_column width=\u00bb1\/1&#8243;]<h1 class=\"headline font-special fontsize-xxxl fontweight-500 lh-inherit align-center transform-uppercase \" style=\"margin: 0 0 00px 0;\">ESPACIOS PARA EVENTOS Y RODAJES PUBLICITARIOS<\/h1><div class=\"headline font-special fontsize-l fontweight-400 lh-inherit align-center transform-inherit \" style=\"margin: 0 0 00px 0; color: #999999;\">T\u00da TIENES LA IDEA Y NOSOTROS EL ESPACIO PARA LLEVARLA A CABO.<br \/>\nDESCUBRE TODAS LAS OPCIONES.<\/div>[\/vc_column][\/vc_row][vc_row bg_color=\u00bb#f9f9f9&#8243; top_padding=\u00bb100&#8243; bottom_padding=\u00bb80&#8243;][vc_column width=\u00bb1\/2&#8243;]<h3 class=\"headline font-special fontsize-l fontweight-700 lh-inherit align-left transform-uppercase \" style=\"margin: 0 0 20px 0;\">ESPACIOS PARA EVENTOS Y RODAJES PUBLICITARIOS<\/h3>[vc_column_text]<\/p>\n<p style=\"text-align: justify;\">La buena comunicaci\u00f3n del Puerto de Badalona y el hecho de convertirse en un puerto urbano de una ciudad que ejerce la capitalidad en el Barcelon\u00e8s Nord y en el Baix Maresme nutre las posibilidades de negocio en el recinto. El nuevo plan de usos, que estar\u00e1 terminado a lo largo del 2022, actualiza la reserva de los espacios, aumentando y flexibilizando los usos destinados a servicios n\u00e1uticos, de formaci\u00f3n y tur\u00edstico-deportivo. El enclave del Puerto en un espacio de renovaci\u00f3n y centralidad conectado a la trama urbana ya viales interurbanos ampl\u00eda al p\u00fablico n\u00e1utico a clientes de Badalona ya ciudadanos y ciudadanas del \u00e1rea de influencia metropolitana, e internacional. Es decir, que la oferta comercial del Port est\u00e1 orientada a dar servicio a los amarristas y tambi\u00e9n a todo aquel que la adopte como espacio de trabajo, desde la perspectiva de la Econom\u00eda Azul, con m\u00faltiples posibilidades.<\/p>\n<p>[\/vc_column_text][\/vc_column][vc_column width=\u00bb1\/2&#8243;]<div class=\"single_image wpb_content_element align-left    \" data-animation=\"none\" data-delay=\"0\"><img loading=\"lazy\" decoding=\"async\" width=\"1000\" height=\"1000\" src=\"https:\/\/marinabadalona.cat\/wp-content\/uploads\/2022\/01\/espacios-comerciales-rodajes-marinabadalona.jpg\" class=\"attachment-full\" alt=\"\" title=\"espacios-comerciales-rodajes-marinabadalona\" srcset=\"https:\/\/marinabadalona.cat\/wp-content\/uploads\/2022\/01\/espacios-comerciales-rodajes-marinabadalona.jpg 1000w, https:\/\/marinabadalona.cat\/wp-content\/uploads\/2022\/01\/espacios-comerciales-rodajes-marinabadalona-300x300.jpg 300w, https:\/\/marinabadalona.cat\/wp-content\/uploads\/2022\/01\/espacios-comerciales-rodajes-marinabadalona-150x150.jpg 150w, https:\/\/marinabadalona.cat\/wp-content\/uploads\/2022\/01\/espacios-comerciales-rodajes-marinabadalona-768x768.jpg 768w, https:\/\/marinabadalona.cat\/wp-content\/uploads\/2022\/01\/espacios-comerciales-rodajes-marinabadalona-80x80.jpg 80w, https:\/\/marinabadalona.cat\/wp-content\/uploads\/2022\/01\/espacios-comerciales-rodajes-marinabadalona-500x500.jpg 500w, https:\/\/marinabadalona.cat\/wp-content\/uploads\/2022\/01\/espacios-comerciales-rodajes-marinabadalona-600x600.jpg 600w, https:\/\/marinabadalona.cat\/wp-content\/uploads\/2022\/01\/espacios-comerciales-rodajes-marinabadalona-100x100.jpg 100w\" sizes=\"auto, (max-width: 1000px) 100vw, 1000px\" \/><\/div>[\/vc_column][\/vc_row][vc_row top_padding=\u00bb100&#8243; bottom_padding=\u00bb80&#8243;][vc_column width=\u00bb1\/1&#8243;]<h1 class=\"headline font-special fontsize-xxxl fontweight-500 lh-inherit align-center transform-uppercase \" style=\"margin: 0 0 00px 0;\">EL MEJOR PLAT\u00d3 Y ESCENARIO AL AIRE LIBRE<\/h1><div class=\"headline font-special fontsize-l fontweight-400 lh-inherit align-center transform-inherit \" style=\"margin: 0 0 00px 0; color: #999999;\">LUZ, APARCAMIENTO, INTIMIDAD, COMPETITIVIDAD Y FLEXIBILIDAD<\/div>[\/vc_column][\/vc_row][vc_row section_arrow=\u00bbfalse\u00bb top_padding=\u00bb0&#8243; bottom_padding=\u00bb100&#8243; bg_position=\u00bbleft top\u00bb][vc_column width=\u00bb1\/3&#8243;]<div class=\"iconbox  wpb_content_element iconbox-style-2 icon-color-accent color-dark clearfix\"><div class=\"iconbox-icon\"><img src='https:\/\/marinabadalona.cat\/wp-content\/uploads\/2021\/12\/Camera.png' class='iconimg' alt='SESIONES AUDIOVISUALES' \/><\/div><div class=\"iconbox-content\"><h3>SESIONES AUDIOVISUALES<\/h3><p>Disponemos del espacio perfecto tanto para tus acontecimientos y tambi\u00e9n para las grabaciones publicitarias, tanto audiovisuales como para sesiones fotogr\u00e1ficas.<\/p><\/div><\/div><div class=\"spacer\" style=\"height: 10px;\"><\/div><div class=\"iconbox  wpb_content_element iconbox-style-2 icon-color-accent color-dark clearfix\"><div class=\"iconbox-icon\"><img src='https:\/\/marinabadalona.cat\/wp-content\/uploads\/2021\/12\/Diners.png' class='iconimg' alt='COMPETITIVO' \/><\/div><div class=\"iconbox-content\"><h3>COMPETITIVO<\/h3><p>El precio base de la jornada de grabaciones incluye hasta\u00a0500m2\u00a0de espacio y ocupaci\u00f3n y 3 veh\u00edculos vinculados a la acci\u00f3n. La superficie complementaria y el aumento de los veh\u00edculos se tarifar\u00e1 seg\u00fan el precio de este espacio por unidad de m\u00b2 y de acceso portuario.<\/p><\/div><\/div>[\/vc_column][vc_column width=\u00bb1\/3&#8243;]<div class=\"iconbox  wpb_content_element iconbox-style-2 icon-color-accent color-dark clearfix\"><div class=\"iconbox-icon\"><img src='https:\/\/marinabadalona.cat\/wp-content\/uploads\/2021\/12\/Luz.png' class='iconimg' alt='LUZ' \/><\/div><div class=\"iconbox-content\"><h3>LUZ<\/h3><p>La clave del \u00e9xito: la comunicaci\u00f3n, la amplitud y especialmente la luz. Luces y sombras con el mar como fondo y las grandes zonas que caracterizan el recinto portuario para poder desarrollar tu creatividad.<\/p><\/div><\/div><div class=\"spacer\" style=\"height: 10px;\"><\/div><div class=\"iconbox  wpb_content_element iconbox-style-2 icon-color-accent color-dark clearfix\"><div class=\"iconbox-icon\"><img src='https:\/\/marinabadalona.cat\/wp-content\/uploads\/2021\/12\/Formulari-1.png' class='iconimg' alt='FORMULARIO' \/><\/div><div class=\"iconbox-content\"><h3>FORMULARIO<\/h3><p>Cont\u00e1ctanos y te lo pondremos f\u00e1cil. Los permisos los otorga directamente la administraci\u00f3n del Puerto.<\/p><\/div><\/div>[\/vc_column][vc_column width=\u00bb1\/3&#8243;]<div class=\"iconbox  wpb_content_element iconbox-style-2 icon-color-accent color-dark clearfix\"><div class=\"iconbox-icon\"><img src='https:\/\/marinabadalona.cat\/wp-content\/uploads\/2021\/11\/Parking.png' class='iconimg' alt='APARCAMIENTO' \/><\/div><div class=\"iconbox-content\"><h3>APARCAMIENTO<\/h3><p>Sumamos otras facilidades: vestuario, aparcamiento, conexi\u00f3n el\u00e9ctrica y suministro de agua, amplios espacios que funcionan como estudios.<\/p><\/div><\/div><div class=\"spacer\" style=\"height: 10px;\"><\/div>[\/vc_column][\/vc_row][vc_row type=\u00bbfull_width_section\u00bb][vc_column width=\u00bb1\/3&#8243;]<div class=\"single_image wpb_content_element align-left    \" data-animation=\"none\" data-delay=\"0\"><img decoding=\"async\" class=\"\" src=\"https:\/\/marinabadalona.cat\/wp-content\/uploads\/2021\/12\/rodatges-llum-h.jpg\" width=\"704\" height=\"396\" alt=\"rodatges-llum-h\" title=\"rodatges-llum-h\" loading=\"lazy\" \/><\/div>[\/vc_column][vc_column width=\u00bb1\/3&#8243;]<div class=\"single_image wpb_content_element align-left    \" data-animation=\"none\" data-delay=\"0\"><img loading=\"lazy\" decoding=\"async\" width=\"704\" height=\"396\" src=\"https:\/\/marinabadalona.cat\/wp-content\/uploads\/2021\/12\/Rodatges-i-events-marinabadalona-h.jpg\" class=\"attachment-full\" alt=\"\" title=\"Rodatges-i-events-marinabadalona-h\" srcset=\"https:\/\/marinabadalona.cat\/wp-content\/uploads\/2021\/12\/Rodatges-i-events-marinabadalona-h.jpg 704w, https:\/\/marinabadalona.cat\/wp-content\/uploads\/2021\/12\/Rodatges-i-events-marinabadalona-h-300x169.jpg 300w, https:\/\/marinabadalona.cat\/wp-content\/uploads\/2021\/12\/Rodatges-i-events-marinabadalona-h-600x338.jpg 600w\" sizes=\"auto, (max-width: 704px) 100vw, 704px\" \/><\/div>[\/vc_column][vc_column width=\u00bb1\/3&#8243;]<div class=\"single_image wpb_content_element align-left    \" data-animation=\"none\" data-delay=\"0\"><img loading=\"lazy\" decoding=\"async\" width=\"704\" height=\"396\" src=\"https:\/\/marinabadalona.cat\/wp-content\/uploads\/2021\/12\/esdeveniments-h.jpg\" class=\"attachment-full\" alt=\"\" title=\"esdeveniments-h\" srcset=\"https:\/\/marinabadalona.cat\/wp-content\/uploads\/2021\/12\/esdeveniments-h.jpg 704w, https:\/\/marinabadalona.cat\/wp-content\/uploads\/2021\/12\/esdeveniments-h-300x169.jpg 300w, https:\/\/marinabadalona.cat\/wp-content\/uploads\/2021\/12\/esdeveniments-h-600x338.jpg 600w\" sizes=\"auto, (max-width: 704px) 100vw, 704px\" \/><\/div>[\/vc_column][\/vc_row][vc_row bg_color=\u00bb#f4f4f4&#8243; top_padding=\u00bb80&#8243; bottom_padding=\u00bb80&#8243;][vc_column bg_color=\u00bb#f4f4f4&#8243; width=\u00bb1\/1&#8243;]<h1 class=\"headline font-special fontsize-xxxl fontweight-400 lh-inherit align-center transform-uppercase \" style=\"margin: 0 0 20px 0;\">Marina Badalona<br \/>\n\u00bfTe ayudamos?<\/p>\n<\/h1>[vc_column_text el_class=\u00bbpopmake-17508&#8243;]<\/p>\n<p style=\"text-align: center;\"><a href=\"https:\/\/marinabadalona.cat\/es\/contacto\/\" target=\"_self\" class=\"button color-1 medium \" style=\"border-radius: 2px;\"><i class='fa fa-phone'><\/i>\u00a1Cont\u00e1ctanos!<\/a>\n<p>[\/vc_column_text][\/vc_column][\/vc_row][vc_row bg_color=\u00bb#00a7e0&#8243; top_padding=\u00bb30&#8243;][vc_column width=\u00bb1\/1&#8243;][vc_raw_html]JTNDZGl2JTNFJTBBJTIwJTIwJTIwJTIwJTIwJTIwJTNDZGl2JTNFJTBBJTIwJTIwJTIwJTIwJTIwJTIwJTIwJTIwJTNDaDElMjBzdHlsZSUzRCUyMmZvbnQtZmFtaWx5JTNBJTI3TW9udHNlcnJhdCUyNyUyQ0FyaWFsJTJDSGVsdmV0aWNhJTJDc2Fucy1zZXJpZiUzQiUyMHRleHQtYWxpZ24lM0FjZW50ZXIlM0IlMjBjb2xvciUzQXdoaXRlJTNCJTIyJTNFJUMzJTlBTkVURSUyMEElMjBOVUVTVFJBJTIwTkVXU0xFVFRFUiUzQyUyRmgxJTNFJTBBJTIwJTIwJTIwJTIwJTIwJTIwJTIwJTIwJTNDcCUyMHN0eWxlJTNEJTIyZm9udC1mYW1pbHklM0ElMjdNb250c2VycmF0JTI3JTJDQXJpYWwlMkNIZWx2ZXRpY2ElMkNzYW5zLXNlcmlmJTNCJTIwdGV4dC1hbGlnbiUzQWNlbnRlciUzQiUyMGNvbG9yJTNBd2hpdGUlM0IlMjIlM0VDb25vY2UlMjBsYXMlMjBub3ZlZGFkZXMlMjBhbnRlcyUyMHF1ZSUyMG5hZGllJTJDJTIwZW50JUMzJUE5cmF0ZSUyMGRlJTIwbnVldm9zJTIwZXZlbnRvcyUyMHklMjBkZSUyMG11Y2hvJTIwbSVDMyVBMXMlM0MlMkZwJTNFJTBBJTIwJTIwJTIwJTIwJTIwJTIwJTNDJTJGZGl2JTNFJTBBJTIwJTIwJTIwJTIwJTNDJTJGZGl2JTNF[\/vc_raw_html][\/vc_column][\/vc_row][vc_row bg_color=\u00bb#00a7e0&#8243; bottom_padding=\u00bb15&#8243;][vc_column width=\u00bb1\/1&#8243;][vc_raw_html el_class=\u00bbpopmake-20395&#8243;]JTNDZGl2JTNFJTBBJTIwJTIwJTIwJTIwJTIwJTIwJTIwJTIwJTNDZGl2JTIwc3R5bGUlM0QlMjJtYXJnaW4tdG9wJTNBMjBweCUzQiUyMHRleHQtYWxpZ24lM0FjZW50ZXIlM0IlMjIlM0UlMEElMjAlMjAlMjAlMjAlMjAlMjAlMjAlMjAlMjAlMjAlM0NidXR0b24lMjBzdHlsZSUzRCUyMndpZHRoJTNBNTAlMjUlM0IlMjBwYWRkaW5nJTNBMTVweCUyMDIwcHglM0IlMjBib3JkZXItcmFkaXVzJTNBMjVweCUzQiUyMGJhY2tncm91bmQtY29sb3IlM0F3aGl0ZSUzQiUyMGNvbG9yJTNBJTIzMDBhN2UwJTNCJTIwZm9udC13ZWlnaHQlM0Fib2xkJTNCJTIwYm9yZGVyJTNBMXB4JTIwc29saWQlMjB3aGl0ZSUzQiUyMiUyMHR5cGUlM0QlMjJidXR0b24lMjIlM0VTVVNDUiVDMyU4REJFVEUlM0MlMkZidXR0b24lM0UlMEElMjAlMjAlMjAlMjAlMjAlMjAlMjAlMjAlM0MlMkZkaXYlM0UlMEElMjAlMjAlMjAlMjAlMjAlMjAlM0MlMkZkaXYlM0U=[\/vc_raw_html][\/vc_column][\/vc_row][vc_row][vc_column width=\u00bb1\/1&#8243;][vc_raw_js]JTNDc2NyaXB0JTNFJTIwJTBBJTIwalF1ZXJ5JTI4ZnVuY3Rpb24lMjglMjQlMjklMjAlN0IlMEElMjAlMjAlMjAlMjQlMjglMjcud3BjZjctc2VsZWN0JTI3JTI5LnZhbCUyOCUyMiUyMiUyOSUzQiUyMCUyRiUyRiUyMHBhaXMlMjBwb3IlMjBkZWZlY3RvLiUwQSUyMCU3RCUyOSUzQiUwQSUzQyUyRnNjcmlwdCUzRQ==[\/vc_raw_js][\/vc_column][\/vc_row]<\/p>\n<\/div>","protected":false},"excerpt":{"rendered":"<p>[vc_row type=\u00bbfull_width_section\u00bb][vc_column width=\u00bb1\/1&#8243;][rev_slider_vc alias=\u00bbslide-home\u00bb][\/vc_column][\/vc_row][vc_row top_padding=\u00bb100&#8243; bottom_padding=\u00bb80&#8243;][vc_column width=\u00bb1\/1&#8243;][\/vc_column][\/vc_row][vc_row bg_color=\u00bb#f9f9f9&#8243; top_padding=\u00bb100&#8243; bottom_padding=\u00bb80&#8243;][vc_column width=\u00bb1\/2&#8243;][vc_column_text] La buena comunicaci\u00f3n del Puerto de Badalona y el hecho de convertirse en un puerto urbano de una ciudad que ejerce la capitalidad en el Barcelon\u00e8s Nord y en el Baix Maresme nutre las posibilidades de negocio en el recinto. El nuevo plan de usos, que estar\u00e1 terminado a lo largo del 2022, actualiza la reserva de los espacios, aumentando y flexibilizando los usos destinados a servicios n\u00e1uticos, de formaci\u00f3n y tur\u00edstico-deportivo. El enclave del Puerto en un espacio de renovaci\u00f3n y centralidad conectado a la trama urbana ya viales interurbanos ampl\u00eda al p\u00fablico n\u00e1utico a clientes de Badalona ya ciudadanos y ciudadanas del \u00e1rea de influencia metropolitana, e internacional. Es decir, que la oferta comercial del Port est\u00e1 orientada a dar servicio a los amarristas y tambi\u00e9n a todo aquel que la adopte como espacio de trabajo, desde la perspectiva de la Econom\u00eda Azul, con m\u00faltiples posibilidades. [\/vc_column_text][\/vc_column][vc_column width=\u00bb1\/2&#8243;][\/vc_column][\/vc_row][vc_row top_padding=\u00bb100&#8243; bottom_padding=\u00bb80&#8243;][vc_column width=\u00bb1\/1&#8243;][\/vc_column][\/vc_row][vc_row section_arrow=\u00bbfalse\u00bb top_padding=\u00bb0&#8243; bottom_padding=\u00bb100&#8243; bg_position=\u00bbleft top\u00bb][vc_column width=\u00bb1\/3&#8243;][\/vc_column][vc_column width=\u00bb1\/3&#8243;][\/vc_column][vc_column width=\u00bb1\/3&#8243;][\/vc_column][\/vc_row][vc_row type=\u00bbfull_width_section\u00bb][vc_column width=\u00bb1\/3&#8243;][\/vc_column][vc_column width=\u00bb1\/3&#8243;][\/vc_column][vc_column width=\u00bb1\/3&#8243;][\/vc_column][\/vc_row][vc_row bg_color=\u00bb#f4f4f4&#8243; top_padding=\u00bb80&#8243; bottom_padding=\u00bb80&#8243;][vc_column bg_color=\u00bb#f4f4f4&#8243; width=\u00bb1\/1&#8243;][vc_column_text el_class=\u00bbpopmake-17508&#8243;] [\/vc_column_text][\/vc_column][\/vc_row][vc_row bg_color=\u00bb#00a7e0&#8243; top_padding=\u00bb30&#8243;][vc_column width=\u00bb1\/1&#8243;][vc_raw_html]JTNDZGl2JTNFJTBBJTIwJTIwJTIwJTIwJTIwJTIwJTNDZGl2JTNFJTBBJTIwJTIwJTIwJTIwJTIwJTIwJTIwJTIwJTNDaDElMjBzdHlsZSUzRCUyMmZvbnQtZmFtaWx5JTNBJTI3TW9udHNlcnJhdCUyNyUyQ0FyaWFsJTJDSGVsdmV0aWNhJTJDc2Fucy1zZXJpZiUzQiUyMHRleHQtYWxpZ24lM0FjZW50ZXIlM0IlMjBjb2xvciUzQXdoaXRlJTNCJTIyJTNFJUMzJTlBTkVURSUyMEElMjBOVUVTVFJBJTIwTkVXU0xFVFRFUiUzQyUyRmgxJTNFJTBBJTIwJTIwJTIwJTIwJTIwJTIwJTIwJTIwJTNDcCUyMHN0eWxlJTNEJTIyZm9udC1mYW1pbHklM0ElMjdNb250c2VycmF0JTI3JTJDQXJpYWwlMkNIZWx2ZXRpY2ElMkNzYW5zLXNlcmlmJTNCJTIwdGV4dC1hbGlnbiUzQWNlbnRlciUzQiUyMGNvbG9yJTNBd2hpdGUlM0IlMjIlM0VDb25vY2UlMjBsYXMlMjBub3ZlZGFkZXMlMjBhbnRlcyUyMHF1ZSUyMG5hZGllJTJDJTIwZW50JUMzJUE5cmF0ZSUyMGRlJTIwbnVldm9zJTIwZXZlbnRvcyUyMHklMjBkZSUyMG11Y2hvJTIwbSVDMyVBMXMlM0MlMkZwJTNFJTBBJTIwJTIwJTIwJTIwJTIwJTIwJTNDJTJGZGl2JTNFJTBBJTIwJTIwJTIwJTIwJTNDJTJGZGl2JTNF[\/vc_raw_html][\/vc_column][\/vc_row][vc_row bg_color=\u00bb#00a7e0&#8243; bottom_padding=\u00bb15&#8243;][vc_column width=\u00bb1\/1&#8243;][vc_raw_html el_class=\u00bbpopmake-20395&#8243;]JTNDZGl2JTNFJTBBJTIwJTIwJTIwJTIwJTIwJTIwJTIwJTIwJTNDZGl2JTIwc3R5bGUlM0QlMjJtYXJnaW4tdG9wJTNBMjBweCUzQiUyMHRleHQtYWxpZ24lM0FjZW50ZXIlM0IlMjIlM0UlMEElMjAlMjAlMjAlMjAlMjAlMjAlMjAlMjAlMjAlMjAlM0NidXR0b24lMjBzdHlsZSUzRCUyMndpZHRoJTNBNTAlMjUlM0IlMjBwYWRkaW5nJTNBMTVweCUyMDIwcHglM0IlMjBib3JkZXItcmFkaXVzJTNBMjVweCUzQiUyMGJhY2tncm91bmQtY29sb3IlM0F3aGl0ZSUzQiUyMGNvbG9yJTNBJTIzMDBhN2UwJTNCJTIwZm9udC13ZWlnaHQlM0Fib2xkJTNCJTIwYm9yZGVyJTNBMXB4JTIwc29saWQlMjB3aGl0ZSUzQiUyMiUyMHR5cGUlM0QlMjJidXR0b24lMjIlM0VTVVNDUiVDMyU4REJFVEUlM0MlMkZidXR0b24lM0UlMEElMjAlMjAlMjAlMjAlMjAlMjAlMjAlMjAlM0MlMkZkaXYlM0UlMEElMjAlMjAlMjAlMjAlMjAlMjAlM0MlMkZkaXYlM0U=[\/vc_raw_html][\/vc_column][\/vc_row][vc_row][vc_column width=\u00bb1\/1&#8243;][vc_raw_js]JTNDc2NyaXB0JTNFJTIwJTBBJTIwalF1ZXJ5JTI4ZnVuY3Rpb24lMjglMjQlMjklMjAlN0IlMEElMjAlMjAlMjAlMjQlMjglMjcud3BjZjctc2VsZWN0JTI3JTI5LnZhbCUyOCUyMiUyMiUyOSUzQiUyMCUyRiUyRiUyMHBhaXMlMjBwb3IlMjBkZWZlY3RvLiUwQSUyMCU3RCUyOSUzQiUwQSUzQyUyRnNjcmlwdCUzRQ==[\/vc_raw_js][\/vc_column][\/vc_row]<\/p>\n","protected":false},"author":1,"featured_media":0,"parent":0,"menu_order":0,"comment_status":"open","ping_status":"closed","template":"","meta":{"footnotes":""},"class_list":["post-21157","page","type-page","status-publish","hentry"],"_links":{"self":[{"href":"https:\/\/marinabadalona.cat\/es\/wp-json\/wp\/v2\/pages\/21157","targetHints":{"allow":["GET"]}}],"collection":[{"href":"https:\/\/marinabadalona.cat\/es\/wp-json\/wp\/v2\/pages"}],"about":[{"href":"https:\/\/marinabadalona.cat\/es\/wp-json\/wp\/v2\/types\/page"}],"author":[{"embeddable":true,"href":"https:\/\/marinabadalona.cat\/es\/wp-json\/wp\/v2\/users\/1"}],"replies":[{"embeddable":true,"href":"https:\/\/marinabadalona.cat\/es\/wp-json\/wp\/v2\/comments?post=21157"}],"version-history":[{"count":2,"href":"https:\/\/marinabadalona.cat\/es\/wp-json\/wp\/v2\/pages\/21157\/revisions"}],"predecessor-version":[{"id":37946,"href":"https:\/\/marinabadalona.cat\/es\/wp-json\/wp\/v2\/pages\/21157\/revisions\/37946"}],"wp:attachment":[{"href":"https:\/\/marinabadalona.cat\/es\/wp-json\/wp\/v2\/media?parent=21157"}],"curies":[{"name":"wp","href":"https:\/\/api.w.org\/{rel}","templated":true}]}}