
{"id":21193,"date":"2022-01-10T10:26:40","date_gmt":"2022-01-10T10:26:40","guid":{"rendered":"https:\/\/novaweb.marinabadalona.cat\/es\/platja-de-la-marina\/"},"modified":"2022-03-23T15:35:49","modified_gmt":"2022-03-23T15:35:49","slug":"playa-de-la-marina","status":"publish","type":"page","link":"https:\/\/marinabadalona.cat\/es\/playa-de-la-marina\/","title":{"rendered":"PLAYA DE LA MARINA"},"content":{"rendered":"<div class=\"wpb-content-wrapper\"><p>[vc_row top_padding=\u00bb100&#8243; bottom_padding=\u00bb80&#8243;][vc_column width=\u00bb1\/1&#8243;]<h1 class=\"headline font-special fontsize-xxl fontweight-500 lh-inherit align-center transform-inherit no-transform\" style=\"margin: 0 0 20px 0; color: #222222;\">PLAYA DE LA MARINA<\/h1><div class=\"headline font-special fontsize-l fontweight-400 lh-inherit align-center transform-inherit no-transform\" style=\"margin: 0 15%;\">UNA CALITA URBANA CON MUCHAS POSIBILIDADES<br \/>\n<\/div>[\/vc_column][\/vc_row][vc_row type=\u00bbfull_width_section\u00bb][vc_column width=\u00bb1\/1&#8243;]<div class=\"divider divider1\" style='margin:0 !important;'><\/div>[\/vc_column][\/vc_row][vc_row type=\u00bbfull_width_section\u00bb][vc_column bg_color=\u00bb#f9f9f9&#8243; column_padding=\u00bbpadding-7&#8243; width=\u00bb1\/2&#8243;]<h1 class=\"headline font-special fontsize-m fontweight-500 lh-inherit align-left transform-uppercase \" style=\"margin: 0 0 0 0;\">METROPOLITANA Y A LA VEZ UN RACONET<\/h1><div class=\"divider divider5\" style='margin:10px 0 25px 0 !important;'><\/div>[vc_column_text]A pesar de estar cerca del mar, no todos los puertos pueden decir que disponen de una playa\u2026 pero este no es nuestro caso. El Puerto de Badalona cuenta, dentro del espacio de dominio portuario, con una\u00a0calita\u00a0urbana, la Playa de la Marina, situada entre el dique sur del Puerto y el barrio de la Mora, sujeta, por su peculiaridad, a din\u00e1micas diferentes del resto de playas de la ciudad.<\/p>\n<p>Por ejemplo, mantiene un horario de apertura y cierre seg\u00fan las temporadas, de acuerdo con el entendimiento del Puerto, la comunidad vecinal y el Ayuntamiento de Badalona para favorecer el comportamiento c\u00edvico en el espacio natural. Tambi\u00e9n dispone de dos accesos directos, desde el interior del Puerto -el mejor para aportar la log\u00edstica para los acontecimientos-, y desde la calle del Mar J\u00f3nico.<\/p>\n<p>Est\u00e1 incluida en el cat\u00e1logo de playas metropolitanas desde julio del 2020, cuando entr\u00f3 en servicio con la autorizaci\u00f3n de la Generalitat de Catalu\u00f1a despu\u00e9s de los trabajos de descontaminaci\u00f3n y de adecuaci\u00f3n de los espacios asumidos desde Marina de Badalona, y que supusieron un coste de casi 2 millones de euros.[\/vc_column_text][\/vc_column][vc_column bg_image=\u00bb20836&#8243; column_padding=\u00bbpadding-5&#8243; column_center=\u00bbtrue\u00bb width=\u00bb1\/2&#8243;]<div class=\"spacer\" style=\"height: 250px;\"><\/div>[\/vc_column][\/vc_row][vc_row type=\u00bbfull_width_section\u00bb bg_color=\u00bb#f8f8f8&#8243;][vc_column bg_image=\u00bb20835&#8243; column_padding=\u00bbpadding-5&#8243; column_center=\u00bbtrue\u00bb width=\u00bb1\/2&#8243;]<div class=\"spacer\" style=\"height: 250px;\"><\/div>[\/vc_column][vc_column bg_color=\u00bb#5e5e5e\u00bb column_padding=\u00bbpadding-7&#8243; text_color=\u00bblight\u00bb width=\u00bb1\/2&#8243;][vc_column_text]<\/p>\n<p style=\"text-align: justify;\">Ha sido sometida a un proceso para regenerar los contaminantes de la arena, derivada del pasado industrial qu\u00edmico del \u00e1rea. Se trata de una playa de unos 150 metros de longitud, entre 30 y 60 metros de anchura, una superficie de m\u00e1s de 7.000 m\u00b2 y con arena fina de buena calidad. Este espacio est\u00e1 protegido por el espig\u00f3n del Puerto, hecho que la resguarda m\u00e1s de los temporales, especialmente los de levante\u00a0o de borrascas del nordeste.<\/p>\n<p>En el marco del convenio global del Ayuntamiento con el \u00e1rea Metropolitana de Barcelona, es esta entidad supramunicipal la encargada de realizar el servicio de limpieza fijado en temporada baja y el aumento de la frecuencia en temporada alta, de mediados de junio a mediados de septiembre, con limpieza diaria y cribado, y tambi\u00e9n manual si se tercia; as\u00ed como de facilitar los elementos de se\u00f1alizaci\u00f3n, los servicios de socorrismo y vigilancia, papeleras y la limpieza nocturna con m\u00e1quinas de toda la arena. En la segunda temporada, el 2021, se han sumado accesos con\u00a0pasarelas\u00a0y aparca bicicletas.<\/p>\n<p>[\/vc_column_text][\/vc_column][\/vc_row][vc_row type=\u00bbfull_width_section\u00bb bg_color=\u00bb#f8f8f8&#8243;][vc_column bg_color=\u00bb#f9f9f9&#8243; column_padding=\u00bbpadding-7&#8243; width=\u00bb1\/2&#8243;][vc_column_text]La playa de la Marina, junto con la de San Sebasti\u00e1n de Barcelona, son dos playas portuarias del litoral metropolitano, con un car\u00e1cter totalmente urbano, hecho que facilita desplazarse a pie o en bicicleta desde casa.<\/p>\n<p>Para las pr\u00f3ximas temporadas, se prev\u00e9 completar servicios y tambi\u00e9n programar actividades y usos l\u00fadicos de manera continuada, como servicios gastron\u00f3micos con un chiringuito\u00a0y propuestas por, adem\u00e1s de disfrutar del paisaje natural de la playa y los ba\u00f1os de mar, realizar actividades como p\u00e1del surf, p\u00e1del yoga,\u00a0esn\u00f3rquel, vela ligera\u2026que se desarrollan, de momento, de manera puntual.<\/p>\n<div><\/div>\n<p>[\/vc_column_text][\/vc_column][vc_column bg_image=\u00bb20838&#8243; column_padding=\u00bbpadding-5&#8243; column_center=\u00bbtrue\u00bb width=\u00bb1\/2&#8243;]<div class=\"spacer\" style=\"height: 250px;\"><\/div>[\/vc_column][\/vc_row][vc_row top_padding=\u00bb50&#8243;][vc_column width=\u00bb5\/6&#8243;]<h3 class=\"headline font-special fontsize-s fontweight-500 lh-inherit align-left transform-inherit \" style=\"margin: 0 0 20px 0;\">SERVICIOS DE LA PLAYA DE MARINA<\/h3><div class=\"divider divider1\" style='margin:10px 0 40px 0 !important;'><\/div>[\/vc_column][vc_column width=\u00bb1\/6&#8243;]<a href=\"https:\/\/marinabadalona.cat\/wp-content\/uploads\/2021\/12\/Totem_PlatjaMarina_2021_V3_2versions.pdf\" target=\"_blank\" class=\"button color-3 small \" style=\"border-radius: 2px;\">PDF<\/a>[\/vc_column][\/vc_row][vc_row type=\u00bbfull_width_section\u00bb][vc_column width=\u00bb1\/3&#8243;]<div class=\"single_image wpb_content_element align-left    \" data-animation=\"none\" data-delay=\"0\"><a href=\"https:\/\/marinabadalona.cat\/wp-content\/uploads\/2022\/01\/platja-marina-badalona-activitats-kait-surf-dortoka.jpg\" class=\"prettyPhoto\" rel=\"prettyPhoto[image]\"><img loading=\"lazy\" decoding=\"async\" width=\"1000\" height=\"1000\" src=\"https:\/\/marinabadalona.cat\/wp-content\/uploads\/2022\/01\/platja-marina-badalona-activitats-kait-surf-dortoka.jpg\" class=\"attachment-full\" alt=\"\" title=\"platja-marina-badalona-activitats-kait-surf-dortoka\" srcset=\"https:\/\/marinabadalona.cat\/wp-content\/uploads\/2022\/01\/platja-marina-badalona-activitats-kait-surf-dortoka.jpg 1000w, https:\/\/marinabadalona.cat\/wp-content\/uploads\/2022\/01\/platja-marina-badalona-activitats-kait-surf-dortoka-300x300.jpg 300w, https:\/\/marinabadalona.cat\/wp-content\/uploads\/2022\/01\/platja-marina-badalona-activitats-kait-surf-dortoka-150x150.jpg 150w, https:\/\/marinabadalona.cat\/wp-content\/uploads\/2022\/01\/platja-marina-badalona-activitats-kait-surf-dortoka-768x768.jpg 768w, https:\/\/marinabadalona.cat\/wp-content\/uploads\/2022\/01\/platja-marina-badalona-activitats-kait-surf-dortoka-80x80.jpg 80w, https:\/\/marinabadalona.cat\/wp-content\/uploads\/2022\/01\/platja-marina-badalona-activitats-kait-surf-dortoka-500x500.jpg 500w, https:\/\/marinabadalona.cat\/wp-content\/uploads\/2022\/01\/platja-marina-badalona-activitats-kait-surf-dortoka-600x600.jpg 600w, https:\/\/marinabadalona.cat\/wp-content\/uploads\/2022\/01\/platja-marina-badalona-activitats-kait-surf-dortoka-100x100.jpg 100w\" sizes=\"auto, (max-width: 1000px) 100vw, 1000px\" \/><\/a><\/div>[\/vc_column][vc_column width=\u00bb1\/3&#8243;]<div class=\"single_image wpb_content_element align-left    \" data-animation=\"none\" data-delay=\"0\"><a href=\"https:\/\/marinabadalona.cat\/wp-content\/uploads\/2022\/01\/platja-marina-badalona-activitats-padelsurf-dortoka.jpg\" class=\"prettyPhoto\" rel=\"prettyPhoto[image]\"><img loading=\"lazy\" decoding=\"async\" width=\"1000\" height=\"1000\" src=\"https:\/\/marinabadalona.cat\/wp-content\/uploads\/2022\/01\/platja-marina-badalona-activitats-padelsurf-dortoka.jpg\" class=\"attachment-full\" alt=\"\" title=\"platja-marina-badalona-activitats-padelsurf-dortoka\" srcset=\"https:\/\/marinabadalona.cat\/wp-content\/uploads\/2022\/01\/platja-marina-badalona-activitats-padelsurf-dortoka.jpg 1000w, https:\/\/marinabadalona.cat\/wp-content\/uploads\/2022\/01\/platja-marina-badalona-activitats-padelsurf-dortoka-300x300.jpg 300w, https:\/\/marinabadalona.cat\/wp-content\/uploads\/2022\/01\/platja-marina-badalona-activitats-padelsurf-dortoka-150x150.jpg 150w, https:\/\/marinabadalona.cat\/wp-content\/uploads\/2022\/01\/platja-marina-badalona-activitats-padelsurf-dortoka-768x768.jpg 768w, https:\/\/marinabadalona.cat\/wp-content\/uploads\/2022\/01\/platja-marina-badalona-activitats-padelsurf-dortoka-80x80.jpg 80w, https:\/\/marinabadalona.cat\/wp-content\/uploads\/2022\/01\/platja-marina-badalona-activitats-padelsurf-dortoka-500x500.jpg 500w, https:\/\/marinabadalona.cat\/wp-content\/uploads\/2022\/01\/platja-marina-badalona-activitats-padelsurf-dortoka-600x600.jpg 600w, https:\/\/marinabadalona.cat\/wp-content\/uploads\/2022\/01\/platja-marina-badalona-activitats-padelsurf-dortoka-100x100.jpg 100w\" sizes=\"auto, (max-width: 1000px) 100vw, 1000px\" \/><\/a><\/div>[\/vc_column][vc_column width=\u00bb1\/3&#8243;]<div class=\"single_image wpb_content_element align-left    \" data-animation=\"none\" data-delay=\"0\"><a href=\"https:\/\/marinabadalona.cat\/wp-content\/uploads\/2022\/01\/platja-marina-badalona-activitats-skate-decatlon-dortoka.jpg\" class=\"prettyPhoto\" rel=\"prettyPhoto[image]\"><img loading=\"lazy\" decoding=\"async\" width=\"1000\" height=\"1000\" src=\"https:\/\/marinabadalona.cat\/wp-content\/uploads\/2022\/01\/platja-marina-badalona-activitats-skate-decatlon-dortoka.jpg\" class=\"attachment-full\" alt=\"\" title=\"platja-marina-badalona-activitats-skate-decatlon-dortoka\" srcset=\"https:\/\/marinabadalona.cat\/wp-content\/uploads\/2022\/01\/platja-marina-badalona-activitats-skate-decatlon-dortoka.jpg 1000w, https:\/\/marinabadalona.cat\/wp-content\/uploads\/2022\/01\/platja-marina-badalona-activitats-skate-decatlon-dortoka-300x300.jpg 300w, https:\/\/marinabadalona.cat\/wp-content\/uploads\/2022\/01\/platja-marina-badalona-activitats-skate-decatlon-dortoka-150x150.jpg 150w, https:\/\/marinabadalona.cat\/wp-content\/uploads\/2022\/01\/platja-marina-badalona-activitats-skate-decatlon-dortoka-768x768.jpg 768w, https:\/\/marinabadalona.cat\/wp-content\/uploads\/2022\/01\/platja-marina-badalona-activitats-skate-decatlon-dortoka-80x80.jpg 80w, https:\/\/marinabadalona.cat\/wp-content\/uploads\/2022\/01\/platja-marina-badalona-activitats-skate-decatlon-dortoka-500x500.jpg 500w, https:\/\/marinabadalona.cat\/wp-content\/uploads\/2022\/01\/platja-marina-badalona-activitats-skate-decatlon-dortoka-600x600.jpg 600w, https:\/\/marinabadalona.cat\/wp-content\/uploads\/2022\/01\/platja-marina-badalona-activitats-skate-decatlon-dortoka-100x100.jpg 100w\" sizes=\"auto, (max-width: 1000px) 100vw, 1000px\" \/><\/a><\/div>[\/vc_column][\/vc_row]<\/p>\n<\/div>","protected":false},"excerpt":{"rendered":"<p>[vc_row top_padding=\u00bb100&#8243; bottom_padding=\u00bb80&#8243;][vc_column width=\u00bb1\/1&#8243;][\/vc_column][\/vc_row][vc_row type=\u00bbfull_width_section\u00bb][vc_column width=\u00bb1\/1&#8243;][\/vc_column][\/vc_row][vc_row type=\u00bbfull_width_section\u00bb][vc_column bg_color=\u00bb#f9f9f9&#8243; column_padding=\u00bbpadding-7&#8243; width=\u00bb1\/2&#8243;][vc_column_text]A pesar de estar cerca del mar, no todos los puertos pueden decir que disponen de una playa\u2026 pero este no es nuestro caso. El Puerto de Badalona cuenta, dentro del espacio de dominio portuario, con una\u00a0calita\u00a0urbana, la Playa de la Marina, situada entre el dique sur del Puerto y el barrio de la Mora, sujeta, por su peculiaridad, a din\u00e1micas diferentes del resto de playas de la ciudad. Por ejemplo, mantiene un horario de apertura y cierre seg\u00fan las temporadas, de acuerdo con el entendimiento del Puerto, la comunidad vecinal y el Ayuntamiento de Badalona para favorecer el comportamiento c\u00edvico en el espacio natural. Tambi\u00e9n dispone de dos accesos directos, desde el interior del Puerto -el mejor para aportar la log\u00edstica para los acontecimientos-, y desde la calle del Mar J\u00f3nico. Est\u00e1 incluida en el cat\u00e1logo de playas metropolitanas desde julio del 2020, cuando entr\u00f3 en servicio con la autorizaci\u00f3n de la Generalitat de Catalu\u00f1a despu\u00e9s de los trabajos de descontaminaci\u00f3n y de adecuaci\u00f3n de los espacios asumidos desde Marina de Badalona, y que supusieron un coste de casi 2 millones de euros.[\/vc_column_text][\/vc_column][vc_column bg_image=\u00bb20836&#8243; column_padding=\u00bbpadding-5&#8243; column_center=\u00bbtrue\u00bb width=\u00bb1\/2&#8243;][\/vc_column][\/vc_row][vc_row type=\u00bbfull_width_section\u00bb bg_color=\u00bb#f8f8f8&#8243;][vc_column bg_image=\u00bb20835&#8243; [&hellip;]<\/p>\n","protected":false},"author":1,"featured_media":0,"parent":0,"menu_order":0,"comment_status":"closed","ping_status":"closed","template":"","meta":{"footnotes":""},"class_list":["post-21193","page","type-page","status-publish","hentry"],"_links":{"self":[{"href":"https:\/\/marinabadalona.cat\/es\/wp-json\/wp\/v2\/pages\/21193","targetHints":{"allow":["GET"]}}],"collection":[{"href":"https:\/\/marinabadalona.cat\/es\/wp-json\/wp\/v2\/pages"}],"about":[{"href":"https:\/\/marinabadalona.cat\/es\/wp-json\/wp\/v2\/types\/page"}],"author":[{"embeddable":true,"href":"https:\/\/marinabadalona.cat\/es\/wp-json\/wp\/v2\/users\/1"}],"replies":[{"embeddable":true,"href":"https:\/\/marinabadalona.cat\/es\/wp-json\/wp\/v2\/comments?post=21193"}],"version-history":[{"count":0,"href":"https:\/\/marinabadalona.cat\/es\/wp-json\/wp\/v2\/pages\/21193\/revisions"}],"wp:attachment":[{"href":"https:\/\/marinabadalona.cat\/es\/wp-json\/wp\/v2\/media?parent=21193"}],"curies":[{"name":"wp","href":"https:\/\/api.w.org\/{rel}","templated":true}]}}