
{"id":21213,"date":"2021-09-21T06:46:34","date_gmt":"2021-09-21T06:46:34","guid":{"rendered":"https:\/\/novaweb.marinabadalona.cat\/es\/restauracio\/"},"modified":"2026-04-08T17:05:36","modified_gmt":"2026-04-08T15:05:36","slug":"restauracion","status":"publish","type":"page","link":"https:\/\/marinabadalona.cat\/es\/restauracion\/","title":{"rendered":"RESTAURACI\u00d3N"},"content":{"rendered":"<div class=\"wpb-content-wrapper\"><p>[vc_row type=\u00bbfull_width_section\u00bb][vc_column width=\u00bb1\/1&#8243;]\n\t\t\t<!-- START SLIDE RESTAURACION REVOLUTION SLIDER 6.7.34 --><p class=\"rs-p-wp-fix\"><\/p>\n\t\t\t<rs-module-wrap id=\"rev_slider_22_1_wrapper\" data-source=\"gallery\" style=\"visibility:hidden;background:#f0f0f0;padding:0;margin:0px auto;margin-top:0;margin-bottom:0;\">\n\t\t\t\t<rs-module id=\"rev_slider_22_1\" style=\"\" data-version=\"6.7.34\">\n\t\t\t\t\t<rs-slides style=\"overflow: hidden; position: absolute;\">\n\t\t\t\t\t\t<rs-slide style=\"position: absolute;\" data-key=\"rs-87\" data-title=\"Amigos exterior\" data-thumb=\"\/\/marinabadalona.cat\/wp-content\/uploads\/2021\/12\/Carrusel-1-100x50.jpg\" data-anim=\"adpr:false;\" data-in=\"o:0;col:400;\" data-out=\"a:false;\">\n\t\t\t\t\t\t\t<img decoding=\"async\" src=\"\/\/marinabadalona.cat\/wp-content\/plugins\/revslider\/sr6\/assets\/assets\/dummy.png\" alt=\"\" title=\"Carrusel-1\" width=\"1920\" height=\"1080\" class=\"rev-slidebg tp-rs-img rs-lazyload\" data-lazyload=\"\/\/marinabadalona.cat\/wp-content\/uploads\/2021\/12\/Carrusel-1.jpg\" data-parallax=\"1\" data-no-retina>\n<!--\n\t\t\t\t\t\t\t--><rs-layer\n\t\t\t\t\t\t\t\tid=\"slider-22-slide-87-layer-1\" \n\t\t\t\t\t\t\t\tclass=\"mintibolddark\"\n\t\t\t\t\t\t\t\tdata-type=\"text\"\n\t\t\t\t\t\t\t\tdata-color=\"#ffffff\"\n\t\t\t\t\t\t\t\tdata-tsh=\"c:rgba(12,12,12,0.37);h:5px;v:5px;b:5px;\"\n\t\t\t\t\t\t\t\tdata-rsp_ch=\"on\"\n\t\t\t\t\t\t\t\tdata-xy=\"x:c;xo:2px;y:c;yo:-68px;\"\n\t\t\t\t\t\t\t\tdata-text=\"s:64;l:65;fw:700;a:center;\"\n\t\t\t\t\t\t\t\tdata-frame_1=\"e:power3.out;st:300;\"\n\t\t\t\t\t\t\t\tdata-frame_999=\"st:8400;auto:true;\"\n\t\t\t\t\t\t\t\tstyle=\"z-index:6;font-family:'Montserrat';\"\n\t\t\t\t\t\t\t>PUNTO DE ENCUENTRO AL AIRE LIBRE, <\/br> AL LADO DEL MAR. \n\t\t\t\t\t\t\t<\/rs-layer><!--\n-->\t\t\t\t\t<\/rs-slide>\n\t\t\t\t\t\t<rs-slide style=\"position: absolute;\" data-key=\"rs-88\" data-title=\"Terraza exterior\" data-thumb=\"\/\/marinabadalona.cat\/wp-content\/uploads\/2021\/12\/Carrusel-2-100x50.jpg\" data-anim=\"adpr:false;\" data-in=\"o:0;col:400;\" data-out=\"a:false;\">\n\t\t\t\t\t\t\t<img decoding=\"async\" src=\"\/\/marinabadalona.cat\/wp-content\/plugins\/revslider\/sr6\/assets\/assets\/dummy.png\" alt=\"\" title=\"Carrusel-2\" width=\"1920\" height=\"1080\" class=\"rev-slidebg tp-rs-img rs-lazyload\" data-lazyload=\"\/\/marinabadalona.cat\/wp-content\/uploads\/2021\/12\/Carrusel-2.jpg\" data-parallax=\"1\" data-no-retina>\n<!--\n\t\t\t\t\t\t\t--><rs-layer\n\t\t\t\t\t\t\t\tid=\"slider-22-slide-88-layer-1\" \n\t\t\t\t\t\t\t\tclass=\"mintibolddark\"\n\t\t\t\t\t\t\t\tdata-type=\"text\"\n\t\t\t\t\t\t\t\tdata-color=\"#ffffff\"\n\t\t\t\t\t\t\t\tdata-tsh=\"c:rgba(12,12,12,0.37);h:5px;v:5px;b:5px;\"\n\t\t\t\t\t\t\t\tdata-rsp_ch=\"on\"\n\t\t\t\t\t\t\t\tdata-xy=\"x:c;xo:8px;y:c;yo:-64px;\"\n\t\t\t\t\t\t\t\tdata-text=\"s:55;l:65;fw:700;a:center;\"\n\t\t\t\t\t\t\t\tdata-frame_1=\"e:power3.out;st:300;\"\n\t\t\t\t\t\t\t\tdata-frame_999=\"st:8400;auto:true;\"\n\t\t\t\t\t\t\t\tstyle=\"z-index:6;font-family:'Montserrat';\"\n\t\t\t\t\t\t\t>LA MEJOR DECORACI\u00d3N: <\/br>LA GAMA COMPLETA DE LOS AZULES \n\t\t\t\t\t\t\t<\/rs-layer><!--\n-->\t\t\t\t\t<\/rs-slide>\n\t\t\t\t\t\t<rs-slide style=\"position: absolute;\" data-key=\"rs-89\" data-title=\"Terraza\" data-thumb=\"\/\/marinabadalona.cat\/wp-content\/uploads\/2021\/12\/restauracio_llums-100x50.jpg\" data-anim=\"adpr:false;\" data-in=\"o:0;col:400;\" data-out=\"a:false;\">\n\t\t\t\t\t\t\t<img decoding=\"async\" src=\"\/\/marinabadalona.cat\/wp-content\/plugins\/revslider\/sr6\/assets\/assets\/dummy.png\" alt=\"\" title=\"restauracio_llums\" width=\"1920\" height=\"1080\" class=\"rev-slidebg tp-rs-img rs-lazyload\" data-lazyload=\"\/\/marinabadalona.cat\/wp-content\/uploads\/2021\/12\/restauracio_llums.jpg\" data-parallax=\"1\" data-no-retina>\n<!--\n\t\t\t\t\t\t\t--><rs-layer\n\t\t\t\t\t\t\t\tid=\"slider-22-slide-89-layer-1\" \n\t\t\t\t\t\t\t\tclass=\"mintibolddark\"\n\t\t\t\t\t\t\t\tdata-type=\"text\"\n\t\t\t\t\t\t\t\tdata-color=\"#ffffff\"\n\t\t\t\t\t\t\t\tdata-tsh=\"c:rgba(12,12,12,0.37);h:5px;v:5px;b:5px;\"\n\t\t\t\t\t\t\t\tdata-rsp_ch=\"on\"\n\t\t\t\t\t\t\t\tdata-xy=\"x:c;xo:6px;y:c;yo:-157px;\"\n\t\t\t\t\t\t\t\tdata-text=\"s:64;fw:700;a:center;\"\n\t\t\t\t\t\t\t\tdata-dim=\"h:98px;\"\n\t\t\t\t\t\t\t\tdata-frame_1=\"e:power3.out;st:300;\"\n\t\t\t\t\t\t\t\tdata-frame_999=\"st:8400;auto:true;\"\n\t\t\t\t\t\t\t\tstyle=\"z-index:6;font-family:'Montserrat';\"\n\t\t\t\t\t\t\t>ESPACIOS EXCEPCIONALES <\/br> <\/br><\/br>PARA CELEBRACIONES \n\t\t\t\t\t\t\t<\/rs-layer><!--\n-->\t\t\t\t\t<\/rs-slide>\n\t\t\t\t\t\t<rs-slide style=\"position: absolute;\" data-key=\"rs-90\" data-title=\"Cocktel\" data-thumb=\"\/\/marinabadalona.cat\/wp-content\/uploads\/2021\/12\/Carrusel-3-100x50.jpg\" data-anim=\"adpr:false;\" data-in=\"o:0;col:400;\" data-out=\"a:false;\">\n\t\t\t\t\t\t\t<img decoding=\"async\" src=\"\/\/marinabadalona.cat\/wp-content\/plugins\/revslider\/sr6\/assets\/assets\/dummy.png\" alt=\"\" title=\"Carrusel-3\" width=\"1920\" height=\"1080\" class=\"rev-slidebg tp-rs-img rs-lazyload\" data-lazyload=\"\/\/marinabadalona.cat\/wp-content\/uploads\/2021\/12\/Carrusel-3.jpg\" data-parallax=\"1\" data-no-retina>\n<!--\n\t\t\t\t\t\t\t--><rs-layer\n\t\t\t\t\t\t\t\tid=\"slider-22-slide-90-layer-1\" \n\t\t\t\t\t\t\t\tclass=\"mintibolddark\"\n\t\t\t\t\t\t\t\tdata-type=\"text\"\n\t\t\t\t\t\t\t\tdata-color=\"#ffffff\"\n\t\t\t\t\t\t\t\tdata-tsh=\"c:rgba(12,12,12,0.37);h:5px;v:5px;b:5px;\"\n\t\t\t\t\t\t\t\tdata-rsp_ch=\"on\"\n\t\t\t\t\t\t\t\tdata-xy=\"x:c;xo:-13px;y:c;yo:-153px;\"\n\t\t\t\t\t\t\t\tdata-text=\"s:64;fw:700;a:center;\"\n\t\t\t\t\t\t\t\tdata-dim=\"h:74px;\"\n\t\t\t\t\t\t\t\tdata-frame_1=\"e:power3.out;st:300;\"\n\t\t\t\t\t\t\t\tdata-frame_999=\"st:8400;auto:true;\"\n\t\t\t\t\t\t\t\tstyle=\"z-index:6;font-family:'Montserrat';\"\n\t\t\t\t\t\t\t>PROFESIONALES DE PRIMERA <\/br> <\/br><\/br>EN UN ESPACIO INMEJORABLE \n\t\t\t\t\t\t\t<\/rs-layer><!--\n-->\t\t\t\t\t<\/rs-slide>\n\t\t\t\t\t<\/rs-slides>\n\t\t\t\t<\/rs-module>\n\t\t\t\t<script>\n\t\t\t\t\tsetREVStartSize({c: 'rev_slider_22_1',rl:[1240,1024,778,480],el:[890],gw:[1160],gh:[890],type:'standard',justify:'',layout:'fullwidth',mh:\"890\"});if (window.RS_MODULES!==undefined && window.RS_MODULES.modules!==undefined && window.RS_MODULES.modules[\"revslider221\"]!==undefined) {window.RS_MODULES.modules[\"revslider221\"].once = false;window.revapi22 = undefined;if (window.RS_MODULES.checkMinimal!==undefined) window.RS_MODULES.checkMinimal()}\n\t\t\t\t<\/script>\n\t\t\t<\/rs-module-wrap>\n\t\t\t<!-- END REVOLUTION SLIDER -->\n[\/vc_column][\/vc_row][vc_row top_padding=\u00bb100&#8243; bottom_padding=\u00bb80&#8243;][vc_column width=\u00bb1\/1&#8243;]<h1 class=\"headline font-special fontsize-xxl fontweight-500 lh-inherit align-center transform-inherit no-transform\" style=\"margin: 0 0 20px 0; color: #222222;\">RESTAURACI\u00d3N<\/h1><div class=\"headline font-special fontsize-l fontweight-400 lh-inherit align-center transform-inherit no-transform\" style=\"margin: 0 15%;\">EL PUERTO DE BADALONA DISPONE DE UNA OFERTA DE RESTAURACI\u00d3N PARA TODOS LOS GUSTOS Y OCASIONES, DIFERENTES AMBIENTES, MEN\u00daS PARA CELEBRACIONES DE GRUPOS Y EMPRESAS<\/div>[\/vc_column][\/vc_row][vc_row type=\u00bbfull_width_section\u00bb][vc_column width=\u00bb1\/1&#8243;]<div class=\"divider divider1\" style='margin:0 !important;'><\/div>[\/vc_column][\/vc_row][vc_row type=\u00bbfull_width_section\u00bb][vc_column bg_color=\u00bb#222222&#8243; column_padding=\u00bbpadding-7&#8243; text_color=\u00bblight\u00bb width=\u00bb1\/2&#8243;]<h2 class=\"headline font-special fontsize-xxxl fontweight-700 lh-inherit align-left transform-uppercase \" style=\"margin: 0 0 0 0;\">PUERTO BAH\u00cdA<br \/>\nCLUB DE MAR<\/h2><div class=\"divider divider5\" style='margin:10px 0 25px 0 !important;'><\/div>[vc_column_text]<\/p>\n<h3><strong>El \u00fanico Beach Club abierto todo el a\u00f1o, situado en una playa exclusiva de Badalona. Cocina mediterr\u00e1nea. Especialidades: Arroces de mar y de monta\u00f1a, de temporadas y steak tartars.<br \/>\nSe pueden celebrar casamientos, reuniones de empresa y eventos privados. Los s\u00e1bados y domingos de 17h a 22h, se realizan los tardeos &#8216;Badalona Sunset&#8217; con sets de DJ o m\u00fasica en directo, dependiendo del d\u00eda.<br \/>\n<\/strong><\/h3>\n<hr \/>\n<p><strong><i class=\"fa fa-map-marker minti-icon\" style=\"color:#ffffff !important; font-size: 20px; margin: 0px 0px 0px 0px\"><\/i> Ubicaci\u00f3n:<\/strong> Platja de la Marina<\/p>\n<hr \/>\n<p><strong><i class=\"fa fa-clock-o minti-icon\" style=\"color:#ffffff !important; font-size: 20px; margin: 0px 0px 0px 0px\"><\/i> Horario: <\/strong>S\u00e1bados y domingos de 12.00h a 23.00h<\/p>\n<hr \/>\n<p><strong><i class=\"fa fa-phone minti-icon\" style=\"color:#ffffff !important; font-size: 20px; margin: 0px 0px 0px 0px\"><\/i> Tel\u00e9fono de reservas:<\/strong> 626 804 848<\/p>\n<hr \/>\n<p><b><strong><i class=\"fa fa-hand-o-right minti-icon\" style=\"color:#ffffff !important; font-size: 20px; margin: 0px 0px 0px 0px\"><\/i> <\/strong><\/b><strong>IG:<\/strong> <a style=\"font-weight: bold;\" href=\"https:\/\/www.instagram.com\/puertobahiaclubdemar\/\" target=\"_blank\" rel=\"noopener\">puertobaiaclubdemar<\/a><\/p>\n<hr \/>\n<p>[\/vc_column_text][\/vc_column][vc_column bg_image=\u00bb37872&#8243; column_padding=\u00bbpadding-5&#8243; column_center=\u00bbtrue\u00bb width=\u00bb1\/2&#8243;]<div class=\"spacer\" style=\"height: 250px;\"><\/div>[\/vc_column][\/vc_row][vc_row type=\u00bbfull_width_section\u00bb][vc_column bg_image=\u00bb38484&#8243; column_padding=\u00bbpadding-5&#8243; column_center=\u00bbtrue\u00bb text_align=\u00bbcenter\u00bb width=\u00bb1\/2&#8243;]<div class=\"spacer\" style=\"height: 250px;\"><\/div>[\/vc_column][vc_column bg_color=\u00bb#f9f9f9&#8243; column_padding=\u00bbpadding-7&#8243; width=\u00bb1\/2&#8243;]<h2 class=\"headline font-special fontsize-xxxl fontweight-700 lh-inherit align-left transform-uppercase \" style=\"margin: 0 0 0 0;\">ESPAI VERS\u00c0TIL<\/h2><div class=\"divider divider5\" style='margin:10px 0 25px 0 !important;'><\/div>[vc_column_text]<\/p>\n<h3><strong>Un espacio muy vers\u00e1til, en el que poder hacer un vermut, comer compartiendo un tapeo 2.0, arroces acabados en un horno de le\u00f1a, pescado de temporada o buenas carnes, seguido de una copa, hacer un tardeo con m\u00fasica en directo, picar algo para cenar con alg\u00fan mon\u00f3logo, poder hacer otra copa con buena m\u00fasica y todo ello, con las mejores vistas del Puerto de Badalona.<\/strong><\/h3>\n<hr \/>\n<p><strong><i class=\"fa fa-map-marker minti-icon\" style=\"color:#77777 !important; font-size: 20px; margin: 0px 0px 0px 0px\"><\/i> Ubicaci\u00f3n<\/strong>: Local 16, Muelle Norte<\/p>\n<hr \/>\n<p><strong><i class=\"fa fa-clock-o minti-icon\" style=\"color:#77777 !important; font-size: 20px; margin: 0px 0px 0px 0px\"><\/i> Horario<\/strong>: Consultar en Google Maps, seg\u00fan temporada<\/p>\n<hr \/>\n<p><strong><b><i class=\"fa fa-phone minti-icon\" style=\"color:#77777 !important; font-size: 20px; margin: 0px 0px 0px 0px\"><\/i> <\/b>Tel\u00e9fono\u00a0reservas:<\/strong> 611 004 411<\/p>\n<hr \/>\n<p><b><strong><i class=\"fa fa-envelope minti-icon\" style=\"color:#77777 !important; font-size: 20px; margin: 0px 0px 0px 0px\"><\/i> <\/strong><\/b><strong>Correo electr\u00f3nico:<\/strong> <a style=\"font-weight: bold;\" href=\"mailto:info@espaiversatil.com\" target=\"_blank\" rel=\"noopener\">info@espaiversatil.com<\/a><\/p>\n<hr \/>\n<p><b><strong><i class=\"fa fa-plus-square minti-icon\" style=\"color:#77777 !important; font-size: 20px; margin: 0px 0px 0px 0px\"><\/i> Web<\/strong><\/b><strong>: <a href=\"http:\/\/www.espaiversatil.com\" target=\"_blank\" rel=\"noopener\">www.espaiversatil.com<\/a><\/strong><\/p>\n<hr \/>\n<p>[\/vc_column_text][\/vc_column][\/vc_row][vc_row type=\u00bbfull_width_section\u00bb][vc_column bg_color=\u00bb#000000&#8243; column_padding=\u00bbpadding-7&#8243; text_color=\u00bblight\u00bb width=\u00bb1\/2&#8243;]<h2 class=\"headline font-special fontsize-xxxl fontweight-700 lh-inherit align-left transform-uppercase \" style=\"margin: 0 0 0 0;\">FOOD TRUCK LA COSTA<\/h2><div class=\"divider divider5\" style='margin:10px 0 25px 0 !important;'><\/div>[vc_column_text]<\/p>\n<h3><strong>Producto de calidad e imagen \u00fanica. Aunque hemos querido modernizar la imagen preconcebida de la churrer\u00eda y desmarcarnos de esa cl\u00e1sica imagen de remolque blanco de feria, creemos que hay cosas que no hay que cambiar.<br \/>\nHacemos churros y un buen chocolate a la taza, al momento. Tambi\u00e9n tenemos crepes y bocadillos calientes, caf\u00e9s y refrescos. En verano helados, horchata y granizados.<\/strong><\/h3>\n<hr \/>\n<p><strong><i class=\"fa fa-map-marker minti-icon\" style=\"color:#77777 !important; font-size: 20px; margin: 0px 0px 0px 0px\"><\/i> Ubicaci\u00f3n<\/strong>: Muelle de Ribera, junto al parque infantil<\/p>\n<hr \/>\n<p><strong><i class=\"fa fa-clock-o minti-icon\" style=\"color:#77777 !important; font-size: 20px; margin: 0px 0px 0px 0px\"><\/i> Horario<\/strong>: De lunes a domingo, de 8.30h a 14.00h<\/p>\n<hr \/>\n<p><strong><i class=\"fa fa-envelope minti-icon\" style=\"color:#77777 !important; font-size: 20px; margin: 0px 0px 0px 0px\"><\/i> Tel\u00e9fono\u00a0reservas:<\/strong> 601 507 274<\/p>\n<hr \/>\n<p><b><i class=\"fa fa-envelope minti-icon\" style=\"color:#77777 !important; font-size: 20px; margin: 0px 0px 0px 0px\"><\/i> Correo electr\u00f3nico: <\/b><a style=\"font-weight: bold;\" href=\"mailto:eldogepizzeria@gmail.com\" target=\"_blank\" rel=\"noopener\">foodtrucklacosta@gmail.com<\/a><\/p>\n<hr \/>\n<p><b><i class=\"fa fa-plus-square minti-icon\" style=\"color:#77777 !important; font-size: 20px; margin: 0px 0px 0px 0px\"><\/i> IG: <\/b><a style=\"font-weight: bold;\" href=\"https:\/\/www.instagram.com\/foodtrucklacosta\/\" target=\"_blank\" rel=\"noopener\">https:\/\/www.instagram.com\/foodtrucklacosta\/<\/a>[\/vc_column_text][\/vc_column][vc_column bg_image=\u00bb37931&#8243; column_padding=\u00bbpadding-5&#8243; column_center=\u00bbtrue\u00bb width=\u00bb1\/2&#8243;]<div class=\"spacer\" style=\"height: 250px;\"><\/div>[\/vc_column][\/vc_row][vc_row type=\u00bbfull_width_section\u00bb][vc_column bg_image=\u00bb38503&#8243; column_padding=\u00bbpadding-5&#8243; column_center=\u00bbtrue\u00bb width=\u00bb1\/2&#8243;]<div class=\"spacer\" style=\"height: 250px;\"><\/div>[\/vc_column][vc_column bg_color=\u00bb#ffffff\u00bb column_padding=\u00bbpadding-7&#8243; width=\u00bb1\/2&#8243;]<h2 class=\"headline font-special fontsize-xxxl fontweight-700 lh-inherit align-left transform-uppercase \" style=\"margin: 0 0 0 0;\">MARISQUER\u00cdA CAN FERNANDO<\/h2><div class=\"divider divider5\" style='margin:10px 0 25px 0 !important;'><\/div>[vc_column_text]<\/p>\n<h3>En la Marisquer\u00eda Can Fernando, el pescado y marisco fresco son los aut\u00e9nticos protagonistas, seleccionados diariamente para garantizar la m\u00e1xima calidad. Este restaurante ofrece una experiencia culinaria \u00fanica con vistas al Puerto, perfecta para quienes buscan disfrutar de aut\u00e9nticos sabores del mar en un entorno privilegiado.<\/h3>\n<hr \/>\n<p><strong><i class=\"fa fa-map-marker minti-icon\" style=\"color:#77777 !important; font-size: 17px; margin: 0px 0px 0px 0px\"><\/i> Ubicaci\u00f3n<\/strong>: Puerto Deportivo y Pesquero de Badalona.<br \/>\nMuelle Norte. Locales 9 y 10. Badalona.<\/p>\n<hr \/>\n<p><strong><i class=\"fa fa-clock-o minti-icon\" style=\"color:#77777 !important; font-size: 17px; margin: 0px 0px 0px 0px\"><\/i> Horario:<\/strong> De martes a domingo de 13:00h a 16:00h. De jueves a s\u00e1bado de 20:00h a 23:00h.<\/p>\n<hr \/>\n<p><strong><i class=\"fa fa-phone minti-icon\" style=\"color:#77777 !important; font-size: 17px; margin: 0px 0px 0px 0px\"><\/i> Tel\u00e9fono reservas:<\/strong> 660791796<\/p>\n<hr \/>\n<p><b><i class=\"fa fa-envelope minti-icon\" style=\"color:#77777 !important; font-size: 17px; margin: 0px 0px 0px 0px\"><\/i> Correo electr\u00f3nico: <\/b>fernando.myn@hotmail.com<\/p>\n<hr \/>\n<p><b><i class=\"fa fa-hand-o-right minti-icon\" style=\"color:#77777 !important; font-size: 17px; margin: 0px 0px 0px 0px\"><\/i> Web: <a href=\"https:\/\/www.instagram.com\/marisqueria_can_fernando\/\">https:\/\/www.instagram.com\/marisqueria_can_fernando\/<\/a><\/b>[\/vc_column_text][\/vc_column][\/vc_row][vc_row type=\u00bbfull_width_section\u00bb][vc_column bg_color=\u00bb#000000&#8243; column_padding=\u00bbpadding-7&#8243; text_color=\u00bblight\u00bb width=\u00bb1\/2&#8243;]<h2 class=\"headline font-special fontsize-xxxl fontweight-700 lh-inherit align-left transform-uppercase \" style=\"margin: 0 0 0 0;\">PANDOK<\/h2><div class=\"divider divider5\" style='margin:10px 0 25px 0 !important;'><\/div>[vc_column_text]<\/p>\n<h3>Brasear\u00eda<strong>. Especialidades armenias.<\/strong><\/h3>\n<hr \/>\n<p><strong><i class=\"fa fa-map-marker minti-icon\" style=\"color:#77777 !important; font-size: 20px; margin: 0px 0px 0px 0px\"><\/i> Ubicaci\u00f3n:<\/strong> Puerto Deportivo y Pesquero de Badalona.<br \/>\nMuelle Norte. Locales 20 y 21. 08912 BADALONA.<\/p>\n<hr \/>\n<p><strong><i class=\"fa fa-clock-o minti-icon\" style=\"color:#77777 !important; font-size: 20px; margin: 0px 0px 0px 0px\"><\/i> Horario:<\/strong> De martes a domingo.<br \/>\nDe\u00a013h\u00a0a\u00a016h\u00a0y de\u00a020h\u00a0a cierre.<\/p>\n<hr \/>\n<p><strong><i class=\"fa fa-envelope minti-icon\" style=\"color:#77777 !important; font-size: 20px; margin: 0px 0px 0px 0px\"><\/i> Tel\u00e9fono reservas:<\/strong> 722 576 449<\/p>\n<hr \/>\n<p><b><i class=\"fa fa-hand-o-right minti-icon\" style=\"color:#77777 !important; font-size: 20px; margin: 0px 0px 0px 0px\"><\/i> Correo\u00a0electr\u00f3nico: <\/b><a style=\"font-weight: bold;\" href=\"mailto:pandokbraseria@gmail.com\">pandokbraseria@gmail.com<\/a>[\/vc_column_text][\/vc_column][vc_column bg_image=\u00bb19855&#8243; column_padding=\u00bbpadding-5&#8243; column_center=\u00bbtrue\u00bb width=\u00bb1\/2&#8243;]<div class=\"spacer\" style=\"height: 250px;\"><\/div>[\/vc_column][\/vc_row][vc_row type=\u00bbfull_width_section\u00bb][vc_column bg_color=\u00bb#f9f9f9&#8243; bg_image=\u00bb19854&#8243; column_padding=\u00bbpadding-7&#8243; width=\u00bb1\/2&#8243;]<div class=\"spacer\" style=\"height: 250px;\"><\/div>[\/vc_column][vc_column bg_color=\u00bb#ffffff\u00bb column_padding=\u00bbpadding-5&#8243; column_center=\u00bbtrue\u00bb width=\u00bb1\/2&#8243;]<h2 class=\"headline font-special fontsize-xxxl fontweight-700 lh-inherit align-left transform-uppercase \" style=\"margin: 0 0 0 0;\">MARINA PALACE<\/h2><div class=\"divider divider5\" style='margin:10px 0 25px 0 !important;'><\/div>[vc_column_text]<\/p>\n<h3><strong>Marina\u00a0Palace. Especialidad en Cocina China.<\/strong><\/h3>\n<hr \/>\n<p><strong><i class=\"fa fa-map-marker minti-icon\" style=\"color:#77777 !important; font-size: 20px; margin: 0px 0px 0px 0px\"><\/i> Ubicaci\u00f3n: <\/strong>Puerto Deportivo y Pesquero de Badalona.<br \/>\nMuelle de Capitan\u00eda.<\/p>\n<hr \/>\n<p><strong><i class=\"fa fa-clock-o minti-icon\" style=\"color:#77777 !important; font-size: 20px; margin: 0px 0px 0px 0px\"><\/i> Horario: <\/strong>De lunes a domingo. de 12.00h a 16.30h<br \/>\ny de 19.00h a 00.00h<\/p>\n<hr \/>\n<p><strong><i class=\"fa fa-envelope minti-icon\" style=\"color:#77777 !important; font-size: 20px; margin: 0px 0px 0px 0px\"><\/i> Tel\u00e9fono reservas: <\/strong>933207623<\/p>\n<hr \/>\n<p><b><i class=\"fa fa-hand-o-right minti-icon\" style=\"color:#77777 !important; font-size: 20px; margin: 0px 0px 0px 0px\"><\/i> Correo electr\u00f3nico: <a href=\"mailto:852283361@qq.com\">852283361@qq.com<\/a><\/b>[\/vc_column_text][\/vc_column][\/vc_row]<\/p>\n<\/div>","protected":false},"excerpt":{"rendered":"<p>[vc_row type=\u00bbfull_width_section\u00bb][vc_column width=\u00bb1\/1&#8243;][\/vc_column][\/vc_row][vc_row top_padding=\u00bb100&#8243; bottom_padding=\u00bb80&#8243;][vc_column width=\u00bb1\/1&#8243;][\/vc_column][\/vc_row][vc_row type=\u00bbfull_width_section\u00bb][vc_column width=\u00bb1\/1&#8243;][\/vc_column][\/vc_row][vc_row type=\u00bbfull_width_section\u00bb][vc_column bg_color=\u00bb#222222&#8243; column_padding=\u00bbpadding-7&#8243; text_color=\u00bblight\u00bb width=\u00bb1\/2&#8243;][vc_column_text] El \u00fanico Beach Club abierto todo el a\u00f1o, situado en una playa exclusiva de Badalona. Cocina mediterr\u00e1nea. Especialidades: Arroces de mar y de monta\u00f1a, de temporadas y steak tartars. Se pueden celebrar casamientos, reuniones de empresa y eventos privados. Los s\u00e1bados y domingos de 17h a 22h, se realizan los tardeos &#8216;Badalona Sunset&#8217; con sets de DJ o m\u00fasica en directo, dependiendo del d\u00eda. Ubicaci\u00f3n: Platja de la Marina Horario: S\u00e1bados y domingos de 12.00h a 23.00h Tel\u00e9fono de reservas: 626 804 848 IG: puertobaiaclubdemar [\/vc_column_text][\/vc_column][vc_column bg_image=\u00bb37872&#8243; column_padding=\u00bbpadding-5&#8243; column_center=\u00bbtrue\u00bb width=\u00bb1\/2&#8243;][\/vc_column][\/vc_row][vc_row type=\u00bbfull_width_section\u00bb][vc_column bg_image=\u00bb38484&#8243; column_padding=\u00bbpadding-5&#8243; column_center=\u00bbtrue\u00bb text_align=\u00bbcenter\u00bb width=\u00bb1\/2&#8243;][\/vc_column][vc_column bg_color=\u00bb#f9f9f9&#8243; column_padding=\u00bbpadding-7&#8243; width=\u00bb1\/2&#8243;][vc_column_text] Un espacio muy vers\u00e1til, en el que poder hacer un vermut, comer compartiendo un tapeo 2.0, arroces acabados en un horno de le\u00f1a, pescado de temporada o buenas carnes, seguido de una copa, hacer un tardeo con m\u00fasica en directo, picar algo para cenar con alg\u00fan mon\u00f3logo, poder hacer otra copa con buena m\u00fasica y todo ello, con las mejores vistas del Puerto de Badalona. Ubicaci\u00f3n: Local 16, Muelle Norte Horario: Consultar en Google Maps, seg\u00fan temporada Tel\u00e9fono\u00a0reservas: 611 004 411 Correo electr\u00f3nico: info@espaiversatil.com Web: www.espaiversatil.com [\/vc_column_text][\/vc_column][\/vc_row][vc_row type=\u00bbfull_width_section\u00bb][vc_column [&hellip;]<\/p>\n","protected":false},"author":1784,"featured_media":0,"parent":0,"menu_order":0,"comment_status":"closed","ping_status":"closed","template":"","meta":{"footnotes":""},"class_list":["post-21213","page","type-page","status-publish","hentry"],"_links":{"self":[{"href":"https:\/\/marinabadalona.cat\/es\/wp-json\/wp\/v2\/pages\/21213","targetHints":{"allow":["GET"]}}],"collection":[{"href":"https:\/\/marinabadalona.cat\/es\/wp-json\/wp\/v2\/pages"}],"about":[{"href":"https:\/\/marinabadalona.cat\/es\/wp-json\/wp\/v2\/types\/page"}],"author":[{"embeddable":true,"href":"https:\/\/marinabadalona.cat\/es\/wp-json\/wp\/v2\/users\/1784"}],"replies":[{"embeddable":true,"href":"https:\/\/marinabadalona.cat\/es\/wp-json\/wp\/v2\/comments?post=21213"}],"version-history":[{"count":17,"href":"https:\/\/marinabadalona.cat\/es\/wp-json\/wp\/v2\/pages\/21213\/revisions"}],"predecessor-version":[{"id":39129,"href":"https:\/\/marinabadalona.cat\/es\/wp-json\/wp\/v2\/pages\/21213\/revisions\/39129"}],"wp:attachment":[{"href":"https:\/\/marinabadalona.cat\/es\/wp-json\/wp\/v2\/media?parent=21213"}],"curies":[{"name":"wp","href":"https:\/\/api.w.org\/{rel}","templated":true}]}}