
{"id":21320,"date":"2021-10-21T08:25:26","date_gmt":"2021-10-21T08:25:26","guid":{"rendered":"https:\/\/novaweb.marinabadalona.cat\/es\/benzinera\/"},"modified":"2022-03-23T10:17:38","modified_gmt":"2022-03-23T10:17:38","slug":"gasolinera","status":"publish","type":"page","link":"https:\/\/marinabadalona.cat\/es\/gasolinera\/","title":{"rendered":"Gasolinera"},"content":{"rendered":"<div class=\"wpb-content-wrapper\"><p>[vc_row type=\u00bbfull_width_section\u00bb][vc_column width=\u00bb1\/1&#8243;][rev_slider_vc alias=\u00bbSLIDE-HOME_CA\u00bb][\/vc_column][\/vc_row][vc_row top_padding=\u00bb100&#8243; bottom_padding=\u00bb80&#8243;][vc_column width=\u00bb1\/1&#8243;]<h1 class=\"headline font-special fontsize-xxxl fontweight-500 lh-inherit align-center transform-uppercase \" style=\"margin: 0 0 00px 0;\">BENZINERA<\/h1><div class=\"headline font-special fontsize-l fontweight-400 lh-inherit align-center transform-inherit \" style=\"margin: 0 0 00px 0; color: #999999;\">AUTOSERVEI 24H O ATENCI\u00d3 PERSONALITZADA DE 8h A 20H<\/div>[\/vc_column][\/vc_row][vc_row bg_color=\u00bb#f9f9f9&#8243; top_padding=\u00bb100&#8243; bottom_padding=\u00bb80&#8243;][vc_column width=\u00bb1\/2&#8243;]<h3 class=\"headline font-special fontsize-l fontweight-700 lh-inherit align-left transform-uppercase \" style=\"margin: 0 0 20px 0;\">REPOSTA AL TEU PORT<\/h3>[vc_column_text]<\/p>\n<p style=\"text-align: justify;\">L\u2019estaci\u00f3 de combustible del Port de Badalona, de f\u00e0cil localitzaci\u00f3 i acc\u00e9s, t\u2019abasteix de combustible\u00a0les 24h\/365 dies l\u2019any\u00a0amb autoservei i, si ho prefereixes, amb atenci\u00f3 per part de l\u2019equip de marineria de 8h a 20h.<br \/>\nEs pot repostar benzina 95 i di\u00e8sel. Tamb\u00e9 disposa de venda de gel i servei de buidatge i neteja de sentines.<\/p>\n<p>[\/vc_column_text][\/vc_column][vc_column width=\u00bb1\/2&#8243;]<div class=\"single_image wpb_content_element align-center    \" data-animation=\"none\" data-delay=\"0\"><img loading=\"lazy\" decoding=\"async\" width=\"1000\" height=\"1000\" src=\"https:\/\/marinabadalona.cat\/wp-content\/uploads\/2022\/01\/gasolinera-marina-badalona.png\" class=\"attachment-full\" alt=\"\" title=\"gasolinera-marina-badalona\" srcset=\"https:\/\/marinabadalona.cat\/wp-content\/uploads\/2022\/01\/gasolinera-marina-badalona.png 1000w, https:\/\/marinabadalona.cat\/wp-content\/uploads\/2022\/01\/gasolinera-marina-badalona-300x300.png 300w, https:\/\/marinabadalona.cat\/wp-content\/uploads\/2022\/01\/gasolinera-marina-badalona-150x150.png 150w, https:\/\/marinabadalona.cat\/wp-content\/uploads\/2022\/01\/gasolinera-marina-badalona-768x768.png 768w, https:\/\/marinabadalona.cat\/wp-content\/uploads\/2022\/01\/gasolinera-marina-badalona-80x80.png 80w, https:\/\/marinabadalona.cat\/wp-content\/uploads\/2022\/01\/gasolinera-marina-badalona-500x500.png 500w, https:\/\/marinabadalona.cat\/wp-content\/uploads\/2022\/01\/gasolinera-marina-badalona-600x600.png 600w, https:\/\/marinabadalona.cat\/wp-content\/uploads\/2022\/01\/gasolinera-marina-badalona-100x100.png 100w\" sizes=\"auto, (max-width: 1000px) 100vw, 1000px\" \/><\/div>[\/vc_column][\/vc_row][vc_row type=\u00bbfull_width_section\u00bb][vc_column width=\u00bb1\/3&#8243;]<div class=\"single_image wpb_content_element align-left    \" data-animation=\"none\" data-delay=\"0\"><img loading=\"lazy\" decoding=\"async\" width=\"1000\" height=\"1000\" src=\"https:\/\/marinabadalona.cat\/wp-content\/uploads\/2021\/10\/Gasolinera-marina-badalona-detalle-dortoka.jpg\" class=\"attachment-full\" alt=\"\" title=\"Gasolinera-marina-badalona-detalle-dortoka\" srcset=\"https:\/\/marinabadalona.cat\/wp-content\/uploads\/2021\/10\/Gasolinera-marina-badalona-detalle-dortoka.jpg 1000w, https:\/\/marinabadalona.cat\/wp-content\/uploads\/2021\/10\/Gasolinera-marina-badalona-detalle-dortoka-300x300.jpg 300w, https:\/\/marinabadalona.cat\/wp-content\/uploads\/2021\/10\/Gasolinera-marina-badalona-detalle-dortoka-150x150.jpg 150w, https:\/\/marinabadalona.cat\/wp-content\/uploads\/2021\/10\/Gasolinera-marina-badalona-detalle-dortoka-768x768.jpg 768w, https:\/\/marinabadalona.cat\/wp-content\/uploads\/2021\/10\/Gasolinera-marina-badalona-detalle-dortoka-80x80.jpg 80w, https:\/\/marinabadalona.cat\/wp-content\/uploads\/2021\/10\/Gasolinera-marina-badalona-detalle-dortoka-500x500.jpg 500w, https:\/\/marinabadalona.cat\/wp-content\/uploads\/2021\/10\/Gasolinera-marina-badalona-detalle-dortoka-600x600.jpg 600w, https:\/\/marinabadalona.cat\/wp-content\/uploads\/2021\/10\/Gasolinera-marina-badalona-detalle-dortoka-100x100.jpg 100w\" sizes=\"auto, (max-width: 1000px) 100vw, 1000px\" \/><\/div>[\/vc_column][vc_column width=\u00bb1\/3&#8243;]<div class=\"single_image wpb_content_element align-left    \" data-animation=\"none\" data-delay=\"0\"><img loading=\"lazy\" decoding=\"async\" width=\"1000\" height=\"1000\" src=\"https:\/\/marinabadalona.cat\/wp-content\/uploads\/2022\/03\/benzinera-2.jpg\" class=\"attachment-full\" alt=\"\" title=\"benzinera-2\" srcset=\"https:\/\/marinabadalona.cat\/wp-content\/uploads\/2022\/03\/benzinera-2.jpg 1000w, https:\/\/marinabadalona.cat\/wp-content\/uploads\/2022\/03\/benzinera-2-300x300.jpg 300w, https:\/\/marinabadalona.cat\/wp-content\/uploads\/2022\/03\/benzinera-2-150x150.jpg 150w, https:\/\/marinabadalona.cat\/wp-content\/uploads\/2022\/03\/benzinera-2-768x768.jpg 768w, https:\/\/marinabadalona.cat\/wp-content\/uploads\/2022\/03\/benzinera-2-80x80.jpg 80w, https:\/\/marinabadalona.cat\/wp-content\/uploads\/2022\/03\/benzinera-2-500x500.jpg 500w, https:\/\/marinabadalona.cat\/wp-content\/uploads\/2022\/03\/benzinera-2-600x600.jpg 600w, https:\/\/marinabadalona.cat\/wp-content\/uploads\/2022\/03\/benzinera-2-100x100.jpg 100w\" sizes=\"auto, (max-width: 1000px) 100vw, 1000px\" \/><\/div>[\/vc_column][vc_column width=\u00bb1\/3&#8243;]<div class=\"single_image wpb_content_element align-left    \" data-animation=\"none\" data-delay=\"0\"><img loading=\"lazy\" decoding=\"async\" width=\"1000\" height=\"1000\" src=\"https:\/\/marinabadalona.cat\/wp-content\/uploads\/2021\/10\/Gasolinera-marina-badalona-detalle-dortoka-1.jpg\" class=\"attachment-full\" alt=\"\" title=\"Gasolinera-marina-badalona-detalle-dortoka\" srcset=\"https:\/\/marinabadalona.cat\/wp-content\/uploads\/2021\/10\/Gasolinera-marina-badalona-detalle-dortoka-1.jpg 1000w, https:\/\/marinabadalona.cat\/wp-content\/uploads\/2021\/10\/Gasolinera-marina-badalona-detalle-dortoka-1-300x300.jpg 300w, https:\/\/marinabadalona.cat\/wp-content\/uploads\/2021\/10\/Gasolinera-marina-badalona-detalle-dortoka-1-150x150.jpg 150w, https:\/\/marinabadalona.cat\/wp-content\/uploads\/2021\/10\/Gasolinera-marina-badalona-detalle-dortoka-1-768x768.jpg 768w, https:\/\/marinabadalona.cat\/wp-content\/uploads\/2021\/10\/Gasolinera-marina-badalona-detalle-dortoka-1-80x80.jpg 80w, https:\/\/marinabadalona.cat\/wp-content\/uploads\/2021\/10\/Gasolinera-marina-badalona-detalle-dortoka-1-500x500.jpg 500w, https:\/\/marinabadalona.cat\/wp-content\/uploads\/2021\/10\/Gasolinera-marina-badalona-detalle-dortoka-1-600x600.jpg 600w, https:\/\/marinabadalona.cat\/wp-content\/uploads\/2021\/10\/Gasolinera-marina-badalona-detalle-dortoka-1-100x100.jpg 100w\" sizes=\"auto, (max-width: 1000px) 100vw, 1000px\" \/><\/div>[\/vc_column][\/vc_row]<\/p>\n<\/div>","protected":false},"excerpt":{"rendered":"<p>[vc_row type=\u00bbfull_width_section\u00bb][vc_column width=\u00bb1\/1&#8243;][rev_slider_vc alias=\u00bbSLIDE-HOME_CA\u00bb][\/vc_column][\/vc_row][vc_row top_padding=\u00bb100&#8243; bottom_padding=\u00bb80&#8243;][vc_column width=\u00bb1\/1&#8243;][\/vc_column][\/vc_row][vc_row bg_color=\u00bb#f9f9f9&#8243; top_padding=\u00bb100&#8243; bottom_padding=\u00bb80&#8243;][vc_column width=\u00bb1\/2&#8243;][vc_column_text] L\u2019estaci\u00f3 de combustible del Port de Badalona, de f\u00e0cil localitzaci\u00f3 i acc\u00e9s, t\u2019abasteix de combustible\u00a0les 24h\/365 dies l\u2019any\u00a0amb autoservei i, si ho prefereixes, amb atenci\u00f3 per part de l\u2019equip de marineria de 8h a 20h. Es pot repostar benzina 95 i di\u00e8sel. Tamb\u00e9 disposa de venda de gel i servei de buidatge i neteja de sentines. [\/vc_column_text][\/vc_column][vc_column width=\u00bb1\/2&#8243;][\/vc_column][\/vc_row][vc_row type=\u00bbfull_width_section\u00bb][vc_column width=\u00bb1\/3&#8243;][\/vc_column][vc_column width=\u00bb1\/3&#8243;][\/vc_column][vc_column width=\u00bb1\/3&#8243;][\/vc_column][\/vc_row]<\/p>\n","protected":false},"author":1,"featured_media":0,"parent":0,"menu_order":0,"comment_status":"open","ping_status":"closed","template":"","meta":{"footnotes":""},"class_list":["post-21320","page","type-page","status-publish","hentry"],"_links":{"self":[{"href":"https:\/\/marinabadalona.cat\/es\/wp-json\/wp\/v2\/pages\/21320","targetHints":{"allow":["GET"]}}],"collection":[{"href":"https:\/\/marinabadalona.cat\/es\/wp-json\/wp\/v2\/pages"}],"about":[{"href":"https:\/\/marinabadalona.cat\/es\/wp-json\/wp\/v2\/types\/page"}],"author":[{"embeddable":true,"href":"https:\/\/marinabadalona.cat\/es\/wp-json\/wp\/v2\/users\/1"}],"replies":[{"embeddable":true,"href":"https:\/\/marinabadalona.cat\/es\/wp-json\/wp\/v2\/comments?post=21320"}],"version-history":[{"count":0,"href":"https:\/\/marinabadalona.cat\/es\/wp-json\/wp\/v2\/pages\/21320\/revisions"}],"wp:attachment":[{"href":"https:\/\/marinabadalona.cat\/es\/wp-json\/wp\/v2\/media?parent=21320"}],"curies":[{"name":"wp","href":"https:\/\/api.w.org\/{rel}","templated":true}]}}