
{"id":23497,"date":"2022-05-02T14:21:57","date_gmt":"2022-05-02T14:21:57","guid":{"rendered":"https:\/\/marinabadalona.cat\/es\/programacio-moll-de-capitania\/"},"modified":"2022-05-02T14:40:14","modified_gmt":"2022-05-02T14:40:14","slug":"programacion-muelle-de-capitania","status":"publish","type":"page","link":"https:\/\/marinabadalona.cat\/es\/programacion-muelle-de-capitania\/","title":{"rendered":"PROGRAMACI\u00d3N MUELLE DE CAPITAN\u00cdA"},"content":{"rendered":"<div class=\"wpb-content-wrapper\"><p>[vc_row top_padding=\u00bb40&#8243; bottom_padding=\u00bb40&#8243;][vc_column width=\u00bb1\/1&#8243;]<h1 class=\"headline font-special fontsize-xxl fontweight-500 lh-inherit align-center transform-uppercase \" style=\"margin: 0 0 20px 0;\">PROGRAMACI\u00d3N MUELLE DE CAPITAN\u00cdA<\/h1><div class=\"headline font-special fontsize-l fontweight-400 lh-inherit align-center transform-inherit \" style=\"margin: 0 0 20px 0; color: #999999;\">Visites al Quetx Ciutat Badalona, l\u2019embarcaci\u00f3 cl\u00e0ssica de la ciutat.<\/div><div class=\"divider divider1\" style='margin:0px 0 0px 0 !important;'><\/div>[\/vc_column][\/vc_row][vc_row bottom_padding=\u00bb40&#8243;][vc_column width=\u00bb1\/2&#8243;][vc_column_text]<span style=\"color: #000000;\"><strong>VISITA A EMBARCACIONES.<br \/>\n<\/strong><\/span><span style=\"color: #000000;\">Visitas al Queche Ciutat Badalona, la embarcaci\u00f3n cl\u00e1sica de la ciudad. Tambi\u00e9n al velero ASTRAL de la Fundaci\u00f3n Proactiva Open Arms si no ha salido de misi\u00f3n al Mediterr\u00e1neo y diferentes tipos de veleros. Estas actividades no requieren de reserva previa. Estar\u00e1n conducidas por miembros de la Associaci\u00f3 Amics del Quetx Ciutat Badalona, por voluntarios de PROA y por personas vinculadas al Club de Vela Badalona, respectivamente.<\/span>[\/vc_column_text][\/vc_column][vc_column width=\u00bb1\/2&#8243;][vc_column_text]<span style=\"color: #000000;\"><strong>Ubicaci\u00f3n: <\/strong>Muelle de Capitan\u00eda<\/span><br \/>\n<span style=\"color: #000000;\"><strong>Horarios: <\/strong>De 10h a 13h.<\/span>[\/vc_column_text][\/vc_column][\/vc_row][vc_row][vc_column width=\u00bb1\/1&#8243;][vc_column_text]\n<table id=\"tablepress-159\" class=\"tablepress tablepress-id-159\">\n<thead>\n<tr class=\"row-1\">\n\t<th class=\"column-1\">HORARIO<\/th><th class=\"column-2\">ACTIVIDAD<\/th><th class=\"column-3\"> \tDESCRIPCI\u00d3N<\/th>\n<\/tr>\n<\/thead>\n<tbody class=\"row-striping row-hover\">\n<tr class=\"row-2\">\n\t<td class=\"column-1\">De 10.00h a 13.00h <\/td><td class=\"column-2\">Visitas al velero ASTRAL de Open Arms <\/td><td class=\"column-3\">Las personas participantes en la I Trobada Dona i Mar podr\u00e1n visitar el velero de la ong que naci\u00f3 en Badalona con el lema \"Somos socorristas y salvamos vidas\".<\/td>\n<\/tr>\n<tr class=\"row-3\">\n\t<td class=\"column-1\">De 10.00h a 13.00h <\/td><td class=\"column-2\">Visistas al Queche CIUTAT BADALONA  <\/td><td class=\"column-3\">Los miembros de la Associaci\u00f3 d'Amics del Quetx Ciutat Badalona mostrar\u00e1n a las personas participantes en la I Trobada Dona i Mar las interioridades de la embarcaci\u00f3n cl\u00e1sica. Tienen a punto el calendario de salidas y pr\u00f3ximos encuentros. <\/td>\n<\/tr>\n<tr class=\"row-4\">\n\t<td class=\"column-1\">De 10.00h a 13.00h <\/td><td class=\"column-2\">Con\u00e8ixer una embarcaci\u00f3 de vela de creuer  <\/td><td class=\"column-3\"> Seguro que siempre hab\u00e9is tenido curiosidad para conocer una embarcaci\u00f3n de vela de crucero, c\u00f3mo es, c\u00f3mo funciona, c\u00f3mo navega, c\u00f3mo funcionan las regatas. Ser\u00e1 posible para las personas inscritas en la I Trobada Dona i Mar gracias al Club de Vela Badalona.  <br \/>\n<\/td>\n<\/tr>\n<\/tbody>\n<\/table>\n<!-- #tablepress-159 from cache -->[\/vc_column_text][\/vc_column][\/vc_row]<\/p>\n<\/div>","protected":false},"excerpt":{"rendered":"<p>[vc_row top_padding=\u00bb40&#8243; bottom_padding=\u00bb40&#8243;][vc_column width=\u00bb1\/1&#8243;][\/vc_column][\/vc_row][vc_row bottom_padding=\u00bb40&#8243;][vc_column width=\u00bb1\/2&#8243;][vc_column_text]VISITA A EMBARCACIONES. Visitas al Queche Ciutat Badalona, la embarcaci\u00f3n cl\u00e1sica de la ciudad. Tambi\u00e9n al velero ASTRAL de la Fundaci\u00f3n Proactiva Open Arms si no ha salido de misi\u00f3n al Mediterr\u00e1neo y diferentes tipos de veleros. Estas actividades no requieren de reserva previa. Estar\u00e1n conducidas por miembros de la Associaci\u00f3 Amics del Quetx Ciutat Badalona, por voluntarios de PROA y por personas vinculadas al Club de Vela Badalona, respectivamente.[\/vc_column_text][\/vc_column][vc_column width=\u00bb1\/2&#8243;][vc_column_text]Ubicaci\u00f3n: Muelle de Capitan\u00eda Horarios: De 10h a 13h.[\/vc_column_text][\/vc_column][\/vc_row][vc_row][vc_column width=\u00bb1\/1&#8243;][vc_column_text][\/vc_column_text][\/vc_column][\/vc_row]<\/p>\n","protected":false},"author":1,"featured_media":0,"parent":0,"menu_order":0,"comment_status":"open","ping_status":"closed","template":"","meta":{"footnotes":""},"class_list":["post-23497","page","type-page","status-publish","hentry"],"_links":{"self":[{"href":"https:\/\/marinabadalona.cat\/es\/wp-json\/wp\/v2\/pages\/23497","targetHints":{"allow":["GET"]}}],"collection":[{"href":"https:\/\/marinabadalona.cat\/es\/wp-json\/wp\/v2\/pages"}],"about":[{"href":"https:\/\/marinabadalona.cat\/es\/wp-json\/wp\/v2\/types\/page"}],"author":[{"embeddable":true,"href":"https:\/\/marinabadalona.cat\/es\/wp-json\/wp\/v2\/users\/1"}],"replies":[{"embeddable":true,"href":"https:\/\/marinabadalona.cat\/es\/wp-json\/wp\/v2\/comments?post=23497"}],"version-history":[{"count":0,"href":"https:\/\/marinabadalona.cat\/es\/wp-json\/wp\/v2\/pages\/23497\/revisions"}],"wp:attachment":[{"href":"https:\/\/marinabadalona.cat\/es\/wp-json\/wp\/v2\/media?parent=23497"}],"curies":[{"name":"wp","href":"https:\/\/api.w.org\/{rel}","templated":true}]}}