
{"id":26405,"date":"2022-05-19T09:21:10","date_gmt":"2022-05-19T09:21:10","guid":{"rendered":"https:\/\/marinabadalona.cat\/quetx-base-tienda\/"},"modified":"2022-05-27T13:59:43","modified_gmt":"2022-05-27T11:59:43","slug":"reserva-salidas-tematicas","status":"publish","type":"page","link":"https:\/\/marinabadalona.cat\/es\/reserva-salidas-tematicas\/","title":{"rendered":"RESERVA SALIDAS TEM\u00c1TICAS"},"content":{"rendered":"<div class=\"wpb-content-wrapper\"><p>[vc_row bg_color=\u00bb#222222&#8243; text_color=\u00bblight\u00bb top_padding=\u00bb10&#8243; bottom_padding=\u00bb10&#8243;][vc_column width=\u00bb1\/1&#8243;]<div class=\"headline font-special fontsize-s fontweight-400 lh-inherit align-center transform-uppercase \" style=\"margin: 0;\"><strong>PROGRAMACI\u00d3N DE SALIDAS DE NAVEGACI\u00d3N TEMATICAS \u00b7 <\/strong> experiencia \u00fanica <strong>\u00b7 17\u20ac <\/strong>\u00b7 Barcelona<strong> \u00b7 Menores 12\u20ac<\/strong><\/div>[\/vc_column][\/vc_row][vc_row top_padding=\u00bb100&#8243; bottom_padding=\u00bb80&#8243; bg_position=\u00bbleft top\u00bb][vc_column width=\u00bb1\/1&#8243;]<h1 class=\"headline font-special fontsize-xxl fontweight-500 lh-inherit align-center transform-inherit \" style=\"margin: 0 0 20px 0;\">EXPERIENCIAS \u00daNICAS A BORDO DE UNA<br \/>\nEMBARCACI\u00d3N CENTENARIA<\/h1><div class=\"headline font-special fontsize-l fontweight-400 lh-inherit align-center transform-inherit no-trasnform\" style=\"margin: 0 0 15px 0;\">NAVEGA POR LA MA\u00d1ANA Y DESCUBRE LA CIUDAD DESDE EL MAR, EMB\u00c1RCATE A LA PUESTA DEL SOL, VIVE UNA AVENTURA PIRATA O ELIGE CONOCER LAS AVES. ACERTAR\u00c1S SIEMPRE.<\/div>[\/vc_column][\/vc_row][vc_row top_padding=\u00bb40&#8243; bottom_padding=\u00bb40&#8243;][vc_column width=\u00bb1\/2&#8243;]<div class=\"single_image wpb_content_element align-left    \" data-animation=\"none\" data-delay=\"0\"><a href=\"https:\/\/marinabadalona.cat\/es\/producto\/va-de-piratas\/\" target=\"_blank\"><img loading=\"lazy\" decoding=\"async\" width=\"1920\" height=\"1080\" src=\"https:\/\/marinabadalona.cat\/wp-content\/uploads\/2022\/05\/quetx-va-de-pirates-cover.jpg\" class=\"attachment-full\" alt=\"\" title=\"quetx-va-de-pirates-cover\" srcset=\"https:\/\/marinabadalona.cat\/wp-content\/uploads\/2022\/05\/quetx-va-de-pirates-cover.jpg 1920w, https:\/\/marinabadalona.cat\/wp-content\/uploads\/2022\/05\/quetx-va-de-pirates-cover-300x169.jpg 300w, https:\/\/marinabadalona.cat\/wp-content\/uploads\/2022\/05\/quetx-va-de-pirates-cover-1024x576.jpg 1024w, https:\/\/marinabadalona.cat\/wp-content\/uploads\/2022\/05\/quetx-va-de-pirates-cover-768x432.jpg 768w, https:\/\/marinabadalona.cat\/wp-content\/uploads\/2022\/05\/quetx-va-de-pirates-cover-1536x864.jpg 1536w, https:\/\/marinabadalona.cat\/wp-content\/uploads\/2022\/05\/quetx-va-de-pirates-cover-1000x563.jpg 1000w, https:\/\/marinabadalona.cat\/wp-content\/uploads\/2022\/05\/quetx-va-de-pirates-cover-1320x743.jpg 1320w, https:\/\/marinabadalona.cat\/wp-content\/uploads\/2022\/05\/quetx-va-de-pirates-cover-600x338.jpg 600w\" sizes=\"auto, (max-width: 1920px) 100vw, 1920px\" \/><\/a><\/div>[vc_column_text]<\/p>\n<h6>Va de Piratas<\/h6>\n<p>Antes del siglo XV ya eran frecuentes las incursiones piratas argelinas y tunecinas en nuestras costas. En Badalona, hab\u00eda uno muy temido: el corsario Catxidiable. Aventuras en familia.<\/p>\n<a href=\"http:\/\/\" target=\"_blank\" class=\"button color-6 large \" style=\"border-radius: 2px;\">RESERVAR<\/a>[\/vc_column_text][\/vc_column][vc_column width=\u00bb1\/2&#8243;]<div class=\"single_image wpb_content_element align-left    \" data-animation=\"none\" data-delay=\"0\"><a href=\"https:\/\/marinabadalona.cat\/es\/producto\/avistamiento-de-aves\/\" target=\"_blank\"><img loading=\"lazy\" decoding=\"async\" width=\"1920\" height=\"1080\" src=\"https:\/\/marinabadalona.cat\/wp-content\/uploads\/2022\/05\/quetx-albirament-daus..jpg\" class=\"attachment-full\" alt=\"\" title=\"quetx-albirament-daus.\" srcset=\"https:\/\/marinabadalona.cat\/wp-content\/uploads\/2022\/05\/quetx-albirament-daus..jpg 1920w, https:\/\/marinabadalona.cat\/wp-content\/uploads\/2022\/05\/quetx-albirament-daus.-300x169.jpg 300w, https:\/\/marinabadalona.cat\/wp-content\/uploads\/2022\/05\/quetx-albirament-daus.-1024x576.jpg 1024w, https:\/\/marinabadalona.cat\/wp-content\/uploads\/2022\/05\/quetx-albirament-daus.-768x432.jpg 768w, https:\/\/marinabadalona.cat\/wp-content\/uploads\/2022\/05\/quetx-albirament-daus.-1536x864.jpg 1536w, https:\/\/marinabadalona.cat\/wp-content\/uploads\/2022\/05\/quetx-albirament-daus.-1000x563.jpg 1000w, https:\/\/marinabadalona.cat\/wp-content\/uploads\/2022\/05\/quetx-albirament-daus.-1320x743.jpg 1320w, https:\/\/marinabadalona.cat\/wp-content\/uploads\/2022\/05\/quetx-albirament-daus.-600x338.jpg 600w\" sizes=\"auto, (max-width: 1920px) 100vw, 1920px\" \/><\/a><\/div>[vc_column_text]<\/p>\n<h6>AVISTAMIENTO DE AVES<\/h6>\n<p>De las aproximadamente 9.000 especies de aves que existen en el mundo, unas 300 est\u00e1n consideradas como marinas. Esta experiencia te propone buscarlas en su medio.<\/p>\n<a href=\"http:\/\/\" target=\"_blank\" class=\"button color-6 large \" style=\"border-radius: 2px;\">RESERVAR<\/a>[\/vc_column_text][\/vc_column][\/vc_row][vc_row top_padding=\u00bb40&#8243; bottom_padding=\u00bb40&#8243;][vc_column width=\u00bb1\/2&#8243;]<div class=\"single_image wpb_content_element align-left    \" data-animation=\"none\" data-delay=\"0\"><a href=\"https:\/\/marinabadalona.cat\/es\/producto\/badalona-desde-el-mar-nuestro-skyline\/\" target=\"_blank\"><img loading=\"lazy\" decoding=\"async\" width=\"1920\" height=\"1080\" src=\"https:\/\/marinabadalona.cat\/wp-content\/uploads\/2022\/05\/quetx-skyline-cover.jpg\" class=\"attachment-full\" alt=\"\" title=\"quetx-skyline-cover\" srcset=\"https:\/\/marinabadalona.cat\/wp-content\/uploads\/2022\/05\/quetx-skyline-cover.jpg 1920w, https:\/\/marinabadalona.cat\/wp-content\/uploads\/2022\/05\/quetx-skyline-cover-300x169.jpg 300w, https:\/\/marinabadalona.cat\/wp-content\/uploads\/2022\/05\/quetx-skyline-cover-1024x576.jpg 1024w, https:\/\/marinabadalona.cat\/wp-content\/uploads\/2022\/05\/quetx-skyline-cover-768x432.jpg 768w, https:\/\/marinabadalona.cat\/wp-content\/uploads\/2022\/05\/quetx-skyline-cover-1536x864.jpg 1536w, https:\/\/marinabadalona.cat\/wp-content\/uploads\/2022\/05\/quetx-skyline-cover-1000x563.jpg 1000w, https:\/\/marinabadalona.cat\/wp-content\/uploads\/2022\/05\/quetx-skyline-cover-1320x743.jpg 1320w, https:\/\/marinabadalona.cat\/wp-content\/uploads\/2022\/05\/quetx-skyline-cover-600x338.jpg 600w\" sizes=\"auto, (max-width: 1920px) 100vw, 1920px\" \/><\/a><\/div>[vc_column_text]<\/p>\n<h6>BADALONA DESDE EL MAR. NUESTRO SKYLINE<\/h6>\n<p>\u00bfC\u00f3mo se ve la ciudad desde el mar? \u00bfSe identifica el campanario de Sant Josep? \u00bfCu\u00e1les eran las referencias de los pescadores para volver a la costa? Conoce la historia de la ciudad desde una nueva perspectiva<\/p>\n<a href=\"http:\/\/\" target=\"_blank\" class=\"button color-6 large \" style=\"border-radius: 2px;\">RESERVAR<\/a>[\/vc_column_text][\/vc_column][vc_column width=\u00bb1\/2&#8243;]<div class=\"single_image wpb_content_element align-left    \" data-animation=\"none\" data-delay=\"0\"><a href=\"https:\/\/marinabadalona.cat\/es\/producto\/puesta-de-sol\/\" target=\"_blank\"><img loading=\"lazy\" decoding=\"async\" width=\"1920\" height=\"1080\" src=\"https:\/\/marinabadalona.cat\/wp-content\/uploads\/2022\/05\/quetx-posta-de-sol-cover.jpg\" class=\"attachment-full\" alt=\"\" title=\"quetx-posta-de-sol-cover\" srcset=\"https:\/\/marinabadalona.cat\/wp-content\/uploads\/2022\/05\/quetx-posta-de-sol-cover.jpg 1920w, https:\/\/marinabadalona.cat\/wp-content\/uploads\/2022\/05\/quetx-posta-de-sol-cover-300x169.jpg 300w, https:\/\/marinabadalona.cat\/wp-content\/uploads\/2022\/05\/quetx-posta-de-sol-cover-1024x576.jpg 1024w, https:\/\/marinabadalona.cat\/wp-content\/uploads\/2022\/05\/quetx-posta-de-sol-cover-768x432.jpg 768w, https:\/\/marinabadalona.cat\/wp-content\/uploads\/2022\/05\/quetx-posta-de-sol-cover-1536x864.jpg 1536w, https:\/\/marinabadalona.cat\/wp-content\/uploads\/2022\/05\/quetx-posta-de-sol-cover-1000x563.jpg 1000w, https:\/\/marinabadalona.cat\/wp-content\/uploads\/2022\/05\/quetx-posta-de-sol-cover-1320x743.jpg 1320w, https:\/\/marinabadalona.cat\/wp-content\/uploads\/2022\/05\/quetx-posta-de-sol-cover-600x338.jpg 600w\" sizes=\"auto, (max-width: 1920px) 100vw, 1920px\" \/><\/a><\/div>[vc_column_text]<\/p>\n<h6>PUESTA DE SOL<\/h6>\n<p>Una de las sensaciones m\u00e1s placenteras es navegar en el momento m\u00e1gico de la puesta de sol. Si adem\u00e1s sumamos hacerlo en una embarcaci\u00f3n cl\u00e1sica, la experiencia es irrepetible. \u00bfO no? Porque cada sunset es \u00fanico.<\/p>\n<a href=\"http:\/\/\" target=\"_blank\" class=\"button color-6 large \" style=\"border-radius: 2px;\">RESERVAR<\/a>[\/vc_column_text][\/vc_column][\/vc_row][vc_row bg_color=\u00bb#1cbac8&#8243; text_color=\u00bblight\u00bb top_padding=\u00bb100&#8243; bottom_padding=\u00bb100&#8243; bg_position=\u00bbleft top\u00bb][vc_column width=\u00bb1\/3&#8243;]<div class=\"iconbox  wpb_content_element iconbox-style-2 icon-color-greyscale color-dark clearfix\"><div class=\"iconbox-icon\"><i class=\"fa sl-tag boxicon\" style=\"\"><\/i><\/div><div class=\"iconbox-content\"><h3>Up to 25% Discount<\/h3><p>Asunt in anim uis aute irure dolor in reprehenderit in voluptate velit esse cillum dolore eu fugiat nulla pariatur at vero eos et accusam et.<\/p><\/div><\/div>[\/vc_column][vc_column width=\u00bb1\/3&#8243;]<div class=\"iconbox  wpb_content_element iconbox-style-2 icon-color-greyscale color-dark clearfix\"><div class=\"iconbox-icon\"><i class=\"fa sl-wallet boxicon\" style=\"\"><\/i><\/div><div class=\"iconbox-content\"><h3>Best Price Guarantee<\/h3><p>Asunt in anim uis aute irure dolor in reprehenderit in voluptate velit esse cillum dolore eu fugiat nulla pariatur at vero eos et accusam et.<\/p><\/div><\/div>[\/vc_column][vc_column width=\u00bb1\/3&#8243;]<div class=\"iconbox  wpb_content_element iconbox-style-2 icon-color-greyscale color-dark clearfix\"><div class=\"iconbox-icon\"><i class=\"fa sl-bag boxicon\" style=\"\"><\/i><\/div><div class=\"iconbox-content\"><h3>Free Shipping<\/h3><p>Asunt in anim uis aute irure dolor in reprehenderit in voluptate velit esse cillum dolore eu fugiat nulla pariatur at vero eos et accusam et.<\/p><\/div><\/div>[\/vc_column][\/vc_row]<\/p>\n<\/div>","protected":false},"excerpt":{"rendered":"<p>[vc_row bg_color=\u00bb#222222&#8243; text_color=\u00bblight\u00bb top_padding=\u00bb10&#8243; bottom_padding=\u00bb10&#8243;][vc_column width=\u00bb1\/1&#8243;][\/vc_column][\/vc_row][vc_row top_padding=\u00bb100&#8243; bottom_padding=\u00bb80&#8243; bg_position=\u00bbleft top\u00bb][vc_column width=\u00bb1\/1&#8243;][\/vc_column][\/vc_row][vc_row top_padding=\u00bb40&#8243; bottom_padding=\u00bb40&#8243;][vc_column width=\u00bb1\/2&#8243;][vc_column_text] Va de Piratas Antes del siglo XV ya eran frecuentes las incursiones piratas argelinas y tunecinas en nuestras costas. En Badalona, hab\u00eda uno muy temido: el corsario Catxidiable. Aventuras en familia. [\/vc_column_text][\/vc_column][vc_column width=\u00bb1\/2&#8243;][vc_column_text] AVISTAMIENTO DE AVES De las aproximadamente 9.000 especies de aves que existen en el mundo, unas 300 est\u00e1n consideradas como marinas. Esta experiencia te propone buscarlas en su medio. [\/vc_column_text][\/vc_column][\/vc_row][vc_row top_padding=\u00bb40&#8243; bottom_padding=\u00bb40&#8243;][vc_column width=\u00bb1\/2&#8243;][vc_column_text] BADALONA DESDE EL MAR. NUESTRO SKYLINE \u00bfC\u00f3mo se ve la ciudad desde el mar? \u00bfSe identifica el campanario de Sant Josep? \u00bfCu\u00e1les eran las referencias de los pescadores para volver a la costa? Conoce la historia de la ciudad desde una nueva perspectiva [\/vc_column_text][\/vc_column][vc_column width=\u00bb1\/2&#8243;][vc_column_text] PUESTA DE SOL Una de las sensaciones m\u00e1s placenteras es navegar en el momento m\u00e1gico de la puesta de sol. Si adem\u00e1s sumamos hacerlo en una embarcaci\u00f3n cl\u00e1sica, la experiencia es irrepetible. \u00bfO no? Porque cada sunset es \u00fanico. [\/vc_column_text][\/vc_column][\/vc_row][vc_row bg_color=\u00bb#1cbac8&#8243; text_color=\u00bblight\u00bb top_padding=\u00bb100&#8243; bottom_padding=\u00bb100&#8243; bg_position=\u00bbleft top\u00bb][vc_column width=\u00bb1\/3&#8243;][\/vc_column][vc_column width=\u00bb1\/3&#8243;][\/vc_column][vc_column width=\u00bb1\/3&#8243;][\/vc_column][\/vc_row]<\/p>\n","protected":false},"author":1,"featured_media":0,"parent":0,"menu_order":0,"comment_status":"closed","ping_status":"closed","template":"","meta":{"footnotes":""},"class_list":["post-26405","page","type-page","status-publish","hentry"],"_links":{"self":[{"href":"https:\/\/marinabadalona.cat\/es\/wp-json\/wp\/v2\/pages\/26405","targetHints":{"allow":["GET"]}}],"collection":[{"href":"https:\/\/marinabadalona.cat\/es\/wp-json\/wp\/v2\/pages"}],"about":[{"href":"https:\/\/marinabadalona.cat\/es\/wp-json\/wp\/v2\/types\/page"}],"author":[{"embeddable":true,"href":"https:\/\/marinabadalona.cat\/es\/wp-json\/wp\/v2\/users\/1"}],"replies":[{"embeddable":true,"href":"https:\/\/marinabadalona.cat\/es\/wp-json\/wp\/v2\/comments?post=26405"}],"version-history":[{"count":0,"href":"https:\/\/marinabadalona.cat\/es\/wp-json\/wp\/v2\/pages\/26405\/revisions"}],"wp:attachment":[{"href":"https:\/\/marinabadalona.cat\/es\/wp-json\/wp\/v2\/media?parent=26405"}],"curies":[{"name":"wp","href":"https:\/\/api.w.org\/{rel}","templated":true}]}}