
{"id":26665,"date":"2021-09-16T14:11:49","date_gmt":"2021-09-16T14:11:49","guid":{"rendered":"https:\/\/marinabadalona.cat\/etica-i-compliment\/"},"modified":"2022-06-08T09:15:01","modified_gmt":"2022-06-08T07:15:01","slug":"etica-i-compliment","status":"publish","type":"page","link":"https:\/\/marinabadalona.cat\/fr\/etica-i-compliment\/","title":{"rendered":"\u00c9THIQUE ET CONFORMIT\u00c9"},"content":{"rendered":"<div class=\"wpb-content-wrapper\"><p>[vc_row type=\u00a0\u00bbfull_width_section\u00a0\u00bb][vc_column width=\u00a0\u00bb1\/1&Prime;][rev_slider_vc alias=\u00a0\u00bbslide-home\u00a0\u00bb][\/vc_column][\/vc_row][vc_row top_padding=\u00a0\u00bb100&Prime; bottom_padding=\u00a0\u00bb40&Prime;][vc_column width=\u00a0\u00bb1\/1&Prime;]<h1 class=\"headline font-special fontsize-xxl fontweight-500 lh-inherit align-center transform-uppercase \" style=\"margin: 0 0 20px 0;\">\u00c9THIQUE ET CONFORMIT\u00c9<\/h1><div class=\"headline font-special fontsize-l fontweight-400 lh-inherit align-center transform-inherit \" style=\"margin: 0 0 20px 0; color: #999999;\">L&rsquo;entreprise applique un mod\u00e8le de pr\u00e9vention des risques p\u00e9naux despuis Decembre 2019<\/div><div class=\"divider divider1\" style='margin:0px 0 0px 0 !important;'><\/div>[\/vc_column][\/vc_row][vc_row top_padding=\u00a0\u00bb0&Prime; bottom_padding=\u00a0\u00bb100&Prime; bg_position=\u00a0\u00bbleft top\u00a0\u00bb][vc_column width=\u00a0\u00bb1\/2&Prime;][vc_column_text]<\/p>\n<p style=\"text-align: justify;\">Marina de Badalona SA fait un pas en avant dans son engagement envers la soci\u00e9t\u00e9, envers notre \u00e9quipe de professionnels, envers les collaborateurs : clients, fournisseurs et surtout envers nos utilisateurs. C&rsquo;est notre obligation, et il ne peut en \u00eatre autrement dans une organisation qui oriente ses activit\u00e9s selon les principes du respect des droits de l&rsquo;homme et des libert\u00e9s publiques dans le plus grand respect du principe de l\u00e9galit\u00e9, des droits des tiers et du reste des droits, notamment ceux de l&rsquo;\u00e9galit\u00e9.<\/p>\n<p>[\/vc_column_text][\/vc_column][vc_column width=\u00a0\u00bb1\/2&Prime;][vc_column_text]<\/p>\n<p style=\"text-align: justify;\">Parmi nos valeurs essentielles, nous devons souligner le respect de la r\u00e9glementation, l&rsquo;honn\u00eatet\u00e9 et la transparence, ainsi que la promotion personnelle et professionnelle de tous les employ\u00e9s, garantissant l&rsquo;\u00e9galit\u00e9 des chances et la non-discrimination pour quelque raison que ce soit. Pour cette raison, le conseil d&rsquo;administration a approuv\u00e9 le syst\u00e8me de gestion de la conformit\u00e9 p\u00e9nale (adapt\u00e9 \u00e0 la norme UNE 19601) mettant en \u0153uvre le mod\u00e8le de pr\u00e9vention des risques criminels dans la soci\u00e9t\u00e9<\/p>\n<p>[\/vc_column_text][\/vc_column][\/vc_row][vc_row][vc_column width=\u00a0\u00bb5\/6&Prime;]<h3 class=\"headline font-special fontsize-s fontweight-500 lh-inherit align-left transform-inherit \" style=\"margin: 0 0 20px 0;\">Code d&rsquo;\u00e9thique de Marina Badalona SA, approuve a l&rsquo;unanimite par le conseil d&rsquo;administration le 19 Decembre 2019<\/h3><div class=\"divider divider1\" style='margin:10px 0 40px 0 !important;'><\/div>[\/vc_column][vc_column width=\u00a0\u00bb1\/6&Prime;]<a href=\"https:\/\/marinabadalona.cat\/wp-content\/uploads\/2021\/09\/00-01-CODI-ETIC-MBSA_catala.pdf\" target=\"_blank\" class=\"button color-3 small \" style=\"border-radius: 2px;\">VOIR PLUS<\/a>[\/vc_column][\/vc_row][vc_row][vc_column width=\u00a0\u00bb5\/6&Prime;]<h3 class=\"headline font-special fontsize-s fontweight-500 lh-inherit align-left transform-inherit \" style=\"margin: 0 0 20px 0;\">Canal \u00e8thique<br \/>\n<\/h3><div class=\"divider divider1\" style='margin:10px 0 40px 0 !important;'><\/div>[\/vc_column][vc_column width=\u00a0\u00bb1\/6&Prime;]<a href=\"https:\/\/box.viadenuncia.net\/4633160835\" target=\"_blank\" class=\"button color-3 small \" style=\"border-radius: 2px;\">VOIR PLUS<\/a>[\/vc_column][\/vc_row][vc_row][vc_column width=\u00a0\u00bb1\/1&Prime;][\/vc_column][\/vc_row]<\/p>\n<\/div>","protected":false},"excerpt":{"rendered":"<p>[vc_row type=\u00a0\u00bbfull_width_section\u00a0\u00bb][vc_column width=\u00a0\u00bb1\/1&Prime;][rev_slider_vc alias=\u00a0\u00bbslide-home\u00a0\u00bb][\/vc_column][\/vc_row][vc_row top_padding=\u00a0\u00bb100&Prime; bottom_padding=\u00a0\u00bb40&Prime;][vc_column width=\u00a0\u00bb1\/1&Prime;][\/vc_column][\/vc_row][vc_row top_padding=\u00a0\u00bb0&Prime; bottom_padding=\u00a0\u00bb100&Prime; bg_position=\u00a0\u00bbleft top\u00a0\u00bb][vc_column width=\u00a0\u00bb1\/2&Prime;][vc_column_text] Marina de Badalona SA fait un pas en avant dans son engagement envers la soci\u00e9t\u00e9, envers notre \u00e9quipe de professionnels, envers les collaborateurs : clients, fournisseurs et surtout envers nos utilisateurs. C&rsquo;est notre obligation, et il ne peut en \u00eatre autrement dans une organisation qui oriente ses activit\u00e9s selon les principes du respect des droits de l&rsquo;homme et des libert\u00e9s publiques dans le plus grand respect du principe de l\u00e9galit\u00e9, des droits des tiers et du reste des droits, notamment ceux de l&rsquo;\u00e9galit\u00e9. [\/vc_column_text][\/vc_column][vc_column width=\u00a0\u00bb1\/2&Prime;][vc_column_text] Parmi nos valeurs essentielles, nous devons souligner le respect de la r\u00e9glementation, l&rsquo;honn\u00eatet\u00e9 et la transparence, ainsi que la promotion personnelle et professionnelle de tous les employ\u00e9s, garantissant l&rsquo;\u00e9galit\u00e9 des chances et la non-discrimination pour quelque raison que ce soit. Pour cette raison, le conseil d&rsquo;administration a approuv\u00e9 le syst\u00e8me de gestion de la conformit\u00e9 p\u00e9nale (adapt\u00e9 \u00e0 la norme UNE 19601) mettant en \u0153uvre le mod\u00e8le de pr\u00e9vention des risques criminels dans la soci\u00e9t\u00e9 [\/vc_column_text][\/vc_column][\/vc_row][vc_row][vc_column width=\u00a0\u00bb5\/6&Prime;][\/vc_column][vc_column width=\u00a0\u00bb1\/6&Prime;][\/vc_column][\/vc_row][vc_row][vc_column width=\u00a0\u00bb5\/6&Prime;][\/vc_column][vc_column width=\u00a0\u00bb1\/6&Prime;][\/vc_column][\/vc_row][vc_row][vc_column width=\u00a0\u00bb1\/1&Prime;][\/vc_column][\/vc_row]<\/p>\n","protected":false},"author":1,"featured_media":0,"parent":0,"menu_order":0,"comment_status":"open","ping_status":"closed","template":"","meta":{"footnotes":""},"class_list":["post-26665","page","type-page","status-publish","hentry"],"_links":{"self":[{"href":"https:\/\/marinabadalona.cat\/fr\/wp-json\/wp\/v2\/pages\/26665","targetHints":{"allow":["GET"]}}],"collection":[{"href":"https:\/\/marinabadalona.cat\/fr\/wp-json\/wp\/v2\/pages"}],"about":[{"href":"https:\/\/marinabadalona.cat\/fr\/wp-json\/wp\/v2\/types\/page"}],"author":[{"embeddable":true,"href":"https:\/\/marinabadalona.cat\/fr\/wp-json\/wp\/v2\/users\/1"}],"replies":[{"embeddable":true,"href":"https:\/\/marinabadalona.cat\/fr\/wp-json\/wp\/v2\/comments?post=26665"}],"version-history":[{"count":0,"href":"https:\/\/marinabadalona.cat\/fr\/wp-json\/wp\/v2\/pages\/26665\/revisions"}],"wp:attachment":[{"href":"https:\/\/marinabadalona.cat\/fr\/wp-json\/wp\/v2\/media?parent=26665"}],"curies":[{"name":"wp","href":"https:\/\/api.w.org\/{rel}","templated":true}]}}