
{"id":26671,"date":"2021-09-17T09:23:46","date_gmt":"2021-09-17T09:23:46","guid":{"rendered":"https:\/\/marinabadalona.cat\/anuncis-oficials\/"},"modified":"2026-03-31T10:10:19","modified_gmt":"2026-03-31T08:10:19","slug":"anuncis-oficials","status":"publish","type":"page","link":"https:\/\/marinabadalona.cat\/fr\/anuncis-oficials\/","title":{"rendered":"ANNONCES OFFICIELLES"},"content":{"rendered":"<div class=\"wpb-content-wrapper\"><p>[vc_row type=\u00a0\u00bbfull_width_section\u00a0\u00bb][vc_column width=\u00a0\u00bb1\/1&Prime;][rev_slider_vc alias=\u00a0\u00bbslide-home\u00a0\u00bb][\/vc_column][\/vc_row][vc_row top_padding=\u00a0\u00bb100&Prime; bottom_padding=\u00a0\u00bb40&Prime;][vc_column width=\u00a0\u00bb1\/1&Prime;]<h1 class=\"headline font-special fontsize-xxl fontweight-500 lh-inherit align-center transform-uppercase \" style=\"margin: 0 0 20px 0;\">ANNONCES OFFICIELLES<\/h1><div class=\"headline font-special fontsize-l fontweight-400 lh-inherit align-center transform-inherit \" style=\"margin: 0 0 20px 0; color: #999999;\">Appels aux instances gouvernementales<\/div><div class=\"divider divider1\" style='margin:0px 0 0px 0 !important;'><\/div>[\/vc_column][\/vc_row][vc_row bottom_padding=\u00a0\u00bb80&Prime;][vc_column width=\u00a0\u00bb1\/1&Prime;][vc_tta_accordion style=\u00a0\u00bbmodern\u00a0\u00bb shape=\u00a0\u00bbsquare\u00a0\u00bb color=\u00a0\u00bbpeacoc\u00a0\u00bb spacing=\u00a0\u00bb2&Prime; gap=\u00a0\u00bb2&Prime; autoplay=\u00a0\u00bb3&Prime; c_icon=\u00a0\u00bbchevron\u00a0\u00bb active_section=\u00a0\u00bb1&Prime; collapsible_all=\u00a0\u00bbtrue\u00a0\u00bb][vc_tta_section title=\u00a0\u00bbAnnonce de l&rsquo;Assembl\u00e9e G\u00e9n\u00e9rale Ordinaire de Marina de Badalona, S.A. 19 juin 2025&Prime; tab_id=\u00a0\u00bb1631870581475-9ae7f307-0cfd\u00a0\u00bb][vc_row_inner][vc_column_inner][vc_column_text]<a href=\"https:\/\/marinabadalona.cat\/wp-content\/uploads\/2025\/05\/250506-Ordre-del-dia-JGO.pdf\" target=\"_blank\" rel=\"noopener\">Annonce de l&rsquo;Assembl\u00e9e G\u00e9n\u00e9rale Ordinaire de Marina de Badalona, S.A. 19 juin 2025<\/a>[\/vc_column_text][\/vc_column_inner][\/vc_row_inner][\/vc_tta_section][\/vc_tta_accordion][vc_tta_accordion style=\u00a0\u00bbmodern\u00a0\u00bb shape=\u00a0\u00bbsquare\u00a0\u00bb color=\u00a0\u00bbpeacoc\u00a0\u00bb spacing=\u00a0\u00bb2&Prime; gap=\u00a0\u00bb2&Prime; autoplay=\u00a0\u00bb3&Prime; c_icon=\u00a0\u00bbchevron\u00a0\u00bb active_section=\u00a0\u00bb1&Prime; collapsible_all=\u00a0\u00bbtrue\u00a0\u00bb][vc_tta_section title=\u00a0\u00bbAnnonce de l&rsquo;Assembl\u00e9e G\u00e9n\u00e9rale Extraordinaire de Marina de Badalona, S.A. 19 juin 2025&Prime; tab_id=\u00a0\u00bb1653321323902-2255ec2b-7c1f\u00a0\u00bb][vc_row_inner][vc_column_inner][vc_column_text]<a href=\"https:\/\/marinabadalona.cat\/wp-content\/uploads\/2025\/05\/250506-Ordre-del-dia-JGE.pdf\" target=\"_blank\" rel=\"noopener\">Annonce de l&rsquo;Assembl\u00e9e G\u00e9n\u00e9rale Extraordinaire de Marina de Badalona, S.A. 19 juin 2025<\/a>[\/vc_column_text][\/vc_column_inner][\/vc_row_inner][\/vc_tta_section][\/vc_tta_accordion][vc_tta_accordion style=\u00a0\u00bbmodern\u00a0\u00bb shape=\u00a0\u00bbsquare\u00a0\u00bb color=\u00a0\u00bbpeacoc\u00a0\u00bb spacing=\u00a0\u00bb2&Prime; gap=\u00a0\u00bb2&Prime; autoplay=\u00a0\u00bb3&Prime; c_icon=\u00a0\u00bbchevron\u00a0\u00bb active_section=\u00a0\u00bb1&Prime; collapsible_all=\u00a0\u00bbtrue\u00a0\u00bb][vc_tta_section title=\u00a0\u00bbAnnonce de l&rsquo;Assembl\u00e9e G\u00e9n\u00e9rale Extraordinaire de Marina de Badalona, S.A. 8 mai 2026&Prime; tab_id=\u00a0\u00bb1774944543363-6e99d3d9-a99d\u00a0\u00bb][vc_row_inner][vc_column_inner][vc_column_text]<a href=\"https:\/\/marinabadalona.cat\/wp-content\/uploads\/2026\/03\/Ordre-del-dia.pdf\" target=\"_blank\" rel=\"noopener\">Annonce de l&rsquo;Assembl\u00e9e G\u00e9n\u00e9rale Extraordinaire de Marina de Badalona, S.A. 8 mai 2026<\/a>[\/vc_column_text][\/vc_column_inner][\/vc_row_inner][\/vc_tta_section][\/vc_tta_accordion][\/vc_column][\/vc_row]<\/p>\n<\/div>","protected":false},"excerpt":{"rendered":"<p>[vc_row type=\u00a0\u00bbfull_width_section\u00a0\u00bb][vc_column width=\u00a0\u00bb1\/1&Prime;][rev_slider_vc alias=\u00a0\u00bbslide-home\u00a0\u00bb][\/vc_column][\/vc_row][vc_row top_padding=\u00a0\u00bb100&Prime; bottom_padding=\u00a0\u00bb40&Prime;][vc_column width=\u00a0\u00bb1\/1&Prime;][\/vc_column][\/vc_row][vc_row bottom_padding=\u00a0\u00bb80&Prime;][vc_column width=\u00a0\u00bb1\/1&Prime;][vc_tta_accordion style=\u00a0\u00bbmodern\u00a0\u00bb shape=\u00a0\u00bbsquare\u00a0\u00bb color=\u00a0\u00bbpeacoc\u00a0\u00bb spacing=\u00a0\u00bb2&Prime; gap=\u00a0\u00bb2&Prime; autoplay=\u00a0\u00bb3&Prime; c_icon=\u00a0\u00bbchevron\u00a0\u00bb active_section=\u00a0\u00bb1&Prime; collapsible_all=\u00a0\u00bbtrue\u00a0\u00bb][vc_tta_section title=\u00a0\u00bbAnnonce de l&rsquo;Assembl\u00e9e G\u00e9n\u00e9rale Ordinaire de Marina de Badalona, S.A. 19 juin 2025&Prime; tab_id=\u00a0\u00bb1631870581475-9ae7f307-0cfd\u00a0\u00bb][vc_row_inner][vc_column_inner][vc_column_text]Annonce de l&rsquo;Assembl\u00e9e G\u00e9n\u00e9rale Ordinaire de Marina de Badalona, S.A. 19 juin 2025[\/vc_column_text][\/vc_column_inner][\/vc_row_inner][\/vc_tta_section][\/vc_tta_accordion][vc_tta_accordion style=\u00a0\u00bbmodern\u00a0\u00bb shape=\u00a0\u00bbsquare\u00a0\u00bb color=\u00a0\u00bbpeacoc\u00a0\u00bb spacing=\u00a0\u00bb2&Prime; gap=\u00a0\u00bb2&Prime; autoplay=\u00a0\u00bb3&Prime; c_icon=\u00a0\u00bbchevron\u00a0\u00bb active_section=\u00a0\u00bb1&Prime; collapsible_all=\u00a0\u00bbtrue\u00a0\u00bb][vc_tta_section title=\u00a0\u00bbAnnonce de l&rsquo;Assembl\u00e9e G\u00e9n\u00e9rale Extraordinaire de Marina de Badalona, S.A. 19 juin 2025&Prime; tab_id=\u00a0\u00bb1653321323902-2255ec2b-7c1f\u00a0\u00bb][vc_row_inner][vc_column_inner][vc_column_text]Annonce de l&rsquo;Assembl\u00e9e G\u00e9n\u00e9rale Extraordinaire de Marina de Badalona, S.A. 19 juin 2025[\/vc_column_text][\/vc_column_inner][\/vc_row_inner][\/vc_tta_section][\/vc_tta_accordion][vc_tta_accordion style=\u00a0\u00bbmodern\u00a0\u00bb shape=\u00a0\u00bbsquare\u00a0\u00bb color=\u00a0\u00bbpeacoc\u00a0\u00bb spacing=\u00a0\u00bb2&Prime; gap=\u00a0\u00bb2&Prime; autoplay=\u00a0\u00bb3&Prime; c_icon=\u00a0\u00bbchevron\u00a0\u00bb active_section=\u00a0\u00bb1&Prime; collapsible_all=\u00a0\u00bbtrue\u00a0\u00bb][vc_tta_section title=\u00a0\u00bbAnnonce de l&rsquo;Assembl\u00e9e G\u00e9n\u00e9rale Extraordinaire de Marina de Badalona, S.A. 8 mai 2026&Prime; tab_id=\u00a0\u00bb1774944543363-6e99d3d9-a99d\u00a0\u00bb][vc_row_inner][vc_column_inner][vc_column_text]Annonce de l&rsquo;Assembl\u00e9e G\u00e9n\u00e9rale Extraordinaire de Marina de Badalona, S.A. 8 mai 2026[\/vc_column_text][\/vc_column_inner][\/vc_row_inner][\/vc_tta_section][\/vc_tta_accordion][\/vc_column][\/vc_row]<\/p>\n","protected":false},"author":3,"featured_media":0,"parent":0,"menu_order":0,"comment_status":"open","ping_status":"closed","template":"","meta":{"footnotes":""},"class_list":["post-26671","page","type-page","status-publish","hentry"],"_links":{"self":[{"href":"https:\/\/marinabadalona.cat\/fr\/wp-json\/wp\/v2\/pages\/26671","targetHints":{"allow":["GET"]}}],"collection":[{"href":"https:\/\/marinabadalona.cat\/fr\/wp-json\/wp\/v2\/pages"}],"about":[{"href":"https:\/\/marinabadalona.cat\/fr\/wp-json\/wp\/v2\/types\/page"}],"author":[{"embeddable":true,"href":"https:\/\/marinabadalona.cat\/fr\/wp-json\/wp\/v2\/users\/3"}],"replies":[{"embeddable":true,"href":"https:\/\/marinabadalona.cat\/fr\/wp-json\/wp\/v2\/comments?post=26671"}],"version-history":[{"count":6,"href":"https:\/\/marinabadalona.cat\/fr\/wp-json\/wp\/v2\/pages\/26671\/revisions"}],"predecessor-version":[{"id":39128,"href":"https:\/\/marinabadalona.cat\/fr\/wp-json\/wp\/v2\/pages\/26671\/revisions\/39128"}],"wp:attachment":[{"href":"https:\/\/marinabadalona.cat\/fr\/wp-json\/wp\/v2\/media?parent=26671"}],"curies":[{"name":"wp","href":"https:\/\/api.w.org\/{rel}","templated":true}]}}