
{"id":27020,"date":"2021-10-20T10:19:04","date_gmt":"2021-10-20T10:19:04","guid":{"rendered":"https:\/\/marinabadalona.cat\/amarradors-en-sec\/"},"modified":"2024-01-04T09:14:54","modified_gmt":"2024-01-04T08:14:54","slug":"amarradors-en-sec","status":"publish","type":"page","link":"https:\/\/marinabadalona.cat\/fr\/amarradors-en-sec\/","title":{"rendered":"MOUILLAGES SECS"},"content":{"rendered":"<div class=\"wpb-content-wrapper\"><p>[vc_row type=\u00a0\u00bbfull_width_section\u00a0\u00bb][vc_column width=\u00a0\u00bb1\/1&Prime;][rev_slider_vc alias=\u00a0\u00bbslide-home\u00a0\u00bb][\/vc_column][\/vc_row][vc_row top_padding=\u00a0\u00bb100&Prime; bottom_padding=\u00a0\u00bb80&Prime;][vc_column width=\u00a0\u00bb1\/1&Prime;]<h1 class=\"headline font-special fontsize-xxxl fontweight-500 lh-inherit align-center transform-uppercase \" style=\"margin: 0 0 00px 0;\">MOUILLAGES SECS<\/h1><div class=\"headline font-special fontsize-l fontweight-400 lh-inherit align-center transform-inherit \" style=\"margin: 0 0 00px 0; color: #999999;\">200 PLACES DISPONIBLES PARMI LES TROIS EMPLACEMENTS<\/div>[\/vc_column][\/vc_row][vc_row bg_color=\u00a0\u00bb#f9f9f9&Prime; top_padding=\u00a0\u00bb100&Prime; bottom_padding=\u00a0\u00bb80&Prime;][vc_column width=\u00a0\u00bb1\/2&Prime;]<h3 class=\"headline font-special fontsize-l fontweight-700 lh-inherit align-left transform-uppercase \" style=\"margin: 0 0 20px 0;\">UTILISATION ILLIMIT\u00c9E DE LA RAMPE INCLUS<\/h3>[vc_column_text]<\/p>\n<p style=\"text-align: justify;\">\u00c0 l&rsquo;approvisionnement en eau du port de badalona s&rsquo;ajoutent les propositions de produits secs, dans la marina s\u00e8che et dans les espaces de cale s\u00e8che avec remorque, pour les bateaux de moins de 6 m\u00e8tres de long.<\/p>\n<p style=\"text-align: justify;\">Il y a trois espaces pour ce service : l&rsquo;espace ferme du quai de ribera (decouvert), le dique d\u2019abri (couvert) et le sotapont de sant lluch (couvert). Tous les places ont leur propre espace, ils sont accessibles avec une telecommande ou une carte d&rsquo;acc\u00e8s et incluent une utilisation illimitee de la rampe.<\/p>\n<p>[\/vc_column_text][\/vc_column][vc_column width=\u00a0\u00bb1\/2&Prime;]<div class=\"single_image wpb_content_element align-center    \" data-animation=\"none\" data-delay=\"0\"><img loading=\"lazy\" decoding=\"async\" width=\"1024\" height=\"768\" src=\"https:\/\/marinabadalona.cat\/wp-content\/uploads\/2021\/11\/AMARRADORS-EN-SEC-2.jpg\" class=\"attachment-full\" alt=\"\" title=\"AMARRADORS EN SEC 2\" srcset=\"https:\/\/marinabadalona.cat\/wp-content\/uploads\/2021\/11\/AMARRADORS-EN-SEC-2.jpg 1024w, https:\/\/marinabadalona.cat\/wp-content\/uploads\/2021\/11\/AMARRADORS-EN-SEC-2-300x225.jpg 300w, https:\/\/marinabadalona.cat\/wp-content\/uploads\/2021\/11\/AMARRADORS-EN-SEC-2-768x576.jpg 768w, https:\/\/marinabadalona.cat\/wp-content\/uploads\/2021\/11\/AMARRADORS-EN-SEC-2-600x450.jpg 600w\" sizes=\"auto, (max-width: 1024px) 100vw, 1024px\" \/><\/div>[\/vc_column][\/vc_row][vc_row bg_color=\u00a0\u00bb#222222&Prime; text_color=\u00a0\u00bblight\u00a0\u00bb top_padding=\u00a0\u00bb100&Prime; bottom_padding=\u00a0\u00bb100&Prime; bg_position=\u00a0\u00bbleft top\u00a0\u00bb][vc_column width=\u00a0\u00bb1\/1&Prime;][vc_tta_tabs style=\u00a0\u00bbmodern\u00a0\u00bb shape=\u00a0\u00bbsquare\u00a0\u00bb color=\u00a0\u00bbsky\u00a0\u00bb spacing=\u00a0\u00bb4&Prime; gap=\u00a0\u00bb3&Prime; autoplay=\u00a0\u00bb3&Prime; active_section=\u00a0\u00bb1&Prime; pagination_style=\u00a0\u00bbflat-round\u00a0\u00bb pagination_color=\u00a0\u00bbwhite\u00a0\u00bb no_fill_content_area=\u00a0\u00bbtrue\u00a0\u00bb title=\u00a0\u00bbTARIFES ATRACAMENT EN SEC AMB REMOLC &lt;6m\u00a0\u00bb][vc_tta_section title=\u00a0\u00bbDIC DE RECER\u00a0\u00bb tab_id=\u00a0\u00bb1634658461865-52ef71f5-324a\u00a0\u00bb][vc_column_text]<\/p>\n<h2>118,01\u20ac mensuel (IVA incluse)<\/h2>\n<p>[\/vc_column_text][\/vc_tta_section][vc_tta_section title=\u00a0\u00bbSOTAPONT\u00a0\u00bb tab_id=\u00a0\u00bb1634658461887-8f6e384d-1a47&Prime;][vc_column_text]<\/p>\n<h2>126,28\u20ac mensuel (IVA incluse)<\/h2>\n<p>[\/vc_column_text][\/vc_tta_section][\/vc_tta_tabs][\/vc_column][\/vc_row][vc_row type=\u00a0\u00bbfull_width_section\u00a0\u00bb][vc_column width=\u00a0\u00bb1\/3&Prime;]<div class=\"single_image wpb_content_element align-left    \" data-animation=\"none\" data-delay=\"0\"><img loading=\"lazy\" decoding=\"async\" width=\"1920\" height=\"1080\" src=\"https:\/\/marinabadalona.cat\/wp-content\/uploads\/2021\/12\/AMARRADORS_EN_SEC_8.jpg\" class=\"attachment-full\" alt=\"\" title=\"AMARRADORS_EN_SEC_8\" srcset=\"https:\/\/marinabadalona.cat\/wp-content\/uploads\/2021\/12\/AMARRADORS_EN_SEC_8.jpg 1920w, https:\/\/marinabadalona.cat\/wp-content\/uploads\/2021\/12\/AMARRADORS_EN_SEC_8-300x169.jpg 300w, https:\/\/marinabadalona.cat\/wp-content\/uploads\/2021\/12\/AMARRADORS_EN_SEC_8-1024x576.jpg 1024w, https:\/\/marinabadalona.cat\/wp-content\/uploads\/2021\/12\/AMARRADORS_EN_SEC_8-768x432.jpg 768w, https:\/\/marinabadalona.cat\/wp-content\/uploads\/2021\/12\/AMARRADORS_EN_SEC_8-1536x864.jpg 1536w, https:\/\/marinabadalona.cat\/wp-content\/uploads\/2021\/12\/AMARRADORS_EN_SEC_8-1000x563.jpg 1000w, https:\/\/marinabadalona.cat\/wp-content\/uploads\/2021\/12\/AMARRADORS_EN_SEC_8-600x338.jpg 600w\" sizes=\"auto, (max-width: 1920px) 100vw, 1920px\" \/><\/div>[\/vc_column][vc_column width=\u00a0\u00bb1\/3&Prime;]<div class=\"single_image wpb_content_element align-left    \" data-animation=\"none\" data-delay=\"0\"><img loading=\"lazy\" decoding=\"async\" width=\"1920\" height=\"1080\" src=\"https:\/\/marinabadalona.cat\/wp-content\/uploads\/2021\/12\/AMARRES_EN_SEC_9.jpg\" class=\"attachment-full\" alt=\"\" title=\"AMARRES_EN_SEC_9\" srcset=\"https:\/\/marinabadalona.cat\/wp-content\/uploads\/2021\/12\/AMARRES_EN_SEC_9.jpg 1920w, https:\/\/marinabadalona.cat\/wp-content\/uploads\/2021\/12\/AMARRES_EN_SEC_9-300x169.jpg 300w, https:\/\/marinabadalona.cat\/wp-content\/uploads\/2021\/12\/AMARRES_EN_SEC_9-1024x576.jpg 1024w, https:\/\/marinabadalona.cat\/wp-content\/uploads\/2021\/12\/AMARRES_EN_SEC_9-768x432.jpg 768w, https:\/\/marinabadalona.cat\/wp-content\/uploads\/2021\/12\/AMARRES_EN_SEC_9-1536x864.jpg 1536w, https:\/\/marinabadalona.cat\/wp-content\/uploads\/2021\/12\/AMARRES_EN_SEC_9-1000x563.jpg 1000w, https:\/\/marinabadalona.cat\/wp-content\/uploads\/2021\/12\/AMARRES_EN_SEC_9-600x338.jpg 600w\" sizes=\"auto, (max-width: 1920px) 100vw, 1920px\" \/><\/div>[\/vc_column][vc_column width=\u00a0\u00bb1\/3&Prime;]<div class=\"single_image wpb_content_element align-left    \" data-animation=\"none\" data-delay=\"0\"><img loading=\"lazy\" decoding=\"async\" width=\"1920\" height=\"1080\" src=\"https:\/\/marinabadalona.cat\/wp-content\/uploads\/2021\/12\/AMARRES_EN_SEC_12.jpg\" class=\"attachment-full\" alt=\"\" title=\"AMARRES_EN_SEC_12\" srcset=\"https:\/\/marinabadalona.cat\/wp-content\/uploads\/2021\/12\/AMARRES_EN_SEC_12.jpg 1920w, https:\/\/marinabadalona.cat\/wp-content\/uploads\/2021\/12\/AMARRES_EN_SEC_12-300x169.jpg 300w, https:\/\/marinabadalona.cat\/wp-content\/uploads\/2021\/12\/AMARRES_EN_SEC_12-1024x576.jpg 1024w, https:\/\/marinabadalona.cat\/wp-content\/uploads\/2021\/12\/AMARRES_EN_SEC_12-768x432.jpg 768w, https:\/\/marinabadalona.cat\/wp-content\/uploads\/2021\/12\/AMARRES_EN_SEC_12-1536x864.jpg 1536w, https:\/\/marinabadalona.cat\/wp-content\/uploads\/2021\/12\/AMARRES_EN_SEC_12-1000x563.jpg 1000w, https:\/\/marinabadalona.cat\/wp-content\/uploads\/2021\/12\/AMARRES_EN_SEC_12-600x338.jpg 600w\" sizes=\"auto, (max-width: 1920px) 100vw, 1920px\" \/><\/div>[\/vc_column][\/vc_row][vc_row bg_color=\u00a0\u00bb#f4f4f4&Prime; top_padding=\u00a0\u00bb30&Prime;][vc_column width=\u00a0\u00bb1\/1&Prime;][vc_raw_html]JTNDZGl2JTNFJTBBJTIwJTIwJTIwJTIwJTIwJTIwJTNDZGl2JTNFJTBBJTIwJTIwJTIwJTIwJTIwJTIwJTIwJTIwJTNDaDElMjBzdHlsZSUzRCUyMmZvbnQtZmFtaWx5JTNBJTI3TW9udHNlcnJhdCUyNyUyQ0FyaWFsJTJDSGVsdmV0aWNhJTJDc2Fucy1zZXJpZiUzQiUyMHRleHQtYWxpZ24lM0FjZW50ZXIlM0IlMjBjb2xvciUzQWJsYWNrJTNCJTIyJTNFUkVKT0lHTkVaJTIwTk9UUkUlMjBORVdTTEVUVEVSJTNDJTJGaDElM0UlMEElMjAlMjAlMjAlMjAlMjAlMjAlMjAlMjAlM0NwJTIwc3R5bGUlM0QlMjJmb250LWZhbWlseSUzQSUyN01vbnRzZXJyYXQlMjclMkNBcmlhbCUyQ0hlbHZldGljYSUyQ3NhbnMtc2VyaWYlM0IlMjB0ZXh0LWFsaWduJTNBY2VudGVyJTNCJTIwY29sb3IlM0FibGFjayUzQiUyMiUzRVNveWV6JTIwYXUlMjBjb3VyYW50JTIwZGUlMjBub3MlMjBub3V2ZWxsZXMlMjBhdmFudCUyMHRvdXQlMjBsZSUyMG1vbmRlJTJDJTIwZCVDMyVBOWNvdXZyZXolMjBsZXMlMjBub3V2ZWF1eCUyMCVDMyVBOXYlQzMlQTluZW1lbnRzJTIwZXQlMjBiaWVuJTIwcGx1cyUyMGVuY29yZS4lM0MlMkZwJTNFJTBBJTIwJTIwJTIwJTIwJTIwJTIwJTNDJTJGZGl2JTNFJTBBJTIwJTIwJTIwJTIwJTNDJTJGZGl2JTNF[\/vc_raw_html][\/vc_column][\/vc_row][vc_row bg_color=\u00a0\u00bb#f4f4f4&Prime; bottom_padding=\u00a0\u00bb15&Prime;][vc_column width=\u00a0\u00bb1\/1&Prime;][vc_raw_html el_class=\u00a0\u00bbpopmake-17165&Prime;]JTNDZGl2JTNFJTBBJTIwJTIwJTIwJTIwJTIwJTIwJTIwJTIwJTNDZGl2JTIwc3R5bGUlM0QlMjJtYXJnaW4tdG9wJTNBMjBweCUzQiUyMHRleHQtYWxpZ24lM0FjZW50ZXIlM0IlMjIlM0UlMEElMjAlMjAlMjAlMjAlMjAlMjAlMjAlMjAlMjAlMjAlM0NidXR0b24lMjBzdHlsZSUzRCUyMndpZHRoJTNBNTAlMjUlM0IlMjBwYWRkaW5nJTNBMTVweCUyMDIwcHglM0IlMjBib3JkZXItcmFkaXVzJTNBMjVweCUzQiUyMGJhY2tncm91bmQtY29sb3IlM0FibGFjayUzQiUyMGNvbG9yJTNBJTIzZjRmNGY0JTNCJTIwZm9udC13ZWlnaHQlM0Fib2xkJTNCJTIwYm9yZGVyJTNBMXB4JTIwc29saWQlMjBibGFjayUzQiUyMiUyMHR5cGUlM0QlMjJidXR0b24lMjIlM0VTVUJTQ1JJQkUlM0MlMkZidXR0b24lM0UlMEElMjAlMjAlMjAlMjAlMjAlMjAlMjAlMjAlM0MlMkZkaXYlM0UlMEElMjAlMjAlMjAlMjAlMjAlMjAlM0MlMkZkaXYlM0U=[\/vc_raw_html][\/vc_column][\/vc_row]<\/p>\n<\/div>","protected":false},"excerpt":{"rendered":"<p>[vc_row type=\u00a0\u00bbfull_width_section\u00a0\u00bb][vc_column width=\u00a0\u00bb1\/1&Prime;][rev_slider_vc alias=\u00a0\u00bbslide-home\u00a0\u00bb][\/vc_column][\/vc_row][vc_row top_padding=\u00a0\u00bb100&Prime; bottom_padding=\u00a0\u00bb80&Prime;][vc_column width=\u00a0\u00bb1\/1&Prime;][\/vc_column][\/vc_row][vc_row bg_color=\u00a0\u00bb#f9f9f9&Prime; top_padding=\u00a0\u00bb100&Prime; bottom_padding=\u00a0\u00bb80&Prime;][vc_column width=\u00a0\u00bb1\/2&Prime;][vc_column_text] \u00c0 l&rsquo;approvisionnement en eau du port de badalona s&rsquo;ajoutent les propositions de produits secs, dans la marina s\u00e8che et dans les espaces de cale s\u00e8che avec remorque, pour les bateaux de moins de 6 m\u00e8tres de long. Il y a trois espaces pour ce service : l&rsquo;espace ferme du quai de ribera (decouvert), le dique d\u2019abri (couvert) et le sotapont de sant lluch (couvert). Tous les places ont leur propre espace, ils sont accessibles avec une telecommande ou une carte d&rsquo;acc\u00e8s et incluent une utilisation illimitee de la rampe. [\/vc_column_text][\/vc_column][vc_column width=\u00a0\u00bb1\/2&Prime;][\/vc_column][\/vc_row][vc_row bg_color=\u00a0\u00bb#222222&Prime; text_color=\u00a0\u00bblight\u00a0\u00bb top_padding=\u00a0\u00bb100&Prime; bottom_padding=\u00a0\u00bb100&Prime; bg_position=\u00a0\u00bbleft top\u00a0\u00bb][vc_column width=\u00a0\u00bb1\/1&Prime;][vc_tta_tabs style=\u00a0\u00bbmodern\u00a0\u00bb shape=\u00a0\u00bbsquare\u00a0\u00bb color=\u00a0\u00bbsky\u00a0\u00bb spacing=\u00a0\u00bb4&Prime; gap=\u00a0\u00bb3&Prime; autoplay=\u00a0\u00bb3&Prime; active_section=\u00a0\u00bb1&Prime; pagination_style=\u00a0\u00bbflat-round\u00a0\u00bb pagination_color=\u00a0\u00bbwhite\u00a0\u00bb no_fill_content_area=\u00a0\u00bbtrue\u00a0\u00bb title=\u00a0\u00bbTARIFES ATRACAMENT EN SEC AMB REMOLC &lt;6m\u00a0\u00bb][vc_tta_section title=\u00a0\u00bbDIC DE RECER\u00a0\u00bb tab_id=\u00a0\u00bb1634658461865-52ef71f5-324a\u00a0\u00bb][vc_column_text] 118,01\u20ac mensuel (IVA incluse) [\/vc_column_text][\/vc_tta_section][vc_tta_section title=\u00a0\u00bbSOTAPONT\u00a0\u00bb tab_id=\u00a0\u00bb1634658461887-8f6e384d-1a47&Prime;][vc_column_text] 126,28\u20ac mensuel (IVA incluse) [\/vc_column_text][\/vc_tta_section][\/vc_tta_tabs][\/vc_column][\/vc_row][vc_row type=\u00a0\u00bbfull_width_section\u00a0\u00bb][vc_column width=\u00a0\u00bb1\/3&Prime;][\/vc_column][vc_column width=\u00a0\u00bb1\/3&Prime;][\/vc_column][vc_column width=\u00a0\u00bb1\/3&Prime;][\/vc_column][\/vc_row][vc_row bg_color=\u00a0\u00bb#f4f4f4&Prime; top_padding=\u00a0\u00bb30&Prime;][vc_column width=\u00a0\u00bb1\/1&Prime;][vc_raw_html]JTNDZGl2JTNFJTBBJTIwJTIwJTIwJTIwJTIwJTIwJTNDZGl2JTNFJTBBJTIwJTIwJTIwJTIwJTIwJTIwJTIwJTIwJTNDaDElMjBzdHlsZSUzRCUyMmZvbnQtZmFtaWx5JTNBJTI3TW9udHNlcnJhdCUyNyUyQ0FyaWFsJTJDSGVsdmV0aWNhJTJDc2Fucy1zZXJpZiUzQiUyMHRleHQtYWxpZ24lM0FjZW50ZXIlM0IlMjBjb2xvciUzQWJsYWNrJTNCJTIyJTNFUkVKT0lHTkVaJTIwTk9UUkUlMjBORVdTTEVUVEVSJTNDJTJGaDElM0UlMEElMjAlMjAlMjAlMjAlMjAlMjAlMjAlMjAlM0NwJTIwc3R5bGUlM0QlMjJmb250LWZhbWlseSUzQSUyN01vbnRzZXJyYXQlMjclMkNBcmlhbCUyQ0hlbHZldGljYSUyQ3NhbnMtc2VyaWYlM0IlMjB0ZXh0LWFsaWduJTNBY2VudGVyJTNCJTIwY29sb3IlM0FibGFjayUzQiUyMiUzRVNveWV6JTIwYXUlMjBjb3VyYW50JTIwZGUlMjBub3MlMjBub3V2ZWxsZXMlMjBhdmFudCUyMHRvdXQlMjBsZSUyMG1vbmRlJTJDJTIwZCVDMyVBOWNvdXZyZXolMjBsZXMlMjBub3V2ZWF1eCUyMCVDMyVBOXYlQzMlQTluZW1lbnRzJTIwZXQlMjBiaWVuJTIwcGx1cyUyMGVuY29yZS4lM0MlMkZwJTNFJTBBJTIwJTIwJTIwJTIwJTIwJTIwJTNDJTJGZGl2JTNFJTBBJTIwJTIwJTIwJTIwJTNDJTJGZGl2JTNF[\/vc_raw_html][\/vc_column][\/vc_row][vc_row bg_color=\u00a0\u00bb#f4f4f4&Prime; bottom_padding=\u00a0\u00bb15&Prime;][vc_column width=\u00a0\u00bb1\/1&Prime;][vc_raw_html el_class=\u00a0\u00bbpopmake-17165&Prime;]JTNDZGl2JTNFJTBBJTIwJTIwJTIwJTIwJTIwJTIwJTIwJTIwJTNDZGl2JTIwc3R5bGUlM0QlMjJtYXJnaW4tdG9wJTNBMjBweCUzQiUyMHRleHQtYWxpZ24lM0FjZW50ZXIlM0IlMjIlM0UlMEElMjAlMjAlMjAlMjAlMjAlMjAlMjAlMjAlMjAlMjAlM0NidXR0b24lMjBzdHlsZSUzRCUyMndpZHRoJTNBNTAlMjUlM0IlMjBwYWRkaW5nJTNBMTVweCUyMDIwcHglM0IlMjBib3JkZXItcmFkaXVzJTNBMjVweCUzQiUyMGJhY2tncm91bmQtY29sb3IlM0FibGFjayUzQiUyMGNvbG9yJTNBJTIzZjRmNGY0JTNCJTIwZm9udC13ZWlnaHQlM0Fib2xkJTNCJTIwYm9yZGVyJTNBMXB4JTIwc29saWQlMjBibGFjayUzQiUyMiUyMHR5cGUlM0QlMjJidXR0b24lMjIlM0VTVUJTQ1JJQkUlM0MlMkZidXR0b24lM0UlMEElMjAlMjAlMjAlMjAlMjAlMjAlMjAlMjAlM0MlMkZkaXYlM0UlMEElMjAlMjAlMjAlMjAlMjAlMjAlM0MlMkZkaXYlM0U=[\/vc_raw_html][\/vc_column][\/vc_row]<\/p>\n","protected":false},"author":1,"featured_media":0,"parent":0,"menu_order":0,"comment_status":"open","ping_status":"closed","template":"","meta":{"footnotes":""},"class_list":["post-27020","page","type-page","status-publish","hentry"],"_links":{"self":[{"href":"https:\/\/marinabadalona.cat\/fr\/wp-json\/wp\/v2\/pages\/27020","targetHints":{"allow":["GET"]}}],"collection":[{"href":"https:\/\/marinabadalona.cat\/fr\/wp-json\/wp\/v2\/pages"}],"about":[{"href":"https:\/\/marinabadalona.cat\/fr\/wp-json\/wp\/v2\/types\/page"}],"author":[{"embeddable":true,"href":"https:\/\/marinabadalona.cat\/fr\/wp-json\/wp\/v2\/users\/1"}],"replies":[{"embeddable":true,"href":"https:\/\/marinabadalona.cat\/fr\/wp-json\/wp\/v2\/comments?post=27020"}],"version-history":[{"count":2,"href":"https:\/\/marinabadalona.cat\/fr\/wp-json\/wp\/v2\/pages\/27020\/revisions"}],"predecessor-version":[{"id":37608,"href":"https:\/\/marinabadalona.cat\/fr\/wp-json\/wp\/v2\/pages\/27020\/revisions\/37608"}],"wp:attachment":[{"href":"https:\/\/marinabadalona.cat\/fr\/wp-json\/wp\/v2\/media?parent=27020"}],"curies":[{"name":"wp","href":"https:\/\/api.w.org\/{rel}","templated":true}]}}