
{"id":27035,"date":"2021-10-20T13:26:34","date_gmt":"2021-10-20T13:26:34","guid":{"rendered":"https:\/\/marinabadalona.cat\/bugaderia\/"},"modified":"2024-12-03T17:02:24","modified_gmt":"2024-12-03T16:02:24","slug":"bugaderia","status":"publish","type":"page","link":"https:\/\/marinabadalona.cat\/fr\/bugaderia\/","title":{"rendered":"LESSIVE"},"content":{"rendered":"<div class=\"wpb-content-wrapper\"><p>[vc_row type=\u00a0\u00bbfull_width_section\u00a0\u00bb][vc_column width=\u00a0\u00bb1\/1&Prime;][rev_slider_vc alias=\u00a0\u00bbslide-home\u00a0\u00bb][\/vc_column][\/vc_row][vc_row top_padding=\u00a0\u00bb100&Prime; bottom_padding=\u00a0\u00bb80&Prime;][vc_column width=\u00a0\u00bb1\/1&Prime;]<h1 class=\"headline font-special fontsize-xxxl fontweight-500 lh-inherit align-center transform-uppercase \" style=\"margin: 0 0 00px 0;\">BLANCHISSERIE<\/h1><div class=\"headline font-special fontsize-l fontweight-400 lh-inherit align-center transform-inherit \" style=\"margin: 0 0 00px 0; color: #999999;\"> UN SERVICE EFFICACE ET CONFORTABLE<\/div>[\/vc_column][\/vc_row][vc_row bg_color=\u00a0\u00bb#f9f9f9&Prime; top_padding=\u00a0\u00bb100&Prime; bottom_padding=\u00a0\u00bb80&Prime;][vc_column width=\u00a0\u00bb1\/2&Prime;]<h3 class=\"headline font-special fontsize-l fontweight-700 lh-inherit align-left transform-uppercase \" style=\"margin: 0 0 20px 0;\">SERVICE DE BLANCHISSERIE 24H\/7J AU PORT DE BADALONA<\/h3>[vc_column_text]<\/p>\n<p style=\"text-align: justify;\">Au Port de Badalona, nous savons combien il est important de disposer de services pratiques et accessibles pendant votre s\u00e9jour. C\u2019est pourquoi notre blanchisserie est ouverte <strong>24 heures sur 24, 365 jours par an<\/strong>, pour vous offrir une flexibilit\u00e9 et un confort maximaux, quel que soit le moment o\u00f9 vous en avez besoin.<\/p>\n<p style=\"text-align: justify;\">L\u2019espace est \u00e9quip\u00e9 de <strong>trois machines \u00e0 laver<\/strong> : une grande machine de <strong>15 kg<\/strong>, parfaite pour les articles volumineux, et deux machines de <strong>10 kg<\/strong>, id\u00e9ales pour les petites charges. De plus, nous disposons de <strong>deux s\u00e8che-linges de 15 kg<\/strong>, garantissant un s\u00e9chage rapide et efficace, vous faisant gagner du temps et des efforts.<\/p>\n<p style=\"text-align: justify;\">Con\u00e7ue pour faciliter la vie de nos visiteurs ainsi que des usagers r\u00e9guliers du port, notre blanchisserie allie fonctionnalit\u00e9 et confort dans un environnement propre et bien entretenu. Que vous profitiez d\u2019une journ\u00e9e de navigation, travailliez sur votre bateau ou visitiez simplement le port, vous aurez toujours un service pratique et efficace \u00e0 votre disposition.<\/p>\n<p>[\/vc_column_text][\/vc_column][vc_column width=\u00a0\u00bb1\/2&Prime;]<div class=\"single_image wpb_content_element align-center    \" data-animation=\"none\" data-delay=\"0\"><img loading=\"lazy\" decoding=\"async\" width=\"1920\" height=\"2560\" src=\"https:\/\/marinabadalona.cat\/wp-content\/uploads\/2024\/12\/IMG_5680-min-scaled.jpg\" class=\"attachment-full\" alt=\"\" title=\"IMG_5680-min\" srcset=\"https:\/\/marinabadalona.cat\/wp-content\/uploads\/2024\/12\/IMG_5680-min-scaled.jpg 1920w, https:\/\/marinabadalona.cat\/wp-content\/uploads\/2024\/12\/IMG_5680-min-225x300.jpg 225w, https:\/\/marinabadalona.cat\/wp-content\/uploads\/2024\/12\/IMG_5680-min-768x1024.jpg 768w, https:\/\/marinabadalona.cat\/wp-content\/uploads\/2024\/12\/IMG_5680-min-300x400.jpg 300w, https:\/\/marinabadalona.cat\/wp-content\/uploads\/2024\/12\/IMG_5680-min-1152x1536.jpg 1152w, https:\/\/marinabadalona.cat\/wp-content\/uploads\/2024\/12\/IMG_5680-min-1536x2048.jpg 1536w, https:\/\/marinabadalona.cat\/wp-content\/uploads\/2024\/12\/IMG_5680-min-600x800.jpg 600w\" sizes=\"auto, (max-width: 1920px) 100vw, 1920px\" \/><\/div>[\/vc_column][\/vc_row][vc_row type=\u00a0\u00bbfull_width_section\u00a0\u00bb][vc_column width=\u00a0\u00bb1\/2&Prime;]<div class=\"single_image wpb_content_element align-left    \" data-animation=\"none\" data-delay=\"0\"><img loading=\"lazy\" decoding=\"async\" width=\"2560\" height=\"1920\" src=\"https:\/\/marinabadalona.cat\/wp-content\/uploads\/2024\/12\/IMG_5688-min-scaled.jpg\" class=\"attachment-full\" alt=\"\" title=\"IMG_5688-min\" srcset=\"https:\/\/marinabadalona.cat\/wp-content\/uploads\/2024\/12\/IMG_5688-min-scaled.jpg 2560w, https:\/\/marinabadalona.cat\/wp-content\/uploads\/2024\/12\/IMG_5688-min-300x225.jpg 300w, https:\/\/marinabadalona.cat\/wp-content\/uploads\/2024\/12\/IMG_5688-min-1024x768.jpg 1024w, https:\/\/marinabadalona.cat\/wp-content\/uploads\/2024\/12\/IMG_5688-min-768x576.jpg 768w, https:\/\/marinabadalona.cat\/wp-content\/uploads\/2024\/12\/IMG_5688-min-1536x1152.jpg 1536w, https:\/\/marinabadalona.cat\/wp-content\/uploads\/2024\/12\/IMG_5688-min-2048x1536.jpg 2048w, https:\/\/marinabadalona.cat\/wp-content\/uploads\/2024\/12\/IMG_5688-min-600x450.jpg 600w\" sizes=\"auto, (max-width: 2560px) 100vw, 2560px\" \/><\/div>[\/vc_column][vc_column width=\u00a0\u00bb1\/2&Prime;]<div class=\"single_image wpb_content_element align-left    \" data-animation=\"none\" data-delay=\"0\"><img loading=\"lazy\" decoding=\"async\" width=\"2560\" height=\"1920\" src=\"https:\/\/marinabadalona.cat\/wp-content\/uploads\/2024\/12\/IMG_5682-min-scaled.jpg\" class=\"attachment-full\" alt=\"\" title=\"IMG_5682-min\" srcset=\"https:\/\/marinabadalona.cat\/wp-content\/uploads\/2024\/12\/IMG_5682-min-scaled.jpg 2560w, https:\/\/marinabadalona.cat\/wp-content\/uploads\/2024\/12\/IMG_5682-min-300x225.jpg 300w, https:\/\/marinabadalona.cat\/wp-content\/uploads\/2024\/12\/IMG_5682-min-1024x768.jpg 1024w, https:\/\/marinabadalona.cat\/wp-content\/uploads\/2024\/12\/IMG_5682-min-768x576.jpg 768w, https:\/\/marinabadalona.cat\/wp-content\/uploads\/2024\/12\/IMG_5682-min-1536x1152.jpg 1536w, https:\/\/marinabadalona.cat\/wp-content\/uploads\/2024\/12\/IMG_5682-min-2048x1536.jpg 2048w, https:\/\/marinabadalona.cat\/wp-content\/uploads\/2024\/12\/IMG_5682-min-600x450.jpg 600w\" sizes=\"auto, (max-width: 2560px) 100vw, 2560px\" \/><\/div>[\/vc_column][\/vc_row][vc_row bg_color=\u00a0\u00bb#00a7e0&Prime; text_color=\u00a0\u00bblight\u00a0\u00bb top_padding=\u00a0\u00bb80&Prime; bottom_padding=\u00a0\u00bb80&Prime;][vc_column bg_color=\u00a0\u00bb#00a7e0&Prime; text_align=\u00a0\u00bbcenter\u00a0\u00bb width=\u00a0\u00bb1\/1&Prime;]<h1 class=\"headline font-special fontsize-xxxl fontweight-400 lh-inherit align-center transform-uppercase \" style=\"margin: 0 0 20px 0;\">Marina Badalona<br \/>\nVous aidons-vous?<br \/>\n<\/h1><a href=\"https:\/\/marinabadalona.cat\/fr\/contacte\/\" target=\"_self\" class=\"button color-8 large \" style=\"border-radius: 2px;\"><i class='fa fa-phone'><\/i>CONTACTEZ-NOUS!<\/a>[\/vc_column][\/vc_row][vc_row bg_color=\u00a0\u00bb#f4f4f4&Prime; top_padding=\u00a0\u00bb30&Prime;][vc_column width=\u00a0\u00bb1\/1&Prime;][vc_raw_html]JTNDZGl2JTNFJTBBJTIwJTIwJTIwJTIwJTIwJTIwJTNDZGl2JTNFJTBBJTIwJTIwJTIwJTIwJTIwJTIwJTIwJTIwJTNDaDElMjBzdHlsZSUzRCUyMmZvbnQtZmFtaWx5JTNBJTI3TW9udHNlcnJhdCUyNyUyQ0FyaWFsJTJDSGVsdmV0aWNhJTJDc2Fucy1zZXJpZiUzQiUyMHRleHQtYWxpZ24lM0FjZW50ZXIlM0IlMjBjb2xvciUzQWJsYWNrJTNCJTIyJTNFUkVKT0lORFJFJTIwTk9UUkUlMjBORVdTTEVUVEVSJTNDJTJGaDElM0UlMEElMjAlMjAlMjAlMjAlMjAlMjAlMjAlMjAlM0NwJTIwc3R5bGUlM0QlMjJmb250LWZhbWlseSUzQSUyN01vbnRzZXJyYXQlMjclMkNBcmlhbCUyQ0hlbHZldGljYSUyQ3NhbnMtc2VyaWYlM0IlMjB0ZXh0LWFsaWduJTNBY2VudGVyJTNCJTIwY29sb3IlM0FibGFjayUzQiUyMiUzRUlsJTIwY29ubmElQzMlQUV0JTIwbm9zJTIwbm91dmVhdXQlQzMlQTlzJTIwYXZhbnQlMjB0b3V0JTJDJTIwaWwlMjBhcHByZW5kJTIwZGUlMjBub3V2ZWF1eCUyMCVDMyVBOXYlQzMlQTluZW1lbnRzJTIwZXQlMjBkZSUyMHRyJUMzJUE4cyUyMG0lQzMlQTlzJTNDJTJGcCUzRSUwQSUyMCUyMCUyMCUyMCUyMCUyMCUzQyUyRmRpdiUzRSUwQSUyMCUyMCUyMCUyMCUzQyUyRmRpdiUzRQ==[\/vc_raw_html][\/vc_column][\/vc_row][vc_row bg_color=\u00a0\u00bb#f4f4f4&Prime; bottom_padding=\u00a0\u00bb15&Prime;][vc_column width=\u00a0\u00bb1\/1&Prime;][vc_raw_html el_class=\u00a0\u00bbpopmake-17165&Prime;]JTNDZGl2JTNFJTBBJTIwJTIwJTIwJTIwJTIwJTIwJTIwJTIwJTNDZGl2JTIwc3R5bGUlM0QlMjJtYXJnaW4tdG9wJTNBMjBweCUzQiUyMHRleHQtYWxpZ24lM0FjZW50ZXIlM0IlMjIlM0UlMEElMjAlMjAlMjAlMjAlMjAlMjAlMjAlMjAlMjAlMjAlM0NidXR0b24lMjBzdHlsZSUzRCUyMndpZHRoJTNBNTAlMjUlM0IlMjBwYWRkaW5nJTNBMTVweCUyMDIwcHglM0IlMjBib3JkZXItcmFkaXVzJTNBMjVweCUzQiUyMGJhY2tncm91bmQtY29sb3IlM0FibGFjayUzQiUyMGNvbG9yJTNBJTIzZjRmNGY0JTNCJTIwZm9udC13ZWlnaHQlM0Fib2xkJTNCJTIwYm9yZGVyJTNBMXB4JTIwc29saWQlMjBibGFjayUzQiUyMiUyMHR5cGUlM0QlMjJidXR0b24lMjIlM0VBQk9OTkVaLVZPVVMlM0MlMkZidXR0b24lM0UlMEElMjAlMjAlMjAlMjAlMjAlMjAlMjAlMjAlM0MlMkZkaXYlM0UlMEElMjAlMjAlMjAlMjAlMjAlMjAlM0MlMkZkaXYlM0U=[\/vc_raw_html][\/vc_column][\/vc_row]<\/p>\n<\/div>","protected":false},"excerpt":{"rendered":"<p>[vc_row type=\u00a0\u00bbfull_width_section\u00a0\u00bb][vc_column width=\u00a0\u00bb1\/1&Prime;][rev_slider_vc alias=\u00a0\u00bbslide-home\u00a0\u00bb][\/vc_column][\/vc_row][vc_row top_padding=\u00a0\u00bb100&Prime; bottom_padding=\u00a0\u00bb80&Prime;][vc_column width=\u00a0\u00bb1\/1&Prime;][\/vc_column][\/vc_row][vc_row bg_color=\u00a0\u00bb#f9f9f9&Prime; top_padding=\u00a0\u00bb100&Prime; bottom_padding=\u00a0\u00bb80&Prime;][vc_column width=\u00a0\u00bb1\/2&Prime;][vc_column_text] Au Port de Badalona, nous savons combien il est important de disposer de services pratiques et accessibles pendant votre s\u00e9jour. C\u2019est pourquoi notre blanchisserie est ouverte 24 heures sur 24, 365 jours par an, pour vous offrir une flexibilit\u00e9 et un confort maximaux, quel que soit le moment o\u00f9 vous en avez besoin. L\u2019espace est \u00e9quip\u00e9 de trois machines \u00e0 laver : une grande machine de 15 kg, parfaite pour les articles volumineux, et deux machines de 10 kg, id\u00e9ales pour les petites charges. De plus, nous disposons de deux s\u00e8che-linges de 15 kg, garantissant un s\u00e9chage rapide et efficace, vous faisant gagner du temps et des efforts. Con\u00e7ue pour faciliter la vie de nos visiteurs ainsi que des usagers r\u00e9guliers du port, notre blanchisserie allie fonctionnalit\u00e9 et confort dans un environnement propre et bien entretenu. Que vous profitiez d\u2019une journ\u00e9e de navigation, travailliez sur votre bateau ou visitiez simplement le port, vous aurez toujours un service pratique et efficace \u00e0 votre disposition. [\/vc_column_text][\/vc_column][vc_column width=\u00a0\u00bb1\/2&Prime;][\/vc_column][\/vc_row][vc_row type=\u00a0\u00bbfull_width_section\u00a0\u00bb][vc_column width=\u00a0\u00bb1\/2&Prime;][\/vc_column][vc_column width=\u00a0\u00bb1\/2&Prime;][\/vc_column][\/vc_row][vc_row bg_color=\u00a0\u00bb#00a7e0&Prime; text_color=\u00a0\u00bblight\u00a0\u00bb top_padding=\u00a0\u00bb80&Prime; bottom_padding=\u00a0\u00bb80&Prime;][vc_column bg_color=\u00a0\u00bb#00a7e0&Prime; text_align=\u00a0\u00bbcenter\u00a0\u00bb width=\u00a0\u00bb1\/1&Prime;][\/vc_column][\/vc_row][vc_row bg_color=\u00a0\u00bb#f4f4f4&Prime; top_padding=\u00a0\u00bb30&Prime;][vc_column width=\u00a0\u00bb1\/1&Prime;][vc_raw_html]JTNDZGl2JTNFJTBBJTIwJTIwJTIwJTIwJTIwJTIwJTNDZGl2JTNFJTBBJTIwJTIwJTIwJTIwJTIwJTIwJTIwJTIwJTNDaDElMjBzdHlsZSUzRCUyMmZvbnQtZmFtaWx5JTNBJTI3TW9udHNlcnJhdCUyNyUyQ0FyaWFsJTJDSGVsdmV0aWNhJTJDc2Fucy1zZXJpZiUzQiUyMHRleHQtYWxpZ24lM0FjZW50ZXIlM0IlMjBjb2xvciUzQWJsYWNrJTNCJTIyJTNFUkVKT0lORFJFJTIwTk9UUkUlMjBORVdTTEVUVEVSJTNDJTJGaDElM0UlMEElMjAlMjAlMjAlMjAlMjAlMjAlMjAlMjAlM0NwJTIwc3R5bGUlM0QlMjJmb250LWZhbWlseSUzQSUyN01vbnRzZXJyYXQlMjclMkNBcmlhbCUyQ0hlbHZldGljYSUyQ3NhbnMtc2VyaWYlM0IlMjB0ZXh0LWFsaWduJTNBY2VudGVyJTNCJTIwY29sb3IlM0FibGFjayUzQiUyMiUzRUlsJTIwY29ubmElQzMlQUV0JTIwbm9zJTIwbm91dmVhdXQlQzMlQTlzJTIwYXZhbnQlMjB0b3V0JTJDJTIwaWwlMjBhcHByZW5kJTIwZGUlMjBub3V2ZWF1eCUyMCVDMyVBOXYlQzMlQTluZW1lbnRzJTIwZXQlMjBkZSUyMHRyJUMzJUE4cyUyMG0lQzMlQTlzJTNDJTJGcCUzRSUwQSUyMCUyMCUyMCUyMCUyMCUyMCUzQyUyRmRpdiUzRSUwQSUyMCUyMCUyMCUyMCUzQyUyRmRpdiUzRQ==[\/vc_raw_html][\/vc_column][\/vc_row][vc_row bg_color=\u00a0\u00bb#f4f4f4&Prime; bottom_padding=\u00a0\u00bb15&Prime;][vc_column width=\u00a0\u00bb1\/1&Prime;][vc_raw_html el_class=\u00a0\u00bbpopmake-17165&Prime;]JTNDZGl2JTNFJTBBJTIwJTIwJTIwJTIwJTIwJTIwJTIwJTIwJTNDZGl2JTIwc3R5bGUlM0QlMjJtYXJnaW4tdG9wJTNBMjBweCUzQiUyMHRleHQtYWxpZ24lM0FjZW50ZXIlM0IlMjIlM0UlMEElMjAlMjAlMjAlMjAlMjAlMjAlMjAlMjAlMjAlMjAlM0NidXR0b24lMjBzdHlsZSUzRCUyMndpZHRoJTNBNTAlMjUlM0IlMjBwYWRkaW5nJTNBMTVweCUyMDIwcHglM0IlMjBib3JkZXItcmFkaXVzJTNBMjVweCUzQiUyMGJhY2tncm91bmQtY29sb3IlM0FibGFjayUzQiUyMGNvbG9yJTNBJTIzZjRmNGY0JTNCJTIwZm9udC13ZWlnaHQlM0Fib2xkJTNCJTIwYm9yZGVyJTNBMXB4JTIwc29saWQlMjBibGFjayUzQiUyMiUyMHR5cGUlM0QlMjJidXR0b24lMjIlM0VBQk9OTkVaLVZPVVMlM0MlMkZidXR0b24lM0UlMEElMjAlMjAlMjAlMjAlMjAlMjAlMjAlMjAlM0MlMkZkaXYlM0UlMEElMjAlMjAlMjAlMjAlMjAlMjAlM0MlMkZkaXYlM0U=[\/vc_raw_html][\/vc_column][\/vc_row]<\/p>\n","protected":false},"author":1,"featured_media":0,"parent":0,"menu_order":0,"comment_status":"open","ping_status":"closed","template":"","meta":{"footnotes":""},"class_list":["post-27035","page","type-page","status-publish","hentry"],"_links":{"self":[{"href":"https:\/\/marinabadalona.cat\/fr\/wp-json\/wp\/v2\/pages\/27035","targetHints":{"allow":["GET"]}}],"collection":[{"href":"https:\/\/marinabadalona.cat\/fr\/wp-json\/wp\/v2\/pages"}],"about":[{"href":"https:\/\/marinabadalona.cat\/fr\/wp-json\/wp\/v2\/types\/page"}],"author":[{"embeddable":true,"href":"https:\/\/marinabadalona.cat\/fr\/wp-json\/wp\/v2\/users\/1"}],"replies":[{"embeddable":true,"href":"https:\/\/marinabadalona.cat\/fr\/wp-json\/wp\/v2\/comments?post=27035"}],"version-history":[{"count":5,"href":"https:\/\/marinabadalona.cat\/fr\/wp-json\/wp\/v2\/pages\/27035\/revisions"}],"predecessor-version":[{"id":38564,"href":"https:\/\/marinabadalona.cat\/fr\/wp-json\/wp\/v2\/pages\/27035\/revisions\/38564"}],"wp:attachment":[{"href":"https:\/\/marinabadalona.cat\/fr\/wp-json\/wp\/v2\/media?parent=27035"}],"curies":[{"name":"wp","href":"https:\/\/api.w.org\/{rel}","templated":true}]}}