
{"id":27039,"date":"2021-10-29T10:03:48","date_gmt":"2021-10-29T10:03:48","guid":{"rendered":"https:\/\/marinabadalona.cat\/base-de-pesca\/"},"modified":"2024-01-16T12:47:13","modified_gmt":"2024-01-16T11:47:13","slug":"base-de-pesca","status":"publish","type":"page","link":"https:\/\/marinabadalona.cat\/fr\/base-de-pesca\/","title":{"rendered":"BASE DE P\u00caCHE ARTISANALE"},"content":{"rendered":"<div class=\"wpb-content-wrapper\"><p>[vc_row type=\u00a0\u00bbfull_width_section\u00a0\u00bb][vc_column width=\u00a0\u00bb1\/1&Prime;][rev_slider_vc alias=\u00a0\u00bbslide-home\u00a0\u00bb][\/vc_column][\/vc_row][vc_row top_padding=\u00a0\u00bb100&Prime; bottom_padding=\u00a0\u00bb80&Prime;][vc_column width=\u00a0\u00bb1\/1&Prime;]<h1 class=\"headline font-special fontsize-xxxl fontweight-500 lh-inherit align-center transform-uppercase \" style=\"margin: 0 0 00px 0;\">BASE DE P\u00caCHE ARTISANALE<\/h1><div class=\"headline font-special fontsize-l fontweight-400 lh-inherit align-center transform-inherit \" style=\"margin: 0 0 00px 0; color: #999999;\">MODERNE, OUVERTE SUR LA VILLE ET ADAPT\u00c9 \u00c0 LA R\u00c9ALIT\u00c9 DU SECTEUR<\/div>[\/vc_column][\/vc_row][vc_row bg_color=\u00a0\u00bb#f9f9f9&Prime; top_padding=\u00a0\u00bb100&Prime; bottom_padding=\u00a0\u00bb80&Prime;][vc_column width=\u00a0\u00bb1\/2&Prime;]<h3 class=\"headline font-special fontsize-l fontweight-700 lh-inherit align-left transform-uppercase \" style=\"margin: 0 0 20px 0;\">D\u00c9COUVRIR LA TRADITION<\/h3>[vc_column_text]<\/p>\n<p style=\"text-align: justify;\">La base de p\u00eache artisanale de badalona (bpab) du port de badalona est une installation situee dans la jetee de quimet costa, adaptee \u00e0 la realite du secteur pour repondre aux besoins operationnels de la communaute de p\u00eacheurs de la ville, equipee de la technologie et des contr\u00f4les qui garantissent consommation directe.<\/p>\n<p>L&rsquo;entree en service de ce projet &#8211; depuis novembre 2010, appartient \u00e0 la confrerie et le 17 janvier 2011 l&rsquo;activite de la vente aux ench\u00e8res publique est reprise &#8211; cela a resolu une demande historique du groupement de p\u00eacheurs de la ville , demande concretisee apr\u00e8s un processus participatif et de negociation entre le conseil municipal de badalona, la societe marina de badalona, la direction generale de la p\u00eache et le groupe de p\u00eacheurs de badalona, qui developpe desormais son activite economique avec grande dignite. L&rsquo;activite de la base se developpe dans deux espaces cles.<\/p>\n<p>[\/vc_column_text][\/vc_column][vc_column width=\u00a0\u00bb1\/2&Prime;]<div class=\"single_image wpb_content_element align-center    \" data-animation=\"none\" data-delay=\"0\"><img loading=\"lazy\" decoding=\"async\" width=\"1000\" height=\"1000\" src=\"https:\/\/marinabadalona.cat\/wp-content\/uploads\/2021\/10\/Base-de-pesca-marina-badalona-barco-dortoka.jpg\" class=\"attachment-full\" alt=\"\" title=\"Base-de-pesca-marina-badalona-barco-dortoka\" srcset=\"https:\/\/marinabadalona.cat\/wp-content\/uploads\/2021\/10\/Base-de-pesca-marina-badalona-barco-dortoka.jpg 1000w, https:\/\/marinabadalona.cat\/wp-content\/uploads\/2021\/10\/Base-de-pesca-marina-badalona-barco-dortoka-300x300.jpg 300w, https:\/\/marinabadalona.cat\/wp-content\/uploads\/2021\/10\/Base-de-pesca-marina-badalona-barco-dortoka-150x150.jpg 150w, https:\/\/marinabadalona.cat\/wp-content\/uploads\/2021\/10\/Base-de-pesca-marina-badalona-barco-dortoka-768x768.jpg 768w, https:\/\/marinabadalona.cat\/wp-content\/uploads\/2021\/10\/Base-de-pesca-marina-badalona-barco-dortoka-80x80.jpg 80w, https:\/\/marinabadalona.cat\/wp-content\/uploads\/2021\/10\/Base-de-pesca-marina-badalona-barco-dortoka-500x500.jpg 500w, https:\/\/marinabadalona.cat\/wp-content\/uploads\/2021\/10\/Base-de-pesca-marina-badalona-barco-dortoka-600x600.jpg 600w, https:\/\/marinabadalona.cat\/wp-content\/uploads\/2021\/10\/Base-de-pesca-marina-badalona-barco-dortoka-100x100.jpg 100w\" sizes=\"auto, (max-width: 1000px) 100vw, 1000px\" \/><\/div>[\/vc_column][\/vc_row][vc_row bg_color=\u00a0\u00bb#f4f4f4&Prime; top_padding=\u00a0\u00bb80&Prime; bottom_padding=\u00a0\u00bb80&Prime;][vc_column bg_color=\u00a0\u00bb#f4f4f4&Prime; width=\u00a0\u00bb1\/2&Prime;][vc_column_text]<strong>MARCH\u00c9 DES P\u00caCHEURS<\/strong><\/p>\n<hr \/>\n<ul>\n<li>Si\u00e8ge de la confr\u00e9rie des p\u00eacheurs, avec 610 m\u00b2 sur un etage15 cabines pour l&rsquo;utilisation d&rsquo;entrepot de chaque mod\u00e8le<\/li>\n<li>Salle centrale de 200m2, qui accueille la traditionnelle<strong><br \/>\nl&rsquo;acquisition de poisson est reservee aux restaurateurs et aux pecheurs.<\/strong><\/li>\n<li>Machine a glace &#8211; Chambre froide<\/li>\n<li>Balance de pesee &#8211; laboratoire d&rsquo;analyse de controle des captures<\/li>\n<\/ul>\n<p>[\/vc_column_text][\/vc_column][vc_column width=\u00a0\u00bb1\/2&Prime;][vc_column_text]<strong>FISHING SPRING<\/strong><\/p>\n<hr \/>\n<ul>\n<li>17 mouillages sur une jetee de 70 metres de long<\/li>\n<li>Espace pour decharger et placer les engins de peche<\/li>\n<li>Service d&rsquo;eclairage et d&rsquo;eau<\/li>\n<\/ul>\n<p><strong>Contact avec la confr\u00e9rie des p\u00eacheurs de badalona<\/strong><br \/>\n<strong>Telephone:<\/strong> 93 384 35 06<br \/>\n<strong>Courriel:<\/strong> <a href=\"mailto:confrariabadalona@gmail.com\">confrariabadalona@gmail.com<\/a>[\/vc_column_text][\/vc_column][\/vc_row][vc_row type=\u00a0\u00bbfull_width_section\u00a0\u00bb][vc_column width=\u00a0\u00bb1\/3&Prime;]<div class=\"single_image wpb_content_element align-left    \" data-animation=\"none\" data-delay=\"0\"><img loading=\"lazy\" decoding=\"async\" width=\"1000\" height=\"1000\" src=\"https:\/\/marinabadalona.cat\/wp-content\/uploads\/2021\/10\/Base-de-pesca-marina-badalona-dortoka.jpg\" class=\"attachment-full\" alt=\"\" title=\"Base-de-pesca-marina-badalona-dortoka\" srcset=\"https:\/\/marinabadalona.cat\/wp-content\/uploads\/2021\/10\/Base-de-pesca-marina-badalona-dortoka.jpg 1000w, https:\/\/marinabadalona.cat\/wp-content\/uploads\/2021\/10\/Base-de-pesca-marina-badalona-dortoka-300x300.jpg 300w, https:\/\/marinabadalona.cat\/wp-content\/uploads\/2021\/10\/Base-de-pesca-marina-badalona-dortoka-150x150.jpg 150w, https:\/\/marinabadalona.cat\/wp-content\/uploads\/2021\/10\/Base-de-pesca-marina-badalona-dortoka-768x768.jpg 768w, https:\/\/marinabadalona.cat\/wp-content\/uploads\/2021\/10\/Base-de-pesca-marina-badalona-dortoka-80x80.jpg 80w, https:\/\/marinabadalona.cat\/wp-content\/uploads\/2021\/10\/Base-de-pesca-marina-badalona-dortoka-500x500.jpg 500w, https:\/\/marinabadalona.cat\/wp-content\/uploads\/2021\/10\/Base-de-pesca-marina-badalona-dortoka-600x600.jpg 600w, https:\/\/marinabadalona.cat\/wp-content\/uploads\/2021\/10\/Base-de-pesca-marina-badalona-dortoka-100x100.jpg 100w\" sizes=\"auto, (max-width: 1000px) 100vw, 1000px\" \/><\/div>[\/vc_column][vc_column width=\u00a0\u00bb1\/3&Prime;]<div class=\"single_image wpb_content_element align-left    \" data-animation=\"none\" data-delay=\"0\"><img loading=\"lazy\" decoding=\"async\" width=\"1000\" height=\"1000\" src=\"https:\/\/marinabadalona.cat\/wp-content\/uploads\/2021\/10\/Base-de-pesca-marina-badalona-pescadores-dortoka.jpg\" class=\"attachment-full\" alt=\"\" title=\"Base-de-pesca-marina-badalona-pescadores-dortoka\" srcset=\"https:\/\/marinabadalona.cat\/wp-content\/uploads\/2021\/10\/Base-de-pesca-marina-badalona-pescadores-dortoka.jpg 1000w, https:\/\/marinabadalona.cat\/wp-content\/uploads\/2021\/10\/Base-de-pesca-marina-badalona-pescadores-dortoka-300x300.jpg 300w, https:\/\/marinabadalona.cat\/wp-content\/uploads\/2021\/10\/Base-de-pesca-marina-badalona-pescadores-dortoka-150x150.jpg 150w, https:\/\/marinabadalona.cat\/wp-content\/uploads\/2021\/10\/Base-de-pesca-marina-badalona-pescadores-dortoka-768x768.jpg 768w, https:\/\/marinabadalona.cat\/wp-content\/uploads\/2021\/10\/Base-de-pesca-marina-badalona-pescadores-dortoka-80x80.jpg 80w, https:\/\/marinabadalona.cat\/wp-content\/uploads\/2021\/10\/Base-de-pesca-marina-badalona-pescadores-dortoka-500x500.jpg 500w, https:\/\/marinabadalona.cat\/wp-content\/uploads\/2021\/10\/Base-de-pesca-marina-badalona-pescadores-dortoka-600x600.jpg 600w, https:\/\/marinabadalona.cat\/wp-content\/uploads\/2021\/10\/Base-de-pesca-marina-badalona-pescadores-dortoka-100x100.jpg 100w\" sizes=\"auto, (max-width: 1000px) 100vw, 1000px\" \/><\/div>[\/vc_column][vc_column width=\u00a0\u00bb1\/3&Prime;]<div class=\"single_image wpb_content_element align-left    \" data-animation=\"none\" data-delay=\"0\"><img loading=\"lazy\" decoding=\"async\" width=\"1000\" height=\"1000\" src=\"https:\/\/marinabadalona.cat\/wp-content\/uploads\/2021\/10\/Base-de-pesca-marina-badalona-peces-dortoka.jpg\" class=\"attachment-full\" alt=\"\" title=\"Base-de-pesca-marina-badalona-peces-dortoka\" srcset=\"https:\/\/marinabadalona.cat\/wp-content\/uploads\/2021\/10\/Base-de-pesca-marina-badalona-peces-dortoka.jpg 1000w, https:\/\/marinabadalona.cat\/wp-content\/uploads\/2021\/10\/Base-de-pesca-marina-badalona-peces-dortoka-300x300.jpg 300w, https:\/\/marinabadalona.cat\/wp-content\/uploads\/2021\/10\/Base-de-pesca-marina-badalona-peces-dortoka-150x150.jpg 150w, https:\/\/marinabadalona.cat\/wp-content\/uploads\/2021\/10\/Base-de-pesca-marina-badalona-peces-dortoka-768x768.jpg 768w, https:\/\/marinabadalona.cat\/wp-content\/uploads\/2021\/10\/Base-de-pesca-marina-badalona-peces-dortoka-80x80.jpg 80w, https:\/\/marinabadalona.cat\/wp-content\/uploads\/2021\/10\/Base-de-pesca-marina-badalona-peces-dortoka-500x500.jpg 500w, https:\/\/marinabadalona.cat\/wp-content\/uploads\/2021\/10\/Base-de-pesca-marina-badalona-peces-dortoka-600x600.jpg 600w, https:\/\/marinabadalona.cat\/wp-content\/uploads\/2021\/10\/Base-de-pesca-marina-badalona-peces-dortoka-100x100.jpg 100w\" sizes=\"auto, (max-width: 1000px) 100vw, 1000px\" \/><\/div>[\/vc_column][\/vc_row][vc_row bg_color=\u00a0\u00bb#00a7e0&Prime; text_color=\u00a0\u00bblight\u00a0\u00bb top_padding=\u00a0\u00bb80&Prime; bottom_padding=\u00a0\u00bb80&Prime;][vc_column bg_color=\u00a0\u00bb#00a7e0&Prime; text_align=\u00a0\u00bbcenter\u00a0\u00bb width=\u00a0\u00bb1\/1&Prime;]<h1 class=\"headline font-special fontsize-xxxl fontweight-500 lh-inherit align-center transform-uppercase \" style=\"margin: 0 0 20px 0;\">Marina Badalona<br \/>\nVous aidons-vous?<\/h1><a href=\"https:\/\/marinabadalona.cat\/fr\/contacte\/\" target=\"_self\" class=\"button color-8 large \" style=\"border-radius: 2px;\"><i class='fa fa-phone'><\/i>CONTACTEZ-NOUS!<\/a>[\/vc_column][\/vc_row][vc_row bg_color=\u00a0\u00bb#f4f4f4&Prime; top_padding=\u00a0\u00bb30&Prime;][vc_column width=\u00a0\u00bb1\/1&Prime;][vc_raw_html]JTNDZGl2JTNFJTBBJTIwJTIwJTIwJTIwJTIwJTIwJTNDZGl2JTNFJTBBJTIwJTIwJTIwJTIwJTIwJTIwJTIwJTIwJTIwJTIwJTNDaDElMjBzdHlsZSUzRCUyMmZvbnQtZmFtaWx5JTNBJTI3TW9udHNlcnJhdCUyNyUyQ0FyaWFsJTJDSGVsdmV0aWNhJTJDc2Fucy1zZXJpZiUzQiUyMHRleHQtYWxpZ24lM0FjZW50ZXIlM0IlMjBjb2xvciUzQWJsYWNrJTNCJTIyJTNFUkVKT0lORFJFJTIwTk9UUkUlMjBORVdTTEVUVEVSJTNDJTJGaDElM0UlMEElMjAlMjAlMjAlMjAlMjAlMjAlMjAlMjAlM0NwJTIwc3R5bGUlM0QlMjJmb250LWZhbWlseSUzQSUyN01vbnRzZXJyYXQlMjclMkNBcmlhbCUyQ0hlbHZldGljYSUyQ3NhbnMtc2VyaWYlM0IlMjB0ZXh0LWFsaWduJTNBY2VudGVyJTNCJTIwY29sb3IlM0FibGFjayUzQiUyMiUzRUlsJTIwY29ubmElQzMlQUV0JTIwbm9zJTIwbm91dmVhdXQlQzMlQTlzJTIwYXZhbnQlMjB0b3V0JTJDJTIwaWwlMjBhcHByZW5kJTIwZGUlMjBub3V2ZWF1eCUyMCVDMyVBOXYlQzMlQTluZW1lbnRzJTIwZXQlMjBkZSUyMHRyJUMzJUE4cyUyMG0lQzMlQTlzJTNDJTJGcCUzRSUwQSUyMCUyMCUyMCUyMCUyMCUyMCUzQyUyRmRpdiUzRSUwQSUyMCUyMCUyMCUyMCUzQyUyRmRpdiUzRQ==[\/vc_raw_html][\/vc_column][\/vc_row][vc_row bg_color=\u00a0\u00bb#f4f4f4&Prime; bottom_padding=\u00a0\u00bb15&Prime;][vc_column width=\u00a0\u00bb1\/1&Prime;][vc_raw_html el_class=\u00a0\u00bbpopmake-17165&Prime;]JTNDZGl2JTNFJTBBJTIwJTIwJTIwJTIwJTIwJTIwJTIwJTIwJTNDZGl2JTIwc3R5bGUlM0QlMjJtYXJnaW4tdG9wJTNBMjBweCUzQiUyMHRleHQtYWxpZ24lM0FjZW50ZXIlM0IlMjIlM0UlMEElMjAlMjAlMjAlMjAlMjAlMjAlMjAlMjAlMjAlMjAlMjAlMjAlMjAlM0NidXR0b24lMjBzdHlsZSUzRCUyMndpZHRoJTNBNTAlMjUlM0IlMjBwYWRkaW5nJTNBMTVweCUyMDIwcHglM0IlMjBib3JkZXItcmFkaXVzJTNBMjVweCUzQiUyMGJhY2tncm91bmQtY29sb3IlM0FibGFjayUzQiUyMGNvbG9yJTNBJTIzZjRmNGY0JTNCJTIwZm9udC13ZWlnaHQlM0Fib2xkJTNCJTIwYm9yZGVyJTNBMXB4JTIwc29saWQlMjBibGFjayUzQiUyMiUyMHR5cGUlM0QlMjJidXR0b24lMjIlM0VBQk9OTkVaLVZPVVMlM0MlMkZidXR0b24lM0UlMEElMjAlMjAlMjAlMjAlMjAlMjAlMjAlMjAlM0MlMkZkaXYlM0UlMEElMjAlMjAlMjAlMjAlMjAlMjAlM0MlMkZkaXYlM0U=[\/vc_raw_html][\/vc_column][\/vc_row]<\/p>\n<\/div>","protected":false},"excerpt":{"rendered":"<p>[vc_row type=\u00a0\u00bbfull_width_section\u00a0\u00bb][vc_column width=\u00a0\u00bb1\/1&Prime;][rev_slider_vc alias=\u00a0\u00bbslide-home\u00a0\u00bb][\/vc_column][\/vc_row][vc_row top_padding=\u00a0\u00bb100&Prime; bottom_padding=\u00a0\u00bb80&Prime;][vc_column width=\u00a0\u00bb1\/1&Prime;][\/vc_column][\/vc_row][vc_row bg_color=\u00a0\u00bb#f9f9f9&Prime; top_padding=\u00a0\u00bb100&Prime; bottom_padding=\u00a0\u00bb80&Prime;][vc_column width=\u00a0\u00bb1\/2&Prime;][vc_column_text] La base de p\u00eache artisanale de badalona (bpab) du port de badalona est une installation situee dans la jetee de quimet costa, adaptee \u00e0 la realite du secteur pour repondre aux besoins operationnels de la communaute de p\u00eacheurs de la ville, equipee de la technologie et des contr\u00f4les qui garantissent consommation directe. L&rsquo;entree en service de ce projet &#8211; depuis novembre 2010, appartient \u00e0 la confrerie et le 17 janvier 2011 l&rsquo;activite de la vente aux ench\u00e8res publique est reprise &#8211; cela a resolu une demande historique du groupement de p\u00eacheurs de la ville , demande concretisee apr\u00e8s un processus participatif et de negociation entre le conseil municipal de badalona, la societe marina de badalona, la direction generale de la p\u00eache et le groupe de p\u00eacheurs de badalona, qui developpe desormais son activite economique avec grande dignite. L&rsquo;activite de la base se developpe dans deux espaces cles. [\/vc_column_text][\/vc_column][vc_column width=\u00a0\u00bb1\/2&Prime;][\/vc_column][\/vc_row][vc_row bg_color=\u00a0\u00bb#f4f4f4&Prime; top_padding=\u00a0\u00bb80&Prime; bottom_padding=\u00a0\u00bb80&Prime;][vc_column bg_color=\u00a0\u00bb#f4f4f4&Prime; width=\u00a0\u00bb1\/2&Prime;][vc_column_text]MARCH\u00c9 DES P\u00caCHEURS Si\u00e8ge de la confr\u00e9rie des p\u00eacheurs, avec 610 m\u00b2 sur un etage15 cabines pour l&rsquo;utilisation d&rsquo;entrepot de chaque mod\u00e8le Salle centrale de 200m2, qui accueille la traditionnelle l&rsquo;acquisition de poisson est reservee aux [&hellip;]<\/p>\n","protected":false},"author":1,"featured_media":0,"parent":0,"menu_order":0,"comment_status":"open","ping_status":"closed","template":"","meta":{"footnotes":""},"class_list":["post-27039","page","type-page","status-publish","hentry"],"_links":{"self":[{"href":"https:\/\/marinabadalona.cat\/fr\/wp-json\/wp\/v2\/pages\/27039","targetHints":{"allow":["GET"]}}],"collection":[{"href":"https:\/\/marinabadalona.cat\/fr\/wp-json\/wp\/v2\/pages"}],"about":[{"href":"https:\/\/marinabadalona.cat\/fr\/wp-json\/wp\/v2\/types\/page"}],"author":[{"embeddable":true,"href":"https:\/\/marinabadalona.cat\/fr\/wp-json\/wp\/v2\/users\/1"}],"replies":[{"embeddable":true,"href":"https:\/\/marinabadalona.cat\/fr\/wp-json\/wp\/v2\/comments?post=27039"}],"version-history":[{"count":3,"href":"https:\/\/marinabadalona.cat\/fr\/wp-json\/wp\/v2\/pages\/27039\/revisions"}],"predecessor-version":[{"id":37737,"href":"https:\/\/marinabadalona.cat\/fr\/wp-json\/wp\/v2\/pages\/27039\/revisions\/37737"}],"wp:attachment":[{"href":"https:\/\/marinabadalona.cat\/fr\/wp-json\/wp\/v2\/media?parent=27039"}],"curies":[{"name":"wp","href":"https:\/\/api.w.org\/{rel}","templated":true}]}}