
{"id":27043,"date":"2021-09-08T13:56:25","date_gmt":"2021-09-08T13:56:25","guid":{"rendered":"https:\/\/marinabadalona.cat\/buenas-practicas\/"},"modified":"2024-01-15T11:17:26","modified_gmt":"2024-01-15T10:17:26","slug":"buenas-practicas","status":"publish","type":"page","link":"https:\/\/marinabadalona.cat\/fr\/buenas-practicas\/","title":{"rendered":"BONNES PRATIQUES"},"content":{"rendered":"<div class=\"wpb-content-wrapper\"><p>[vc_row type=\u00a0\u00bbfull_width_section\u00a0\u00bb][vc_column width=\u00a0\u00bb1\/1&Prime;][rev_slider_vc alias=\u00a0\u00bbslide-home\u00a0\u00bb][\/vc_column][\/vc_row][vc_row top_padding=\u00a0\u00bb100&Prime; bottom_padding=\u00a0\u00bb100&Prime;][vc_column width=\u00a0\u00bb1\/1&Prime;]<h1 class=\"headline font-special fontsize-xxl fontweight-400 lh-inherit align-center transform-uppercase \" style=\"margin: 0 0 20px 0;\">CODE DE CONDUITE DES BONNES PRATIQUES ENVIRONNEMENTALES<\/h1><div class=\"headline font-special fontsize-m fontweight-500 lh-inherit align-center transform-inherit \" style=\"margin: 0 0 20px 0; color: #999999;\">NOUS VOUS INVITONS A SUIVRE CES BONNES PRATIQUES AFIN QU&rsquo;A PARTIR DE CES RECOMMANDATIONS DE COMPORTEMENT DES USAGERS DU PORT ET DE LEURS EQUIPEMENTS NOUS NOUS ENGAGEONS A MAINTENIR UNE CONDUITE POUR PRESERVER L&rsquo;ENVIRONNEMENT.<\/div><div class=\"divider divider1\" style='margin:0px 0 0px 0 !important;'><\/div>[\/vc_column][\/vc_row][vc_row][vc_column width=\u00a0\u00bb1\/1&Prime;]<h3 class=\"headline font-special fontsize-s fontweight-500 lh-inherit align-left transform-inherit \" style=\"margin: 0 0 20px 0; color: #000000;\">L&rsquo;EAU EST UNE RESSOURCE NATURELLE INDISPENSABLE ET EFFRAYANTE, UN USAGE RATIONNEL DOIT ETRE FAIT.<\/h3>[\/vc_column][\/vc_row][vc_row bottom_padding=\u00a0\u00bb80&Prime;][vc_column width=\u00a0\u00bb1\/1&Prime;]<div class=\"minti_list wpb_content_element color-accent line show_separator\" style=\"\">\n<ul>\n<li>Connectez d&rsquo;abord le tuyau \u00e0 la tourelle et fermez le robinet avant de le d\u00e9brancher.<\/li>\n<li>Ne laissez pas le robinet ouvert pendant que vous videz le couvercle.<\/li>\n<li>Utilisez des diffuseurs \u00e0 faisceaux intermittents.<\/li>\n<li>Utilisez des diffuseurs \u00e0 faisceaux intermittents. Soyez conscient de l&rsquo;utilisation de l&rsquo;eau dans les toilettes et dans la douche.<\/li>\n<li>Avertissez le personnel maritime s&rsquo;il d\u00e9tecte des fuites d\u2019eau.<\/li>\n<\/ul>\n<\/div>[\/vc_column][\/vc_row][vc_row][vc_column width=\u00a0\u00bb1\/1&Prime;]<h3 class=\"headline font-special fontsize-s fontweight-500 lh-inherit align-left transform-inherit \" style=\"margin: 0 0 20px 0; color: #000000;\">NOUS R\u00c9DUISONS LA CONSOMMATION D&rsquo;\u00c9NERGIE AU MAXIMUM.<\/h3>[\/vc_column][\/vc_row][vc_row bottom_padding=\u00a0\u00bb80&Prime;][vc_column width=\u00a0\u00bb1\/1&Prime;]<div class=\"minti_list wpb_content_element color-accent line show_separator\" style=\"\">\n<ul>\n<li>Profitez au maximum de la lumi\u00e8re naturelle et utilisez de pr\u00e9f\u00e9rence des ampoules basse consommation.<\/li>\n<li>\u00c9teignez les lumi\u00e8res quand c\u2019est n\u00e9cessaire.<\/li>\n<li>N&rsquo;abusez pas de l&rsquo;\u00e9clairage, car c&rsquo;est aussi une source de pollution et un \u00e9l\u00e9ment qui peut perturber la cohabitation dans le Port.<\/li>\n<li>Connectez d&rsquo;abord le c\u00e2ble \u00e0 la prise de courant du bateau, puis au barrage de la tourelle de service.<\/li>\n<li>R\u00e9glez rationnellement le thermostat m\u00e9t\u00e9o.<\/li>\n<li>Ne manipulez pas les tourelles d&rsquo;approvisionnement, informez Mariner\u00eda au cas o\u00f9 vous d\u00e9tecteriez un probl\u00e8me dans son fonctionnement.<\/li>\n<li>Une fois les batteries charg\u00e9es, d\u00e9branchez d&rsquo;abord le barrage tourelle de service puis le barrage bateau.<\/li>\n<\/ul>\n<\/div>[\/vc_column][\/vc_row][vc_row bottom_padding=\u00a0\u00bb80&Prime;][vc_column width=\u00a0\u00bb1\/1&Prime;]<h3 class=\"headline font-special fontsize-s fontweight-500 lh-inherit align-left transform-inherit \" style=\"margin: 0 0 20px 0; color: #000000;\">LES D\u00c9VERSEMENTS PRODUISENT UN EFFET POLLUANT S\u00c9RIEUX<\/h3><div class=\"minti_list wpb_content_element color-accent line show_separator\" style=\"\">\n<ul>\n<li style=\"text-align: justify;\">Videz les eaux grises, noires et de cale dans l&rsquo;espace correspondant, situ\u00e9 \u00e0 la station-service du port.<\/li>\n<li style=\"text-align: justify;\">\u00c9vitez d&rsquo;utiliser les toilettes et les douches des bateaux lorsqu&rsquo;ils sont amarr\u00e9s au port, vous avez ce service dans nos installations, pr\u00e8s de chaque jet\u00e9e.<\/li>\n<li style=\"text-align: justify;\">Utilisez des savons et des d\u00e9tergents biod\u00e9gradables lors de la vidange des bateaux.<\/li>\n<li style=\"text-align: justify;\">Effectuez un entretien r\u00e9gulier du moteur et du bateau pour \u00e9viter les fuites.<\/li>\n<li style=\"text-align: justify;\">En cas de d\u00e9versement accidentel ou si vous d\u00e9tectez de mauvaises pratiques d&rsquo;autres agents, informez Mariner\u00eda.<\/li>\n<li style=\"text-align: justify;\">Lors du ravitaillement, assurez-vous que la quantit\u00e9 command\u00e9e correspond \u00e0 la capacit\u00e9 du r\u00e9servoir et au besoin de carburant \u00e0 ce moment-l\u00e0.<\/li>\n<li style=\"text-align: justify;\">Ne renversez aucune substance dangereuse dans les \u00e9gouts.<\/li>\n<li style=\"text-align: justify;\">Si vous devez effectuer des travaux d&rsquo;entretien sur le bateau, apportez le plus grand soin \u00e0 la disposition du mat\u00e9riel utilis\u00e9 dans les seaux et \u00e9valuez si vous devez utiliser un \u00e9quipement de protection individuelle et, si n\u00e9cessaire, utilisez la zone de travail du quai pour travailler, toujours avec des machines d&rsquo;extraction de poussi\u00e8re.<\/li>\n<li style=\"text-align: justify;\">Avertissez le personnel maritime s&rsquo;il d\u00e9tecte un d\u00e9versement accidentel et commandez du mat\u00e9riel absorbant si cela est jug\u00e9 appropri\u00e9.<\/li>\n<\/ul>\n<\/div>[\/vc_column][\/vc_row][vc_row][vc_column width=\u00a0\u00bb1\/1&Prime;]<h3 class=\"headline font-special fontsize-s fontweight-500 lh-inherit align-left transform-inherit \" style=\"margin: 0 0 20px 0; color: #000000;\">S\u00c9PARATION DES D\u00c9CHETS ET UTILISATION DU POINT PROPRE<\/h3>[\/vc_column][\/vc_row][vc_row bottom_padding=\u00a0\u00bb80&Prime;][vc_column width=\u00a0\u00bb1\/1&Prime;]<div class=\"minti_list wpb_content_element color-accent line show_separator\" style=\"\">\n<ul>\n<li>S\u00e9parez les d\u00e9chets municipaux g\u00e9n\u00e9r\u00e9s et d\u00e9posez-les dans les conteneurs sp\u00e9cifiques (papier, mati\u00e8res organiques, plastiques et piles) situ\u00e9s \u00e0 la porte du ponton. Le verre est plac\u00e9 dans le Point Propre et dans d&rsquo;autres conteneurs distribu\u00e9s par le Port.<\/li>\n<li>D\u00e9posez les d\u00e9chets sp\u00e9ciaux (huiles, graisses, batteries, r\u00e9sidus de peinture, fluorescents et autres) dans votre Point Vert. Ne laissez pas de fus\u00e9es p\u00e9rim\u00e9es dans les poubelles, ou au Point Vert, et ne placez aucun autre d\u00e9p\u00f4t dans l&rsquo;enceinte. Ils doivent \u00eatre retourn\u00e9s au producteur.<\/li>\n<li>Ne laissez aucun type de d\u00e9chet dans le Port, ni le jetez \u00e0 l&rsquo;\u00e9gout. Si vous avez des questions sur votre traitement, veuillez contacter le personnel de la Marine.<\/li>\n<\/ul>\n<\/div>[\/vc_column][\/vc_row][vc_row][vc_column width=\u00a0\u00bb1\/1&Prime;]<h3 class=\"headline font-special fontsize-s fontweight-500 lh-inherit align-left transform-inherit \" style=\"margin: 0 0 20px 0; color: #000000;\">\u00c9MISSIONS ATMOSPH\u00c9RIQUES ET POLLUTION SONORE.<\/h3>[\/vc_column][\/vc_row][vc_row bottom_padding=\u00a0\u00bb80&Prime;][vc_column width=\u00a0\u00bb1\/1&Prime;]<div class=\"minti_list wpb_content_element color-accent line show_separator\" style=\"\">\n<ul>\n<li>Respectez la limite de vitesse fix\u00e9e dans la zone portuaire, aussi bien pour les v\u00e9hicules \u00e0 roues que pour les bateaux. Favorisez vos d\u00e9placements avec des v\u00e9hicules propres, favorisant une meilleure qualit\u00e9 de l&rsquo;environnement et l&rsquo;am\u00e9lioration de votre sant\u00e9. La zone portuaire dispose d&rsquo;espaces de stationnement pour v\u00e9los \u00e0 proximit\u00e9 de chaque quai.<\/li>\n<li>Gardez les moteurs des bateaux en bon \u00e9tat pour avoir une bonne combustion et \u00e9viter l&rsquo;\u00e9mission de particules polluantes dans l&rsquo;atmosph\u00e8re. Faites-les aussi fonctionner aussi bas que possible afin de ne pas faire de bruit inutile, surtout la nuit.<\/li>\n<li>En ce qui concerne les nuisances sonores, ne laissez pas les drisses heurter le m\u00e2t, car elles sont une source courante de bruit \u00e9vitable dans le port.<\/li>\n<li>Consultez le personnel du Capitainerie pour toute activit\u00e9 extraordinaire que vous souhaitez organiser, afin d&rsquo;\u00e9tablir ensemble les normes minimales pour une bonne coexistence.<\/li>\n<\/ul>\n<\/div>[\/vc_column][\/vc_row][vc_row][vc_column width=\u00a0\u00bb1\/1&Prime;]<h3 class=\"headline font-special fontsize-s fontweight-500 lh-inherit align-left transform-inherit \" style=\"margin: 0 0 20px 0; color: #000000;\">NAVIGATION ENVIRONNEMENTALE RESPONSABLE ET SENSIBLE.<\/h3>[\/vc_column][\/vc_row][vc_row bottom_padding=\u00a0\u00bb80&Prime;][vc_column width=\u00a0\u00bb1\/1&Prime;]<div class=\"minti_list wpb_content_element color-accent line show_separator\" style=\"\">\n<ul>\n<li>Respectez les zones sensibles \u00e0 la navigation de votre environnement, telles que les \u201cprairies de posidonie\u201d, et r\u00e9pondez \u00e0 l&rsquo;exigence d&rsquo;une navigation respectueuse avec les parcours animaliers. Comme les canons du Maresme <a href=\"http:\/\/www.canyonsdelmaresme.cat\/els-canyons-submarins\/\">www.canyonsdelmaresme.cat\/els-canyons-submarins\/<\/a><\/li>\n<li>Ne jetez pas de d\u00e9chets ou de substances telles que des huiles, des peintures, des solvants ou tout r\u00e9sidu solide dans la mer, pas m\u00eame des d\u00e9bris organiques ou des m\u00e9gots.<\/li>\n<li>\u00c9vitez de renverser du carburant dans l&rsquo;eau.<\/li>\n<li>\u00c9vitez le bruit et les exc\u00e8s de vitesse en navigation<\/li>\n<\/ul>\n<\/div>[\/vc_column][\/vc_row][vc_row][vc_column width=\u00a0\u00bb5\/6&Prime;]<h3 class=\"headline font-special fontsize-s fontweight-500 lh-inherit align-left transform-inherit \" style=\"margin: 0 0 20px 0;\">D\u00c9CLARATION DE POLITIQUE ENVIRONNEMENTALE DU PORT DE BADALONA<\/h3><div class=\"divider divider1\" style='margin:10px 0 40px 0 !important;'><\/div>[\/vc_column][vc_column width=\u00a0\u00bb1\/6&Prime;]<a href=\"https:\/\/marinabadalona.cat\/wp-content\/uploads\/2022\/11\/20221108_Declaracio-Politica-Ambiental.pdf\" target=\"_blank\" class=\"button color-3 small \" style=\"border-radius: 2px;\">PDF<\/a>[\/vc_column][\/vc_row][vc_row][vc_column width=\u00a0\u00bb1\/1&Prime;][\/vc_column][\/vc_row][vc_row][vc_column][vc_column_text]<\/p>\n<p>[\/vc_column_text][\/vc_column][\/vc_row]<\/p>\n<\/div>","protected":false},"excerpt":{"rendered":"<p>[vc_row type=\u00a0\u00bbfull_width_section\u00a0\u00bb][vc_column width=\u00a0\u00bb1\/1&Prime;][rev_slider_vc alias=\u00a0\u00bbslide-home\u00a0\u00bb][\/vc_column][\/vc_row][vc_row top_padding=\u00a0\u00bb100&Prime; bottom_padding=\u00a0\u00bb100&Prime;][vc_column width=\u00a0\u00bb1\/1&Prime;][\/vc_column][\/vc_row][vc_row][vc_column width=\u00a0\u00bb1\/1&Prime;][\/vc_column][\/vc_row][vc_row bottom_padding=\u00a0\u00bb80&Prime;][vc_column width=\u00a0\u00bb1\/1&Prime;][\/vc_column][\/vc_row][vc_row][vc_column width=\u00a0\u00bb1\/1&Prime;][\/vc_column][\/vc_row][vc_row bottom_padding=\u00a0\u00bb80&Prime;][vc_column width=\u00a0\u00bb1\/1&Prime;][\/vc_column][\/vc_row][vc_row bottom_padding=\u00a0\u00bb80&Prime;][vc_column width=\u00a0\u00bb1\/1&Prime;][\/vc_column][\/vc_row][vc_row][vc_column width=\u00a0\u00bb1\/1&Prime;][\/vc_column][\/vc_row][vc_row bottom_padding=\u00a0\u00bb80&Prime;][vc_column width=\u00a0\u00bb1\/1&Prime;][\/vc_column][\/vc_row][vc_row][vc_column width=\u00a0\u00bb1\/1&Prime;][\/vc_column][\/vc_row][vc_row bottom_padding=\u00a0\u00bb80&Prime;][vc_column width=\u00a0\u00bb1\/1&Prime;][\/vc_column][\/vc_row][vc_row][vc_column width=\u00a0\u00bb1\/1&Prime;][\/vc_column][\/vc_row][vc_row bottom_padding=\u00a0\u00bb80&Prime;][vc_column width=\u00a0\u00bb1\/1&Prime;][\/vc_column][\/vc_row][vc_row][vc_column width=\u00a0\u00bb5\/6&Prime;][\/vc_column][vc_column width=\u00a0\u00bb1\/6&Prime;][\/vc_column][\/vc_row][vc_row][vc_column width=\u00a0\u00bb1\/1&Prime;][\/vc_column][\/vc_row][vc_row][vc_column][vc_column_text] [\/vc_column_text][\/vc_column][\/vc_row]<\/p>\n","protected":false},"author":1,"featured_media":0,"parent":0,"menu_order":0,"comment_status":"open","ping_status":"closed","template":"","meta":{"footnotes":""},"class_list":["post-27043","page","type-page","status-publish","hentry"],"_links":{"self":[{"href":"https:\/\/marinabadalona.cat\/fr\/wp-json\/wp\/v2\/pages\/27043","targetHints":{"allow":["GET"]}}],"collection":[{"href":"https:\/\/marinabadalona.cat\/fr\/wp-json\/wp\/v2\/pages"}],"about":[{"href":"https:\/\/marinabadalona.cat\/fr\/wp-json\/wp\/v2\/types\/page"}],"author":[{"embeddable":true,"href":"https:\/\/marinabadalona.cat\/fr\/wp-json\/wp\/v2\/users\/1"}],"replies":[{"embeddable":true,"href":"https:\/\/marinabadalona.cat\/fr\/wp-json\/wp\/v2\/comments?post=27043"}],"version-history":[{"count":3,"href":"https:\/\/marinabadalona.cat\/fr\/wp-json\/wp\/v2\/pages\/27043\/revisions"}],"predecessor-version":[{"id":37640,"href":"https:\/\/marinabadalona.cat\/fr\/wp-json\/wp\/v2\/pages\/27043\/revisions\/37640"}],"wp:attachment":[{"href":"https:\/\/marinabadalona.cat\/fr\/wp-json\/wp\/v2\/media?parent=27043"}],"curies":[{"name":"wp","href":"https:\/\/api.w.org\/{rel}","templated":true}]}}