
{"id":27056,"date":"2021-09-22T08:22:58","date_gmt":"2021-09-22T08:22:58","guid":{"rendered":"https:\/\/marinabadalona.cat\/bandera-blava\/"},"modified":"2024-01-18T13:51:29","modified_gmt":"2024-01-18T12:51:29","slug":"bandera-blava","status":"publish","type":"page","link":"https:\/\/marinabadalona.cat\/fr\/bandera-blava\/","title":{"rendered":"DRAPEAU BLEU"},"content":{"rendered":"<div class=\"wpb-content-wrapper\"><p>[vc_row type=\u00a0\u00bbfull_width_section\u00a0\u00bb][vc_column width=\u00a0\u00bb1\/1&Prime;][rev_slider_vc alias=\u00a0\u00bbbandera-blava\u00a0\u00bb][\/vc_column][\/vc_row][vc_row top_padding=\u00a0\u00bb100&Prime; bottom_padding=\u00a0\u00bb40&Prime;][vc_column width=\u00a0\u00bb1\/1&Prime;]<h1 class=\"headline font-special fontsize-xxl fontweight-500 lh-inherit align-center transform-uppercase \" style=\"margin: 0 0 20px 0;\">DRAPEAU BLEU<\/h1><div class=\"headline font-special fontsize-l fontweight-400 lh-inherit align-center transform-inherit \" style=\"margin: 0 0 20px 0; color: #999999;\">DEPUIS 2013, PREMI\u00c8RE ANN\u00c9E DE DEMANDE DU PRIX ENVIRONNEMENTAL, LE DRAPEAU BLEU EST ATTRIBU\u00c9 ANNUELLEMENT, IL R\u00c9COMPENSE L&rsquo;EFFORT PERMANENT POUR LA DURABILIT\u00c9<\/div><div class=\"divider divider1\" style='margin:0px 0 0px 0 !important;'><\/div>[\/vc_column][\/vc_row][vc_row][vc_column width=\u00a0\u00bb1\/1&Prime;][vc_column_text]Le Pavillon Bleu est un prix pour la qualit\u00e9 environnementale, qui est d\u00e9cern\u00e9 aux ports qui font un effort particulier pour une bonne gestion de l&rsquo;environnement, la promotion de campagnes d&rsquo;information, la sensibilisation et le respect des espaces sensibles de l&rsquo;environnement, et qui facilite l&rsquo;information des usagers sur les pratiques qui doivent \u00eatre suivies dans les aspects li\u00e9s \u00e0 la gestion efficace de l&rsquo;eau, \u00e0 la consommation d&rsquo;\u00e9nergie et au comportement vis-\u00e0-vis des rejets et des d\u00e9chets et \u00e0 la navigation responsable. Pour obtenir le Pavillon Bleu, le Port doit r\u00e9pondre \u00e0 une s\u00e9rie d&rsquo;exigences concernant l&rsquo;\u00e9ducation et l&rsquo;information environnementales, la gestion environnementale, les services, la s\u00e9curit\u00e9 et la qualit\u00e9 de l&rsquo;eau.<\/p>\n<p>Le Pavillon Bleu est un prix d\u00e9cern\u00e9 par la \u201cEnvironmental Education Foundation\u201d (FEE), une organisation non gouvernementale environnementale, repr\u00e9sent\u00e9e dans pr\u00e8s de cinquante \u00c9tats sur les cinq continents. Il est d\u00e9cern\u00e9 sur les plages et les marinas pour une seule saison et le prix est valable tant que les exigences continuent d&rsquo;\u00eatre remplies. Au moment o\u00f9 une infraction est d\u00e9tect\u00e9e, les autorit\u00e9s responsables abaissent le drapeau bleu. Chaque organisation nationale de la FEE inspecte les sites Pavillon Bleu au cours de la saison.<\/p>\n<p>Nous avons besoin de votre collaboration pour maintenir le drapeau bleu hiss\u00e9, comme le meilleur signe que nous contribuons tous activement \u00e0 la protection de l&rsquo;environnement de notre r\u00f4le. La meilleure fa\u00e7on de s&rsquo;engager est de suivre les indications du Code de Conduite Environnementale.[\/vc_column_text][\/vc_column][\/vc_row][vc_row top_padding=\u00a0\u00bb100&Prime; bottom_padding=\u00a0\u00bb40&Prime;][vc_column width=\u00a0\u00bb1\/1&Prime;]<h1 class=\"headline font-special fontsize-xxl fontweight-500 lh-inherit align-center transform-uppercase \" style=\"margin: 0 0 20px 0;\">EXIGENCES DU DRAPEAU BLEU<\/h1><div class=\"headline font-special fontsize-l fontweight-400 lh-inherit align-center transform-inherit \" style=\"margin: 0 0 20px 0; color: #999999;\">LES PRE-REQUIS D&rsquo;UN PORT QUI VEUT AVOIR LE PAVILLON BLEU SONT D&rsquo;AVOIR DES PONTONS SPORTIFS, UNE ZONE DE MISE A L&rsquo;EAU, UNE COLLECTE SELECTIVE, DES ELEMENTS DE SECURITE PREVENTIVE ET UN PANNEAU ET PLAN D&rsquo;INFORMATION DU PORT<\/div><div class=\"divider divider1\" style='margin:0px 0 0px 0 !important;'><\/div>[\/vc_column][\/vc_row][vc_row bottom_padding=\u00a0\u00bb50&Prime;][vc_column width=\u00a0\u00bb1\/2&Prime;][vc_column_text]La FEE d\u00e9cerne chaque ann\u00e9e des prix Pavillon Bleu aux ports qui r\u00e9pondent \u00e0 des crit\u00e8res, de plus en plus exigeants depuis l&rsquo;an 2000, de l\u00e9galit\u00e9, de sant\u00e9, de propret\u00e9, de s\u00e9curit\u00e9 et d&rsquo;information et de gestion environnementale. Les pr\u00e9-requis pour solliciter l&rsquo;attribution consistent \u00e0 \u00eatre un port avec des pontons destin\u00e9s aux bateaux de plaisance, qu&rsquo;ils soient maritimes ou fluviaux, et disposant d&rsquo;une aire de mise \u00e0 l&rsquo;eau et de r\u00e9paration, de collecte des d\u00e9chets, de conteneurs de collecte s\u00e9lective,[\/vc_column_text][\/vc_column][vc_column width=\u00a0\u00bb1\/2&Prime;][vc_column_text]des \u00e9l\u00e9ments de s\u00e9curit\u00e9 pr\u00e9ventive et des affiches associ\u00e9es, des \u00e9quipements de secours et de secourisme, des \u00e9quipements de lutte contre l&rsquo;incendie ainsi qu&rsquo;un panneau d&rsquo;information et un plan du Port. Vous devez \u00e9galement d\u00e9signer une personne responsable pour promouvoir la campagne et les actions li\u00e9es au Pavillon Bleu et accepter que la FEE effectue les inspections correspondantes pour valider que les exigences soient respect\u00e9es.[\/vc_column_text][\/vc_column][\/vc_row][vc_row top_padding=\u00a0\u00bb40&Prime; bottom_padding=\u00a0\u00bb40&Prime;][vc_column width=\u00a0\u00bb1\/3&Prime;]<div class=\"iconbox  wpb_content_element iconbox-style-3 icon-color-accent color-dark\"><img src='https:\/\/marinabadalona.cat\/wp-content\/uploads\/2021\/11\/Equipament_contra_incendis.png' class='iconimg' alt='\u00c9quipement de pompier. Plan d&#039;urgence' \/><h3>\u00c9quipement de pompier. Plan d&#039;urgence<\/h3><p><\/p><\/div>[\/vc_column][vc_column width=\u00a0\u00bb1\/3&Prime;]<div class=\"iconbox  wpb_content_element iconbox-style-3 icon-color-accent color-dark\"><img src='https:\/\/marinabadalona.cat\/wp-content\/uploads\/2021\/11\/Codi_conducta_ambiental.png' class='iconimg' alt='Code de conduite environnementale expos\u00e9 dans le port' \/><h3>Code de conduite environnementale expos\u00e9 dans le port<\/h3><p><\/p><\/div>[\/vc_column][vc_column width=\u00a0\u00bb1\/3&Prime;]<div class=\"iconbox  wpb_content_element iconbox-style-3 icon-color-accent color-dark\"><img src='https:\/\/marinabadalona.cat\/wp-content\/uploads\/2021\/11\/Informacio_Bandera_blava.png' class='iconimg' alt='Informations sur le Pavillon Bleu et les crit\u00e8res d&#039;attribution' \/><h3>Informations sur le Pavillon Bleu et les crit\u00e8res d&#039;attribution<\/h3><p><\/p><\/div>[\/vc_column][\/vc_row][vc_row bottom_padding=\u00a0\u00bb40&Prime;][vc_column width=\u00a0\u00bb1\/3&Prime;]<div class=\"iconbox  wpb_content_element iconbox-style-3 icon-color-accent color-dark\"><img src='https:\/\/marinabadalona.cat\/wp-content\/uploads\/2021\/11\/Activitats_educacio_ambiental.png' class='iconimg' alt='Activit\u00e9s d&#039;\u00e9ducation \u00e0 l&#039;environnement' \/><h3>Activit\u00e9s d&#039;\u00e9ducation \u00e0 l&#039;environnement<\/h3><p><\/p><\/div>[\/vc_column][vc_column width=\u00a0\u00bb1\/3&Prime;]<div class=\"iconbox  wpb_content_element iconbox-style-3 icon-color-accent color-dark\"><img src='https:\/\/marinabadalona.cat\/wp-content\/uploads\/2021\/11\/Oferir_Bandera_blava.png' class='iconimg' alt='Offrir le Pavillon Bleu aux bateaux' \/><h3>Offrir le Pavillon Bleu aux bateaux<\/h3><p><\/p><\/div>[\/vc_column][vc_column width=\u00a0\u00bb1\/3&Prime;]<div class=\"iconbox  wpb_content_element iconbox-style-3 icon-color-accent color-dark\"><img src='https:\/\/marinabadalona.cat\/wp-content\/uploads\/2021\/11\/Aigues_netes.png' class='iconimg' alt='Eaux propres et sans rejets.' \/><h3>Eaux propres et sans rejets.<\/h3><p><\/p><\/div>[\/vc_column][\/vc_row][vc_row bottom_padding=\u00a0\u00bb40&Prime;][vc_column width=\u00a0\u00bb1\/3&Prime;]<div class=\"iconbox  wpb_content_element iconbox-style-3 icon-color-accent color-dark\"><img src='https:\/\/marinabadalona.cat\/wp-content\/uploads\/2021\/11\/Recollida_selectiva_escombraries.png' class='iconimg' alt='Collecte s\u00e9lective des d\u00e9chets' \/><h3>Collecte s\u00e9lective des d\u00e9chets<\/h3><p><\/p><\/div>[\/vc_column][vc_column width=\u00a0\u00bb1\/3&Prime;]<div class=\"iconbox  wpb_content_element iconbox-style-3 icon-color-accent color-dark\"><img src='https:\/\/marinabadalona.cat\/wp-content\/uploads\/2021\/11\/Recollida_residus_especials.png' class='iconimg' alt='Collecte s\u00e9lective des d\u00e9chets sp\u00e9ciaux. Syst\u00e8me de collecte en cale s\u00e8che' \/><h3>Collecte s\u00e9lective des d\u00e9chets sp\u00e9ciaux. Syst\u00e8me de collecte en cale s\u00e8che<\/h3><p><\/p><\/div>[\/vc_column][vc_column width=\u00a0\u00bb1\/3&Prime;]<div class=\"iconbox  wpb_content_element iconbox-style-3 icon-color-accent color-dark\"><img src='https:\/\/marinabadalona.cat\/wp-content\/uploads\/2021\/11\/Accesibilitat_facil.png' class='iconimg' alt='Accessibilit\u00e9 facile et s\u00fbre' \/><h3>Accessibilit\u00e9 facile et s\u00fbre<\/h3><p><\/p><\/div>[\/vc_column][\/vc_row][vc_row bottom_padding=\u00a0\u00bb40&Prime;][vc_column width=\u00a0\u00bb1\/3&Prime;]<div class=\"iconbox  wpb_content_element iconbox-style-3 icon-color-accent color-dark\"><img src='https:\/\/marinabadalona.cat\/wp-content\/uploads\/2021\/11\/Salvament_primers_auxilis.png' class='iconimg' alt='Sauvetage et premiers secours' \/><h3>Sauvetage et premiers secours<\/h3><p><\/p><\/div>[\/vc_column][vc_column width=\u00a0\u00bb1\/3&Prime;]<div class=\"iconbox  wpb_content_element iconbox-style-3 icon-color-accent color-dark\"><img src='https:\/\/marinabadalona.cat\/wp-content\/uploads\/2021\/11\/Oferta_electricitat_combustible.png' class='iconimg' alt='Fourniture d&#039;\u00e9lectricit\u00e9 et de carburant conform\u00e9ment \u00e0 la r\u00e9glementation' \/><h3>Fourniture d&#039;\u00e9lectricit\u00e9 et de carburant conform\u00e9ment \u00e0 la r\u00e9glementation<\/h3><p><\/p><\/div>[\/vc_column][vc_column width=\u00a0\u00bb1\/3&Prime;]<div class=\"iconbox  wpb_content_element iconbox-style-3 icon-color-accent color-dark\"><img src='https:\/\/marinabadalona.cat\/wp-content\/uploads\/2021\/11\/Subministrament_aigua_potable.png' class='iconimg' alt='Approvisionnement en eau potable. Dispositifs de pompage des eaux noires et grises. Douches et WC. Blanchisserie.' \/><h3>Approvisionnement en eau potable. Dispositifs de pompage des eaux noires et grises. Douches et WC. Blanchisserie.<\/h3><p><\/p><\/div>[\/vc_column][\/vc_row][vc_row bottom_padding=\u00a0\u00bb40&Prime;][vc_column width=\u00a0\u00bb1\/3&Prime;]<div class=\"iconbox  wpb_content_element iconbox-style-3 icon-color-accent color-dark\"><img src='https:\/\/marinabadalona.cat\/wp-content\/uploads\/2021\/11\/Rampa_grua.png' class='iconimg' alt='Rampe et grue.' \/><h3>Rampe et grue.<\/h3><p><\/p><\/div>[\/vc_column][vc_column width=\u00a0\u00bb1\/3&Prime;][\/vc_column][\/vc_row][vc_row type=\u00a0\u00bbfull_width_section\u00a0\u00bb][vc_column width=\u00a0\u00bb1\/3&Prime;]<div class=\"single_image wpb_content_element align-left    \" data-animation=\"none\" data-delay=\"0\"><img loading=\"lazy\" decoding=\"async\" width=\"1000\" height=\"1000\" src=\"https:\/\/marinabadalona.cat\/wp-content\/uploads\/2021\/10\/Bandera-blava-detalle-marina-pontpetroli-badalona-dortoka.jpg\" class=\"attachment-full\" alt=\"\" title=\"Bandera-blava-detalle-marina-pontpetroli--badalona-dortoka\" srcset=\"https:\/\/marinabadalona.cat\/wp-content\/uploads\/2021\/10\/Bandera-blava-detalle-marina-pontpetroli-badalona-dortoka.jpg 1000w, https:\/\/marinabadalona.cat\/wp-content\/uploads\/2021\/10\/Bandera-blava-detalle-marina-pontpetroli-badalona-dortoka-300x300.jpg 300w, https:\/\/marinabadalona.cat\/wp-content\/uploads\/2021\/10\/Bandera-blava-detalle-marina-pontpetroli-badalona-dortoka-150x150.jpg 150w, https:\/\/marinabadalona.cat\/wp-content\/uploads\/2021\/10\/Bandera-blava-detalle-marina-pontpetroli-badalona-dortoka-768x768.jpg 768w, https:\/\/marinabadalona.cat\/wp-content\/uploads\/2021\/10\/Bandera-blava-detalle-marina-pontpetroli-badalona-dortoka-80x80.jpg 80w, https:\/\/marinabadalona.cat\/wp-content\/uploads\/2021\/10\/Bandera-blava-detalle-marina-pontpetroli-badalona-dortoka-500x500.jpg 500w, https:\/\/marinabadalona.cat\/wp-content\/uploads\/2021\/10\/Bandera-blava-detalle-marina-pontpetroli-badalona-dortoka-600x600.jpg 600w, https:\/\/marinabadalona.cat\/wp-content\/uploads\/2021\/10\/Bandera-blava-detalle-marina-pontpetroli-badalona-dortoka-100x100.jpg 100w\" sizes=\"auto, (max-width: 1000px) 100vw, 1000px\" \/><\/div>[\/vc_column][vc_column width=\u00a0\u00bb1\/3&Prime;]<div class=\"single_image wpb_content_element align-left    \" data-animation=\"none\" data-delay=\"0\"><img loading=\"lazy\" decoding=\"async\" width=\"1000\" height=\"1000\" src=\"https:\/\/marinabadalona.cat\/wp-content\/uploads\/2021\/10\/Bandera-blava-detalle-marina-espigon-badalona-dortoka.jpg\" class=\"attachment-full\" alt=\"\" title=\"Bandera-blava-detalle-marina-espigon-badalona-dortoka\" srcset=\"https:\/\/marinabadalona.cat\/wp-content\/uploads\/2021\/10\/Bandera-blava-detalle-marina-espigon-badalona-dortoka.jpg 1000w, https:\/\/marinabadalona.cat\/wp-content\/uploads\/2021\/10\/Bandera-blava-detalle-marina-espigon-badalona-dortoka-300x300.jpg 300w, https:\/\/marinabadalona.cat\/wp-content\/uploads\/2021\/10\/Bandera-blava-detalle-marina-espigon-badalona-dortoka-150x150.jpg 150w, https:\/\/marinabadalona.cat\/wp-content\/uploads\/2021\/10\/Bandera-blava-detalle-marina-espigon-badalona-dortoka-768x768.jpg 768w, https:\/\/marinabadalona.cat\/wp-content\/uploads\/2021\/10\/Bandera-blava-detalle-marina-espigon-badalona-dortoka-80x80.jpg 80w, https:\/\/marinabadalona.cat\/wp-content\/uploads\/2021\/10\/Bandera-blava-detalle-marina-espigon-badalona-dortoka-500x500.jpg 500w, https:\/\/marinabadalona.cat\/wp-content\/uploads\/2021\/10\/Bandera-blava-detalle-marina-espigon-badalona-dortoka-600x600.jpg 600w, https:\/\/marinabadalona.cat\/wp-content\/uploads\/2021\/10\/Bandera-blava-detalle-marina-espigon-badalona-dortoka-100x100.jpg 100w\" sizes=\"auto, (max-width: 1000px) 100vw, 1000px\" \/><\/div>[\/vc_column][vc_column width=\u00a0\u00bb1\/3&Prime;]<div class=\"single_image wpb_content_element align-left    \" data-animation=\"none\" data-delay=\"0\"><img loading=\"lazy\" decoding=\"async\" width=\"1000\" height=\"1000\" src=\"https:\/\/marinabadalona.cat\/wp-content\/uploads\/2021\/10\/Bandera-blava-detalle-marina-badalona-dortoka.jpg\" class=\"attachment-full\" alt=\"\" title=\"Bandera-blava-detalle-marina-badalona-dortoka\" srcset=\"https:\/\/marinabadalona.cat\/wp-content\/uploads\/2021\/10\/Bandera-blava-detalle-marina-badalona-dortoka.jpg 1000w, https:\/\/marinabadalona.cat\/wp-content\/uploads\/2021\/10\/Bandera-blava-detalle-marina-badalona-dortoka-300x300.jpg 300w, https:\/\/marinabadalona.cat\/wp-content\/uploads\/2021\/10\/Bandera-blava-detalle-marina-badalona-dortoka-150x150.jpg 150w, https:\/\/marinabadalona.cat\/wp-content\/uploads\/2021\/10\/Bandera-blava-detalle-marina-badalona-dortoka-768x768.jpg 768w, https:\/\/marinabadalona.cat\/wp-content\/uploads\/2021\/10\/Bandera-blava-detalle-marina-badalona-dortoka-80x80.jpg 80w, https:\/\/marinabadalona.cat\/wp-content\/uploads\/2021\/10\/Bandera-blava-detalle-marina-badalona-dortoka-500x500.jpg 500w, https:\/\/marinabadalona.cat\/wp-content\/uploads\/2021\/10\/Bandera-blava-detalle-marina-badalona-dortoka-600x600.jpg 600w, https:\/\/marinabadalona.cat\/wp-content\/uploads\/2021\/10\/Bandera-blava-detalle-marina-badalona-dortoka-100x100.jpg 100w\" sizes=\"auto, (max-width: 1000px) 100vw, 1000px\" \/><\/div>[\/vc_column][\/vc_row][vc_row top_padding=\u00a0\u00bb60&Prime; bottom_padding=\u00a0\u00bb20&Prime;][vc_column width=\u00a0\u00bb1\/1&Prime;]<h1 class=\"headline font-special fontsize-xxl fontweight-500 lh-inherit align-center transform-uppercase \" style=\"margin: 0 0 20px 0;\">BATEAUX PAVILLON BLEU<\/h1><div class=\"divider divider1\" style='margin:0px 0 0px 0 !important;'><\/div>[\/vc_column][\/vc_row][vc_row][vc_column width=\u00a0\u00bb1\/1&Prime;][vc_column_text]Le <strong>Pavillon Bleu<\/strong> des bateaux sous forme de dipl\u00f4me, accompagn\u00e9 d&rsquo;un petit <strong>Pavillon Bleu<\/strong>, est d\u00e9cern\u00e9 aux propri\u00e9taires et\/ou usagers de bateaux de plaisance en reconnaissance \u00e0 leur comportement responsable et de leur engagement \u00e0 respecter, diffuser et faire respecter le code de conduite environnemental <strong>Pavillon Bleu<\/strong> en mer et dans le port.<\/p>\n<p>Nous vous pr\u00e9sentons ci-dessous le contenu du dipl\u00f4me <strong>Pavillon Bleu<\/strong> pour bateaux. Si vous \u00eates pr\u00eat \u00e0 vous engager sur la conduite qu&rsquo;il comporte, rendez-vous \u00e0 la Capitainerie pour formaliser la d\u00e9livrance du dipl\u00f4me et transmettre vos donn\u00e9es \u00e0 la FEE qui attestera de l&rsquo;accord et vous inscrira dans son annuaire :[\/vc_column_text][\/vc_column][\/vc_row][vc_row][vc_column width=\u00a0\u00bb1\/1&Prime;]<div class=\"minti_list wpb_content_element color-accent checkbox show_separator\" style=\"\">\n<ul>\n<li style=\"text-align: justify;\">Je ferai un usage responsable des instruments de radio et de navigation, ne mettant pas en danger la s\u00e9curit\u00e9 des personnes et\/ou des navires, avertissant, si n\u00e9cessaire, des objets flottants ou dangereux et exer\u00e7ant conjointement le devoir d&rsquo;assistance en mer.<\/li>\n<li style=\"text-align: justify;\">Je vais essayer de m&rsquo;informer et de rendre compte de l&#8217;emplacement et des caract\u00e9ristiques des zones sensibles et scientifiquement importantes, ainsi que des r\u00e9serves naturelles et des \u00e9cosyst\u00e8mes prot\u00e9g\u00e9s, pour \u00e9viter les dommages accidentels.<\/li>\n<li style=\"text-align: justify;\">Je d\u00e9fendrai activement la conservation de la vie en mer. Je respecterai les espaces prot\u00e9g\u00e9s, les mammif\u00e8res marins et les autres esp\u00e8ces prot\u00e9g\u00e9es et ne perturberai pas les aires de nidification des oiseaux. Je n&rsquo;utiliserai pas d&rsquo;engins de p\u00eache ou de cueillette de mollusques interdits, je respecterai les p\u00e9riodes de fermeture et je ne capturerai ni ne consommerai de sp\u00e9cimens juv\u00e9niles ou immatures.<\/li>\n<li style=\"text-align: justify;\">Je ne g\u00e2cherai pas les fonds marins en mouillant dans des zones sensibles ou l\u00e0 o\u00f9 cela peut g\u00eaner les activit\u00e9s ou le mat\u00e9riel des p\u00eacheurs et conchyliculteurs. Je respecterai la r\u00e9glementation concernant la plong\u00e9e et la chasse sous-marine.<\/li>\n<li style=\"text-align: justify;\">Je n&rsquo;ach\u00e8terai ni utiliserai d&rsquo;objets fabriqu\u00e9s \u00e0 partir d&rsquo;esp\u00e8ces prot\u00e9g\u00e9es (corail, \u00e9caille de tortue, etc.) ou d&rsquo;\u00e9paves et de sites arch\u00e9ologiques sous-marins (en particulier des navires coul\u00e9s il y a des d\u00e9cennies) ou de vestiges arch\u00e9ologiques sous-marins dont l&rsquo;origine ou la l\u00e9galit\u00e9 ne sont pas d\u00e9montrables.<\/li>\n<li style=\"text-align: justify;\">Je garderai la mer, la plage et le port propres :\n<ul>\n<li>Je ne jetterai aucune mati\u00e8re plastique ou tout autre type de d\u00e9chet dans la mer ou sur la plage.<\/li>\n<li>Je ne verserai ni ne jetterai de liquides nocifs ou toxiques, ou toute autre substance nocive dans la mer.<\/li>\n<li>Je vais promouvoir et utiliser la collecte s\u00e9lective\/recyclage des d\u00e9chets solides dans le port.<\/li>\n<\/ul>\n<\/li>\n<li style=\"text-align: justify;\">J&rsquo;utiliserai, dans la mesure du possible, des produits \u00e9cologiques non agressifs pour l&rsquo;environnement dans les t\u00e2ches d&rsquo;entretien du bateau, tels que peintures, vernis, anti foulings, d\u00e9capants, solvants, d\u00e9tergents, etc. Je d\u00e9poserai les restes de peinture, de vernis et d&rsquo;huile du navire dans les conteneurs appropri\u00e9s du port pour les d\u00e9chets polluants, en favorisant leur recyclage ou un traitement sp\u00e9cial diff\u00e9rent du reste des ordures ou des eaux us\u00e9es. J&rsquo;utiliserai les installations du port pour l&rsquo;extraction de l&rsquo;eau des fonds de cale et, le cas \u00e9ch\u00e9ant, des toilettes \u00e9tanches.<\/li>\n<li style=\"text-align: justify;\">Je signalerai aux autorit\u00e9s comp\u00e9tentes toute violation de la l\u00e9gislation maritime dont j&rsquo;aurai connaissance, notamment les accidents et la pollution par les hydrocarbures ou d&rsquo;autres substances chimiques d&rsquo;origine terrestre ou provenant de rejets ou de fuites, ainsi que l&rsquo;utilisation d&rsquo;engins de p\u00eache ill\u00e9gaux.<\/li>\n<li style=\"text-align: justify;\">Je contribuerai \u00e0 une gestion \u00e9co-responsable de mon port, habituelle ou occasionnelle, en relation avec les crit\u00e8res du Pavillon Bleu, dans le respect de la l\u00e9gislation littorale et environnementale, \u00e9conomie d&rsquo;eau et d&rsquo;\u00e9nergie, collecte s\u00e9lective des d\u00e9chets, information, \u00e9ducation et formation environnementale du personnel technique et usagers du port, mise en place de syst\u00e8mes de gestion environnementale, etc.<\/li>\n<li style=\"text-align: justify;\">J&rsquo;essaierai d&rsquo;extrapoler ce comportement de respect environnemental dans le monde marin \u00e0 ma vie quotidienne, \u00e0 la maison, au travail et je ferai la promotion que la communaut\u00e9 sociale avec laquelle j&rsquo;interagis est \u00e9co-responsable, et je participerai \u00e0 des initiatives sociales ou institutionnelles qui permettent de promouvoir la recherche, la conservation et le d\u00e9veloppement c\u00f4tier durable.<\/li>\n<\/ul>\n<\/div>[\/vc_column][\/vc_row][vc_row top_padding=\u00a0\u00bb30&Prime; bottom_padding=\u00a0\u00bb50&Prime;][vc_column width=\u00a0\u00bb1\/1&Prime;][vc_column_text]<\/p>\n<p style=\"text-align: justify;\"><strong>FAIRE BATTRE CE PAVILLON BLEU SUR UN BATEAU CERTIFIE LE COMPORTEMENT DE VOTRE SKIPPER COMME D\u00c9FENSEUR DE LA VIE EN MER ET ENCOURAGEMENT DES BONNES PRATIQUES ENVIRONNEMENTALES \u00c0 BORD, DANS SON PORT ET CHEZ LES AUTRES USAGERS.<\/strong><\/p>\n<p>[\/vc_column_text][\/vc_column][\/vc_row][vc_row top_padding=\u00a0\u00bb40&Prime; bottom_padding=\u00a0\u00bb20&Prime;][vc_column width=\u00a0\u00bb1\/1&Prime;]<h1 class=\"headline font-special fontsize-xxl fontweight-500 lh-inherit align-center transform-uppercase \" style=\"margin: 0 0 20px 0;\">DOCUMENTS D&rsquo;INT\u00c9R\u00caT DRAPEAU BLEU<\/h1><div class=\"divider divider1\" style='margin:0px 0 0px 0 !important;'><\/div>[\/vc_column][\/vc_row][vc_row bottom_padding=\u00a0\u00bb40&Prime;][vc_column width=\u00a0\u00bb5\/6&Prime;]<h3 class=\"headline font-special fontsize-s fontweight-500 lh-inherit align-left transform-inherit \" style=\"margin: 0 0 20px 0;\">CARTE DU PORT DE BADALONA<\/h3><div class=\"divider divider1\" style='margin:0px 0 0px 0 !important;'><\/div>[\/vc_column][vc_column width=\u00a0\u00bb1\/6&Prime;]<a href=\"https:\/\/marinabadalona.cat\/wp-content\/uploads\/2021\/10\/Orig_Plano_PortBadalona.pdf\" target=\"_blank\" class=\"button color-3 small \" style=\"border-radius: 2px;\">PDF<\/a>[\/vc_column][\/vc_row][vc_row bottom_padding=\u00a0\u00bb40&Prime;][vc_column width=\u00a0\u00bb5\/6&Prime;]<h3 class=\"headline font-special fontsize-s fontweight-500 lh-inherit align-left transform-inherit \" style=\"margin: 0 0 20px 0;\">DIPL\u00d4ME DRAPEAU BLEU<\/h3><div class=\"divider divider1\" style='margin:0px 0 0px 0 !important;'><\/div>[\/vc_column][vc_column width=\u00a0\u00bb1\/6&Prime;]<a href=\"https:\/\/marinabadalona.cat\/wp-content\/uploads\/2021\/10\/diploma-catala.pdf\" target=\"_blank\" class=\"button color-3 small \" style=\"border-radius: 2px;\">PDF<\/a>[\/vc_column][\/vc_row]<\/p>\n<\/div>","protected":false},"excerpt":{"rendered":"<p>[vc_row type=\u00a0\u00bbfull_width_section\u00a0\u00bb][vc_column width=\u00a0\u00bb1\/1&Prime;][rev_slider_vc alias=\u00a0\u00bbbandera-blava\u00a0\u00bb][\/vc_column][\/vc_row][vc_row top_padding=\u00a0\u00bb100&Prime; bottom_padding=\u00a0\u00bb40&Prime;][vc_column width=\u00a0\u00bb1\/1&Prime;][\/vc_column][\/vc_row][vc_row][vc_column width=\u00a0\u00bb1\/1&Prime;][vc_column_text]Le Pavillon Bleu est un prix pour la qualit\u00e9 environnementale, qui est d\u00e9cern\u00e9 aux ports qui font un effort particulier pour une bonne gestion de l&rsquo;environnement, la promotion de campagnes d&rsquo;information, la sensibilisation et le respect des espaces sensibles de l&rsquo;environnement, et qui facilite l&rsquo;information des usagers sur les pratiques qui doivent \u00eatre suivies dans les aspects li\u00e9s \u00e0 la gestion efficace de l&rsquo;eau, \u00e0 la consommation d&rsquo;\u00e9nergie et au comportement vis-\u00e0-vis des rejets et des d\u00e9chets et \u00e0 la navigation responsable. Pour obtenir le Pavillon Bleu, le Port doit r\u00e9pondre \u00e0 une s\u00e9rie d&rsquo;exigences concernant l&rsquo;\u00e9ducation et l&rsquo;information environnementales, la gestion environnementale, les services, la s\u00e9curit\u00e9 et la qualit\u00e9 de l&rsquo;eau. Le Pavillon Bleu est un prix d\u00e9cern\u00e9 par la \u201cEnvironmental Education Foundation\u201d (FEE), une organisation non gouvernementale environnementale, repr\u00e9sent\u00e9e dans pr\u00e8s de cinquante \u00c9tats sur les cinq continents. Il est d\u00e9cern\u00e9 sur les plages et les marinas pour une seule saison et le prix est valable tant que les exigences continuent d&rsquo;\u00eatre remplies. Au moment o\u00f9 une infraction est d\u00e9tect\u00e9e, les autorit\u00e9s responsables abaissent le drapeau bleu. Chaque organisation nationale de la FEE inspecte les sites Pavillon Bleu au cours de [&hellip;]<\/p>\n","protected":false},"author":1,"featured_media":0,"parent":0,"menu_order":0,"comment_status":"open","ping_status":"closed","template":"","meta":{"footnotes":""},"class_list":["post-27056","page","type-page","status-publish","hentry"],"_links":{"self":[{"href":"https:\/\/marinabadalona.cat\/fr\/wp-json\/wp\/v2\/pages\/27056","targetHints":{"allow":["GET"]}}],"collection":[{"href":"https:\/\/marinabadalona.cat\/fr\/wp-json\/wp\/v2\/pages"}],"about":[{"href":"https:\/\/marinabadalona.cat\/fr\/wp-json\/wp\/v2\/types\/page"}],"author":[{"embeddable":true,"href":"https:\/\/marinabadalona.cat\/fr\/wp-json\/wp\/v2\/users\/1"}],"replies":[{"embeddable":true,"href":"https:\/\/marinabadalona.cat\/fr\/wp-json\/wp\/v2\/comments?post=27056"}],"version-history":[{"count":3,"href":"https:\/\/marinabadalona.cat\/fr\/wp-json\/wp\/v2\/pages\/27056\/revisions"}],"predecessor-version":[{"id":37822,"href":"https:\/\/marinabadalona.cat\/fr\/wp-json\/wp\/v2\/pages\/27056\/revisions\/37822"}],"wp:attachment":[{"href":"https:\/\/marinabadalona.cat\/fr\/wp-json\/wp\/v2\/media?parent=27056"}],"curies":[{"name":"wp","href":"https:\/\/api.w.org\/{rel}","templated":true}]}}