
{"id":27068,"date":"2021-12-22T10:47:36","date_gmt":"2021-12-22T10:47:36","guid":{"rendered":"https:\/\/marinabadalona.cat\/moll-ribera\/"},"modified":"2024-01-16T09:14:18","modified_gmt":"2024-01-16T08:14:18","slug":"moll-ribera","status":"publish","type":"page","link":"https:\/\/marinabadalona.cat\/fr\/moll-ribera\/","title":{"rendered":"MOLL DE RIBERA"},"content":{"rendered":"<div class=\"wpb-content-wrapper\"><p>[vc_row type=\u00a0\u00bbfull_width_section\u00a0\u00bb][vc_column width=\u00a0\u00bb1\/1&Prime;][rev_slider_vc alias=\u00a0\u00bbslide-home\u00a0\u00bb][\/vc_column][\/vc_row][vc_row top_padding=\u00a0\u00bb100&Prime; bottom_padding=\u00a0\u00bb80&Prime;][vc_column width=\u00a0\u00bb1\/1&Prime;]<h1 class=\"headline font-special fontsize-xxxl fontweight-500 lh-inherit align-center transform-uppercase \" style=\"margin: 0 0 00px 0;\">LE MEILLEUR ENDROIT POUR VOTRE ENTREPRISE<\/h1><div class=\"headline font-special fontsize-l fontweight-400 lh-inherit align-center transform-inherit \" style=\"margin: 0 0 00px 0; color: #999999;\">VOUS AVEZ L&rsquo;ID\u00c9E ET NOUS AVONS L&rsquo;ESPACE POUR LA R\u00c9ALISER.<br \/>\nD\u00c9COUVREZ TOUTES LES OPTIONS.<br \/>\n<\/div>[\/vc_column][\/vc_row][vc_row bg_color=\u00a0\u00bb#f9f9f9&Prime; top_padding=\u00a0\u00bb100&Prime; bottom_padding=\u00a0\u00bb80&Prime;][vc_column width=\u00a0\u00bb1\/2&Prime;]<h3 class=\"headline font-special fontsize-l fontweight-700 lh-inherit align-left transform-uppercase \" style=\"margin: 0 0 20px 0;\">QUAI DE RIBERA<\/h3>[vc_column_text]<\/p>\n<p style=\"text-align: justify;\">La bonne communication du Port de Badalona et le fait de devenir un port urbain d&rsquo;une ville qui exerce le statut de capitale dans le Barcelon\u00e8s Nord et dans le Baix Maresme nourrit les possibilit\u00e9s d&rsquo;affaires dans la r\u00e9gion.<br \/>\nLe nouveau plan d&rsquo;utilisation, qui sera compl\u00e9t\u00e9 tout au long de 2022, met \u00e0 jour la r\u00e9servation des espaces, en augmentant et en assouplissant les utilisations pour les services nautiques, de formation et de tourisme-sport. L&rsquo;enclave du Port dans un espace de renouvellement et centralis\u00e9, connect\u00e9 au tissu urbain et aux routes interurbaines en \u00e9tendant le public nautique aux clients de Badalona et aux citoyens de la zone d&rsquo;influence m\u00e9tropolitaine et internationale. En d&rsquo;autres termes, l&rsquo;offre commerciale du Port vise \u00e0 fournir des services aux amarreurs mais aussi \u00e0 tous ceux qui l&rsquo;adoptent comme espace de travail, dans la perspective de l&rsquo;\u00c9conomie Bleue, aux multiples possibilit\u00e9s.<\/p>\n<p>[\/vc_column_text][\/vc_column][vc_column width=\u00a0\u00bb1\/2&Prime;]<div class=\"single_image wpb_content_element align-center    \" data-animation=\"none\" data-delay=\"0\"><img loading=\"lazy\" decoding=\"async\" width=\"1000\" height=\"1000\" src=\"https:\/\/marinabadalona.cat\/wp-content\/uploads\/2022\/01\/moll-ribera-marinabadalona.jpg\" class=\"attachment-full\" alt=\"\" title=\"moll-ribera-marinabadalona\" srcset=\"https:\/\/marinabadalona.cat\/wp-content\/uploads\/2022\/01\/moll-ribera-marinabadalona.jpg 1000w, https:\/\/marinabadalona.cat\/wp-content\/uploads\/2022\/01\/moll-ribera-marinabadalona-300x300.jpg 300w, https:\/\/marinabadalona.cat\/wp-content\/uploads\/2022\/01\/moll-ribera-marinabadalona-150x150.jpg 150w, https:\/\/marinabadalona.cat\/wp-content\/uploads\/2022\/01\/moll-ribera-marinabadalona-768x768.jpg 768w, https:\/\/marinabadalona.cat\/wp-content\/uploads\/2022\/01\/moll-ribera-marinabadalona-80x80.jpg 80w, https:\/\/marinabadalona.cat\/wp-content\/uploads\/2022\/01\/moll-ribera-marinabadalona-500x500.jpg 500w, https:\/\/marinabadalona.cat\/wp-content\/uploads\/2022\/01\/moll-ribera-marinabadalona-600x600.jpg 600w, https:\/\/marinabadalona.cat\/wp-content\/uploads\/2022\/01\/moll-ribera-marinabadalona-100x100.jpg 100w\" sizes=\"auto, (max-width: 1000px) 100vw, 1000px\" \/><\/div>[\/vc_column][\/vc_row][vc_row top_padding=\u00a0\u00bb100&Prime; bottom_padding=\u00a0\u00bb80&Prime;][vc_column width=\u00a0\u00bb1\/1&Prime;]<h1 class=\"headline font-special fontsize-xxxl fontweight-500 lh-inherit align-center transform-uppercase \" style=\"margin: 0 0 00px 0;\">AXE COMMERCIAL NAUTIQUE D&rsquo;EDUARD MARISTANY<\/h1><div class=\"headline font-special fontsize-l fontweight-400 lh-inherit align-center transform-inherit \" style=\"margin: 0 0 00px 0; color: #999999;\">LE BOULEVARD DE L\u2019\u00c9CONOMIE BLEUE<\/div>[\/vc_column][\/vc_row][vc_row section_arrow=\u00a0\u00bbfalse\u00a0\u00bb top_padding=\u00a0\u00bb0&Prime; bottom_padding=\u00a0\u00bb100&Prime; bg_position=\u00a0\u00bbleft top\u00a0\u00bb][vc_column width=\u00a0\u00bb1\/3&Prime;]<div class=\"iconbox  wpb_content_element iconbox-style-2 icon-color-accent color-dark clearfix\"><div class=\"iconbox-icon\"><img src='https:\/\/marinabadalona.cat\/wp-content\/uploads\/2021\/12\/ubicacion-1.png' class='iconimg' alt='EMPLACEMENT' \/><\/div><div class=\"iconbox-content\"><h3>EMPLACEMENT<\/h3><p>L&rsquo;espace initial pour fournir des services et offrir des activit\u00e9s et services nautiques est concentr\u00e9 dans les locaux commerciaux du Moll de Ribera, en suivant le trac\u00e9 de la Carrer d&rsquo;Eduard Maristany, parall\u00e8le \u00e0 la voie ferr\u00e9e.<\/p><\/div><\/div><div class=\"spacer\" style=\"height: 10px;\"><\/div><div class=\"iconbox  wpb_content_element iconbox-style-2 icon-color-accent color-dark clearfix\"><div class=\"iconbox-icon\"><i class=\"fa sl-bag boxicon\" style=\"\"><\/i><\/div><div class=\"iconbox-content\"><h3>locaux disponibles<\/h3><p>disponibilit\u00e9 V\u00e9rifiez quels espaces nous pouvons vous offrir \u00e0 cet endroit<\/p><\/div><\/div>[\/vc_column][vc_column width=\u00a0\u00bb1\/3&Prime;]<div class=\"iconbox  wpb_content_element iconbox-style-2 icon-color-accent color-dark clearfix\"><div class=\"iconbox-icon\"><img src='https:\/\/marinabadalona.cat\/wp-content\/uploads\/2021\/12\/superficie.png' class='iconimg' alt='SURFACE' \/><\/div><div class=\"iconbox-content\"><h3>SURFACE<\/h3><p>Il s&rsquo;agit de 750 m2 de surface r\u00e9partis en 28 unit\u00e9s modulaires de 26,88 m2 chacune, commercialis\u00e9es en location mensuelle avec un minimum de deux modules pour un contrat de cession de 10 ans.<\/p><\/div><\/div><div class=\"spacer\" style=\"height: 10px;\"><\/div><div class=\"iconbox  wpb_content_element iconbox-style-2 icon-color-accent color-dark clearfix\"><div class=\"iconbox-icon\"><img src='https:\/\/marinabadalona.cat\/wp-content\/uploads\/2021\/12\/Formulari-1.png' class='iconimg' alt='CONTACT' \/><\/div><div class=\"iconbox-content\"><h3>CONTACT<\/h3><p>Je souhaite obtenir des informations sur la disponibilit\u00e9 des places au Moll de Ribera<\/p><\/div><\/div>[\/vc_column][vc_column width=\u00a0\u00bb1\/3&Prime;]<div class=\"iconbox  wpb_content_element iconbox-style-2 icon-color-accent color-dark clearfix\"><div class=\"iconbox-icon\"><img src='https:\/\/marinabadalona.cat\/wp-content\/uploads\/2021\/12\/ancla2.png' class='iconimg' alt='NAUTIQUE' \/><\/div><div class=\"iconbox-content\"><h3>NAUTIQUE<\/h3><p>C&rsquo;est l&rsquo;espace id\u00e9al pour les acad\u00e9mies de navigation, l&rsquo;offre de charters et de location et vente de bateaux, les magasins de fournitures nautiques, le service de blanchisserie, les entreprises de nettoyage de bateaux.<\/p><\/div><\/div><div class=\"spacer\" style=\"height: 10px;\"><\/div>[\/vc_column][\/vc_row][vc_row type=\u00a0\u00bbfull_width_section\u00a0\u00bb][vc_column width=\u00a0\u00bb1\/3&Prime;]<div class=\"single_image wpb_content_element align-left    \" data-animation=\"none\" data-delay=\"0\"><img loading=\"lazy\" decoding=\"async\" width=\"1000\" height=\"1000\" src=\"https:\/\/marinabadalona.cat\/wp-content\/uploads\/2021\/10\/marina-seca-barcos-foso-marina-badalona-dortoka.jpg\" class=\"attachment-full\" alt=\"\" title=\"marina-seca-barcos-foso-marina-badalona-dortoka\" srcset=\"https:\/\/marinabadalona.cat\/wp-content\/uploads\/2021\/10\/marina-seca-barcos-foso-marina-badalona-dortoka.jpg 1000w, https:\/\/marinabadalona.cat\/wp-content\/uploads\/2021\/10\/marina-seca-barcos-foso-marina-badalona-dortoka-300x300.jpg 300w, https:\/\/marinabadalona.cat\/wp-content\/uploads\/2021\/10\/marina-seca-barcos-foso-marina-badalona-dortoka-150x150.jpg 150w, https:\/\/marinabadalona.cat\/wp-content\/uploads\/2021\/10\/marina-seca-barcos-foso-marina-badalona-dortoka-768x768.jpg 768w, https:\/\/marinabadalona.cat\/wp-content\/uploads\/2021\/10\/marina-seca-barcos-foso-marina-badalona-dortoka-80x80.jpg 80w, https:\/\/marinabadalona.cat\/wp-content\/uploads\/2021\/10\/marina-seca-barcos-foso-marina-badalona-dortoka-500x500.jpg 500w, https:\/\/marinabadalona.cat\/wp-content\/uploads\/2021\/10\/marina-seca-barcos-foso-marina-badalona-dortoka-600x600.jpg 600w, https:\/\/marinabadalona.cat\/wp-content\/uploads\/2021\/10\/marina-seca-barcos-foso-marina-badalona-dortoka-100x100.jpg 100w\" sizes=\"auto, (max-width: 1000px) 100vw, 1000px\" \/><\/div>[\/vc_column][vc_column width=\u00a0\u00bb1\/3&Prime;]<div class=\"single_image wpb_content_element align-left    \" data-animation=\"none\" data-delay=\"0\"><img loading=\"lazy\" decoding=\"async\" width=\"1000\" height=\"1000\" src=\"https:\/\/marinabadalona.cat\/wp-content\/uploads\/2021\/10\/marina-seca-barcos-marina-badalona-dortoka.jpg\" class=\"attachment-full\" alt=\"\" title=\"marina-seca-barcos-marina-badalona-dortoka\" srcset=\"https:\/\/marinabadalona.cat\/wp-content\/uploads\/2021\/10\/marina-seca-barcos-marina-badalona-dortoka.jpg 1000w, https:\/\/marinabadalona.cat\/wp-content\/uploads\/2021\/10\/marina-seca-barcos-marina-badalona-dortoka-300x300.jpg 300w, https:\/\/marinabadalona.cat\/wp-content\/uploads\/2021\/10\/marina-seca-barcos-marina-badalona-dortoka-150x150.jpg 150w, https:\/\/marinabadalona.cat\/wp-content\/uploads\/2021\/10\/marina-seca-barcos-marina-badalona-dortoka-768x768.jpg 768w, https:\/\/marinabadalona.cat\/wp-content\/uploads\/2021\/10\/marina-seca-barcos-marina-badalona-dortoka-80x80.jpg 80w, https:\/\/marinabadalona.cat\/wp-content\/uploads\/2021\/10\/marina-seca-barcos-marina-badalona-dortoka-500x500.jpg 500w, https:\/\/marinabadalona.cat\/wp-content\/uploads\/2021\/10\/marina-seca-barcos-marina-badalona-dortoka-600x600.jpg 600w, https:\/\/marinabadalona.cat\/wp-content\/uploads\/2021\/10\/marina-seca-barcos-marina-badalona-dortoka-100x100.jpg 100w\" sizes=\"auto, (max-width: 1000px) 100vw, 1000px\" \/><\/div>[\/vc_column][vc_column width=\u00a0\u00bb1\/3&Prime;]<div class=\"single_image wpb_content_element align-left    \" data-animation=\"none\" data-delay=\"0\"><img decoding=\"async\" class=\"\" src=\"https:\/\/marinabadalona.cat\/wp-content\/uploads\/2021\/11\/P1658306-1000x1000.jpg\" width=\"1000\" height=\"1000\" alt=\"P1658306\" title=\"P1658306\" loading=\"lazy\" \/><\/div>[\/vc_column][\/vc_row][vc_row bg_color=\u00a0\u00bb#00a7e0&Prime; top_padding=\u00a0\u00bb30&Prime;][vc_column width=\u00a0\u00bb1\/1&Prime;][vc_raw_html]JTNDZGl2JTNFJTBBJTIwJTIwJTIwJTIwJTIwJTIwJTNDZGl2JTNFJTBBJTIwJTIwJTIwJTIwJTIwJTIwJTIwJTIwJTNDaDElMjBzdHlsZSUzRCUyMmZvbnQtZmFtaWx5JTNBJTI3TW9udHNlcnJhdCUyNyUyQ0FyaWFsJTJDSGVsdmV0aWNhJTJDc2Fucy1zZXJpZiUzQiUyMHRleHQtYWxpZ24lM0FjZW50ZXIlM0IlMjBjb2xvciUzQXdoaXRlJTNCJTIyJTNFUkVKT0lORFJFJTIwTk9UUkUlMjBORVdTTEVUVEVSJTNDJTJGaDElM0UlMEElMjAlMjAlMjAlMjAlMjAlMjAlMjAlMjAlM0NwJTIwc3R5bGUlM0QlMjJmb250LWZhbWlseSUzQSUyN01vbnRzZXJyYXQlMjclMkNBcmlhbCUyQ0hlbHZldGljYSUyQ3NhbnMtc2VyaWYlM0IlMjB0ZXh0LWFsaWduJTNBY2VudGVyJTNCJTIwY29sb3IlM0F3aGl0ZSUzQiUyMiUzRUlsJTIwY29ubmElQzMlQUV0JTIwbm9zJTIwbm91dmVhdXQlQzMlQTlzJTIwYXZhbnQlMjB0b3V0JTJDJTIwaWwlMjBhcHByZW5kJTIwZGUlMjBub3V2ZWF1eCUyMCVDMyVBOXYlQzMlQTluZW1lbnRzJTIwZXQlMjBkZSUyMHRyJUMzJUE4cyUyMG0lQzMlQTlzJTNDJTJGcCUzRSUwQSUyMCUyMCUyMCUyMCUyMCUyMCUzQyUyRmRpdiUzRSUwQSUyMCUyMCUyMCUyMCUzQyUyRmRpdiUzRQ==[\/vc_raw_html][\/vc_column][\/vc_row][vc_row bg_color=\u00a0\u00bb#00a7e0&Prime; bottom_padding=\u00a0\u00bb15&Prime;][vc_column width=\u00a0\u00bb1\/1&Prime;][vc_raw_html el_class=\u00a0\u00bbpopmake-17165&Prime;]JTNDZGl2JTNFJTBBJTIwJTIwJTIwJTIwJTIwJTIwJTIwJTIwJTNDZGl2JTIwc3R5bGUlM0QlMjJtYXJnaW4tdG9wJTNBMjBweCUzQiUyMHRleHQtYWxpZ24lM0FjZW50ZXIlM0IlMjIlM0UlMEElMjAlMjAlMjAlMjAlMjAlMjAlMjAlMjAlMjAlMjAlM0NidXR0b24lMjBzdHlsZSUzRCUyMndpZHRoJTNBNTAlMjUlM0IlMjBwYWRkaW5nJTNBMTVweCUyMDIwcHglM0IlMjBib3JkZXItcmFkaXVzJTNBMjVweCUzQiUyMGJhY2tncm91bmQtY29sb3IlM0F3aGl0ZSUzQiUyMGNvbG9yJTNBJTIzMDBhN2UwJTNCJTIwZm9udC13ZWlnaHQlM0Fib2xkJTNCJTIwYm9yZGVyJTNBMXB4JTIwc29saWQlMjB3aGl0ZSUzQiUyMiUyMHR5cGUlM0QlMjJidXR0b24lMjIlM0VBQk9OTkVaLVZPVVMlM0MlMkZidXR0b24lM0UlMEElMjAlMjAlMjAlMjAlMjAlMjAlMjAlMjAlM0MlMkZkaXYlM0UlMEElMjAlMjAlMjAlMjAlMjAlMjAlM0MlMkZkaXYlM0U=[\/vc_raw_html][\/vc_column][\/vc_row]<\/p>\n<\/div>","protected":false},"excerpt":{"rendered":"<p>[vc_row type=\u00a0\u00bbfull_width_section\u00a0\u00bb][vc_column width=\u00a0\u00bb1\/1&Prime;][rev_slider_vc alias=\u00a0\u00bbslide-home\u00a0\u00bb][\/vc_column][\/vc_row][vc_row top_padding=\u00a0\u00bb100&Prime; bottom_padding=\u00a0\u00bb80&Prime;][vc_column width=\u00a0\u00bb1\/1&Prime;][\/vc_column][\/vc_row][vc_row bg_color=\u00a0\u00bb#f9f9f9&Prime; top_padding=\u00a0\u00bb100&Prime; bottom_padding=\u00a0\u00bb80&Prime;][vc_column width=\u00a0\u00bb1\/2&Prime;][vc_column_text] La bonne communication du Port de Badalona et le fait de devenir un port urbain d&rsquo;une ville qui exerce le statut de capitale dans le Barcelon\u00e8s Nord et dans le Baix Maresme nourrit les possibilit\u00e9s d&rsquo;affaires dans la r\u00e9gion. Le nouveau plan d&rsquo;utilisation, qui sera compl\u00e9t\u00e9 tout au long de 2022, met \u00e0 jour la r\u00e9servation des espaces, en augmentant et en assouplissant les utilisations pour les services nautiques, de formation et de tourisme-sport. L&rsquo;enclave du Port dans un espace de renouvellement et centralis\u00e9, connect\u00e9 au tissu urbain et aux routes interurbaines en \u00e9tendant le public nautique aux clients de Badalona et aux citoyens de la zone d&rsquo;influence m\u00e9tropolitaine et internationale. En d&rsquo;autres termes, l&rsquo;offre commerciale du Port vise \u00e0 fournir des services aux amarreurs mais aussi \u00e0 tous ceux qui l&rsquo;adoptent comme espace de travail, dans la perspective de l&rsquo;\u00c9conomie Bleue, aux multiples possibilit\u00e9s. [\/vc_column_text][\/vc_column][vc_column width=\u00a0\u00bb1\/2&Prime;][\/vc_column][\/vc_row][vc_row top_padding=\u00a0\u00bb100&Prime; bottom_padding=\u00a0\u00bb80&Prime;][vc_column width=\u00a0\u00bb1\/1&Prime;][\/vc_column][\/vc_row][vc_row section_arrow=\u00a0\u00bbfalse\u00a0\u00bb top_padding=\u00a0\u00bb0&Prime; bottom_padding=\u00a0\u00bb100&Prime; bg_position=\u00a0\u00bbleft top\u00a0\u00bb][vc_column width=\u00a0\u00bb1\/3&Prime;][\/vc_column][vc_column width=\u00a0\u00bb1\/3&Prime;][\/vc_column][vc_column width=\u00a0\u00bb1\/3&Prime;][\/vc_column][\/vc_row][vc_row type=\u00a0\u00bbfull_width_section\u00a0\u00bb][vc_column width=\u00a0\u00bb1\/3&Prime;][\/vc_column][vc_column width=\u00a0\u00bb1\/3&Prime;][\/vc_column][vc_column width=\u00a0\u00bb1\/3&Prime;][\/vc_column][\/vc_row][vc_row bg_color=\u00a0\u00bb#00a7e0&Prime; top_padding=\u00a0\u00bb30&Prime;][vc_column width=\u00a0\u00bb1\/1&Prime;][vc_raw_html]JTNDZGl2JTNFJTBBJTIwJTIwJTIwJTIwJTIwJTIwJTNDZGl2JTNFJTBBJTIwJTIwJTIwJTIwJTIwJTIwJTIwJTIwJTNDaDElMjBzdHlsZSUzRCUyMmZvbnQtZmFtaWx5JTNBJTI3TW9udHNlcnJhdCUyNyUyQ0FyaWFsJTJDSGVsdmV0aWNhJTJDc2Fucy1zZXJpZiUzQiUyMHRleHQtYWxpZ24lM0FjZW50ZXIlM0IlMjBjb2xvciUzQXdoaXRlJTNCJTIyJTNFUkVKT0lORFJFJTIwTk9UUkUlMjBORVdTTEVUVEVSJTNDJTJGaDElM0UlMEElMjAlMjAlMjAlMjAlMjAlMjAlMjAlMjAlM0NwJTIwc3R5bGUlM0QlMjJmb250LWZhbWlseSUzQSUyN01vbnRzZXJyYXQlMjclMkNBcmlhbCUyQ0hlbHZldGljYSUyQ3NhbnMtc2VyaWYlM0IlMjB0ZXh0LWFsaWduJTNBY2VudGVyJTNCJTIwY29sb3IlM0F3aGl0ZSUzQiUyMiUzRUlsJTIwY29ubmElQzMlQUV0JTIwbm9zJTIwbm91dmVhdXQlQzMlQTlzJTIwYXZhbnQlMjB0b3V0JTJDJTIwaWwlMjBhcHByZW5kJTIwZGUlMjBub3V2ZWF1eCUyMCVDMyVBOXYlQzMlQTluZW1lbnRzJTIwZXQlMjBkZSUyMHRyJUMzJUE4cyUyMG0lQzMlQTlzJTNDJTJGcCUzRSUwQSUyMCUyMCUyMCUyMCUyMCUyMCUzQyUyRmRpdiUzRSUwQSUyMCUyMCUyMCUyMCUzQyUyRmRpdiUzRQ==[\/vc_raw_html][\/vc_column][\/vc_row][vc_row bg_color=\u00a0\u00bb#00a7e0&Prime; bottom_padding=\u00a0\u00bb15&Prime;][vc_column width=\u00a0\u00bb1\/1&Prime;][vc_raw_html el_class=\u00a0\u00bbpopmake-17165&Prime;]JTNDZGl2JTNFJTBBJTIwJTIwJTIwJTIwJTIwJTIwJTIwJTIwJTNDZGl2JTIwc3R5bGUlM0QlMjJtYXJnaW4tdG9wJTNBMjBweCUzQiUyMHRleHQtYWxpZ24lM0FjZW50ZXIlM0IlMjIlM0UlMEElMjAlMjAlMjAlMjAlMjAlMjAlMjAlMjAlMjAlMjAlM0NidXR0b24lMjBzdHlsZSUzRCUyMndpZHRoJTNBNTAlMjUlM0IlMjBwYWRkaW5nJTNBMTVweCUyMDIwcHglM0IlMjBib3JkZXItcmFkaXVzJTNBMjVweCUzQiUyMGJhY2tncm91bmQtY29sb3IlM0F3aGl0ZSUzQiUyMGNvbG9yJTNBJTIzMDBhN2UwJTNCJTIwZm9udC13ZWlnaHQlM0Fib2xkJTNCJTIwYm9yZGVyJTNBMXB4JTIwc29saWQlMjB3aGl0ZSUzQiUyMiUyMHR5cGUlM0QlMjJidXR0b24lMjIlM0VBQk9OTkVaLVZPVVMlM0MlMkZidXR0b24lM0UlMEElMjAlMjAlMjAlMjAlMjAlMjAlMjAlMjAlM0MlMkZkaXYlM0UlMEElMjAlMjAlMjAlMjAlMjAlMjAlM0MlMkZkaXYlM0U=[\/vc_raw_html][\/vc_column][\/vc_row]<\/p>\n","protected":false},"author":1,"featured_media":0,"parent":0,"menu_order":0,"comment_status":"open","ping_status":"closed","template":"","meta":{"footnotes":""},"class_list":["post-27068","page","type-page","status-publish","hentry"],"_links":{"self":[{"href":"https:\/\/marinabadalona.cat\/fr\/wp-json\/wp\/v2\/pages\/27068","targetHints":{"allow":["GET"]}}],"collection":[{"href":"https:\/\/marinabadalona.cat\/fr\/wp-json\/wp\/v2\/pages"}],"about":[{"href":"https:\/\/marinabadalona.cat\/fr\/wp-json\/wp\/v2\/types\/page"}],"author":[{"embeddable":true,"href":"https:\/\/marinabadalona.cat\/fr\/wp-json\/wp\/v2\/users\/1"}],"replies":[{"embeddable":true,"href":"https:\/\/marinabadalona.cat\/fr\/wp-json\/wp\/v2\/comments?post=27068"}],"version-history":[{"count":3,"href":"https:\/\/marinabadalona.cat\/fr\/wp-json\/wp\/v2\/pages\/27068\/revisions"}],"predecessor-version":[{"id":37686,"href":"https:\/\/marinabadalona.cat\/fr\/wp-json\/wp\/v2\/pages\/27068\/revisions\/37686"}],"wp:attachment":[{"href":"https:\/\/marinabadalona.cat\/fr\/wp-json\/wp\/v2\/media?parent=27068"}],"curies":[{"name":"wp","href":"https:\/\/api.w.org\/{rel}","templated":true}]}}