
{"id":27072,"date":"2021-12-21T13:23:06","date_gmt":"2021-12-21T13:23:06","guid":{"rendered":"https:\/\/marinabadalona.cat\/sala-activitats\/"},"modified":"2024-03-15T13:45:53","modified_gmt":"2024-03-15T12:45:53","slug":"sala-activitats","status":"publish","type":"page","link":"https:\/\/marinabadalona.cat\/fr\/sala-activitats\/","title":{"rendered":"SALLES D\u2019ACTIVIT\u00c9S"},"content":{"rendered":"<div class=\"wpb-content-wrapper\"><p>[vc_row type=\u00a0\u00bbfull_width_section\u00a0\u00bb][vc_column width=\u00a0\u00bb1\/1&Prime;][rev_slider_vc alias=\u00a0\u00bbslide-home\u00a0\u00bb][\/vc_column][\/vc_row][vc_row top_padding=\u00a0\u00bb100&Prime; bottom_padding=\u00a0\u00bb80&Prime;][vc_column width=\u00a0\u00bb1\/1&Prime;]<h1 class=\"headline font-special fontsize-xxxl fontweight-500 lh-inherit align-center transform-uppercase \" style=\"margin: 0 0 00px 0;\">SALLES D\u2019ACTIVIT\u00c9S<\/h1><div class=\"headline font-special fontsize-l fontweight-400 lh-inherit align-center transform-inherit \" style=\"margin: 0 0 00px 0; color: #999999;\">LE CENTRE D&rsquo;ACTIVIT\u00c9S NAUTIQUES FONCTIONNE COMME UN SALON POUR LES ENTIT\u00c9S PORTUAIRES ET COMME UN ESPACE COMPL\u00c9MENTAIRE POUR LES D\u00c9BATS SUR LA MER, LE PARKING ET LA GASTRONOMIE<\/div>[\/vc_column][\/vc_row][vc_row bg_color=\u00a0\u00bb#f9f9f9&Prime; top_padding=\u00a0\u00bb100&Prime; bottom_padding=\u00a0\u00bb80&Prime;][vc_column width=\u00a0\u00bb1\/2&Prime;]<h3 class=\"headline font-special fontsize-l fontweight-700 lh-inherit align-left transform-uppercase \" style=\"margin: 0 0 20px 0;\">Salles d&rsquo;activit\u00e9s<\/h3>[vc_column_text]<span lang=\"es-ES-u-co-trad\"><span lang=\"es-ES\">Cours, formations, teambuildings, remises de prix, r\u00e9unions de travail&#8230; Nous disposons d&rsquo;une salle d&rsquo;activit\u00e9s d&rsquo;un espace utile de 110m2 et d&rsquo;une capacit\u00e9 d&rsquo;environ 50 personnes. Vous pouvez louer la salle, et y ajouter tous les \u00e9quipements compl\u00e9mentaires, tels qu&rsquo;un projecteur et \u00e9cran, connexion Wi-Fi, tableau noir&#8230; avec parking \u00e0 quelques m\u00e8tres des locaux. La chambre dispose \u00e9galement d&rsquo;un lavabo dans la m\u00eame pi\u00e8ce.<\/span><\/span><\/p>\n<p><span lang=\"es-ES-u-co-trad\"><span lang=\"es-ES\">L&rsquo;horaire inclus dans la r\u00e9servation habituelle de la salle est de 9h \u00e0 20h du lundi au dimanche, les extensions sont accept\u00e9es sous r\u00e9serve de tarifs sp\u00e9ciaux. <\/span><\/span><\/p>\n<p><span lang=\"es-ES-u-co-trad\"><span lang=\"es-ES\">Le loyer de base comprend l&rsquo;utilisation de la salle et du mobilier (tables et chaises), l\u2019approvisionnement en \u00e9lectricit\u00e9 et le nettoyage avant et apr\u00e8s. Les add-ons comptent comme des extras. <\/span><\/span><\/p>\n<p><span lang=\"es-ES-u-co-trad\"><span lang=\"es-ES\">R\u00e9alisez l&rsquo;activit\u00e9 que vous devez programmer dans un environnement proche de la mer, dans le m\u00eame axe, des services de restauration. L&rsquo;\u00e9quipe vous en remercie et la cr\u00e9ativit\u00e9 en est renforc\u00e9e.<\/span><\/span><\/p>\n<p><span lang=\"es-ES-u-co-trad\"><span lang=\"es-ES\">L&rsquo;espace, connu dans le Port sous le nom de Centre d&rsquo;Activit\u00e9s Nautiques, est le centre civique du Port et c\u2019est aussi l&rsquo;espace de rencontre du quartier, \u00e9tant le si\u00e8ge de diff\u00e9rents clubs et entit\u00e9s sportives, de sorte qu&rsquo;il s&rsquo;agit d&rsquo;un espace dynamique qui accueille de multiples activit\u00e9s.<\/span><\/span>[\/vc_column_text][\/vc_column][vc_column width=\u00a0\u00bb1\/2&Prime;]<div class=\"single_image wpb_content_element align-center    \" data-animation=\"none\" data-delay=\"0\"><img loading=\"lazy\" decoding=\"async\" width=\"2560\" height=\"1710\" src=\"https:\/\/marinabadalona.cat\/wp-content\/uploads\/2024\/03\/sala-1-scaled.jpg\" class=\"attachment-full\" alt=\"\" title=\"sala-1\" srcset=\"https:\/\/marinabadalona.cat\/wp-content\/uploads\/2024\/03\/sala-1-scaled.jpg 2560w, https:\/\/marinabadalona.cat\/wp-content\/uploads\/2024\/03\/sala-1-300x200.jpg 300w, https:\/\/marinabadalona.cat\/wp-content\/uploads\/2024\/03\/sala-1-1024x684.jpg 1024w, https:\/\/marinabadalona.cat\/wp-content\/uploads\/2024\/03\/sala-1-768x513.jpg 768w, https:\/\/marinabadalona.cat\/wp-content\/uploads\/2024\/03\/sala-1-391x260.jpg 391w, https:\/\/marinabadalona.cat\/wp-content\/uploads\/2024\/03\/sala-1-1536x1026.jpg 1536w, https:\/\/marinabadalona.cat\/wp-content\/uploads\/2024\/03\/sala-1-2048x1368.jpg 2048w, https:\/\/marinabadalona.cat\/wp-content\/uploads\/2024\/03\/sala-1-600x401.jpg 600w\" sizes=\"auto, (max-width: 2560px) 100vw, 2560px\" \/><\/div>[\/vc_column][\/vc_row][vc_row type=\u00a0\u00bbfull_width_section\u00a0\u00bb][vc_column width=\u00a0\u00bb1\/2&Prime;]<div class=\"single_image wpb_content_element align-left    \" data-animation=\"none\" data-delay=\"0\"><img loading=\"lazy\" decoding=\"async\" width=\"2560\" height=\"1920\" src=\"https:\/\/marinabadalona.cat\/wp-content\/uploads\/2024\/03\/sala-2-2-scaled.jpg\" class=\"attachment-full\" alt=\"\" title=\"sala 2\" srcset=\"https:\/\/marinabadalona.cat\/wp-content\/uploads\/2024\/03\/sala-2-2-scaled.jpg 2560w, https:\/\/marinabadalona.cat\/wp-content\/uploads\/2024\/03\/sala-2-2-300x225.jpg 300w, https:\/\/marinabadalona.cat\/wp-content\/uploads\/2024\/03\/sala-2-2-1024x768.jpg 1024w, https:\/\/marinabadalona.cat\/wp-content\/uploads\/2024\/03\/sala-2-2-768x576.jpg 768w, https:\/\/marinabadalona.cat\/wp-content\/uploads\/2024\/03\/sala-2-2-1536x1152.jpg 1536w, https:\/\/marinabadalona.cat\/wp-content\/uploads\/2024\/03\/sala-2-2-2048x1536.jpg 2048w, https:\/\/marinabadalona.cat\/wp-content\/uploads\/2024\/03\/sala-2-2-600x450.jpg 600w\" sizes=\"auto, (max-width: 2560px) 100vw, 2560px\" \/><\/div>[\/vc_column][vc_column width=\u00a0\u00bb1\/2&Prime;]<div class=\"single_image wpb_content_element align-left    \" data-animation=\"none\" data-delay=\"0\"><img loading=\"lazy\" decoding=\"async\" width=\"2560\" height=\"1920\" src=\"https:\/\/marinabadalona.cat\/wp-content\/uploads\/2024\/03\/sala-3-1-scaled.jpg\" class=\"attachment-full\" alt=\"\" title=\"sala 3\" srcset=\"https:\/\/marinabadalona.cat\/wp-content\/uploads\/2024\/03\/sala-3-1-scaled.jpg 2560w, https:\/\/marinabadalona.cat\/wp-content\/uploads\/2024\/03\/sala-3-1-300x225.jpg 300w, https:\/\/marinabadalona.cat\/wp-content\/uploads\/2024\/03\/sala-3-1-1024x768.jpg 1024w, https:\/\/marinabadalona.cat\/wp-content\/uploads\/2024\/03\/sala-3-1-768x576.jpg 768w, https:\/\/marinabadalona.cat\/wp-content\/uploads\/2024\/03\/sala-3-1-1536x1152.jpg 1536w, https:\/\/marinabadalona.cat\/wp-content\/uploads\/2024\/03\/sala-3-1-2048x1536.jpg 2048w, https:\/\/marinabadalona.cat\/wp-content\/uploads\/2024\/03\/sala-3-1-600x450.jpg 600w\" sizes=\"auto, (max-width: 2560px) 100vw, 2560px\" \/><\/div>[\/vc_column][\/vc_row]<\/p>\n<\/div>","protected":false},"excerpt":{"rendered":"<p>[vc_row type=\u00a0\u00bbfull_width_section\u00a0\u00bb][vc_column width=\u00a0\u00bb1\/1&Prime;][rev_slider_vc alias=\u00a0\u00bbslide-home\u00a0\u00bb][\/vc_column][\/vc_row][vc_row top_padding=\u00a0\u00bb100&Prime; bottom_padding=\u00a0\u00bb80&Prime;][vc_column width=\u00a0\u00bb1\/1&Prime;][\/vc_column][\/vc_row][vc_row bg_color=\u00a0\u00bb#f9f9f9&Prime; top_padding=\u00a0\u00bb100&Prime; bottom_padding=\u00a0\u00bb80&Prime;][vc_column width=\u00a0\u00bb1\/2&Prime;][vc_column_text]Cours, formations, teambuildings, remises de prix, r\u00e9unions de travail&#8230; Nous disposons d&rsquo;une salle d&rsquo;activit\u00e9s d&rsquo;un espace utile de 110m2 et d&rsquo;une capacit\u00e9 d&rsquo;environ 50 personnes. Vous pouvez louer la salle, et y ajouter tous les \u00e9quipements compl\u00e9mentaires, tels qu&rsquo;un projecteur et \u00e9cran, connexion Wi-Fi, tableau noir&#8230; avec parking \u00e0 quelques m\u00e8tres des locaux. La chambre dispose \u00e9galement d&rsquo;un lavabo dans la m\u00eame pi\u00e8ce. L&rsquo;horaire inclus dans la r\u00e9servation habituelle de la salle est de 9h \u00e0 20h du lundi au dimanche, les extensions sont accept\u00e9es sous r\u00e9serve de tarifs sp\u00e9ciaux. Le loyer de base comprend l&rsquo;utilisation de la salle et du mobilier (tables et chaises), l\u2019approvisionnement en \u00e9lectricit\u00e9 et le nettoyage avant et apr\u00e8s. Les add-ons comptent comme des extras. R\u00e9alisez l&rsquo;activit\u00e9 que vous devez programmer dans un environnement proche de la mer, dans le m\u00eame axe, des services de restauration. L&rsquo;\u00e9quipe vous en remercie et la cr\u00e9ativit\u00e9 en est renforc\u00e9e. L&rsquo;espace, connu dans le Port sous le nom de Centre d&rsquo;Activit\u00e9s Nautiques, est le centre civique du Port et c\u2019est aussi l&rsquo;espace de rencontre du quartier, \u00e9tant le si\u00e8ge de diff\u00e9rents clubs et entit\u00e9s sportives, de sorte qu&rsquo;il s&rsquo;agit [&hellip;]<\/p>\n","protected":false},"author":1,"featured_media":0,"parent":0,"menu_order":0,"comment_status":"open","ping_status":"closed","template":"","meta":{"footnotes":""},"class_list":["post-27072","page","type-page","status-publish","hentry"],"_links":{"self":[{"href":"https:\/\/marinabadalona.cat\/fr\/wp-json\/wp\/v2\/pages\/27072","targetHints":{"allow":["GET"]}}],"collection":[{"href":"https:\/\/marinabadalona.cat\/fr\/wp-json\/wp\/v2\/pages"}],"about":[{"href":"https:\/\/marinabadalona.cat\/fr\/wp-json\/wp\/v2\/types\/page"}],"author":[{"embeddable":true,"href":"https:\/\/marinabadalona.cat\/fr\/wp-json\/wp\/v2\/users\/1"}],"replies":[{"embeddable":true,"href":"https:\/\/marinabadalona.cat\/fr\/wp-json\/wp\/v2\/comments?post=27072"}],"version-history":[{"count":1,"href":"https:\/\/marinabadalona.cat\/fr\/wp-json\/wp\/v2\/pages\/27072\/revisions"}],"predecessor-version":[{"id":37967,"href":"https:\/\/marinabadalona.cat\/fr\/wp-json\/wp\/v2\/pages\/27072\/revisions\/37967"}],"wp:attachment":[{"href":"https:\/\/marinabadalona.cat\/fr\/wp-json\/wp\/v2\/media?parent=27072"}],"curies":[{"name":"wp","href":"https:\/\/api.w.org\/{rel}","templated":true}]}}