
{"id":33175,"date":"2021-11-05T10:47:51","date_gmt":"2021-11-05T10:47:51","guid":{"rendered":"https:\/\/marinabadalona.cat\/estatuts\/"},"modified":"2024-01-15T10:39:21","modified_gmt":"2024-01-15T09:39:21","slug":"estatuts","status":"publish","type":"page","link":"https:\/\/marinabadalona.cat\/fr\/estatuts\/","title":{"rendered":"ESTATUTS"},"content":{"rendered":"<div class=\"wpb-content-wrapper\"><p>[vc_row type=\u00a0\u00bbfull_width_section\u00a0\u00bb][vc_column width=\u00a0\u00bb1\/1&Prime;][rev_slider_vc alias=\u00a0\u00bbslide-home\u00a0\u00bb][\/vc_column][\/vc_row][vc_row top_padding=\u00a0\u00bb100&Prime; bottom_padding=\u00a0\u00bb40&Prime;][vc_column width=\u00a0\u00bb1\/1&Prime;]<h1 class=\"headline font-special fontsize-xxl fontweight-500 lh-inherit align-center transform-uppercase \" style=\"margin: 0 0 20px 0;\">STATUTS MARINA BADALONA<\/h1><div class=\"headline font-special fontsize-l fontweight-400 lh-inherit align-center transform-inherit \" style=\"margin: 0 0 20px 0; color: #000000;\">QU\u2019EST-CE QUI NOUS MOTIVE ? MENER LA R\u00c9G\u00c9N\u00c9RATION URBAINE DU LITTORAL POUR RAPPROCHER LA CULTURE ET LES VALEURS DE LA MER DE TOUS \u00c0 TRAVERS LA PASSION DE LA NAVIGATION<\/div><div class=\"divider divider1\" style='margin:0px 0 0px 0 !important;'><\/div>[\/vc_column][\/vc_row][vc_row bottom_padding=\u00a0\u00bb10&Prime;][vc_column width=\u00a0\u00bb5\/6&Prime;]<h3 class=\"headline font-special fontsize-s fontweight-500 lh-inherit align-left transform-inherit \" style=\"margin: 0 0 20px 0;\">STATUTS DE MARINA DE BADALONA, SA<\/h3>[\/vc_column][vc_column width=\u00a0\u00bb1\/6&Prime;]<a href=\"https:\/\/marinabadalona.cat\/wp-content\/uploads\/2022\/03\/Estatuts-Marina_badalona_cat.pdf\" target=\"_blank\" class=\"button color-3 small \" style=\"border-radius: 2px;\">PDF<\/a>[\/vc_column][\/vc_row][vc_row top_padding=\u00a0\u00bb0&Prime; bottom_padding=\u00a0\u00bb20&Prime;][vc_column width=\u00a0\u00bb1\/1&Prime;]<div class=\"divider divider1\" style='margin:0px 0 0px 0 !important;'><\/div>[\/vc_column][\/vc_row][vc_row type=\u00a0\u00bbfull_width_section\u00a0\u00bb][vc_column width=\u00a0\u00bb1\/3&Prime;]<div class=\"single_image wpb_content_element align-left    \" data-animation=\"none\" data-delay=\"0\"><img loading=\"lazy\" decoding=\"async\" width=\"1000\" height=\"1000\" src=\"https:\/\/marinabadalona.cat\/wp-content\/uploads\/2022\/01\/Estatuts-marinabadalona-02.png\" class=\"attachment-full\" alt=\"\" title=\"Estatuts-marinabadalona-02\" srcset=\"https:\/\/marinabadalona.cat\/wp-content\/uploads\/2022\/01\/Estatuts-marinabadalona-02.png 1000w, https:\/\/marinabadalona.cat\/wp-content\/uploads\/2022\/01\/Estatuts-marinabadalona-02-300x300.png 300w, https:\/\/marinabadalona.cat\/wp-content\/uploads\/2022\/01\/Estatuts-marinabadalona-02-150x150.png 150w, https:\/\/marinabadalona.cat\/wp-content\/uploads\/2022\/01\/Estatuts-marinabadalona-02-768x768.png 768w, https:\/\/marinabadalona.cat\/wp-content\/uploads\/2022\/01\/Estatuts-marinabadalona-02-80x80.png 80w, https:\/\/marinabadalona.cat\/wp-content\/uploads\/2022\/01\/Estatuts-marinabadalona-02-500x500.png 500w, https:\/\/marinabadalona.cat\/wp-content\/uploads\/2022\/01\/Estatuts-marinabadalona-02-600x600.png 600w, https:\/\/marinabadalona.cat\/wp-content\/uploads\/2022\/01\/Estatuts-marinabadalona-02-100x100.png 100w\" sizes=\"auto, (max-width: 1000px) 100vw, 1000px\" \/><\/div>[\/vc_column][vc_column width=\u00a0\u00bb1\/3&Prime;]<div class=\"single_image wpb_content_element align-left    \" data-animation=\"none\" data-delay=\"0\"><img loading=\"lazy\" decoding=\"async\" width=\"1000\" height=\"1000\" src=\"https:\/\/marinabadalona.cat\/wp-content\/uploads\/2022\/01\/Estatuts-marinabadalona-01.png\" class=\"attachment-full\" alt=\"\" title=\"Estatuts-marinabadalona-01\" srcset=\"https:\/\/marinabadalona.cat\/wp-content\/uploads\/2022\/01\/Estatuts-marinabadalona-01.png 1000w, https:\/\/marinabadalona.cat\/wp-content\/uploads\/2022\/01\/Estatuts-marinabadalona-01-300x300.png 300w, https:\/\/marinabadalona.cat\/wp-content\/uploads\/2022\/01\/Estatuts-marinabadalona-01-150x150.png 150w, https:\/\/marinabadalona.cat\/wp-content\/uploads\/2022\/01\/Estatuts-marinabadalona-01-768x768.png 768w, https:\/\/marinabadalona.cat\/wp-content\/uploads\/2022\/01\/Estatuts-marinabadalona-01-80x80.png 80w, https:\/\/marinabadalona.cat\/wp-content\/uploads\/2022\/01\/Estatuts-marinabadalona-01-500x500.png 500w, https:\/\/marinabadalona.cat\/wp-content\/uploads\/2022\/01\/Estatuts-marinabadalona-01-600x600.png 600w, https:\/\/marinabadalona.cat\/wp-content\/uploads\/2022\/01\/Estatuts-marinabadalona-01-100x100.png 100w\" sizes=\"auto, (max-width: 1000px) 100vw, 1000px\" \/><\/div>[\/vc_column][vc_column width=\u00a0\u00bb1\/3&Prime;]<div class=\"single_image wpb_content_element align-left    \" data-animation=\"none\" data-delay=\"0\"><img loading=\"lazy\" decoding=\"async\" width=\"1000\" height=\"1000\" src=\"https:\/\/marinabadalona.cat\/wp-content\/uploads\/2022\/01\/Estatuts-marinabadalona-03.png\" class=\"attachment-full\" alt=\"\" title=\"Estatuts-marinabadalona-03\" srcset=\"https:\/\/marinabadalona.cat\/wp-content\/uploads\/2022\/01\/Estatuts-marinabadalona-03.png 1000w, https:\/\/marinabadalona.cat\/wp-content\/uploads\/2022\/01\/Estatuts-marinabadalona-03-300x300.png 300w, https:\/\/marinabadalona.cat\/wp-content\/uploads\/2022\/01\/Estatuts-marinabadalona-03-150x150.png 150w, https:\/\/marinabadalona.cat\/wp-content\/uploads\/2022\/01\/Estatuts-marinabadalona-03-768x768.png 768w, https:\/\/marinabadalona.cat\/wp-content\/uploads\/2022\/01\/Estatuts-marinabadalona-03-80x80.png 80w, https:\/\/marinabadalona.cat\/wp-content\/uploads\/2022\/01\/Estatuts-marinabadalona-03-500x500.png 500w, https:\/\/marinabadalona.cat\/wp-content\/uploads\/2022\/01\/Estatuts-marinabadalona-03-600x600.png 600w, https:\/\/marinabadalona.cat\/wp-content\/uploads\/2022\/01\/Estatuts-marinabadalona-03-100x100.png 100w\" sizes=\"auto, (max-width: 1000px) 100vw, 1000px\" \/><\/div>[\/vc_column][\/vc_row]<\/p>\n<\/div>","protected":false},"excerpt":{"rendered":"<p>[vc_row type=\u00a0\u00bbfull_width_section\u00a0\u00bb][vc_column width=\u00a0\u00bb1\/1&Prime;][rev_slider_vc alias=\u00a0\u00bbslide-home\u00a0\u00bb][\/vc_column][\/vc_row][vc_row top_padding=\u00a0\u00bb100&Prime; bottom_padding=\u00a0\u00bb40&Prime;][vc_column width=\u00a0\u00bb1\/1&Prime;][\/vc_column][\/vc_row][vc_row bottom_padding=\u00a0\u00bb10&Prime;][vc_column width=\u00a0\u00bb5\/6&Prime;][\/vc_column][vc_column width=\u00a0\u00bb1\/6&Prime;][\/vc_column][\/vc_row][vc_row top_padding=\u00a0\u00bb0&Prime; bottom_padding=\u00a0\u00bb20&Prime;][vc_column width=\u00a0\u00bb1\/1&Prime;][\/vc_column][\/vc_row][vc_row type=\u00a0\u00bbfull_width_section\u00a0\u00bb][vc_column width=\u00a0\u00bb1\/3&Prime;][\/vc_column][vc_column width=\u00a0\u00bb1\/3&Prime;][\/vc_column][vc_column width=\u00a0\u00bb1\/3&Prime;][\/vc_column][\/vc_row]<\/p>\n","protected":false},"author":1,"featured_media":0,"parent":0,"menu_order":0,"comment_status":"open","ping_status":"closed","template":"","meta":{"footnotes":""},"class_list":["post-33175","page","type-page","status-publish","hentry"],"_links":{"self":[{"href":"https:\/\/marinabadalona.cat\/fr\/wp-json\/wp\/v2\/pages\/33175","targetHints":{"allow":["GET"]}}],"collection":[{"href":"https:\/\/marinabadalona.cat\/fr\/wp-json\/wp\/v2\/pages"}],"about":[{"href":"https:\/\/marinabadalona.cat\/fr\/wp-json\/wp\/v2\/types\/page"}],"author":[{"embeddable":true,"href":"https:\/\/marinabadalona.cat\/fr\/wp-json\/wp\/v2\/users\/1"}],"replies":[{"embeddable":true,"href":"https:\/\/marinabadalona.cat\/fr\/wp-json\/wp\/v2\/comments?post=33175"}],"version-history":[{"count":3,"href":"https:\/\/marinabadalona.cat\/fr\/wp-json\/wp\/v2\/pages\/33175\/revisions"}],"predecessor-version":[{"id":37629,"href":"https:\/\/marinabadalona.cat\/fr\/wp-json\/wp\/v2\/pages\/33175\/revisions\/37629"}],"wp:attachment":[{"href":"https:\/\/marinabadalona.cat\/fr\/wp-json\/wp\/v2\/media?parent=33175"}],"curies":[{"name":"wp","href":"https:\/\/api.w.org\/{rel}","templated":true}]}}