
{"id":33206,"date":"2021-12-22T10:52:43","date_gmt":"2021-12-22T10:52:43","guid":{"rendered":"https:\/\/marinabadalona.cat\/espais-esdeveniments-rodatges\/"},"modified":"2024-03-15T13:34:49","modified_gmt":"2024-03-15T12:34:49","slug":"espais-esdeveniments-rodatges","status":"publish","type":"page","link":"https:\/\/marinabadalona.cat\/fr\/espais-esdeveniments-rodatges\/","title":{"rendered":"ESPACES POUR \u00c9V\u00c9NEMENTS ET TOURNAGES PUBLICITAIRES"},"content":{"rendered":"<div class=\"wpb-content-wrapper\"><p>[vc_row type=\u00a0\u00bbfull_width_section\u00a0\u00bb][vc_column width=\u00a0\u00bb1\/1&Prime;][rev_slider_vc alias=\u00a0\u00bbslide-home\u00a0\u00bb][\/vc_column][\/vc_row][vc_row top_padding=\u00a0\u00bb100&Prime; bottom_padding=\u00a0\u00bb80&Prime;][vc_column width=\u00a0\u00bb1\/1&Prime;]<h1 class=\"headline font-special fontsize-xxxl fontweight-500 lh-inherit align-center transform-uppercase \" style=\"margin: 0 0 00px 0;\">ESPACES POUR \u00c9V\u00c9NEMENTS ET TOURNAGES PUBLICITAIRES<\/h1><div class=\"headline font-special fontsize-l fontweight-400 lh-inherit align-center transform-inherit \" style=\"margin: 0 0 00px 0; color: #999999;\">VOUS AVEZ L&rsquo;ID\u00c9E ET NOUS AVONS L&rsquo;ESPACE POUR LA R\u00c9ALISATION D\u00c9COUVREZ TOUTES LES OPTIONS<\/div>[\/vc_column][\/vc_row][vc_row bg_color=\u00a0\u00bb#f9f9f9&Prime; top_padding=\u00a0\u00bb100&Prime; bottom_padding=\u00a0\u00bb80&Prime;][vc_column width=\u00a0\u00bb1\/2&Prime;]<h3 class=\"headline font-special fontsize-l fontweight-700 lh-inherit align-left transform-uppercase \" style=\"margin: 0 0 20px 0;\">ESPACES POUR \u00c9V\u00c9NEMENTS ET TOURNAGES PUBLICITAIRES<\/h3>[vc_column_text]<\/p>\n<p style=\"text-align: justify;\">La bonne communication du Port de Badalona et le fait de devenir un port urbain d&rsquo;une ville qui exerce le statut de capitale dans le Barcelon\u00e8s Nord et dans le Baix Maresme nourrit les possibilit\u00e9s d&rsquo;affaires dans la r\u00e9gion. Le nouveau plan d&rsquo;utilisation, qui sera compl\u00e9t\u00e9 tout au long de 2022, met \u00e0 jour la r\u00e9servation des espaces, en augmentant et en assouplissant les utilisations pour les services nautiques, de formation et de tourisme-sport. L&rsquo;enclave du Port dans un espace de renouvellement et centralis\u00e9, connect\u00e9 au tissu urbain et aux routes interurbaines en \u00e9tendant le public nautique aux clients de Badalona et aux citoyens de la zone d&rsquo;influence m\u00e9tropolitaine et internationale. On d\u00e9couvre aussi, production apr\u00e8s production, un espace ad\u00e9quat pour accueillir des c\u00e9l\u00e9brations et des productions de spectacles artistiques, ainsi qu&rsquo;un imrempla\u00e7able platon pour la lumi\u00e8re, les facilit\u00e9s, la disponibilit\u00e9 de m\u00e8tres carr\u00e9s et les services compl\u00e9mentaires.<\/p>\n<p>[\/vc_column_text][\/vc_column][vc_column width=\u00a0\u00bb1\/2&Prime;]<div class=\"single_image wpb_content_element align-left    \" data-animation=\"none\" data-delay=\"0\"><img loading=\"lazy\" decoding=\"async\" width=\"1000\" height=\"1000\" src=\"https:\/\/marinabadalona.cat\/wp-content\/uploads\/2022\/01\/espacios-comerciales-rodajes-marinabadalona.jpg\" class=\"attachment-full\" alt=\"\" title=\"espacios-comerciales-rodajes-marinabadalona\" srcset=\"https:\/\/marinabadalona.cat\/wp-content\/uploads\/2022\/01\/espacios-comerciales-rodajes-marinabadalona.jpg 1000w, https:\/\/marinabadalona.cat\/wp-content\/uploads\/2022\/01\/espacios-comerciales-rodajes-marinabadalona-300x300.jpg 300w, https:\/\/marinabadalona.cat\/wp-content\/uploads\/2022\/01\/espacios-comerciales-rodajes-marinabadalona-150x150.jpg 150w, https:\/\/marinabadalona.cat\/wp-content\/uploads\/2022\/01\/espacios-comerciales-rodajes-marinabadalona-768x768.jpg 768w, https:\/\/marinabadalona.cat\/wp-content\/uploads\/2022\/01\/espacios-comerciales-rodajes-marinabadalona-80x80.jpg 80w, https:\/\/marinabadalona.cat\/wp-content\/uploads\/2022\/01\/espacios-comerciales-rodajes-marinabadalona-500x500.jpg 500w, https:\/\/marinabadalona.cat\/wp-content\/uploads\/2022\/01\/espacios-comerciales-rodajes-marinabadalona-600x600.jpg 600w, https:\/\/marinabadalona.cat\/wp-content\/uploads\/2022\/01\/espacios-comerciales-rodajes-marinabadalona-100x100.jpg 100w\" sizes=\"auto, (max-width: 1000px) 100vw, 1000px\" \/><\/div>[\/vc_column][\/vc_row][vc_row top_padding=\u00a0\u00bb100&Prime; bottom_padding=\u00a0\u00bb80&Prime;][vc_column width=\u00a0\u00bb1\/1&Prime;]<h1 class=\"headline font-special fontsize-xxxl fontweight-500 lh-inherit align-center transform-uppercase \" style=\"margin: 0 0 00px 0;\">LE MEILLEUR SET ET SC\u00c8NE EXT\u00c9RIEURE<\/h1><div class=\"headline font-special fontsize-l fontweight-400 lh-inherit align-center transform-inherit \" style=\"margin: 0 0 00px 0; color: #999999;\">LUMI\u00c8RE, STATIONNEMENT, CONFIDENTIALIT\u00c9, COMP\u00c9TITIVIT\u00c9 ET FLEXIBILIT\u00c9<\/div>[\/vc_column][\/vc_row][vc_row section_arrow=\u00a0\u00bbfalse\u00a0\u00bb top_padding=\u00a0\u00bb0&Prime; bottom_padding=\u00a0\u00bb100&Prime; bg_position=\u00a0\u00bbleft top\u00a0\u00bb][vc_column width=\u00a0\u00bb1\/3&Prime;]<div class=\"iconbox  wpb_content_element iconbox-style-2 icon-color-accent color-dark clearfix\"><div class=\"iconbox-icon\"><img src='https:\/\/marinabadalona.cat\/wp-content\/uploads\/2021\/12\/Camera.png' class='iconimg' alt='S\u00c9ANCES AUDIOVISUELLES' \/><\/div><div class=\"iconbox-content\"><h3>S\u00c9ANCES AUDIOVISUELLES<\/h3><p>Nous avons l&rsquo;espace parfait pour vos \u00e9v\u00e9nements et aussi pour les enregistrements publicitaires, audiovisuels et pour les s\u00e9ances photo.<\/p><\/div><\/div>[\/vc_column][vc_column width=\u00a0\u00bb1\/3&Prime;]<div class=\"iconbox  wpb_content_element iconbox-style-2 icon-color-accent color-dark clearfix\"><div class=\"iconbox-icon\"><img src='https:\/\/marinabadalona.cat\/wp-content\/uploads\/2021\/12\/Luz.png' class='iconimg' alt='LUMI\u00c8RE' \/><\/div><div class=\"iconbox-content\"><h3>LUMI\u00c8RE<\/h3><p>La cl\u00e9 du succ\u00e8s : la communication, l&rsquo;espace et surtout la lumi\u00e8re. Lumi\u00e8res et ombres avec la mer en arri\u00e8re-plan et les grands espaces qui caract\u00e9risent la zone portuaire pour pouvoir d\u00e9velopper votre cr\u00e9ativit\u00e9.<\/p><\/div><\/div>[\/vc_column][vc_column width=\u00a0\u00bb1\/3&Prime;]<div class=\"iconbox  wpb_content_element iconbox-style-2 icon-color-accent color-dark clearfix\"><div class=\"iconbox-icon\"><img src='https:\/\/marinabadalona.cat\/wp-content\/uploads\/2021\/11\/Parking.png' class='iconimg' alt='PARKING' \/><\/div><div class=\"iconbox-content\"><h3>PARKING<\/h3><p>Nous ajoutons d&rsquo;autres \u00e9quipements : vestiaire, parking, branchement \u00e9lectrique et arriv\u00e9e d&rsquo;eau, de grands espaces qui fonctionnent comme des studios.<\/p><\/div><\/div>[\/vc_column][\/vc_row][vc_row section_arrow=\u00a0\u00bbfalse\u00a0\u00bb top_padding=\u00a0\u00bb0&Prime; bottom_padding=\u00a0\u00bb100&Prime; bg_position=\u00a0\u00bbleft top\u00a0\u00bb][vc_column width=\u00a0\u00bb1\/3&Prime;]<div class=\"iconbox  wpb_content_element iconbox-style-2 icon-color-accent color-dark clearfix\"><div class=\"iconbox-icon\"><img src='https:\/\/marinabadalona.cat\/wp-content\/uploads\/2021\/12\/Diners.png' class='iconimg' alt='COMP\u00c9TITIF' \/><\/div><div class=\"iconbox-content\"><h3>COMP\u00c9TITIF<\/h3><p>Le prix de base de la journ\u00e9e d&rsquo;enregistrement comprend jusqu&rsquo;\u00e0 500m2 d&rsquo;espace et d&rsquo;occupation et 3 v\u00e9hicules li\u00e9s \u00e0 l&rsquo;action. La surface suppl\u00e9mentaire et l&rsquo;augmentation des v\u00e9hicules seront factur\u00e9es en fonction du prix de cet espace par unit\u00e9 de m\u00b2 et d&rsquo;acc\u00e8s au port.<\/p><\/div><\/div>[\/vc_column][vc_column width=\u00a0\u00bb1\/3&Prime;]<div class=\"iconbox  wpb_content_element iconbox-style-2 icon-color-accent color-dark clearfix\"><div class=\"iconbox-icon\"><img src='https:\/\/marinabadalona.cat\/wp-content\/uploads\/2021\/12\/Formulari-1.png' class='iconimg' alt='FORMULAIRE' \/><\/div><div class=\"iconbox-content\"><h3>FORMULAIRE<\/h3><p>Contactez-nous et nous vous faciliterons la t\u00e2che. Les autorisations sont accord\u00e9es directement par l&rsquo;administration du port.<\/p><\/div><\/div>[\/vc_column][vc_column width=\u00a0\u00bb1\/3&Prime;]<div class=\"spacer\" style=\"height: 10px;\"><\/div>[\/vc_column][\/vc_row][vc_row type=\u00a0\u00bbfull_width_section\u00a0\u00bb][vc_column width=\u00a0\u00bb1\/3&Prime;]<div class=\"single_image wpb_content_element align-left    \" data-animation=\"none\" data-delay=\"0\"><img decoding=\"async\" class=\"\" src=\"https:\/\/marinabadalona.cat\/wp-content\/uploads\/2021\/12\/rodatges-llum-h.jpg\" width=\"704\" height=\"396\" alt=\"rodatges-llum-h\" title=\"rodatges-llum-h\" loading=\"lazy\" \/><\/div>[\/vc_column][vc_column width=\u00a0\u00bb1\/3&Prime;]<div class=\"single_image wpb_content_element align-left    \" data-animation=\"none\" data-delay=\"0\"><img loading=\"lazy\" decoding=\"async\" width=\"704\" height=\"396\" src=\"https:\/\/marinabadalona.cat\/wp-content\/uploads\/2021\/12\/Rodatges-i-events-marinabadalona-h.jpg\" class=\"attachment-full\" alt=\"\" title=\"Rodatges-i-events-marinabadalona-h\" srcset=\"https:\/\/marinabadalona.cat\/wp-content\/uploads\/2021\/12\/Rodatges-i-events-marinabadalona-h.jpg 704w, https:\/\/marinabadalona.cat\/wp-content\/uploads\/2021\/12\/Rodatges-i-events-marinabadalona-h-300x169.jpg 300w, https:\/\/marinabadalona.cat\/wp-content\/uploads\/2021\/12\/Rodatges-i-events-marinabadalona-h-600x338.jpg 600w\" sizes=\"auto, (max-width: 704px) 100vw, 704px\" \/><\/div>[\/vc_column][vc_column width=\u00a0\u00bb1\/3&Prime;]<div class=\"single_image wpb_content_element align-left    \" data-animation=\"none\" data-delay=\"0\"><img loading=\"lazy\" decoding=\"async\" width=\"704\" height=\"396\" src=\"https:\/\/marinabadalona.cat\/wp-content\/uploads\/2021\/12\/esdeveniments-h.jpg\" class=\"attachment-full\" alt=\"\" title=\"esdeveniments-h\" srcset=\"https:\/\/marinabadalona.cat\/wp-content\/uploads\/2021\/12\/esdeveniments-h.jpg 704w, https:\/\/marinabadalona.cat\/wp-content\/uploads\/2021\/12\/esdeveniments-h-300x169.jpg 300w, https:\/\/marinabadalona.cat\/wp-content\/uploads\/2021\/12\/esdeveniments-h-600x338.jpg 600w\" sizes=\"auto, (max-width: 704px) 100vw, 704px\" \/><\/div>[\/vc_column][\/vc_row][vc_row bg_color=\u00a0\u00bb#00a7e0&Prime; top_padding=\u00a0\u00bb30&Prime;][vc_column width=\u00a0\u00bb1\/1&Prime;][vc_raw_html]JTNDZGl2JTNFJTBBJTIwJTIwJTIwJTIwJTIwJTIwJTNDZGl2JTNFJTBBJTIwJTIwJTIwJTIwJTIwJTIwJTIwJTIwJTNDaDElMjBzdHlsZSUzRCUyMmZvbnQtZmFtaWx5JTNBJTI3TW9udHNlcnJhdCUyNyUyQ0FyaWFsJTJDSGVsdmV0aWNhJTJDc2Fucy1zZXJpZiUzQiUyMHRleHQtYWxpZ24lM0FjZW50ZXIlM0IlMjBjb2xvciUzQXdoaXRlJTNCJTIyJTNFUkVKT0lHTkVaJTIwTk9UUkUlMjBORVdTTEVUVEVSJTNDJTJGaDElM0UlMEElMjAlMjAlMjAlMjAlMjAlMjAlMjAlMjAlM0NwJTIwc3R5bGUlM0QlMjJmb250LWZhbWlseSUzQSUyN01vbnRzZXJyYXQlMjclMkNBcmlhbCUyQ0hlbHZldGljYSUyQ3NhbnMtc2VyaWYlM0IlMjB0ZXh0LWFsaWduJTNBY2VudGVyJTNCJTIwY29sb3IlM0F3aGl0ZSUzQiUyMiUzRVNveWV6JTIwYXUlMjBjb3VyYW50JTIwZGVzJTIwbm91dmVhdXQlQzMlQTlzJTIwYXZhbnQlMjB0b3V0JTIwbGUlMjBtb25kZSUyQyUyMGQlQzMlQTljb3V2cmV6JTIwbGVzJTIwbm91dmVhdXglMjAlQzMlQTl2JUMzJUE5bmVtZW50cyUyMGV0JTIwYmllbiUyMHBsdXMlMjBlbmNvcmUlM0MlMkZwJTNFJTBBJTIwJTIwJTIwJTIwJTIwJTIwJTNDJTJGZGl2JTNFJTBBJTIwJTIwJTIwJTIwJTNDJTJGZGl2JTNF[\/vc_raw_html][\/vc_column][\/vc_row][vc_row bg_color=\u00a0\u00bb#00a7e0&Prime; bottom_padding=\u00a0\u00bb15&Prime;][vc_column width=\u00a0\u00bb1\/1&Prime;][vc_raw_html el_class=\u00a0\u00bbpopmake-17165&Prime;]JTNDZGl2JTNFJTBBJTIwJTIwJTIwJTIwJTIwJTIwJTIwJTIwJTNDZGl2JTIwc3R5bGUlM0QlMjJtYXJnaW4tdG9wJTNBMjBweCUzQiUyMHRleHQtYWxpZ24lM0FjZW50ZXIlM0IlMjIlM0UlMEElMjAlMjAlMjAlMjAlMjAlMjAlMjAlMjAlMjAlMjAlM0NidXR0b24lMjBzdHlsZSUzRCUyMndpZHRoJTNBNTAlMjUlM0IlMjBwYWRkaW5nJTNBMTVweCUyMDIwcHglM0IlMjBib3JkZXItcmFkaXVzJTNBMjVweCUzQiUyMGJhY2tncm91bmQtY29sb3IlM0F3aGl0ZSUzQiUyMGNvbG9yJTNBJTIzMDBhN2UwJTNCJTIwZm9udC13ZWlnaHQlM0Fib2xkJTNCJTIwYm9yZGVyJTNBMXB4JTIwc29saWQlMjB3aGl0ZSUzQiUyMiUyMHR5cGUlM0QlMjJidXR0b24lMjIlM0VTJTI3QUJPTk5FUiUzQyUyRmJ1dHRvbiUzRSUwQSUyMCUyMCUyMCUyMCUyMCUyMCUyMCUyMCUzQyUyRmRpdiUzRSUwQSUyMCUyMCUyMCUyMCUyMCUyMCUzQyUyRmRpdiUzRQ==[\/vc_raw_html][\/vc_column][\/vc_row][vc_row][vc_column width=\u00a0\u00bb1\/1&Prime;][vc_raw_js]JTNDc2NyaXB0JTNFJTIwJTBBJTIwalF1ZXJ5JTI4ZnVuY3Rpb24lMjglMjQlMjklMjAlN0IlMEElMjAlMjAlMjAlMjQlMjglMjcud3BjZjctc2VsZWN0JTI3JTI5LnZhbCUyOCUyMiUyMiUyOSUzQiUyMCUyRiUyRiUyMHBhaXMlMjBwb3IlMjBkZWZlY3RvLiUwQSUyMCU3RCUyOSUzQiUwQSUzQyUyRnNjcmlwdCUzRQ==[\/vc_raw_js][\/vc_column][\/vc_row]<\/p>\n<\/div>","protected":false},"excerpt":{"rendered":"<p>[vc_row type=\u00a0\u00bbfull_width_section\u00a0\u00bb][vc_column width=\u00a0\u00bb1\/1&Prime;][rev_slider_vc alias=\u00a0\u00bbslide-home\u00a0\u00bb][\/vc_column][\/vc_row][vc_row top_padding=\u00a0\u00bb100&Prime; bottom_padding=\u00a0\u00bb80&Prime;][vc_column width=\u00a0\u00bb1\/1&Prime;][\/vc_column][\/vc_row][vc_row bg_color=\u00a0\u00bb#f9f9f9&Prime; top_padding=\u00a0\u00bb100&Prime; bottom_padding=\u00a0\u00bb80&Prime;][vc_column width=\u00a0\u00bb1\/2&Prime;][vc_column_text] La bonne communication du Port de Badalona et le fait de devenir un port urbain d&rsquo;une ville qui exerce le statut de capitale dans le Barcelon\u00e8s Nord et dans le Baix Maresme nourrit les possibilit\u00e9s d&rsquo;affaires dans la r\u00e9gion. Le nouveau plan d&rsquo;utilisation, qui sera compl\u00e9t\u00e9 tout au long de 2022, met \u00e0 jour la r\u00e9servation des espaces, en augmentant et en assouplissant les utilisations pour les services nautiques, de formation et de tourisme-sport. L&rsquo;enclave du Port dans un espace de renouvellement et centralis\u00e9, connect\u00e9 au tissu urbain et aux routes interurbaines en \u00e9tendant le public nautique aux clients de Badalona et aux citoyens de la zone d&rsquo;influence m\u00e9tropolitaine et internationale. On d\u00e9couvre aussi, production apr\u00e8s production, un espace ad\u00e9quat pour accueillir des c\u00e9l\u00e9brations et des productions de spectacles artistiques, ainsi qu&rsquo;un imrempla\u00e7able platon pour la lumi\u00e8re, les facilit\u00e9s, la disponibilit\u00e9 de m\u00e8tres carr\u00e9s et les services compl\u00e9mentaires. [\/vc_column_text][\/vc_column][vc_column width=\u00a0\u00bb1\/2&Prime;][\/vc_column][\/vc_row][vc_row top_padding=\u00a0\u00bb100&Prime; bottom_padding=\u00a0\u00bb80&Prime;][vc_column width=\u00a0\u00bb1\/1&Prime;][\/vc_column][\/vc_row][vc_row section_arrow=\u00a0\u00bbfalse\u00a0\u00bb top_padding=\u00a0\u00bb0&Prime; bottom_padding=\u00a0\u00bb100&Prime; bg_position=\u00a0\u00bbleft top\u00a0\u00bb][vc_column width=\u00a0\u00bb1\/3&Prime;][\/vc_column][vc_column width=\u00a0\u00bb1\/3&Prime;][\/vc_column][vc_column width=\u00a0\u00bb1\/3&Prime;][\/vc_column][\/vc_row][vc_row section_arrow=\u00a0\u00bbfalse\u00a0\u00bb top_padding=\u00a0\u00bb0&Prime; bottom_padding=\u00a0\u00bb100&Prime; bg_position=\u00a0\u00bbleft top\u00a0\u00bb][vc_column width=\u00a0\u00bb1\/3&Prime;][\/vc_column][vc_column width=\u00a0\u00bb1\/3&Prime;][\/vc_column][vc_column width=\u00a0\u00bb1\/3&Prime;][\/vc_column][\/vc_row][vc_row type=\u00a0\u00bbfull_width_section\u00a0\u00bb][vc_column width=\u00a0\u00bb1\/3&Prime;][\/vc_column][vc_column width=\u00a0\u00bb1\/3&Prime;][\/vc_column][vc_column width=\u00a0\u00bb1\/3&Prime;][\/vc_column][\/vc_row][vc_row bg_color=\u00a0\u00bb#00a7e0&Prime; top_padding=\u00a0\u00bb30&Prime;][vc_column width=\u00a0\u00bb1\/1&Prime;][vc_raw_html]JTNDZGl2JTNFJTBBJTIwJTIwJTIwJTIwJTIwJTIwJTNDZGl2JTNFJTBBJTIwJTIwJTIwJTIwJTIwJTIwJTIwJTIwJTNDaDElMjBzdHlsZSUzRCUyMmZvbnQtZmFtaWx5JTNBJTI3TW9udHNlcnJhdCUyNyUyQ0FyaWFsJTJDSGVsdmV0aWNhJTJDc2Fucy1zZXJpZiUzQiUyMHRleHQtYWxpZ24lM0FjZW50ZXIlM0IlMjBjb2xvciUzQXdoaXRlJTNCJTIyJTNFUkVKT0lHTkVaJTIwTk9UUkUlMjBORVdTTEVUVEVSJTNDJTJGaDElM0UlMEElMjAlMjAlMjAlMjAlMjAlMjAlMjAlMjAlM0NwJTIwc3R5bGUlM0QlMjJmb250LWZhbWlseSUzQSUyN01vbnRzZXJyYXQlMjclMkNBcmlhbCUyQ0hlbHZldGljYSUyQ3NhbnMtc2VyaWYlM0IlMjB0ZXh0LWFsaWduJTNBY2VudGVyJTNCJTIwY29sb3IlM0F3aGl0ZSUzQiUyMiUzRVNveWV6JTIwYXUlMjBjb3VyYW50JTIwZGVzJTIwbm91dmVhdXQlQzMlQTlzJTIwYXZhbnQlMjB0b3V0JTIwbGUlMjBtb25kZSUyQyUyMGQlQzMlQTljb3V2cmV6JTIwbGVzJTIwbm91dmVhdXglMjAlQzMlQTl2JUMzJUE5bmVtZW50cyUyMGV0JTIwYmllbiUyMHBsdXMlMjBlbmNvcmUlM0MlMkZwJTNFJTBBJTIwJTIwJTIwJTIwJTIwJTIwJTNDJTJGZGl2JTNFJTBBJTIwJTIwJTIwJTIwJTNDJTJGZGl2JTNF[\/vc_raw_html][\/vc_column][\/vc_row][vc_row bg_color=\u00a0\u00bb#00a7e0&Prime; bottom_padding=\u00a0\u00bb15&Prime;][vc_column width=\u00a0\u00bb1\/1&Prime;][vc_raw_html el_class=\u00a0\u00bbpopmake-17165&Prime;]JTNDZGl2JTNFJTBBJTIwJTIwJTIwJTIwJTIwJTIwJTIwJTIwJTNDZGl2JTIwc3R5bGUlM0QlMjJtYXJnaW4tdG9wJTNBMjBweCUzQiUyMHRleHQtYWxpZ24lM0FjZW50ZXIlM0IlMjIlM0UlMEElMjAlMjAlMjAlMjAlMjAlMjAlMjAlMjAlMjAlMjAlM0NidXR0b24lMjBzdHlsZSUzRCUyMndpZHRoJTNBNTAlMjUlM0IlMjBwYWRkaW5nJTNBMTVweCUyMDIwcHglM0IlMjBib3JkZXItcmFkaXVzJTNBMjVweCUzQiUyMGJhY2tncm91bmQtY29sb3IlM0F3aGl0ZSUzQiUyMGNvbG9yJTNBJTIzMDBhN2UwJTNCJTIwZm9udC13ZWlnaHQlM0Fib2xkJTNCJTIwYm9yZGVyJTNBMXB4JTIwc29saWQlMjB3aGl0ZSUzQiUyMiUyMHR5cGUlM0QlMjJidXR0b24lMjIlM0VTJTI3QUJPTk5FUiUzQyUyRmJ1dHRvbiUzRSUwQSUyMCUyMCUyMCUyMCUyMCUyMCUyMCUyMCUzQyUyRmRpdiUzRSUwQSUyMCUyMCUyMCUyMCUyMCUyMCUzQyUyRmRpdiUzRQ==[\/vc_raw_html][\/vc_column][\/vc_row][vc_row][vc_column width=\u00a0\u00bb1\/1&Prime;][vc_raw_js]JTNDc2NyaXB0JTNFJTIwJTBBJTIwalF1ZXJ5JTI4ZnVuY3Rpb24lMjglMjQlMjklMjAlN0IlMEElMjAlMjAlMjAlMjQlMjglMjcud3BjZjctc2VsZWN0JTI3JTI5LnZhbCUyOCUyMiUyMiUyOSUzQiUyMCUyRiUyRiUyMHBhaXMlMjBwb3IlMjBkZWZlY3RvLiUwQSUyMCU3RCUyOSUzQiUwQSUzQyUyRnNjcmlwdCUzRQ==[\/vc_raw_js][\/vc_column][\/vc_row]<\/p>\n","protected":false},"author":1,"featured_media":0,"parent":0,"menu_order":0,"comment_status":"open","ping_status":"closed","template":"","meta":{"footnotes":""},"class_list":["post-33206","page","type-page","status-publish","hentry"],"_links":{"self":[{"href":"https:\/\/marinabadalona.cat\/fr\/wp-json\/wp\/v2\/pages\/33206","targetHints":{"allow":["GET"]}}],"collection":[{"href":"https:\/\/marinabadalona.cat\/fr\/wp-json\/wp\/v2\/pages"}],"about":[{"href":"https:\/\/marinabadalona.cat\/fr\/wp-json\/wp\/v2\/types\/page"}],"author":[{"embeddable":true,"href":"https:\/\/marinabadalona.cat\/fr\/wp-json\/wp\/v2\/users\/1"}],"replies":[{"embeddable":true,"href":"https:\/\/marinabadalona.cat\/fr\/wp-json\/wp\/v2\/comments?post=33206"}],"version-history":[{"count":2,"href":"https:\/\/marinabadalona.cat\/fr\/wp-json\/wp\/v2\/pages\/33206\/revisions"}],"predecessor-version":[{"id":37949,"href":"https:\/\/marinabadalona.cat\/fr\/wp-json\/wp\/v2\/pages\/33206\/revisions\/37949"}],"wp:attachment":[{"href":"https:\/\/marinabadalona.cat\/fr\/wp-json\/wp\/v2\/media?parent=33206"}],"curies":[{"name":"wp","href":"https:\/\/api.w.org\/{rel}","templated":true}]}}