
{"id":33239,"date":"2021-09-21T06:46:34","date_gmt":"2021-09-21T06:46:34","guid":{"rendered":"https:\/\/marinabadalona.cat\/restauracio\/"},"modified":"2024-01-19T11:00:23","modified_gmt":"2024-01-19T10:00:23","slug":"restauracio","status":"publish","type":"page","link":"https:\/\/marinabadalona.cat\/fr\/restauracio\/","title":{"rendered":"RESTAURATION"},"content":{"rendered":"<div class=\"wpb-content-wrapper\"><p>[vc_row type=\u00a0\u00bbfull_width_section\u00a0\u00bb][vc_column width=\u00a0\u00bb1\/1&Prime;]\n\t\t\t<!-- START SLIDE RESTAURACION REVOLUTION SLIDER 6.7.34 --><p class=\"rs-p-wp-fix\"><\/p>\n\t\t\t<rs-module-wrap id=\"rev_slider_22_1_wrapper\" data-source=\"gallery\" style=\"visibility:hidden;background:#f0f0f0;padding:0;margin:0px auto;margin-top:0;margin-bottom:0;\">\n\t\t\t\t<rs-module id=\"rev_slider_22_1\" style=\"\" data-version=\"6.7.34\">\n\t\t\t\t\t<rs-slides style=\"overflow: hidden; position: absolute;\">\n\t\t\t\t\t\t<rs-slide style=\"position: absolute;\" data-key=\"rs-115\" data-title=\"Amigos exterior\" data-thumb=\"\/\/marinabadalona.cat\/wp-content\/uploads\/2021\/12\/Carrusel-1-100x50.jpg\" data-anim=\"adpr:false;\" data-in=\"o:0;col:400;\" data-out=\"a:false;\">\n\t\t\t\t\t\t\t<img decoding=\"async\" src=\"\/\/marinabadalona.cat\/wp-content\/plugins\/revslider\/sr6\/assets\/assets\/dummy.png\" alt=\"\" title=\"Carrusel-1\" width=\"1920\" height=\"1080\" class=\"rev-slidebg tp-rs-img rs-lazyload\" data-lazyload=\"\/\/marinabadalona.cat\/wp-content\/uploads\/2021\/12\/Carrusel-1.jpg\" data-parallax=\"1\" data-no-retina>\n<!--\n\t\t\t\t\t\t\t--><rs-layer\n\t\t\t\t\t\t\t\tid=\"slider-22-slide-115-layer-1\" \n\t\t\t\t\t\t\t\tclass=\"mintibolddark\"\n\t\t\t\t\t\t\t\tdata-type=\"text\"\n\t\t\t\t\t\t\t\tdata-color=\"#ffffff\"\n\t\t\t\t\t\t\t\tdata-tsh=\"c:rgba(12,12,12,0.37);h:5px;v:5px;b:5px;\"\n\t\t\t\t\t\t\t\tdata-rsp_ch=\"on\"\n\t\t\t\t\t\t\t\tdata-xy=\"x:c;xo:2px;y:c;yo:-68px;\"\n\t\t\t\t\t\t\t\tdata-text=\"s:64;l:65;fw:700;a:center;\"\n\t\t\t\t\t\t\t\tdata-frame_1=\"e:power3.out;st:300;\"\n\t\t\t\t\t\t\t\tdata-frame_999=\"st:8400;auto:true;\"\n\t\t\t\t\t\t\t\tstyle=\"z-index:6;font-family:'Montserrat';\"\n\t\t\t\t\t\t\t>A RENDEZVOUS POINT EN PLEIN AIR, <\/br> AU BORD DE LA MER. \n\t\t\t\t\t\t\t<\/rs-layer><!--\n-->\t\t\t\t\t<\/rs-slide>\n\t\t\t\t\t\t<rs-slide style=\"position: absolute;\" data-key=\"rs-116\" data-title=\"Terraza exterior\" data-thumb=\"\/\/marinabadalona.cat\/wp-content\/uploads\/2021\/12\/Carrusel-2-100x50.jpg\" data-anim=\"adpr:false;\" data-in=\"o:0;col:400;\" data-out=\"a:false;\">\n\t\t\t\t\t\t\t<img decoding=\"async\" src=\"\/\/marinabadalona.cat\/wp-content\/plugins\/revslider\/sr6\/assets\/assets\/dummy.png\" alt=\"\" title=\"Carrusel-2\" width=\"1920\" height=\"1080\" class=\"rev-slidebg tp-rs-img rs-lazyload\" data-lazyload=\"\/\/marinabadalona.cat\/wp-content\/uploads\/2021\/12\/Carrusel-2.jpg\" data-parallax=\"1\" data-no-retina>\n<!--\n\t\t\t\t\t\t\t--><rs-layer\n\t\t\t\t\t\t\t\tid=\"slider-22-slide-116-layer-1\" \n\t\t\t\t\t\t\t\tclass=\"mintibolddark\"\n\t\t\t\t\t\t\t\tdata-type=\"text\"\n\t\t\t\t\t\t\t\tdata-color=\"#ffffff\"\n\t\t\t\t\t\t\t\tdata-tsh=\"c:rgba(12,12,12,0.37);h:5px;v:5px;b:5px;\"\n\t\t\t\t\t\t\t\tdata-rsp_ch=\"on\"\n\t\t\t\t\t\t\t\tdata-xy=\"x:c;xo:10px;y:c;yo:-64px;\"\n\t\t\t\t\t\t\t\tdata-text=\"s:55;l:65;fw:700;a:center;\"\n\t\t\t\t\t\t\t\tdata-frame_1=\"e:power3.out;st:300;\"\n\t\t\t\t\t\t\t\tdata-frame_999=\"st:8400;auto:true;\"\n\t\t\t\t\t\t\t\tstyle=\"z-index:6;font-family:'Montserrat';\"\n\t\t\t\t\t\t\t>LA MEILLEURE D\u00c9CORATION : <\/br>LA GAMME COMPL\u00c8TE DU BLUES \n\t\t\t\t\t\t\t<\/rs-layer><!--\n-->\t\t\t\t\t<\/rs-slide>\n\t\t\t\t\t\t<rs-slide style=\"position: absolute;\" data-key=\"rs-117\" data-title=\"Terraza\" data-thumb=\"\/\/marinabadalona.cat\/wp-content\/uploads\/2021\/12\/restauracio_llums-100x50.jpg\" data-anim=\"adpr:false;\" data-in=\"o:0;col:400;\" data-out=\"a:false;\">\n\t\t\t\t\t\t\t<img decoding=\"async\" src=\"\/\/marinabadalona.cat\/wp-content\/plugins\/revslider\/sr6\/assets\/assets\/dummy.png\" alt=\"\" title=\"restauracio_llums\" width=\"1920\" height=\"1080\" class=\"rev-slidebg tp-rs-img rs-lazyload\" data-lazyload=\"\/\/marinabadalona.cat\/wp-content\/uploads\/2021\/12\/restauracio_llums.jpg\" data-parallax=\"1\" data-no-retina>\n<!--\n\t\t\t\t\t\t\t--><rs-layer\n\t\t\t\t\t\t\t\tid=\"slider-22-slide-117-layer-1\" \n\t\t\t\t\t\t\t\tclass=\"mintibolddark\"\n\t\t\t\t\t\t\t\tdata-type=\"text\"\n\t\t\t\t\t\t\t\tdata-color=\"#ffffff\"\n\t\t\t\t\t\t\t\tdata-tsh=\"c:rgba(12,12,12,0.37);h:5px;v:5px;b:5px;\"\n\t\t\t\t\t\t\t\tdata-rsp_ch=\"on\"\n\t\t\t\t\t\t\t\tdata-xy=\"x:c;xo:6px;y:c;yo:-157px;\"\n\t\t\t\t\t\t\t\tdata-text=\"s:64;fw:700;a:center;\"\n\t\t\t\t\t\t\t\tdata-dim=\"h:98px;\"\n\t\t\t\t\t\t\t\tdata-frame_1=\"e:power3.out;st:300;\"\n\t\t\t\t\t\t\t\tdata-frame_999=\"st:8400;auto:true;\"\n\t\t\t\t\t\t\t\tstyle=\"z-index:6;font-family:'Montserrat';\"\n\t\t\t\t\t\t\t>DES ESPACES EXCEPTIONNELS <\/br> <\/br><\/br>POUR LES C\u00c9L\u00c9BRATIONS \n\t\t\t\t\t\t\t<\/rs-layer><!--\n-->\t\t\t\t\t<\/rs-slide>\n\t\t\t\t\t\t<rs-slide style=\"position: absolute;\" data-key=\"rs-118\" data-title=\"Cocktel\" data-thumb=\"\/\/marinabadalona.cat\/wp-content\/uploads\/2021\/12\/Carrusel-3-100x50.jpg\" data-anim=\"adpr:false;\" data-in=\"o:0;col:400;\" data-out=\"a:false;\">\n\t\t\t\t\t\t\t<img decoding=\"async\" src=\"\/\/marinabadalona.cat\/wp-content\/plugins\/revslider\/sr6\/assets\/assets\/dummy.png\" alt=\"\" title=\"Carrusel-3\" width=\"1920\" height=\"1080\" class=\"rev-slidebg tp-rs-img rs-lazyload\" data-lazyload=\"\/\/marinabadalona.cat\/wp-content\/uploads\/2021\/12\/Carrusel-3.jpg\" data-parallax=\"1\" data-no-retina>\n<!--\n\t\t\t\t\t\t\t--><rs-layer\n\t\t\t\t\t\t\t\tid=\"slider-22-slide-118-layer-1\" \n\t\t\t\t\t\t\t\tclass=\"mintibolddark\"\n\t\t\t\t\t\t\t\tdata-type=\"text\"\n\t\t\t\t\t\t\t\tdata-color=\"#ffffff\"\n\t\t\t\t\t\t\t\tdata-tsh=\"c:rgba(12,12,12,0.37);h:5px;v:5px;b:5px;\"\n\t\t\t\t\t\t\t\tdata-rsp_ch=\"on\"\n\t\t\t\t\t\t\t\tdata-xy=\"x:c;xo:-13px;y:c;yo:-153px;\"\n\t\t\t\t\t\t\t\tdata-text=\"s:64;fw:700;a:center;\"\n\t\t\t\t\t\t\t\tdata-frame_1=\"e:power3.out;st:300;\"\n\t\t\t\t\t\t\t\tdata-frame_999=\"st:8400;auto:true;\"\n\t\t\t\t\t\t\t\tstyle=\"z-index:6;font-family:'Montserrat';\"\n\t\t\t\t\t\t\t>LES MEILLEURS PROFESSIONNELS <\/br> <\/br><\/br>DANS UN EMPLACEMENT IMBATTABLE \n\t\t\t\t\t\t\t<\/rs-layer><!--\n-->\t\t\t\t\t<\/rs-slide>\n\t\t\t\t\t<\/rs-slides>\n\t\t\t\t<\/rs-module>\n\t\t\t\t<script>\n\t\t\t\t\tsetREVStartSize({c: 'rev_slider_22_1',rl:[1240,1024,778,480],el:[890],gw:[1160],gh:[890],type:'standard',justify:'',layout:'fullwidth',mh:\"890\"});if (window.RS_MODULES!==undefined && window.RS_MODULES.modules!==undefined && window.RS_MODULES.modules[\"revslider221\"]!==undefined) {window.RS_MODULES.modules[\"revslider221\"].once = false;window.revapi22 = undefined;if (window.RS_MODULES.checkMinimal!==undefined) window.RS_MODULES.checkMinimal()}\n\t\t\t\t<\/script>\n\t\t\t<\/rs-module-wrap>\n\t\t\t<!-- END REVOLUTION SLIDER -->\n[\/vc_column][\/vc_row][vc_row top_padding=\u00a0\u00bb100&Prime; bottom_padding=\u00a0\u00bb80&Prime;][vc_column width=\u00a0\u00bb1\/1&Prime;]<h1 class=\"headline font-special fontsize-xxl fontweight-500 lh-inherit align-center transform-inherit no-transform\" style=\"margin: 0 0 20px 0; color: #222222;\">RESTAURATION<\/h1><div class=\"headline font-special fontsize-l fontweight-400 lh-inherit align-center transform-inherit no-transform\" style=\"margin: 0 15%;\">LE PORT DE BADALONA A UNE OFFRE DE RESTAURANTS POUR TOUS LES GO\u00dbTS ET OCCASIONS, DIFF\u00c9RENTS ENVIRONNEMENTS, MENUS POUR LES C\u00c9L\u00c9BRATIONS DE GROUPES ET D\u2019ENTREPRISES<\/div>[\/vc_column][\/vc_row][vc_row type=\u00a0\u00bbfull_width_section\u00a0\u00bb][vc_column width=\u00a0\u00bb1\/1&Prime;]<div class=\"divider divider1\" style='margin:0 !important;'><\/div>[\/vc_column][\/vc_row][vc_row type=\u00a0\u00bbfull_width_section\u00a0\u00bb][vc_column bg_color=\u00a0\u00bb#222222&Prime; column_padding=\u00a0\u00bbpadding-7&Prime; text_color=\u00a0\u00bblight\u00a0\u00bb width=\u00a0\u00bb1\/2&Prime;]<h2 class=\"headline font-special fontsize-xxxl fontweight-700 lh-inherit align-left transform-uppercase \" style=\"margin: 0 0 0 0;\">SANT ANASTASI<\/h2><div class=\"divider divider5\" style='margin:10px 0 25px 0 !important;'><\/div>[vc_column_text]<\/p>\n<h3><strong>Cuisine \u00e9labor\u00e9e. Riz. Poisson.<\/strong><\/h3>\n<p><strong><i class=\"fa fa-map-marker minti-icon\" style=\"color:#ffffff !important; font-size: 20px; margin: 0px 0px 0px 0px\"><\/i> Emplacement:<\/strong> Port de plaisance et de p\u00eache de Badalona.<br \/>\nQuai Nord. Locaux 5, 6 et 7. 08912 BADALONA.<\/p>\n<hr \/>\n<p><strong><i class=\"fa fa-clock-o minti-icon\" style=\"color:#ffffff !important; font-size: 20px; margin: 0px 0px 0px 0px\"><\/i> Horaires: <\/strong> lundi, mardi et mercredi de 13h \u00e0 17h.<\/p>\n<p>Jeudi et vendredi de 13h \u00e0 17h et de 20h30 \u00e0 00h,<\/p>\n<p>Le samedi de 13h \u00e0 17h et de 21h30 \u00e0 13h30<\/p>\n<p>et le dimanche de 13h00 \u00e0 20h30.<\/p>\n<hr \/>\n<p><strong><i class=\"fa fa-phone minti-icon\" style=\"color:#ffffff !important; font-size: 20px; margin: 0px 0px 0px 0px\"><\/i> Num\u00e9ro de t\u00e9l\u00e9phone de r\u00e9servation: <\/strong>93 398 73 26<\/p>\n<hr \/>\n<p><b><strong><i class=\"fa fa-envelope minti-icon\" style=\"color:#ffffff !important; font-size: 20px; margin: 0px 0px 0px 0px\"><\/i> Courriel:<\/strong><\/b>\u00a0<a style=\"font-weight: bold;\" href=\"mailto:st.anastasi@hotmail.com\" target=\"_blank\" rel=\"noopener\">st.anastasi@hotmail.com<\/a><\/p>\n<hr \/>\n<p><b><strong><i class=\"fa fa-hand-o-right minti-icon\" style=\"color:#ffffff !important; font-size: 20px; margin: 0px 0px 0px 0px\"><\/i> <\/strong><\/b><strong>Web:<\/strong> <a style=\"font-weight: bold;\" href=\"http:\/\/www.stanastasi.com\/\" target=\"_blank\" rel=\"noopener\">www.stanastasi.com<\/a><\/p>\n<hr \/>\n<p>[\/vc_column_text][\/vc_column][vc_column bg_image=\u00a0\u00bb19859&Prime; column_padding=\u00a0\u00bbpadding-5&Prime; column_center=\u00a0\u00bbtrue\u00a0\u00bb width=\u00a0\u00bb1\/2&Prime;]<div class=\"spacer\" style=\"height: 250px;\"><\/div>[\/vc_column][\/vc_row][vc_row type=\u00a0\u00bbfull_width_section\u00a0\u00bb][vc_column bg_image=\u00a0\u00bb19862&Prime; column_padding=\u00a0\u00bbpadding-5&Prime; column_center=\u00a0\u00bbtrue\u00a0\u00bb width=\u00a0\u00bb1\/2&Prime;]<div class=\"spacer\" style=\"height: 250px;\"><\/div>[\/vc_column][vc_column bg_color=\u00a0\u00bb#f9f9f9&Prime; column_padding=\u00a0\u00bbpadding-7&Prime; width=\u00a0\u00bb1\/2&Prime;]<h2 class=\"headline font-special fontsize-xxxl fontweight-700 lh-inherit align-left transform-uppercase \" style=\"margin: 0 0 0 0;\">FUSION GRILL<\/h2><div class=\"divider divider5\" style='margin:10px 0 25px 0 !important;'><\/div>[vc_column_text]<\/p>\n<h3>Cuisine \u00e0 charbon et barbecue. Sp\u00e9cialit\u00e9 de viande : entrec\u00f4te, entrailles, aiguillon.<br \/>\nTapas. Sandwichs. Ap\u00e9ritifs. Menu du jour. F\u00eates et groupes.<br \/>\nLe soir, cocktails sp\u00e9cialis\u00e9s dans les gins.<\/h3>\n<hr \/>\n<p><strong><i class=\"fa fa-map-marker minti-icon\" style=\"color:#77777 !important; font-size: 20px; margin: 0px 0px 0px 0px\"><\/i> Emplacement:<\/strong>\u00a0Port de plaisance et de p\u00eache de Badalona.<\/p>\n<p>Quai Nord. Locaux 9 et 10. 08912 BADALONA.<\/p>\n<hr \/>\n<p><strong><i class=\"fa fa-clock-o minti-icon\" style=\"color:#77777 !important; font-size: 20px; margin: 0px 0px 0px 0px\"><\/i> Horaires:<\/strong>\u00a0du lundi au dimanche, de 8h30 jusqu&rsquo;\u00e0 la fermeture.<br \/>\nSamedi soir jusqu&rsquo;\u00e0 15h<\/p>\n<hr \/>\n<p><strong><b><i class=\"fa fa-envelope minti-icon\" style=\"color:#77777 !important; font-size: 20px; margin: 0px 0px 0px 0px\"><\/i> R\u00e9servations t\u00e9l\u00e9phoniques:<\/b><\/strong>\u00a0693670930<\/p>\n<hr \/>\n<p><b><strong><i class=\"fa fa-hand-o-right minti-icon\" style=\"color:#77777 !important; font-size: 20px; margin: 0px 0px 0px 0px\"><\/i> <\/strong><\/b><strong>Courriel:<\/strong> <a style=\"font-weight: bold;\" href=\"mailto:fusiongrillbdn@gmail.com\">fusiongrillbdn@gmail.com<\/a><\/p>\n<hr \/>\n<p>[\/vc_column_text][\/vc_column][\/vc_row][vc_row type=\u00a0\u00bbfull_width_section\u00a0\u00bb][vc_column bg_color=\u00a0\u00bb#000000&Prime; column_padding=\u00a0\u00bbpadding-7&Prime; text_color=\u00a0\u00bblight\u00a0\u00bb width=\u00a0\u00bb1\/2&Prime;]<h2 class=\"headline font-special fontsize-xxxl fontweight-700 lh-inherit align-left transform-uppercase \" style=\"margin: 0 0 0 0;\">PIZZERIA EL DOGE<\/h2><div class=\"divider divider5\" style='margin:10px 0 25px 0 !important;'><\/div>[vc_column_text]<\/p>\n<h3>P\u00e2tes fra\u00eeches italiennes, pizzas, four \u00e0 bois et desserts maison.<br \/>\nMenu du jour et groupes.<\/h3>\n<p><strong><i class=\"fa fa-map-marker minti-icon\" style=\"color:#77777 !important; font-size: 20px; margin: 0px 0px 0px 0px\"><\/i> Localisation<\/strong>: Marina et Port de P\u00eache. Quai Nord. Locale 16\/17<\/p>\n<hr \/>\n<p><strong><i class=\"fa fa-clock-o minti-icon\" style=\"color:#77777 !important; font-size: 20px; margin: 0px 0px 0px 0px\"><\/i> Horaires<\/strong>: du lundi au dimanche de 10h \u00e0 minuit<\/p>\n<hr \/>\n<p><strong><i class=\"fa fa-envelope minti-icon\" style=\"color:#77777 !important; font-size: 20px; margin: 0px 0px 0px 0px\"><\/i> R\u00e9servations t\u00e9l\u00e9phoniques:<\/strong> 934600077<\/p>\n<hr \/>\n<p><b><i class=\"fa fa-hand-o-right minti-icon\" style=\"color:#77777 !important; font-size: 20px; margin: 0px 0px 0px 0px\"><\/i> Courriel: <\/b><a style=\"font-weight: bold;\" href=\"mailto:eldogepizzeria@gmail.com\">eldogepizzeria@gmail.com<\/a>[\/vc_column_text][\/vc_column][vc_column bg_image=\u00a0\u00bb19856&Prime; column_padding=\u00a0\u00bbpadding-5&Prime; column_center=\u00a0\u00bbtrue\u00a0\u00bb width=\u00a0\u00bb1\/2&Prime;]<div class=\"spacer\" style=\"height: 250px;\"><\/div>[\/vc_column][\/vc_row][vc_row type=\u00a0\u00bbfull_width_section\u00a0\u00bb][vc_column bg_image=\u00a0\u00bb19880&Prime; column_padding=\u00a0\u00bbpadding-5&Prime; column_center=\u00a0\u00bbtrue\u00a0\u00bb width=\u00a0\u00bb1\/2&Prime;]<div class=\"spacer\" style=\"height: 250px;\"><\/div>[\/vc_column][vc_column bg_color=\u00a0\u00bb#ffffff\u00a0\u00bb column_padding=\u00a0\u00bbpadding-7&Prime; width=\u00a0\u00bb1\/2&Prime;]<h2 class=\"headline font-special fontsize-xxxl fontweight-700 lh-inherit align-left transform-uppercase \" style=\"margin: 0 0 0 0;\">VIA BAETULO<\/h2><div class=\"divider divider5\" style='margin:10px 0 25px 0 !important;'><\/div>[vc_column_text]<\/p>\n<h3>Cuisine de march\u00e9 et m\u00e9diterran\u00e9enne avec la touche de notre chef Alejandro Donato.<br \/>\nSe distinguant par l&rsquo;absence de carte fixe, il propose une carte unique qui varie selon les march\u00e9s. Menus du jour. Menus du samedi et du dimanche avec suggestions. Musique ambiante. Coupe Cocktail, Ambiance la nuit.<\/h3>\n<hr \/>\n<p><strong><i class=\"fa fa-map-marker minti-icon\" style=\"color:#77777 !important; font-size: 17px; margin: 0px 0px 0px 0px\"><\/i> Emplacement<\/strong>: Port de plaisance et de p\u00eache de Badalona.<\/p>\n<p>Quai Nord. Section locale 14. Badalona.<\/p>\n<hr \/>\n<p><strong><i class=\"fa fa-clock-o minti-icon\" style=\"color:#77777 !important; font-size: 17px; margin: 0px 0px 0px 0px\"><\/i> Horaires:<\/strong> du lundi au dimanche de 9h00 \u00e0 11h30 et de 13h00 \u00e0 16h00.<br \/>\nVendredi et samedi de 21h30 \u00e0 2h.<\/p>\n<hr \/>\n<p><strong><i class=\"fa fa-phone minti-icon\" style=\"color:#77777 !important; font-size: 17px; margin: 0px 0px 0px 0px\"><\/i> R\u00e9servations t\u00e9l\u00e9phoniques:<\/strong> 630323592<\/p>\n<hr \/>\n<p><b><i class=\"fa fa-envelope minti-icon\" style=\"color:#77777 !important; font-size: 17px; margin: 0px 0px 0px 0px\"><\/i> Courriel: <\/b>viabaetulo@gmail.com<\/p>\n<hr \/>\n<p><b><i class=\"fa fa-hand-o-right minti-icon\" style=\"color:#77777 !important; font-size: 17px; margin: 0px 0px 0px 0px\"><\/i> Web: <\/b><a style=\"font-weight: bold;\" href=\"https:\/\/www.facebook.com\/Viabaetulo\/\" target=\"_blank\" rel=\"noopener\">https:\/\/www.facebook.com\/Viabaetulo\/<\/a>[\/vc_column_text][\/vc_column][\/vc_row][vc_row type=\u00a0\u00bbfull_width_section\u00a0\u00bb][vc_column bg_color=\u00a0\u00bb#000000&Prime; column_padding=\u00a0\u00bbpadding-7&Prime; text_color=\u00a0\u00bblight\u00a0\u00bb width=\u00a0\u00bb1\/2&Prime;]<h2 class=\"headline font-special fontsize-xxxl fontweight-700 lh-inherit align-left transform-uppercase \" style=\"margin: 0 0 0 0;\">PANDOK<\/h2><div class=\"divider divider5\" style='margin:10px 0 25px 0 !important;'><\/div>[vc_column_text]<\/p>\n<div>\n<h3>Brasserie. Sp\u00e9cialit\u00e9s arm\u00e9niennes.<\/h3>\n<\/div>\n<hr \/>\n<p><strong><i class=\"fa fa-map-marker minti-icon\" style=\"color:#77777 !important; font-size: 20px; margin: 0px 0px 0px 0px\"><\/i> Emplacement: <\/strong> Port de plaisance et de p\u00eache de Badalona.<br \/>\nQuai Nord. Locaux 20 et 21. 08912 BADALONA.<\/p>\n<hr \/>\n<p><strong><i class=\"fa fa-clock-o minti-icon\" style=\"color:#77777 !important; font-size: 20px; margin: 0px 0px 0px 0px\"><\/i> Horaires:<\/strong> du mardi au dimanche.<br \/>\nDe 13h \u00e0 16h et de 20h \u00e0 la fermeture.<\/p>\n<hr \/>\n<p><strong><i class=\"fa fa-envelope minti-icon\" style=\"color:#77777 !important; font-size: 20px; margin: 0px 0px 0px 0px\"><\/i> R\u00e9servations par t\u00e9l\u00e9phone:<\/strong> 722 576 449<\/p>\n<hr \/>\n<p><b><i class=\"fa fa-hand-o-right minti-icon\" style=\"color:#77777 !important; font-size: 20px; margin: 0px 0px 0px 0px\"><\/i> Courriel: <\/b><a style=\"font-weight: bold;\" href=\"mailto:pandokbraseria@gmail.com\">pandokbraseria@gmail.com<\/a>[\/vc_column_text][\/vc_column][vc_column bg_image=\u00a0\u00bb19855&Prime; column_padding=\u00a0\u00bbpadding-5&Prime; column_center=\u00a0\u00bbtrue\u00a0\u00bb width=\u00a0\u00bb1\/2&Prime;]<div class=\"spacer\" style=\"height: 250px;\"><\/div>[\/vc_column][\/vc_row][vc_row type=\u00a0\u00bbfull_width_section\u00a0\u00bb][vc_column bg_color=\u00a0\u00bb#f9f9f9&Prime; bg_image=\u00a0\u00bb19854&Prime; column_padding=\u00a0\u00bbpadding-7&Prime; width=\u00a0\u00bb1\/2&Prime;]<div class=\"spacer\" style=\"height: 250px;\"><\/div>[\/vc_column][vc_column bg_color=\u00a0\u00bb#ffffff\u00a0\u00bb column_padding=\u00a0\u00bbpadding-5&Prime; column_center=\u00a0\u00bbtrue\u00a0\u00bb width=\u00a0\u00bb1\/2&Prime;]<h2 class=\"headline font-special fontsize-xxxl fontweight-700 lh-inherit align-left transform-uppercase \" style=\"margin: 0 0 0 0;\">MARINA PALACE<\/h2><div class=\"divider divider5\" style='margin:10px 0 25px 0 !important;'><\/div>[vc_column_text]<\/p>\n<h3><strong>Palais de la Marine. Sp\u00e9cialit\u00e9 en cuisine chinoise.<\/strong><\/h3>\n<hr \/>\n<p><strong><i class=\"fa fa-map-marker minti-icon\" style=\"color:#77777 !important; font-size: 20px; margin: 0px 0px 0px 0px\"><\/i> Emplacement: <\/strong>Port de plaisance et de p\u00eache de Badalona.<br \/>\nQuai du Capitaine.<\/p>\n<hr \/>\n<p><strong><i class=\"fa fa-clock-o minti-icon\" style=\"color:#77777 !important; font-size: 20px; margin: 0px 0px 0px 0px\"><\/i> Horaires: <\/strong>du lundi au dimanche. de 12h00 \u00e0 16h30<br \/>\net de 19h00 \u00e0 00h00<\/p>\n<hr \/>\n<p><strong><i class=\"fa fa-envelope minti-icon\" style=\"color:#77777 !important; font-size: 20px; margin: 0px 0px 0px 0px\"><\/i>R\u00e9servations t\u00e9l\u00e9phoniques: <\/strong>933207623<\/p>\n<hr \/>\n<p><b><i class=\"fa fa-hand-o-right minti-icon\" style=\"color:#77777 !important; font-size: 20px; margin: 0px 0px 0px 0px\"><\/i> Courriel: <a href=\"mailto:852283361@qq.com\">852283361@qq.com<\/a><\/b>[\/vc_column_text][\/vc_column][\/vc_row]<\/p>\n<\/div>","protected":false},"excerpt":{"rendered":"<p>[vc_row type=\u00a0\u00bbfull_width_section\u00a0\u00bb][vc_column width=\u00a0\u00bb1\/1&Prime;][\/vc_column][\/vc_row][vc_row top_padding=\u00a0\u00bb100&Prime; bottom_padding=\u00a0\u00bb80&Prime;][vc_column width=\u00a0\u00bb1\/1&Prime;][\/vc_column][\/vc_row][vc_row type=\u00a0\u00bbfull_width_section\u00a0\u00bb][vc_column width=\u00a0\u00bb1\/1&Prime;][\/vc_column][\/vc_row][vc_row type=\u00a0\u00bbfull_width_section\u00a0\u00bb][vc_column bg_color=\u00a0\u00bb#222222&Prime; column_padding=\u00a0\u00bbpadding-7&Prime; text_color=\u00a0\u00bblight\u00a0\u00bb width=\u00a0\u00bb1\/2&Prime;][vc_column_text] Cuisine \u00e9labor\u00e9e. Riz. Poisson. Emplacement: Port de plaisance et de p\u00eache de Badalona. Quai Nord. Locaux 5, 6 et 7. 08912 BADALONA. Horaires: lundi, mardi et mercredi de 13h \u00e0 17h. Jeudi et vendredi de 13h \u00e0 17h et de 20h30 \u00e0 00h, Le samedi de 13h \u00e0 17h et de 21h30 \u00e0 13h30 et le dimanche de 13h00 \u00e0 20h30. Num\u00e9ro de t\u00e9l\u00e9phone de r\u00e9servation: 93 398 73 26 Courriel:\u00a0st.anastasi@hotmail.com Web: www.stanastasi.com [\/vc_column_text][\/vc_column][vc_column bg_image=\u00a0\u00bb19859&Prime; column_padding=\u00a0\u00bbpadding-5&Prime; column_center=\u00a0\u00bbtrue\u00a0\u00bb width=\u00a0\u00bb1\/2&Prime;][\/vc_column][\/vc_row][vc_row type=\u00a0\u00bbfull_width_section\u00a0\u00bb][vc_column bg_image=\u00a0\u00bb19862&Prime; column_padding=\u00a0\u00bbpadding-5&Prime; column_center=\u00a0\u00bbtrue\u00a0\u00bb width=\u00a0\u00bb1\/2&Prime;][\/vc_column][vc_column bg_color=\u00a0\u00bb#f9f9f9&Prime; column_padding=\u00a0\u00bbpadding-7&Prime; width=\u00a0\u00bb1\/2&Prime;][vc_column_text] Cuisine \u00e0 charbon et barbecue. Sp\u00e9cialit\u00e9 de viande : entrec\u00f4te, entrailles, aiguillon. Tapas. Sandwichs. Ap\u00e9ritifs. Menu du jour. F\u00eates et groupes. Le soir, cocktails sp\u00e9cialis\u00e9s dans les gins. Emplacement:\u00a0Port de plaisance et de p\u00eache de Badalona. Quai Nord. Locaux 9 et 10. 08912 BADALONA. Horaires:\u00a0du lundi au dimanche, de 8h30 jusqu&rsquo;\u00e0 la fermeture. Samedi soir jusqu&rsquo;\u00e0 15h R\u00e9servations t\u00e9l\u00e9phoniques:\u00a0693670930 Courriel: fusiongrillbdn@gmail.com [\/vc_column_text][\/vc_column][\/vc_row][vc_row type=\u00a0\u00bbfull_width_section\u00a0\u00bb][vc_column bg_color=\u00a0\u00bb#000000&Prime; column_padding=\u00a0\u00bbpadding-7&Prime; text_color=\u00a0\u00bblight\u00a0\u00bb width=\u00a0\u00bb1\/2&Prime;][vc_column_text] P\u00e2tes fra\u00eeches italiennes, pizzas, four \u00e0 bois et desserts maison. Menu du jour et groupes. Localisation: Marina et Port de P\u00eache. Quai Nord. Locale 16\/17 Horaires: du lundi au dimanche de 10h \u00e0 minuit [&hellip;]<\/p>\n","protected":false},"author":1,"featured_media":0,"parent":0,"menu_order":0,"comment_status":"closed","ping_status":"closed","template":"","meta":{"footnotes":""},"class_list":["post-33239","page","type-page","status-publish","hentry"],"_links":{"self":[{"href":"https:\/\/marinabadalona.cat\/fr\/wp-json\/wp\/v2\/pages\/33239","targetHints":{"allow":["GET"]}}],"collection":[{"href":"https:\/\/marinabadalona.cat\/fr\/wp-json\/wp\/v2\/pages"}],"about":[{"href":"https:\/\/marinabadalona.cat\/fr\/wp-json\/wp\/v2\/types\/page"}],"author":[{"embeddable":true,"href":"https:\/\/marinabadalona.cat\/fr\/wp-json\/wp\/v2\/users\/1"}],"replies":[{"embeddable":true,"href":"https:\/\/marinabadalona.cat\/fr\/wp-json\/wp\/v2\/comments?post=33239"}],"version-history":[{"count":7,"href":"https:\/\/marinabadalona.cat\/fr\/wp-json\/wp\/v2\/pages\/33239\/revisions"}],"predecessor-version":[{"id":39132,"href":"https:\/\/marinabadalona.cat\/fr\/wp-json\/wp\/v2\/pages\/33239\/revisions\/39132"}],"wp:attachment":[{"href":"https:\/\/marinabadalona.cat\/fr\/wp-json\/wp\/v2\/media?parent=33239"}],"curies":[{"name":"wp","href":"https:\/\/api.w.org\/{rel}","templated":true}]}}