
{"id":33267,"date":"2014-03-18T15:52:46","date_gmt":"2014-03-18T15:52:46","guid":{"rendered":"https:\/\/marinabadalona.cat\/contacte\/"},"modified":"2024-01-19T11:15:46","modified_gmt":"2024-01-19T10:15:46","slug":"contacte","status":"publish","type":"page","link":"https:\/\/marinabadalona.cat\/fr\/contacte\/","title":{"rendered":"CONTACTE"},"content":{"rendered":"<div class=\"wpb-content-wrapper\"><p>[vc_row bg_color=\u00a0\u00bb#f9f9f9&Prime; top_padding=\u00a0\u00bb80&Prime; bottom_padding=\u00a0\u00bb80&Prime; tablet_portrait_visibility=\u00a0\u00bbhide\u00a0\u00bb mobile_landscape_visibility=\u00a0\u00bbhide\u00a0\u00bb][vc_column width=\u00a0\u00bb1\/6&Prime;][\/vc_column][vc_column column_padding=\u00a0\u00bbpadding-1&Prime; width=\u00a0\u00bb2\/3&Prime;]\n<div class=\"wpcf7 no-js\" id=\"wpcf7-f33265-o1\" lang=\"es-ES\" dir=\"ltr\" data-wpcf7-id=\"33265\">\n<div class=\"screen-reader-response\"><p role=\"status\" aria-live=\"polite\" aria-atomic=\"true\"><\/p> <ul><\/ul><\/div>\n<form action=\"\/fr\/wp-json\/wp\/v2\/pages\/33267#wpcf7-f33265-o1\" method=\"post\" class=\"wpcf7-form init\" aria-label=\"Formulario de contacto\" novalidate=\"novalidate\" data-status=\"init\">\n<fieldset class=\"hidden-fields-container\"><input type=\"hidden\" name=\"_wpcf7\" value=\"33265\" \/><input type=\"hidden\" name=\"_wpcf7_version\" value=\"6.1.5\" \/><input type=\"hidden\" name=\"_wpcf7_locale\" value=\"es_ES\" \/><input type=\"hidden\" name=\"_wpcf7_unit_tag\" value=\"wpcf7-f33265-o1\" \/><input type=\"hidden\" name=\"_wpcf7_container_post\" value=\"0\" \/><input type=\"hidden\" name=\"_wpcf7_posted_data_hash\" value=\"\" \/><input type=\"hidden\" name=\"_wpcf7_recaptcha_response\" value=\"\" \/>\n<\/fieldset>\n<h1 class=\"formnews\" style=\"font-size:25px; font-family:'Montserrat',Arial,Helvetica,sans-serif;\">NOUS ENVOYER UN MESSAGE\n<\/h1>\n<table style=\"width:100%;\">\n\t<tr>\n\t\t<td style=\"padding: 5px;\">\n\t\t\t<p><label class=\"formnews\" style=\"font-size:15px; font-family:'Montserrat',Arial,Helvetica,sans-serif;\"> Prenom*: <\/label><span class=\"wpcf7-form-control-wrap\" data-name=\"nombre\"><input size=\"40\" maxlength=\"400\" class=\"wpcf7-form-control wpcf7-text wpcf7-validates-as-required inputFormulario\" aria-required=\"true\" aria-invalid=\"false\" value=\"\" type=\"text\" name=\"nombre\" \/><\/span>\n\t\t\t<\/p>\n\t\t<\/td>\n\t\t<td style=\"padding: 5px;\">\n\t\t\t<p><label class=\"formnews\" style=\"font-size:15px; font-family:'Montserrat',Arial,Helvetica,sans-serif;\"> Nom*: <\/label><span class=\"wpcf7-form-control-wrap\" data-name=\"apellido\"><input size=\"40\" maxlength=\"400\" class=\"wpcf7-form-control wpcf7-text wpcf7-validates-as-required inputFormulario\" aria-required=\"true\" aria-invalid=\"false\" value=\"\" type=\"text\" name=\"apellido\" \/><\/span>\n\t\t\t<\/p>\n\t\t<\/td>\n\t<\/tr>\n\t<tr>\n\t\t<td style=\"padding: 5px;\">\n\t\t\t<p><label class=\"formnews\" style=\"font-size:15px; font-family:'Montserrat',Arial,Helvetica,sans-serif;\"> T\u00e9l\u00e9phone: <\/label><span class=\"wpcf7-form-control-wrap\" data-name=\"telefono\"><input size=\"40\" maxlength=\"400\" class=\"wpcf7-form-control wpcf7-text inputFormulario\" aria-invalid=\"false\" value=\"\" type=\"text\" name=\"telefono\" \/><\/span>\n\t\t\t<\/p>\n\t\t<\/td>\n\t\t<td style=\"padding: 5px;\">\n\t\t\t<p><label class=\"formnews\" style=\"font-size:15px; font-family:'Montserrat',Arial,Helvetica,sans-serif;\"> Email* <\/label><span class=\"wpcf7-form-control-wrap\" data-name=\"correo\"><input size=\"40\" maxlength=\"400\" class=\"wpcf7-form-control wpcf7-email wpcf7-validates-as-required wpcf7-text wpcf7-validates-as-email inputFormulario\" aria-required=\"true\" aria-invalid=\"false\" value=\"\" type=\"email\" name=\"correo\" \/><\/span>\n\t\t\t<\/p>\n\t\t<\/td>\n\t<\/tr>\n\t<tr>\n\t\t<td colspan=\"2\" style=\"padding: 5px;\">\n\t\t\t<p><label class=\"formnews\" style=\"font-size:15px; font-family:'Montserrat',Arial,Helvetica,sans-serif;\"> Pays*: <\/label><span class=\"wpcf7-form-control-wrap\" data-name=\"pais\"><select class=\"wpcf7-form-control wpcf7-select wpcf7-validates-as-required\" aria-required=\"true\" aria-invalid=\"false\" name=\"pais\"><option value=\"Afganist\u00e1n\">Afganist\u00e1n<\/option><option value=\"Albania\">Albania<\/option><option value=\"Alemania\">Alemania<\/option><option value=\"Andorra\">Andorra<\/option><option value=\"Angola\">Angola<\/option><option value=\"Anguila\">Anguila<\/option><option value=\"Antarctica\">Antarctica<\/option><option value=\"Antigua and Barbuda\">Antigua and Barbuda<\/option><option value=\"Arabia Saudita\">Arabia Saudita<\/option><option value=\"Argelia\">Argelia<\/option><option value=\"Argentina\">Argentina<\/option><option value=\"Armenia\">Armenia<\/option><option value=\"Aruba\">Aruba<\/option><option value=\"Australia\">Australia<\/option><option value=\"Austria\">Austria<\/option><option value=\"Azerbay\u00e1n\">Azerbay\u00e1n<\/option><option value=\"Bahamas\">Bahamas<\/option><option value=\"Bahrein\">Bahrein<\/option><option value=\"Bangladesh\">Bangladesh<\/option><option value=\"Barbados\">Barbados<\/option><option value=\"Belice\">Belice<\/option><option value=\"Ben\u00edn\">Ben\u00edn<\/option><option value=\"Bhut\u00e1n\">Bhut\u00e1n<\/option><option value=\"Bielorrusia\">Bielorrusia<\/option><option value=\"Birmania\">Birmania<\/option><option value=\"Bolivia\">Bolivia<\/option><option value=\"Bonaire, San Eustaquio y Saba\">Bonaire, San Eustaquio y Saba<\/option><option value=\"Bosnia and Herzegovina\">Bosnia and Herzegovina<\/option><option value=\"Botsuana\">Botsuana<\/option><option value=\"Brasil\">Brasil<\/option><option value=\"Brun\u00e9i\">Brun\u00e9i<\/option><option value=\"Bulgaria\">Bulgaria<\/option><option value=\"Burkina Faso\">Burkina Faso<\/option><option value=\"Burundi\">Burundi<\/option><option value=\"B\u00e9lgica\">B\u00e9lgica<\/option><option value=\"Cabo Verde\">Cabo Verde<\/option><option value=\"Camboya\">Camboya<\/option><option value=\"Camer\u00fan\">Camer\u00fan<\/option><option value=\"Canada\">Canada<\/option><option value=\"Chad\">Chad<\/option><option value=\"Chile\">Chile<\/option><option value=\"China\">China<\/option><option value=\"Chipre\">Chipre<\/option><option value=\"Colombia\">Colombia<\/option><option value=\"Comoras\">Comoras<\/option><option value=\"Congo\">Congo<\/option><option value=\"Congo, Rep\u00fablica Democr\u00e1tica del\">Congo, Rep\u00fablica Democr\u00e1tica del<\/option><option value=\"Corea del Norte\">Corea del Norte<\/option><option value=\"Corea del Sur\">Corea del Sur<\/option><option value=\"Costa Rica\">Costa Rica<\/option><option value=\"Costa de Marfil\">Costa de Marfil<\/option><option value=\"Croacia\">Croacia<\/option><option value=\"Cuba\">Cuba<\/option><option value=\"Curazao\">Curazao<\/option><option value=\"Czechia\">Czechia<\/option><option value=\"Dinamarca\">Dinamarca<\/option><option value=\"Dominica\">Dominica<\/option><option value=\"Ecuador\">Ecuador<\/option><option value=\"Egipto\">Egipto<\/option><option value=\"El Salvador\">El Salvador<\/option><option value=\"Emiratos \u00c1rabes Unidos\">Emiratos \u00c1rabes Unidos<\/option><option value=\"Eritrea\">Eritrea<\/option><option value=\"Eslovaquia\">Eslovaquia<\/option><option value=\"Eslovenia\">Eslovenia<\/option><option value=\"Espa\u00f1a\">Espa\u00f1a<\/option><option value=\"Estonia\">Estonia<\/option><option value=\"Eswatini\">Eswatini<\/option><option value=\"Etiop\u00eda\">Etiop\u00eda<\/option><option value=\"Fiji\">Fiji<\/option><option value=\"Filipinas\">Filipinas<\/option><option value=\"Finlandia\">Finlandia<\/option><option value=\"Francia\">Francia<\/option><option value=\"Gabon\">Gabon<\/option><option value=\"Gambia\">Gambia<\/option><option value=\"Georgia\">Georgia<\/option><option value=\"Ghana\">Ghana<\/option><option value=\"Gibraltar\">Gibraltar<\/option><option value=\"Granada\">Granada<\/option><option value=\"Grecia\">Grecia<\/option><option value=\"Groenlandia\">Groenlandia<\/option><option value=\"Guadalupe\">Guadalupe<\/option><option value=\"Guam\">Guam<\/option><option value=\"Guatemala\">Guatemala<\/option><option value=\"Guayana Francesa\">Guayana Francesa<\/option><option value=\"Guernsey\">Guernsey<\/option><option value=\"Guinea\">Guinea<\/option><option value=\"Guinea Ecuatorial\">Guinea Ecuatorial<\/option><option value=\"Guinea-Bissau\">Guinea-Bissau<\/option><option value=\"Guyana\">Guyana<\/option><option value=\"Hait\u00ed\">Hait\u00ed<\/option><option value=\"Holy See\">Holy See<\/option><option value=\"Honduras\">Honduras<\/option><option value=\"Hong Kong\">Hong Kong<\/option><option value=\"Hungr\u00eda\">Hungr\u00eda<\/option><option value=\"India\">India<\/option><option value=\"Indonesia\">Indonesia<\/option><option value=\"Irak\">Irak<\/option><option value=\"Irlanda\">Irlanda<\/option><option value=\"Ir\u00e1n, Rep\u00fablica Isl\u00e1mica de\">Ir\u00e1n, Rep\u00fablica Isl\u00e1mica de<\/option><option value=\"Isla Bouvet\">Isla Bouvet<\/option><option value=\"Isla de Man\">Isla de Man<\/option><option value=\"Isla de Navidad\">Isla de Navidad<\/option><option value=\"Islandia\">Islandia<\/option><option value=\"Islas Bermudas\">Islas Bermudas<\/option><option value=\"Islas Caim\u00e1n\">Islas Caim\u00e1n<\/option><option value=\"Islas Cocos (Keeling)\">Islas Cocos (Keeling)<\/option><option value=\"Islas Cook\">Islas Cook<\/option><option value=\"Islas Feroe\">Islas Feroe<\/option><option value=\"Islas Georgias del Sur y Sandwich del Sur\">Islas Georgias del Sur y Sandwich del Sur<\/option><option value=\"Islas Heard y McDonald\">Islas Heard y McDonald<\/option><option value=\"Islas Maldivas\">Islas Maldivas<\/option><option value=\"Islas Malvinas\">Islas Malvinas<\/option><option value=\"Islas Marianas del Norte\">Islas Marianas del Norte<\/option><option value=\"Islas Marshall\">Islas Marshall<\/option><option value=\"Islas Turcas y Caicos\">Islas Turcas y Caicos<\/option><option value=\"Islas Ultramarinas Menores de Estados Unidos\">Islas Ultramarinas Menores de Estados Unidos<\/option><option value=\"Islas V\u00edrgenes Brit\u00e1nicas\">Islas V\u00edrgenes Brit\u00e1nicas<\/option><option value=\"Islas V\u00edrgenes de los Estados Unidos\">Islas V\u00edrgenes de los Estados Unidos<\/option><option value=\"Islas de \u00c5land\">Islas de \u00c5land<\/option><option value=\"Israel\">Israel<\/option><option value=\"Italia\">Italia<\/option><option value=\"Jamaica\">Jamaica<\/option><option value=\"Jap\u00f3n\">Jap\u00f3n<\/option><option value=\"Jersey\">Jersey<\/option><option value=\"Jordania\">Jordania<\/option><option value=\"Kazajist\u00e1n\">Kazajist\u00e1n<\/option><option value=\"Kenia\">Kenia<\/option><option value=\"Kirgizst\u00e1n\">Kirgizst\u00e1n<\/option><option value=\"Kiribati\">Kiribati<\/option><option value=\"Kuwait\">Kuwait<\/option><option value=\"Lebanon\">Lebanon<\/option><option value=\"Lesoto\">Lesoto<\/option><option value=\"Letonia\">Letonia<\/option><option value=\"Liberia\">Liberia<\/option><option value=\"Libia\">Libia<\/option><option value=\"Liechtenstein\">Liechtenstein<\/option><option value=\"Lituania\">Lituania<\/option><option value=\"Luxemburgo\">Luxemburgo<\/option><option value=\"Macao\">Macao<\/option><option value=\"Madagascar\">Madagascar<\/option><option value=\"Malasia\">Malasia<\/option><option value=\"Malawi\">Malawi<\/option><option value=\"Mali\">Mali<\/option><option value=\"Malta\">Malta<\/option><option value=\"Marruecos\">Marruecos<\/option><option value=\"Martinica\">Martinica<\/option><option value=\"Mauricio\">Mauricio<\/option><option value=\"Mauritania\">Mauritania<\/option><option value=\"Mayotte\">Mayotte<\/option><option value=\"Mexico\">Mexico<\/option><option value=\"Micronesia\">Micronesia<\/option><option value=\"Moldavia\">Moldavia<\/option><option value=\"Monaco\">Monaco<\/option><option value=\"Mongolia\">Mongolia<\/option><option value=\"Montenegro\">Montenegro<\/option><option value=\"Montserrat\">Montserrat<\/option><option value=\"Mozambique\">Mozambique<\/option><option value=\"Namibia\">Namibia<\/option><option value=\"Nauru\">Nauru<\/option><option value=\"Nepal\">Nepal<\/option><option value=\"Netherlands, Kingdom of the\">Netherlands, Kingdom of the<\/option><option value=\"Nicaragua\">Nicaragua<\/option><option value=\"Niger\">Niger<\/option><option value=\"Nigeria\">Nigeria<\/option><option value=\"Niue\">Niue<\/option><option value=\"Norfolk Island\">Norfolk Island<\/option><option value=\"North Macedonia\">North Macedonia<\/option><option value=\"Norway\">Norway<\/option><option value=\"Nueva Caledonia\">Nueva Caledonia<\/option><option value=\"Nueva Zelanda\">Nueva Zelanda<\/option><option value=\"Om\u00e1n\">Om\u00e1n<\/option><option value=\"Pakist\u00e1n\">Pakist\u00e1n<\/option><option value=\"Palau\">Palau<\/option><option value=\"Palestina\">Palestina<\/option><option value=\"Panam\u00e1\">Panam\u00e1<\/option><option value=\"Pap\u00faa Nueva Guinea\">Pap\u00faa Nueva Guinea<\/option><option value=\"Paraguay\">Paraguay<\/option><option value=\"Per\u00fa\">Per\u00fa<\/option><option value=\"Pitcairn\">Pitcairn<\/option><option value=\"Polinesia Francesa\">Polinesia Francesa<\/option><option value=\"Polonia\">Polonia<\/option><option value=\"Portugal\">Portugal<\/option><option value=\"Puerto Rico\">Puerto Rico<\/option><option value=\"Qatar\">Qatar<\/option><option value=\"Rep\u00fablica Centroafricana\">Rep\u00fablica Centroafricana<\/option><option value=\"Rep\u00fablica Dominicana\">Rep\u00fablica Dominicana<\/option><option value=\"Rep\u00fablica Popular Democr\u00e1tica de Laos\">Rep\u00fablica Popular Democr\u00e1tica de Laos<\/option><option value=\"Reuni\u00f3n\">Reuni\u00f3n<\/option><option value=\"Ruanda\">Ruanda<\/option><option value=\"Ruman\u00eda\">Ruman\u00eda<\/option><option value=\"Rusia\">Rusia<\/option><option value=\"Sahara Occidental\">Sahara Occidental<\/option><option value=\"Saint Kitts and Nevis\">Saint Kitts and Nevis<\/option><option value=\"Samoa\">Samoa<\/option><option value=\"Samoa Americana\">Samoa Americana<\/option><option value=\"San Bartolom\u00e9\">San Bartolom\u00e9<\/option><option value=\"San Marino\">San Marino<\/option><option value=\"San Mart\u00edn (Francia)\">San Mart\u00edn (Francia)<\/option><option value=\"San Pedro y Miquel\u00f3n\">San Pedro y Miquel\u00f3n<\/option><option value=\"San Vicente y las Granadinas\">San Vicente y las Granadinas<\/option><option value=\"Santa Elena\">Santa Elena<\/option><option value=\"Santa Luc\u00eda\">Santa Luc\u00eda<\/option><option value=\"Santo Tom\u00e9 y Pr\u00edncipe\">Santo Tom\u00e9 y Pr\u00edncipe<\/option><option value=\"Senegal\">Senegal<\/option><option value=\"Serbia\">Serbia<\/option><option value=\"Seychelles\">Seychelles<\/option><option value=\"Sierra Leona\">Sierra Leona<\/option><option value=\"Singapur\">Singapur<\/option><option value=\"Sint Maarten\">Sint Maarten<\/option><option value=\"Siria\">Siria<\/option><option value=\"Solomon Islands\">Solomon Islands<\/option><option value=\"Somalia\">Somalia<\/option><option value=\"Sri Lanka\">Sri Lanka<\/option><option value=\"Sud\u00e1frica\">Sud\u00e1frica<\/option><option value=\"Sud\u00e1n\">Sud\u00e1n<\/option><option value=\"Sud\u00e1n del Sur\">Sud\u00e1n del Sur<\/option><option value=\"Suecia\">Suecia<\/option><option value=\"Suiza\">Suiza<\/option><option value=\"Surin\u00e1m\">Surin\u00e1m<\/option><option value=\"Svalbard y Jan Mayen\">Svalbard y Jan Mayen<\/option><option value=\"Tadjikist\u00e1n\">Tadjikist\u00e1n<\/option><option value=\"Tailandia\">Tailandia<\/option><option value=\"Taiw\u00e1n\">Taiw\u00e1n<\/option><option value=\"Tanzania\">Tanzania<\/option><option value=\"Territorio Brit\u00e1nico del Oc\u00e9ano \u00cdndico\">Territorio Brit\u00e1nico del Oc\u00e9ano \u00cdndico<\/option><option value=\"Territorios Australes y Ant\u00e1rticas Franceses\">Territorios Australes y Ant\u00e1rticas Franceses<\/option><option value=\"Timor Oriental\">Timor Oriental<\/option><option value=\"Togo\">Togo<\/option><option value=\"Tokelau\">Tokelau<\/option><option value=\"Tonga\">Tonga<\/option><option value=\"Trinidad y Tobago\">Trinidad y Tobago<\/option><option value=\"Tunez\">Tunez<\/option><option value=\"Turkmenistan\">Turkmenistan<\/option><option value=\"Turqu\u00eda\">Turqu\u00eda<\/option><option value=\"Tuvalu\">Tuvalu<\/option><option value=\"Ucrania\">Ucrania<\/option><option value=\"Uganda\">Uganda<\/option><option value=\"United Kingdom of Great Britain and Northern Ireland\">United Kingdom of Great Britain and Northern Ireland<\/option><option value=\"United States of America\">United States of America<\/option><option value=\"Uruguay\">Uruguay<\/option><option value=\"Uzbekist\u00e1n\">Uzbekist\u00e1n<\/option><option value=\"Vanuatu\">Vanuatu<\/option><option value=\"Venezuela\">Venezuela<\/option><option value=\"Vietnam\">Vietnam<\/option><option value=\"Wallis y Futuna\">Wallis y Futuna<\/option><option value=\"Yemen\">Yemen<\/option><option value=\"Yibuti\">Yibuti<\/option><option value=\"Zambia\">Zambia<\/option><option value=\"Zimbabwe\">Zimbabwe<\/option><\/select><\/span>\n\t\t\t<\/p>\n\t\t<\/td>\n\t<\/tr>\n\t<tr>\n\t\t<td colspan=\"2\" style=\"padding: 5px;\">\n\t\t\t<p><label class=\"formnews\" style=\"font-size:15px; font-family:'Montserrat',Arial,Helvetica,sans-serif;\"> Message: <\/label><textarea style=\"resize:vertical; min-height: 46px !important;\" name=\"textarea\" rows=\"1\" cols=\"50\"><\/textarea>\n\t\t\t<\/p>\n\t\t<\/td>\n\t<\/tr>\n\t<tr>\n\t\t<td colspan=\"2\" style=\"padding: 5px;\">\n\t\t\t<p><label class=\"formnews\" style=\"font-size:15px; font-family:'Montserrat',Arial,Helvetica,sans-serif;\"> ReCAPTCHA: <\/label>\n\t\t\t<span class=\"wpcf7-form-control-wrap recaptcha\" data-name=\"recaptcha\"><span data-sitekey=\"6LcC_nggAAAAAPVZb3x0uK-hYq7RCFqHK7HYubIG\" class=\"wpcf7-form-control wpcf7-recaptcha g-recaptcha\"><\/span>\r\n<noscript>\r\n\t<div class=\"grecaptcha-noscript\">\r\n\t\t<iframe loading=\"lazy\" src=\"https:\/\/www.google.com\/recaptcha\/api\/fallback?k=6LcC_nggAAAAAPVZb3x0uK-hYq7RCFqHK7HYubIG\" frameborder=\"0\" scrolling=\"no\" width=\"310\" height=\"430\">\r\n\t\t<\/iframe>\r\n\t\t<textarea name=\"g-recaptcha-response\" rows=\"3\" cols=\"40\" placeholder=\"Aqu\u00ed la respuesta de reCAPTCHA\">\r\n\t\t<\/textarea>\r\n\t<\/div>\r\n<\/noscript>\r\n<\/span>\n\t\t\t<\/p>\n\t\t<\/td>\n\t<\/tr>\n<\/table>\n<p class=\"formnews\" style=\"font-weight: normal; font-family:'Montserrat',Arial,Helvetica,sans-serif; font-size:13px;\"><input type=\"checkbox\" id=\"politica\" name=\"politica\" \/> J'ai pu lire et comprendre les informations sur l'utilisation de mes donn\u00e9es personnelles expliqu\u00e9es dans la politique de confidentialit\u00e9 et j'accepte de recevoir des informations de Marina Badalona.\n<\/p>\n<p id=\"alinear\"><input style=\" font-family:'Montserrat',Arial,Helvetica,sans-serif; padding:15px 20px; border-radius:25px; background-color:black; color:white; font-weight:bold; border:1px solid black;\" type=\"submit\" value=\"Envoiyer!\" \/>\n<\/p>\n<style>\n.inputFormulario{\nborder-width:2px; \nmargin-bottom: 5px;\n}\n[bws_google_captcha]\n<\/style><input type='hidden' class='wpcf7-pum' value='{\"closepopup\":false,\"closedelay\":0,\"openpopup\":false,\"openpopup_id\":0}' \/><div class=\"wpcf7-response-output\" aria-hidden=\"true\"><\/div>\n<\/form>\n<\/div>\n[\/vc_column][vc_column width=\u00a0\u00bb1\/6&Prime;][\/vc_column][\/vc_row][vc_row bg_color=\u00a0\u00bb#ffffff\u00a0\u00bb section_arrow=\u00a0\u00bbfalse\u00a0\u00bb top_padding=\u00a0\u00bb40&Prime; bottom_padding=\u00a0\u00bb40&Prime; bg_position=\u00a0\u00bbleft top\u00a0\u00bb][vc_column width=\u00a0\u00bb1\/3&Prime;]<div class=\"single_image wpb_content_element align-left    \" data-animation=\"none\" data-delay=\"0\"><img loading=\"lazy\" decoding=\"async\" width=\"720\" height=\"1006\" src=\"https:\/\/marinabadalona.cat\/wp-content\/uploads\/2021\/09\/Edificio-capitania-googlemaps_edit.jpg\" class=\"attachment-full\" alt=\"\" title=\"Edificio-capitania-googlemaps_edit\" srcset=\"https:\/\/marinabadalona.cat\/wp-content\/uploads\/2021\/09\/Edificio-capitania-googlemaps_edit.jpg 720w, https:\/\/marinabadalona.cat\/wp-content\/uploads\/2021\/09\/Edificio-capitania-googlemaps_edit-600x838.jpg 600w, https:\/\/marinabadalona.cat\/wp-content\/uploads\/2021\/09\/Edificio-capitania-googlemaps_edit-215x300.jpg 215w\" sizes=\"auto, (max-width: 720px) 100vw, 720px\" \/><\/div>[\/vc_column][vc_column width=\u00a0\u00bb1\/3&Prime;]<div class=\"iconbox  wpb_content_element iconbox-style-1 icon-color-greyscale color-dark animation-none\"><h3><img src='https:\/\/marinabadalona.cat\/wp-content\/uploads\/2021\/12\/ubicacion-1.png' class='iconimg' alt='MARINA BADALONA S.A' \/><span>MARINA BADALONA S.A<\/span><\/h3><p><span style=\"color: #000000;\"><strong>Port de sport et de p\u00eache de Badalona<\/strong><\/span><br \/>\n<a href=\"https:\/\/goo.gl\/maps\/eibqYdEoN4qndN7x5\" target=\"_blank\" rel=\"noopener\">Edifici de Capitania s\/n \u2013 08912 Badalona<\/a><\/p><\/div><div class=\"iconbox  wpb_content_element iconbox-style-1 icon-color-greyscale color-dark animation-none\"><h3><img src='https:\/\/marinabadalona.cat\/wp-content\/uploads\/2022\/01\/reloj.png' class='iconimg' alt='HORAIRE' \/><span>HORAIRE<\/span><\/h3><p><span style=\"color: #000000;\"><strong>Bureaux du capitaine\/Service client<\/strong><\/span><strong><br \/>\n<\/strong><span style=\"color: #000000;\">De lundi \u00e0 vendredi de 8.00h \u00e0 18.00h<\/span><br \/>\n<span style=\"color: #000000;\">Samedi, dimanches et jours f\u00e9ri\u00e9s <\/span><span style=\"color: #000000;\">de 10.00h \u00e0 14.00h<\/span><\/p><\/div>[\/vc_column][vc_column width=\u00a0\u00bb1\/3&Prime;]<div class=\"iconbox  wpb_content_element iconbox-style-1 icon-color-greyscale color-dark animation-none\"><h3><img src='https:\/\/marinabadalona.cat\/wp-content\/uploads\/2021\/12\/calendario.png' class='iconimg' alt='INFORMATIONS ET R\u00c9SERVATIONS' \/><span>INFORMATIONS ET R\u00c9SERVATIONS<\/span><\/h3><p><strong><span style=\"color: #000000;\">T\u00e9l\u00e9phone :<\/span><\/strong> <a href=\"tel:+34933207500\" target=\"_blank\" rel=\"noopener\">+34 933 207 500<\/a><br \/>\n<strong><span style=\"color: #000000;\">T\u00e9l\u00e9phone d&rsquo;urgence 24h: <\/span> <\/strong><a href=\"tel:+34933207572\" target=\"_blank\" rel=\"noopener\">+34 933 207 572<\/a><br \/>\n<strong><span style=\"color: #000000;\">Email:<\/span><\/strong> <a href=\"mailto:port@marinabadalona.cat\" target=\"_blank\" rel=\"noopener\">port@marinabadalona.cat<\/a><\/p><\/div>[\/vc_column][\/vc_row][vc_row type=\u00a0\u00bbfull_width_section\u00a0\u00bb bg_color=\u00a0\u00bb#efefef\u00a0\u00bb top_padding=\u00a0\u00bb0&Prime; bottom_padding=\u00a0\u00bb0&Prime;][vc_column column_padding=\u00a0\u00bbcustom-padding\u00a0\u00bb width=\u00a0\u00bb1\/1&Prime;][vc_raw_html css=\u00a0\u00bb.vc_custom_1655715452186{margin-top: 0px !important;}\u00a0\u00bb]JTNDaWZyYW1lJTIwc3JjJTNEJTIyaHR0cHMlM0ElMkYlMkZ3d3cuZ29vZ2xlLmNvbSUyRm1hcHMlMkZlbWJlZCUzRnBiJTNEJTIxMW0xOCUyMTFtMTIlMjExbTMlMjExZDI5OTEuMTk3MDc4MjkwODk4NCUyMTJkMi4yMzk5NDk0NjU3MjgwMjY2JTIxM2Q0MS40MzQ5NDUyMDEwMDc5MyUyMTJtMyUyMTFmMCUyMTJmMCUyMTNmMCUyMTNtMiUyMTFpMTAyNCUyMTJpNzY4JTIxNGYxMy4xJTIxM20zJTIxMW0yJTIxMXMweDEyYTRiYjIwNjM4ODYxMzElMjUzQTB4ZTFhZjY3YjFjZTU4MjlkYSUyMTJzTWFyaW5hJTI1MjBkZSUyNTIwQmFkYWxvbmElMjE1ZTAlMjEzbTIlMjExc2VzJTIxMnNlcyUyMTR2MTYzMTE3NzUzMDU3MyUyMTVtMiUyMTFzZXMlMjEyc2VzJTIyJTIwd2lkdGglM0QlMjIxMDAlMjUlMjIlMjBoZWlnaHQlM0QlMjI0MDAlMjIlMjBzdHlsZSUzRCUyMmJvcmRlciUzQTAlM0IlMjIlMjBhbGxvd2Z1bGxzY3JlZW4lM0QlMjIlMjIlMjBsb2FkaW5nJTNEJTIybGF6eSUyMiUzRSUzQyUyRmlmcmFtZSUzRQ==[\/vc_raw_html][\/vc_column][\/vc_row][vc_row bg_color=\u00a0\u00bb#efefef\u00a0\u00bb top_padding=\u00a0\u00bb0&Prime; bottom_padding=\u00a0\u00bb0&Prime;][vc_column column_padding=\u00a0\u00bbcustom-padding\u00a0\u00bb width=\u00a0\u00bb1\/1&Prime;][vc_raw_js]JTNDc2NyaXB0JTNFJTIwJTBBJTIwalF1ZXJ5JTI4ZnVuY3Rpb24lMjglMjQlMjklMjAlN0IlMEElMjAlMjAlMjAlMjQlMjglMjcud3BjZjctc2VsZWN0JTI3JTI5LnZhbCUyOCUyMiUyMiUyOSUzQiUyMCUyRiUyRiUyMHBhaXMlMjBwb3IlMjBkZWZlY3RvLiUwQSUyMCU3RCUyOSUzQiUwQSUzQyUyRnNjcmlwdCUzRQ==[\/vc_raw_js][\/vc_column][\/vc_row]<\/p>\n<\/div>","protected":false},"excerpt":{"rendered":"<p>[vc_row bg_color=\u00a0\u00bb#f9f9f9&Prime; top_padding=\u00a0\u00bb80&Prime; bottom_padding=\u00a0\u00bb80&Prime; tablet_portrait_visibility=\u00a0\u00bbhide\u00a0\u00bb mobile_landscape_visibility=\u00a0\u00bbhide\u00a0\u00bb][vc_column width=\u00a0\u00bb1\/6&Prime;][\/vc_column][vc_column column_padding=\u00a0\u00bbpadding-1&Prime; width=\u00a0\u00bb2\/3&Prime;][\/vc_column][vc_column width=\u00a0\u00bb1\/6&Prime;][\/vc_column][\/vc_row][vc_row bg_color=\u00a0\u00bb#ffffff\u00a0\u00bb section_arrow=\u00a0\u00bbfalse\u00a0\u00bb top_padding=\u00a0\u00bb40&Prime; bottom_padding=\u00a0\u00bb40&Prime; bg_position=\u00a0\u00bbleft top\u00a0\u00bb][vc_column width=\u00a0\u00bb1\/3&Prime;][\/vc_column][vc_column width=\u00a0\u00bb1\/3&Prime;][\/vc_column][vc_column width=\u00a0\u00bb1\/3&Prime;][\/vc_column][\/vc_row][vc_row type=\u00a0\u00bbfull_width_section\u00a0\u00bb bg_color=\u00a0\u00bb#efefef\u00a0\u00bb top_padding=\u00a0\u00bb0&Prime; bottom_padding=\u00a0\u00bb0&Prime;][vc_column column_padding=\u00a0\u00bbcustom-padding\u00a0\u00bb width=\u00a0\u00bb1\/1&Prime;][vc_raw_html css=\u00a0\u00bb.vc_custom_1655715452186{margin-top: 0px !important;}\u00a0\u00bb]JTNDaWZyYW1lJTIwc3JjJTNEJTIyaHR0cHMlM0ElMkYlMkZ3d3cuZ29vZ2xlLmNvbSUyRm1hcHMlMkZlbWJlZCUzRnBiJTNEJTIxMW0xOCUyMTFtMTIlMjExbTMlMjExZDI5OTEuMTk3MDc4MjkwODk4NCUyMTJkMi4yMzk5NDk0NjU3MjgwMjY2JTIxM2Q0MS40MzQ5NDUyMDEwMDc5MyUyMTJtMyUyMTFmMCUyMTJmMCUyMTNmMCUyMTNtMiUyMTFpMTAyNCUyMTJpNzY4JTIxNGYxMy4xJTIxM20zJTIxMW0yJTIxMXMweDEyYTRiYjIwNjM4ODYxMzElMjUzQTB4ZTFhZjY3YjFjZTU4MjlkYSUyMTJzTWFyaW5hJTI1MjBkZSUyNTIwQmFkYWxvbmElMjE1ZTAlMjEzbTIlMjExc2VzJTIxMnNlcyUyMTR2MTYzMTE3NzUzMDU3MyUyMTVtMiUyMTFzZXMlMjEyc2VzJTIyJTIwd2lkdGglM0QlMjIxMDAlMjUlMjIlMjBoZWlnaHQlM0QlMjI0MDAlMjIlMjBzdHlsZSUzRCUyMmJvcmRlciUzQTAlM0IlMjIlMjBhbGxvd2Z1bGxzY3JlZW4lM0QlMjIlMjIlMjBsb2FkaW5nJTNEJTIybGF6eSUyMiUzRSUzQyUyRmlmcmFtZSUzRQ==[\/vc_raw_html][\/vc_column][\/vc_row][vc_row bg_color=\u00a0\u00bb#efefef\u00a0\u00bb top_padding=\u00a0\u00bb0&Prime; bottom_padding=\u00a0\u00bb0&Prime;][vc_column column_padding=\u00a0\u00bbcustom-padding\u00a0\u00bb width=\u00a0\u00bb1\/1&Prime;][vc_raw_js]JTNDc2NyaXB0JTNFJTIwJTBBJTIwalF1ZXJ5JTI4ZnVuY3Rpb24lMjglMjQlMjklMjAlN0IlMEElMjAlMjAlMjAlMjQlMjglMjcud3BjZjctc2VsZWN0JTI3JTI5LnZhbCUyOCUyMiUyMiUyOSUzQiUyMCUyRiUyRiUyMHBhaXMlMjBwb3IlMjBkZWZlY3RvLiUwQSUyMCU3RCUyOSUzQiUwQSUzQyUyRnNjcmlwdCUzRQ==[\/vc_raw_js][\/vc_column][\/vc_row]<\/p>\n","protected":false},"author":1,"featured_media":0,"parent":0,"menu_order":0,"comment_status":"open","ping_status":"closed","template":"","meta":{"footnotes":""},"class_list":["post-33267","page","type-page","status-publish","hentry"],"_links":{"self":[{"href":"https:\/\/marinabadalona.cat\/fr\/wp-json\/wp\/v2\/pages\/33267","targetHints":{"allow":["GET"]}}],"collection":[{"href":"https:\/\/marinabadalona.cat\/fr\/wp-json\/wp\/v2\/pages"}],"about":[{"href":"https:\/\/marinabadalona.cat\/fr\/wp-json\/wp\/v2\/types\/page"}],"author":[{"embeddable":true,"href":"https:\/\/marinabadalona.cat\/fr\/wp-json\/wp\/v2\/users\/1"}],"replies":[{"embeddable":true,"href":"https:\/\/marinabadalona.cat\/fr\/wp-json\/wp\/v2\/comments?post=33267"}],"version-history":[{"count":3,"href":"https:\/\/marinabadalona.cat\/fr\/wp-json\/wp\/v2\/pages\/33267\/revisions"}],"predecessor-version":[{"id":37836,"href":"https:\/\/marinabadalona.cat\/fr\/wp-json\/wp\/v2\/pages\/33267\/revisions\/37836"}],"wp:attachment":[{"href":"https:\/\/marinabadalona.cat\/fr\/wp-json\/wp\/v2\/media?parent=33267"}],"curies":[{"name":"wp","href":"https:\/\/api.w.org\/{rel}","templated":true}]}}