
{"id":33295,"date":"2021-10-21T10:20:56","date_gmt":"2021-10-21T10:20:56","guid":{"rendered":"https:\/\/marinabadalona.cat\/el-port-de-badalona\/"},"modified":"2024-01-18T13:40:14","modified_gmt":"2024-01-18T12:40:14","slug":"el-port-de-badalona","status":"publish","type":"page","link":"https:\/\/marinabadalona.cat\/fr\/el-port-de-badalona\/","title":{"rendered":"LE PORT DE BADALONA"},"content":{"rendered":"<div class=\"wpb-content-wrapper\"><p>[vc_row top_padding=\u00a0\u00bb100&Prime; bottom_padding=\u00a0\u00bb40&Prime;][vc_column width=\u00a0\u00bb1\/1&Prime;]<h1 class=\"headline font-special fontsize-xxl fontweight-500 lh-inherit align-center transform-uppercase \" style=\"margin: 0 0 20px 0;\">LE PORT DE BADALONA<\/h1><div class=\"headline font-special fontsize-l fontweight-400 lh-inherit align-center transform-inherit \" style=\"margin: 0 0 20px 0; color: #999999;\">L&rsquo;UN DES PORTS SPORTIFS LES PLUS MODERNES DE CATALOGNE. INAUGUR\u00c9 EN 2005, IL EST LE MOTEUR DE LA R\u00c9ACTIVATION \u00c9CONOMIQUE ET DU D\u00c9VELOPPEMENT, PR\u00c9SENT ET FUTUR, D&rsquo;UNE VILLE \u00c0 GRANDE TRADITION MARINE<\/div><div class=\"divider divider1\" style='margin:0px 0 0px 0 !important;'><\/div>[\/vc_column][\/vc_row][vc_row type=\u00a0\u00bbfull_width_section\u00a0\u00bb][vc_column width=\u00a0\u00bb1\/1&Prime;]<div class=\"minti_masonrygrid  clearfix\"><div class=\"grid-sizer\"><\/div><div class=\"minti_masonrygrid_item masonry_image masonry_rl\"><a href=\"https:\/\/marinabadalona.cat\/fr\/directori-el-port\/\" target=\"_self\"><div class=\"minti_masonrygrid_item_wrap\"><div class=\"minti_masonrygrid_item_inner\" style=\"background-image: url(https:\/\/marinabadalona.cat\/wp-content\/uploads\/2021\/10\/port-marina-badalona-dortoka-1000x500.jpg);\"><div class=\"minti_masonrygrid_item_cell minti_masonrygrid_item_overlay font-special\">R\u00c9PERTOIRE DES SERVICES<\/div><\/div><\/div><\/a><\/div><div class=\"minti_masonrygrid_item masonry_image masonry_rl\"><a href=\"https:\/\/marinabadalona.cat\/fr\/serveis\/\" target=\"_self\"><div class=\"minti_masonrygrid_item_wrap\"><div class=\"minti_masonrygrid_item_inner\" style=\"background-image: url(https:\/\/marinabadalona.cat\/wp-content\/uploads\/2021\/10\/port-marina-badalona-amarradors-dortoka-1-1000x500.jpg);\"><div class=\"minti_masonrygrid_item_cell minti_masonrygrid_item_overlay font-special\">SERVICES<\/div><\/div><\/div><\/a><\/div><div class=\"minti_masonrygrid_item masonry_image masonry_rl\"><a href=\"https:\/\/marinabadalona.cat\/fr\/base-de-pesca\/\" target=\"_blank\"><div class=\"minti_masonrygrid_item_wrap\"><div class=\"minti_masonrygrid_item_inner\" style=\"background-image: url(https:\/\/marinabadalona.cat\/wp-content\/uploads\/2021\/10\/Base-de-pesca-marina-badalona-dortoka-1000x500.jpg);\"><div class=\"minti_masonrygrid_item_cell minti_masonrygrid_item_overlay font-special\">BASE DE P\u00caCHE ARTISANALE<\/div><\/div><\/div><\/a><\/div><div class=\"minti_masonrygrid_item masonry_image masonry_rl\"><a href=\"https:\/\/marinabadalona.cat\/wp-content\/uploads\/2021\/12\/declaracio-mediambiental-marinabadalona-2021.pdf\" target=\"_blank\"><div class=\"minti_masonrygrid_item_wrap\"><div class=\"minti_masonrygrid_item_inner\" style=\"background-image: url(https:\/\/marinabadalona.cat\/wp-content\/uploads\/2021\/10\/port-marina-badalona-gestioambiental-dortoka-1000x500.jpg);\"><div class=\"minti_masonrygrid_item_cell minti_masonrygrid_item_overlay font-special\">GESTION DE L\u2019ENVIRONNEMENT<\/div><\/div><\/div><\/a><\/div><\/div>[\/vc_column][\/vc_row]<\/p>\n<\/div>","protected":false},"excerpt":{"rendered":"<p>[vc_row top_padding=\u00a0\u00bb100&Prime; bottom_padding=\u00a0\u00bb40&Prime;][vc_column width=\u00a0\u00bb1\/1&Prime;][\/vc_column][\/vc_row][vc_row type=\u00a0\u00bbfull_width_section\u00a0\u00bb][vc_column width=\u00a0\u00bb1\/1&Prime;][\/vc_column][\/vc_row]<\/p>\n","protected":false},"author":1,"featured_media":0,"parent":0,"menu_order":0,"comment_status":"open","ping_status":"closed","template":"","meta":{"footnotes":""},"class_list":["post-33295","page","type-page","status-publish","hentry"],"_links":{"self":[{"href":"https:\/\/marinabadalona.cat\/fr\/wp-json\/wp\/v2\/pages\/33295","targetHints":{"allow":["GET"]}}],"collection":[{"href":"https:\/\/marinabadalona.cat\/fr\/wp-json\/wp\/v2\/pages"}],"about":[{"href":"https:\/\/marinabadalona.cat\/fr\/wp-json\/wp\/v2\/types\/page"}],"author":[{"embeddable":true,"href":"https:\/\/marinabadalona.cat\/fr\/wp-json\/wp\/v2\/users\/1"}],"replies":[{"embeddable":true,"href":"https:\/\/marinabadalona.cat\/fr\/wp-json\/wp\/v2\/comments?post=33295"}],"version-history":[{"count":6,"href":"https:\/\/marinabadalona.cat\/fr\/wp-json\/wp\/v2\/pages\/33295\/revisions"}],"predecessor-version":[{"id":37817,"href":"https:\/\/marinabadalona.cat\/fr\/wp-json\/wp\/v2\/pages\/33295\/revisions\/37817"}],"wp:attachment":[{"href":"https:\/\/marinabadalona.cat\/fr\/wp-json\/wp\/v2\/media?parent=33295"}],"curies":[{"name":"wp","href":"https:\/\/api.w.org\/{rel}","templated":true}]}}