
{"id":33416,"date":"2021-10-20T13:07:09","date_gmt":"2021-10-20T13:07:09","guid":{"rendered":"https:\/\/marinabadalona.cat\/pallols\/"},"modified":"2024-01-16T13:07:00","modified_gmt":"2024-01-16T12:07:00","slug":"pallols","status":"publish","type":"page","link":"https:\/\/marinabadalona.cat\/fr\/pallols\/","title":{"rendered":"Pallols"},"content":{"rendered":"<div class=\"wpb-content-wrapper\"><p>[vc_row type=\u00a0\u00bbfull_width_section\u00a0\u00bb][vc_column width=\u00a0\u00bb1\/1&Prime;][rev_slider_vc alias=\u00a0\u00bbslide-home\u00a0\u00bb][\/vc_column][\/vc_row][vc_row top_padding=\u00a0\u00bb100&Prime; bottom_padding=\u00a0\u00bb80&Prime;][vc_column width=\u00a0\u00bb1\/1&Prime;]<h1 class=\"headline font-special fontsize-xxxl fontweight-500 lh-inherit align-center transform-uppercase \" style=\"margin: 0 0 00px 0;\">CASIER<\/h1><div class=\"headline font-special fontsize-l fontweight-400 lh-inherit align-center transform-inherit \" style=\"margin: 0 0 00px 0; color: #999999;\">165 PLACES POUR VOTRE CONFORT<br \/>\n<\/div>[\/vc_column][\/vc_row][vc_row bg_color=\u00a0\u00bb#f9f9f9&Prime; top_padding=\u00a0\u00bb100&Prime; bottom_padding=\u00a0\u00bb80&Prime;][vc_column width=\u00a0\u00bb1\/2&Prime;]<h3 class=\"headline font-special fontsize-l fontweight-700 lh-inherit align-left transform-uppercase \" style=\"margin: 0 0 20px 0;\">PLUS D&rsquo;ESPACE POUR VOTRE BATEAU<\/h3>[vc_column_text]<\/p>\n<p style=\"text-align: justify;\">La solution id\u00e9ale pour lib\u00e9rer de l&rsquo;espace sur le bateau et tout ranger \u00e0 bord est d&rsquo;avoir un casier \u00e0 port\u00e9e de main, o\u00f9 vous pourrez ranger toutes vos affaires, mat\u00e9riel d&rsquo;entretien et accessoires nautiques. Le port de Badalona dispose de 165 casiers de 6m2 dans la digue d&rsquo;abri et dans le quai ouest.<\/p>\n<p>[\/vc_column_text][\/vc_column][vc_column width=\u00a0\u00bb1\/2&Prime;]<div class=\"single_image wpb_content_element align-center    \" data-animation=\"none\" data-delay=\"0\"><img loading=\"lazy\" decoding=\"async\" width=\"1000\" height=\"1000\" src=\"https:\/\/marinabadalona.cat\/wp-content\/uploads\/2021\/10\/Pallols-marina-badalona-detall-dortoka.jpg\" class=\"attachment-full\" alt=\"\" title=\"Pallols-marina-badalona-detall-dortoka\" srcset=\"https:\/\/marinabadalona.cat\/wp-content\/uploads\/2021\/10\/Pallols-marina-badalona-detall-dortoka.jpg 1000w, https:\/\/marinabadalona.cat\/wp-content\/uploads\/2021\/10\/Pallols-marina-badalona-detall-dortoka-300x300.jpg 300w, https:\/\/marinabadalona.cat\/wp-content\/uploads\/2021\/10\/Pallols-marina-badalona-detall-dortoka-150x150.jpg 150w, https:\/\/marinabadalona.cat\/wp-content\/uploads\/2021\/10\/Pallols-marina-badalona-detall-dortoka-768x768.jpg 768w, https:\/\/marinabadalona.cat\/wp-content\/uploads\/2021\/10\/Pallols-marina-badalona-detall-dortoka-80x80.jpg 80w, https:\/\/marinabadalona.cat\/wp-content\/uploads\/2021\/10\/Pallols-marina-badalona-detall-dortoka-500x500.jpg 500w, https:\/\/marinabadalona.cat\/wp-content\/uploads\/2021\/10\/Pallols-marina-badalona-detall-dortoka-600x600.jpg 600w, https:\/\/marinabadalona.cat\/wp-content\/uploads\/2021\/10\/Pallols-marina-badalona-detall-dortoka-100x100.jpg 100w\" sizes=\"auto, (max-width: 1000px) 100vw, 1000px\" \/><\/div>[\/vc_column][\/vc_row][vc_row bg_color=\u00a0\u00bb#222222&Prime; text_color=\u00a0\u00bblight\u00a0\u00bb top_padding=\u00a0\u00bb100&Prime; bottom_padding=\u00a0\u00bb100&Prime; bg_position=\u00a0\u00bbleft top\u00a0\u00bb][vc_column width=\u00a0\u00bb1\/1&Prime;][vc_tta_tabs style=\u00a0\u00bbmodern\u00a0\u00bb shape=\u00a0\u00bbsquare\u00a0\u00bb color=\u00a0\u00bbsky\u00a0\u00bb spacing=\u00a0\u00bb4&Prime; gap=\u00a0\u00bb3&Prime; autoplay=\u00a0\u00bb3&Prime; active_section=\u00a0\u00bb1&Prime; pagination_style=\u00a0\u00bbflat-round\u00a0\u00bb pagination_color=\u00a0\u00bbwhite\u00a0\u00bb no_fill_content_area=\u00a0\u00bbtrue\u00a0\u00bb title=\u00a0\u00bbFRAIS CASIER\u00a0\u00bb][vc_tta_section title=\u00a0\u00bbANNUEL\u00a0\u00bb tab_id=\u00a0\u00bb1634658461865-52ef71f5-324a\u00a0\u00bb][vc_column_text]<\/p>\n<h2>1279,95\u20ac (IVA incluse)<\/h2>\n<p>[\/vc_column_text][\/vc_tta_section][vc_tta_section title=\u00a0\u00bbSEMESTRE\u00a0\u00bb tab_id=\u00a0\u00bb1634658461887-8f6e384d-1a47&Prime;][vc_column_text]<\/p>\n<h2>671,97\u20ac (IVA incluse)<\/h2>\n<p>[\/vc_column_text][\/vc_tta_section][vc_tta_section title=\u00a0\u00bbMENSUEL\u00a0\u00bb tab_id=\u00a0\u00bb1634658640138-93e128bc-f743&Prime;][vc_column_text]<\/p>\n<h2>117,33\u20ac (IVA incluse)<\/h2>\n<p>[\/vc_column_text][\/vc_tta_section][\/vc_tta_tabs][\/vc_column][\/vc_row][vc_row type=\u00a0\u00bbfull_width_section\u00a0\u00bb][vc_column width=\u00a0\u00bb1\/2&Prime;]<div class=\"single_image wpb_content_element align-left    \" data-animation=\"none\" data-delay=\"0\"><img loading=\"lazy\" decoding=\"async\" width=\"1000\" height=\"1000\" src=\"https:\/\/marinabadalona.cat\/wp-content\/uploads\/2021\/10\/Pallols-marina-badalona-dortoka.jpg\" class=\"attachment-full\" alt=\"\" title=\"Pallols-marina-badalona-dortoka\" srcset=\"https:\/\/marinabadalona.cat\/wp-content\/uploads\/2021\/10\/Pallols-marina-badalona-dortoka.jpg 1000w, https:\/\/marinabadalona.cat\/wp-content\/uploads\/2021\/10\/Pallols-marina-badalona-dortoka-300x300.jpg 300w, https:\/\/marinabadalona.cat\/wp-content\/uploads\/2021\/10\/Pallols-marina-badalona-dortoka-150x150.jpg 150w, https:\/\/marinabadalona.cat\/wp-content\/uploads\/2021\/10\/Pallols-marina-badalona-dortoka-768x768.jpg 768w, https:\/\/marinabadalona.cat\/wp-content\/uploads\/2021\/10\/Pallols-marina-badalona-dortoka-80x80.jpg 80w, https:\/\/marinabadalona.cat\/wp-content\/uploads\/2021\/10\/Pallols-marina-badalona-dortoka-500x500.jpg 500w, https:\/\/marinabadalona.cat\/wp-content\/uploads\/2021\/10\/Pallols-marina-badalona-dortoka-600x600.jpg 600w, https:\/\/marinabadalona.cat\/wp-content\/uploads\/2021\/10\/Pallols-marina-badalona-dortoka-100x100.jpg 100w\" sizes=\"auto, (max-width: 1000px) 100vw, 1000px\" \/><\/div>[\/vc_column][vc_column width=\u00a0\u00bb1\/2&Prime;]<div class=\"single_image wpb_content_element align-left    \" data-animation=\"none\" data-delay=\"0\"><img loading=\"lazy\" decoding=\"async\" width=\"1000\" height=\"1000\" src=\"https:\/\/marinabadalona.cat\/wp-content\/uploads\/2021\/10\/Pallols-marina-badalona-barcas-dortoka.jpg\" class=\"attachment-full\" alt=\"\" title=\"Pallols-marina-badalona-barcas-dortoka\" srcset=\"https:\/\/marinabadalona.cat\/wp-content\/uploads\/2021\/10\/Pallols-marina-badalona-barcas-dortoka.jpg 1000w, https:\/\/marinabadalona.cat\/wp-content\/uploads\/2021\/10\/Pallols-marina-badalona-barcas-dortoka-300x300.jpg 300w, https:\/\/marinabadalona.cat\/wp-content\/uploads\/2021\/10\/Pallols-marina-badalona-barcas-dortoka-150x150.jpg 150w, https:\/\/marinabadalona.cat\/wp-content\/uploads\/2021\/10\/Pallols-marina-badalona-barcas-dortoka-768x768.jpg 768w, https:\/\/marinabadalona.cat\/wp-content\/uploads\/2021\/10\/Pallols-marina-badalona-barcas-dortoka-80x80.jpg 80w, https:\/\/marinabadalona.cat\/wp-content\/uploads\/2021\/10\/Pallols-marina-badalona-barcas-dortoka-500x500.jpg 500w, https:\/\/marinabadalona.cat\/wp-content\/uploads\/2021\/10\/Pallols-marina-badalona-barcas-dortoka-600x600.jpg 600w, https:\/\/marinabadalona.cat\/wp-content\/uploads\/2021\/10\/Pallols-marina-badalona-barcas-dortoka-100x100.jpg 100w\" sizes=\"auto, (max-width: 1000px) 100vw, 1000px\" \/><\/div>[\/vc_column][\/vc_row][vc_row bg_color=\u00a0\u00bb#00a7e0&Prime; text_color=\u00a0\u00bblight\u00a0\u00bb top_padding=\u00a0\u00bb80&Prime; bottom_padding=\u00a0\u00bb80&Prime;][vc_column bg_color=\u00a0\u00bb#00a7e0&Prime; text_align=\u00a0\u00bbcenter\u00a0\u00bb width=\u00a0\u00bb1\/1&Prime;]<h1 class=\"headline font-special fontsize-xxxl fontweight-400 lh-inherit align-center transform-uppercase \" style=\"margin: 0 0 20px 0;\">Marina Badalona<br \/>\nT&rsquo;ajudem?<br \/>\n<\/h1><a href=\"https:\/\/marinabadalona.cat\/fr\/contacte\/\" target=\"_self\" class=\"button color-8 large \" style=\"border-radius: 2px;\"><i class='fa fa-phone'><\/i>CONTACTEZ-NOUS!<\/a>[\/vc_column][\/vc_row][vc_row bg_color=\u00a0\u00bb#f4f4f4&Prime; top_padding=\u00a0\u00bb30&Prime;][vc_column width=\u00a0\u00bb1\/1&Prime;][vc_raw_html]JTNDZGl2JTNFJTBBJTIwJTIwJTIwJTIwJTIwJTIwJTNDZGl2JTNFJTBBJTIwJTIwJTIwJTIwJTIwJTIwJTIwJTIwJTNDaDElMjBzdHlsZSUzRCUyMmZvbnQtZmFtaWx5JTNBJTI3TW9udHNlcnJhdCUyNyUyQ0FyaWFsJTJDSGVsdmV0aWNhJTJDc2Fucy1zZXJpZiUzQiUyMHRleHQtYWxpZ24lM0FjZW50ZXIlM0IlMjBjb2xvciUzQWJsYWNrJTNCJTIyJTNFVU5FSVgtVEUlMjBBJTIwTEElMjBOT1NUUkElMjBORVdTTEVUVEVSJTNDJTJGaDElM0UlMEElMjAlMjAlMjAlMjAlMjAlMjAlMjAlMjAlM0NwJTIwc3R5bGUlM0QlMjJmb250LWZhbWlseSUzQSUyN01vbnRzZXJyYXQlMjclMkNBcmlhbCUyQ0hlbHZldGljYSUyQ3NhbnMtc2VyaWYlM0IlMjB0ZXh0LWFsaWduJTNBY2VudGVyJTNCJTIwY29sb3IlM0FibGFjayUzQiUyMiUzRUNvbmVpeCUyMGxlcyUyMG5vc3RyZXMlMjBub3ZldGF0cyUyMGFiYW5zJTIwcXVlJTIwbmluZyVDMyVCQSUyQyUyMGFzc2FiZW50YSUyN3QlMjBkZSUyMG5vdXMlMjBlc2RldmVuaW1lbnRzJTIwaSUyMGRlJTIwbW9sdCUyMG0lQzMlQTlzJTNDJTJGcCUzRSUwQSUyMCUyMCUyMCUyMCUyMCUyMCUzQyUyRmRpdiUzRSUwQSUyMCUyMCUyMCUyMCUzQyUyRmRpdiUzRQ==[\/vc_raw_html][\/vc_column][\/vc_row][vc_row bg_color=\u00a0\u00bb#f4f4f4&Prime; bottom_padding=\u00a0\u00bb15&Prime;][vc_column width=\u00a0\u00bb1\/1&Prime;][vc_raw_html el_class=\u00a0\u00bbpopmake-17165&Prime;]JTNDZGl2JTNFJTBBJTIwJTIwJTIwJTIwJTIwJTIwJTIwJTIwJTNDZGl2JTIwc3R5bGUlM0QlMjJtYXJnaW4tdG9wJTNBMjBweCUzQiUyMHRleHQtYWxpZ24lM0FjZW50ZXIlM0IlMjIlM0UlMEElMjAlMjAlMjAlMjAlMjAlMjAlMjAlMjAlMjAlMjAlM0NidXR0b24lMjBzdHlsZSUzRCUyMndpZHRoJTNBNTAlMjUlM0IlMjBwYWRkaW5nJTNBMTVweCUyMDIwcHglM0IlMjBib3JkZXItcmFkaXVzJTNBMjVweCUzQiUyMGJhY2tncm91bmQtY29sb3IlM0FibGFjayUzQiUyMGNvbG9yJTNBJTIzZjRmNGY0JTNCJTIwZm9udC13ZWlnaHQlM0Fib2xkJTNCJTIwYm9yZGVyJTNBMXB4JTIwc29saWQlMjBibGFjayUzQiUyMiUyMHR5cGUlM0QlMjJidXR0b24lMjIlM0VTVUJTQ1JJVS1URSUzQyUyRmJ1dHRvbiUzRSUwQSUyMCUyMCUyMCUyMCUyMCUyMCUyMCUyMCUzQyUyRmRpdiUzRSUwQSUyMCUyMCUyMCUyMCUyMCUyMCUzQyUyRmRpdiUzRQ==[\/vc_raw_html][\/vc_column][\/vc_row]<\/p>\n<\/div>","protected":false},"excerpt":{"rendered":"<p>[vc_row type=\u00a0\u00bbfull_width_section\u00a0\u00bb][vc_column width=\u00a0\u00bb1\/1&Prime;][rev_slider_vc alias=\u00a0\u00bbslide-home\u00a0\u00bb][\/vc_column][\/vc_row][vc_row top_padding=\u00a0\u00bb100&Prime; bottom_padding=\u00a0\u00bb80&Prime;][vc_column width=\u00a0\u00bb1\/1&Prime;][\/vc_column][\/vc_row][vc_row bg_color=\u00a0\u00bb#f9f9f9&Prime; top_padding=\u00a0\u00bb100&Prime; bottom_padding=\u00a0\u00bb80&Prime;][vc_column width=\u00a0\u00bb1\/2&Prime;][vc_column_text] La solution id\u00e9ale pour lib\u00e9rer de l&rsquo;espace sur le bateau et tout ranger \u00e0 bord est d&rsquo;avoir un casier \u00e0 port\u00e9e de main, o\u00f9 vous pourrez ranger toutes vos affaires, mat\u00e9riel d&rsquo;entretien et accessoires nautiques. Le port de Badalona dispose de 165 casiers de 6m2 dans la digue d&rsquo;abri et dans le quai ouest. [\/vc_column_text][\/vc_column][vc_column width=\u00a0\u00bb1\/2&Prime;][\/vc_column][\/vc_row][vc_row bg_color=\u00a0\u00bb#222222&Prime; text_color=\u00a0\u00bblight\u00a0\u00bb top_padding=\u00a0\u00bb100&Prime; bottom_padding=\u00a0\u00bb100&Prime; bg_position=\u00a0\u00bbleft top\u00a0\u00bb][vc_column width=\u00a0\u00bb1\/1&Prime;][vc_tta_tabs style=\u00a0\u00bbmodern\u00a0\u00bb shape=\u00a0\u00bbsquare\u00a0\u00bb color=\u00a0\u00bbsky\u00a0\u00bb spacing=\u00a0\u00bb4&Prime; gap=\u00a0\u00bb3&Prime; autoplay=\u00a0\u00bb3&Prime; active_section=\u00a0\u00bb1&Prime; pagination_style=\u00a0\u00bbflat-round\u00a0\u00bb pagination_color=\u00a0\u00bbwhite\u00a0\u00bb no_fill_content_area=\u00a0\u00bbtrue\u00a0\u00bb title=\u00a0\u00bbFRAIS CASIER\u00a0\u00bb][vc_tta_section title=\u00a0\u00bbANNUEL\u00a0\u00bb tab_id=\u00a0\u00bb1634658461865-52ef71f5-324a\u00a0\u00bb][vc_column_text] 1279,95\u20ac (IVA incluse) [\/vc_column_text][\/vc_tta_section][vc_tta_section title=\u00a0\u00bbSEMESTRE\u00a0\u00bb tab_id=\u00a0\u00bb1634658461887-8f6e384d-1a47&Prime;][vc_column_text] 671,97\u20ac (IVA incluse) [\/vc_column_text][\/vc_tta_section][vc_tta_section title=\u00a0\u00bbMENSUEL\u00a0\u00bb tab_id=\u00a0\u00bb1634658640138-93e128bc-f743&Prime;][vc_column_text] 117,33\u20ac (IVA incluse) [\/vc_column_text][\/vc_tta_section][\/vc_tta_tabs][\/vc_column][\/vc_row][vc_row type=\u00a0\u00bbfull_width_section\u00a0\u00bb][vc_column width=\u00a0\u00bb1\/2&Prime;][\/vc_column][vc_column width=\u00a0\u00bb1\/2&Prime;][\/vc_column][\/vc_row][vc_row bg_color=\u00a0\u00bb#00a7e0&Prime; text_color=\u00a0\u00bblight\u00a0\u00bb top_padding=\u00a0\u00bb80&Prime; bottom_padding=\u00a0\u00bb80&Prime;][vc_column bg_color=\u00a0\u00bb#00a7e0&Prime; text_align=\u00a0\u00bbcenter\u00a0\u00bb width=\u00a0\u00bb1\/1&Prime;][\/vc_column][\/vc_row][vc_row bg_color=\u00a0\u00bb#f4f4f4&Prime; top_padding=\u00a0\u00bb30&Prime;][vc_column width=\u00a0\u00bb1\/1&Prime;][vc_raw_html]JTNDZGl2JTNFJTBBJTIwJTIwJTIwJTIwJTIwJTIwJTNDZGl2JTNFJTBBJTIwJTIwJTIwJTIwJTIwJTIwJTIwJTIwJTNDaDElMjBzdHlsZSUzRCUyMmZvbnQtZmFtaWx5JTNBJTI3TW9udHNlcnJhdCUyNyUyQ0FyaWFsJTJDSGVsdmV0aWNhJTJDc2Fucy1zZXJpZiUzQiUyMHRleHQtYWxpZ24lM0FjZW50ZXIlM0IlMjBjb2xvciUzQWJsYWNrJTNCJTIyJTNFVU5FSVgtVEUlMjBBJTIwTEElMjBOT1NUUkElMjBORVdTTEVUVEVSJTNDJTJGaDElM0UlMEElMjAlMjAlMjAlMjAlMjAlMjAlMjAlMjAlM0NwJTIwc3R5bGUlM0QlMjJmb250LWZhbWlseSUzQSUyN01vbnRzZXJyYXQlMjclMkNBcmlhbCUyQ0hlbHZldGljYSUyQ3NhbnMtc2VyaWYlM0IlMjB0ZXh0LWFsaWduJTNBY2VudGVyJTNCJTIwY29sb3IlM0FibGFjayUzQiUyMiUzRUNvbmVpeCUyMGxlcyUyMG5vc3RyZXMlMjBub3ZldGF0cyUyMGFiYW5zJTIwcXVlJTIwbmluZyVDMyVCQSUyQyUyMGFzc2FiZW50YSUyN3QlMjBkZSUyMG5vdXMlMjBlc2RldmVuaW1lbnRzJTIwaSUyMGRlJTIwbW9sdCUyMG0lQzMlQTlzJTNDJTJGcCUzRSUwQSUyMCUyMCUyMCUyMCUyMCUyMCUzQyUyRmRpdiUzRSUwQSUyMCUyMCUyMCUyMCUzQyUyRmRpdiUzRQ==[\/vc_raw_html][\/vc_column][\/vc_row][vc_row bg_color=\u00a0\u00bb#f4f4f4&Prime; bottom_padding=\u00a0\u00bb15&Prime;][vc_column width=\u00a0\u00bb1\/1&Prime;][vc_raw_html el_class=\u00a0\u00bbpopmake-17165&Prime;]JTNDZGl2JTNFJTBBJTIwJTIwJTIwJTIwJTIwJTIwJTIwJTIwJTNDZGl2JTIwc3R5bGUlM0QlMjJtYXJnaW4tdG9wJTNBMjBweCUzQiUyMHRleHQtYWxpZ24lM0FjZW50ZXIlM0IlMjIlM0UlMEElMjAlMjAlMjAlMjAlMjAlMjAlMjAlMjAlMjAlMjAlM0NidXR0b24lMjBzdHlsZSUzRCUyMndpZHRoJTNBNTAlMjUlM0IlMjBwYWRkaW5nJTNBMTVweCUyMDIwcHglM0IlMjBib3JkZXItcmFkaXVzJTNBMjVweCUzQiUyMGJhY2tncm91bmQtY29sb3IlM0FibGFjayUzQiUyMGNvbG9yJTNBJTIzZjRmNGY0JTNCJTIwZm9udC13ZWlnaHQlM0Fib2xkJTNCJTIwYm9yZGVyJTNBMXB4JTIwc29saWQlMjBibGFjayUzQiUyMiUyMHR5cGUlM0QlMjJidXR0b24lMjIlM0VTVUJTQ1JJVS1URSUzQyUyRmJ1dHRvbiUzRSUwQSUyMCUyMCUyMCUyMCUyMCUyMCUyMCUyMCUzQyUyRmRpdiUzRSUwQSUyMCUyMCUyMCUyMCUyMCUyMCUzQyUyRmRpdiUzRQ==[\/vc_raw_html][\/vc_column][\/vc_row]<\/p>\n","protected":false},"author":1,"featured_media":0,"parent":0,"menu_order":0,"comment_status":"open","ping_status":"closed","template":"","meta":{"footnotes":""},"class_list":["post-33416","page","type-page","status-publish","hentry"],"_links":{"self":[{"href":"https:\/\/marinabadalona.cat\/fr\/wp-json\/wp\/v2\/pages\/33416","targetHints":{"allow":["GET"]}}],"collection":[{"href":"https:\/\/marinabadalona.cat\/fr\/wp-json\/wp\/v2\/pages"}],"about":[{"href":"https:\/\/marinabadalona.cat\/fr\/wp-json\/wp\/v2\/types\/page"}],"author":[{"embeddable":true,"href":"https:\/\/marinabadalona.cat\/fr\/wp-json\/wp\/v2\/users\/1"}],"replies":[{"embeddable":true,"href":"https:\/\/marinabadalona.cat\/fr\/wp-json\/wp\/v2\/comments?post=33416"}],"version-history":[{"count":5,"href":"https:\/\/marinabadalona.cat\/fr\/wp-json\/wp\/v2\/pages\/33416\/revisions"}],"predecessor-version":[{"id":37742,"href":"https:\/\/marinabadalona.cat\/fr\/wp-json\/wp\/v2\/pages\/33416\/revisions\/37742"}],"wp:attachment":[{"href":"https:\/\/marinabadalona.cat\/fr\/wp-json\/wp\/v2\/media?parent=33416"}],"curies":[{"name":"wp","href":"https:\/\/api.w.org\/{rel}","templated":true}]}}