
{"id":33431,"date":"2021-10-13T15:10:41","date_gmt":"2021-10-13T15:10:41","guid":{"rendered":"https:\/\/marinabadalona.cat\/campanyes\/"},"modified":"2024-03-18T08:45:31","modified_gmt":"2024-03-18T07:45:31","slug":"campanyes","status":"publish","type":"page","link":"https:\/\/marinabadalona.cat\/fr\/campanyes\/","title":{"rendered":"Campanyes Ambientals"},"content":{"rendered":"<div class=\"wpb-content-wrapper\"><p>[vc_row type=\u00a0\u00bbfull_width_section\u00a0\u00bb][vc_column width=\u00a0\u00bb1\/1&Prime;]\n\t\t\t<!-- START SLIDE HOME REVOLUTION SLIDER 6.7.34 --><p class=\"rs-p-wp-fix\"><\/p>\n\t\t\t<rs-module-wrap id=\"rev_slider_19_1_wrapper\" data-source=\"gallery\" style=\"visibility:hidden;background:#f0f0f0;padding:0;margin:0px auto;margin-top:0;margin-bottom:0;\">\n\t\t\t\t<rs-module id=\"rev_slider_19_1\" style=\"\" data-version=\"6.7.34\">\n\t\t\t\t\t<rs-slides style=\"overflow: hidden; position: absolute;\">\n\t\t\t\t\t\t<rs-slide style=\"position: absolute;\" data-key=\"rs-110\" data-title=\"El puerto que estas buscando\" data-thumb=\"\/\/marinabadalona.cat\/wp-content\/uploads\/2021\/10\/slide-home-vela-esports-marina-badalona-dortoka-100x50.jpg\" data-anim=\"adpr:false;\" data-in=\"o:0;\" data-out=\"a:false;\">\n\t\t\t\t\t\t\t<img decoding=\"async\" src=\"\/\/marinabadalona.cat\/wp-content\/plugins\/revslider\/sr6\/assets\/assets\/dummy.png\" alt=\"\" title=\"slide-home-vela-esports-marina-badalona-dortoka\" width=\"1920\" height=\"1080\" class=\"rev-slidebg tp-rs-img rs-lazyload\" data-lazyload=\"\/\/marinabadalona.cat\/wp-content\/uploads\/2021\/10\/slide-home-vela-esports-marina-badalona-dortoka.jpg\" data-no-retina>\n<!--\n\t\t\t\t\t\t\t--><rs-layer\n\t\t\t\t\t\t\t\tid=\"slider-19-slide-110-layer-1\" \n\t\t\t\t\t\t\t\tclass=\"mintibolddark\"\n\t\t\t\t\t\t\t\tdata-type=\"text\"\n\t\t\t\t\t\t\t\tdata-tsh=\"c:rgba(12,12,12,0.37);h:5px;v:5px;b:5px;\"\n\t\t\t\t\t\t\t\tdata-rsp_ch=\"on\"\n\t\t\t\t\t\t\t\tdata-xy=\"x:c;y:m;yo:-88px;\"\n\t\t\t\t\t\t\t\tdata-text=\"s:60,60,41,24;fw:700;a:center;\"\n\t\t\t\t\t\t\t\tdata-dim=\"w:auto,auto,754px,auto;\"\n\t\t\t\t\t\t\t\tdata-frame_1=\"e:power3.out;st:300;sR:300;\"\n\t\t\t\t\t\t\t\tdata-frame_999=\"st:w;sR:8400;auto:true;\"\n\t\t\t\t\t\t\t\tstyle=\"z-index:6;font-family:'Montserrat';\"\n\t\t\t\t\t\t\t>LE PORT QUE VOUS RECHERCHEZ\n \n\t\t\t\t\t\t\t<\/rs-layer><!--\n\n\t\t\t\t\t\t\t--><rs-layer\n\t\t\t\t\t\t\t\tid=\"slider-19-slide-110-layer-2\" \n\t\t\t\t\t\t\t\tclass=\"mintitextthingreynotcentered\"\n\t\t\t\t\t\t\t\tdata-type=\"text\"\n\t\t\t\t\t\t\t\tdata-tsh=\"c:rgba(12,12,12,0.37);h:5px;v:5px;b:5px;\"\n\t\t\t\t\t\t\t\tdata-rsp_ch=\"on\"\n\t\t\t\t\t\t\t\tdata-xy=\"x:c;xo:-5px;y:m;yo:-11px;\"\n\t\t\t\t\t\t\t\tdata-text=\"s:24,24,24,18;l:38,38,38,28;a:center;\"\n\t\t\t\t\t\t\t\tdata-frame_1=\"e:power3.out;st:500;sR:500;\"\n\t\t\t\t\t\t\t\tdata-frame_999=\"st:w;sR:8200;auto:true;\"\n\t\t\t\t\t\t\t\tstyle=\"z-index:7;font-family:'Open Sans';\"\n\t\t\t\t\t\t\t>Accessible, ouvert et comp\u00e9tent\n \n\t\t\t\t\t\t\t<\/rs-layer><!--\n-->\t\t\t\t\t<\/rs-slide>\n\t\t\t\t\t\t<rs-slide style=\"position: absolute;\" data-key=\"rs-111\" data-title=\"Y tu \u00bfen que navegar\u00e1s\" data-thumb=\"\/\/marinabadalona.cat\/wp-content\/uploads\/2021\/10\/slide-home-vela-marina-badalona-dortoka-100x50.jpg\" data-anim=\"adpr:false;\" data-in=\"o:0;\" data-out=\"a:false;\">\n\t\t\t\t\t\t\t<img decoding=\"async\" src=\"\/\/marinabadalona.cat\/wp-content\/plugins\/revslider\/sr6\/assets\/assets\/dummy.png\" alt=\"\" title=\"slide-home-vela-marina-badalona-dortoka\" width=\"1920\" height=\"1080\" class=\"rev-slidebg tp-rs-img rs-lazyload\" data-lazyload=\"\/\/marinabadalona.cat\/wp-content\/uploads\/2021\/10\/slide-home-vela-marina-badalona-dortoka.jpg\" data-no-retina>\n<!--\n\t\t\t\t\t\t\t--><rs-layer\n\t\t\t\t\t\t\t\tid=\"slider-19-slide-111-layer-1\" \n\t\t\t\t\t\t\t\tclass=\"mintibolddark\"\n\t\t\t\t\t\t\t\tdata-type=\"text\"\n\t\t\t\t\t\t\t\tdata-tsh=\"c:rgba(12,12,12,0.37);h:5px;v:5px;b:5px;\"\n\t\t\t\t\t\t\t\tdata-rsp_ch=\"on\"\n\t\t\t\t\t\t\t\tdata-xy=\"x:c;xo:2px,2px,2px,4px;y:m;yo:-69px,-69px,-69px,-77px;\"\n\t\t\t\t\t\t\t\tdata-text=\"s:60,60,49,28;l:70,70,57,32;fw:700;a:center;\"\n\t\t\t\t\t\t\t\tdata-dim=\"w:auto,auto,auto,393px;\"\n\t\t\t\t\t\t\t\tdata-frame_1=\"e:power3.out;st:300;sR:300;\"\n\t\t\t\t\t\t\t\tdata-frame_999=\"st:w;sR:8400;auto:true;\"\n\t\t\t\t\t\t\t\tstyle=\"z-index:8;font-family:'Montserrat';\"\n\t\t\t\t\t\t\t>ET VOUS, QUE FEREZ-VOUS EN <br>NAVIGUANT CETTE SAISON ? \n\t\t\t\t\t\t\t<\/rs-layer><!--\n\n\t\t\t\t\t\t\t--><rs-layer\n\t\t\t\t\t\t\t\tid=\"slider-19-slide-111-layer-2\" \n\t\t\t\t\t\t\t\tclass=\"mintitextthingreynotcentered\"\n\t\t\t\t\t\t\t\tdata-type=\"text\"\n\t\t\t\t\t\t\t\tdata-tsh=\"c:rgba(12,12,12,0.37);h:5px;v:5px;b:5px;\"\n\t\t\t\t\t\t\t\tdata-rsp_ch=\"on\"\n\t\t\t\t\t\t\t\tdata-xy=\"x:c;xo:3px,3px,3px,4px;y:m;yo:22px,22px,22px,27px;\"\n\t\t\t\t\t\t\t\tdata-text=\"s:30;l:38;a:center;\"\n\t\t\t\t\t\t\t\tdata-frame_1=\"e:power3.out;st:500;sR:500;\"\n\t\t\t\t\t\t\t\tdata-frame_999=\"st:w;sR:8200;auto:true;\"\n\t\t\t\t\t\t\t\tstyle=\"z-index:10;font-family:'Open Sans';\"\n\t\t\t\t\t\t\t>La mer vous attend \n\t\t\t\t\t\t\t<\/rs-layer><!--\n-->\t\t\t\t\t<\/rs-slide>\n\t\t\t\t\t\t<rs-slide style=\"position: absolute;\" data-key=\"rs-112\" data-title=\"Tu puerto en la costa\" data-thumb=\"\/\/marinabadalona.cat\/wp-content\/uploads\/2021\/10\/slide-home-vela-esports-detall-marina-badalona-dortoka-100x50.jpg\" data-anim=\"adpr:false;\" data-in=\"o:0;\" data-out=\"a:false;\">\n\t\t\t\t\t\t\t<img decoding=\"async\" src=\"\/\/marinabadalona.cat\/wp-content\/plugins\/revslider\/sr6\/assets\/assets\/dummy.png\" alt=\"\" title=\"slide-home-vela-esports-detall-marina-badalona-dortoka\" width=\"1920\" height=\"1080\" class=\"rev-slidebg tp-rs-img rs-lazyload\" data-lazyload=\"\/\/marinabadalona.cat\/wp-content\/uploads\/2021\/10\/slide-home-vela-esports-detall-marina-badalona-dortoka.jpg\" data-no-retina>\n<!--\n\t\t\t\t\t\t\t--><rs-layer\n\t\t\t\t\t\t\t\tid=\"slider-19-slide-112-layer-1\" \n\t\t\t\t\t\t\t\tclass=\"mintibolddark\"\n\t\t\t\t\t\t\t\tdata-type=\"text\"\n\t\t\t\t\t\t\t\tdata-tsh=\"c:rgba(12,12,12,0.37);h:5px;v:5px;b:5px;\"\n\t\t\t\t\t\t\t\tdata-rsp_ch=\"on\"\n\t\t\t\t\t\t\t\tdata-xy=\"x:c;xo:1px,1px,1px,-4px;y:m;yo:-84px,-84px,-84px,-101px;\"\n\t\t\t\t\t\t\t\tdata-text=\"s:60,60,56,28;l:68,68,63,32;fw:700;a:center;\"\n\t\t\t\t\t\t\t\tdata-dim=\"w:auto,auto,auto,364px;\"\n\t\t\t\t\t\t\t\tdata-frame_1=\"e:power3.out;st:300;sR:300;\"\n\t\t\t\t\t\t\t\tdata-frame_999=\"st:w;sR:8400;auto:true;\"\n\t\t\t\t\t\t\t\tstyle=\"z-index:6;font-family:'Montserrat';\"\n\t\t\t\t\t\t\t>VOTRE PORT SUR LA C\u00d4TE\n<br>DE BARCELONE \n\t\t\t\t\t\t\t<\/rs-layer><!--\n\n\t\t\t\t\t\t\t--><rs-layer\n\t\t\t\t\t\t\t\tid=\"slider-19-slide-112-layer-2\" \n\t\t\t\t\t\t\t\tclass=\"mintitextthingreynotcentered\"\n\t\t\t\t\t\t\t\tdata-type=\"text\"\n\t\t\t\t\t\t\t\tdata-tsh=\"c:rgba(12,12,12,0.37);h:5px;v:5px;b:5px;\"\n\t\t\t\t\t\t\t\tdata-rsp_ch=\"on\"\n\t\t\t\t\t\t\t\tdata-xy=\"x:c;xo:-8px,-8px,-8px,-2px;y:m;yo:6px,6px,6px,-22px;\"\n\t\t\t\t\t\t\t\tdata-text=\"s:30,30,30,17;l:38,38,38,22;a:center;\"\n\t\t\t\t\t\t\t\tdata-frame_1=\"e:power3.out;st:500;sR:500;\"\n\t\t\t\t\t\t\t\tdata-frame_999=\"st:w;sR:8200;auto:true;\"\n\t\t\t\t\t\t\t\tstyle=\"z-index:7;font-family:'Open Sans';\"\n\t\t\t\t\t\t\t>Centralit\u00e9 et dynamisme \n\t\t\t\t\t\t\t<\/rs-layer><!--\n-->\t\t\t\t\t<\/rs-slide>\n\t\t\t\t\t\t<rs-slide style=\"position: absolute;\" data-key=\"rs-113\" data-title=\"En ninguna parte tendran\" data-thumb=\"\/\/marinabadalona.cat\/wp-content\/uploads\/2021\/11\/slide-home-mar-marina-badalona-varadero-port-dortoka_2-100x50.jpg\" data-anim=\"adpr:false;\" data-in=\"o:0;col:400;\" data-out=\"a:false;\">\n\t\t\t\t\t\t\t<img decoding=\"async\" src=\"\/\/marinabadalona.cat\/wp-content\/plugins\/revslider\/sr6\/assets\/assets\/dummy.png\" alt=\"\" title=\"slide-home-mar-marina-badalona-varadero-port-dortoka_2\" width=\"1920\" height=\"1080\" class=\"rev-slidebg tp-rs-img rs-lazyload\" data-lazyload=\"\/\/marinabadalona.cat\/wp-content\/uploads\/2021\/11\/slide-home-mar-marina-badalona-varadero-port-dortoka_2.jpg\" data-no-retina>\n<!--\n\t\t\t\t\t\t\t--><rs-layer\n\t\t\t\t\t\t\t\tid=\"slider-19-slide-113-layer-1\" \n\t\t\t\t\t\t\t\tclass=\"mintibolddark\"\n\t\t\t\t\t\t\t\tdata-type=\"text\"\n\t\t\t\t\t\t\t\tdata-tsh=\"c:rgba(12,12,12,0.37);h:5px;v:5px;b:5px;\"\n\t\t\t\t\t\t\t\tdata-rsp_ch=\"on\"\n\t\t\t\t\t\t\t\tdata-xy=\"x:c;xo:3px;y:m;yo:-86px,-86px,-86px,-111px;\"\n\t\t\t\t\t\t\t\tdata-text=\"s:60,60,36,23;l:70,70,43,27;fw:700;a:center;\"\n\t\t\t\t\t\t\t\tdata-dim=\"w:auto,auto,730px,458px;\"\n\t\t\t\t\t\t\t\tdata-frame_1=\"e:power3.out;st:300;sR:300;\"\n\t\t\t\t\t\t\t\tdata-frame_999=\"st:w;sR:8400;auto:true;\"\n\t\t\t\t\t\t\t\tstyle=\"z-index:6;font-family:'Montserrat';\"\n\t\t\t\t\t\t\t>NULLE PART ILS N'AURONT SO <br> CAREFUL AVEC VOTRE BATEAU \n\t\t\t\t\t\t\t<\/rs-layer><!--\n\n\t\t\t\t\t\t\t--><rs-layer\n\t\t\t\t\t\t\t\tid=\"slider-19-slide-113-layer-2\" \n\t\t\t\t\t\t\t\tclass=\"mintitextthingreynotcentered\"\n\t\t\t\t\t\t\t\tdata-type=\"text\"\n\t\t\t\t\t\t\t\tdata-tsh=\"c:rgba(12,12,12,0.37);h:5px;v:5px;b:5px;\"\n\t\t\t\t\t\t\t\tdata-rsp_ch=\"on\"\n\t\t\t\t\t\t\t\tdata-xy=\"x:c;xo:0,0,0,-5px;y:m;yo:24px,24px,24px,-49px;\"\n\t\t\t\t\t\t\t\tdata-text=\"s:30,30,28,20;l:38,38,35,26;a:center;\"\n\t\t\t\t\t\t\t\tdata-frame_1=\"e:power3.out;st:500;sR:500;\"\n\t\t\t\t\t\t\t\tdata-frame_999=\"st:w;sR:8200;auto:true;\"\n\t\t\t\t\t\t\t\tstyle=\"z-index:7;font-family:'Open Sans';\"\n\t\t\t\t\t\t\t>Pour les installations et les professionnels \n\t\t\t\t\t\t\t<\/rs-layer><!--\n-->\t\t\t\t\t<\/rs-slide>\n\t\t\t\t\t\t<rs-slide style=\"position: absolute;\" data-key=\"rs-114\" data-title=\"Mucho m\u00e1s que un puerto\" data-thumb=\"\/\/marinabadalona.cat\/wp-content\/uploads\/2021\/11\/slide-home-port-aerea-marina-badalona-dortoka-100x50.jpg\" data-anim=\"adpr:false;\" data-in=\"o:0;col:400;\" data-out=\"a:false;\">\n\t\t\t\t\t\t\t<img decoding=\"async\" src=\"\/\/marinabadalona.cat\/wp-content\/plugins\/revslider\/sr6\/assets\/assets\/dummy.png\" alt=\"\" title=\"slide-home-port-aerea-marina-badalona-dortoka\" width=\"1920\" height=\"1080\" class=\"rev-slidebg tp-rs-img rs-lazyload\" data-lazyload=\"\/\/marinabadalona.cat\/wp-content\/uploads\/2021\/11\/slide-home-port-aerea-marina-badalona-dortoka.jpg\" data-no-retina>\n<!--\n\t\t\t\t\t\t\t--><rs-layer\n\t\t\t\t\t\t\t\tid=\"slider-19-slide-114-layer-1\" \n\t\t\t\t\t\t\t\tclass=\"mintibolddark\"\n\t\t\t\t\t\t\t\tdata-type=\"text\"\n\t\t\t\t\t\t\t\tdata-tsh=\"c:rgba(12,12,12,0.37);h:5px;v:5px;b:5px;\"\n\t\t\t\t\t\t\t\tdata-rsp_ch=\"on\"\n\t\t\t\t\t\t\t\tdata-xy=\"x:c;y:m;yo:-88px,-88px,-88px,-97px;\"\n\t\t\t\t\t\t\t\tdata-text=\"s:60,60,47,27;l:70,70,55,32;fw:700;a:center;\"\n\t\t\t\t\t\t\t\tdata-dim=\"w:auto,auto,auto,431px;\"\n\t\t\t\t\t\t\t\tdata-frame_1=\"e:power3.out;st:300;sR:300;\"\n\t\t\t\t\t\t\t\tdata-frame_999=\"st:w;sR:8400;auto:true;\"\n\t\t\t\t\t\t\t\tstyle=\"z-index:6;font-family:'Montserrat';\"\n\t\t\t\t\t\t\t>BIEN PLUS QU'UN PORT, <br>UN PROJET DE LA VILLE \n\t\t\t\t\t\t\t<\/rs-layer><!--\n\n\t\t\t\t\t\t\t--><rs-layer\n\t\t\t\t\t\t\t\tid=\"slider-19-slide-114-layer-2\" \n\t\t\t\t\t\t\t\tclass=\"mintitextthingreynotcentered\"\n\t\t\t\t\t\t\t\tdata-type=\"text\"\n\t\t\t\t\t\t\t\tdata-tsh=\"c:rgba(12,12,12,0.37);h:5px;v:5px;b:5px;\"\n\t\t\t\t\t\t\t\tdata-rsp_ch=\"on\"\n\t\t\t\t\t\t\t\tdata-xy=\"x:c;xo:-3px,-3px,-3px,-2px;y:m;yo:19px,19px,19px,-23px;\"\n\t\t\t\t\t\t\t\tdata-text=\"s:30,30,29,21;l:38,38,36,27;a:center;\"\n\t\t\t\t\t\t\t\tdata-frame_1=\"e:power3.out;st:500;sR:500;\"\n\t\t\t\t\t\t\t\tdata-frame_999=\"st:w;sR:8200;auto:true;\"\n\t\t\t\t\t\t\t\tstyle=\"z-index:7;font-family:'Open Sans';\"\n\t\t\t\t\t\t\t>La force motrice de la transformation du littoral \n\t\t\t\t\t\t\t<\/rs-layer><!--\n-->\t\t\t\t\t<\/rs-slide>\n\t\t\t\t\t<\/rs-slides>\n\t\t\t\t<\/rs-module>\n\t\t\t\t<script>\n\t\t\t\t\tsetREVStartSize({c: 'rev_slider_19_1',rl:[1240,1240,778,480],el:[890,890,960,720],gw:[1160,1160,778,480],gh:[890,890,960,720],type:'standard',justify:'',layout:'fullwidth',mh:\"890\"});if (window.RS_MODULES!==undefined && window.RS_MODULES.modules!==undefined && window.RS_MODULES.modules[\"revslider191\"]!==undefined) {window.RS_MODULES.modules[\"revslider191\"].once = false;window.revapi19 = undefined;if (window.RS_MODULES.checkMinimal!==undefined) window.RS_MODULES.checkMinimal()}\n\t\t\t\t<\/script>\n\t\t\t<\/rs-module-wrap>\n\t\t\t<!-- END REVOLUTION SLIDER -->\n[\/vc_column][\/vc_row][vc_row top_padding=\u00a0\u00bb100&Prime; bottom_padding=\u00a0\u00bb80&Prime;][vc_column width=\u00a0\u00bb1\/1&Prime;]<h1 class=\"headline font-special fontsize-xxl fontweight-500 lh-inherit align-center transform-inherit no-transform\" style=\"margin: 0 0 20px 0; color: #222222;\">CAMPANYES AMBIENTALS<\/h1><div class=\"headline font-special fontsize-l fontweight-400 lh-inherit align-center transform-inherit no-transform\" style=\"margin: 0 15%;\">I JO QU\u00c8 PUC FER?<\/div>[\/vc_column][\/vc_row][vc_row type=\u00a0\u00bbfull_width_section\u00a0\u00bb][vc_column width=\u00a0\u00bb1\/1&Prime;]<div class=\"divider divider1\" style='margin:0 !important;'><\/div>[\/vc_column][\/vc_row][vc_row type=\u00a0\u00bbfull_width_section\u00a0\u00bb][vc_column bg_color=\u00a0\u00bb#f9f9f9&Prime; column_padding=\u00a0\u00bbpadding-7&Prime; width=\u00a0\u00bb1\/2&Prime;]<div class=\"headline font-special fontsize-xs fontweight-700 lh-inherit align-left transform-uppercase \" style=\"margin: 0 0 10px 0; color: #999999;\">Campanyes<\/div><h2 class=\"headline font-special fontsize-xxxl fontweight-700 lh-12 align-left transform-uppercase \" style=\"margin: 0 0 0 0;\">UN ESPAI SENSIBLE DEL MEDITERRANI A PRESERVAR<\/h2><div class=\"divider divider5\" style='margin:10px 0 25px 0 !important;'><\/div>[vc_column_text]<\/p>\n<p style=\"text-align: justify;\">En el litoral de les comarques del Barcelon\u00e8s, el Maresme i la Selva en aig\u00fces molt freq\u00fcentades pels navegats d\u2019aquesta \u00e0rea i d\u2019aquest port, es troben\u00a0Els Canyons del Maresme<strong>,<\/strong> zona ZEPIM (Zona Especialment Protegida d\u2019Import\u00e0ncia per al Mediterrani) de gran profunditat rica en nutrients que atreu la diversitat de mam\u00edfers com el dof\u00ed llistat; el dof\u00ed d\u2019olla gris, el dof\u00ed mular o el rorqual com\u00fa (esp\u00e8cies incloses en el cat\u00e0leg nacional d\u2019esp\u00e8cies amena\u00e7ades).Per protegir aquest espai, com les Praderies de Posid\u00f2nia (planta singular, end\u00e8mica del Mediterrani, de gran import\u00e0ncia ecol\u00f2gica) que es mantenen en aig\u00fces de Matar\u00f3, el Port de Badalona recomana seguir el protocol de bones practiques de l\u2019albirament responsable d\u2019esp\u00e8cies i de fondeig, de pesca i de busseig, indicacions incloses en el Codi de Conducta Ambiental.<\/p>\n<div>\n<p style=\"text-align: justify;\">Podeu aprofitar:<br \/>\n<a href=\"http:\/\/www.submon.org\/\">www.submon.org<\/a><br \/>\n<a href=\"http:\/\/www.posimed.org\/\">www.posimed.org<\/a><\/p>\n<\/div>\n<p>[\/vc_column_text][\/vc_column][vc_column bg_image=\u00a0\u00bb37989&Prime; column_padding=\u00a0\u00bbpadding-5&Prime; column_center=\u00a0\u00bbtrue\u00a0\u00bb width=\u00a0\u00bb1\/2&Prime;]<div class=\"spacer\" style=\"height: 100pxpx;\"><\/div>[\/vc_column][\/vc_row][vc_row type=\u00a0\u00bbfull_width_section\u00a0\u00bb][vc_column bg_image=\u00a0\u00bb18726&Prime; column_padding=\u00a0\u00bbpadding-5&Prime; column_center=\u00a0\u00bbtrue\u00a0\u00bb width=\u00a0\u00bb1\/2&Prime;]<div class=\"spacer\" style=\"height: 200px;\"><\/div>[\/vc_column][vc_column bg_color=\u00a0\u00bb#222222&Prime; column_padding=\u00a0\u00bbpadding-7&Prime; text_color=\u00a0\u00bblight\u00a0\u00bb width=\u00a0\u00bb1\/2&Prime;]<div class=\"headline font-special fontsize-xs fontweight-700 lh-inherit align-left transform-uppercase ls-1\" style=\"margin: 0 0 10px 0; color: #999999;\">Campanyes<\/div><h2 class=\"headline font-special fontsize-xxxl fontweight-700 lh-12 align-left transform-uppercase \" style=\"margin: 0 0 0 0;\">FEM UNA NAVEGACI\u00d3 RESPONSABLE<br \/>\n<\/h2><div class=\"divider divider5\" style='margin:10px 0 25px 0 !important;'><\/div>[vc_column_text]Les faner\u00f2games marines s\u00f3n unes plantes protegides que trobem a tots els mars, per\u00f2 la Posidonia oceanica \u00e9s l&rsquo;\u00fanica nom\u00e9s es troba al Mediterrani. Els alguers, les zones on es reprodueixen, tamb\u00e9 s\u00f3n d&rsquo;una gran import\u00e0ncia pesquera. La seva preservaci\u00f3 \u00e9s clau per minimitzar els efectes del canvi clim\u00e0tic i afavorir la conservaci\u00f3 d&rsquo;esp\u00e8cies i ecosistemes. <span lang=\"ES\">Per navegar d&rsquo;una manera segura i conservar els ecosistemes marins hem de tenir presents els seg\u00fcents consells<\/span><\/p>\n<p>[\/vc_column_text]<div class=\"minti_list wpb_content_element color-grey line\" style=\"\">\n<ul>\n<li style=\"text-align: justify;\"><span lang=\"ES\">Respecta les zones i limitacions establertes pels serveis de temporada autoritzats i la normativa a les zones protegides.<\/span><\/li>\n<li style=\"text-align: justify;\"><span lang=\"ES\">Busca una zona de boies de fondeig per amarrar l&#8217;embarcaci\u00f3<\/span><\/li>\n<li style=\"text-align: justify;\"><span lang=\"ES\">Si no pots accedir a una zona de boies, procura buscar un fons sorrenc, o una clariana suficientment lluny de la praderia de faner\u00f2games.<\/span><\/li>\n<li style=\"text-align: justify;\"><span lang=\"ES\">Recorda que ancorar sobre praderies de faner\u00f2games marines \u00e9s inefica\u00e7, s&rsquo;encalla i destrueix els organismes que formen part de la comunitat.<\/span><\/li>\n<\/ul>\n<\/div>[vc_column_text]<span lang=\"ES\">Altrament, la Generalitat de Catalunya ha posat en marxa una nova eina per tenir la millor informaci\u00f3 disponible sobre el fons mar\u00ed. <\/span><span lang=\"FR\">L&rsquo;app FanCat et permet saber en tot moment, mentre navegues, on hi ha plantes a preservar. <\/span><span lang=\"ES\">Fem entre tots una navegaci\u00f3 m\u00e9s responsable. Obt\u00e9 tota la informaci\u00f3n <a href=\"http:\/\/agricultura.gencat.cat\/ca\/ambits\/pesca\/proteccio-recursos-litoral\/mar-som-responsables\/nautica-esbarjo-afectacio-habitats\/fondeig-respectuos-app-fancat\/\" target=\"_blank\" rel=\"noopener\">AQU\u00cd<\/a><\/span><\/p>\n<p>[\/vc_column_text][\/vc_column][\/vc_row][vc_row type=\u00a0\u00bbfull_width_section\u00a0\u00bb][vc_column bg_color=\u00a0\u00bb#f9f9f9&Prime; column_padding=\u00a0\u00bbpadding-7&Prime; width=\u00a0\u00bb1\/2&Prime;]<div class=\"headline font-special fontsize-xs fontweight-700 lh-inherit align-left transform-uppercase ls-1\" style=\"margin: 0 0 10px 0; color: #999999;\">Campanyes<\/div><h2 class=\"headline font-special fontsize-xxxl fontweight-700 lh-12 align-left transform-uppercase \" style=\"margin: 0 0 0 0;\">PREMIS SALVAMENT MAR\u00cdTIM ODS14<\/h2><div class=\"divider divider5\" style='margin:10px 0 25px 0 !important;'><\/div>[vc_column_text]<\/p>\n<p style=\"text-align: justify;\"><span lang=\"ES\">Seguint el programa\u00a0ODS\u00a014 de Nacions Unides per al desenvolupament sostenible dels oceans, mars i recursos marins, Salvament Mar\u00edtim ha convocat la cinquena edici\u00f3 dels seus Premis\u00a0ODS\u00a0amb l&rsquo;objectiu d&rsquo;impulsar i difondre iniciatives que contribueixin a aquest programa. Si tens un projecte\u00a0que contribueixi a la conservaci\u00f3 del medi ambient mar\u00ed, participa en una de les 2\u00a0categories d&rsquo;aquest concurs (Major contribuci\u00f3 i Millor iniciativa de sensibilitzaci\u00f3 de conservaci\u00f3 marina).<br \/>\nEls guanyadors rebran un premi honor\u00edfic (no comporta dotaci\u00f3 econ\u00f2mica).<\/span><\/p>\n<p style=\"text-align: justify;\">Podeu consultar la informaci\u00f3 del concurs <a href=\"http:\/\/www.salvamentomaritimo.es\/sala-de-comunicacion\/premios-salvamento-maritimo-ods14\" target=\"_blank\" rel=\"noopener\">AQU\u00cd<\/a><\/p>\n<div style=\"text-align: justify;\"><\/div>\n<p>[\/vc_column_text][\/vc_column][vc_column bg_image=\u00a0\u00bb18710&Prime; column_padding=\u00a0\u00bbpadding-5&Prime; column_center=\u00a0\u00bbtrue\u00a0\u00bb width=\u00a0\u00bb1\/2&Prime;]<div class=\"spacer\" style=\"height: 200px;\"><\/div>[\/vc_column][\/vc_row][vc_row type=\u00a0\u00bbfull_width_section\u00a0\u00bb][vc_column bg_image=\u00a0\u00bb18728&Prime; column_padding=\u00a0\u00bbpadding-5&Prime; column_center=\u00a0\u00bbtrue\u00a0\u00bb width=\u00a0\u00bb1\/2&Prime;]<div class=\"spacer\" style=\"height: 200px;\"><\/div>[\/vc_column][vc_column bg_color=\u00a0\u00bb#222222&Prime; column_padding=\u00a0\u00bbpadding-7&Prime; text_color=\u00a0\u00bblight\u00a0\u00bb width=\u00a0\u00bb1\/2&Prime;]<div class=\"headline font-special fontsize-xs fontweight-700 lh-inherit align-left transform-uppercase ls-1\" style=\"margin: 0 0 10px 0; color: #999999;\">Campanyes<\/div><h2 class=\"headline font-special fontsize-xxxl fontweight-700 lh-12 align-left transform-uppercase \" style=\"margin: 0 0 10 0;\">GAUDEIX RESPONSABLE<br \/>\n<\/h2><div class=\"divider divider5\" style='margin:10px 0 25px 0 !important;'><\/div>[vc_column_text]<\/p>\n<p style=\"text-align: justify;\"><span lang=\"ES\" style=\"color: #ffffff;\">Campanya d\u2019ANEN per conscienciar sobre la navegaci\u00f3 responsable i segura de motos aqu\u00e0tiques.<br \/>\nDes d&rsquo;ANEN,\u00a0 Associaci\u00f3 Nacional d\u2019Empreses N\u00e0utiques, han llan\u00e7at la campanya \u00ab\u00a0<b><u><a style=\"color: #ffffff;\" href=\"https:\/\/twitter.com\/DisfrutaRespon\" target=\"_blank\" rel=\"noopener\">Gaudeix Responsable<\/a><\/u><\/b>\u00a0\u00bb donat l&rsquo;increment del turisme n\u00e0utic i l&rsquo;augment d&rsquo;usuaris que han trobat en aquest sector, i especialment en el m\u00f3n de les motos aqu\u00e0tiques,\u00a0una alternativa d&rsquo;oci segura. Pilotar en hores de llum di\u00fcrna, consultar la informaci\u00f3 del temps abans de sortir a navegar (i con\u00e8ixer la terminologia), respectar les altres embarcacions&#8230; aquests s\u00f3n alguns dels consells i pautes que han elaborat perqu\u00e8, tot i\u00a0l&rsquo;increment d&rsquo;usuaris, es pugui continuar gaudint de la n\u00e0utica.<\/span><\/p>\n<p style=\"text-align: justify;\"><span style=\"color: #ffffff;\">Podeu consultar aquesta campanya fent <\/span>clic <a href=\"https:\/\/twitter.com\/DisfrutaRespon\" target=\"_blank\" rel=\"noopener\">AQU\u00cd<\/a><\/p>\n<p>[\/vc_column_text][\/vc_column][\/vc_row]<\/p>\n<\/div>","protected":false},"excerpt":{"rendered":"<p>[vc_row type=\u00a0\u00bbfull_width_section\u00a0\u00bb][vc_column width=\u00a0\u00bb1\/1&Prime;][\/vc_column][\/vc_row][vc_row top_padding=\u00a0\u00bb100&Prime; bottom_padding=\u00a0\u00bb80&Prime;][vc_column width=\u00a0\u00bb1\/1&Prime;][\/vc_column][\/vc_row][vc_row type=\u00a0\u00bbfull_width_section\u00a0\u00bb][vc_column width=\u00a0\u00bb1\/1&Prime;][\/vc_column][\/vc_row][vc_row type=\u00a0\u00bbfull_width_section\u00a0\u00bb][vc_column bg_color=\u00a0\u00bb#f9f9f9&Prime; column_padding=\u00a0\u00bbpadding-7&Prime; width=\u00a0\u00bb1\/2&Prime;][vc_column_text] En el litoral de les comarques del Barcelon\u00e8s, el Maresme i la Selva en aig\u00fces molt freq\u00fcentades pels navegats d\u2019aquesta \u00e0rea i d\u2019aquest port, es troben\u00a0Els Canyons del Maresme, zona ZEPIM (Zona Especialment Protegida d\u2019Import\u00e0ncia per al Mediterrani) de gran profunditat rica en nutrients que atreu la diversitat de mam\u00edfers com el dof\u00ed llistat; el dof\u00ed d\u2019olla gris, el dof\u00ed mular o el rorqual com\u00fa (esp\u00e8cies incloses en el cat\u00e0leg nacional d\u2019esp\u00e8cies amena\u00e7ades).Per protegir aquest espai, com les Praderies de Posid\u00f2nia (planta singular, end\u00e8mica del Mediterrani, de gran import\u00e0ncia ecol\u00f2gica) que es mantenen en aig\u00fces de Matar\u00f3, el Port de Badalona recomana seguir el protocol de bones practiques de l\u2019albirament responsable d\u2019esp\u00e8cies i de fondeig, de pesca i de busseig, indicacions incloses en el Codi de Conducta Ambiental. Podeu aprofitar: www.submon.org www.posimed.org [\/vc_column_text][\/vc_column][vc_column bg_image=\u00a0\u00bb37989&Prime; column_padding=\u00a0\u00bbpadding-5&Prime; column_center=\u00a0\u00bbtrue\u00a0\u00bb width=\u00a0\u00bb1\/2&Prime;][\/vc_column][\/vc_row][vc_row type=\u00a0\u00bbfull_width_section\u00a0\u00bb][vc_column bg_image=\u00a0\u00bb18726&Prime; column_padding=\u00a0\u00bbpadding-5&Prime; column_center=\u00a0\u00bbtrue\u00a0\u00bb width=\u00a0\u00bb1\/2&Prime;][\/vc_column][vc_column bg_color=\u00a0\u00bb#222222&Prime; column_padding=\u00a0\u00bbpadding-7&Prime; text_color=\u00a0\u00bblight\u00a0\u00bb width=\u00a0\u00bb1\/2&Prime;][vc_column_text]Les faner\u00f2games marines s\u00f3n unes plantes protegides que trobem a tots els mars, per\u00f2 la Posidonia oceanica \u00e9s l&rsquo;\u00fanica nom\u00e9s es troba al Mediterrani. Els alguers, les zones on es reprodueixen, tamb\u00e9 s\u00f3n d&rsquo;una gran import\u00e0ncia pesquera. La seva preservaci\u00f3 \u00e9s clau per [&hellip;]<\/p>\n","protected":false},"author":1,"featured_media":0,"parent":0,"menu_order":0,"comment_status":"closed","ping_status":"closed","template":"","meta":{"footnotes":""},"class_list":["post-33431","page","type-page","status-publish","hentry"],"_links":{"self":[{"href":"https:\/\/marinabadalona.cat\/fr\/wp-json\/wp\/v2\/pages\/33431","targetHints":{"allow":["GET"]}}],"collection":[{"href":"https:\/\/marinabadalona.cat\/fr\/wp-json\/wp\/v2\/pages"}],"about":[{"href":"https:\/\/marinabadalona.cat\/fr\/wp-json\/wp\/v2\/types\/page"}],"author":[{"embeddable":true,"href":"https:\/\/marinabadalona.cat\/fr\/wp-json\/wp\/v2\/users\/1"}],"replies":[{"embeddable":true,"href":"https:\/\/marinabadalona.cat\/fr\/wp-json\/wp\/v2\/comments?post=33431"}],"version-history":[{"count":1,"href":"https:\/\/marinabadalona.cat\/fr\/wp-json\/wp\/v2\/pages\/33431\/revisions"}],"predecessor-version":[{"id":37996,"href":"https:\/\/marinabadalona.cat\/fr\/wp-json\/wp\/v2\/pages\/33431\/revisions\/37996"}],"wp:attachment":[{"href":"https:\/\/marinabadalona.cat\/fr\/wp-json\/wp\/v2\/media?parent=33431"}],"curies":[{"name":"wp","href":"https:\/\/api.w.org\/{rel}","templated":true}]}}