
{"id":33445,"date":"2021-12-22T10:49:42","date_gmt":"2021-12-22T10:49:42","guid":{"rendered":"https:\/\/marinabadalona.cat\/area-tecnica\/"},"modified":"2024-01-19T10:46:26","modified_gmt":"2024-01-19T09:46:26","slug":"area-tecnica","status":"publish","type":"page","link":"https:\/\/marinabadalona.cat\/fr\/area-tecnica\/","title":{"rendered":"\u00c0REA T\u00c8CNICA"},"content":{"rendered":"<div class=\"wpb-content-wrapper\"><p>[vc_row type=\u00a0\u00bbfull_width_section\u00a0\u00bb][vc_column width=\u00a0\u00bb1\/1&Prime;][rev_slider_vc alias=\u00a0\u00bbslide-home\u00a0\u00bb][\/vc_column][\/vc_row][vc_row top_padding=\u00a0\u00bb100&Prime; bottom_padding=\u00a0\u00bb80&Prime;][vc_column width=\u00a0\u00bb1\/1&Prime;]<h1 class=\"headline font-special fontsize-xxxl fontweight-500 lh-inherit align-center transform-uppercase \" style=\"margin: 0 0 00px 0;\">LE MEILLEUR ENDROIT POUR VOTRE ENTREPRISE<\/h1><div class=\"headline font-special fontsize-l fontweight-400 lh-inherit align-center transform-inherit \" style=\"margin: 0 0 00px 0; color: #999999;\">VOUS AVEZ L&rsquo;ID\u00c9E ET NOUS AVONS L&rsquo;ESPACE POUR LA R\u00c9ALISER<br \/>\nD\u00c9COUVREZ TOUTES LES OPTIONS<\/div>[\/vc_column][\/vc_row][vc_row bg_color=\u00a0\u00bb#f9f9f9&Prime; top_padding=\u00a0\u00bb100&Prime; bottom_padding=\u00a0\u00bb80&Prime;][vc_column width=\u00a0\u00bb1\/2&Prime;]<h3 class=\"headline font-special fontsize-l fontweight-700 lh-inherit align-left transform-uppercase \" style=\"margin: 0 0 20px 0;\">Space technique<\/h3>[vc_column_text]<\/p>\n<p style=\"text-align: justify;\">L&rsquo;un des principaux avantages d&rsquo;avoir un local dans la zone technique du Port de Badalona est la proximit\u00e9, et donc l&rsquo;efficience et l&rsquo;efficacit\u00e9, d&rsquo;\u00eatre \u00e0 c\u00f4t\u00e9 des clients potentiels, des outils et de l&rsquo;espace pour le quai et des professionnels qui peuvent compl\u00e9ter ou avec qui nous pouvons \u00e9tablir des alliances dans le m\u00e9tier. Il ne faut pas perdre de vue que s&rsquo;il y a actuellement une estimation de 800 bateaux dans le port de Badalona (entre amarrages dans le miroir d&rsquo;eau et dans les produits secs), \u00e0 moyen terme s&rsquo;ajouteront les 200 unit\u00e9s du canal.<\/p>\n<p>[\/vc_column_text][\/vc_column][vc_column width=\u00a0\u00bb1\/2&Prime;]<div class=\"single_image wpb_content_element align-center    \" data-animation=\"none\" data-delay=\"0\"><img loading=\"lazy\" decoding=\"async\" width=\"1000\" height=\"1000\" src=\"https:\/\/marinabadalona.cat\/wp-content\/uploads\/2022\/01\/area-tecnica-marina-badalona.jpg\" class=\"attachment-full\" alt=\"\" title=\"area-tecnica-marina-badalona\" srcset=\"https:\/\/marinabadalona.cat\/wp-content\/uploads\/2022\/01\/area-tecnica-marina-badalona.jpg 1000w, https:\/\/marinabadalona.cat\/wp-content\/uploads\/2022\/01\/area-tecnica-marina-badalona-300x300.jpg 300w, https:\/\/marinabadalona.cat\/wp-content\/uploads\/2022\/01\/area-tecnica-marina-badalona-150x150.jpg 150w, https:\/\/marinabadalona.cat\/wp-content\/uploads\/2022\/01\/area-tecnica-marina-badalona-768x768.jpg 768w, https:\/\/marinabadalona.cat\/wp-content\/uploads\/2022\/01\/area-tecnica-marina-badalona-80x80.jpg 80w, https:\/\/marinabadalona.cat\/wp-content\/uploads\/2022\/01\/area-tecnica-marina-badalona-500x500.jpg 500w, https:\/\/marinabadalona.cat\/wp-content\/uploads\/2022\/01\/area-tecnica-marina-badalona-600x600.jpg 600w, https:\/\/marinabadalona.cat\/wp-content\/uploads\/2022\/01\/area-tecnica-marina-badalona-100x100.jpg 100w\" sizes=\"auto, (max-width: 1000px) 100vw, 1000px\" \/><\/div>[\/vc_column][\/vc_row][vc_row top_padding=\u00a0\u00bb100&Prime; bottom_padding=\u00a0\u00bb80&Prime;][vc_column width=\u00a0\u00bb1\/1&Prime;]<h1 class=\"headline font-special fontsize-xxxl fontweight-500 lh-inherit align-center transform-uppercase \" style=\"margin: 0 0 00px 0;\">OFFRE MODULAIRE AU PIED DU CHANTIER NAVAL<\/h1><div class=\"headline font-special fontsize-l fontweight-400 lh-inherit align-center transform-inherit \" style=\"margin: 0 0 00px 0; color: #999999;\">LA SITUATION DU PORT SUR LA C\u00d4TE CENTRALE DE BARCELONE MULTIPLIE LES POSSIBILIT\u00c9S D&rsquo;AFFAIRES<\/div>[\/vc_column][\/vc_row][vc_row section_arrow=\u00a0\u00bbfalse\u00a0\u00bb top_padding=\u00a0\u00bb0&Prime; bottom_padding=\u00a0\u00bb100&Prime; bg_position=\u00a0\u00bbleft top\u00a0\u00bb][vc_column width=\u00a0\u00bb1\/3&Prime;]<div class=\"iconbox  wpb_content_element iconbox-style-2 icon-color-accent color-dark clearfix\"><div class=\"iconbox-icon\"><img src='https:\/\/marinabadalona.cat\/wp-content\/uploads\/2021\/12\/ubicacion-1.png' class='iconimg' alt='EMPLACEMENT' \/><\/div><div class=\"iconbox-content\"><h3>EMPLACEMENT<\/h3><p>Le Port de Badalona consacre environ 10 000 m2 \u00e0 la zone technique, qui comprend le site du quai de 7 200 m2 qui abrite des espaces d&rsquo;ateliers pour offrir toutes les disciplines et modalit\u00e9s n\u00e9cessaires \u00e0 l&rsquo;entretien et au service de car\u00e9nage et r\u00e9paration pour les milliers de bateaux qui utilisent le Port &#8211; entre les amarres \u00e0 l&rsquo;eau et \u00e0 sec -, et les bateaux fournis par les op\u00e9rateurs du Port.<\/p><\/div><\/div><div class=\"spacer\" style=\"height: 10px;\"><\/div>[\/vc_column][vc_column width=\u00a0\u00bb1\/3&Prime;]<div class=\"iconbox  wpb_content_element iconbox-style-2 icon-color-accent color-dark clearfix\"><div class=\"iconbox-icon\"><img src='https:\/\/marinabadalona.cat\/wp-content\/uploads\/2021\/12\/superficie.png' class='iconimg' alt='SURFACE' \/><\/div><div class=\"iconbox-content\"><h3>SURFACE<\/h3><p>Il s&rsquo;agit de 7 ateliers dont les dimensions varient (selon les modules) de 75 \u00e0 250 m2, dans la structure de la marina s\u00e8che et des ateliers, avec acc\u00e8s ind\u00e9pendant ou depuis le quai lui-m\u00eame<\/p><\/div><\/div><div class=\"spacer\" style=\"height: 10px;\"><\/div>[\/vc_column][vc_column width=\u00a0\u00bb1\/3&Prime;]<div class=\"iconbox  wpb_content_element iconbox-style-2 icon-color-accent color-dark clearfix\"><div class=\"iconbox-icon\"><img src='https:\/\/marinabadalona.cat\/wp-content\/uploads\/2021\/12\/visibilitzar.png' class='iconimg' alt='VISIBILIT\u00c9' \/><\/div><div class=\"iconbox-content\"><h3>VISIBILIT\u00c9<\/h3><p>\u00c9valuer l&rsquo;opportunit\u00e9 et l&rsquo;efficacit\u00e9 d&rsquo;avoir l&rsquo;atelier du quai dans le m\u00eame environnement avec acc\u00e8s aux fournitures et \u00e0 l&rsquo;atelier de peinture, dans un espace bien connect\u00e9 et comp\u00e9titif sur la c\u00f4te centrale de Barcelone.<\/p><\/div><\/div><div class=\"spacer\" style=\"height: 10px;\"><\/div>[\/vc_column][\/vc_row][vc_row type=\u00a0\u00bbfull_width_section\u00a0\u00bb][vc_column width=\u00a0\u00bb1\/3&Prime;]<div class=\"single_image wpb_content_element align-left    \" data-animation=\"none\" data-delay=\"0\"><img loading=\"lazy\" decoding=\"async\" width=\"1000\" height=\"1000\" src=\"https:\/\/marinabadalona.cat\/wp-content\/uploads\/2022\/01\/area-tecnica-marina-badalona-detalle-2.jpg\" class=\"attachment-full\" alt=\"\" title=\"area-tecnica-marina-badalona-detalle-2\" srcset=\"https:\/\/marinabadalona.cat\/wp-content\/uploads\/2022\/01\/area-tecnica-marina-badalona-detalle-2.jpg 1000w, https:\/\/marinabadalona.cat\/wp-content\/uploads\/2022\/01\/area-tecnica-marina-badalona-detalle-2-300x300.jpg 300w, https:\/\/marinabadalona.cat\/wp-content\/uploads\/2022\/01\/area-tecnica-marina-badalona-detalle-2-150x150.jpg 150w, https:\/\/marinabadalona.cat\/wp-content\/uploads\/2022\/01\/area-tecnica-marina-badalona-detalle-2-768x768.jpg 768w, https:\/\/marinabadalona.cat\/wp-content\/uploads\/2022\/01\/area-tecnica-marina-badalona-detalle-2-80x80.jpg 80w, https:\/\/marinabadalona.cat\/wp-content\/uploads\/2022\/01\/area-tecnica-marina-badalona-detalle-2-500x500.jpg 500w, https:\/\/marinabadalona.cat\/wp-content\/uploads\/2022\/01\/area-tecnica-marina-badalona-detalle-2-600x600.jpg 600w, https:\/\/marinabadalona.cat\/wp-content\/uploads\/2022\/01\/area-tecnica-marina-badalona-detalle-2-100x100.jpg 100w\" sizes=\"auto, (max-width: 1000px) 100vw, 1000px\" \/><\/div>[\/vc_column][vc_column width=\u00a0\u00bb1\/3&Prime;]<div class=\"single_image wpb_content_element align-left    \" data-animation=\"none\" data-delay=\"0\"><img loading=\"lazy\" decoding=\"async\" width=\"1000\" height=\"1000\" src=\"https:\/\/marinabadalona.cat\/wp-content\/uploads\/2022\/01\/area-tecnica-marina-badalona-detalle.jpg\" class=\"attachment-full\" alt=\"\" title=\"area-tecnica-marina-badalona-detalle\" srcset=\"https:\/\/marinabadalona.cat\/wp-content\/uploads\/2022\/01\/area-tecnica-marina-badalona-detalle.jpg 1000w, https:\/\/marinabadalona.cat\/wp-content\/uploads\/2022\/01\/area-tecnica-marina-badalona-detalle-300x300.jpg 300w, https:\/\/marinabadalona.cat\/wp-content\/uploads\/2022\/01\/area-tecnica-marina-badalona-detalle-150x150.jpg 150w, https:\/\/marinabadalona.cat\/wp-content\/uploads\/2022\/01\/area-tecnica-marina-badalona-detalle-768x768.jpg 768w, https:\/\/marinabadalona.cat\/wp-content\/uploads\/2022\/01\/area-tecnica-marina-badalona-detalle-80x80.jpg 80w, https:\/\/marinabadalona.cat\/wp-content\/uploads\/2022\/01\/area-tecnica-marina-badalona-detalle-500x500.jpg 500w, https:\/\/marinabadalona.cat\/wp-content\/uploads\/2022\/01\/area-tecnica-marina-badalona-detalle-600x600.jpg 600w, https:\/\/marinabadalona.cat\/wp-content\/uploads\/2022\/01\/area-tecnica-marina-badalona-detalle-100x100.jpg 100w\" sizes=\"auto, (max-width: 1000px) 100vw, 1000px\" \/><\/div>[\/vc_column][vc_column width=\u00a0\u00bb1\/3&Prime;]<div class=\"single_image wpb_content_element align-left    \" data-animation=\"none\" data-delay=\"0\"><img decoding=\"async\" class=\"\" src=\"https:\/\/marinabadalona.cat\/wp-content\/uploads\/2022\/01\/area-tecnica-marina-badalona-3.jpg\" width=\"1000\" height=\"1000\" alt=\"area-tecnica-marina-badalona-3\" title=\"area-tecnica-marina-badalona-3\" loading=\"lazy\" \/><\/div>[\/vc_column][\/vc_row][vc_row bg_color=\u00a0\u00bb#00a7e0&Prime; top_padding=\u00a0\u00bb30&Prime;][vc_column width=\u00a0\u00bb1\/1&Prime;][vc_raw_html]JTNDZGl2JTNFJTBBJTIwJTIwJTIwJTIwJTIwJTIwJTNDZGl2JTNFJTBBJTIwJTIwJTIwJTIwJTIwJTIwJTIwJTIwJTNDaDElMjBzdHlsZSUzRCUyMmZvbnQtZmFtaWx5JTNBJTI3TW9udHNlcnJhdCUyNyUyQ0FyaWFsJTJDSGVsdmV0aWNhJTJDc2Fucy1zZXJpZiUzQiUyMHRleHQtYWxpZ24lM0FjZW50ZXIlM0IlMjBjb2xvciUzQXdoaXRlJTNCJTIyJTNFUkVKT0lORFJFJTIwTk9UUkUlMjBORVdTTEVUVEVSJTNDJTJGaDElM0UlMEElMjAlMjAlMjAlMjAlMjAlMjAlMjAlMjAlM0NwJTIwc3R5bGUlM0QlMjJmb250LWZhbWlseSUzQSUyN01vbnRzZXJyYXQlMjclMkNBcmlhbCUyQ0hlbHZldGljYSUyQ3NhbnMtc2VyaWYlM0IlMjB0ZXh0LWFsaWduJTNBY2VudGVyJTNCJTIwY29sb3IlM0F3aGl0ZSUzQiUyMiUzRUlsJTIwY29ubmElQzMlQUV0JTIwbm9zJTIwbm91dmVhdXQlQzMlQTlzJTIwYXZhbnQlMjB0b3V0JTJDJTIwaWwlMjBhcHByZW5kJTIwZGUlMjBub3V2ZWF1eCUyMCVDMyVBOXYlQzMlQTluZW1lbnRzJTIwZXQlMjBkZSUyMHRyJUMzJUE4cyUyMG0lQzMlQTlzJTNDJTJGcCUzRSUwQSUyMCUyMCUyMCUyMCUyMCUyMCUzQyUyRmRpdiUzRSUwQSUyMCUyMCUyMCUyMCUzQyUyRmRpdiUzRQ==[\/vc_raw_html][\/vc_column][\/vc_row][vc_row bg_color=\u00a0\u00bb#00a7e0&Prime; bottom_padding=\u00a0\u00bb15&Prime;][vc_column width=\u00a0\u00bb1\/1&Prime;][vc_raw_html el_class=\u00a0\u00bbpopmake-17165&Prime;]JTNDZGl2JTNFJTBBJTIwJTIwJTIwJTIwJTIwJTIwJTIwJTIwJTNDZGl2JTIwc3R5bGUlM0QlMjJtYXJnaW4tdG9wJTNBMjBweCUzQiUyMHRleHQtYWxpZ24lM0FjZW50ZXIlM0IlMjIlM0UlMEElMjAlMjAlMjAlMjAlMjAlMjAlMjAlMjAlMjAlMjAlM0NidXR0b24lMjBzdHlsZSUzRCUyMndpZHRoJTNBNTAlMjUlM0IlMjBwYWRkaW5nJTNBMTVweCUyMDIwcHglM0IlMjBib3JkZXItcmFkaXVzJTNBMjVweCUzQiUyMGJhY2tncm91bmQtY29sb3IlM0F3aGl0ZSUzQiUyMGNvbG9yJTNBJTIzMDBhN2UwJTNCJTIwZm9udC13ZWlnaHQlM0Fib2xkJTNCJTIwYm9yZGVyJTNBMXB4JTIwc29saWQlMjB3aGl0ZSUzQiUyMiUyMHR5cGUlM0QlMjJidXR0b24lMjIlM0VBQk9OTkVaLVZPVVMlM0MlMkZidXR0b24lM0UlMEElMjAlMjAlMjAlMjAlMjAlMjAlMjAlMjAlM0MlMkZkaXYlM0UlMEElMjAlMjAlMjAlMjAlMjAlMjAlM0MlMkZkaXYlM0U=[\/vc_raw_html][\/vc_column][\/vc_row]<\/p>\n<\/div>","protected":false},"excerpt":{"rendered":"<p>[vc_row type=\u00a0\u00bbfull_width_section\u00a0\u00bb][vc_column width=\u00a0\u00bb1\/1&Prime;][rev_slider_vc alias=\u00a0\u00bbslide-home\u00a0\u00bb][\/vc_column][\/vc_row][vc_row top_padding=\u00a0\u00bb100&Prime; bottom_padding=\u00a0\u00bb80&Prime;][vc_column width=\u00a0\u00bb1\/1&Prime;][\/vc_column][\/vc_row][vc_row bg_color=\u00a0\u00bb#f9f9f9&Prime; top_padding=\u00a0\u00bb100&Prime; bottom_padding=\u00a0\u00bb80&Prime;][vc_column width=\u00a0\u00bb1\/2&Prime;][vc_column_text] L&rsquo;un des principaux avantages d&rsquo;avoir un local dans la zone technique du Port de Badalona est la proximit\u00e9, et donc l&rsquo;efficience et l&rsquo;efficacit\u00e9, d&rsquo;\u00eatre \u00e0 c\u00f4t\u00e9 des clients potentiels, des outils et de l&rsquo;espace pour le quai et des professionnels qui peuvent compl\u00e9ter ou avec qui nous pouvons \u00e9tablir des alliances dans le m\u00e9tier. Il ne faut pas perdre de vue que s&rsquo;il y a actuellement une estimation de 800 bateaux dans le port de Badalona (entre amarrages dans le miroir d&rsquo;eau et dans les produits secs), \u00e0 moyen terme s&rsquo;ajouteront les 200 unit\u00e9s du canal. [\/vc_column_text][\/vc_column][vc_column width=\u00a0\u00bb1\/2&Prime;][\/vc_column][\/vc_row][vc_row top_padding=\u00a0\u00bb100&Prime; bottom_padding=\u00a0\u00bb80&Prime;][vc_column width=\u00a0\u00bb1\/1&Prime;][\/vc_column][\/vc_row][vc_row section_arrow=\u00a0\u00bbfalse\u00a0\u00bb top_padding=\u00a0\u00bb0&Prime; bottom_padding=\u00a0\u00bb100&Prime; bg_position=\u00a0\u00bbleft top\u00a0\u00bb][vc_column width=\u00a0\u00bb1\/3&Prime;][\/vc_column][vc_column width=\u00a0\u00bb1\/3&Prime;][\/vc_column][vc_column width=\u00a0\u00bb1\/3&Prime;][\/vc_column][\/vc_row][vc_row type=\u00a0\u00bbfull_width_section\u00a0\u00bb][vc_column width=\u00a0\u00bb1\/3&Prime;][\/vc_column][vc_column width=\u00a0\u00bb1\/3&Prime;][\/vc_column][vc_column width=\u00a0\u00bb1\/3&Prime;][\/vc_column][\/vc_row][vc_row bg_color=\u00a0\u00bb#00a7e0&Prime; top_padding=\u00a0\u00bb30&Prime;][vc_column width=\u00a0\u00bb1\/1&Prime;][vc_raw_html]JTNDZGl2JTNFJTBBJTIwJTIwJTIwJTIwJTIwJTIwJTNDZGl2JTNFJTBBJTIwJTIwJTIwJTIwJTIwJTIwJTIwJTIwJTNDaDElMjBzdHlsZSUzRCUyMmZvbnQtZmFtaWx5JTNBJTI3TW9udHNlcnJhdCUyNyUyQ0FyaWFsJTJDSGVsdmV0aWNhJTJDc2Fucy1zZXJpZiUzQiUyMHRleHQtYWxpZ24lM0FjZW50ZXIlM0IlMjBjb2xvciUzQXdoaXRlJTNCJTIyJTNFUkVKT0lORFJFJTIwTk9UUkUlMjBORVdTTEVUVEVSJTNDJTJGaDElM0UlMEElMjAlMjAlMjAlMjAlMjAlMjAlMjAlMjAlM0NwJTIwc3R5bGUlM0QlMjJmb250LWZhbWlseSUzQSUyN01vbnRzZXJyYXQlMjclMkNBcmlhbCUyQ0hlbHZldGljYSUyQ3NhbnMtc2VyaWYlM0IlMjB0ZXh0LWFsaWduJTNBY2VudGVyJTNCJTIwY29sb3IlM0F3aGl0ZSUzQiUyMiUzRUlsJTIwY29ubmElQzMlQUV0JTIwbm9zJTIwbm91dmVhdXQlQzMlQTlzJTIwYXZhbnQlMjB0b3V0JTJDJTIwaWwlMjBhcHByZW5kJTIwZGUlMjBub3V2ZWF1eCUyMCVDMyVBOXYlQzMlQTluZW1lbnRzJTIwZXQlMjBkZSUyMHRyJUMzJUE4cyUyMG0lQzMlQTlzJTNDJTJGcCUzRSUwQSUyMCUyMCUyMCUyMCUyMCUyMCUzQyUyRmRpdiUzRSUwQSUyMCUyMCUyMCUyMCUzQyUyRmRpdiUzRQ==[\/vc_raw_html][\/vc_column][\/vc_row][vc_row bg_color=\u00a0\u00bb#00a7e0&Prime; bottom_padding=\u00a0\u00bb15&Prime;][vc_column width=\u00a0\u00bb1\/1&Prime;][vc_raw_html el_class=\u00a0\u00bbpopmake-17165&Prime;]JTNDZGl2JTNFJTBBJTIwJTIwJTIwJTIwJTIwJTIwJTIwJTIwJTNDZGl2JTIwc3R5bGUlM0QlMjJtYXJnaW4tdG9wJTNBMjBweCUzQiUyMHRleHQtYWxpZ24lM0FjZW50ZXIlM0IlMjIlM0UlMEElMjAlMjAlMjAlMjAlMjAlMjAlMjAlMjAlMjAlMjAlM0NidXR0b24lMjBzdHlsZSUzRCUyMndpZHRoJTNBNTAlMjUlM0IlMjBwYWRkaW5nJTNBMTVweCUyMDIwcHglM0IlMjBib3JkZXItcmFkaXVzJTNBMjVweCUzQiUyMGJhY2tncm91bmQtY29sb3IlM0F3aGl0ZSUzQiUyMGNvbG9yJTNBJTIzMDBhN2UwJTNCJTIwZm9udC13ZWlnaHQlM0Fib2xkJTNCJTIwYm9yZGVyJTNBMXB4JTIwc29saWQlMjB3aGl0ZSUzQiUyMiUyMHR5cGUlM0QlMjJidXR0b24lMjIlM0VBQk9OTkVaLVZPVVMlM0MlMkZidXR0b24lM0UlMEElMjAlMjAlMjAlMjAlMjAlMjAlMjAlMjAlM0MlMkZkaXYlM0UlMEElMjAlMjAlMjAlMjAlMjAlMjAlM0MlMkZkaXYlM0U=[\/vc_raw_html][\/vc_column][\/vc_row]<\/p>\n","protected":false},"author":1,"featured_media":0,"parent":0,"menu_order":0,"comment_status":"open","ping_status":"closed","template":"","meta":{"footnotes":""},"class_list":["post-33445","page","type-page","status-publish","hentry"],"_links":{"self":[{"href":"https:\/\/marinabadalona.cat\/fr\/wp-json\/wp\/v2\/pages\/33445","targetHints":{"allow":["GET"]}}],"collection":[{"href":"https:\/\/marinabadalona.cat\/fr\/wp-json\/wp\/v2\/pages"}],"about":[{"href":"https:\/\/marinabadalona.cat\/fr\/wp-json\/wp\/v2\/types\/page"}],"author":[{"embeddable":true,"href":"https:\/\/marinabadalona.cat\/fr\/wp-json\/wp\/v2\/users\/1"}],"replies":[{"embeddable":true,"href":"https:\/\/marinabadalona.cat\/fr\/wp-json\/wp\/v2\/comments?post=33445"}],"version-history":[{"count":5,"href":"https:\/\/marinabadalona.cat\/fr\/wp-json\/wp\/v2\/pages\/33445\/revisions"}],"predecessor-version":[{"id":37829,"href":"https:\/\/marinabadalona.cat\/fr\/wp-json\/wp\/v2\/pages\/33445\/revisions\/37829"}],"wp:attachment":[{"href":"https:\/\/marinabadalona.cat\/fr\/wp-json\/wp\/v2\/media?parent=33445"}],"curies":[{"name":"wp","href":"https:\/\/api.w.org\/{rel}","templated":true}]}}