
{"id":33447,"date":"2021-12-22T10:48:36","date_gmt":"2021-12-22T10:48:36","guid":{"rendered":"https:\/\/marinabadalona.cat\/nou-espai-c-al-moll-capitania\/"},"modified":"2024-01-16T09:22:04","modified_gmt":"2024-01-16T08:22:04","slug":"nou-espai-c-al-moll-capitania","status":"publish","type":"page","link":"https:\/\/marinabadalona.cat\/fr\/nou-espai-c-al-moll-capitania\/","title":{"rendered":"NOU ESPAI C AL MOLL DE CAPITANIA"},"content":{"rendered":"<div class=\"wpb-content-wrapper\"><p>[vc_row type=\u00a0\u00bbfull_width_section\u00a0\u00bb][vc_column width=\u00a0\u00bb1\/1&Prime;][rev_slider_vc alias=\u00a0\u00bbslide-home\u00a0\u00bb][\/vc_column][\/vc_row][vc_row top_padding=\u00a0\u00bb100&Prime; bottom_padding=\u00a0\u00bb80&Prime;][vc_column width=\u00a0\u00bb1\/1&Prime;]<h1 class=\"headline font-special fontsize-xxxl fontweight-500 lh-inherit align-center transform-uppercase \" style=\"margin: 0 0 00px 0;\">LE MEILLEUR ENDROIT POUR VOTRE ENTREPRISE<\/h1><div class=\"headline font-special fontsize-l fontweight-400 lh-inherit align-center transform-inherit \" style=\"margin: 0 0 00px 0; color: #999999;\">VOUS AVEZ L&rsquo;ID\u00c9E ET NOUS AVONS L&rsquo;ESPACE POUR LA R\u00c9ALISER. D\u00c9COUVREZ TOUTES LES OPTIONS<\/div>[\/vc_column][\/vc_row][vc_row bg_color=\u00a0\u00bb#f9f9f9&Prime; top_padding=\u00a0\u00bb100&Prime; bottom_padding=\u00a0\u00bb80&Prime;][vc_column width=\u00a0\u00bb1\/2&Prime;]<h3 class=\"headline font-special fontsize-l fontweight-700 lh-inherit align-left transform-uppercase \" style=\"margin: 0 0 20px 0;\">QUAI DE L&rsquo;ESPACE C CAPITANIA<\/h3>[vc_column_text]L&rsquo;Espace C du Moll de Capitania r\u00e9pond au besoin d&rsquo;agrandir les espaces destin\u00e9s \u00e0 des usages li\u00e9s au nautique. Il s&rsquo;agit d&rsquo;un module de 475 m2 en plan, structur\u00e9 en 2 espaces diff\u00e9rents de 226m2 et 187m2 qui disposera \u00e9galement de 10 amarres nouvellement cr\u00e9\u00e9es dans le Moll de Capitania et dans l&rsquo;exposition de bateaux sur la terrasse attenante. Il est compl\u00e9t\u00e9 par un espace de 60 m2 destin\u00e9 \u00e0 la restauration pour doter cette Jet\u00e9e d&rsquo;une offre gastronomique.<\/p>\n<p>L&rsquo;Espace C du Captain&rsquo;s Pier b\u00e9n\u00e9ficie d&rsquo;un emplacement privil\u00e9gi\u00e9, avec une exposition maximale : sur la voie de circulation des utilisateurs du Captain&rsquo;s Building, tr\u00e8s visible dans le canal d&rsquo;acc\u00e8s \u00e0 la rampe et dans la zone technique et jet\u00e9e et, \u00e9videmment, identifiable de l&#8217;embouchure du Port.[\/vc_column_text][\/vc_column][vc_column width=\u00a0\u00bb1\/2&Prime;]<div class=\"single_image wpb_content_element align-center    \" data-animation=\"none\" data-delay=\"0\"><img loading=\"lazy\" decoding=\"async\" width=\"1000\" height=\"1000\" src=\"https:\/\/marinabadalona.cat\/wp-content\/uploads\/2022\/01\/espai-c-moll-de-capitania.jpg\" class=\"attachment-full\" alt=\"\" title=\"espai-c-moll-de-capitania\" srcset=\"https:\/\/marinabadalona.cat\/wp-content\/uploads\/2022\/01\/espai-c-moll-de-capitania.jpg 1000w, https:\/\/marinabadalona.cat\/wp-content\/uploads\/2022\/01\/espai-c-moll-de-capitania-300x300.jpg 300w, https:\/\/marinabadalona.cat\/wp-content\/uploads\/2022\/01\/espai-c-moll-de-capitania-150x150.jpg 150w, https:\/\/marinabadalona.cat\/wp-content\/uploads\/2022\/01\/espai-c-moll-de-capitania-768x768.jpg 768w, https:\/\/marinabadalona.cat\/wp-content\/uploads\/2022\/01\/espai-c-moll-de-capitania-80x80.jpg 80w, https:\/\/marinabadalona.cat\/wp-content\/uploads\/2022\/01\/espai-c-moll-de-capitania-500x500.jpg 500w, https:\/\/marinabadalona.cat\/wp-content\/uploads\/2022\/01\/espai-c-moll-de-capitania-600x600.jpg 600w, https:\/\/marinabadalona.cat\/wp-content\/uploads\/2022\/01\/espai-c-moll-de-capitania-100x100.jpg 100w\" sizes=\"auto, (max-width: 1000px) 100vw, 1000px\" \/><\/div>[\/vc_column][\/vc_row][vc_row top_padding=\u00a0\u00bb100&Prime; bottom_padding=\u00a0\u00bb80&Prime;][vc_column width=\u00a0\u00bb1\/1&Prime;]<h1 class=\"headline font-special fontsize-xxxl fontweight-500 lh-inherit align-center transform-uppercase \" style=\"margin: 0 0 00px 0;\">PLUS D&rsquo;ESPACES NAUTIQUES, PLUS D&rsquo;\u00c9CONOMIE BLEUE<\/h1><div class=\"headline font-special fontsize-l fontweight-400 lh-inherit align-center transform-inherit \" style=\"margin: 0 0 00px 0; color: #999999;\">NOUS AJOUTONS DES ESPACES LI\u00c9S AUX AMARRAGES<\/div>[\/vc_column][\/vc_row][vc_row section_arrow=\u00a0\u00bbfalse\u00a0\u00bb top_padding=\u00a0\u00bb0&Prime; bottom_padding=\u00a0\u00bb100&Prime; bg_position=\u00a0\u00bbleft top\u00a0\u00bb][vc_column width=\u00a0\u00bb1\/3&Prime;]<div class=\"iconbox  wpb_content_element iconbox-style-2 icon-color-accent color-dark clearfix\"><div class=\"iconbox-icon\"><img src='https:\/\/marinabadalona.cat\/wp-content\/uploads\/2021\/12\/ubicacion-1.png' class='iconimg' alt='EMPLACEMENT' \/><\/div><div class=\"iconbox-content\"><h3>EMPLACEMENT<\/h3><p>L&rsquo;Espace C du Moll de Capitania r\u00e9pond au besoin d&rsquo;agrandir les espaces destin\u00e9s aux usages nautiques initialement situ\u00e9s sur le Moll de Ribera<\/p><\/div><\/div><div class=\"spacer\" style=\"height: 70px;\"><\/div><div class=\"iconbox  wpb_content_element iconbox-style-2 icon-color-accent color-dark clearfix\"><div class=\"iconbox-icon\"><img src='https:\/\/marinabadalona.cat\/wp-content\/uploads\/2021\/12\/visibilitzar.png' class='iconimg' alt='VISIBILIT\u00c9' \/><\/div><div class=\"iconbox-content\"><h3>VISIBILIT\u00c9<\/h3><p>L&rsquo;Espace C du Captain&rsquo;s Pier b\u00e9n\u00e9ficie d&rsquo;un emplacement privil\u00e9gi\u00e9, avec une exposition maximale : sur la voie de circulation des utilisateurs du Captain&rsquo;s Building, tr\u00e8s visible dans le canal d&rsquo;acc\u00e8s \u00e0 la rampe et dans la zone technique et, \u00e9videmment, perceptible depuis l&#8217;embouchure du Port<\/p><\/div><\/div>[\/vc_column][vc_column width=\u00a0\u00bb1\/3&Prime;]<div class=\"iconbox  wpb_content_element iconbox-style-2 icon-color-accent color-dark clearfix\"><div class=\"iconbox-icon\"><img src='https:\/\/marinabadalona.cat\/wp-content\/uploads\/2021\/12\/superficie.png' class='iconimg' alt='SURFACE' \/><\/div><div class=\"iconbox-content\"><h3>SURFACE<\/h3><p>Il s&rsquo;agit d&rsquo;un module de 475 m2 en plan, structur\u00e9 en 2 espaces distincts de 226 m2 et 187 m2 li\u00e9s \u00e0 10 unit\u00e9s d&rsquo;amarrage nouvellement cr\u00e9\u00e9es sur le Moll de Capitania et \u00e0 l&rsquo;exposition de bateaux sur la terrasse attenante.<\/p><\/div><\/div><div class=\"spacer\" style=\"height: 10px;\"><\/div><div class=\"iconbox  wpb_content_element iconbox-style-2 icon-color-accent color-dark clearfix\"><div class=\"iconbox-icon\"><img src='https:\/\/marinabadalona.cat\/wp-content\/uploads\/2021\/12\/superficie.png' class='iconimg' alt='LOCAUX DISPONIBLES' \/><\/div><div class=\"iconbox-content\"><h3>LOCAUX DISPONIBLES<\/h3><p>Disponibilit\u00e9. V\u00e9rifiez quels espaces nous pouvons vous offrir \u00e0 cet endroit.<\/p><\/div><\/div>[\/vc_column][vc_column width=\u00a0\u00bb1\/3&Prime;]<div class=\"iconbox  wpb_content_element iconbox-style-2 icon-color-accent color-dark clearfix\"><div class=\"iconbox-icon\"><img src='https:\/\/marinabadalona.cat\/wp-content\/uploads\/2021\/12\/restauracio.png' class='iconimg' alt='RESTAURATION' \/><\/div><div class=\"iconbox-content\"><h3>RESTAURATION<\/h3><p>Il est compl\u00e9t\u00e9 par un espace de 60m2 destin\u00e9 \u00e0 la restauration pour offrir \u00e0 ce Pier une offre gastronomique<\/p><\/div><\/div><div class=\"spacer\" style=\"height: 10px;\"><\/div>[\/vc_column][\/vc_row][vc_row type=\u00a0\u00bbfull_width_section\u00a0\u00bb][vc_column width=\u00a0\u00bb1\/3&Prime;]<div class=\"single_image wpb_content_element align-left    \" data-animation=\"none\" data-delay=\"0\"><img loading=\"lazy\" decoding=\"async\" width=\"1000\" height=\"1000\" src=\"https:\/\/marinabadalona.cat\/wp-content\/uploads\/2022\/01\/moll-c-capitania-marina-badalona-4.jpg\" class=\"attachment-full\" alt=\"\" title=\"moll-c-capitania-marina-badalona-4\" srcset=\"https:\/\/marinabadalona.cat\/wp-content\/uploads\/2022\/01\/moll-c-capitania-marina-badalona-4.jpg 1000w, https:\/\/marinabadalona.cat\/wp-content\/uploads\/2022\/01\/moll-c-capitania-marina-badalona-4-300x300.jpg 300w, https:\/\/marinabadalona.cat\/wp-content\/uploads\/2022\/01\/moll-c-capitania-marina-badalona-4-150x150.jpg 150w, https:\/\/marinabadalona.cat\/wp-content\/uploads\/2022\/01\/moll-c-capitania-marina-badalona-4-768x768.jpg 768w, https:\/\/marinabadalona.cat\/wp-content\/uploads\/2022\/01\/moll-c-capitania-marina-badalona-4-80x80.jpg 80w, https:\/\/marinabadalona.cat\/wp-content\/uploads\/2022\/01\/moll-c-capitania-marina-badalona-4-500x500.jpg 500w, https:\/\/marinabadalona.cat\/wp-content\/uploads\/2022\/01\/moll-c-capitania-marina-badalona-4-600x600.jpg 600w, https:\/\/marinabadalona.cat\/wp-content\/uploads\/2022\/01\/moll-c-capitania-marina-badalona-4-100x100.jpg 100w\" sizes=\"auto, (max-width: 1000px) 100vw, 1000px\" \/><\/div>[\/vc_column][vc_column width=\u00a0\u00bb1\/3&Prime;]<div class=\"single_image wpb_content_element align-left    \" data-animation=\"none\" data-delay=\"0\"><img loading=\"lazy\" decoding=\"async\" width=\"1000\" height=\"1000\" src=\"https:\/\/marinabadalona.cat\/wp-content\/uploads\/2022\/01\/moll-c-capitania-marina-badalona-7.jpg\" class=\"attachment-full\" alt=\"\" title=\"moll-c-capitania-marina-badalona-7\" srcset=\"https:\/\/marinabadalona.cat\/wp-content\/uploads\/2022\/01\/moll-c-capitania-marina-badalona-7.jpg 1000w, https:\/\/marinabadalona.cat\/wp-content\/uploads\/2022\/01\/moll-c-capitania-marina-badalona-7-300x300.jpg 300w, https:\/\/marinabadalona.cat\/wp-content\/uploads\/2022\/01\/moll-c-capitania-marina-badalona-7-150x150.jpg 150w, https:\/\/marinabadalona.cat\/wp-content\/uploads\/2022\/01\/moll-c-capitania-marina-badalona-7-768x768.jpg 768w, https:\/\/marinabadalona.cat\/wp-content\/uploads\/2022\/01\/moll-c-capitania-marina-badalona-7-80x80.jpg 80w, https:\/\/marinabadalona.cat\/wp-content\/uploads\/2022\/01\/moll-c-capitania-marina-badalona-7-500x500.jpg 500w, https:\/\/marinabadalona.cat\/wp-content\/uploads\/2022\/01\/moll-c-capitania-marina-badalona-7-600x600.jpg 600w, https:\/\/marinabadalona.cat\/wp-content\/uploads\/2022\/01\/moll-c-capitania-marina-badalona-7-100x100.jpg 100w\" sizes=\"auto, (max-width: 1000px) 100vw, 1000px\" \/><\/div>[\/vc_column][vc_column width=\u00a0\u00bb1\/3&Prime;]<div class=\"single_image wpb_content_element align-left    \" data-animation=\"none\" data-delay=\"0\"><img decoding=\"async\" class=\"\" src=\"https:\/\/marinabadalona.cat\/wp-content\/uploads\/2022\/01\/moll-c-capitania-marina-badalona-8.jpg\" width=\"1000\" height=\"1000\" alt=\"moll-c-capitania-marina-badalona-8\" title=\"moll-c-capitania-marina-badalona-8\" loading=\"lazy\" \/><\/div>[\/vc_column][\/vc_row][vc_row bg_color=\u00a0\u00bb#f4f4f4&Prime; top_padding=\u00a0\u00bb30&Prime;][vc_column width=\u00a0\u00bb1\/1&Prime;][vc_raw_html]JTNDZGl2JTNFJTBBJTIwJTIwJTIwJTIwJTIwJTIwJTNDZGl2JTNFJTBBJTIwJTIwJTIwJTIwJTIwJTIwJTIwJTIwJTNDaDElMjBzdHlsZSUzRCUyMmZvbnQtZmFtaWx5JTNBJTI3TW9udHNlcnJhdCUyNyUyQ0FyaWFsJTJDSGVsdmV0aWNhJTJDc2Fucy1zZXJpZiUzQiUyMHRleHQtYWxpZ24lM0FjZW50ZXIlM0IlMjBjb2xvciUzQWJsYWNrJTNCJTIyJTNFUkVKT0lORFJFJTIwTk9UUkUlMjBORVdTTEVUVEVSJTNDJTJGaDElM0UlMEElMjAlMjAlMjAlMjAlMjAlMjAlMjAlMjAlM0NwJTIwc3R5bGUlM0QlMjJmb250LWZhbWlseSUzQSUyN01vbnRzZXJyYXQlMjclMkNBcmlhbCUyQ0hlbHZldGljYSUyQ3NhbnMtc2VyaWYlM0IlMjB0ZXh0LWFsaWduJTNBY2VudGVyJTNCJTIwY29sb3IlM0FibGFjayUzQiUyMiUzRUlsJTIwY29ubmElQzMlQUV0JTIwbm9zJTIwbm91dmVhdXQlQzMlQTlzJTIwYXZhbnQlMjB0b3V0JTJDJTIwaWwlMjBhcHByZW5kJTIwZGUlMjBub3V2ZWF1eCUyMCVDMyVBOXYlQzMlQTluZW1lbnRzJTIwZXQlMjBkZSUyMHRyJUMzJUE4cyUyMG0lQzMlQTlzJTNDJTJGcCUzRSUwQSUyMCUyMCUyMCUyMCUyMCUyMCUzQyUyRmRpdiUzRSUwQSUyMCUyMCUyMCUyMCUzQyUyRmRpdiUzRQ==[\/vc_raw_html][\/vc_column][\/vc_row][vc_row bg_color=\u00a0\u00bb#f4f4f4&Prime; bottom_padding=\u00a0\u00bb15&Prime;][vc_column width=\u00a0\u00bb1\/1&Prime;][vc_raw_html el_class=\u00a0\u00bbpopmake-17165&Prime;]JTNDZGl2JTNFJTBBJTIwJTIwJTIwJTIwJTIwJTIwJTIwJTIwJTNDZGl2JTIwc3R5bGUlM0QlMjJtYXJnaW4tdG9wJTNBMjBweCUzQiUyMHRleHQtYWxpZ24lM0FjZW50ZXIlM0IlMjIlM0UlMEElMjAlMjAlMjAlMjAlMjAlMjAlMjAlMjAlMjAlMjAlM0NidXR0b24lMjBzdHlsZSUzRCUyMndpZHRoJTNBNTAlMjUlM0IlMjBwYWRkaW5nJTNBMTVweCUyMDIwcHglM0IlMjBib3JkZXItcmFkaXVzJTNBMjVweCUzQiUyMGJhY2tncm91bmQtY29sb3IlM0FibGFjayUzQiUyMGNvbG9yJTNBJTIzZjRmNGY0JTNCJTIwZm9udC13ZWlnaHQlM0Fib2xkJTNCJTIwYm9yZGVyJTNBMXB4JTIwc29saWQlMjBibGFjayUzQiUyMiUyMHR5cGUlM0QlMjJidXR0b24lMjIlM0VBQk9OTkVaLVZPVVMlM0MlMkZidXR0b24lM0UlMEElMjAlMjAlMjAlMjAlMjAlMjAlMjAlMjAlM0MlMkZkaXYlM0UlMEElMjAlMjAlMjAlMjAlMjAlMjAlM0MlMkZkaXYlM0U=[\/vc_raw_html][\/vc_column][\/vc_row]<\/p>\n<\/div>","protected":false},"excerpt":{"rendered":"<p>[vc_row type=\u00a0\u00bbfull_width_section\u00a0\u00bb][vc_column width=\u00a0\u00bb1\/1&Prime;][rev_slider_vc alias=\u00a0\u00bbslide-home\u00a0\u00bb][\/vc_column][\/vc_row][vc_row top_padding=\u00a0\u00bb100&Prime; bottom_padding=\u00a0\u00bb80&Prime;][vc_column width=\u00a0\u00bb1\/1&Prime;][\/vc_column][\/vc_row][vc_row bg_color=\u00a0\u00bb#f9f9f9&Prime; top_padding=\u00a0\u00bb100&Prime; bottom_padding=\u00a0\u00bb80&Prime;][vc_column width=\u00a0\u00bb1\/2&Prime;][vc_column_text]L&rsquo;Espace C du Moll de Capitania r\u00e9pond au besoin d&rsquo;agrandir les espaces destin\u00e9s \u00e0 des usages li\u00e9s au nautique. Il s&rsquo;agit d&rsquo;un module de 475 m2 en plan, structur\u00e9 en 2 espaces diff\u00e9rents de 226m2 et 187m2 qui disposera \u00e9galement de 10 amarres nouvellement cr\u00e9\u00e9es dans le Moll de Capitania et dans l&rsquo;exposition de bateaux sur la terrasse attenante. Il est compl\u00e9t\u00e9 par un espace de 60 m2 destin\u00e9 \u00e0 la restauration pour doter cette Jet\u00e9e d&rsquo;une offre gastronomique. L&rsquo;Espace C du Captain&rsquo;s Pier b\u00e9n\u00e9ficie d&rsquo;un emplacement privil\u00e9gi\u00e9, avec une exposition maximale : sur la voie de circulation des utilisateurs du Captain&rsquo;s Building, tr\u00e8s visible dans le canal d&rsquo;acc\u00e8s \u00e0 la rampe et dans la zone technique et jet\u00e9e et, \u00e9videmment, identifiable de l&#8217;embouchure du Port.[\/vc_column_text][\/vc_column][vc_column width=\u00a0\u00bb1\/2&Prime;][\/vc_column][\/vc_row][vc_row top_padding=\u00a0\u00bb100&Prime; bottom_padding=\u00a0\u00bb80&Prime;][vc_column width=\u00a0\u00bb1\/1&Prime;][\/vc_column][\/vc_row][vc_row section_arrow=\u00a0\u00bbfalse\u00a0\u00bb top_padding=\u00a0\u00bb0&Prime; bottom_padding=\u00a0\u00bb100&Prime; bg_position=\u00a0\u00bbleft top\u00a0\u00bb][vc_column width=\u00a0\u00bb1\/3&Prime;][\/vc_column][vc_column width=\u00a0\u00bb1\/3&Prime;][\/vc_column][vc_column width=\u00a0\u00bb1\/3&Prime;][\/vc_column][\/vc_row][vc_row type=\u00a0\u00bbfull_width_section\u00a0\u00bb][vc_column width=\u00a0\u00bb1\/3&Prime;][\/vc_column][vc_column width=\u00a0\u00bb1\/3&Prime;][\/vc_column][vc_column width=\u00a0\u00bb1\/3&Prime;][\/vc_column][\/vc_row][vc_row bg_color=\u00a0\u00bb#f4f4f4&Prime; top_padding=\u00a0\u00bb30&Prime;][vc_column width=\u00a0\u00bb1\/1&Prime;][vc_raw_html]JTNDZGl2JTNFJTBBJTIwJTIwJTIwJTIwJTIwJTIwJTNDZGl2JTNFJTBBJTIwJTIwJTIwJTIwJTIwJTIwJTIwJTIwJTNDaDElMjBzdHlsZSUzRCUyMmZvbnQtZmFtaWx5JTNBJTI3TW9udHNlcnJhdCUyNyUyQ0FyaWFsJTJDSGVsdmV0aWNhJTJDc2Fucy1zZXJpZiUzQiUyMHRleHQtYWxpZ24lM0FjZW50ZXIlM0IlMjBjb2xvciUzQWJsYWNrJTNCJTIyJTNFUkVKT0lORFJFJTIwTk9UUkUlMjBORVdTTEVUVEVSJTNDJTJGaDElM0UlMEElMjAlMjAlMjAlMjAlMjAlMjAlMjAlMjAlM0NwJTIwc3R5bGUlM0QlMjJmb250LWZhbWlseSUzQSUyN01vbnRzZXJyYXQlMjclMkNBcmlhbCUyQ0hlbHZldGljYSUyQ3NhbnMtc2VyaWYlM0IlMjB0ZXh0LWFsaWduJTNBY2VudGVyJTNCJTIwY29sb3IlM0FibGFjayUzQiUyMiUzRUlsJTIwY29ubmElQzMlQUV0JTIwbm9zJTIwbm91dmVhdXQlQzMlQTlzJTIwYXZhbnQlMjB0b3V0JTJDJTIwaWwlMjBhcHByZW5kJTIwZGUlMjBub3V2ZWF1eCUyMCVDMyVBOXYlQzMlQTluZW1lbnRzJTIwZXQlMjBkZSUyMHRyJUMzJUE4cyUyMG0lQzMlQTlzJTNDJTJGcCUzRSUwQSUyMCUyMCUyMCUyMCUyMCUyMCUzQyUyRmRpdiUzRSUwQSUyMCUyMCUyMCUyMCUzQyUyRmRpdiUzRQ==[\/vc_raw_html][\/vc_column][\/vc_row][vc_row bg_color=\u00a0\u00bb#f4f4f4&Prime; bottom_padding=\u00a0\u00bb15&Prime;][vc_column width=\u00a0\u00bb1\/1&Prime;][vc_raw_html el_class=\u00a0\u00bbpopmake-17165&Prime;]JTNDZGl2JTNFJTBBJTIwJTIwJTIwJTIwJTIwJTIwJTIwJTIwJTNDZGl2JTIwc3R5bGUlM0QlMjJtYXJnaW4tdG9wJTNBMjBweCUzQiUyMHRleHQtYWxpZ24lM0FjZW50ZXIlM0IlMjIlM0UlMEElMjAlMjAlMjAlMjAlMjAlMjAlMjAlMjAlMjAlMjAlM0NidXR0b24lMjBzdHlsZSUzRCUyMndpZHRoJTNBNTAlMjUlM0IlMjBwYWRkaW5nJTNBMTVweCUyMDIwcHglM0IlMjBib3JkZXItcmFkaXVzJTNBMjVweCUzQiUyMGJhY2tncm91bmQtY29sb3IlM0FibGFjayUzQiUyMGNvbG9yJTNBJTIzZjRmNGY0JTNCJTIwZm9udC13ZWlnaHQlM0Fib2xkJTNCJTIwYm9yZGVyJTNBMXB4JTIwc29saWQlMjBibGFjayUzQiUyMiUyMHR5cGUlM0QlMjJidXR0b24lMjIlM0VBQk9OTkVaLVZPVVMlM0MlMkZidXR0b24lM0UlMEElMjAlMjAlMjAlMjAlMjAlMjAlMjAlMjAlM0MlMkZkaXYlM0UlMEElMjAlMjAlMjAlMjAlMjAlMjAlM0MlMkZkaXYlM0U=[\/vc_raw_html][\/vc_column][\/vc_row]<\/p>\n","protected":false},"author":1,"featured_media":0,"parent":0,"menu_order":0,"comment_status":"open","ping_status":"closed","template":"","meta":{"footnotes":""},"class_list":["post-33447","page","type-page","status-publish","hentry"],"_links":{"self":[{"href":"https:\/\/marinabadalona.cat\/fr\/wp-json\/wp\/v2\/pages\/33447","targetHints":{"allow":["GET"]}}],"collection":[{"href":"https:\/\/marinabadalona.cat\/fr\/wp-json\/wp\/v2\/pages"}],"about":[{"href":"https:\/\/marinabadalona.cat\/fr\/wp-json\/wp\/v2\/types\/page"}],"author":[{"embeddable":true,"href":"https:\/\/marinabadalona.cat\/fr\/wp-json\/wp\/v2\/users\/1"}],"replies":[{"embeddable":true,"href":"https:\/\/marinabadalona.cat\/fr\/wp-json\/wp\/v2\/comments?post=33447"}],"version-history":[{"count":4,"href":"https:\/\/marinabadalona.cat\/fr\/wp-json\/wp\/v2\/pages\/33447\/revisions"}],"predecessor-version":[{"id":37690,"href":"https:\/\/marinabadalona.cat\/fr\/wp-json\/wp\/v2\/pages\/33447\/revisions\/37690"}],"wp:attachment":[{"href":"https:\/\/marinabadalona.cat\/fr\/wp-json\/wp\/v2\/media?parent=33447"}],"curies":[{"name":"wp","href":"https:\/\/api.w.org\/{rel}","templated":true}]}}